{"id":5854,"date":"2025-12-11T14:30:30","date_gmt":"2025-12-11T12:30:30","guid":{"rendered":"https:\/\/dlx-media.com\/table-extractor-pro\/"},"modified":"2025-12-17T12:52:09","modified_gmt":"2025-12-17T10:52:09","slug":"table-extractor-pro","status":"publish","type":"page","link":"https:\/\/dlx-media.com\/pl\/table-extractor-pro\/","title":{"rendered":"Table Extractor Pro"},"content":{"rendered":"\n<h2 class=\"wp-block-heading\">Table Extractor Pro &#8211; rozszerzenie do przegl\u0105darki Chrome<\/h2>\n\n<p class=\"wp-block-paragraph\">Inteligentne rozszerzenie Chrome do wyodr\u0119bniania tabel w Internecie &#8211; bezp\u0142atne i bezpieczne.<\/p>\n\n<p class=\"wp-block-paragraph\">Wyodr\u0119bnij tabele z dowolnej strony internetowej jednym klikni\u0119ciem &#8211; szybko, precyzyjnie i w dowolnym formacie.<\/p>\n\n<p class=\"wp-block-paragraph\">Czy codziennie pracujesz z danymi z Internetu? Czy sp\u0119dzasz zbyt du\u017co czasu na r\u0119cznym kopiowaniu tabel ze stron internetowych? <strong>Table Extractor Pro<\/strong> to darmowe rozszerzenie do Chrome, kt\u00f3re zdejmie z ciebie t\u0119 \u017cmudn\u0105 prac\u0119 i pozwoli ci odzyska\u0107 cenny czas. <\/p>\n<div class=\"wp-block-image\">\n<figure data-spectra-id=\"spectra-d8720a81-ddd6-49db-a033-960a60c43603\" class=\"aligncenter size-medium\"><img loading=\"lazy\" decoding=\"async\" width=\"350\" height=\"274\" src=\"https:\/\/dlx-media.com\/wp-content\/uploads\/TEP-Table-Extractor-Pro-for-Chrome-350x274.png\" alt=\"\" class=\"wp-image-5841\" srcset=\"https:\/\/dlx-media.com\/wp-content\/uploads\/TEP-Table-Extractor-Pro-for-Chrome-350x274.png 350w, https:\/\/dlx-media.com\/wp-content\/uploads\/TEP-Table-Extractor-Pro-for-Chrome-1024x800.png 1024w, https:\/\/dlx-media.com\/wp-content\/uploads\/TEP-Table-Extractor-Pro-for-Chrome-768x600.png 768w, https:\/\/dlx-media.com\/wp-content\/uploads\/TEP-Table-Extractor-Pro-for-Chrome.png 1080w\" sizes=\"auto, (max-width: 350px) 100vw, 350px\" \/><\/figure>\n<\/div>\n<h2 class=\"wp-block-heading\">Ekstrakcja danych nigdy nie by\u0142a tak \u0142atwa<\/h2>\n\n<p class=\"wp-block-paragraph\">Table Extractor Pro umo\u017cliwia przekszta\u0142cenie z\u0142o\u017conych tabel HTML w u\u017cyteczne pliki w zaledwie kilka sekund. Rozszerzenie automatycznie rozpoznaje wszystkie tabele na stronie internetowej i oferuje szeroki zakres opcji eksportu &#8211; od schowka, CSV i TSV po prawdziwe pliki Excel (.xlsx) i ustrukturyzowany JSON. <\/p>\n<div class=\"wp-block-image\">\n<figure data-spectra-id=\"spectra-52c9c2a9-dd74-4f10-87f9-493a62f3e068\" class=\"aligncenter size-large\"><img loading=\"lazy\" decoding=\"async\" width=\"1024\" height=\"640\" src=\"https:\/\/dlx-media.com\/wp-content\/uploads\/Chrome_Extension_Table_Extractor_Pro-1024x640.jpg\" alt=\"\" class=\"wp-image-5836\" srcset=\"https:\/\/dlx-media.com\/wp-content\/uploads\/Chrome_Extension_Table_Extractor_Pro-1024x640.jpg 1024w, https:\/\/dlx-media.com\/wp-content\/uploads\/Chrome_Extension_Table_Extractor_Pro-350x219.jpg 350w, https:\/\/dlx-media.com\/wp-content\/uploads\/Chrome_Extension_Table_Extractor_Pro-768x480.jpg 768w, https:\/\/dlx-media.com\/wp-content\/uploads\/Chrome_Extension_Table_Extractor_Pro.jpg 1280w\" sizes=\"auto, (max-width: 1024px) 100vw, 1024px\" \/><\/figure>\n<\/div>\n<h2 class=\"wp-block-heading\">Funkcje, kt\u00f3re inspiruj\u0105<\/h2>\n\n<h3 class=\"wp-block-heading\">Inteligentne rozpoznawanie sto\u0142u<\/h3>\n\n<p class=\"wp-block-paragraph\">Wystarczy otworzy\u0107 wtyczk\u0119, a Table Extractor Pro przeskanuje bie\u017c\u0105c\u0105 stron\u0119 internetow\u0105 w poszukiwaniu wszystkich dost\u0119pnych tabel. Ka\u017cda rozpoznana tabela jest wy\u015bwietlana wraz z liczb\u0105 wierszy i kolumn, a u\u017cytkownik mo\u017ce natychmiast zobaczy\u0107, jakich danych mo\u017ce si\u0119 spodziewa\u0107. Po najechaniu kursorem na tabel\u0119, jest ona pod\u015bwietlana na pomara\u0144czowo bezpo\u015brednio na stronie internetowej &#8211; dzi\u0119ki czemu wiesz dok\u0142adnie, co wyodr\u0119bniasz.  <\/p>\n\n<h3 class=\"wp-block-heading\">Maksymalna elastyczno\u015b\u0107 eksportu<\/h3>\n\n<p class=\"wp-block-paragraph\">Niezale\u017cnie od tego, czy chcesz szybko wstawi\u0107 dane do Excela, przygotowa\u0107 je do bazy danych czy przetworzy\u0107 w skrypcie &#8211; Table Extractor Pro oferuje pi\u0119\u0107 r\u00f3\u017cnych format\u00f3w eksportu:<\/p>\n\n<ul class=\"wp-block-list\">\n<li><strong>Schowek (TSV)<\/strong>: Jedno klikni\u0119cie i tabela jest kopiowana &#8211; idealne rozwi\u0105zanie do szybkiego wklejania do Excela lub Arkuszy Google.<\/li>\n\n\n\n<li><strong>Pobieranie TSV<\/strong>: Warto\u015bci rozdzielane tabulatorami z uniwersaln\u0105 kompatybilno\u015bci\u0105<\/li>\n\n\n\n<li><strong>Eksport CSV<\/strong>: standardowy format zapewniaj\u0105cy maksymaln\u0105 elastyczno\u015b\u0107<\/li>\n\n\n\n<li><strong>Excel (.xlsx)<\/strong>: Prawdziwe pliki Excel, kt\u00f3re mo\u017cna otworzy\u0107 bezpo\u015brednio w programie Microsoft Excel.<\/li>\n\n\n\n<li><strong>JSON<\/strong>: ustrukturyzowane dane dla deweloper\u00f3w i automatycznego przetwarzania<\/li>\n<\/ul>\n\n<h3 class=\"wp-block-heading\">B\u0142yskawiczna i oszcz\u0119dzaj\u0105ca zasoby<\/h3>\n\n<p class=\"wp-block-paragraph\">Table Extractor Pro jest zoptymalizowany pod k\u0105tem wydajno\u015bci: Rozszerzenie otwiera si\u0119 bez op\u00f3\u017anie\u0144, dzia\u0142a ca\u0142kowicie offline i nie wp\u0142ywa na szybko\u015b\u0107 dzia\u0142ania stron internetowych. Wszystkie dane pozostaj\u0105 lokalnie na komputerze &#8211; \u017cadne informacje nie s\u0105 przesy\u0142ane na zewn\u0119trzne serwery. <\/p>\n\n<h2 class=\"wp-block-heading\">Idealny do ka\u017cdego zastosowania<\/h2>\n\n<h4 class=\"wp-block-heading\">Analitycy danych i Business Intelligence<\/h4>\n\n<p class=\"wp-block-paragraph\">Szybko wyodr\u0119bniaj dane rynkowe, statystyki i kluczowe liczby z r\u00f3\u017cnych \u017ar\u00f3de\u0142. Eksportuj bezpo\u015brednio do programu Excel w celu przeprowadzenia analiz lub jako JSON dla potok\u00f3w przetwarzania danych. <\/p>\n\n<h4 class=\"wp-block-heading\">Naukowcy i pracownicy akademiccy<\/h4>\n\n<p class=\"wp-block-paragraph\">Zbieraj wyniki bada\u0144, tabele por\u00f3wnawcze i dane statystyczne z publikacji naukowych. Idealny do bada\u0144 literaturowych, metaanaliz i dokumentacji. <\/p>\n\n<h4 class=\"wp-block-heading\">Programi\u015bci i specjali\u015bci IT<\/h4>\n\n<p class=\"wp-block-paragraph\">Wyodr\u0119bnij dokumentacj\u0119 API, dane testowe i specyfikacje techniczne. Eksport JSON umo\u017cliwia p\u0142ynn\u0105 integracj\u0119 z przep\u0142ywami pracy i skryptami. <\/p>\n\n<h4 class=\"wp-block-heading\">Mened\u017cerowie i redaktorzy tre\u015bci<\/h4>\n\n<p class=\"wp-block-paragraph\">Zbieraj dane z r\u00f3\u017cnych \u017ar\u00f3de\u0142 na potrzeby raport\u00f3w, prezentacji i artyku\u0142\u00f3w. Oszcz\u0119dno\u015b\u0107 czasu podczas \u0142\u0105czenia informacji z wielu stron internetowych. <\/p>\n\n<h2 class=\"wp-block-heading\">Mi\u0119dzynarodowy i bez barier<\/h2>\n\n<p class=\"wp-block-paragraph\">Table Extractor Pro m\u00f3wi w Twoim j\u0119zyku! Rozszerzenie jest w pe\u0142ni zlokalizowane w j\u0119zyku <strong>niemieckim, angielskim, polskim, francuskim, hiszpa\u0144skim, w\u0142oskim i holenderskim<\/strong> i automatycznie dostosowuje si\u0119 do ustawie\u0144 przegl\u0105darki. <\/p>\n\n<h2 class=\"wp-block-heading\">Bezpiecze\u0144stwo i ochrona danych<\/h2>\n\n<p class=\"wp-block-paragraph\">Twoja prywatno\u015b\u0107 jest dla nas wa\u017cna. Table Extractor Pro dzia\u0142a ca\u0142kowicie lokalnie w przegl\u0105darce. \u017badne dane nie s\u0105 wysy\u0142ane na zewn\u0119trzne serwery, a rozszerzenie wymaga minimalnych uprawnie\u0144. Wszystkie wyodr\u0119bnione dane pozostaj\u0105 na komputerze u\u017cytkownika.   <\/p>\n\n<h2 class=\"wp-block-heading\">\ud83d\udcc8 Ze zintegrowanym \u015bledzeniem<\/h2>\n\n<p class=\"wp-block-paragraph\">\u015aled\u017a swoj\u0105 produktywno\u015b\u0107: Table Extractor Pro zlicza liczb\u0119 ju\u017c wyodr\u0119bnionych tabel i zapisuje te statystyki na sta\u0142e &#8211; nawet po ponownym uruchomieniu przegl\u0105darki.<\/p>\n\n<h2 class=\"wp-block-heading\">Prosta obs\u0142uga w 3 krokach<\/h2>\n\n<ol class=\"wp-block-list\">\n<li>Przej\u015bcie do strony internetowej z tabelami<\/li>\n\n\n\n<li>Kliknij ikon\u0119 Table Extractor Pro na pasku przegl\u0105darki<\/li>\n\n\n\n<li>Wybierz tabel\u0119 i \u017c\u0105dany format eksportu &#8211; gotowe!<\/li>\n<\/ol>\n\n<h2 class=\"wp-block-heading\">Dlaczego Table Extractor Pro?<\/h2>\n\n<p class=\"wp-block-paragraph\">\u2705 O <strong>szcz\u0119dno\u015b\u0107 czasu<\/strong> <strong>:<\/strong> Koniec z \u017cmudnym r\u0119cznym wprowadzaniem danych<br\/>\u2705 <strong>Bezb\u0142\u0119dno\u015b\u0107:<\/strong> Automatyczne wyodr\u0119bnianie bez b\u0142\u0119d\u00f3w transmisji<br\/>\u2705 <strong>Wszechstronno\u015b\u0107:<\/strong> Pi\u0119\u0107 format\u00f3w eksportu dla ka\u017cdej potrzeby<br\/>\u2705 <strong>Przyjazny dla u\u017cytkownika:<\/strong> Intuicyjna obs\u0142uga bez szkolenia<br\/>\u2705 <strong>Profesjonalny:<\/strong> Opracowany do produktywnego wykorzystania w codziennej pracy<br\/>\u2705 <strong>Op\u0142acalno\u015b\u0107:<\/strong> Zainwestuj w produktywno\u015b\u0107, a nie prac\u0119 r\u0119czn\u0105<\/p>\n\n<h2 class=\"wp-block-heading\">Opracowany z wykorzystaniem wiedzy specjalistycznej<\/h2>\n\n<p class=\"wp-block-paragraph\">Table Extractor Pro zosta\u0142 opracowany przez <strong>Simona Pokornego (DLx-Media.com)<\/strong> z naciskiem na wydajno\u015b\u0107, \u0142atwo\u015b\u0107 obs\u0142ugi i ochron\u0119 danych. Rozszerzenie jest oparte na najnowszych standardach rozszerze\u0144 Chrome (Manifest V3) i jest kompatybilne z Chrome od wersji 88. <\/p>\n\n<h2 class=\"wp-block-heading\">Gotowy na zwi\u0119kszenie produktywno\u015bci?<\/h2>\n\n<p class=\"wp-block-paragraph\">Zainstaluj Table Extractor Pro ju\u017c teraz i przekonaj si\u0119, jak \u0142atwe mo\u017ce by\u0107 wyodr\u0119bnianie danych. Niezale\u017cnie od tego, czy jeste\u015b analitykiem, badaczem, programist\u0105 czy mened\u017cerem tre\u015bci &#8211; to rozszerzenie zrewolucjonizuje Twoj\u0105 codzienn\u0105 prac\u0119. <\/p>\n\n<p class=\"wp-block-paragraph\"><strong>Table Extractor Pro &#8211; rozwi\u0105zanie do wydajnego wyodr\u0119bniania tabel w sieci.<\/strong><\/p>\n\n<h3 class=\"wp-block-heading\">Specyfikacja techniczna<\/h3>\n\n<ul class=\"wp-block-list\">\n<li>Brak zewn\u0119trznej transmisji danych<\/li>\n\n\n\n<li>Manifest w wersji 3 (najnowsze standardy rozszerze\u0144 Chrome)<\/li>\n\n\n\n<li>Zgodno\u015b\u0107 z Chrome od wersji 88<\/li>\n\n\n\n<li>Kompaktowy rozmiar pliku dla szybkiego \u0142adowania<\/li>\n\n\n\n<li>Minimalne uprawnienia (tylko aktywne karty, skrypty, pami\u0119\u0107 lokalna)<\/li>\n\n\n\n<li>Mo\u017cliwo\u015b\u0107 pracy w trybie offline<\/li>\n<\/ul>\n\n<div class=\"wp-block-uagb-marketing-button uagb-marketing-btn__align-center uagb-marketing-btn__align-text-center uagb-marketing-btn__icon-after uagb-block-84c7995f wp-block-button\"><a href=\"https:\/\/chromewebstore.google.com\/detail\/phcnbbnejaellcpnflnflenpkgnohjbp\" class=\"uagb-marketing-btn__link wp-block-button__link\" target=\"_blank\" rel=\"noopener noreferrer\"><span class=\"uagb-marketing-btn__title\">INSTALACJA BEZP\u0141ATNA<\/span><svg xmlns=\"https:\/\/www.w3.org\/2000\/svg\" viewbox=\"0 0 512 512\"><path d=\"M384 320c-17.67 0-32 14.33-32 32v96H64V160h96c17.67 0 32-14.32 32-32s-14.33-32-32-32L64 96c-35.35 0-64 28.65-64 64V448c0 35.34 28.65 64 64 64h288c35.35 0 64-28.66 64-64v-96C416 334.3 401.7 320 384 320zM488 0H352c-12.94 0-24.62 7.797-29.56 19.75c-4.969 11.97-2.219 25.72 6.938 34.88L370.8 96L169.4 297.4c-12.5 12.5-12.5 32.75 0 45.25C175.6 348.9 183.8 352 192 352s16.38-3.125 22.62-9.375L416 141.3l41.38 41.38c9.156 9.141 22.88 11.84 34.88 6.938C504.2 184.6 512 172.9 512 160V24C512 10.74 501.3 0 488 0z\"><\/path><\/svg><p class=\"uagb-marketing-btn__prefix\">Bezpo\u015brednio w oficjalnym sklepie internetowym Chrome od Google<\/p><\/a><\/div>\n\n<p class=\"wp-block-paragraph\"><\/p>\n","protected":false},"excerpt":{"rendered":"<p>Table Extractor Pro &#8211; rozszerzenie do przegl\u0105darki Chrome Inteligentne rozszerzenie Chrome do wyodr\u0119bniania tabel w Internecie &#8211; bezp\u0142atne i bezpieczne. Wyodr\u0119bnij tabele z dowolnej strony internetowej jednym klikni\u0119ciem &#8211; szybko, precyzyjnie i w dowolnym formacie. Czy codziennie pracujesz z danymi<\/p>\n","protected":false},"author":2332,"featured_media":5853,"parent":0,"menu_order":0,"comment_status":"closed","ping_status":"closed","template":"","meta":{"_seopress_robots_primary_cat":"","_seopress_titles_title":"Table Extractor Pro: darmowe rozszerzenie do Chrome","_seopress_titles_desc":"Zaoszcz\u0119d\u017a czas dzi\u0119ki bezp\u0142atnemu rozszerzeniu Chrome Table Extractor Pro i wyodr\u0119bnij tabele z dowolnej strony internetowej w kilka sekund.","_seopress_robots_index":"","_crdt_document":"","_uag_custom_page_level_css":"","spectra_gs_classes":"","footnotes":""},"class_list":["post-5854","page","type-page","status-publish","has-post-thumbnail","hentry"],"spectra_custom_meta":{"_uagb_previous_block_counts":["a:90:{s:21:\"uagb\/advanced-heading\";i:0;s:15:\"uagb\/blockquote\";i:0;s:12:\"uagb\/buttons\";i:0;s:18:\"uagb\/buttons-child\";i:0;s:19:\"uagb\/call-to-action\";i:0;s:15:\"uagb\/cf7-styler\";i:0;s:11:\"uagb\/column\";i:0;s:12:\"uagb\/columns\";i:0;s:14:\"uagb\/container\";i:0;s:21:\"uagb\/content-timeline\";i:0;s:27:\"uagb\/content-timeline-child\";i:0;s:14:\"uagb\/countdown\";i:0;s:12:\"uagb\/counter\";i:0;s:8:\"uagb\/faq\";i:0;s:14:\"uagb\/faq-child\";i:0;s:10:\"uagb\/forms\";i:0;s:17:\"uagb\/forms-accept\";i:0;s:19:\"uagb\/forms-checkbox\";i:0;s:15:\"uagb\/forms-date\";i:0;s:16:\"uagb\/forms-email\";i:0;s:17:\"uagb\/forms-hidden\";i:0;s:15:\"uagb\/forms-name\";i:0;s:16:\"uagb\/forms-phone\";i:0;s:16:\"uagb\/forms-radio\";i:0;s:17:\"uagb\/forms-select\";i:0;s:19:\"uagb\/forms-textarea\";i:0;s:17:\"uagb\/forms-toggle\";i:0;s:14:\"uagb\/forms-url\";i:0;s:14:\"uagb\/gf-styler\";i:0;s:15:\"uagb\/google-map\";i:0;s:11:\"uagb\/how-to\";i:0;s:16:\"uagb\/how-to-step\";i:0;s:9:\"uagb\/icon\";i:0;s:14:\"uagb\/icon-list\";i:0;s:20:\"uagb\/icon-list-child\";i:0;s:10:\"uagb\/image\";i:0;s:18:\"uagb\/image-gallery\";i:0;s:13:\"uagb\/info-box\";i:0;s:18:\"uagb\/inline-notice\";i:0;s:11:\"uagb\/lottie\";i:0;s:21:\"uagb\/marketing-button\";i:1;s:10:\"uagb\/modal\";i:0;s:18:\"uagb\/popup-builder\";i:0;s:16:\"uagb\/post-button\";i:0;s:18:\"uagb\/post-carousel\";i:0;s:17:\"uagb\/post-excerpt\";i:0;s:14:\"uagb\/post-grid\";i:0;s:15:\"uagb\/post-image\";i:0;s:17:\"uagb\/post-masonry\";i:0;s:14:\"uagb\/post-meta\";i:0;s:18:\"uagb\/post-taxonomy\";i:0;s:18:\"uagb\/post-timeline\";i:0;s:15:\"uagb\/post-title\";i:0;s:20:\"uagb\/restaurant-menu\";i:0;s:26:\"uagb\/restaurant-menu-child\";i:0;s:11:\"uagb\/review\";i:0;s:12:\"uagb\/section\";i:0;s:14:\"uagb\/separator\";i:0;s:11:\"uagb\/slider\";i:0;s:17:\"uagb\/slider-child\";i:0;s:17:\"uagb\/social-share\";i:0;s:23:\"uagb\/social-share-child\";i:0;s:16:\"uagb\/star-rating\";i:0;s:23:\"uagb\/sure-cart-checkout\";i:0;s:22:\"uagb\/sure-cart-product\";i:0;s:15:\"uagb\/sure-forms\";i:0;s:22:\"uagb\/table-of-contents\";i:0;s:9:\"uagb\/tabs\";i:0;s:15:\"uagb\/tabs-child\";i:0;s:18:\"uagb\/taxonomy-list\";i:0;s:9:\"uagb\/team\";i:0;s:16:\"uagb\/testimonial\";i:0;s:14:\"uagb\/wp-search\";i:0;s:19:\"uagb\/instagram-feed\";i:0;s:10:\"uagb\/login\";i:0;s:17:\"uagb\/loop-builder\";i:0;s:18:\"uagb\/loop-category\";i:0;s:20:\"uagb\/loop-pagination\";i:0;s:15:\"uagb\/loop-reset\";i:0;s:16:\"uagb\/loop-search\";i:0;s:14:\"uagb\/loop-sort\";i:0;s:17:\"uagb\/loop-wrapper\";i:0;s:13:\"uagb\/register\";i:0;s:19:\"uagb\/register-email\";i:0;s:24:\"uagb\/register-first-name\";i:0;s:23:\"uagb\/register-last-name\";i:0;s:22:\"uagb\/register-password\";i:0;s:30:\"uagb\/register-reenter-password\";i:0;s:19:\"uagb\/register-terms\";i:0;s:22:\"uagb\/register-username\";i:0;}"],"_top_nav_excluded":[""],"_cms_nav_minihome":[""],"_seopress_titles_title":["Table Extractor Pro: darmowe rozszerzenie do Chrome"],"_seopress_titles_desc":["Zaoszcz\u0119d\u017a czas dzi\u0119ki bezp\u0142atnemu rozszerzeniu Chrome Table Extractor Pro i wyodr\u0119bnij tabele z dowolnej strony internetowej w kilka sekund."],"_seopress_redirections_logged_status":["oba"],"_seopress_redirections_type":["301"],"_thumbnail_id":["5853"],"_last_translation_edit_mode":["translation-editor"],"_wpml_word_count":["1023"],"_uag_page_assets":["a:9:{s:3:\"css\";s:7260:\".wp-block-uagb-marketing-button{display:-webkit-box;display:-ms-flexbox;display:flex}.wp-block-uagb-marketing-button p:empty{display:none}.wp-block-uagb-marketing-button .uagb-marketing-btn__title,.wp-block-uagb-marketing-button p.uagb-marketing-btn__prefix{margin-bottom:0}.wp-block-uagb-marketing-button .uagb-marketing-btn__link{z-index:1;display:inline-block;position:relative;-webkit-transition:all 0.2s;-o-transition:all 0.2s;transition:all 0.2s}.wp-block-uagb-marketing-button .uagb-marketing-btn__link.wp-block-button__link{width:auto}.wp-block-uagb-marketing-button svg{fill:currentColor;width:20px;height:20px;z-index:1;vertical-align:middle}.wp-block-uagb-marketing-button .uagb-marketing-btn__title,.wp-block-uagb-marketing-button svg{display:inline;vertical-align:middle}.wp-block-uagb-marketing-button.uagb-marketing-btn__align-center,.wp-block-uagb-marketing-button.uagb-marketing-btn__align-text-center .uagb-marketing-btn__title-wrap,.wp-block-uagb-marketing-button.uagb-marketing-btn__align-text-center .uagb-marketing-btn__link{-webkit-box-pack:center;-ms-flex-pack:center;justify-content:center;text-align:center}.wp-block-uagb-marketing-button.uagb-marketing-btn__align-left,.wp-block-uagb-marketing-button.uagb-marketing-btn__align-text-left .uagb-marketing-btn__title-wrap,.wp-block-uagb-marketing-button.uagb-marketing-btn__align-text-left .uagb-marketing-btn__link{-webkit-box-pack:start;-ms-flex-pack:start;justify-content:flex-start;text-align:left}.wp-block-uagb-marketing-button.uagb-marketing-btn__align-right,.wp-block-uagb-marketing-button.uagb-marketing-btn__align-text-right .uagb-marketing-btn__title-wrap,.wp-block-uagb-marketing-button.uagb-marketing-btn__align-text-right .uagb-marketing-btn__link{-webkit-box-pack:end;-ms-flex-pack:end;justify-content:flex-end;text-align:right}.wp-block-uagb-marketing-button.uagb-marketing-btn__align-full .uagb-marketing-btn__link{width:100%}.wp-block-uagb-marketing-button.uagb-marketing-btn__align-text-center .uagb-marketing-btn__prefix{text-align:center}.wp-block-uagb-marketing-button.uagb-marketing-btn__align-text-left .uagb-marketing-btn__prefix{text-align:left}.wp-block-uagb-marketing-button.uagb-marketing-btn__align-text-right .uagb-marketing-btn__prefix{text-align:right}.wp-block-uagb-marketing-button.uagb-marketing-btn__icon-after svg{order:2}.wp-block-uagb-marketing-button.uagb-marketing-btn__align-full .uagb-marketing-btn__wrap{width:100%}.wp-block-uagb-marketing-button.uagb-marketing-btn__align-center .uagb-marketing-btn__wrap,.wp-block-uagb-marketing-button.uagb-marketing-btn__align-text-center .uagb-marketing-btn__title-wrap{-webkit-box-pack:center;-ms-flex-pack:center;justify-content:center}.wp-block-uagb-marketing-button .uagb-marketing-btn__title-wrap{display:-webkit-box;display:-ms-flexbox;display:flex;-webkit-box-align:self-end;-ms-flex-align:self-end;align-items:self-end}.wp-block-uagb-marketing-button.uagb-marketing-btn__icon-after .uagb-marketing-btn__icon-wrap{order:2}.entry-content .wp-block-uagb-marketing-button .uagb-marketing-btn__link{text-decoration:none;display:inline-block}\n.uagb-block-84c7995f .uagb-marketing-btn__prefix{font-size: 14px;line-height: 2em;margin-top: 0px;}.uagb-block-84c7995f.uagb-marketing-btn__icon-after .uagb-marketing-btn__link svg{margin-left: 11px;}.uagb-block-84c7995f.uagb-marketing-btn__icon-before .uagb-marketing-btn__link svg{margin-right: 11px;}.uagb-block-84c7995f.uagb-marketing-btn__icon-after .uagb-marketing-btn__icon-wrap svg{margin-left: 11px;}.uagb-block-84c7995f.uagb-marketing-btn__icon-before .uagb-marketing-btn__icon-wrap svg{margin-right: 11px;}.uagb-block-84c7995f .uagb-marketing-btn__title-wrap{align-items: center;}.uagb-block-84c7995f .uagb-marketing-btn__title-wrap .uagb-marketing-btn__icon-wrap svg{vertical-align: sub;}.uagb-block-84c7995f svg{width: 20px;height: 20px;}.uagb-block-84c7995f .uagb-marketing-btn__link svg{fill: #fff;}.uagb-block-84c7995f .uagb-marketing-btn__link{background-color: transparent;background-image: linear-gradient(0deg, rgb(6,85,138) 0%, rgb(0,99,161) 100%);}.uagb-block-84c7995f.wp-block-uagb-marketing-button.wp-block-button:not(.is-style-outline) a.wp-block-button__link:not(.has-background){background-color: transparent;background-image: linear-gradient(0deg, rgb(6,85,138) 0%, rgb(0,99,161) 100%);}.uagb-block-84c7995f p.uagb-marketing-btn__prefix{color: #fff;}.uagb-block-84c7995f .uagb-marketing-btn__link.wp-block-button__link{padding-left: 35px;padding-right: 35px;padding-top: 10px;padding-bottom: 10px;border-top-width: 1px;border-left-width: 1px;border-right-width: 1px;border-bottom-width: 1px;border-top-left-radius: 100px;border-top-right-radius: 100px;border-bottom-left-radius: 100px;border-bottom-right-radius: 100px;border-color: #333;border-style: none;}.uagb-block-84c7995f .uagb-marketing-btn__wrap .uagb-marketing-btn__link{padding-left: 35px;padding-right: 35px;padding-top: 10px;padding-bottom: 10px;border-top-width: 1px;border-left-width: 1px;border-right-width: 1px;border-bottom-width: 1px;border-top-left-radius: 100px;border-top-right-radius: 100px;border-bottom-left-radius: 100px;border-bottom-right-radius: 100px;border-color: #333;border-style: none;}.uagb-block-84c7995f .uagb-marketing-btn__link .uagb-marketing-btn__title{color: #fff;}.uagb-block-84c7995f .uagb-marketing-btn__title{font-size: 20px;}@media only screen and (max-width: 976px) {.uagb-block-84c7995f .uagb-marketing-btn__prefix{font-size: 14px;}.uagb-block-84c7995f .uagb-marketing-btn__link{background-image: linear-gradient(deg, rgb(6,85,138) 0%, rgb(0,99,161) 100%);}.uagb-block-84c7995f.wp-block-uagb-marketing-button.wp-block-button:not(.is-style-outline) a.wp-block-button__link:not(.has-background){background-image: linear-gradient(deg, rgb(6,85,138) 0%, rgb(0,99,161) 100%);}.uagb-block-84c7995f .uagb-marketing-btn__link.wp-block-button__link{border-style: none;border-color: #333;}.uagb-block-84c7995f .uagb-marketing-btn__wrap .uagb-marketing-btn__link{padding-left: 20px;padding-right: 20px;padding-top: 8px;padding-bottom: 8px;border-style: none;border-color: #333;}.uagb-block-84c7995f .uagb-marketing-btn__title{font-size: 20px;}}@media only screen and (max-width: 767px) {.uagb-block-84c7995f .uagb-marketing-btn__prefix{font-size: 14px;}.uagb-block-84c7995f .uagb-marketing-btn__link{background-image: linear-gradient(deg, rgb(6,85,138) 0%, rgb(0,99,161) 100%);}.uagb-block-84c7995f.wp-block-uagb-marketing-button.wp-block-button:not(.is-style-outline) a.wp-block-button__link:not(.has-background){background-image: linear-gradient(deg, rgb(6,85,138) 0%, rgb(0,99,161) 100%);}.uagb-block-84c7995f.wp-block-uagb-marketing-button.wp-block-button .uagb-marketing-btn__link{border-style: none;border-color: #333;}.uagb-block-84c7995f .uagb-marketing-btn__wrap .uagb-marketing-btn__link{padding-left: 20px;padding-right: 20px;padding-top: 8px;padding-bottom: 8px;border-style: none;border-color: #333;}.uagb-block-84c7995f .uagb-marketing-btn__title{font-size: 20px;}}.uag-blocks-common-selector{z-index:var(--z-index-desktop) !important}@media (max-width: 976px){.uag-blocks-common-selector{z-index:var(--z-index-tablet) !important}}@media (max-width: 767px){.uag-blocks-common-selector{z-index:var(--z-index-mobile) !important}}\n\";s:2:\"js\";s:0:\"\";s:18:\"current_block_list\";a:6:{i:0;s:12:\"core\/heading\";i:1;s:14:\"core\/paragraph\";i:2;s:10:\"core\/image\";i:3;s:9:\"core\/list\";i:4;s:14:\"core\/list-item\";i:5;s:21:\"uagb\/marketing-button\";}s:8:\"uag_flag\";b:1;s:11:\"uag_version\";s:10:\"1776768691\";s:6:\"gfonts\";a:0:{}s:10:\"gfonts_url\";s:0:\"\";s:12:\"gfonts_files\";a:0:{}s:14:\"uag_faq_layout\";b:0;}"],"_uag_css_file_name":["uag-css-5854.css"]},"uagb_featured_image_src":{"full":["https:\/\/dlx-media.com\/wp-content\/uploads\/Chrome_Extension_Table_Extractor_Pro.jpg",1280,800,false],"thumbnail":["https:\/\/dlx-media.com\/wp-content\/uploads\/Chrome_Extension_Table_Extractor_Pro-250x250.jpg",250,250,true],"medium":["https:\/\/dlx-media.com\/wp-content\/uploads\/Chrome_Extension_Table_Extractor_Pro-350x219.jpg",350,219,true],"medium_large":["https:\/\/dlx-media.com\/wp-content\/uploads\/Chrome_Extension_Table_Extractor_Pro-768x480.jpg",768,480,true],"large":["https:\/\/dlx-media.com\/wp-content\/uploads\/Chrome_Extension_Table_Extractor_Pro-1024x640.jpg",1024,640,true],"1536x1536":["https:\/\/dlx-media.com\/wp-content\/uploads\/Chrome_Extension_Table_Extractor_Pro.jpg",1280,800,false],"2048x2048":["https:\/\/dlx-media.com\/wp-content\/uploads\/Chrome_Extension_Table_Extractor_Pro.jpg",1280,800,false],"suffice-thumbnail-grid":["https:\/\/dlx-media.com\/wp-content\/uploads\/Chrome_Extension_Table_Extractor_Pro-750x420.jpg",750,420,true],"suffice-thumbnail-featured-one":["https:\/\/dlx-media.com\/wp-content\/uploads\/Chrome_Extension_Table_Extractor_Pro-295x525.jpg",295,525,true],"suffice-thumbnail-featured-two":["https:\/\/dlx-media.com\/wp-content\/uploads\/Chrome_Extension_Table_Extractor_Pro-1140x504.jpg",1140,504,true],"suffice-thumbnail-portfolio":["https:\/\/dlx-media.com\/wp-content\/uploads\/Chrome_Extension_Table_Extractor_Pro-572x552.jpg",572,552,true],"suffice-thumbnail-portfolio-masonry":["https:\/\/dlx-media.com\/wp-content\/uploads\/Chrome_Extension_Table_Extractor_Pro-572x652.jpg",572,652,true]},"uagb_author_info":{"display_name":"DLxMedia","author_link":"https:\/\/dlx-media.com\/pl"},"uagb_comment_info":0,"uagb_excerpt":"Table Extractor Pro &#8211; rozszerzenie do przegl\u0105darki Chrome Inteligentne rozszerzenie Chrome do wyodr\u0119bniania tabel w Internecie &#8211; bezp\u0142atne i bezpieczne. Wyodr\u0119bnij tabele z dowolnej strony internetowej jednym klikni\u0119ciem &#8211; szybko, precyzyjnie i w dowolnym formacie. Czy codziennie pracujesz z danymi","_links":{"self":[{"href":"https:\/\/dlx-media.com\/pl\/wp-json\/wp\/v2\/pages\/5854","targetHints":{"allow":["GET"]}}],"collection":[{"href":"https:\/\/dlx-media.com\/pl\/wp-json\/wp\/v2\/pages"}],"about":[{"href":"https:\/\/dlx-media.com\/pl\/wp-json\/wp\/v2\/types\/page"}],"author":[{"embeddable":true,"href":"https:\/\/dlx-media.com\/pl\/wp-json\/wp\/v2\/users\/2332"}],"replies":[{"embeddable":true,"href":"https:\/\/dlx-media.com\/pl\/wp-json\/wp\/v2\/comments?post=5854"}],"version-history":[{"count":1,"href":"https:\/\/dlx-media.com\/pl\/wp-json\/wp\/v2\/pages\/5854\/revisions"}],"predecessor-version":[{"id":5855,"href":"https:\/\/dlx-media.com\/pl\/wp-json\/wp\/v2\/pages\/5854\/revisions\/5855"}],"wp:featuredmedia":[{"embeddable":true,"href":"https:\/\/dlx-media.com\/pl\/wp-json\/wp\/v2\/media\/5853"}],"wp:attachment":[{"href":"https:\/\/dlx-media.com\/pl\/wp-json\/wp\/v2\/media?parent=5854"}],"curies":[{"name":"wp","href":"https:\/\/api.w.org\/{rel}","templated":true}]}}