{"id":5721,"date":"2025-01-24T09:42:04","date_gmt":"2025-01-24T07:42:04","guid":{"rendered":"https:\/\/dlx-media.com\/slowniczek\/budowanie-linkow\/"},"modified":"2025-01-24T09:43:31","modified_gmt":"2025-01-24T07:43:31","slug":"budowanie-linkow","status":"publish","type":"page","link":"https:\/\/dlx-media.com\/pl\/slowniczek\/budowanie-linkow\/","title":{"rendered":"Budowanie link\u00f3w"},"content":{"rendered":"<div class=\"wp-block-image\">\n<figure data-spectra-id=\"spectra-486bab79-a519-4368-a7b7-4767e59026f0\" class=\"aligncenter size-full\"><img loading=\"lazy\" decoding=\"async\" width=\"1792\" height=\"1024\" src=\"https:\/\/dlx-media.com\/file\/Link-Building.jpeg\" alt=\"Budowanie link&#xF3;w\" class=\"wp-image-5715\" srcset=\"https:\/\/dlx-media.com\/wp-content\/uploads\/Link-Building.jpeg 1792w, https:\/\/dlx-media.com\/wp-content\/uploads\/Link-Building-350x200.jpeg 350w, https:\/\/dlx-media.com\/wp-content\/uploads\/Link-Building-1024x585.jpeg 1024w, https:\/\/dlx-media.com\/wp-content\/uploads\/Link-Building-768x439.jpeg 768w, https:\/\/dlx-media.com\/wp-content\/uploads\/Link-Building-1536x878.jpeg 1536w\" sizes=\"auto, (max-width: 1792px) 100vw, 1792px\" \/><\/figure>\n<\/div>\n<h3 class=\"wp-block-heading\"><strong>Budowanie link\u00f3w: podstawa skutecznej optymalizacji pod k\u0105tem wyszukiwarek<\/strong><\/h3>\n\n<p class=\"wp-block-paragraph\">Budowanie link\u00f3w jest jednym z g\u0142\u00f3wnych filar\u00f3w optymalizacji pod k\u0105tem wyszukiwarek (SEO) i przez lata rozwin\u0119\u0142o si\u0119 w z\u0142o\u017con\u0105 i strategiczn\u0105 dyscyplin\u0119. Odnosi si\u0119 do procesu generowania wysokiej jako\u015bci link\u00f3w zwrotnych &#8211; tj. link\u00f3w przychodz\u0105cych z innych stron internetowych &#8211; w celu trwa\u0142ej poprawy widoczno\u015bci, autorytetu i rankingu witryny w wynikach wyszukiwania (SERP). Wyszukiwarki takie jak Google oceniaj\u0105 linki zwrotne jako &#8222;rekomendacje&#8221; z innych stron internetowych, co czyni je decyduj\u0105cym czynnikiem sukcesu witryny.  <\/p>\n\n<hr class=\"wp-block-separator has-alpha-channel-opacity\"\/>\n\n<h3 class=\"wp-block-heading\"><strong>Znaczenie link\u00f3w zwrotnych: Jako\u015b\u0107 ponad ilo\u015b\u0107<\/strong><\/h3>\n\n<p class=\"wp-block-paragraph\">Nie ka\u017cdy link ma tak\u0105 sam\u0105 warto\u015b\u0107. Podczas gdy sama liczba link\u00f3w by\u0142a kiedy\u015b uwa\u017cana za czynnik rankingowy, wyszukiwarki przywi\u0105zuj\u0105 obecnie du\u017c\u0105 wag\u0119 do jako\u015bci i trafno\u015bci link\u00f3w przychodz\u0105cych. Wysokiej jako\u015bci link z renomowanej, tematycznie istotnej strony internetowej ma znacznie wi\u0119kszy wp\u0142yw na ranking ni\u017c kilka link\u00f3w z nieistotnych lub gorszych \u017ar\u00f3de\u0142.  <\/p>\n\n<p class=\"wp-block-paragraph\">Wyszukiwarki oceniaj\u0105 linki na podstawie takich kryteri\u00f3w jak:<\/p>\n\n<ul class=\"wp-block-list\">\n<li><strong>Autorytet domeny<\/strong>: Jak godna zaufania i ugruntowana jest strona, do kt\u00f3rej prowadzi link?<\/li>\n\n\n\n<li><strong>Trafno\u015b\u0107 tematyczna:<\/strong> Czy strona linkuj\u0105ca jest tematycznie istotna dla strony docelowej?<\/li>\n\n\n\n<li><strong>Anchor text:<\/strong> Klikalny tekst linku powinien by\u0107 sformu\u0142owany precyzyjnie i naturalnie, bez nadmiernej optymalizacji.<\/li>\n\n\n\n<li><strong>Umieszczenie:<\/strong> link, kt\u00f3ry jest organicznie osadzony w g\u0142\u00f3wnej tre\u015bci, ma wi\u0119ksz\u0105 wag\u0119 ni\u017c linki w stopce lub na pasku bocznym.<\/li>\n<\/ul>\n\n<hr class=\"wp-block-separator has-alpha-channel-opacity\"\/>\n\n<h3 class=\"wp-block-heading\"><strong>Skuteczne strategie budowania link\u00f3w<\/strong><\/h3>\n\n<p class=\"wp-block-paragraph\">Skuteczne budowanie link\u00f3w wymaga dobrze przemy\u015blanej strategii, kreatywno\u015bci i ci\u0105g\u0142ej pracy. Oto kilka sprawdzonych metod: <\/p>\n\n<h4 class=\"wp-block-heading\"><strong>1. wysokiej jako\u015bci tre\u015bci (&#8222;linkbait&#8221;)<\/strong><\/h4>\n\n<p class=\"wp-block-paragraph\">Tre\u015b\u0107, kt\u00f3ra jest tak warto\u015bciowa i atrakcyjna, \u017ce inne strony internetowe dobrowolnie do niej linkuj\u0105, jest podstaw\u0105 ka\u017cdej skutecznej strategii budowania link\u00f3w. Obejmuj\u0105 one:<\/p>\n\n<ul class=\"wp-block-list\">\n<li>Dobrze zbadane artyku\u0142y lub badania<\/li>\n\n\n\n<li>Atrakcyjne wizualnie infografiki<\/li>\n\n\n\n<li>Interaktywne narz\u0119dzia i zasoby<\/li>\n\n\n\n<li>Tre\u015bci wirusowe, takie jak zabawne filmy lub kreatywne kampanie<\/li>\n<\/ul>\n\n<h4 class=\"wp-block-heading\"><strong>2. blogowanie go\u015bcinne<\/strong><\/h4>\n\n<p class=\"wp-block-paragraph\">Artyku\u0142y go\u015bcinne na odpowiednich i autorytatywnych stronach internetowych to \u015bwietny spos\u00f3b na generowanie link\u00f3w zwrotnych. Wa\u017cne jest, aby artyku\u0142 oferowa\u0142 warto\u015b\u0107 dodan\u0105, a link by\u0142 osadzony organicznie. <\/p>\n\n<h4 class=\"wp-block-heading\"><strong>3. budowanie niedzia\u0142aj\u0105cych link\u00f3w<\/strong><\/h4>\n\n<p class=\"wp-block-paragraph\">Sprytn\u0105 metod\u0105 jest identyfikowanie martwych link\u00f3w na innych stronach internetowych i oferowanie operatorom alternatyw &#8211; najlepiej w\u0142asnych tre\u015bci.<\/p>\n\n<h4 class=\"wp-block-heading\"><strong>4. sie\u0107 cyfrowa<\/strong><\/h4>\n\n<p class=\"wp-block-paragraph\">Email outreach pozostaje wypr\u00f3bowanym i przetestowanym sposobem budowania link\u00f3w. Cenne linki mo\u017cna zdoby\u0107 poprzez osobiste i ukierunkowane zapytania do bloger\u00f3w, influencer\u00f3w lub ekspert\u00f3w bran\u017cowych. <\/p>\n\n<h4 class=\"wp-block-heading\"><strong>5. wpisy do katalog\u00f3w i platform bran\u017cowych<\/strong><\/h4>\n\n<p class=\"wp-block-paragraph\">Chocia\u017c ta metoda ma mniejsz\u0105 wag\u0119, linki z wysokiej jako\u015bci, dobrze utrzymanych katalog\u00f3w lub platform mog\u0105 by\u0107 nadal przydatne w niekt\u00f3rych bran\u017cach.<\/p>\n\n<h4 class=\"wp-block-heading\"><strong>6. wzmianki w mediach spo\u0142eczno\u015bciowych<\/strong><\/h4>\n\n<p class=\"wp-block-paragraph\">Nawet je\u015bli linki z medi\u00f3w spo\u0142eczno\u015bciowych nie maj\u0105 bezpo\u015bredniego wp\u0142ywu na SEO, pomagaj\u0105 one w wirusowym rozprzestrzenianiu si\u0119 tre\u015bci, a tym samym tworz\u0105 potencjalne mo\u017cliwo\u015bci link\u00f3w zwrotnych.<\/p>\n\n<hr class=\"wp-block-separator has-alpha-channel-opacity\"\/>\n\n<h3 class=\"wp-block-heading\"><strong>B\u0142\u0119dy i ryzyko w budowaniu link\u00f3w<\/strong><\/h3>\n\n<p class=\"wp-block-paragraph\">W budowaniu link\u00f3w czai si\u0119 wiele pu\u0142apek, kt\u00f3re mog\u0105 mie\u0107 powa\u017cne konsekwencje dla wydajno\u015bci SEO witryny:<\/p>\n\n<ul class=\"wp-block-list\">\n<li><strong>Upychanie s\u0142\u00f3w kluczowych w anchor tekst<\/strong> ach: Nienaturalnie zoptymalizowane anchor teksty mog\u0105 by\u0107 postrzegane jako manipulacja.<\/li>\n\n\n\n<li><strong>Kupowanie link\u00f3w niskiej jako\u015bci:<\/strong> Wyszukiwarki karz\u0105 strony, kt\u00f3re kupuj\u0105 linki, u\u017cywaj\u0105 link\u00f3w z gorszych \u017ar\u00f3de\u0142 lub s\u0105 aktywne w sieciach link\u00f3w.<\/li>\n\n\n\n<li><strong>Nadmierne korzystanie z tych samych \u017ar\u00f3de\u0142:<\/strong> Nienaturalnie wygl\u0105daj\u0105ca struktura link\u00f3w, kt\u00f3ra jest mocno skoncentrowana na kilku domenach, mo\u017ce zosta\u0107 oceniona negatywnie.<\/li>\n\n\n\n<li><strong>S\u0142aba tre\u015b\u0107:<\/strong> Je\u015bli linkowana tre\u015b\u0107 nie spe\u0142nia oczekiwa\u0144 u\u017cytkownika, wysoki wsp\u00f3\u0142czynnik odrzuce\u0144 mo\u017ce zmniejszy\u0107 skuteczno\u015b\u0107 linku.<\/li>\n<\/ul>\n\n<hr class=\"wp-block-separator has-alpha-channel-opacity\"\/>\n\n<h3 class=\"wp-block-heading\"><strong>Perspektywa d\u0142ugoterminowa<\/strong><\/h3>\n\n<p class=\"wp-block-paragraph\">Link building nie jest jednorazowym zadaniem, ale d\u0142ugoterminow\u0105 strategi\u0105. Wymaga ci\u0105g\u0142ych wysi\u0142k\u00f3w w celu pozyskania nowych link\u00f3w wysokiej jako\u015bci, a jednocze\u015bnie utrzymania istniej\u0105cych link\u00f3w. Wyszukiwarki nagradzaj\u0105 zr\u00f3wnowa\u017cone, naturalne i autentyczne praktyki budowania link\u00f3w.  <\/p>\n\n<p class=\"wp-block-paragraph\">Skuteczne budowanie link\u00f3w nie tylko prowadzi do lepszych ranking\u00f3w, ale tak\u017ce wzmacnia wiarygodno\u015b\u0107 i autorytet marki. Jest to g\u0142\u00f3wny element generowania ruchu organicznego w d\u0142u\u017cszej perspektywie i maksymalizacji obecno\u015bci w Internecie. <\/p>\n\n<hr class=\"wp-block-separator has-alpha-channel-opacity\"\/>\n\n<h3 class=\"wp-block-heading\"><strong>Wnioski<\/strong><\/h3>\n\n<p class=\"wp-block-paragraph\">Link building to znacznie wi\u0119cej ni\u017c tylko zbieranie link\u00f3w zwrotnych. Wymaga strategii, kreatywno\u015bci i dog\u0142\u0119bnego zrozumienia grupy docelowej i bran\u017cy. Wysokiej jako\u015bci tre\u015bci, silne partnerstwa i zr\u00f3wnowa\u017cone podej\u015bcie s\u0105 kluczem do zwi\u0119kszenia autorytetu i trafno\u015bci strony internetowej. Dzi\u0119ki sprytnemu i etycznemu budowaniu link\u00f3w firmy mog\u0105 nie tylko zdobywa\u0107 punkty w wyszukiwarkach, ale tak\u017ce zdobywa\u0107 zaufanie swojej grupy docelowej.   <\/p>\n","protected":false},"excerpt":{"rendered":"<p>Budowanie link\u00f3w: podstawa skutecznej optymalizacji pod k\u0105tem wyszukiwarek Budowanie link\u00f3w jest jednym z g\u0142\u00f3wnych filar\u00f3w optymalizacji pod k\u0105tem wyszukiwarek (SEO) i przez lata rozwin\u0119\u0142o si\u0119 w z\u0142o\u017con\u0105 i strategiczn\u0105 dyscyplin\u0119. Odnosi si\u0119 do procesu generowania wysokiej jako\u015bci link\u00f3w zwrotnych &#8211;<\/p>\n","protected":false},"author":2332,"featured_media":5717,"parent":4979,"menu_order":0,"comment_status":"closed","ping_status":"closed","template":"","meta":{"_seopress_robots_primary_cat":"","_seopress_titles_title":"Budowanie link\u00f3w: optymalizacja SEO poprzez wysokiej jako\u015bci linki zwrotne %%sep%% %%sitetitle%%","_seopress_titles_desc":"Dowiedz si\u0119, jak budowanie link\u00f3w wzmacnia Twoj\u0105 witryn\u0119! Odkryj sprawdzone strategie generowania wysokiej jako\u015bci link\u00f3w zwrotnych, popraw rankingi i trwale zoptymalizuj swoj\u0105 obecno\u015b\u0107 w Internecie. ","_seopress_robots_index":"","_crdt_document":"","_uag_custom_page_level_css":"","spectra_gs_classes":"","footnotes":""},"class_list":["post-5721","page","type-page","status-publish","has-post-thumbnail","hentry"],"spectra_custom_meta":{"_top_nav_excluded":[""],"_cms_nav_minihome":[""],"_seopress_titles_title":["Budowanie link\u00f3w: optymalizacja SEO poprzez wysokiej jako\u015bci linki zwrotne %%sep%% %%sitetitle%%"],"_seopress_titles_desc":["Dowiedz si\u0119, jak budowanie link\u00f3w wzmacnia Twoj\u0105 witryn\u0119! Odkryj sprawdzone strategie generowania wysokiej jako\u015bci link\u00f3w zwrotnych, popraw rankingi i trwale zoptymalizuj swoj\u0105 obecno\u015b\u0107 w Internecie. "],"_seopress_redirections_logged_status":["oba"],"_seopress_redirections_type":["301"],"_thumbnail_id":["5717"],"_last_translation_edit_mode":["translation-editor"],"_uagb_previous_block_counts":["a:90:{s:21:\"uagb\/advanced-heading\";i:0;s:15:\"uagb\/blockquote\";i:0;s:12:\"uagb\/buttons\";i:0;s:18:\"uagb\/buttons-child\";i:0;s:19:\"uagb\/call-to-action\";i:0;s:15:\"uagb\/cf7-styler\";i:0;s:11:\"uagb\/column\";i:0;s:12:\"uagb\/columns\";i:0;s:14:\"uagb\/container\";i:0;s:21:\"uagb\/content-timeline\";i:0;s:27:\"uagb\/content-timeline-child\";i:0;s:14:\"uagb\/countdown\";i:0;s:12:\"uagb\/counter\";i:0;s:8:\"uagb\/faq\";i:0;s:14:\"uagb\/faq-child\";i:0;s:10:\"uagb\/forms\";i:0;s:17:\"uagb\/forms-accept\";i:0;s:19:\"uagb\/forms-checkbox\";i:0;s:15:\"uagb\/forms-date\";i:0;s:16:\"uagb\/forms-email\";i:0;s:17:\"uagb\/forms-hidden\";i:0;s:15:\"uagb\/forms-name\";i:0;s:16:\"uagb\/forms-phone\";i:0;s:16:\"uagb\/forms-radio\";i:0;s:17:\"uagb\/forms-select\";i:0;s:19:\"uagb\/forms-textarea\";i:0;s:17:\"uagb\/forms-toggle\";i:0;s:14:\"uagb\/forms-url\";i:0;s:14:\"uagb\/gf-styler\";i:0;s:15:\"uagb\/google-map\";i:0;s:11:\"uagb\/how-to\";i:0;s:16:\"uagb\/how-to-step\";i:0;s:9:\"uagb\/icon\";i:0;s:14:\"uagb\/icon-list\";i:0;s:20:\"uagb\/icon-list-child\";i:0;s:10:\"uagb\/image\";i:0;s:18:\"uagb\/image-gallery\";i:0;s:13:\"uagb\/info-box\";i:0;s:18:\"uagb\/inline-notice\";i:0;s:11:\"uagb\/lottie\";i:0;s:21:\"uagb\/marketing-button\";i:0;s:10:\"uagb\/modal\";i:0;s:18:\"uagb\/popup-builder\";i:0;s:16:\"uagb\/post-button\";i:0;s:18:\"uagb\/post-carousel\";i:0;s:17:\"uagb\/post-excerpt\";i:0;s:14:\"uagb\/post-grid\";i:0;s:15:\"uagb\/post-image\";i:0;s:17:\"uagb\/post-masonry\";i:0;s:14:\"uagb\/post-meta\";i:0;s:18:\"uagb\/post-taxonomy\";i:0;s:18:\"uagb\/post-timeline\";i:0;s:15:\"uagb\/post-title\";i:0;s:20:\"uagb\/restaurant-menu\";i:0;s:26:\"uagb\/restaurant-menu-child\";i:0;s:11:\"uagb\/review\";i:0;s:12:\"uagb\/section\";i:0;s:14:\"uagb\/separator\";i:0;s:11:\"uagb\/slider\";i:0;s:17:\"uagb\/slider-child\";i:0;s:17:\"uagb\/social-share\";i:0;s:23:\"uagb\/social-share-child\";i:0;s:16:\"uagb\/star-rating\";i:0;s:23:\"uagb\/sure-cart-checkout\";i:0;s:22:\"uagb\/sure-cart-product\";i:0;s:15:\"uagb\/sure-forms\";i:0;s:22:\"uagb\/table-of-contents\";i:0;s:9:\"uagb\/tabs\";i:0;s:15:\"uagb\/tabs-child\";i:0;s:18:\"uagb\/taxonomy-list\";i:0;s:9:\"uagb\/team\";i:0;s:16:\"uagb\/testimonial\";i:0;s:14:\"uagb\/wp-search\";i:0;s:19:\"uagb\/instagram-feed\";i:0;s:10:\"uagb\/login\";i:0;s:17:\"uagb\/loop-builder\";i:0;s:18:\"uagb\/loop-category\";i:0;s:20:\"uagb\/loop-pagination\";i:0;s:15:\"uagb\/loop-reset\";i:0;s:16:\"uagb\/loop-search\";i:0;s:14:\"uagb\/loop-sort\";i:0;s:17:\"uagb\/loop-wrapper\";i:0;s:13:\"uagb\/register\";i:0;s:19:\"uagb\/register-email\";i:0;s:24:\"uagb\/register-first-name\";i:0;s:23:\"uagb\/register-last-name\";i:0;s:22:\"uagb\/register-password\";i:0;s:30:\"uagb\/register-reenter-password\";i:0;s:19:\"uagb\/register-terms\";i:0;s:22:\"uagb\/register-username\";i:0;}"],"_uag_page_assets":["a:9:{s:3:\"css\";s:263:\".uag-blocks-common-selector{z-index:var(--z-index-desktop) !important}@media (max-width: 976px){.uag-blocks-common-selector{z-index:var(--z-index-tablet) !important}}@media (max-width: 767px){.uag-blocks-common-selector{z-index:var(--z-index-mobile) !important}}\n\";s:2:\"js\";s:0:\"\";s:18:\"current_block_list\";a:6:{i:0;s:10:\"core\/image\";i:1;s:12:\"core\/heading\";i:2;s:14:\"core\/paragraph\";i:3;s:14:\"core\/separator\";i:4;s:9:\"core\/list\";i:5;s:14:\"core\/list-item\";}s:8:\"uag_flag\";b:0;s:11:\"uag_version\";s:10:\"1775815218\";s:6:\"gfonts\";a:0:{}s:10:\"gfonts_url\";s:0:\"\";s:12:\"gfonts_files\";a:0:{}s:14:\"uag_faq_layout\";b:0;}"],"_uag_css_file_name":["uag-css-5721.css"]},"uagb_featured_image_src":{"full":["https:\/\/dlx-media.com\/wp-content\/uploads\/Link-Building.jpeg",1792,1024,false],"thumbnail":["https:\/\/dlx-media.com\/wp-content\/uploads\/Link-Building-250x250.jpeg",250,250,true],"medium":["https:\/\/dlx-media.com\/wp-content\/uploads\/Link-Building-350x200.jpeg",350,200,true],"medium_large":["https:\/\/dlx-media.com\/wp-content\/uploads\/Link-Building-768x439.jpeg",768,439,true],"large":["https:\/\/dlx-media.com\/wp-content\/uploads\/Link-Building-1024x585.jpeg",1024,585,true],"1536x1536":["https:\/\/dlx-media.com\/wp-content\/uploads\/Link-Building-1536x878.jpeg",1536,878,true],"2048x2048":["https:\/\/dlx-media.com\/wp-content\/uploads\/Link-Building.jpeg",1792,1024,false],"suffice-thumbnail-grid":["https:\/\/dlx-media.com\/wp-content\/uploads\/Link-Building-750x420.jpeg",750,420,true],"suffice-thumbnail-featured-one":["https:\/\/dlx-media.com\/wp-content\/uploads\/Link-Building-295x525.jpeg",295,525,true],"suffice-thumbnail-featured-two":["https:\/\/dlx-media.com\/wp-content\/uploads\/Link-Building-1140x504.jpeg",1140,504,true],"suffice-thumbnail-portfolio":["https:\/\/dlx-media.com\/wp-content\/uploads\/Link-Building-572x552.jpeg",572,552,true],"suffice-thumbnail-portfolio-masonry":["https:\/\/dlx-media.com\/wp-content\/uploads\/Link-Building-572x652.jpeg",572,652,true]},"uagb_author_info":{"display_name":"DLxMedia","author_link":"https:\/\/dlx-media.com\/pl"},"uagb_comment_info":0,"uagb_excerpt":"Budowanie link\u00f3w: podstawa skutecznej optymalizacji pod k\u0105tem wyszukiwarek Budowanie link\u00f3w jest jednym z g\u0142\u00f3wnych filar\u00f3w optymalizacji pod k\u0105tem wyszukiwarek (SEO) i przez lata rozwin\u0119\u0142o si\u0119 w z\u0142o\u017con\u0105 i strategiczn\u0105 dyscyplin\u0119. Odnosi si\u0119 do procesu generowania wysokiej jako\u015bci link\u00f3w zwrotnych &#8211;","_links":{"self":[{"href":"https:\/\/dlx-media.com\/pl\/wp-json\/wp\/v2\/pages\/5721","targetHints":{"allow":["GET"]}}],"collection":[{"href":"https:\/\/dlx-media.com\/pl\/wp-json\/wp\/v2\/pages"}],"about":[{"href":"https:\/\/dlx-media.com\/pl\/wp-json\/wp\/v2\/types\/page"}],"author":[{"embeddable":true,"href":"https:\/\/dlx-media.com\/pl\/wp-json\/wp\/v2\/users\/2332"}],"replies":[{"embeddable":true,"href":"https:\/\/dlx-media.com\/pl\/wp-json\/wp\/v2\/comments?post=5721"}],"version-history":[{"count":1,"href":"https:\/\/dlx-media.com\/pl\/wp-json\/wp\/v2\/pages\/5721\/revisions"}],"predecessor-version":[{"id":5722,"href":"https:\/\/dlx-media.com\/pl\/wp-json\/wp\/v2\/pages\/5721\/revisions\/5722"}],"up":[{"embeddable":true,"href":"https:\/\/dlx-media.com\/pl\/wp-json\/wp\/v2\/pages\/4979"}],"wp:featuredmedia":[{"embeddable":true,"href":"https:\/\/dlx-media.com\/pl\/wp-json\/wp\/v2\/media\/5717"}],"wp:attachment":[{"href":"https:\/\/dlx-media.com\/pl\/wp-json\/wp\/v2\/media?parent=5721"}],"curies":[{"name":"wp","href":"https:\/\/api.w.org\/{rel}","templated":true}]}}