{"id":5710,"date":"2025-01-23T21:38:03","date_gmt":"2025-01-23T19:38:03","guid":{"rendered":"https:\/\/dlx-media.com\/slowniczek\/wdf-idf\/"},"modified":"2025-01-24T09:45:09","modified_gmt":"2025-01-24T07:45:09","slug":"wdf-idf","status":"publish","type":"page","link":"https:\/\/dlx-media.com\/pl\/slowniczek\/wdf-idf\/","title":{"rendered":"WDF-IDF"},"content":{"rendered":"<div class=\"wp-block-image\">\n<figure data-spectra-id=\"spectra-3f8ee889-1def-461c-bb27-d255d6bc32c4\" class=\"aligncenter size-full\"><img loading=\"lazy\" decoding=\"async\" width=\"1792\" height=\"1024\" src=\"https:\/\/dlx-media.com\/wp-content\/uploads\/SEO-Text-Optimierung.jpeg\" alt=\"\" class=\"wp-image-5699\" srcset=\"https:\/\/dlx-media.com\/wp-content\/uploads\/SEO-Text-Optimierung.jpeg 1792w, https:\/\/dlx-media.com\/wp-content\/uploads\/SEO-Text-Optimierung-350x200.jpeg 350w, https:\/\/dlx-media.com\/wp-content\/uploads\/SEO-Text-Optimierung-1024x585.jpeg 1024w, https:\/\/dlx-media.com\/wp-content\/uploads\/SEO-Text-Optimierung-768x439.jpeg 768w, https:\/\/dlx-media.com\/wp-content\/uploads\/SEO-Text-Optimierung-1536x878.jpeg 1536w\" sizes=\"auto, (max-width: 1792px) 100vw, 1792px\" \/><\/figure>\n<\/div>\n<h3 class=\"wp-block-heading\"><strong>WDF*IDF &#8211; Dog\u0142\u0119bne spojrzenie na kluczow\u0105 technologi\u0119 analizy tekstu i SEO<\/strong><\/h3>\n\n<p class=\"wp-block-paragraph\">WDF<em>IDF (Within-Document Frequency * Inverse Document Frequency) jest g\u0142\u00f3wnym narz\u0119dziem w \u015bwiecie analizy tekstu, wyszukiwania informacji i optymalizacji wyszukiwarek (SEO). Metoda ta, cz\u0119sto znana r\u00f3wnie\u017c pod pokrewn\u0105 nazw\u0105 TF <\/em>IDF (Term Frequency * Inverse Document Frequency) s\u0142u\u017cy do oceny znaczenia s\u0142owa w okre\u015blonym dokumencie w kontek\u015bcie wi\u0119kszego korpusu dokument\u00f3w. \u0141\u0105czy w sobie statystyczn\u0105 precyzj\u0119 z praktycznymi zastosowaniami i sta\u0142 si\u0119 niezb\u0119dnym narz\u0119dziem do optymalizacji tekst\u00f3w zar\u00f3wno dla czytelnik\u00f3w, jak i wyszukiwarek. <\/p>\n\n<hr class=\"wp-block-separator has-alpha-channel-opacity\"\/>\n\n<h3 class=\"wp-block-heading\"><strong>Czym jest WDF*IDF i dlaczego jest wa\u017cny?<\/strong><\/h3>\n\n<p class=\"wp-block-paragraph\">Metoda WDF*IDF analizuje, jak cz\u0119sto okre\u015blone s\u0142owo lub fraza wyst\u0119puje w dokumencie (WDF) i jak unikalne jest ono w por\u00f3wnaniu z innymi dokumentami w korpusie (IDF). Umo\u017cliwia to precyzyjn\u0105 ocen\u0119 znaczenia terminu &#8211; nie tylko w odniesieniu do jego lokalnego kontekstu w dokumencie, ale tak\u017ce w odniesieniu do jego globalnego znaczenia w ca\u0142ym korpusie. <\/p>\n\n<h4 class=\"wp-block-heading\"><strong>1. cz\u0119stotliwo\u015b\u0107 w obr\u0119bie dokumentu (WDF)<\/strong><\/h4>\n\n<p class=\"wp-block-paragraph\">WDF mierzy, jak cz\u0119sto termin pojawia si\u0119 w dokumencie, wa\u017cony ca\u0142kowit\u0105 liczb\u0105 s\u0142\u00f3w w dokumencie. Takie podej\u015bcie zapobiega automatycznemu faworyzowaniu d\u0142u\u017cszych tekst\u00f3w tylko dlatego, \u017ce zawieraj\u0105 wi\u0119cej s\u0142\u00f3w. Normalizacja logarytmiczna zapewnia, \u017ce wyj\u0105tkowo cz\u0119ste terminy nie s\u0105 wa\u017cone nieproporcjonalnie wysoko.  <\/p>\n\n<h4 class=\"wp-block-heading\"><strong>2. odwrotna cz\u0119stotliwo\u015b\u0107 dokument\u00f3w (IDF)<\/strong><\/h4>\n\n<p class=\"wp-block-paragraph\">IDF kwantyfikuje rzadko\u015b\u0107 wyst\u0119powania terminu w ca\u0142ym korpusie. S\u0142owa wyst\u0119puj\u0105ce w wielu dokumentach (takie jak &#8222;i&#8221; lub &#8222;the&#8221;) maj\u0105 ni\u017csz\u0105 wag\u0119, podczas gdy bardziej szczeg\u00f3\u0142owe i rzadsze terminy (np. &#8222;mikrobiom&#8221; lub &#8222;technologia blockchain&#8221;) maj\u0105 wy\u017csz\u0105 wag\u0119. Podkre\u015bla to znaczenie unikalnych termin\u00f3w.  <\/p>\n\n<hr class=\"wp-block-separator has-alpha-channel-opacity\"\/>\n\n<h3 class=\"wp-block-heading\"><strong>Formu\u0142a stoj\u0105ca za WDF*IDF<\/strong><\/h3>\n\n<p class=\"wp-block-paragraph\">Podstawowy wz\u00f3r to:<\/p>\n<div class=\"wp-block-image\">\n<figure data-spectra-id=\"spectra-e9840274-1a28-4414-93e1-526f15d51cbe\" class=\"aligncenter size-full\"><img loading=\"lazy\" decoding=\"async\" width=\"714\" height=\"78\" src=\"https:\/\/dlx-media.com\/wp-content\/uploads\/WDF-IDF-TF-IDF.jpg\" alt=\"\" class=\"wp-image-5693\" srcset=\"https:\/\/dlx-media.com\/wp-content\/uploads\/WDF-IDF-TF-IDF.jpg 714w, https:\/\/dlx-media.com\/wp-content\/uploads\/WDF-IDF-TF-IDF-350x38.jpg 350w\" sizes=\"auto, (max-width: 714px) 100vw, 714px\" \/><\/figure>\n<\/div>\n<p class=\"wp-block-paragraph\">Tutaj:<\/p>\n\n<ul class=\"wp-block-list\">\n<li><strong>WDF_Term<\/strong>: Wa\u017cona cz\u0119stotliwo\u015b\u0107 wyst\u0119powania terminu w dokumencie.<\/li>\n\n\n\n<li><strong>log<\/strong>: Logarytmiczny wsp\u00f3\u0142czynnik skalowania w celu unikni\u0119cia ekstremalnie wysokich warto\u015bci.<\/li>\n\n\n\n<li><strong>Liczba wszystkich dokument\u00f3w<\/strong>: Rozmiar ca\u0142ego korpusu.<\/li>\n\n\n\n<li><strong>Liczba dokument\u00f3w zawieraj\u0105cych termin<\/strong>: Cz\u0119stotliwo\u015b\u0107, z jak\u0105 termin wyst\u0119puje we wszystkich dokumentach.<\/li>\n<\/ul>\n\n<hr class=\"wp-block-separator has-alpha-channel-opacity\"\/>\n\n<h3 class=\"wp-block-heading\"><strong>R\u00f3\u017cnice mi\u0119dzy TFIDF<em>i WDFIDF<\/em><\/strong><\/h3>\n\n<p class=\"wp-block-paragraph\">Podczas gdy TFIDF<em>koncentruje si\u0119 na prostej cz\u0119stotliwo\u015bci wyst\u0119powania terminu w dokumencie, WDFIDF rozszerza<\/em>to podej\u015bcie, bior\u0105c pod uwag\u0119 rozk\u0142ad terminu w dokumencie. Oznacza to, \u017ce terminy, kt\u00f3re s\u0105 r\u00f3wnomiernie rozmieszczone w ca\u0142ym dokumencie, maj\u0105 wi\u0119ksze znaczenie ni\u017c te, kt\u00f3re s\u0105 skoncentrowane tylko w jednej sekcji. Ten dodatkowy wymiar sprawia, \u017ce WDF*IDF jest szczeg\u00f3lnie przydatny w przypadku d\u0142u\u017cszych i z\u0142o\u017conych tekst\u00f3w.  <\/p>\n\n<hr class=\"wp-block-separator has-alpha-channel-opacity\"\/>\n\n<h3 class=\"wp-block-heading\"><strong>Obszary zastosowa\u0144 WDF*IDF<\/strong><\/h3>\n\n<ol class=\"wp-block-list\">\n<li><strong>Optymalizacja pod k\u0105tem wyszukiwarek (SEO)<\/strong> WDF*IDF s\u0142u\u017cy do optymalizacji tre\u015bci, tak aby by\u0142a ona klasyfikowana jako szczeg\u00f3lnie istotna dla wyszukiwarek. Narz\u0119dzia takie jak <strong>TermLabs<\/strong>. <strong>io<\/strong> lub <strong>Ryte<\/strong> pomagaj\u0105 zidentyfikowa\u0107 s\u0142owa kluczowe, kt\u00f3re powinny pojawi\u0107 si\u0119 w dokumencie, aby nad\u0105\u017cy\u0107 za najlepszymi wynikami w wyszukiwarkach, ale <strong>TermLabs<\/strong>.io ma tutaj przewag\u0119 ze wzgl\u0119du na wy\u017csz\u0105 jako\u015b\u0107 danych. <\/li>\n\n\n\n<li><strong>Analiza tekstu i wyszukiwanie informacji<\/strong> WDF*IDF jest wykorzystywane w wyszukiwarkach, systemach rekomendacji i sztucznej inteligencji do identyfikowania odpowiednich dokument\u00f3w lub tre\u015bci na podstawie zapyta\u0144 u\u017cytkownik\u00f3w.<\/li>\n\n\n\n<li><strong>Optymalizacja tre\u015bci<\/strong> Z pomoc\u0105 WDF*IDF redaktorzy i marketerzy mog\u0105 tworzy\u0107 tre\u015bci, kt\u00f3re s\u0105 atrakcyjne i istotne zar\u00f3wno dla czytelnik\u00f3w, jak i algorytm\u00f3w.<\/li>\n<\/ol>\n\n<hr class=\"wp-block-separator has-alpha-channel-opacity\"\/>\n\n<h3 class=\"wp-block-heading\"><strong>Najlepsze praktyki w stosowaniu WDF*IDF<\/strong><\/h3>\n\n<ul class=\"wp-block-list\">\n<li><strong>Trafno\u015b\u0107 przed g\u0119sto\u015bci\u0105:<\/strong> Upewnij si\u0119, \u017ce s\u0142owa kluczowe s\u0105 naturalnie zintegrowane z tekstem. Upychanie s\u0142\u00f3w kluczowych jest karane przez wyszukiwarki. <\/li>\n\n\n\n<li><strong>U\u017cycie kontekstowe:<\/strong> Terminy powinny by\u0107 u\u017cywane w logicznym i informacyjnym kontek\u015bcie, aby przekona\u0107 zar\u00f3wno czytelnik\u00f3w, jak i algorytmy.<\/li>\n\n\n\n<li><strong>Analiza konkurencji:<\/strong> narz\u0119dzia WDF*IDF umo\u017cliwiaj\u0105 analiz\u0119 najlepszych wynik\u00f3w w wyszukiwarkach i przyj\u0119cie lub ulepszenie strategii s\u0142\u00f3w kluczowych.<\/li>\n\n\n\n<li><strong>Unikaj powielania tre\u015bci:<\/strong> Upewnij si\u0119, \u017ce tre\u015b\u0107 jest unikalna, a nie tylko powt\u00f3rzeniem istniej\u0105cej tre\u015bci.<\/li>\n<\/ul>\n\n<hr class=\"wp-block-separator has-alpha-channel-opacity\"\/>\n\n<h3 class=\"wp-block-heading\"><strong>Zalety WDF*IDF<\/strong><\/h3>\n\n<ol class=\"wp-block-list\">\n<li><br\/>Z<strong>wi\u0119kszona widoczno\u015b\u0107 w wyszukiwarkach<\/strong> Dzi\u0119ki ukierunkowanej optymalizacji za pomoc\u0105 WDF*IDF tre\u015b\u0107 mo\u017ce by\u0107 lepiej dopasowana do odpowiednich zapyta\u0144, co prowadzi do wy\u017cszej pozycji w wynikach wyszukiwania.<\/li>\n\n\n\n<li><br\/>B<strong>ardziej efektywne strategie s\u0142\u00f3w kluczowych<\/strong> Metoda pomaga unikn\u0105\u0107 niepotrzebnych s\u0142\u00f3w kluczowych i nada\u0107 priorytet naprawd\u0119 istotnym terminom.<\/li>\n\n\n\n<li><br\/>P<strong>oprawa do\u015bwiadczenia u\u017cytkownika<\/strong> Dobrze zoptymalizowana tre\u015b\u0107 jest nie tylko atrakcyjna dla wyszukiwarek, ale tak\u017ce oferuje prawdziw\u0105 warto\u015b\u0107 dodan\u0105 dla czytelnik\u00f3w.<\/li>\n\n\n\n<li><br\/>E<strong>lastyczno\u015b\u0107 dla r\u00f3\u017cnych j\u0119zyk\u00f3w i rynk\u00f3w<\/strong> Metoda ma uniwersalne zastosowanie i mo\u017ce by\u0107 dostosowana do specyficznych wymaga\u0144 j\u0119zykowych lub rynkowych.<\/li>\n<\/ol>\n\n<hr class=\"wp-block-separator has-alpha-channel-opacity\"\/>\n\n<h3 class=\"wp-block-heading\"><strong>Wyzwania i ograniczenia<\/strong><\/h3>\n\n<p class=\"wp-block-paragraph\">Chocia\u017c WDF*IDF jest pot\u0119\u017cnym narz\u0119dziem, ma r\u00f3wnie\u017c swoje ograniczenia. Na przyk\u0142ad nie bierze pod uwag\u0119 znaczenia semantycznego lub u\u017cycia synonim\u00f3w terminu. Dlatego wa\u017cne jest, aby po\u0142\u0105czy\u0107 go z innymi strategiami SEO, takimi jak Latent Semantic Indexing (LSI) i analizami zachowa\u0144 u\u017cytkownik\u00f3w.  <\/p>\n\n<hr class=\"wp-block-separator has-alpha-channel-opacity\"\/>\n\n<h3 class=\"wp-block-heading\"><strong>Wniosek: WDF*IDF jako niezb\u0119dne narz\u0119dzie SEO<\/strong><\/h3>\n\n<p class=\"wp-block-paragraph\">WDF<em>IDF to co\u015b wi\u0119cej ni\u017c formu\u0142a matematyczna. To strategiczne narz\u0119dzie, kt\u00f3re pomaga tw\u00f3rcom tre\u015bci i marketerom optymalizowa\u0107 tre\u015bci w precyzyjny i ukierunkowany spos\u00f3b. \u0141\u0105cz\u0105c analiz\u0119 danych i kreatywne tworzenie tre\u015bci, WDF umo\u017cliwia  <\/em>IDF umo\u017cliwia skuteczne podej\u015bcie zar\u00f3wno do wyszukiwarek, jak i czytelnik\u00f3w. Firmy, kt\u00f3re umiej\u0119tnie wykorzystuj\u0105 t\u0119 koncepcj\u0119, mog\u0105 trwale poprawi\u0107 swoj\u0105 widoczno\u015b\u0107 w Internecie i zapewni\u0107 sobie przewag\u0119 konkurencyjn\u0105. Niezale\u017cnie od tego, czy wolisz nazywa\u0107 to WDF-IDF czy TF-IDF, je\u015bli szukasz narz\u0119dzia do tego celu, po prostu sp\u00f3jrz na TermLabs.io, jest ono nieco bardziej z\u0142o\u017cone ni\u017c wi\u0119kszo\u015b\u0107 innych narz\u0119dzi w tej dziedzinie, ale oferuje wysok\u0105 jako\u015b\u0107 danych.  <\/p>\n\n<p class=\"wp-block-paragraph\"><\/p>\n","protected":false},"excerpt":{"rendered":"<p>WDF*IDF &#8211; Dog\u0142\u0119bne spojrzenie na kluczow\u0105 technologi\u0119 analizy tekstu i SEO WDFIDF (Within-Document Frequency * Inverse Document Frequency) jest g\u0142\u00f3wnym narz\u0119dziem w \u015bwiecie analizy tekstu, wyszukiwania informacji i optymalizacji wyszukiwarek (SEO). Metoda ta, cz\u0119sto znana r\u00f3wnie\u017c pod pokrewn\u0105 nazw\u0105 TF<\/p>\n","protected":false},"author":2332,"featured_media":5701,"parent":4979,"menu_order":0,"comment_status":"closed","ping_status":"closed","template":"","meta":{"_seopress_robots_primary_cat":"","_seopress_titles_title":"WDF*IDF i TF*IDF - klucz do optymalizacji tre\u015bci w SEO %%sep%% %%sitetitle%%","_seopress_titles_desc":"Odkryj moc WDFIDF! Dowiedz si\u0119, jak ta metoda ocenia trafno\u015b\u0107 s\u0142\u00f3w kluczowych i optymalizuje tre\u015bci pod k\u0105tem wyszukiwarek i u\u017cytkownik\u00f3w. Dowiedz si\u0119 wi\u0119cej o WDF*IDF \/ TF*IDF i zrewolucjonizuj swoj\u0105 strategi\u0119 SEO!  ","_seopress_robots_index":"","_crdt_document":"","_uag_custom_page_level_css":"","spectra_gs_classes":"","footnotes":""},"class_list":["post-5710","page","type-page","status-publish","has-post-thumbnail","hentry"],"spectra_custom_meta":{"_top_nav_excluded":[""],"_cms_nav_minihome":[""],"_thumbnail_id":["5701"],"_last_translation_edit_mode":["translation-editor"],"_wp_page_template":[""],"_seopress_titles_title":["WDF*IDF i TF*IDF - klucz do optymalizacji tre\u015bci w SEO %%sep%% %%sitetitle%%"],"_seopress_titles_desc":["Odkryj moc WDFIDF! Dowiedz si\u0119, jak ta metoda ocenia trafno\u015b\u0107 s\u0142\u00f3w kluczowych i optymalizuje tre\u015bci pod k\u0105tem wyszukiwarek i u\u017cytkownik\u00f3w. Dowiedz si\u0119 wi\u0119cej o WDF*IDF \/ TF*IDF i zrewolucjonizuj swoj\u0105 strategi\u0119 SEO!  "],"_seopress_redirections_logged_status":["oba"],"_seopress_redirections_type":["301"],"_uagb_previous_block_counts":["a:90:{s:21:\"uagb\/advanced-heading\";i:0;s:15:\"uagb\/blockquote\";i:0;s:12:\"uagb\/buttons\";i:0;s:18:\"uagb\/buttons-child\";i:0;s:19:\"uagb\/call-to-action\";i:0;s:15:\"uagb\/cf7-styler\";i:0;s:11:\"uagb\/column\";i:0;s:12:\"uagb\/columns\";i:0;s:14:\"uagb\/container\";i:0;s:21:\"uagb\/content-timeline\";i:0;s:27:\"uagb\/content-timeline-child\";i:0;s:14:\"uagb\/countdown\";i:0;s:12:\"uagb\/counter\";i:0;s:8:\"uagb\/faq\";i:0;s:14:\"uagb\/faq-child\";i:0;s:10:\"uagb\/forms\";i:0;s:17:\"uagb\/forms-accept\";i:0;s:19:\"uagb\/forms-checkbox\";i:0;s:15:\"uagb\/forms-date\";i:0;s:16:\"uagb\/forms-email\";i:0;s:17:\"uagb\/forms-hidden\";i:0;s:15:\"uagb\/forms-name\";i:0;s:16:\"uagb\/forms-phone\";i:0;s:16:\"uagb\/forms-radio\";i:0;s:17:\"uagb\/forms-select\";i:0;s:19:\"uagb\/forms-textarea\";i:0;s:17:\"uagb\/forms-toggle\";i:0;s:14:\"uagb\/forms-url\";i:0;s:14:\"uagb\/gf-styler\";i:0;s:15:\"uagb\/google-map\";i:0;s:11:\"uagb\/how-to\";i:0;s:16:\"uagb\/how-to-step\";i:0;s:9:\"uagb\/icon\";i:0;s:14:\"uagb\/icon-list\";i:0;s:20:\"uagb\/icon-list-child\";i:0;s:10:\"uagb\/image\";i:0;s:18:\"uagb\/image-gallery\";i:0;s:13:\"uagb\/info-box\";i:0;s:18:\"uagb\/inline-notice\";i:0;s:11:\"uagb\/lottie\";i:0;s:21:\"uagb\/marketing-button\";i:0;s:10:\"uagb\/modal\";i:0;s:18:\"uagb\/popup-builder\";i:0;s:16:\"uagb\/post-button\";i:0;s:18:\"uagb\/post-carousel\";i:0;s:17:\"uagb\/post-excerpt\";i:0;s:14:\"uagb\/post-grid\";i:0;s:15:\"uagb\/post-image\";i:0;s:17:\"uagb\/post-masonry\";i:0;s:14:\"uagb\/post-meta\";i:0;s:18:\"uagb\/post-taxonomy\";i:0;s:18:\"uagb\/post-timeline\";i:0;s:15:\"uagb\/post-title\";i:0;s:20:\"uagb\/restaurant-menu\";i:0;s:26:\"uagb\/restaurant-menu-child\";i:0;s:11:\"uagb\/review\";i:0;s:12:\"uagb\/section\";i:0;s:14:\"uagb\/separator\";i:0;s:11:\"uagb\/slider\";i:0;s:17:\"uagb\/slider-child\";i:0;s:17:\"uagb\/social-share\";i:0;s:23:\"uagb\/social-share-child\";i:0;s:16:\"uagb\/star-rating\";i:0;s:23:\"uagb\/sure-cart-checkout\";i:0;s:22:\"uagb\/sure-cart-product\";i:0;s:15:\"uagb\/sure-forms\";i:0;s:22:\"uagb\/table-of-contents\";i:0;s:9:\"uagb\/tabs\";i:0;s:15:\"uagb\/tabs-child\";i:0;s:18:\"uagb\/taxonomy-list\";i:0;s:9:\"uagb\/team\";i:0;s:16:\"uagb\/testimonial\";i:0;s:14:\"uagb\/wp-search\";i:0;s:19:\"uagb\/instagram-feed\";i:0;s:10:\"uagb\/login\";i:0;s:17:\"uagb\/loop-builder\";i:0;s:18:\"uagb\/loop-category\";i:0;s:20:\"uagb\/loop-pagination\";i:0;s:15:\"uagb\/loop-reset\";i:0;s:16:\"uagb\/loop-search\";i:0;s:14:\"uagb\/loop-sort\";i:0;s:17:\"uagb\/loop-wrapper\";i:0;s:13:\"uagb\/register\";i:0;s:19:\"uagb\/register-email\";i:0;s:24:\"uagb\/register-first-name\";i:0;s:23:\"uagb\/register-last-name\";i:0;s:22:\"uagb\/register-password\";i:0;s:30:\"uagb\/register-reenter-password\";i:0;s:19:\"uagb\/register-terms\";i:0;s:22:\"uagb\/register-username\";i:0;}"],"_uag_page_assets":["a:9:{s:3:\"css\";s:263:\".uag-blocks-common-selector{z-index:var(--z-index-desktop) !important}@media (max-width: 976px){.uag-blocks-common-selector{z-index:var(--z-index-tablet) !important}}@media (max-width: 767px){.uag-blocks-common-selector{z-index:var(--z-index-mobile) !important}}\n\";s:2:\"js\";s:0:\"\";s:18:\"current_block_list\";a:6:{i:0;s:10:\"core\/image\";i:1;s:12:\"core\/heading\";i:2;s:14:\"core\/paragraph\";i:3;s:14:\"core\/separator\";i:4;s:9:\"core\/list\";i:5;s:14:\"core\/list-item\";}s:8:\"uag_flag\";b:0;s:11:\"uag_version\";s:10:\"1775815218\";s:6:\"gfonts\";a:0:{}s:10:\"gfonts_url\";s:0:\"\";s:12:\"gfonts_files\";a:0:{}s:14:\"uag_faq_layout\";b:0;}"],"_uag_css_file_name":["uag-css-5710.css"]},"uagb_featured_image_src":{"full":["https:\/\/dlx-media.com\/wp-content\/uploads\/SEO-Text-Optimierung.jpeg",1792,1024,false],"thumbnail":["https:\/\/dlx-media.com\/wp-content\/uploads\/SEO-Text-Optimierung-250x250.jpeg",250,250,true],"medium":["https:\/\/dlx-media.com\/wp-content\/uploads\/SEO-Text-Optimierung-350x200.jpeg",350,200,true],"medium_large":["https:\/\/dlx-media.com\/wp-content\/uploads\/SEO-Text-Optimierung-768x439.jpeg",768,439,true],"large":["https:\/\/dlx-media.com\/wp-content\/uploads\/SEO-Text-Optimierung-1024x585.jpeg",1024,585,true],"1536x1536":["https:\/\/dlx-media.com\/wp-content\/uploads\/SEO-Text-Optimierung-1536x878.jpeg",1536,878,true],"2048x2048":["https:\/\/dlx-media.com\/wp-content\/uploads\/SEO-Text-Optimierung.jpeg",1792,1024,false],"suffice-thumbnail-grid":["https:\/\/dlx-media.com\/wp-content\/uploads\/SEO-Text-Optimierung-750x420.jpeg",750,420,true],"suffice-thumbnail-featured-one":["https:\/\/dlx-media.com\/wp-content\/uploads\/SEO-Text-Optimierung-295x525.jpeg",295,525,true],"suffice-thumbnail-featured-two":["https:\/\/dlx-media.com\/wp-content\/uploads\/SEO-Text-Optimierung-1140x504.jpeg",1140,504,true],"suffice-thumbnail-portfolio":["https:\/\/dlx-media.com\/wp-content\/uploads\/SEO-Text-Optimierung-572x552.jpeg",572,552,true],"suffice-thumbnail-portfolio-masonry":["https:\/\/dlx-media.com\/wp-content\/uploads\/SEO-Text-Optimierung-572x652.jpeg",572,652,true]},"uagb_author_info":{"display_name":"DLxMedia","author_link":"https:\/\/dlx-media.com\/pl"},"uagb_comment_info":0,"uagb_excerpt":"WDF*IDF &#8211; Dog\u0142\u0119bne spojrzenie na kluczow\u0105 technologi\u0119 analizy tekstu i SEO WDFIDF (Within-Document Frequency * Inverse Document Frequency) jest g\u0142\u00f3wnym narz\u0119dziem w \u015bwiecie analizy tekstu, wyszukiwania informacji i optymalizacji wyszukiwarek (SEO). Metoda ta, cz\u0119sto znana r\u00f3wnie\u017c pod pokrewn\u0105 nazw\u0105 TF","_links":{"self":[{"href":"https:\/\/dlx-media.com\/pl\/wp-json\/wp\/v2\/pages\/5710","targetHints":{"allow":["GET"]}}],"collection":[{"href":"https:\/\/dlx-media.com\/pl\/wp-json\/wp\/v2\/pages"}],"about":[{"href":"https:\/\/dlx-media.com\/pl\/wp-json\/wp\/v2\/types\/page"}],"author":[{"embeddable":true,"href":"https:\/\/dlx-media.com\/pl\/wp-json\/wp\/v2\/users\/2332"}],"replies":[{"embeddable":true,"href":"https:\/\/dlx-media.com\/pl\/wp-json\/wp\/v2\/comments?post=5710"}],"version-history":[{"count":2,"href":"https:\/\/dlx-media.com\/pl\/wp-json\/wp\/v2\/pages\/5710\/revisions"}],"predecessor-version":[{"id":5725,"href":"https:\/\/dlx-media.com\/pl\/wp-json\/wp\/v2\/pages\/5710\/revisions\/5725"}],"up":[{"embeddable":true,"href":"https:\/\/dlx-media.com\/pl\/wp-json\/wp\/v2\/pages\/4979"}],"wp:featuredmedia":[{"embeddable":true,"href":"https:\/\/dlx-media.com\/pl\/wp-json\/wp\/v2\/media\/5701"}],"wp:attachment":[{"href":"https:\/\/dlx-media.com\/pl\/wp-json\/wp\/v2\/media?parent=5710"}],"curies":[{"name":"wp","href":"https:\/\/api.w.org\/{rel}","templated":true}]}}