{"id":5685,"date":"2025-01-23T21:02:10","date_gmt":"2025-01-23T19:02:10","guid":{"rendered":"https:\/\/dlx-media.com\/slowniczek\/generowanie-leadow\/"},"modified":"2025-01-24T09:46:31","modified_gmt":"2025-01-24T07:46:31","slug":"generowanie-leadow","status":"publish","type":"page","link":"https:\/\/dlx-media.com\/pl\/slowniczek\/generowanie-leadow\/","title":{"rendered":"Generowanie lead\u00f3w"},"content":{"rendered":"<div class=\"wp-block-image\">\n<figure data-spectra-id=\"spectra-552c469c-b8bd-46da-8d62-63fe9d0b8f7f\" class=\"aligncenter size-full\"><img loading=\"lazy\" decoding=\"async\" width=\"1792\" height=\"1024\" src=\"https:\/\/dlx-media.com\/wp-content\/uploads\/Lead_Generation.jpeg\" alt=\"\" class=\"wp-image-5676\" srcset=\"https:\/\/dlx-media.com\/wp-content\/uploads\/Lead_Generation.jpeg 1792w, https:\/\/dlx-media.com\/wp-content\/uploads\/Lead_Generation-350x200.jpeg 350w, https:\/\/dlx-media.com\/wp-content\/uploads\/Lead_Generation-1024x585.jpeg 1024w, https:\/\/dlx-media.com\/wp-content\/uploads\/Lead_Generation-768x439.jpeg 768w, https:\/\/dlx-media.com\/wp-content\/uploads\/Lead_Generation-1536x878.jpeg 1536w\" sizes=\"auto, (max-width: 1792px) 100vw, 1792px\" \/><\/figure>\n<\/div>\n<h3 class=\"wp-block-heading\"><strong>Generowanie lead\u00f3w: klucz do trwa\u0142ego sukcesu biznesowego<\/strong><\/h3>\n\n<p class=\"wp-block-paragraph\">Generowanie lead\u00f3w jest istotn\u0105 cz\u0119\u015bci\u0105 marketingu internetowego, kt\u00f3rego celem jest identyfikacja i przyci\u0105gni\u0119cie potencjalnych klient\u00f3w &#8211; znanych jako <strong>leady<\/strong> &#8211; oraz zaanga\u017cowanie ich w proces sprzeda\u017cy. Proces ten jest szczeg\u00f3lnie wa\u017cny dla firm, kt\u00f3re chc\u0105 rozwija\u0107 si\u0119 w d\u0142u\u017cszej perspektywie i skutecznie dociera\u0107 do swoich grup docelowych. Aby lepiej zrozumie\u0107 z\u0142o\u017cono\u015b\u0107 i r\u00f3\u017cnorodno\u015b\u0107 strategii zwi\u0105zanych z generowaniem lead\u00f3w, przygotowali\u015bmy szczeg\u00f3\u0142owy przegl\u0105d najwa\u017cniejszych termin\u00f3w i poj\u0119\u0107.  <\/p>\n\n<h3 class=\"wp-block-heading\"><strong>Czym jest generowanie lead\u00f3w?<\/strong><\/h3>\n\n<p class=\"wp-block-paragraph\">Generowanie lead\u00f3w odnosi si\u0119 do procesu, w kt\u00f3rym <strong>zainteresowania potencjalnych klient\u00f3w<\/strong> s\u0105 przekszta\u0142cane w konkretne dzia\u0142ania &#8211; czy to poprzez wype\u0142nienie formularza, zapisanie si\u0119 do newslettera czy nawi\u0105zanie bezpo\u015bredniego kontaktu. Celem jest pozyskanie wykwalifikowanych lead\u00f3w, kt\u00f3rzy mog\u0105 p\u00f3\u017aniej sta\u0107 si\u0119 klientami dzi\u0119ki ukierunkowanym dzia\u0142aniom marketingowym i sprzeda\u017cowym. <\/p>\n\n<p class=\"wp-block-paragraph\">Nie chodzi tylko o pozyskiwanie kontakt\u00f3w, ale tak\u017ce o budowanie <strong>trafno\u015bci<\/strong> i <strong>zaufania<\/strong>. Jako\u015b\u0107 potencjalnych klient\u00f3w ma kluczowe znaczenie &#8211; nie chodzi tylko o ilo\u015b\u0107, ale przede wszystkim o przyci\u0105gni\u0119cie potencjalnych klient\u00f3w, kt\u00f3rzy maj\u0105 prawdziwy zamiar zakupu. <\/p>\n\n<h3 class=\"wp-block-heading\"><strong>Wa\u017cne terminy w generowaniu lead\u00f3w<\/strong><\/h3>\n\n<h4 class=\"wp-block-heading\"><strong>1. o\u0142\u00f3w<\/strong><\/h4>\n\n<p class=\"wp-block-paragraph\">Lead to osoba, kt\u00f3ra wykaza\u0142a zainteresowanie produktem lub us\u0142ug\u0105. Cz\u0119sto odbywa si\u0119 to poprzez pozostawienie danych kontaktowych, takich jak adres e-mail lub numer telefonu. <\/p>\n\n<h4 class=\"wp-block-heading\"><strong>2. generowanie lead\u00f3w<\/strong><\/h4>\n\n<p class=\"wp-block-paragraph\">Ukierunkowany proces, dzi\u0119ki kt\u00f3remu potencjalni klienci dowiaduj\u0105 si\u0119 o firmie i s\u0105 przekszta\u0142cani w potencjalnych klient\u00f3w.<\/p>\n\n<h4 class=\"wp-block-heading\"><strong>3. piel\u0119gnowanie potencjalnych klient\u00f3w<\/strong><\/h4>\n\n<p class=\"wp-block-paragraph\">Strategiczne podej\u015bcie, kt\u00f3rego celem jest budowanie relacji z potencjalnymi klientami i prowadzenie ich przez proces sprzeda\u017cy. Celem jest przekszta\u0142cenie lead\u00f3w w p\u0142ac\u0105cych klient\u00f3w krok po kroku. <\/p>\n\n<h4 class=\"wp-block-heading\"><strong>4. lejek sprzeda\u017cy (lejek sprzeda\u017cy)<\/strong><\/h4>\n\n<p class=\"wp-block-paragraph\">Model przedstawiaj\u0105cy \u015bcie\u017ck\u0119 potencjalnego klienta od pierwszego kontaktu do sfinalizowania zakupu. Dzieli proces na r\u00f3\u017cne fazy, np. <strong>\u015bwiadomo\u015b\u0107<\/strong>, <strong>rozwa\u017canie<\/strong> i <strong>decyzj\u0119<\/strong>. <\/p>\n\n<h4 class=\"wp-block-heading\"><strong>5. konwersja<\/strong><\/h4>\n\n<p class=\"wp-block-paragraph\">Moment, w kt\u00f3rym odwiedzaj\u0105cy wykonuje po\u017c\u0105dan\u0105 akcj\u0119, np. kupuje produkt, wype\u0142nia formularz lub rejestruje si\u0119 na webinar.<\/p>\n\n<h4 class=\"wp-block-heading\"><strong>6. wsp\u00f3\u0142czynnik konwersji<\/strong><\/h4>\n\n<p class=\"wp-block-paragraph\">Procentowy wska\u017anik odwiedzaj\u0105cych, kt\u00f3rzy wykonuj\u0105 po\u017c\u0105dan\u0105 akcj\u0119. Jest to kluczowy wska\u017anik sukcesu dzia\u0142a\u0144 zwi\u0105zanych z generowaniem lead\u00f3w. <\/p>\n\n<h4 class=\"wp-block-heading\"><strong>7. strona docelowa<\/strong><\/h4>\n\n<p class=\"wp-block-paragraph\">Specjalnie zaprojektowana strona internetowa, kt\u00f3rej celem jest przekonanie odwiedzaj\u0105cych do podj\u0119cia okre\u015blonego dzia\u0142ania. Cz\u0119sto jest to pierwszy punkt kontaktu dla potencjalnych klient\u00f3w. <\/p>\n\n<h4 class=\"wp-block-heading\"><strong>8. wezwanie do dzia\u0142ania (CTA)<\/strong><\/h4>\n\n<p class=\"wp-block-paragraph\">Jasno sformu\u0142owane wezwanie do dzia\u0142ania, kt\u00f3re zach\u0119ca odwiedzaj\u0105cych do wykonania okre\u015blonej czynno\u015bci &#8211; np. &#8222;Kup teraz&#8221; lub &#8222;Popro\u015b o bezp\u0142atn\u0105 konsultacj\u0119&#8221;.<\/p>\n\n<h3 class=\"wp-block-heading\"><strong>Strategie i narz\u0119dzia do generowania lead\u00f3w<\/strong><\/h3>\n\n<h4 class=\"wp-block-heading\"><strong>Marketing tre\u015bci<\/strong><\/h4>\n\n<p class=\"wp-block-paragraph\">Jednym z najskuteczniejszych sposob\u00f3w generowania lead\u00f3w jest dostarczanie wysokiej jako\u015bci i istotnych tre\u015bci. Artyku\u0142y na blogu, bia\u0142e ksi\u0119gi, e-booki lub webinary nie tylko oferuj\u0105 warto\u015b\u0107 dodan\u0105, ale tak\u017ce dzia\u0142aj\u0105 jako <strong>\u015brodek wymiany<\/strong> w celu uzyskania danych kontaktowych od zainteresowanych stron. <\/p>\n\n<h4 class=\"wp-block-heading\"><strong>SEO (optymalizacja pod k\u0105tem wyszukiwarek)<\/strong><\/h4>\n\n<p class=\"wp-block-paragraph\">Optymalizacja witryny i tre\u015bci pod k\u0105tem wyszukiwarek pozwala przyci\u0105gn\u0105\u0107 ruch organiczny. S\u0142owa kluczowe, wysokiej jako\u015bci tre\u015bci i techniczne SEO odgrywaj\u0105 kluczow\u0105 rol\u0119. <\/p>\n\n<h4 class=\"wp-block-heading\"><strong>Marketing w mediach spo\u0142eczno\u015bciowych<\/strong><\/h4>\n\n<p class=\"wp-block-paragraph\">Platformy takie jak Instagram, LinkedIn i Facebook oferuj\u0105 szeroki zakres mo\u017cliwo\u015bci dotarcia do grup docelowych. Reklamy, interaktywne tre\u015bci i bezpo\u015brednia komunikacja z u\u017cytkownikami mog\u0105 generowa\u0107 i utrzymywa\u0107 potencjalnych klient\u00f3w. <\/p>\n\n<h4 class=\"wp-block-heading\"><strong>E-mail marketing<\/strong><\/h4>\n\n<p class=\"wp-block-paragraph\">Sprawdzone podej\u015bcie do pozyskiwania i piel\u0119gnowania potencjalnych klient\u00f3w. Spersonalizowane kampanie pozwalaj\u0105 dotrze\u0107 do potencjalnych klient\u00f3w i budowa\u0107 d\u0142ugoterminowe relacje. <\/p>\n\n<h4 class=\"wp-block-heading\"><strong>P\u0142atne reklamy (PPC)<\/strong><\/h4>\n\n<p class=\"wp-block-paragraph\">Dzi\u0119ki p\u0142atnym reklamom, na przyk\u0142ad za po\u015brednictwem Google Ads lub Facebooka, mo\u017cna generowa\u0107 ukierunkowane leady. Zaleta: szybko osi\u0105gasz szeroki zasi\u0119g i mo\u017cesz precyzyjnie dotrze\u0107 do swojej grupy docelowej. <\/p>\n\n<h4 class=\"wp-block-heading\"><strong>Systemy CRM<\/strong><\/h4>\n\n<p class=\"wp-block-paragraph\"><strong>System zarz\u0105dzania relacjami<\/strong> z klientami pomaga organizowa\u0107, \u015bledzi\u0107 i skutecznie piel\u0119gnowa\u0107 potencjalnych klient\u00f3w. Zapewnia wgl\u0105d w zachowanie potencjalnych klient\u00f3w i pomaga zoptymalizowa\u0107 proces sprzeda\u017cy. <\/p>\n\n<h3 class=\"wp-block-heading\"><strong>Fazy generowania lead\u00f3w<\/strong><\/h3>\n\n<ol class=\"wp-block-list\">\n<li><strong>Przyci\u0105gaj:<\/strong> Wykorzystaj tre\u015bci, SEO i media spo\u0142eczno\u015bciowe, aby przyci\u0105gn\u0105\u0107 potencjalnych klient\u00f3w do swojej marki.<\/li>\n\n\n\n<li><strong>Konwersja:<\/strong> Przekszta\u0142caj odwiedzaj\u0105cych w potencjalnych klient\u00f3w za pomoc\u0105 formularzy, wezwa\u0144 do dzia\u0142ania i stron docelowych.<\/li>\n\n\n\n<li><strong>Piel\u0119gnowanie:<\/strong> Buduj relacje, np. poprzez spersonalizowane kampanie e-mailowe lub ukierunkowane oferty.<\/li>\n\n\n\n<li><strong>Zamkni\u0119cie transakcji:<\/strong> Doprowadzenie do sfinalizowania zakupu za pomoc\u0105 ukierunkowanych dzia\u0142a\u0144.<\/li>\n\n\n\n<li><strong>Inspiruj (Zachwycaj):<\/strong> Piel\u0119gnuj relacje nawet po zakupie, aby zmieni\u0107 klient\u00f3w w ambasador\u00f3w marki.<\/li>\n<\/ol>\n\n<h3 class=\"wp-block-heading\"><strong>Zalety generowania lead\u00f3w<\/strong><\/h3>\n\n<ul class=\"wp-block-list\">\n<li><strong>Efektywne wykorzystanie zasob\u00f3w:<\/strong> Zamiast losowo umieszcza\u0107 reklamy, skoncentruj si\u0119 na zainteresowanych grupach docelowych.<\/li>\n\n\n\n<li><strong>Zwi\u0119kszenie wsp\u00f3\u0142czynnika konwersji:<\/strong> zakwalifikowani potencjalni klienci z wi\u0119kszym prawdopodobie\u0144stwem stan\u0105 si\u0119 klientami.<\/li>\n\n\n\n<li><strong>Mierzalno\u015b\u0107:<\/strong> Post\u0119p i sukces mo\u017cna analizowa\u0107 za pomoc\u0105 jasnych wska\u017anik\u00f3w KPI, takich jak wsp\u00f3\u0142czynnik konwersji lub ROI.<\/li>\n\n\n\n<li><strong>D\u0142ugoterminowa lojalno\u015b\u0107 klient\u00f3w:<\/strong> Lojalne relacje z klientami s\u0105 tworzone poprzez ukierunkowany kontakt i opiek\u0119.<\/li>\n<\/ul>\n\n<h3 class=\"wp-block-heading\"><strong>Wniosek: Generowanie lead\u00f3w kluczem do sukcesu<\/strong><\/h3>\n\n<p class=\"wp-block-paragraph\"><strong>Generowanie lead\u00f3w<\/strong> to znacznie wi\u0119cej ni\u017c tylko trend &#8211; to podstawa skutecznej strategii marketingowej. Firmy, kt\u00f3re pozyskuj\u0105 ukierunkowanych potencjalnych klient\u00f3w i prowadz\u0105 ich przez proces sprzeda\u017cy, mog\u0105 nie tylko zwi\u0119kszy\u0107 swoje obroty, ale tak\u017ce budowa\u0107 d\u0142ugoterminowe relacje z klientami. Niezale\u017cnie od tego, czy chodzi o content marketing, SEO czy p\u0142atne reklamy &#8211; mo\u017cliwo\u015bci jest wiele. Kluczem jest wyb\u00f3r odpowiednich strategii, zrozumienie potrzeb grupy docelowej i ci\u0105g\u0142a optymalizacja dzia\u0142a\u0144.   <\/p>\n","protected":false},"excerpt":{"rendered":"<p>Generowanie lead\u00f3w: klucz do trwa\u0142ego sukcesu biznesowego Generowanie lead\u00f3w jest istotn\u0105 cz\u0119\u015bci\u0105 marketingu internetowego, kt\u00f3rego celem jest identyfikacja i przyci\u0105gni\u0119cie potencjalnych klient\u00f3w &#8211; znanych jako leady &#8211; oraz zaanga\u017cowanie ich w proces sprzeda\u017cy. Proces ten jest szczeg\u00f3lnie wa\u017cny dla firm,<\/p>\n","protected":false},"author":2332,"featured_media":5678,"parent":4979,"menu_order":0,"comment_status":"closed","ping_status":"closed","template":"","meta":{"_seopress_robots_primary_cat":"","_seopress_titles_title":"Generowanie lead\u00f3w: klucz do wi\u0119kszej liczby klient\u00f3w %%sep%% %%sitetitle%%","_seopress_titles_desc":"Dowiedz si\u0119 wszystkiego o generowaniu lead\u00f3w: strategiach, narz\u0119dziach i technikach przyci\u0105gania wykwalifikowanych lead\u00f3w, zwi\u0119kszania wsp\u00f3\u0142czynnik\u00f3w konwersji i budowania d\u0142ugoterminowych relacji z klientami. Wskaz\u00f3wki dotycz\u0105ce marketingu! ","_seopress_robots_index":"","_crdt_document":"","_uag_custom_page_level_css":"","spectra_gs_classes":"","footnotes":""},"class_list":["post-5685","page","type-page","status-publish","has-post-thumbnail","hentry"],"spectra_custom_meta":{"_top_nav_excluded":[""],"_cms_nav_minihome":[""],"_thumbnail_id":["5678"],"_last_translation_edit_mode":["translation-editor"],"_wp_page_template":[""],"_seopress_analysis_target_kw":[""],"_seopress_titles_title":["Generowanie lead\u00f3w: klucz do wi\u0119kszej liczby klient\u00f3w %%sep%% %%sitetitle%%"],"_seopress_titles_desc":["Dowiedz si\u0119 wszystkiego o generowaniu lead\u00f3w: strategiach, narz\u0119dziach i technikach przyci\u0105gania wykwalifikowanych lead\u00f3w, zwi\u0119kszania wsp\u00f3\u0142czynnik\u00f3w konwersji i budowania d\u0142ugoterminowych relacji z klientami. Wskaz\u00f3wki dotycz\u0105ce marketingu! "],"_seopress_redirections_logged_status":["oba"],"_seopress_redirections_type":["301"],"_uagb_previous_block_counts":["a:90:{s:21:\"uagb\/advanced-heading\";i:0;s:15:\"uagb\/blockquote\";i:0;s:12:\"uagb\/buttons\";i:0;s:18:\"uagb\/buttons-child\";i:0;s:19:\"uagb\/call-to-action\";i:0;s:15:\"uagb\/cf7-styler\";i:0;s:11:\"uagb\/column\";i:0;s:12:\"uagb\/columns\";i:0;s:14:\"uagb\/container\";i:0;s:21:\"uagb\/content-timeline\";i:0;s:27:\"uagb\/content-timeline-child\";i:0;s:14:\"uagb\/countdown\";i:0;s:12:\"uagb\/counter\";i:0;s:8:\"uagb\/faq\";i:0;s:14:\"uagb\/faq-child\";i:0;s:10:\"uagb\/forms\";i:0;s:17:\"uagb\/forms-accept\";i:0;s:19:\"uagb\/forms-checkbox\";i:0;s:15:\"uagb\/forms-date\";i:0;s:16:\"uagb\/forms-email\";i:0;s:17:\"uagb\/forms-hidden\";i:0;s:15:\"uagb\/forms-name\";i:0;s:16:\"uagb\/forms-phone\";i:0;s:16:\"uagb\/forms-radio\";i:0;s:17:\"uagb\/forms-select\";i:0;s:19:\"uagb\/forms-textarea\";i:0;s:17:\"uagb\/forms-toggle\";i:0;s:14:\"uagb\/forms-url\";i:0;s:14:\"uagb\/gf-styler\";i:0;s:15:\"uagb\/google-map\";i:0;s:11:\"uagb\/how-to\";i:0;s:16:\"uagb\/how-to-step\";i:0;s:9:\"uagb\/icon\";i:0;s:14:\"uagb\/icon-list\";i:0;s:20:\"uagb\/icon-list-child\";i:0;s:10:\"uagb\/image\";i:0;s:18:\"uagb\/image-gallery\";i:0;s:13:\"uagb\/info-box\";i:0;s:18:\"uagb\/inline-notice\";i:0;s:11:\"uagb\/lottie\";i:0;s:21:\"uagb\/marketing-button\";i:0;s:10:\"uagb\/modal\";i:0;s:18:\"uagb\/popup-builder\";i:0;s:16:\"uagb\/post-button\";i:0;s:18:\"uagb\/post-carousel\";i:0;s:17:\"uagb\/post-excerpt\";i:0;s:14:\"uagb\/post-grid\";i:0;s:15:\"uagb\/post-image\";i:0;s:17:\"uagb\/post-masonry\";i:0;s:14:\"uagb\/post-meta\";i:0;s:18:\"uagb\/post-taxonomy\";i:0;s:18:\"uagb\/post-timeline\";i:0;s:15:\"uagb\/post-title\";i:0;s:20:\"uagb\/restaurant-menu\";i:0;s:26:\"uagb\/restaurant-menu-child\";i:0;s:11:\"uagb\/review\";i:0;s:12:\"uagb\/section\";i:0;s:14:\"uagb\/separator\";i:0;s:11:\"uagb\/slider\";i:0;s:17:\"uagb\/slider-child\";i:0;s:17:\"uagb\/social-share\";i:0;s:23:\"uagb\/social-share-child\";i:0;s:16:\"uagb\/star-rating\";i:0;s:23:\"uagb\/sure-cart-checkout\";i:0;s:22:\"uagb\/sure-cart-product\";i:0;s:15:\"uagb\/sure-forms\";i:0;s:22:\"uagb\/table-of-contents\";i:0;s:9:\"uagb\/tabs\";i:0;s:15:\"uagb\/tabs-child\";i:0;s:18:\"uagb\/taxonomy-list\";i:0;s:9:\"uagb\/team\";i:0;s:16:\"uagb\/testimonial\";i:0;s:14:\"uagb\/wp-search\";i:0;s:19:\"uagb\/instagram-feed\";i:0;s:10:\"uagb\/login\";i:0;s:17:\"uagb\/loop-builder\";i:0;s:18:\"uagb\/loop-category\";i:0;s:20:\"uagb\/loop-pagination\";i:0;s:15:\"uagb\/loop-reset\";i:0;s:16:\"uagb\/loop-search\";i:0;s:14:\"uagb\/loop-sort\";i:0;s:17:\"uagb\/loop-wrapper\";i:0;s:13:\"uagb\/register\";i:0;s:19:\"uagb\/register-email\";i:0;s:24:\"uagb\/register-first-name\";i:0;s:23:\"uagb\/register-last-name\";i:0;s:22:\"uagb\/register-password\";i:0;s:30:\"uagb\/register-reenter-password\";i:0;s:19:\"uagb\/register-terms\";i:0;s:22:\"uagb\/register-username\";i:0;}"],"_uag_page_assets":["a:9:{s:3:\"css\";s:263:\".uag-blocks-common-selector{z-index:var(--z-index-desktop) !important}@media (max-width: 976px){.uag-blocks-common-selector{z-index:var(--z-index-tablet) !important}}@media (max-width: 767px){.uag-blocks-common-selector{z-index:var(--z-index-mobile) !important}}\n\";s:2:\"js\";s:0:\"\";s:18:\"current_block_list\";a:5:{i:0;s:10:\"core\/image\";i:1;s:12:\"core\/heading\";i:2;s:14:\"core\/paragraph\";i:3;s:9:\"core\/list\";i:4;s:14:\"core\/list-item\";}s:8:\"uag_flag\";b:0;s:11:\"uag_version\";s:10:\"1774890645\";s:6:\"gfonts\";a:0:{}s:10:\"gfonts_url\";s:0:\"\";s:12:\"gfonts_files\";a:0:{}s:14:\"uag_faq_layout\";b:0;}"],"_uag_css_file_name":["uag-css-5685.css"]},"uagb_featured_image_src":{"full":["https:\/\/dlx-media.com\/wp-content\/uploads\/Lead_Generation.jpeg",1792,1024,false],"thumbnail":["https:\/\/dlx-media.com\/wp-content\/uploads\/Lead_Generation-250x250.jpeg",250,250,true],"medium":["https:\/\/dlx-media.com\/wp-content\/uploads\/Lead_Generation-350x200.jpeg",350,200,true],"medium_large":["https:\/\/dlx-media.com\/wp-content\/uploads\/Lead_Generation-768x439.jpeg",768,439,true],"large":["https:\/\/dlx-media.com\/wp-content\/uploads\/Lead_Generation-1024x585.jpeg",1024,585,true],"1536x1536":["https:\/\/dlx-media.com\/wp-content\/uploads\/Lead_Generation-1536x878.jpeg",1536,878,true],"2048x2048":["https:\/\/dlx-media.com\/wp-content\/uploads\/Lead_Generation.jpeg",1792,1024,false],"suffice-thumbnail-grid":["https:\/\/dlx-media.com\/wp-content\/uploads\/Lead_Generation-750x420.jpeg",750,420,true],"suffice-thumbnail-featured-one":["https:\/\/dlx-media.com\/wp-content\/uploads\/Lead_Generation-295x525.jpeg",295,525,true],"suffice-thumbnail-featured-two":["https:\/\/dlx-media.com\/wp-content\/uploads\/Lead_Generation-1140x504.jpeg",1140,504,true],"suffice-thumbnail-portfolio":["https:\/\/dlx-media.com\/wp-content\/uploads\/Lead_Generation-572x552.jpeg",572,552,true],"suffice-thumbnail-portfolio-masonry":["https:\/\/dlx-media.com\/wp-content\/uploads\/Lead_Generation-572x652.jpeg",572,652,true]},"uagb_author_info":{"display_name":"DLxMedia","author_link":"https:\/\/dlx-media.com\/pl"},"uagb_comment_info":0,"uagb_excerpt":"Generowanie lead\u00f3w: klucz do trwa\u0142ego sukcesu biznesowego Generowanie lead\u00f3w jest istotn\u0105 cz\u0119\u015bci\u0105 marketingu internetowego, kt\u00f3rego celem jest identyfikacja i przyci\u0105gni\u0119cie potencjalnych klient\u00f3w &#8211; znanych jako leady &#8211; oraz zaanga\u017cowanie ich w proces sprzeda\u017cy. Proces ten jest szczeg\u00f3lnie wa\u017cny dla firm,","_links":{"self":[{"href":"https:\/\/dlx-media.com\/pl\/wp-json\/wp\/v2\/pages\/5685","targetHints":{"allow":["GET"]}}],"collection":[{"href":"https:\/\/dlx-media.com\/pl\/wp-json\/wp\/v2\/pages"}],"about":[{"href":"https:\/\/dlx-media.com\/pl\/wp-json\/wp\/v2\/types\/page"}],"author":[{"embeddable":true,"href":"https:\/\/dlx-media.com\/pl\/wp-json\/wp\/v2\/users\/2332"}],"replies":[{"embeddable":true,"href":"https:\/\/dlx-media.com\/pl\/wp-json\/wp\/v2\/comments?post=5685"}],"version-history":[{"count":2,"href":"https:\/\/dlx-media.com\/pl\/wp-json\/wp\/v2\/pages\/5685\/revisions"}],"predecessor-version":[{"id":5728,"href":"https:\/\/dlx-media.com\/pl\/wp-json\/wp\/v2\/pages\/5685\/revisions\/5728"}],"up":[{"embeddable":true,"href":"https:\/\/dlx-media.com\/pl\/wp-json\/wp\/v2\/pages\/4979"}],"wp:featuredmedia":[{"embeddable":true,"href":"https:\/\/dlx-media.com\/pl\/wp-json\/wp\/v2\/media\/5678"}],"wp:attachment":[{"href":"https:\/\/dlx-media.com\/pl\/wp-json\/wp\/v2\/media?parent=5685"}],"curies":[{"name":"wp","href":"https:\/\/api.w.org\/{rel}","templated":true}]}}