{"id":5670,"date":"2025-01-23T20:23:43","date_gmt":"2025-01-23T18:23:43","guid":{"rendered":"https:\/\/dlx-media.com\/slowniczek\/strona-docelowa\/"},"modified":"2025-01-23T20:45:28","modified_gmt":"2025-01-23T18:45:28","slug":"strona-docelowa","status":"publish","type":"page","link":"https:\/\/dlx-media.com\/pl\/slowniczek\/strona-docelowa\/","title":{"rendered":"Strona docelowa"},"content":{"rendered":"\n<figure data-spectra-id=\"spectra-4518aac9-aec8-4da5-9d7f-077484bd2982\" class=\"wp-block-image size-full\"><img loading=\"lazy\" decoding=\"async\" width=\"1792\" height=\"1024\" src=\"https:\/\/dlx-media.com\/wp-content\/uploads\/Landing-Page-Landingpage.jpeg\" alt=\"Strona docelowa - Strona docelowa\" class=\"wp-image-5662\" srcset=\"https:\/\/dlx-media.com\/wp-content\/uploads\/Landing-Page-Landingpage.jpeg 1792w, https:\/\/dlx-media.com\/wp-content\/uploads\/Landing-Page-Landingpage-350x200.jpeg 350w, https:\/\/dlx-media.com\/wp-content\/uploads\/Landing-Page-Landingpage-1024x585.jpeg 1024w, https:\/\/dlx-media.com\/wp-content\/uploads\/Landing-Page-Landingpage-768x439.jpeg 768w, https:\/\/dlx-media.com\/wp-content\/uploads\/Landing-Page-Landingpage-1536x878.jpeg 1536w\" sizes=\"auto, (max-width: 1792px) 100vw, 1792px\" \/><\/figure>\n\n<h3 class=\"wp-block-heading\">Strona docelowa: Centralny element udanych kampanii marketingowych online<\/h3>\n\n<p class=\"wp-block-paragraph\"><strong>Landing<\/strong> <strong>page<\/strong> to znacznie wi\u0119cej ni\u017c tylko kolejna strona w witrynie. Jest to specjalnie opracowane narz\u0119dzie, kt\u00f3re znajduje si\u0119 w centrum internetowych kampanii marketingowych. Jego celem jest nakierowanie odwiedzaj\u0105cych na konkretne dzia\u0142anie &#8211; zakup produktu, wype\u0142nienie formularza, zapisanie si\u0119 do newslettera lub pobranie pliku. Dobrze zaprojektowana strona docelowa mo\u017ce stanowi\u0107 r\u00f3\u017cnic\u0119 mi\u0119dzy udan\u0105 kampani\u0105 a tak\u0105, kt\u00f3ra nie przynosi prawie \u017cadnych rezultat\u00f3w.   <\/p>\n\n<h3 class=\"wp-block-heading\">Czym jest strona docelowa?<\/h3>\n\n<p class=\"wp-block-paragraph\">W przeciwie\u0144stwie do zwyk\u0142ych stron internetowych, kt\u00f3re cz\u0119sto oferuj\u0105 r\u00f3\u017cnorodne informacje i opcje nawigacji, strona docelowa jest celowo <strong>skoncentrowana<\/strong>. Jest tworzony specjalnie na potrzeby <strong>kampanii marketingowej<\/strong> lub <strong>reklamy<\/strong> w wyszukiwarce i d\u0105\u017cy do jednego, jasno okre\u015blonego celu: <strong>konwersji<\/strong>. Odwiedzaj\u0105cy zazwyczaj trafiaj\u0105 na stron\u0119 docelow\u0105 poprzez link reklamowy, wpis w wynikach wyszukiwania (SERP), wiadomo\u015b\u0107 e-mail lub reklam\u0119 w mediach spo\u0142eczno\u015bciowych.  <\/p>\n\n<p class=\"wp-block-paragraph\">Kluczow\u0105 cech\u0105 stron docelowych jest ich <strong>izolacja od reszty nawigacji witryny<\/strong>. Oznacza to, \u017ce rozpraszanie uwagi jest zminimalizowane w celu skierowania odwiedzaj\u0105cego do po\u017c\u0105danej akcji. Ka\u017cdy element strony &#8211; od projektu, przez tekst, po obrazy &#8211; s\u0142u\u017cy przekonaniu odwiedzaj\u0105cego do wykonania po\u017c\u0105danej akcji.  <\/p>\n\n<h3 class=\"wp-block-heading\">Funkcje i cele strony docelowej<\/h3>\n\n<p class=\"wp-block-paragraph\">G\u0142\u00f3wnym zadaniem landing page&#8217;a jest poprowadzenie u\u017cytkownika jasn\u0105 i logiczn\u0105 \u015bcie\u017ck\u0105, kt\u00f3ra zako\u0144czy si\u0119 <strong>konwersj\u0105<\/strong>. Obejmuj\u0105 one:<\/p>\n\n<ol class=\"wp-block-list\">\n<li><strong>Prezentacja oferty:<\/strong> czy to specjalna zni\u017cka, nowy produkt czy rejestracja na webinar &#8211; strona docelowa dostarcza wszystkich informacji potrzebnych u\u017cytkownikowi do podj\u0119cia decyzji.<\/li>\n\n\n\n<li><strong>Skoncentrowane wskaz\u00f3wki dla u\u017cytkownika:<\/strong> W przeciwie\u0144stwie do konwencjonalnych stron internetowych, landing page nie oferuje menu nawigacyjnych ani link\u00f3w, kt\u00f3re mog\u0142yby rozprasza\u0107 odwiedzaj\u0105cego. Koncentruje si\u0119 wy\u0142\u0105cznie na promowaniu po\u017c\u0105danego dzia\u0142ania. <\/li>\n\n\n\n<li><strong>Zwi\u0119kszenie wsp\u00f3\u0142czynnika konwersji:<\/strong> Dobrze zoptymalizowana strona docelowa mo\u017ce znacznie zwi\u0119kszy\u0107 <strong>wsp\u00f3\u0142czynnik konwersji<\/strong>. Jasne komunikaty, mocne elementy wizualne i atrakcyjne wezwania do dzia\u0142ania (CTA) zwi\u0119kszaj\u0105 prawdopodobie\u0144stwo, \u017ce odwiedzaj\u0105cy stan\u0105 si\u0119 klientami lub potencjalnymi klientami. <\/li>\n<\/ol>\n\n<h3 class=\"wp-block-heading\">Rodzaje stron docelowych<\/h3>\n\n<p class=\"wp-block-paragraph\">Istniej\u0105 dwa g\u0142\u00f3wne typy stron docelowych, z kt\u00f3rych ka\u017cdy s\u0142u\u017cy do innych cel\u00f3w:<\/p>\n\n<ol class=\"wp-block-list\">\n<li><br\/>S<strong>trony docelowe po klikni\u0119ciu:<\/strong> Strony te maj\u0105 na celu przekierowanie u\u017cytkownika na inn\u0105 stron\u0119, na kt\u00f3rej nast\u0119puje konwersja. S\u0105 one cz\u0119sto u\u017cywane w witrynach e-commerce, gdzie przenosz\u0105 u\u017cytkownika na stron\u0119 produktu. <\/li>\n\n\n\n<li><br\/>S<strong>trony docelowe generowania lead\u00f3w:<\/strong> Strony te maj\u0105 na celu zbieranie informacji kontaktowych od odwiedzaj\u0105cych w celu generowania lead\u00f3w. Zazwyczaj zawieraj\u0105 one formularz, w kt\u00f3rym u\u017cytkownik mo\u017ce wprowadzi\u0107 swoje dane, takie jak imi\u0119 i nazwisko, adres e-mail lub numer telefonu. Strony docelowe generowania lead\u00f3w s\u0105 szczeg\u00f3lnie rozpowszechnione w strategiach marketingowych B2B.  <\/li>\n<\/ol>\n\n<h3 class=\"wp-block-heading\">Sk\u0142adniki skutecznej strony docelowej<\/h3>\n\n<p class=\"wp-block-paragraph\">Dobrze zaprojektowana strona docelowa \u0142\u0105czy w sobie kilka kluczowych czynnik\u00f3w, aby zmaksymalizowa\u0107 wp\u0142yw:<\/p>\n\n<ol class=\"wp-block-list\">\n<li><br\/>J<strong>asny i zwi\u0119z\u0142y tytu\u0142:<\/strong> Tytu\u0142 jest pierwsz\u0105 rzecz\u0105, kt\u00f3r\u0105 widzi odwiedzaj\u0105cy i powinien natychmiast przyci\u0105ga\u0107 uwag\u0119 i przekazywa\u0107 korzy\u015bci p\u0142yn\u0105ce z oferty.<\/li>\n\n\n\n<li><br\/>P<strong>rzekonuj\u0105ce podtytu\u0142y:<\/strong> Opr\u00f3cz tytu\u0142u, podtytu\u0142 pog\u0142\u0119bia g\u0142\u00f3wne przes\u0142anie i kr\u00f3tko wyja\u015bnia, dlaczego oferta jest warto\u015bciowa.<\/li>\n\n\n\n<li><br\/>E<strong>lementy wizualne:<\/strong> Wysokiej jako\u015bci obrazy, filmy lub grafiki mog\u0105 wizualnie podkre\u015bla\u0107 ofert\u0119 i wspiera\u0107 przekaz witryny.<\/li>\n\n\n\n<li><br\/>W<strong>ezwanie do dzia\u0142ania (CTA):<\/strong> Silne i przyci\u0105gaj\u0105ce wzrok wezwanie do dzia\u0142ania ma kluczowe znaczenie. Powinno by\u0107 jasno sformu\u0142owane, takie jak &#8222;Kup teraz&#8221;, &#8222;Dowiedz si\u0119 wi\u0119cej&#8221; lub &#8222;Zarejestruj si\u0119 za darmo&#8221; i wizualnie podkre\u015blone. <\/li>\n\n\n\n<li><br\/>T<strong>re\u015b\u0107 zorientowana na korzy\u015bci:<\/strong> Tekst powinien podkre\u015bla\u0107 warto\u015b\u0107 dodan\u0105 oferty i wyra\u017anie pokazywa\u0107, w jaki spos\u00f3b u\u017cytkownik z niej korzysta.<\/li>\n\n\n\n<li><br\/>D<strong>ow\u00f3d spo\u0142eczny:<\/strong> Opinie klient\u00f3w, referencje lub logo znanych firm partnerskich mog\u0105 budowa\u0107 zaufanie i zwi\u0119ksza\u0107 wiarygodno\u015b\u0107 witryny.<\/li>\n\n\n\n<li><br\/>F<strong>ormularze:<\/strong> W przypadku stron generowania lead\u00f3w formularze powinny by\u0107 kr\u00f3tkie i przyjazne dla u\u017cytkownika, aby zminimalizowa\u0107 przeszkody dla u\u017cytkownika.<\/li>\n\n\n\n<li><br\/>O<strong>ptymalizacja mobilna<\/strong>: Poniewa\u017c wielu u\u017cytkownik\u00f3w uzyskuje dost\u0119p do stron docelowych za po\u015brednictwem urz\u0105dze\u0144 mobilnych, optymalizacja mobilna jest niezb\u0119dna. Strona powinna dzia\u0142a\u0107 idealnie na wszystkich rozmiarach ekranu. <\/li>\n<\/ol>\n\n<h3 class=\"wp-block-heading\">SEO i strony docelowe<\/h3>\n\n<p class=\"wp-block-paragraph\">Strony docelowe odgrywaj\u0105 r\u00f3wnie\u017c wa\u017cn\u0105 rol\u0119 w <strong>optymalizacji pod k\u0105tem wyszukiwarek (SEO)<\/strong>. Ukierunkowana optymalizacja z <strong>odpowiednimi s\u0142owami kluczowymi<\/strong>, <strong>szybkim czasem \u0142adowania<\/strong> i <strong>wysokim poziomem przyjazno\u015bci dla u\u017cytkownika<\/strong> mo\u017ce pom\u00f3c w zapewnieniu dobrej pozycji strony w wynikach wyszukiwania i przyci\u0105gni\u0119ciu wykwalifikowanego ruchu. <\/p>\n\n<p class=\"wp-block-paragraph\">Wykorzystanie <strong>s\u0142\u00f3w kluczowych z d\u0142ugiego ogona<\/strong> jest tutaj szczeg\u00f3lnie skuteczne, poniewa\u017c odnosz\u0105 si\u0119 one do konkretnych zapyta\u0144 i cz\u0119sto maj\u0105 mniejsz\u0105 konkurencj\u0119. Ponadto strony docelowe mog\u0105 zyska\u0107 jeszcze wi\u0119ksz\u0105 widoczno\u015b\u0107 dzi\u0119ki ukierunkowanym strategiom link\u00f3w zwrotnych i integracji z p\u0142atnymi kampaniami reklamowymi. <\/p>\n\n<h3 class=\"wp-block-heading\">Pomiar i optymalizacja wydajno\u015bci<\/h3>\n\n<p class=\"wp-block-paragraph\">Wydajno\u015b\u0107 strony docelowej powinna by\u0107 regularnie analizowana w celu zidentyfikowania mo\u017cliwo\u015bci poprawy. Wa\u017cne kluczowe dane to: <\/p>\n\n<ul class=\"wp-block-list\">\n<li><strong>Wsp\u00f3\u0142czynnik konwersji<\/strong>: procent odwiedzaj\u0105cych, kt\u00f3rzy wykonuj\u0105 po\u017c\u0105dane dzia\u0142anie.<\/li>\n\n\n\n<li><strong>Wsp\u00f3\u0142czynnik odrzuce\u0144<\/strong>: wskazuje, ilu odwiedzaj\u0105cych opuszcza stron\u0119 bez interakcji.<\/li>\n\n\n\n<li><strong>Czas przebywania<\/strong>: Pokazuje, jak d\u0142ugo u\u017cytkownik pozostaje na stronie.<\/li>\n\n\n\n<li><strong>Wsp\u00f3\u0142czynnik klikalno\u015bci (CTR):<\/strong> Mierzy, ilu u\u017cytkownik\u00f3w klika na wezwanie do dzia\u0142ania.<\/li>\n<\/ul>\n\n<p class=\"wp-block-paragraph\">Testy A\/B mog\u0105 by\u0107 wykorzystywane do testowania r\u00f3\u017cnych wersji strony docelowej, aby dowiedzie\u0107 si\u0119, kt\u00f3re elementy dzia\u0142aj\u0105 najlepiej.<\/p>\n\n<h3 class=\"wp-block-heading\">Podsumowanie: Znaczenie strony docelowej<\/h3>\n\n<p class=\"wp-block-paragraph\"><strong>Strona docelowa<\/strong> jest niezb\u0119dnym narz\u0119dziem w nowoczesnym marketingu online. Oferuje jasn\u0105 i ukierunkowan\u0105 mo\u017cliwo\u015b\u0107 przekszta\u0142cenia odwiedzaj\u0105cych w klient\u00f3w lub potencjalnych klient\u00f3w. Koncentruj\u0105c si\u0119 na konkretnym celu i strategicznym projekcie, mo\u017ce mie\u0107 znacz\u0105cy wp\u0142yw na sukces kampanii marketingowej.  <\/p>\n\n<p class=\"wp-block-paragraph\">Chocia\u017c tworzenie i optymalizacja stron docelowych wymaga czasu i zasob\u00f3w, wysi\u0142ek ten op\u0142aca si\u0119 w d\u0142u\u017cszej perspektywie. Dzi\u0119ki odpowiedniej tre\u015bci, przekonuj\u0105cemu projektowi i wyra\u017anemu wezwaniu do dzia\u0142ania, strony docelowe mog\u0105 nie tylko zwi\u0119kszy\u0107 wsp\u00f3\u0142czynnik konwersji, ale tak\u017ce wzmocni\u0107 zaufanie i lojalno\u015b\u0107 u\u017cytkownik\u00f3w wobec marki. <\/p>\n\n<p class=\"wp-block-paragraph\"><\/p>\n","protected":false},"excerpt":{"rendered":"<p>Strona docelowa: Centralny element udanych kampanii marketingowych online Landing page to znacznie wi\u0119cej ni\u017c tylko kolejna strona w witrynie. Jest to specjalnie opracowane narz\u0119dzie, kt\u00f3re znajduje si\u0119 w centrum internetowych kampanii marketingowych. Jego celem jest nakierowanie odwiedzaj\u0105cych na konkretne dzia\u0142anie<\/p>\n","protected":false},"author":2332,"featured_media":5664,"parent":4979,"menu_order":0,"comment_status":"closed","ping_status":"closed","template":"","meta":{"_seopress_robots_primary_cat":"","_seopress_titles_title":"Landing page: wi\u0119cej konwersji i skuteczne strategie marketingowe %%sep%% %%sitetitle%%","_seopress_titles_desc":"Dowiedz si\u0119 wszystkiego o stronach docelowych: jak dzia\u0142aj\u0105, jakie s\u0105 ich rodzaje i jak mo\u017cesz zoptymalizowa\u0107 swoj\u0105 stron\u0119 docelow\u0105, aby uzyska\u0107 maksymaln\u0105 liczb\u0119 konwersji i lepsze SEO. Wskaz\u00f3wki i triki dla wi\u0119kszego sukcesu! ","_seopress_robots_index":"","_crdt_document":"","_uag_custom_page_level_css":"","spectra_gs_classes":"","footnotes":""},"class_list":["post-5670","page","type-page","status-publish","has-post-thumbnail","hentry"],"spectra_custom_meta":{"_top_nav_excluded":[""],"_cms_nav_minihome":[""],"_thumbnail_id":["5664"],"_last_translation_edit_mode":["translation-editor"],"_wp_page_template":[""],"_seopress_titles_title":["Landing page: wi\u0119cej konwersji i skuteczne strategie marketingowe %%sep%% %%sitetitle%%"],"_seopress_titles_desc":["Dowiedz si\u0119 wszystkiego o stronach docelowych: jak dzia\u0142aj\u0105, jakie s\u0105 ich rodzaje i jak mo\u017cesz zoptymalizowa\u0107 swoj\u0105 stron\u0119 docelow\u0105, aby uzyska\u0107 maksymaln\u0105 liczb\u0119 konwersji i lepsze SEO. Wskaz\u00f3wki i triki dla wi\u0119kszego sukcesu! "],"_seopress_redirections_logged_status":["oba"],"_seopress_redirections_type":["301"],"_uagb_previous_block_counts":["a:90:{s:21:\"uagb\/advanced-heading\";i:0;s:15:\"uagb\/blockquote\";i:0;s:12:\"uagb\/buttons\";i:0;s:18:\"uagb\/buttons-child\";i:0;s:19:\"uagb\/call-to-action\";i:0;s:15:\"uagb\/cf7-styler\";i:0;s:11:\"uagb\/column\";i:0;s:12:\"uagb\/columns\";i:0;s:14:\"uagb\/container\";i:0;s:21:\"uagb\/content-timeline\";i:0;s:27:\"uagb\/content-timeline-child\";i:0;s:14:\"uagb\/countdown\";i:0;s:12:\"uagb\/counter\";i:0;s:8:\"uagb\/faq\";i:0;s:14:\"uagb\/faq-child\";i:0;s:10:\"uagb\/forms\";i:0;s:17:\"uagb\/forms-accept\";i:0;s:19:\"uagb\/forms-checkbox\";i:0;s:15:\"uagb\/forms-date\";i:0;s:16:\"uagb\/forms-email\";i:0;s:17:\"uagb\/forms-hidden\";i:0;s:15:\"uagb\/forms-name\";i:0;s:16:\"uagb\/forms-phone\";i:0;s:16:\"uagb\/forms-radio\";i:0;s:17:\"uagb\/forms-select\";i:0;s:19:\"uagb\/forms-textarea\";i:0;s:17:\"uagb\/forms-toggle\";i:0;s:14:\"uagb\/forms-url\";i:0;s:14:\"uagb\/gf-styler\";i:0;s:15:\"uagb\/google-map\";i:0;s:11:\"uagb\/how-to\";i:0;s:16:\"uagb\/how-to-step\";i:0;s:9:\"uagb\/icon\";i:0;s:14:\"uagb\/icon-list\";i:0;s:20:\"uagb\/icon-list-child\";i:0;s:10:\"uagb\/image\";i:0;s:18:\"uagb\/image-gallery\";i:0;s:13:\"uagb\/info-box\";i:0;s:18:\"uagb\/inline-notice\";i:0;s:11:\"uagb\/lottie\";i:0;s:21:\"uagb\/marketing-button\";i:0;s:10:\"uagb\/modal\";i:0;s:18:\"uagb\/popup-builder\";i:0;s:16:\"uagb\/post-button\";i:0;s:18:\"uagb\/post-carousel\";i:0;s:17:\"uagb\/post-excerpt\";i:0;s:14:\"uagb\/post-grid\";i:0;s:15:\"uagb\/post-image\";i:0;s:17:\"uagb\/post-masonry\";i:0;s:14:\"uagb\/post-meta\";i:0;s:18:\"uagb\/post-taxonomy\";i:0;s:18:\"uagb\/post-timeline\";i:0;s:15:\"uagb\/post-title\";i:0;s:20:\"uagb\/restaurant-menu\";i:0;s:26:\"uagb\/restaurant-menu-child\";i:0;s:11:\"uagb\/review\";i:0;s:12:\"uagb\/section\";i:0;s:14:\"uagb\/separator\";i:0;s:11:\"uagb\/slider\";i:0;s:17:\"uagb\/slider-child\";i:0;s:17:\"uagb\/social-share\";i:0;s:23:\"uagb\/social-share-child\";i:0;s:16:\"uagb\/star-rating\";i:0;s:23:\"uagb\/sure-cart-checkout\";i:0;s:22:\"uagb\/sure-cart-product\";i:0;s:15:\"uagb\/sure-forms\";i:0;s:22:\"uagb\/table-of-contents\";i:0;s:9:\"uagb\/tabs\";i:0;s:15:\"uagb\/tabs-child\";i:0;s:18:\"uagb\/taxonomy-list\";i:0;s:9:\"uagb\/team\";i:0;s:16:\"uagb\/testimonial\";i:0;s:14:\"uagb\/wp-search\";i:0;s:19:\"uagb\/instagram-feed\";i:0;s:10:\"uagb\/login\";i:0;s:17:\"uagb\/loop-builder\";i:0;s:18:\"uagb\/loop-category\";i:0;s:20:\"uagb\/loop-pagination\";i:0;s:15:\"uagb\/loop-reset\";i:0;s:16:\"uagb\/loop-search\";i:0;s:14:\"uagb\/loop-sort\";i:0;s:17:\"uagb\/loop-wrapper\";i:0;s:13:\"uagb\/register\";i:0;s:19:\"uagb\/register-email\";i:0;s:24:\"uagb\/register-first-name\";i:0;s:23:\"uagb\/register-last-name\";i:0;s:22:\"uagb\/register-password\";i:0;s:30:\"uagb\/register-reenter-password\";i:0;s:19:\"uagb\/register-terms\";i:0;s:22:\"uagb\/register-username\";i:0;}"],"_uag_page_assets":["a:9:{s:3:\"css\";s:263:\".uag-blocks-common-selector{z-index:var(--z-index-desktop) !important}@media (max-width: 976px){.uag-blocks-common-selector{z-index:var(--z-index-tablet) !important}}@media (max-width: 767px){.uag-blocks-common-selector{z-index:var(--z-index-mobile) !important}}\n\";s:2:\"js\";s:0:\"\";s:18:\"current_block_list\";a:5:{i:0;s:10:\"core\/image\";i:1;s:12:\"core\/heading\";i:2;s:14:\"core\/paragraph\";i:3;s:9:\"core\/list\";i:4;s:14:\"core\/list-item\";}s:8:\"uag_flag\";b:0;s:11:\"uag_version\";s:10:\"1775815218\";s:6:\"gfonts\";a:0:{}s:10:\"gfonts_url\";s:0:\"\";s:12:\"gfonts_files\";a:0:{}s:14:\"uag_faq_layout\";b:0;}"],"_uag_css_file_name":["uag-css-5670.css"]},"uagb_featured_image_src":{"full":["https:\/\/dlx-media.com\/wp-content\/uploads\/Landing-Page-Landingpage.jpeg",1792,1024,false],"thumbnail":["https:\/\/dlx-media.com\/wp-content\/uploads\/Landing-Page-Landingpage-250x250.jpeg",250,250,true],"medium":["https:\/\/dlx-media.com\/wp-content\/uploads\/Landing-Page-Landingpage-350x200.jpeg",350,200,true],"medium_large":["https:\/\/dlx-media.com\/wp-content\/uploads\/Landing-Page-Landingpage-768x439.jpeg",768,439,true],"large":["https:\/\/dlx-media.com\/wp-content\/uploads\/Landing-Page-Landingpage-1024x585.jpeg",1024,585,true],"1536x1536":["https:\/\/dlx-media.com\/wp-content\/uploads\/Landing-Page-Landingpage-1536x878.jpeg",1536,878,true],"2048x2048":["https:\/\/dlx-media.com\/wp-content\/uploads\/Landing-Page-Landingpage.jpeg",1792,1024,false],"suffice-thumbnail-grid":["https:\/\/dlx-media.com\/wp-content\/uploads\/Landing-Page-Landingpage-750x420.jpeg",750,420,true],"suffice-thumbnail-featured-one":["https:\/\/dlx-media.com\/wp-content\/uploads\/Landing-Page-Landingpage-295x525.jpeg",295,525,true],"suffice-thumbnail-featured-two":["https:\/\/dlx-media.com\/wp-content\/uploads\/Landing-Page-Landingpage-1140x504.jpeg",1140,504,true],"suffice-thumbnail-portfolio":["https:\/\/dlx-media.com\/wp-content\/uploads\/Landing-Page-Landingpage-572x552.jpeg",572,552,true],"suffice-thumbnail-portfolio-masonry":["https:\/\/dlx-media.com\/wp-content\/uploads\/Landing-Page-Landingpage-572x652.jpeg",572,652,true]},"uagb_author_info":{"display_name":"DLxMedia","author_link":"https:\/\/dlx-media.com\/pl"},"uagb_comment_info":0,"uagb_excerpt":"Strona docelowa: Centralny element udanych kampanii marketingowych online Landing page to znacznie wi\u0119cej ni\u017c tylko kolejna strona w witrynie. Jest to specjalnie opracowane narz\u0119dzie, kt\u00f3re znajduje si\u0119 w centrum internetowych kampanii marketingowych. Jego celem jest nakierowanie odwiedzaj\u0105cych na konkretne dzia\u0142anie","_links":{"self":[{"href":"https:\/\/dlx-media.com\/pl\/wp-json\/wp\/v2\/pages\/5670","targetHints":{"allow":["GET"]}}],"collection":[{"href":"https:\/\/dlx-media.com\/pl\/wp-json\/wp\/v2\/pages"}],"about":[{"href":"https:\/\/dlx-media.com\/pl\/wp-json\/wp\/v2\/types\/page"}],"author":[{"embeddable":true,"href":"https:\/\/dlx-media.com\/pl\/wp-json\/wp\/v2\/users\/2332"}],"replies":[{"embeddable":true,"href":"https:\/\/dlx-media.com\/pl\/wp-json\/wp\/v2\/comments?post=5670"}],"version-history":[{"count":1,"href":"https:\/\/dlx-media.com\/pl\/wp-json\/wp\/v2\/pages\/5670\/revisions"}],"predecessor-version":[{"id":5671,"href":"https:\/\/dlx-media.com\/pl\/wp-json\/wp\/v2\/pages\/5670\/revisions\/5671"}],"up":[{"embeddable":true,"href":"https:\/\/dlx-media.com\/pl\/wp-json\/wp\/v2\/pages\/4979"}],"wp:featuredmedia":[{"embeddable":true,"href":"https:\/\/dlx-media.com\/pl\/wp-json\/wp\/v2\/media\/5664"}],"wp:attachment":[{"href":"https:\/\/dlx-media.com\/pl\/wp-json\/wp\/v2\/media?parent=5670"}],"curies":[{"name":"wp","href":"https:\/\/api.w.org\/{rel}","templated":true}]}}