{"id":5657,"date":"2025-01-23T16:56:28","date_gmt":"2025-01-23T14:56:28","guid":{"rendered":"https:\/\/dlx-media.com\/o-nas\/"},"modified":"2025-01-23T19:56:30","modified_gmt":"2025-01-23T17:56:30","slug":"o-nas","status":"publish","type":"page","link":"https:\/\/dlx-media.com\/pl\/o-nas\/","title":{"rendered":"O nas"},"content":{"rendered":"<div class=\"wp-block-image\">\n<figure data-spectra-id=\"spectra-af8ce483-775e-4abf-8498-2cc16b3f8736\" class=\"aligncenter size-full\"><img loading=\"lazy\" decoding=\"async\" width=\"1080\" height=\"617\" src=\"https:\/\/dlx-media.com\/file\/DLx-Media-Berlin-About-Us.jpg\" alt=\"DLx Media Berlin o nas  \" class=\"wp-image-5646\" srcset=\"https:\/\/dlx-media.com\/wp-content\/uploads\/DLx-Media-Berlin-About-Us.jpg 1080w, https:\/\/dlx-media.com\/wp-content\/uploads\/DLx-Media-Berlin-About-Us-350x200.jpg 350w, https:\/\/dlx-media.com\/wp-content\/uploads\/DLx-Media-Berlin-About-Us-1024x585.jpg 1024w, https:\/\/dlx-media.com\/wp-content\/uploads\/DLx-Media-Berlin-About-Us-768x439.jpg 768w\" sizes=\"auto, (max-width: 1080px) 100vw, 1080px\" \/><\/figure>\n<\/div>\n<h2 class=\"wp-block-heading\">DLx Media &#8211; 20 lat do\u015bwiadczenia dla Twojego sukcesu online<\/h2>\n\n<p class=\"wp-block-paragraph\"><strong>DLx Media<\/strong> zosta\u0142a za\u0142o\u017cona w marcu 2003 roku i od tego czasu rozwin\u0119\u0142a si\u0119 z dostawcy us\u0142ug online, takich jak hosting, domeny i rozw\u00f3j oprogramowania, do wiod\u0105cej agencji marketingu online i wydawcy tre\u015bci. Nasza podr\u00f3\u017c rozpocz\u0119\u0142a si\u0119 od oferowania us\u0142ug hostingowych, rejestracji domen i tworzenia oprogramowania na zam\u00f3wienie. R\u00f3wnolegle oferowali\u015bmy naszym klientom kompleksowe us\u0142ugi marketingu internetowego.  <\/p>\n\n<p class=\"wp-block-paragraph\">Z biegiem lat rozszerzyli\u015bmy nasze portfolio i zbudowali\u015bmy w\u0142asne portale internetowe o szerokim zakresie temat\u00f3w, takich jak samochody, zegarki, gad\u017cety, elektronika u\u017cytkowa, buty, odzie\u017c uliczna, majsterkowanie, media spo\u0142eczno\u015bciowe, gry, od\u017cywianie, fotografia, podr\u00f3\u017ce i wiele innych. Platformy te pozwalaj\u0105 nam prezentowa\u0107 wysokiej jako\u015bci tre\u015bci i skutecznie dociera\u0107 do r\u00f3\u017cnych grup docelowych. <\/p>\n\n<p class=\"wp-block-paragraph\">W tym samym czasie ugruntowali\u015bmy swoj\u0105 pozycj\u0119 jako agencja marketingu internetowego z silnym naciskiem na optymalizacj\u0119 pod k\u0105tem wyszukiwarek (SEO) i reklamy typu pay-per-click (PPC). Nasza wiedza i do\u015bwiadczenie sprawi\u0142y, \u017ce zaufa\u0142o nam wiele start-up\u00f3w i firm o ugruntowanej pozycji na rynku. Nie tylko wspieramy naszych klient\u00f3w w zakresie SEO i PPC, ale tak\u017ce oferujemy kompleksowe strategiczne doradztwo marketingowe i biznesowe. Nasze niestandardowe rozwi\u0105zania pomog\u0142y wielu firmom zoptymalizowa\u0107 ich obecno\u015b\u0107 w Internecie i osi\u0105gn\u0105\u0107 zr\u00f3wnowa\u017cony wzrost.   <\/p>\n\n<p class=\"wp-block-paragraph\">Od po\u0142owy 2010 roku nasze intensywne prace rozwojowe zaowocowa\u0142y r\u00f3\u017cnymi narz\u0119dziami online, kt\u00f3re wspieraj\u0105 zespo\u0142y marketingowe w ich codziennej pracy. Narz\u0119dzia te odzwierciedlaj\u0105 nasze zaanga\u017cowanie w innowacyjno\u015b\u0107 i wydajno\u015b\u0107 oraz pomagaj\u0105 zoptymalizowa\u0107 procesy marketingowe naszych klient\u00f3w. <\/p>\n\n<p class=\"wp-block-paragraph\">Dzi\u015b szczycimy si\u0119 tym, \u017ce jeste\u015bmy kompleksowym dostawc\u0105 wszystkich g\u0142\u00f3wnych us\u0142ug marketingu internetowego. Nasz zesp\u00f3\u0142 do\u015bwiadczonych ekspert\u00f3w z pasj\u0105 opracowuje niestandardowe strategie, kt\u00f3re s\u0105 idealnie dopasowane do potrzeb naszych klient\u00f3w. Dzi\u0119ki ponad dwudziestoletniemu do\u015bwiadczeniu w marketingu internetowym jeste\u015bmy zaufanym partnerem w osi\u0105ganiu cyfrowego sukcesu.  <\/p>\n\n<hr class=\"wp-block-separator has-alpha-channel-opacity is-style-default\"\/>\n\n<p class=\"wp-block-paragraph\"><strong>Nasza wizja: jako\u015b\u0107, zr\u00f3wnowa\u017cony rozw\u00f3j i zaufanie<\/strong><\/p>\n\n<p class=\"wp-block-paragraph\">To, co nas nap\u0119dza, to ch\u0119\u0107 bycia zawsze o krok do przodu. Jeste\u015bmy przekonani, \u017ce sukces w marketingu cyfrowym jest trwa\u0142y tylko wtedy, gdy opiera si\u0119 na solidnej analizie, wspieranej przez innowacyjne pomys\u0142y i uwzgl\u0119dnia zar\u00f3wno aspekty ekonomiczne, jak i ekologiczne. Dlatego te\u017c upewniamy si\u0119, \u017ce nasze dzia\u0142ania s\u0105 zaprojektowane w spos\u00f3b oszcz\u0119dzaj\u0105cy zasoby i przyjazny dla \u015brodowiska, aby zminimalizowa\u0107 nasz \u015blad CO2. Dla nas odpowiedzialno\u015b\u0107 nie ko\u0144czy si\u0119 na marketingu.   <\/p>\n\n<hr class=\"wp-block-separator has-alpha-channel-opacity is-style-default\"\/>\n\n<p class=\"wp-block-paragraph\"><strong>Tw\u00f3j sukces jest naszym sukcesem<\/strong><\/p>\n\n<p class=\"wp-block-paragraph\">W DLx Media to Ty jeste\u015b w centrum uwagi. Wiemy, \u017ce ka\u017cda firma, ka\u017cdy projekt i ka\u017cda wizja jest wyj\u0105tkowa. Dlatego uwa\u017cnie s\u0142uchamy naszych klient\u00f3w, opracowujemy indywidualne strategie i wspieramy ich na ka\u017cdym etapie &#8211; od koncepcji po wdro\u017cenie. Nasz zesp\u00f3\u0142 pracuje z zaanga\u017cowaniem i kreatywno\u015bci\u0105, aby osi\u0105gn\u0105\u0107 wyj\u0105tkowe wyniki, kt\u00f3re przynios\u0105 wymierny i trwa\u0142y sukces.   <\/p>\n\n<hr class=\"wp-block-separator has-alpha-channel-opacity is-style-default\"\/>\n\n<p class=\"wp-block-paragraph\"><strong>Razem w przysz\u0142o\u015b\u0107<\/strong><\/p>\n\n<p class=\"wp-block-paragraph\">Cyfrowy \u015bwiat nieustannie si\u0119 zmienia &#8211; a my pod\u0105\u017camy t\u0105 \u015bcie\u017ck\u0105 razem z Tob\u0105. Dzi\u0119ki naszemu wieloletniemu do\u015bwiadczeniu, innowacyjnym narz\u0119dziom i jasnemu ukierunkowaniu na Twoje cele, chcemy nie tylko pom\u00f3c Ci sprosta\u0107 dzisiejszym wyzwaniom, ale tak\u017ce wykorzysta\u0107 mo\u017cliwo\u015bci jutra. Osi\u0105gnijmy razem wielkie rzeczy i po\u0142\u00f3\u017cmy podwaliny pod zr\u00f3wnowa\u017con\u0105, udan\u0105 i zorientowan\u0105 na przysz\u0142o\u015b\u0107 wsp\u00f3\u0142prac\u0119.  <\/p>\n\n<p class=\"wp-block-paragraph\">Odkryj nasz\u0105 szerok\u0105 gam\u0119 us\u0142ug i pozw\u00f3l nam wsp\u00f3lnie przenie\u015b\u0107 Twoj\u0105 obecno\u015b\u0107 w Internecie na wy\u017cszy poziom. Odwied\u017a nasz\u0105 stron\u0119 internetow\u0105 lub skontaktuj si\u0119 z nami bezpo\u015brednio w celu uzyskania niewi\u0105\u017c\u0105cej konsultacji. Z niecierpliwo\u015bci\u0105 czekamy na poznanie Ciebie i wsp\u00f3lne pisanie nowych historii sukcesu.  <\/p>\n\n<p class=\"wp-block-paragraph\"><\/p>\n","protected":false},"excerpt":{"rendered":"<p>DLx Media &#8211; 20 lat do\u015bwiadczenia dla Twojego sukcesu online DLx Media zosta\u0142a za\u0142o\u017cona w marcu 2003 roku i od tego czasu rozwin\u0119\u0142a si\u0119 z dostawcy us\u0142ug online, takich jak hosting, domeny i rozw\u00f3j oprogramowania, do wiod\u0105cej agencji marketingu online<\/p>\n","protected":false},"author":2332,"featured_media":5648,"parent":0,"menu_order":0,"comment_status":"closed","ping_status":"closed","template":"","meta":{"_seopress_robots_primary_cat":"","_seopress_titles_title":"DLx Media | 20 lat do\u015bwiadczenia dla sukcesu opakowa\u0144 online","_seopress_titles_desc":"Odkryj DLx Media: Eksperci SEO, PPC i strategicznego marketingu online. Dzi\u0119ki ponad 20-letniemu do\u015bwiadczeniu oferujemy innowacyjne, zr\u00f3wnowa\u017cone rozwi\u0105zania zapewniaj\u0105ce sukces online. ","_seopress_robots_index":"","_crdt_document":"","_uag_custom_page_level_css":"","spectra_gs_classes":"","footnotes":""},"class_list":["post-5657","page","type-page","status-publish","has-post-thumbnail","hentry"],"spectra_custom_meta":{"_top_nav_excluded":[""],"_cms_nav_minihome":[""],"_seopress_titles_title":["DLx Media | 20 lat do\u015bwiadczenia dla sukcesu opakowa\u0144 online"],"_seopress_titles_desc":["Odkryj DLx Media: Eksperci SEO, PPC i strategicznego marketingu online. Dzi\u0119ki ponad 20-letniemu do\u015bwiadczeniu oferujemy innowacyjne, zr\u00f3wnowa\u017cone rozwi\u0105zania zapewniaj\u0105ce sukces online. "],"_seopress_redirections_logged_status":["oba"],"_seopress_redirections_type":["301"],"_thumbnail_id":["5648"],"_last_translation_edit_mode":["translation-editor"],"_uagb_previous_block_counts":["a:90:{s:21:\"uagb\/advanced-heading\";i:0;s:15:\"uagb\/blockquote\";i:0;s:12:\"uagb\/buttons\";i:0;s:18:\"uagb\/buttons-child\";i:0;s:19:\"uagb\/call-to-action\";i:0;s:15:\"uagb\/cf7-styler\";i:0;s:11:\"uagb\/column\";i:0;s:12:\"uagb\/columns\";i:0;s:14:\"uagb\/container\";i:0;s:21:\"uagb\/content-timeline\";i:0;s:27:\"uagb\/content-timeline-child\";i:0;s:14:\"uagb\/countdown\";i:0;s:12:\"uagb\/counter\";i:0;s:8:\"uagb\/faq\";i:0;s:14:\"uagb\/faq-child\";i:0;s:10:\"uagb\/forms\";i:0;s:17:\"uagb\/forms-accept\";i:0;s:19:\"uagb\/forms-checkbox\";i:0;s:15:\"uagb\/forms-date\";i:0;s:16:\"uagb\/forms-email\";i:0;s:17:\"uagb\/forms-hidden\";i:0;s:15:\"uagb\/forms-name\";i:0;s:16:\"uagb\/forms-phone\";i:0;s:16:\"uagb\/forms-radio\";i:0;s:17:\"uagb\/forms-select\";i:0;s:19:\"uagb\/forms-textarea\";i:0;s:17:\"uagb\/forms-toggle\";i:0;s:14:\"uagb\/forms-url\";i:0;s:14:\"uagb\/gf-styler\";i:0;s:15:\"uagb\/google-map\";i:0;s:11:\"uagb\/how-to\";i:0;s:16:\"uagb\/how-to-step\";i:0;s:9:\"uagb\/icon\";i:0;s:14:\"uagb\/icon-list\";i:0;s:20:\"uagb\/icon-list-child\";i:0;s:10:\"uagb\/image\";i:0;s:18:\"uagb\/image-gallery\";i:0;s:13:\"uagb\/info-box\";i:0;s:18:\"uagb\/inline-notice\";i:0;s:11:\"uagb\/lottie\";i:0;s:21:\"uagb\/marketing-button\";i:0;s:10:\"uagb\/modal\";i:0;s:18:\"uagb\/popup-builder\";i:0;s:16:\"uagb\/post-button\";i:0;s:18:\"uagb\/post-carousel\";i:0;s:17:\"uagb\/post-excerpt\";i:0;s:14:\"uagb\/post-grid\";i:0;s:15:\"uagb\/post-image\";i:0;s:17:\"uagb\/post-masonry\";i:0;s:14:\"uagb\/post-meta\";i:0;s:18:\"uagb\/post-taxonomy\";i:0;s:18:\"uagb\/post-timeline\";i:0;s:15:\"uagb\/post-title\";i:0;s:20:\"uagb\/restaurant-menu\";i:0;s:26:\"uagb\/restaurant-menu-child\";i:0;s:11:\"uagb\/review\";i:0;s:12:\"uagb\/section\";i:0;s:14:\"uagb\/separator\";i:0;s:11:\"uagb\/slider\";i:0;s:17:\"uagb\/slider-child\";i:0;s:17:\"uagb\/social-share\";i:0;s:23:\"uagb\/social-share-child\";i:0;s:16:\"uagb\/star-rating\";i:0;s:23:\"uagb\/sure-cart-checkout\";i:0;s:22:\"uagb\/sure-cart-product\";i:0;s:15:\"uagb\/sure-forms\";i:0;s:22:\"uagb\/table-of-contents\";i:0;s:9:\"uagb\/tabs\";i:0;s:15:\"uagb\/tabs-child\";i:0;s:18:\"uagb\/taxonomy-list\";i:0;s:9:\"uagb\/team\";i:0;s:16:\"uagb\/testimonial\";i:0;s:14:\"uagb\/wp-search\";i:0;s:19:\"uagb\/instagram-feed\";i:0;s:10:\"uagb\/login\";i:0;s:17:\"uagb\/loop-builder\";i:0;s:18:\"uagb\/loop-category\";i:0;s:20:\"uagb\/loop-pagination\";i:0;s:15:\"uagb\/loop-reset\";i:0;s:16:\"uagb\/loop-search\";i:0;s:14:\"uagb\/loop-sort\";i:0;s:17:\"uagb\/loop-wrapper\";i:0;s:13:\"uagb\/register\";i:0;s:19:\"uagb\/register-email\";i:0;s:24:\"uagb\/register-first-name\";i:0;s:23:\"uagb\/register-last-name\";i:0;s:22:\"uagb\/register-password\";i:0;s:30:\"uagb\/register-reenter-password\";i:0;s:19:\"uagb\/register-terms\";i:0;s:22:\"uagb\/register-username\";i:0;}"],"_uag_page_assets":["a:9:{s:3:\"css\";s:263:\".uag-blocks-common-selector{z-index:var(--z-index-desktop) !important}@media (max-width: 976px){.uag-blocks-common-selector{z-index:var(--z-index-tablet) !important}}@media (max-width: 767px){.uag-blocks-common-selector{z-index:var(--z-index-mobile) !important}}\n\";s:2:\"js\";s:0:\"\";s:18:\"current_block_list\";a:4:{i:0;s:10:\"core\/image\";i:1;s:12:\"core\/heading\";i:2;s:14:\"core\/paragraph\";i:3;s:14:\"core\/separator\";}s:8:\"uag_flag\";b:0;s:11:\"uag_version\";s:10:\"1775815218\";s:6:\"gfonts\";a:0:{}s:10:\"gfonts_url\";s:0:\"\";s:12:\"gfonts_files\";a:0:{}s:14:\"uag_faq_layout\";b:0;}"],"_uag_css_file_name":["uag-css-5657.css"]},"uagb_featured_image_src":{"full":["https:\/\/dlx-media.com\/wp-content\/uploads\/DLx-Media-Berlin-About-Us.jpg",1080,617,false],"thumbnail":["https:\/\/dlx-media.com\/wp-content\/uploads\/DLx-Media-Berlin-About-Us-250x250.jpg",250,250,true],"medium":["https:\/\/dlx-media.com\/wp-content\/uploads\/DLx-Media-Berlin-About-Us-350x200.jpg",350,200,true],"medium_large":["https:\/\/dlx-media.com\/wp-content\/uploads\/DLx-Media-Berlin-About-Us-768x439.jpg",768,439,true],"large":["https:\/\/dlx-media.com\/wp-content\/uploads\/DLx-Media-Berlin-About-Us-1024x585.jpg",1024,585,true],"1536x1536":["https:\/\/dlx-media.com\/wp-content\/uploads\/DLx-Media-Berlin-About-Us.jpg",1080,617,false],"2048x2048":["https:\/\/dlx-media.com\/wp-content\/uploads\/DLx-Media-Berlin-About-Us.jpg",1080,617,false],"suffice-thumbnail-grid":["https:\/\/dlx-media.com\/wp-content\/uploads\/DLx-Media-Berlin-About-Us-750x420.jpg",750,420,true],"suffice-thumbnail-featured-one":["https:\/\/dlx-media.com\/wp-content\/uploads\/DLx-Media-Berlin-About-Us-295x525.jpg",295,525,true],"suffice-thumbnail-featured-two":["https:\/\/dlx-media.com\/wp-content\/uploads\/DLx-Media-Berlin-About-Us-1080x504.jpg",1080,504,true],"suffice-thumbnail-portfolio":["https:\/\/dlx-media.com\/wp-content\/uploads\/DLx-Media-Berlin-About-Us-572x552.jpg",572,552,true],"suffice-thumbnail-portfolio-masonry":["https:\/\/dlx-media.com\/wp-content\/uploads\/DLx-Media-Berlin-About-Us-572x617.jpg",572,617,true]},"uagb_author_info":{"display_name":"DLxMedia","author_link":"https:\/\/dlx-media.com\/pl"},"uagb_comment_info":0,"uagb_excerpt":"DLx Media &#8211; 20 lat do\u015bwiadczenia dla Twojego sukcesu online DLx Media zosta\u0142a za\u0142o\u017cona w marcu 2003 roku i od tego czasu rozwin\u0119\u0142a si\u0119 z dostawcy us\u0142ug online, takich jak hosting, domeny i rozw\u00f3j oprogramowania, do wiod\u0105cej agencji marketingu online","_links":{"self":[{"href":"https:\/\/dlx-media.com\/pl\/wp-json\/wp\/v2\/pages\/5657","targetHints":{"allow":["GET"]}}],"collection":[{"href":"https:\/\/dlx-media.com\/pl\/wp-json\/wp\/v2\/pages"}],"about":[{"href":"https:\/\/dlx-media.com\/pl\/wp-json\/wp\/v2\/types\/page"}],"author":[{"embeddable":true,"href":"https:\/\/dlx-media.com\/pl\/wp-json\/wp\/v2\/users\/2332"}],"replies":[{"embeddable":true,"href":"https:\/\/dlx-media.com\/pl\/wp-json\/wp\/v2\/comments?post=5657"}],"version-history":[{"count":1,"href":"https:\/\/dlx-media.com\/pl\/wp-json\/wp\/v2\/pages\/5657\/revisions"}],"predecessor-version":[{"id":5658,"href":"https:\/\/dlx-media.com\/pl\/wp-json\/wp\/v2\/pages\/5657\/revisions\/5658"}],"wp:featuredmedia":[{"embeddable":true,"href":"https:\/\/dlx-media.com\/pl\/wp-json\/wp\/v2\/media\/5648"}],"wp:attachment":[{"href":"https:\/\/dlx-media.com\/pl\/wp-json\/wp\/v2\/media?parent=5657"}],"curies":[{"name":"wp","href":"https:\/\/api.w.org\/{rel}","templated":true}]}}