{"id":5610,"date":"2024-10-25T12:51:51","date_gmt":"2024-10-25T10:51:51","guid":{"rendered":"https:\/\/dlx-media.com\/slowniczek\/slowa-kluczowe\/"},"modified":"2024-10-25T12:55:29","modified_gmt":"2024-10-25T10:55:29","slug":"slowa-kluczowe","status":"publish","type":"page","link":"https:\/\/dlx-media.com\/pl\/slowniczek\/slowa-kluczowe\/","title":{"rendered":"S\u0142owa kluczowe"},"content":{"rendered":"<div class=\"wp-block-image\">\n<figure data-spectra-id=\"spectra-a66202b6-16f1-40fc-8c4c-e7137e30906c\" class=\"aligncenter size-full\"><img loading=\"lazy\" decoding=\"async\" width=\"1792\" height=\"1024\" src=\"https:\/\/dlx-media.com\/wp-content\/uploads\/Keywords.jpeg\" alt=\"S&#x142;owa kluczowe\" class=\"wp-image-5604\" srcset=\"https:\/\/dlx-media.com\/wp-content\/uploads\/Keywords.jpeg 1792w, https:\/\/dlx-media.com\/wp-content\/uploads\/Keywords-350x200.jpeg 350w, https:\/\/dlx-media.com\/wp-content\/uploads\/Keywords-1024x585.jpeg 1024w, https:\/\/dlx-media.com\/wp-content\/uploads\/Keywords-768x439.jpeg 768w, https:\/\/dlx-media.com\/wp-content\/uploads\/Keywords-1536x878.jpeg 1536w\" sizes=\"auto, (max-width: 1792px) 100vw, 1792px\" \/><\/figure>\n<\/div>\n<h3 class=\"wp-block-heading\">S\u0142owa kluczowe: podstawa skutecznej optymalizacji pod k\u0105tem wyszukiwarek i marketingu online<\/h3>\n\n<p class=\"wp-block-paragraph\"><strong>S\u0142owa kluczowe<\/strong>, cz\u0119sto okre\u015blane jako <strong>wyszukiwane has\u0142a<\/strong> lub <strong>s\u0142owa kluczowe<\/strong>, s\u0105 niedocenianymi bohaterami cyfrowego \u015bwiata. Odgrywaj\u0105 one kluczow\u0105 rol\u0119 w <strong>marketingu internetowym<\/strong>, a zw\u0142aszcza w <strong>optymalizacji pod k\u0105tem wyszukiwarek (SEO)<\/strong>. Te pozornie proste s\u0142owa lub frazy s\u0105 kluczem (w najprawdziwszym tego s\u0142owa znaczeniu) do znalezienia strony internetowej w czelu\u015bciach Internetu. Ale co dok\u0142adnie sprawia, \u017ce s\u0142owa kluczowe s\u0105 tak wa\u017cne i w jaki spos\u00f3b ich prawid\u0142owe u\u017cycie mo\u017ce stanowi\u0107 r\u00f3\u017cnic\u0119 mi\u0119dzy niewidoczn\u0105 witryn\u0105 a sukcesem online?   <\/p>\n\n<h3 class=\"wp-block-heading\">Czym s\u0105 s\u0142owa kluczowe i dlaczego s\u0105 tak wa\u017cne?<\/h3>\n\n<p class=\"wp-block-paragraph\">S\u0142owa kluczowe to terminy, kt\u00f3re u\u017cytkownicy wprowadzaj\u0105 do <strong>wyszukiwarek<\/strong> takich jak Google, Bing czy Yahoo w celu znalezienia informacji, produkt\u00f3w lub us\u0142ug. Mo\u017cna o nich my\u015ble\u0107 jako o mo\u015bcie, kt\u00f3ry tworzy <strong>po\u0142\u0105czenie mi\u0119dzy zapytaniami u\u017cytkownik\u00f3w<\/strong> a tre\u015bci\u0105 strony internetowej. S\u0105 one pierwszym krokiem, gdy ludzie szukaj\u0105 rozwi\u0105za\u0144, odpowiedzi lub inspiracji.  <\/p>\n\n<p class=\"wp-block-paragraph\">Dla operator\u00f3w stron internetowych i <strong>ekspert\u00f3w SEO<\/strong> s\u0142owa kluczowe s\u0105 jak drogowskazy, kt\u00f3re pokazuj\u0105 im, jakich termin\u00f3w powinni u\u017cywa\u0107, aby zoptymalizowa\u0107 swoje tre\u015bci pod k\u0105tem potrzeb grupy docelowej. Je\u015bli w witrynie pojawiaj\u0105 si\u0119 w\u0142a\u015bciwe s\u0142owa kluczowe, <strong>roboty indeksuj\u0105ce wyszukiwarek<\/strong> mog\u0105 lepiej zrozumie\u0107, o czym jest strona. Pozwala im to poprawnie indeksowa\u0107 stron\u0119 i wy\u015bwietla\u0107 j\u0105 w <strong>wynikach wyszukiwania (SERP<\/strong> ), gdy kto\u015b szuka tych termin\u00f3w.  <\/p>\n\n<h3 class=\"wp-block-heading\">Sztuka integracji s\u0142\u00f3w kluczowych w SEO<\/h3>\n\n<p class=\"wp-block-paragraph\">S\u0142owa kluczowe powinny by\u0107 strategicznie rozmieszczone w <strong>r\u00f3\u017cnych elementach witryny<\/strong>, aby zmaksymalizowa\u0107 ich wp\u0142yw. Obejmuj\u0105 one:<\/p>\n\n<ol class=\"wp-block-list\">\n<li><strong>Tytu\u0142 strony<\/strong>: Tytu\u0142 strony jest jednym z najwa\u017cniejszych miejsc na s\u0142owa kluczowe. Daje on zar\u00f3wno u\u017cytkownikom, jak i wyszukiwarkom wskaz\u00f3wk\u0119, czego mog\u0105 si\u0119 spodziewa\u0107 na stronie. Precyzyjny, bogaty w s\u0142owa kluczowe tytu\u0142 mo\u017ce znacznie poprawi\u0107 ranking strony.  <\/li>\n\n\n\n<li><strong>Opisy meta<\/strong>: Te kr\u00f3tkie opisy pojawiaj\u0105 si\u0119 poni\u017cej tytu\u0142u strony w wynikach wyszukiwania. S\u0142owa kluczowe mog\u0105 by\u0107 tutaj u\u017cyte, aby wzbudzi\u0107 zainteresowanie u\u017cytkownik\u00f3w i zach\u0119ci\u0107 ich do klikni\u0119cia w wynik wyszukiwania. <\/li>\n\n\n\n<li><strong>Nag\u0142\u00f3wki (H1, H2, H3)<\/strong>: S\u0142owa kluczowe w nag\u0142\u00f3wkach pomagaj\u0105 ustrukturyzowa\u0107 tre\u015b\u0107 strony i sygnalizuj\u0105 wyszukiwarkom, kt\u00f3re tematy s\u0105 szczeg\u00f3lnie wa\u017cne.<\/li>\n\n\n\n<li><strong>Teksty alternatywne obraz\u00f3w<\/strong>: Wyszukiwarki nie widz\u0105 obraz\u00f3w, ale mog\u0105 czyta\u0107 teksty alternatywne. U\u017cywaj\u0105c s\u0142\u00f3w kluczowych w tekstach alternatywnych, poprawiasz wyszukiwalno\u015b\u0107 obraz\u00f3w w wyszukiwaniu obraz\u00f3w. <\/li>\n\n\n\n<li><strong>Sekcje tre\u015bci<\/strong>: Oczywi\u015bcie s\u0142owa kluczowe powinny pojawia\u0107 si\u0119 r\u00f3wnie\u017c w <strong>tre\u015bci g\u0142\u00f3wnej<\/strong>. Zasada jest jednak nast\u0119puj\u0105ca: jako\u015b\u0107 przed ilo\u015bci\u0105. Tre\u015b\u0107 powinna pozosta\u0107 przyjazna dla czytelnika, a s\u0142owa kluczowe musz\u0105 organicznie pasowa\u0107 do tekstu.  <\/li>\n<\/ol>\n\n<h3 class=\"wp-block-heading\">R\u00f3\u017cne rodzaje s\u0142\u00f3w kluczowych i ich znaczenie<\/h3>\n\n<p class=\"wp-block-paragraph\">Wyb\u00f3r odpowiednich s\u0142\u00f3w kluczowych nie zawsze jest \u0142atwy, a istniej\u0105 r\u00f3\u017cne rodzaje s\u0142\u00f3w kluczowych, z kt\u00f3rych ka\u017cdy wymaga r\u00f3\u017cnych strategii:<\/p>\n\n<ol class=\"wp-block-list\">\n<li><strong>Kr\u00f3tkie s\u0142owa kluczowe<\/strong>: Zwykle sk\u0142adaj\u0105 si\u0119 <strong>z jedno- lub dwucz\u0119\u015bciowych termin\u00f3w<\/strong>, takich jak &#8222;buty&#8221;, &#8222;laptop&#8221; lub &#8222;fitness&#8221;. Cz\u0119sto maj\u0105 one bardzo wysoki <strong>wolumen wyszukiwania<\/strong>, ale tak\u017ce siln\u0105 konkurencj\u0119. Oznacza to, \u017ce wiele witryn rywalizuje o te same terminy, co utrudnia znalezienie si\u0119 w <strong>najlepszych wynikach<\/strong> wyszukiwania.  <\/li>\n\n\n\n<li><strong>S\u0142owa kluczowe z d\u0142ugiego<\/strong> ogona: S\u0105 przeciwie\u0144stwem s\u0142\u00f3w kluczowych z kr\u00f3tkiego ogona. Sk\u0142adaj\u0105 si\u0119 z <strong>trzech lub wi\u0119cej s\u0142\u00f3w<\/strong> i s\u0105 <strong>bardziej szczeg\u00f3\u0142owe<\/strong>, takie jak &#8222;czerwone buty do biegania dla kobiet&#8221; lub &#8222;laptop do gier poni\u017cej 1000 euro&#8221;. Maj\u0105 ni\u017cszy wolumen wyszukiwania, ale tak\u017ce <strong>mniejsz\u0105 konkurencj\u0119<\/strong>. U\u017cytkownicy szukaj\u0105cy tych konkretnych termin\u00f3w cz\u0119sto maj\u0105 wyra\u017aniejszy zamiar zakupu, co czyni ich <strong>warto\u015bciowymi odwiedzaj\u0105cymi<\/strong>.   <\/li>\n\n\n\n<li><strong>S\u0142owa kluczowe LSI (Latent Semantic Indexing)<\/strong>: S\u0105 to terminy powi\u0105zane tematycznie, kt\u00f3re pomagaj\u0105 wyszukiwarkom lepiej zrozumie\u0107 <strong>kontekst tre\u015bci<\/strong>. Na przyk\u0142ad, je\u015bli g\u0142\u00f3wnym s\u0142owem kluczowym jest &#8222;jab\u0142ko&#8221;, s\u0142owami kluczowymi LSI mog\u0105 by\u0107 &#8222;owoce&#8221;, &#8222;witaminy&#8221; lub &#8222;szarlotka&#8221;. Rozszerzaj\u0105 one trafno\u015b\u0107 tre\u015bci i pomagaj\u0105 obj\u0105\u0107 <strong>szerszy zakres zapyta\u0144<\/strong>.  <\/li>\n<\/ol>\n\n<h3 class=\"wp-block-heading\">Sztuka badania s\u0142\u00f3w kluczowych: pierwszy krok do sukcesu<\/h3>\n\n<p class=\"wp-block-paragraph\">Znalezienie odpowiednich s\u0142\u00f3w kluczowych wymaga dok\u0142adnego <strong>ich zbadania<\/strong>. Nie chodzi tylko o znalezienie termin\u00f3w, kt\u00f3re s\u0105 cz\u0119sto wyszukiwane, ale przede wszystkim o zidentyfikowanie tych, kt\u00f3re najlepiej pasuj\u0105 do <strong>grupy docelowej<\/strong> i jej potrzeb. Oto kilka krok\u00f3w, kt\u00f3re pomog\u0105 w badaniu s\u0142\u00f3w kluczowych:  <\/p>\n\n<ol class=\"wp-block-list\">\n<li><strong>Zrozumienie grupy docelowej<\/strong>: Jakie pytania zadaj\u0105 potencjalni klienci? Jakie problemy chc\u0105 rozwi\u0105za\u0107? Jakich termin\u00f3w mog\u0105 u\u017cywa\u0107 do wyszukiwania rozwi\u0105za\u0144?  <\/li>\n\n\n\n<li><strong>Analiza konkurencji<\/strong>: Jakich s\u0142\u00f3w kluczowych u\u017cywa konkurencja? Analiza stron odnosz\u0105cych najwi\u0119ksze sukcesy mo\u017ce cz\u0119sto stanowi\u0107 <strong>inspiracj\u0119<\/strong> dla w\u0142asnych s\u0142\u00f3w kluczowych. <\/li>\n\n\n\n<li><strong>Korzystaj z narz\u0119dzi SEO<\/strong>: Narz\u0119dzia takie jak <strong>Google Keyword Planner<\/strong>, <strong>SEMrush<\/strong>, <strong>Ahrefs<\/strong> lub <strong>Ubersuggest<\/strong> oferuj\u0105 cenny wgl\u0105d w liczb\u0119 wyszukiwa\u0144, konkurencj\u0119 i <strong>trudno\u015b\u0107 s\u0142\u00f3w kluczowych<\/strong>. Pomagaj\u0105 one podj\u0105\u0107 \u015bwiadom\u0105 decyzj\u0119. <\/li>\n\n\n\n<li><strong>Monitorowanie trend\u00f3w<\/strong>: Wyszukiwanie <strong>bie\u017c\u0105cych trend\u00f3w<\/strong> i sezonowych s\u0142\u00f3w kluczowych mo\u017ce by\u0107 szczeg\u00f3lnie skuteczne w identyfikowaniu <strong>tymczasowo istotnych wyszukiwanych hase\u0142<\/strong>, kt\u00f3re maj\u0105 wy\u017csz\u0105 liczb\u0119 wyszukiwa\u0144 w okre\u015blonych okresach.<\/li>\n<\/ol>\n\n<h3 class=\"wp-block-heading\">Upychanie s\u0142\u00f3w kluczowych: cienka granica mi\u0119dzy optymalizacj\u0105 a nadmiern\u0105 optymalizacj\u0105<\/h3>\n\n<p class=\"wp-block-paragraph\">We wczesnych dniach SEO powszechn\u0105 praktyk\u0105 by\u0142o umieszczanie s\u0142\u00f3w kluczowych tak cz\u0119sto, jak to mo\u017cliwe w tek\u015bcie w celu zwi\u0119kszenia <strong>trafno\u015bci<\/strong>. Praktyka ta znana jest jako <strong>upychanie s\u0142\u00f3w kluczowych<\/strong> i jest obecnie klasyfikowana jako <strong>black hat SEO<\/strong>. Wyszukiwarki s\u0105 teraz znacznie m\u0105drzejsze i rozpoznaj\u0105 takie pr\u00f3by sztucznego manipulowania rankingami.  <\/p>\n\n<p class=\"wp-block-paragraph\">Upychanie s\u0142\u00f3w kluczowych mo\u017ce prowadzi\u0107 do <strong>ukarania<\/strong> witryny, co oznacza, \u017ce traci ona du\u017c\u0105 widoczno\u015b\u0107 w wynikach wyszukiwania lub nawet jest ca\u0142kowicie usuwana z indeksu. U\u017cytkownicy r\u00f3wnie\u017c szybko rozpoznaj\u0105 przeoptymalizowane teksty i postrzegaj\u0105 je jako nieprzyjemne lub nawet jako spam. Sztuk\u0105 jest u\u017cycie s\u0142\u00f3w kluczowych w taki spos\u00f3b, aby wygl\u0105da\u0142y na <strong>organiczne i naturalne<\/strong> oraz oferowa\u0142y czytelnikowi prawdziw\u0105 <strong>warto\u015b\u0107 dodan\u0105<\/strong>.  <\/p>\n\n<h3 class=\"wp-block-heading\">S\u0142owa kluczowe w kontek\u015bcie ca\u0142o\u015bciowej strategii SEO<\/h3>\n\n<p class=\"wp-block-paragraph\">S\u0142owa kluczowe s\u0105 wa\u017cne, ale stanowi\u0105 tylko jedn\u0105 <strong>cz\u0119\u015b\u0107 r\u00f3wnania SEO<\/strong>. Opr\u00f3cz dobrze przemy\u015blanej strategii s\u0142\u00f3w kluczowych, wa\u017cn\u0105 rol\u0119 odgrywaj\u0105 r\u00f3wnie\u017c <strong>techniczne SEO<\/strong>, <strong>linki zwrotne<\/strong>, <strong>do\u015bwiadczenie u\u017cytkownika<\/strong> i <strong>jako\u015b\u0107 tre\u015bci<\/strong>. Strona internetowa, kt\u00f3ra koncentruje si\u0119 wy\u0142\u0105cznie na s\u0142owach kluczowych, ale nie oferuje \u017cadnych przydatnych tre\u015bci, nie b\u0119dzie w stanie utrzyma\u0107 dobrych pozycji w d\u0142u\u017cszej perspektywie.  <\/p>\n\n<p class=\"wp-block-paragraph\">Przysz\u0142o\u015b\u0107 SEO le\u017cy w <strong>holistycznym podej\u015bciu<\/strong>, w kt\u00f3rym wszystkie elementy strony internetowej s\u0105 zoptymalizowane w celu stworzenia <strong>holistycznie pozytywnego do\u015bwiadczenia u\u017cytkownika<\/strong>. Obejmuje to dostarczanie <strong>wysokiej jako\u015bci tre\u015bci<\/strong>, kt\u00f3re spe\u0142niaj\u0105 intencje wyszukiwania u\u017cytkownika, jednocze\u015bnie integruj\u0105c s\u0142owa kluczowe w subtelny i ukierunkowany spos\u00f3b. <\/p>\n\n<h3 class=\"wp-block-heading\">Podsumowanie: s\u0142owa kluczowe jako przewodnik w cyfrowej d\u017cungli<\/h3>\n\n<p class=\"wp-block-paragraph\"><strong>S\u0142owa kluczowe<\/strong> to co\u015b wi\u0119cej ni\u017c tylko s\u0142owa &#8211; to <strong>kompas<\/strong>, kt\u00f3ry wskazuje drog\u0119 do udanej <strong>strategii online<\/strong>. Pomagaj\u0105 projektowa\u0107 tre\u015bci i strony internetowe w taki spos\u00f3b, aby dociera\u0142y dok\u0142adnie do os\u00f3b, kt\u00f3re szukaj\u0105 konkretnych informacji, produkt\u00f3w lub us\u0142ug. Jednak, podobnie jak w przypadku prawdziwego kompasu, \u015bcie\u017cka nie zawsze prowadzi bezpo\u015brednio do celu. Znalezienie najlepszych s\u0142\u00f3w kluczowych i ich optymalne wykorzystanie wymaga <strong>cierpliwo\u015bci, wiedzy i ci\u0105g\u0142ego dostosowywania<\/strong>.   <\/p>\n\n<p class=\"wp-block-paragraph\">Ostatecznie s\u0142owa kluczowe s\u0105 pomostem <strong>mi\u0119dzy potrzebami u\u017cytkownik\u00f3w<\/strong> a rozwi\u0105zaniami, kt\u00f3re oferuje strona internetowa. Je\u015bli uda ci si\u0119 solidnie zbudowa\u0107 ten most i zawsze b\u0119dziesz pami\u0119ta\u0107 o potrzebach swojej grupy docelowej, w d\u0142u\u017cszej perspektywie zyskasz zar\u00f3wno <strong>przychylno\u015b\u0107 wyszukiwarek<\/strong>, jak i <strong>zadowolenie u\u017cytkownik\u00f3w<\/strong>. I w\u0142a\u015bnie w tym tkwi prawdziwy potencja\u0142 skutecznej strategii s\u0142\u00f3w kluczowych.  <\/p>\n","protected":false},"excerpt":{"rendered":"<p>S\u0142owa kluczowe: podstawa skutecznej optymalizacji pod k\u0105tem wyszukiwarek i marketingu online S\u0142owa kluczowe, cz\u0119sto okre\u015blane jako wyszukiwane has\u0142a lub s\u0142owa kluczowe, s\u0105 niedocenianymi bohaterami cyfrowego \u015bwiata. Odgrywaj\u0105 one kluczow\u0105 rol\u0119 w marketingu internetowym, a zw\u0142aszcza w optymalizacji pod k\u0105tem wyszukiwarek<\/p>\n","protected":false},"author":2332,"featured_media":5606,"parent":4979,"menu_order":0,"comment_status":"closed","ping_status":"closed","template":"","meta":{"_seopress_robots_primary_cat":"","_seopress_titles_title":"%%sep%% S\u0142owa kluczowe: Tw\u00f3j sekret SEO do sukcesu w marketingu online %%sitetitle%%","_seopress_titles_desc":"Dowiedz si\u0119, jak w\u0142a\u015bciwe u\u017cycie s\u0142\u00f3w kluczowych mo\u017ce sprawi\u0107, \u017ce Twoja witryna b\u0119dzie widoczna i zwi\u0119kszy Tw\u00f3j sukces online.","_seopress_robots_index":"","_crdt_document":"","_uag_custom_page_level_css":"","spectra_gs_classes":"","footnotes":""},"class_list":["post-5610","page","type-page","status-publish","has-post-thumbnail","hentry"],"spectra_custom_meta":{"_top_nav_excluded":[""],"_cms_nav_minihome":[""],"_seopress_titles_title":["%%sep%% S\u0142owa kluczowe: Tw\u00f3j sekret SEO do sukcesu w marketingu online %%sitetitle%%"],"_seopress_titles_desc":["Dowiedz si\u0119, jak w\u0142a\u015bciwe u\u017cycie s\u0142\u00f3w kluczowych mo\u017ce sprawi\u0107, \u017ce Twoja witryna b\u0119dzie widoczna i zwi\u0119kszy Tw\u00f3j sukces online."],"_seopress_redirections_logged_status":["oba"],"_seopress_redirections_type":["301"],"_thumbnail_id":["5606"],"_last_translation_edit_mode":["translation-editor"],"_uagb_previous_block_counts":["a:90:{s:21:\"uagb\/advanced-heading\";i:0;s:15:\"uagb\/blockquote\";i:0;s:12:\"uagb\/buttons\";i:0;s:18:\"uagb\/buttons-child\";i:0;s:19:\"uagb\/call-to-action\";i:0;s:15:\"uagb\/cf7-styler\";i:0;s:11:\"uagb\/column\";i:0;s:12:\"uagb\/columns\";i:0;s:14:\"uagb\/container\";i:0;s:21:\"uagb\/content-timeline\";i:0;s:27:\"uagb\/content-timeline-child\";i:0;s:14:\"uagb\/countdown\";i:0;s:12:\"uagb\/counter\";i:0;s:8:\"uagb\/faq\";i:0;s:14:\"uagb\/faq-child\";i:0;s:10:\"uagb\/forms\";i:0;s:17:\"uagb\/forms-accept\";i:0;s:19:\"uagb\/forms-checkbox\";i:0;s:15:\"uagb\/forms-date\";i:0;s:16:\"uagb\/forms-email\";i:0;s:17:\"uagb\/forms-hidden\";i:0;s:15:\"uagb\/forms-name\";i:0;s:16:\"uagb\/forms-phone\";i:0;s:16:\"uagb\/forms-radio\";i:0;s:17:\"uagb\/forms-select\";i:0;s:19:\"uagb\/forms-textarea\";i:0;s:17:\"uagb\/forms-toggle\";i:0;s:14:\"uagb\/forms-url\";i:0;s:14:\"uagb\/gf-styler\";i:0;s:15:\"uagb\/google-map\";i:0;s:11:\"uagb\/how-to\";i:0;s:16:\"uagb\/how-to-step\";i:0;s:9:\"uagb\/icon\";i:0;s:14:\"uagb\/icon-list\";i:0;s:20:\"uagb\/icon-list-child\";i:0;s:10:\"uagb\/image\";i:0;s:18:\"uagb\/image-gallery\";i:0;s:13:\"uagb\/info-box\";i:0;s:18:\"uagb\/inline-notice\";i:0;s:11:\"uagb\/lottie\";i:0;s:21:\"uagb\/marketing-button\";i:0;s:10:\"uagb\/modal\";i:0;s:18:\"uagb\/popup-builder\";i:0;s:16:\"uagb\/post-button\";i:0;s:18:\"uagb\/post-carousel\";i:0;s:17:\"uagb\/post-excerpt\";i:0;s:14:\"uagb\/post-grid\";i:0;s:15:\"uagb\/post-image\";i:0;s:17:\"uagb\/post-masonry\";i:0;s:14:\"uagb\/post-meta\";i:0;s:18:\"uagb\/post-taxonomy\";i:0;s:18:\"uagb\/post-timeline\";i:0;s:15:\"uagb\/post-title\";i:0;s:20:\"uagb\/restaurant-menu\";i:0;s:26:\"uagb\/restaurant-menu-child\";i:0;s:11:\"uagb\/review\";i:0;s:12:\"uagb\/section\";i:0;s:14:\"uagb\/separator\";i:0;s:11:\"uagb\/slider\";i:0;s:17:\"uagb\/slider-child\";i:0;s:17:\"uagb\/social-share\";i:0;s:23:\"uagb\/social-share-child\";i:0;s:16:\"uagb\/star-rating\";i:0;s:23:\"uagb\/sure-cart-checkout\";i:0;s:22:\"uagb\/sure-cart-product\";i:0;s:15:\"uagb\/sure-forms\";i:0;s:22:\"uagb\/table-of-contents\";i:0;s:9:\"uagb\/tabs\";i:0;s:15:\"uagb\/tabs-child\";i:0;s:18:\"uagb\/taxonomy-list\";i:0;s:9:\"uagb\/team\";i:0;s:16:\"uagb\/testimonial\";i:0;s:14:\"uagb\/wp-search\";i:0;s:19:\"uagb\/instagram-feed\";i:0;s:10:\"uagb\/login\";i:0;s:17:\"uagb\/loop-builder\";i:0;s:18:\"uagb\/loop-category\";i:0;s:20:\"uagb\/loop-pagination\";i:0;s:15:\"uagb\/loop-reset\";i:0;s:16:\"uagb\/loop-search\";i:0;s:14:\"uagb\/loop-sort\";i:0;s:17:\"uagb\/loop-wrapper\";i:0;s:13:\"uagb\/register\";i:0;s:19:\"uagb\/register-email\";i:0;s:24:\"uagb\/register-first-name\";i:0;s:23:\"uagb\/register-last-name\";i:0;s:22:\"uagb\/register-password\";i:0;s:30:\"uagb\/register-reenter-password\";i:0;s:19:\"uagb\/register-terms\";i:0;s:22:\"uagb\/register-username\";i:0;}"],"_uag_page_assets":["a:9:{s:3:\"css\";s:263:\".uag-blocks-common-selector{z-index:var(--z-index-desktop) !important}@media (max-width: 976px){.uag-blocks-common-selector{z-index:var(--z-index-tablet) !important}}@media (max-width: 767px){.uag-blocks-common-selector{z-index:var(--z-index-mobile) !important}}\n\";s:2:\"js\";s:0:\"\";s:18:\"current_block_list\";a:5:{i:0;s:10:\"core\/image\";i:1;s:12:\"core\/heading\";i:2;s:14:\"core\/paragraph\";i:3;s:9:\"core\/list\";i:4;s:14:\"core\/list-item\";}s:8:\"uag_flag\";b:0;s:11:\"uag_version\";s:10:\"1775815218\";s:6:\"gfonts\";a:0:{}s:10:\"gfonts_url\";s:0:\"\";s:12:\"gfonts_files\";a:0:{}s:14:\"uag_faq_layout\";b:0;}"],"_uag_css_file_name":["uag-css-5610.css"]},"uagb_featured_image_src":{"full":["https:\/\/dlx-media.com\/wp-content\/uploads\/Keywords.jpeg",1792,1024,false],"thumbnail":["https:\/\/dlx-media.com\/wp-content\/uploads\/Keywords-250x250.jpeg",250,250,true],"medium":["https:\/\/dlx-media.com\/wp-content\/uploads\/Keywords-350x200.jpeg",350,200,true],"medium_large":["https:\/\/dlx-media.com\/wp-content\/uploads\/Keywords-768x439.jpeg",768,439,true],"large":["https:\/\/dlx-media.com\/wp-content\/uploads\/Keywords-1024x585.jpeg",1024,585,true],"1536x1536":["https:\/\/dlx-media.com\/wp-content\/uploads\/Keywords-1536x878.jpeg",1536,878,true],"2048x2048":["https:\/\/dlx-media.com\/wp-content\/uploads\/Keywords.jpeg",1792,1024,false],"suffice-thumbnail-grid":["https:\/\/dlx-media.com\/wp-content\/uploads\/Keywords-750x420.jpeg",750,420,true],"suffice-thumbnail-featured-one":["https:\/\/dlx-media.com\/wp-content\/uploads\/Keywords-295x525.jpeg",295,525,true],"suffice-thumbnail-featured-two":["https:\/\/dlx-media.com\/wp-content\/uploads\/Keywords-1140x504.jpeg",1140,504,true],"suffice-thumbnail-portfolio":["https:\/\/dlx-media.com\/wp-content\/uploads\/Keywords-572x552.jpeg",572,552,true],"suffice-thumbnail-portfolio-masonry":["https:\/\/dlx-media.com\/wp-content\/uploads\/Keywords-572x652.jpeg",572,652,true]},"uagb_author_info":{"display_name":"DLxMedia","author_link":"https:\/\/dlx-media.com\/pl"},"uagb_comment_info":0,"uagb_excerpt":"S\u0142owa kluczowe: podstawa skutecznej optymalizacji pod k\u0105tem wyszukiwarek i marketingu online S\u0142owa kluczowe, cz\u0119sto okre\u015blane jako wyszukiwane has\u0142a lub s\u0142owa kluczowe, s\u0105 niedocenianymi bohaterami cyfrowego \u015bwiata. Odgrywaj\u0105 one kluczow\u0105 rol\u0119 w marketingu internetowym, a zw\u0142aszcza w optymalizacji pod k\u0105tem wyszukiwarek","_links":{"self":[{"href":"https:\/\/dlx-media.com\/pl\/wp-json\/wp\/v2\/pages\/5610","targetHints":{"allow":["GET"]}}],"collection":[{"href":"https:\/\/dlx-media.com\/pl\/wp-json\/wp\/v2\/pages"}],"about":[{"href":"https:\/\/dlx-media.com\/pl\/wp-json\/wp\/v2\/types\/page"}],"author":[{"embeddable":true,"href":"https:\/\/dlx-media.com\/pl\/wp-json\/wp\/v2\/users\/2332"}],"replies":[{"embeddable":true,"href":"https:\/\/dlx-media.com\/pl\/wp-json\/wp\/v2\/comments?post=5610"}],"version-history":[{"count":1,"href":"https:\/\/dlx-media.com\/pl\/wp-json\/wp\/v2\/pages\/5610\/revisions"}],"predecessor-version":[{"id":5611,"href":"https:\/\/dlx-media.com\/pl\/wp-json\/wp\/v2\/pages\/5610\/revisions\/5611"}],"up":[{"embeddable":true,"href":"https:\/\/dlx-media.com\/pl\/wp-json\/wp\/v2\/pages\/4979"}],"wp:featuredmedia":[{"embeddable":true,"href":"https:\/\/dlx-media.com\/pl\/wp-json\/wp\/v2\/media\/5606"}],"wp:attachment":[{"href":"https:\/\/dlx-media.com\/pl\/wp-json\/wp\/v2\/media?parent=5610"}],"curies":[{"name":"wp","href":"https:\/\/api.w.org\/{rel}","templated":true}]}}