{"id":5597,"date":"2024-10-25T12:42:57","date_gmt":"2024-10-25T10:42:57","guid":{"rendered":"https:\/\/dlx-media.com\/slowniczek\/gestosc-slow-kluczowych\/"},"modified":"2024-10-25T12:47:53","modified_gmt":"2024-10-25T10:47:53","slug":"gestosc-slow-kluczowych","status":"publish","type":"page","link":"https:\/\/dlx-media.com\/pl\/slowniczek\/gestosc-slow-kluczowych\/","title":{"rendered":"G\u0119sto\u015b\u0107 s\u0142\u00f3w kluczowych"},"content":{"rendered":"<div class=\"wp-block-image\">\n<figure data-spectra-id=\"spectra-ab0c84dc-4fa0-42e7-bc8d-1cbc0d6d45c9\" class=\"aligncenter size-full\"><img loading=\"lazy\" decoding=\"async\" width=\"1792\" height=\"1024\" src=\"https:\/\/dlx-media.com\/wp-content\/uploads\/Keyword-Density.jpeg\" alt=\"G&#x119;sto&#x15B;&#x107; s&#x142;&#xF3;w kluczowych\" class=\"wp-image-5588\" srcset=\"https:\/\/dlx-media.com\/wp-content\/uploads\/Keyword-Density.jpeg 1792w, https:\/\/dlx-media.com\/wp-content\/uploads\/Keyword-Density-350x200.jpeg 350w, https:\/\/dlx-media.com\/wp-content\/uploads\/Keyword-Density-1024x585.jpeg 1024w, https:\/\/dlx-media.com\/wp-content\/uploads\/Keyword-Density-768x439.jpeg 768w, https:\/\/dlx-media.com\/wp-content\/uploads\/Keyword-Density-1536x878.jpeg 1536w\" sizes=\"auto, (max-width: 1792px) 100vw, 1792px\" \/><\/figure>\n<\/div>\n<h3 class=\"wp-block-heading\">Sztuka r\u00f3wnowa\u017cenia istotno\u015bci i naturalno\u015bci<\/h3>\n\n<p class=\"wp-block-paragraph\"><strong>G\u0119sto\u015b\u0107 s\u0142\u00f3w kluczowych<\/strong> to cz\u0119sto omawiana koncepcja w \u015bwiecie marketingu internetowego i <strong>optymalizacji pod k\u0105tem wyszukiwarek (SEO)<\/strong>. Odnosi si\u0119 do procentowego udzia\u0142u okre\u015blonego s\u0142owa kluczowego lub frazy kluczowej w stosunku do ca\u0142kowitej d\u0142ugo\u015bci tekstu. G\u0119sto\u015b\u0107 s\u0142\u00f3w kluczowych odgrywa rol\u0119, je\u015bli chodzi o ocen\u0119 <strong>trafno\u015bci witryny<\/strong> dla okre\u015blonych zapyta\u0144 wyszukiwania. Ale jak dok\u0142adnie to dzia\u0142a i dlaczego g\u0119sto\u015b\u0107 s\u0142\u00f3w kluczowych jest zar\u00f3wno narz\u0119dziem, jak i potencjaln\u0105 pu\u0142apk\u0105?   <\/p>\n\n<h3 class=\"wp-block-heading\">Czym dok\u0142adnie jest g\u0119sto\u015b\u0107 s\u0142\u00f3w kluczowych?<\/h3>\n\n<p class=\"wp-block-paragraph\">Obliczanie <strong>g\u0119sto\u015bci s\u0142\u00f3w kluczowych<\/strong> jest proste: jest ona wyra\u017cana w procentach i obliczana za pomoc\u0105 nast\u0119puj\u0105cego wzoru:<\/p>\n<div class=\"wp-block-image\">\n<figure data-spectra-id=\"spectra-3192cfb4-ac2b-44d2-aa02-8e2bf4af1490\" class=\"aligncenter size-full\"><img loading=\"lazy\" decoding=\"async\" width=\"468\" height=\"65\" src=\"https:\/\/dlx-media.com\/wp-content\/uploads\/keyword-density-berechnen-seo.jpg\" alt=\"\" class=\"wp-image-5585\" srcset=\"https:\/\/dlx-media.com\/wp-content\/uploads\/keyword-density-berechnen-seo.jpg 468w, https:\/\/dlx-media.com\/wp-content\/uploads\/keyword-density-berechnen-seo-350x49.jpg 350w\" sizes=\"auto, (max-width: 468px) 100vw, 468px\" \/><\/figure>\n<\/div>\n<p class=\"wp-block-paragraph\">Na przyk\u0142ad g\u0119sto\u015b\u0107 s\u0142\u00f3w kluczowych wynosi 5%, je\u015bli s\u0142owo kluczowe pojawia si\u0119 dziesi\u0119\u0107 razy w tek\u015bcie zawieraj\u0105cym 200 s\u0142\u00f3w. Liczba ta mo\u017ce da\u0107 wyszukiwarkom wskaz\u00f3wk\u0119, jak cz\u0119sto okre\u015blony termin pojawia si\u0119 w tek\u015bcie, a tym samym, jak istotny jest ten tekst dla zapytania zawieraj\u0105cego dok\u0142adnie to s\u0142owo kluczowe. <\/p>\n\n<p class=\"wp-block-paragraph\">W przesz\u0142o\u015bci g\u0119sto\u015b\u0107 s\u0142\u00f3w kluczowych by\u0142a uwa\u017cana za jeden z najwa\u017cniejszych czynnik\u00f3w <strong>optymalizacji na stronie<\/strong>. Idea stoj\u0105ca za tym by\u0142a prosta: je\u015bli strona zawiera okre\u015blone s\u0142owo szczeg\u00f3lnie cz\u0119sto, to powinna by\u0107 r\u00f3wnie\u017c szczeg\u00f3lnie istotna dla tego tematu. Jednak, podobnie jak wiele innych rzeczy w dziedzinie optymalizacji pod k\u0105tem wyszukiwarek, podej\u015bcie to ewoluowa\u0142o na przestrzeni lat.  <\/p>\n\n<h3 class=\"wp-block-heading\">Rola g\u0119sto\u015bci s\u0142\u00f3w kluczowych w nowoczesnym SEO<\/h3>\n\n<p class=\"wp-block-paragraph\">Obecnie g\u0119sto\u015b\u0107 s\u0142\u00f3w kluczowych nie polega ju\u017c na jak najcz\u0119stszym umieszczaniu okre\u015blonego s\u0142owa w tek\u015bcie. Wyszukiwarki takie jak <strong>Google<\/strong> znacznie ulepszy\u0142y swoje algorytmy i s\u0105 w stanie zrozumie\u0107 <strong>semantyczne znaczenie<\/strong> tekstu. Oznacza to, \u017ce nie zwracaj\u0105 ju\u017c uwagi tylko na to, jak cz\u0119sto pojawia si\u0119 okre\u015blone s\u0142owo, ale tak\u017ce na to, jak dobrze ca\u0142a tre\u015b\u0107 spe\u0142nia <strong>intencje wyszukiwania<\/strong> u\u017cytkownika.  <\/p>\n\n<p class=\"wp-block-paragraph\"><strong>G\u0119sto\u015b\u0107 s\u0142\u00f3w kluczowych<\/strong> nie jest ju\u017c zatem jedyn\u0105 miar\u0105 wszystkich rzeczy, ale tylko jednym z element\u00f3w z\u0142o\u017conej uk\u0142adanki. Zbyt wysoki odsetek mo\u017ce by\u0107 nawet negatywny. Je\u015bli s\u0142owo kluczowe pojawia si\u0119 tak cz\u0119sto w tek\u015bcie, \u017ce wydaje si\u0119 sztuczne i nienaturalne, jest to znane jako <strong>upychanie s\u0142\u00f3w kluczowych<\/strong>. Praktyka ta ma na celu sztuczne manipulowanie rankingami wyszukiwarek poprzez dos\u0142owne &#8222;przepe\u0142nienie&#8221; witryny s\u0142owami kluczowymi. Google i inne wyszukiwarki niezawodnie rozpoznaj\u0105 upychanie s\u0142\u00f3w kluczowych i karz\u0105 je &#8211; a to mo\u017ce mie\u0107 powa\u017cne konsekwencje dla widoczno\u015bci danej witryny.    <\/p>\n\n<h3 class=\"wp-block-heading\">Upychanie s\u0142\u00f3w kluczowych: cienka granica mi\u0119dzy optymalizacj\u0105 a karami<\/h3>\n\n<p class=\"wp-block-paragraph\">Upychanie s\u0142\u00f3w kluczowych jest nie tylko nieskuteczne, ale tak\u017ce niebezpieczne. Mo\u017ce prowadzi\u0107 do usuni\u0119cia witryny z <strong>indeksu Google<\/strong> lub utraty wielu pozycji w wynikach wyszukiwania. Nie chodzi tu tylko o kiepski user experience, ale tak\u017ce o <strong>ryzyko utraty zaufania u\u017cytkownik\u00f3w<\/strong>. Teksty zawieraj\u0105ce nadmiern\u0105 liczb\u0119 powt\u00f3rze\u0144 danego terminu cz\u0119sto wydaj\u0105 si\u0119 niepor\u0119czne i trudne do zrozumienia, co szybko zniech\u0119ca odwiedzaj\u0105cych.   <\/p>\n\n<p class=\"wp-block-paragraph\">Przyk\u0142ad upychania s\u0142\u00f3w kluczowych: &#8222;Nasz sklep internetowy oferuje <strong>tanie buty<\/strong>. Je\u015bli szukasz <strong>tanich but<\/strong> \u00f3w, jeste\u015b we w\u0142a\u015bciwym miejscu. Kup swoje <strong>tanie buty<\/strong> ju\u017c dzi\u015b i oszcz\u0119dzaj kupuj\u0105c <strong>tanie buty<\/strong>!&#8221;  <\/p>\n\n<p class=\"wp-block-paragraph\">Taki tekst szybko staje si\u0119 nienaturalny i natr\u0119tny. W dzisiejszych czasach u\u017cytkownicy s\u0105 dobrzy w rozpoznawaniu reklam, a takie nienaturalne nagromadzenie s\u0142\u00f3w kluczowych mo\u017ce ich odstraszy\u0107, zamiast sk\u0142oni\u0107 do pozostania i przeczytania dalszej tre\u015bci. Google r\u00f3wnie\u017c rozpoznaje takie teksty i mo\u017ce ukara\u0107 operatora witryny ni\u017cszymi rankingami.  <\/p>\n\n<h3 class=\"wp-block-heading\">Optymalna g\u0119sto\u015b\u0107 s\u0142\u00f3w kluczowych: czy istnieje magiczna liczba?<\/h3>\n\n<p class=\"wp-block-paragraph\">Nie ma ustalonej &#8222;magicznej liczby&#8221; dla idealnej g\u0119sto\u015bci s\u0142\u00f3w kluczowych. Wielu <strong>ekspert\u00f3w SEO<\/strong> zaleca utrzymywanie g\u0119sto\u015bci s\u0142\u00f3w kluczowych w zakresie <strong>1-3%<\/strong>, poniewa\u017c jest to zwykle uwa\u017cane za naturalne i dyskretne. Zalecenie to nie jest jednak uniwersalnym punktem odniesienia, a raczej <strong>wskaz\u00f3wk\u0105<\/strong>. Decyduj\u0105cym czynnikiem jest to, \u017ce s\u0142owo kluczowe jest u\u017cywane tak cz\u0119sto, jak wydaje si\u0119 to naturalne i ma sens w kontek\u015bcie.   <\/p>\n\n<p class=\"wp-block-paragraph\">Nowoczesne SEO k\u0142adzie wi\u0119kszy nacisk na kontekst i <strong>trafno\u015b\u0107 tre\u015bci jako ca\u0142o\u015bci<\/strong>. Wa\u017cn\u0105 rol\u0119 odgrywaj\u0105 tutaj takie poj\u0119cia jak <strong>s\u0142owa kluczowe LSI (Latent Semantic Indexing)<\/strong>. S\u0105 to blisko powi\u0105zane terminy i synonimy, kt\u00f3re pomagaj\u0105 algorytmowi wyszukiwarki lepiej zrozumie\u0107 znaczenie tekstu bez konieczno\u015bci nadmiernego powtarzania g\u0142\u00f3wnego s\u0142owa kluczowego. Na przyk\u0142ad w tek\u015bcie na temat &#8222;tanich but\u00f3w&#8221; mo\u017cna r\u00f3wnie\u017c u\u017cy\u0107 termin\u00f3w takich jak &#8222;niedrogie trampki&#8221;, &#8222;niedrogie buty sportowe&#8221; lub &#8222;okazyjne buty&#8221;, aby om\u00f3wi\u0107 temat w naturalny spos\u00f3b.   <\/p>\n\n<h3 class=\"wp-block-heading\">G\u0119sto\u015b\u0107 s\u0142\u00f3w kluczowych w kontek\u015bcie kompleksowej strategii SEO<\/h3>\n\n<p class=\"wp-block-paragraph\">G\u0119sto\u015b\u0107 s\u0142\u00f3w kluczowych to <strong>tylko jeden z aspekt\u00f3w<\/strong> skutecznej strategii SEO. Chodzi o tworzenie tre\u015bci, kt\u00f3re s\u0105 <strong>interesuj\u0105ce i warto\u015bciowe<\/strong> dla czytelnika, a jednocze\u015bnie spe\u0142niaj\u0105 wymagania wyszukiwarek. Strona, kt\u00f3ra jest dobrze skonstruowana, dostarcza przydatnych informacji i odpowiada na potrzeby u\u017cytkownika, b\u0119dzie osi\u0105ga\u0107 lepsze wyniki w wyszukiwarkach, nawet je\u015bli g\u0119sto\u015b\u0107 s\u0142\u00f3w kluczowych nie wynosi dok\u0142adnie 2%.  <\/p>\n\n<p class=\"wp-block-paragraph\">Ponadto czynniki takie jak <strong>optymalizacja na stronie<\/strong> (takie jak struktura nag\u0142\u00f3wk\u00f3w, meta tagi i teksty alternatywne), <strong>techniczne SEO<\/strong> (takie jak szybko\u015b\u0107 \u0142adowania i przyjazno\u015b\u0107 dla urz\u0105dze\u0144 mobilnych) oraz <strong>sygna\u0142y poza stron\u0105<\/strong> (takie jak jako\u015b\u0107 link\u00f3w przychodz\u0105cych) powinny zosta\u0107 w\u0142\u0105czone do og\u00f3lnej strategii. <strong>Do\u015bwiadczenie u\u017cytkownika (UX)<\/strong> jest r\u00f3wnie\u017c kluczowym punktem: teksty powinny by\u0107 \u0142atwe do odczytania i prowadzi\u0107 czytelnika przez tre\u015b\u0107 w naturalny spos\u00f3b. <\/p>\n\n<p class=\"wp-block-paragraph\">\u0141atwy do odczytania tekst nie tylko prowadzi do wi\u0119kszej satysfakcji u\u017cytkownik\u00f3w, ale tak\u017ce do lepszych <strong>sygna\u0142\u00f3w od u\u017cytkownik\u00f3w<\/strong>. Te, takie jak d\u0142u\u017cszy czas przebywania na stronie lub ni\u017cszy wsp\u00f3\u0142czynnik odrzuce\u0144, s\u0105 r\u00f3wnie\u017c postrzegane jako pozytywne przez wyszukiwarki. Oznacza to, \u017ce naturalny i dobrze skonstruowany tekst, kt\u00f3ry zaspokaja potrzeby u\u017cytkownik\u00f3w, cz\u0119sto przynosi wi\u0119kszy sukces ni\u017c skupienie si\u0119 wy\u0142\u0105cznie na okre\u015blonej g\u0119sto\u015bci s\u0142\u00f3w kluczowych.  <\/p>\n\n<h3 class=\"wp-block-heading\">Podsumowanie: Sztuka naturalnej optymalizacji<\/h3>\n\n<p class=\"wp-block-paragraph\"><strong>G\u0119sto\u015b\u0107 s\u0142\u00f3w kluczowych<\/strong> jest nadal istotnym, ale w \u017cadnym wypadku nie decyduj\u0105cym czynnikiem w SEO. Stanowi wskaz\u00f3wk\u0119, jak cz\u0119sto dane s\u0142owo kluczowe powinno by\u0107 u\u017cywane, aby wyszukiwarki uzna\u0142y je za istotne. Prawdziw\u0105 sztuk\u0105 jest jednak zachowanie <strong>r\u00f3wnowagi i naturalno\u015bci<\/strong>.  <\/p>\n\n<p class=\"wp-block-paragraph\">Zamiast sztywno polega\u0107 na celu procentowym, operatorzy witryn i tw\u00f3rcy tre\u015bci powinni upewni\u0107 si\u0119, \u017ce tre\u015b\u0107 jest <strong>\u0142atwa do odczytania<\/strong> i spe\u0142nia <strong>potrzeby u\u017cytkownik\u00f3w<\/strong>. Je\u015bli s\u0142owo kluczowe jest organicznie wplecione w tekst, a intencja wyszukiwania u\u017cytkownika jest spe\u0142niona, to najwi\u0119kszy krok w kierunku dobrych ranking\u00f3w zosta\u0142 ju\u017c zrobiony. <\/p>\n\n<p class=\"wp-block-paragraph\">W ostatecznym rozrachunku dla Google i sp\u00f3\u0142ki liczy si\u0119 przede wszystkim jedna rzecz: <strong>jako\u015b\u0107<\/strong>. Odzwierciedla si\u0119 to nie tylko w cz\u0119stotliwo\u015bci wyst\u0119powania okre\u015blonych s\u0142\u00f3w, ale tak\u017ce w g\u0142\u0119bi informacji, przejrzysto\u015bci j\u0119zyka i warto\u015bci, jak\u0105 strona oferuje odwiedzaj\u0105cym. Je\u015bli to zinternalizujesz, b\u0119dziesz u\u017cywa\u0107 g\u0119sto\u015bci s\u0142\u00f3w kluczowych nie jako \u015bcis\u0142ej regu\u0142y, ale jako <strong>narz\u0119dzia<\/strong> &#8211; jednego z wielu do tworzenia tre\u015bci, kt\u00f3re inspiruj\u0105 zar\u00f3wno u\u017cytkownik\u00f3w, jak i wyszukiwarki.  <\/p>\n","protected":false},"excerpt":{"rendered":"<p>Sztuka r\u00f3wnowa\u017cenia istotno\u015bci i naturalno\u015bci G\u0119sto\u015b\u0107 s\u0142\u00f3w kluczowych to cz\u0119sto omawiana koncepcja w \u015bwiecie marketingu internetowego i optymalizacji pod k\u0105tem wyszukiwarek (SEO). Odnosi si\u0119 do procentowego udzia\u0142u okre\u015blonego s\u0142owa kluczowego lub frazy kluczowej w stosunku do ca\u0142kowitej d\u0142ugo\u015bci tekstu. G\u0119sto\u015b\u0107<\/p>\n","protected":false},"author":2332,"featured_media":5590,"parent":4979,"menu_order":0,"comment_status":"closed","ping_status":"closed","template":"","meta":{"_seopress_robots_primary_cat":"","_seopress_titles_title":"Balancieren Sie SEO: Keyword-Density richtig nutzen %%sep%% %%sitetitle%%","_seopress_titles_desc":"Entdecken Sie die Bedeutung der Keyword-Dichte f\u00fcr SEO und wie sie das Ranking beeinflusst, ohne in Keyword-Stuffing zu verfallen.","_seopress_robots_index":"","_crdt_document":"","_uag_custom_page_level_css":"","spectra_gs_classes":"","footnotes":""},"class_list":["post-5597","page","type-page","status-publish","has-post-thumbnail","hentry"],"spectra_custom_meta":{"_top_nav_excluded":[""],"_cms_nav_minihome":[""],"_seopress_titles_title":["Balancieren Sie SEO: Keyword-Density richtig nutzen %%sep%% %%sitetitle%%"],"_seopress_titles_desc":["Entdecken Sie die Bedeutung der Keyword-Dichte f\u00fcr SEO und wie sie das Ranking beeinflusst, ohne in Keyword-Stuffing zu verfallen."],"_seopress_redirections_logged_status":["both"],"_seopress_redirections_type":["301"],"_thumbnail_id":["5590"],"_last_translation_edit_mode":["translation-editor"],"_wp_page_template":[""],"_seopress_analysis_target_kw":[""],"_uagb_previous_block_counts":["a:90:{s:21:\"uagb\/advanced-heading\";i:0;s:15:\"uagb\/blockquote\";i:0;s:12:\"uagb\/buttons\";i:0;s:18:\"uagb\/buttons-child\";i:0;s:19:\"uagb\/call-to-action\";i:0;s:15:\"uagb\/cf7-styler\";i:0;s:11:\"uagb\/column\";i:0;s:12:\"uagb\/columns\";i:0;s:14:\"uagb\/container\";i:0;s:21:\"uagb\/content-timeline\";i:0;s:27:\"uagb\/content-timeline-child\";i:0;s:14:\"uagb\/countdown\";i:0;s:12:\"uagb\/counter\";i:0;s:8:\"uagb\/faq\";i:0;s:14:\"uagb\/faq-child\";i:0;s:10:\"uagb\/forms\";i:0;s:17:\"uagb\/forms-accept\";i:0;s:19:\"uagb\/forms-checkbox\";i:0;s:15:\"uagb\/forms-date\";i:0;s:16:\"uagb\/forms-email\";i:0;s:17:\"uagb\/forms-hidden\";i:0;s:15:\"uagb\/forms-name\";i:0;s:16:\"uagb\/forms-phone\";i:0;s:16:\"uagb\/forms-radio\";i:0;s:17:\"uagb\/forms-select\";i:0;s:19:\"uagb\/forms-textarea\";i:0;s:17:\"uagb\/forms-toggle\";i:0;s:14:\"uagb\/forms-url\";i:0;s:14:\"uagb\/gf-styler\";i:0;s:15:\"uagb\/google-map\";i:0;s:11:\"uagb\/how-to\";i:0;s:16:\"uagb\/how-to-step\";i:0;s:9:\"uagb\/icon\";i:0;s:14:\"uagb\/icon-list\";i:0;s:20:\"uagb\/icon-list-child\";i:0;s:10:\"uagb\/image\";i:0;s:18:\"uagb\/image-gallery\";i:0;s:13:\"uagb\/info-box\";i:0;s:18:\"uagb\/inline-notice\";i:0;s:11:\"uagb\/lottie\";i:0;s:21:\"uagb\/marketing-button\";i:0;s:10:\"uagb\/modal\";i:0;s:18:\"uagb\/popup-builder\";i:0;s:16:\"uagb\/post-button\";i:0;s:18:\"uagb\/post-carousel\";i:0;s:17:\"uagb\/post-excerpt\";i:0;s:14:\"uagb\/post-grid\";i:0;s:15:\"uagb\/post-image\";i:0;s:17:\"uagb\/post-masonry\";i:0;s:14:\"uagb\/post-meta\";i:0;s:18:\"uagb\/post-taxonomy\";i:0;s:18:\"uagb\/post-timeline\";i:0;s:15:\"uagb\/post-title\";i:0;s:20:\"uagb\/restaurant-menu\";i:0;s:26:\"uagb\/restaurant-menu-child\";i:0;s:11:\"uagb\/review\";i:0;s:12:\"uagb\/section\";i:0;s:14:\"uagb\/separator\";i:0;s:11:\"uagb\/slider\";i:0;s:17:\"uagb\/slider-child\";i:0;s:17:\"uagb\/social-share\";i:0;s:23:\"uagb\/social-share-child\";i:0;s:16:\"uagb\/star-rating\";i:0;s:23:\"uagb\/sure-cart-checkout\";i:0;s:22:\"uagb\/sure-cart-product\";i:0;s:15:\"uagb\/sure-forms\";i:0;s:22:\"uagb\/table-of-contents\";i:0;s:9:\"uagb\/tabs\";i:0;s:15:\"uagb\/tabs-child\";i:0;s:18:\"uagb\/taxonomy-list\";i:0;s:9:\"uagb\/team\";i:0;s:16:\"uagb\/testimonial\";i:0;s:14:\"uagb\/wp-search\";i:0;s:19:\"uagb\/instagram-feed\";i:0;s:10:\"uagb\/login\";i:0;s:17:\"uagb\/loop-builder\";i:0;s:18:\"uagb\/loop-category\";i:0;s:20:\"uagb\/loop-pagination\";i:0;s:15:\"uagb\/loop-reset\";i:0;s:16:\"uagb\/loop-search\";i:0;s:14:\"uagb\/loop-sort\";i:0;s:17:\"uagb\/loop-wrapper\";i:0;s:13:\"uagb\/register\";i:0;s:19:\"uagb\/register-email\";i:0;s:24:\"uagb\/register-first-name\";i:0;s:23:\"uagb\/register-last-name\";i:0;s:22:\"uagb\/register-password\";i:0;s:30:\"uagb\/register-reenter-password\";i:0;s:19:\"uagb\/register-terms\";i:0;s:22:\"uagb\/register-username\";i:0;}"],"_uag_page_assets":["a:9:{s:3:\"css\";s:263:\".uag-blocks-common-selector{z-index:var(--z-index-desktop) !important}@media (max-width: 976px){.uag-blocks-common-selector{z-index:var(--z-index-tablet) !important}}@media (max-width: 767px){.uag-blocks-common-selector{z-index:var(--z-index-mobile) !important}}\n\";s:2:\"js\";s:0:\"\";s:18:\"current_block_list\";a:3:{i:0;s:10:\"core\/image\";i:1;s:12:\"core\/heading\";i:2;s:14:\"core\/paragraph\";}s:8:\"uag_flag\";b:0;s:11:\"uag_version\";s:10:\"1774890645\";s:6:\"gfonts\";a:0:{}s:10:\"gfonts_url\";s:0:\"\";s:12:\"gfonts_files\";a:0:{}s:14:\"uag_faq_layout\";b:0;}"],"_uag_css_file_name":["uag-css-5597.css"]},"uagb_featured_image_src":{"full":["https:\/\/dlx-media.com\/wp-content\/uploads\/Keyword-Density.jpeg",1792,1024,false],"thumbnail":["https:\/\/dlx-media.com\/wp-content\/uploads\/Keyword-Density-250x250.jpeg",250,250,true],"medium":["https:\/\/dlx-media.com\/wp-content\/uploads\/Keyword-Density-350x200.jpeg",350,200,true],"medium_large":["https:\/\/dlx-media.com\/wp-content\/uploads\/Keyword-Density-768x439.jpeg",768,439,true],"large":["https:\/\/dlx-media.com\/wp-content\/uploads\/Keyword-Density-1024x585.jpeg",1024,585,true],"1536x1536":["https:\/\/dlx-media.com\/wp-content\/uploads\/Keyword-Density-1536x878.jpeg",1536,878,true],"2048x2048":["https:\/\/dlx-media.com\/wp-content\/uploads\/Keyword-Density.jpeg",1792,1024,false],"suffice-thumbnail-grid":["https:\/\/dlx-media.com\/wp-content\/uploads\/Keyword-Density-750x420.jpeg",750,420,true],"suffice-thumbnail-featured-one":["https:\/\/dlx-media.com\/wp-content\/uploads\/Keyword-Density-295x525.jpeg",295,525,true],"suffice-thumbnail-featured-two":["https:\/\/dlx-media.com\/wp-content\/uploads\/Keyword-Density-1140x504.jpeg",1140,504,true],"suffice-thumbnail-portfolio":["https:\/\/dlx-media.com\/wp-content\/uploads\/Keyword-Density-572x552.jpeg",572,552,true],"suffice-thumbnail-portfolio-masonry":["https:\/\/dlx-media.com\/wp-content\/uploads\/Keyword-Density-572x652.jpeg",572,652,true]},"uagb_author_info":{"display_name":"DLxMedia","author_link":"https:\/\/dlx-media.com\/pl"},"uagb_comment_info":0,"uagb_excerpt":"Sztuka r\u00f3wnowa\u017cenia istotno\u015bci i naturalno\u015bci G\u0119sto\u015b\u0107 s\u0142\u00f3w kluczowych to cz\u0119sto omawiana koncepcja w \u015bwiecie marketingu internetowego i optymalizacji pod k\u0105tem wyszukiwarek (SEO). Odnosi si\u0119 do procentowego udzia\u0142u okre\u015blonego s\u0142owa kluczowego lub frazy kluczowej w stosunku do ca\u0142kowitej d\u0142ugo\u015bci tekstu. G\u0119sto\u015b\u0107","_links":{"self":[{"href":"https:\/\/dlx-media.com\/pl\/wp-json\/wp\/v2\/pages\/5597","targetHints":{"allow":["GET"]}}],"collection":[{"href":"https:\/\/dlx-media.com\/pl\/wp-json\/wp\/v2\/pages"}],"about":[{"href":"https:\/\/dlx-media.com\/pl\/wp-json\/wp\/v2\/types\/page"}],"author":[{"embeddable":true,"href":"https:\/\/dlx-media.com\/pl\/wp-json\/wp\/v2\/users\/2332"}],"replies":[{"embeddable":true,"href":"https:\/\/dlx-media.com\/pl\/wp-json\/wp\/v2\/comments?post=5597"}],"version-history":[{"count":1,"href":"https:\/\/dlx-media.com\/pl\/wp-json\/wp\/v2\/pages\/5597\/revisions"}],"predecessor-version":[{"id":5598,"href":"https:\/\/dlx-media.com\/pl\/wp-json\/wp\/v2\/pages\/5597\/revisions\/5598"}],"up":[{"embeddable":true,"href":"https:\/\/dlx-media.com\/pl\/wp-json\/wp\/v2\/pages\/4979"}],"wp:featuredmedia":[{"embeddable":true,"href":"https:\/\/dlx-media.com\/pl\/wp-json\/wp\/v2\/media\/5590"}],"wp:attachment":[{"href":"https:\/\/dlx-media.com\/pl\/wp-json\/wp\/v2\/media?parent=5597"}],"curies":[{"name":"wp","href":"https:\/\/api.w.org\/{rel}","templated":true}]}}