{"id":5580,"date":"2024-10-25T12:26:48","date_gmt":"2024-10-25T10:26:48","guid":{"rendered":"https:\/\/dlx-media.com\/slowniczek\/linkowanie-wewnetrzne\/"},"modified":"2024-10-25T12:36:47","modified_gmt":"2024-10-25T10:36:47","slug":"linkowanie-wewnetrzne","status":"publish","type":"page","link":"https:\/\/dlx-media.com\/pl\/slowniczek\/linkowanie-wewnetrzne\/","title":{"rendered":"Linkowanie wewn\u0119trzne"},"content":{"rendered":"<div class=\"wp-block-image\">\n<figure data-spectra-id=\"spectra-0d2ae02d-446b-49b0-9bad-211e314bb5ef\" class=\"aligncenter size-full\"><img loading=\"lazy\" decoding=\"async\" width=\"1792\" height=\"1024\" src=\"https:\/\/dlx-media.com\/wp-content\/uploads\/Interne-Verlinkung.jpeg\" alt=\"Linkowanie wewn&#x119;trzne\" class=\"wp-image-5572\" srcset=\"https:\/\/dlx-media.com\/wp-content\/uploads\/Interne-Verlinkung.jpeg 1792w, https:\/\/dlx-media.com\/wp-content\/uploads\/Interne-Verlinkung-350x200.jpeg 350w, https:\/\/dlx-media.com\/wp-content\/uploads\/Interne-Verlinkung-1024x585.jpeg 1024w, https:\/\/dlx-media.com\/wp-content\/uploads\/Interne-Verlinkung-768x439.jpeg 768w, https:\/\/dlx-media.com\/wp-content\/uploads\/Interne-Verlinkung-1536x878.jpeg 1536w\" sizes=\"auto, (max-width: 1792px) 100vw, 1792px\" \/><\/figure>\n<\/div>\n<h2 class=\"wp-block-heading\">Architekt struktury strony internetowej i jego rola w SEO<\/h2>\n\n<p class=\"wp-block-paragraph\"><strong>Linkowanie wewn\u0119trzne<\/strong> jest istotn\u0105 cz\u0119\u015bci\u0105 ka\u017cdej udanej strony internetowej i odgrywa kluczow\u0105 rol\u0119 w <strong>optymalizacji pod k\u0105tem wyszukiwarek (SEO)<\/strong>. Jest to co\u015b wi\u0119cej ni\u017c tylko metoda \u0142\u0105czenia tre\u015bci. Jest to <strong>kr\u0119gos\u0142up struktury witryny<\/strong> i zapewnia, \u017ce zar\u00f3wno wyszukiwarki, jak i u\u017cytkownicy mog\u0105 bez wysi\u0142ku porusza\u0107 si\u0119 po tre\u015bci. Dobrze przemy\u015blane linkowanie wewn\u0119trzne mo\u017ce okre\u015bli\u0107, kt\u00f3re strony witryny s\u0105 kategoryzowane jako szczeg\u00f3lnie wa\u017cne przez wyszukiwarki i jak dobrze te strony s\u0105 widoczne w wynikach wyszukiwania. Ale jak dzia\u0142a ten system i dlaczego jest tak wa\u017cny?    <\/p>\n\n<h3 class=\"wp-block-heading\">Mechanika linkowania wewn\u0119trznego: sie\u0107 relacji<\/h3>\n\n<p class=\"wp-block-paragraph\">Zasadniczo <strong>architektura link\u00f3w<\/strong> wewn\u0119trznych opisuje spos\u00f3b, w jaki r\u00f3\u017cne strony i dokumenty w witrynie s\u0105 ze sob\u0105 po\u0142\u0105czone. Wyobra\u017amy sobie stron\u0119 internetow\u0105 jako z\u0142o\u017con\u0105 paj\u0119czyn\u0119: Ka\u017cda strona jest w\u0119z\u0142em, a linki wewn\u0119trzne to nici \u0142\u0105cz\u0105ce te w\u0119z\u0142y. <strong>Roboty indeksuj\u0105ce wyszukiwarek<\/strong>, takie jak Googlebot, wykorzystuj\u0105 te po\u0142\u0105czenia do indeksowania strony i analizowania jej zawarto\u015bci. Poruszaj\u0105 si\u0119 od jednego linku wewn\u0119trznego do nast\u0119pnego, aby stworzy\u0107 jak najbardziej kompletn\u0105 map\u0119 witryny.   <\/p>\n\n<p class=\"wp-block-paragraph\">Je\u015bli dana strona otrzymuje teraz <strong>wiele link\u00f3w<\/strong> wewn\u0119trznych, jest klasyfikowana jako wa\u017cniejsza. Tworzy si\u0119 <strong>hierarchia istotno\u015bci<\/strong>, w kt\u00f3rej strony cz\u0119\u015bciej linkowane wewn\u0119trznie s\u0105 postrzegane przez wyszukiwarki jako wa\u017cniejsze. Strony te zazwyczaj otrzymuj\u0105 wi\u0119cej uwagi podczas indeksowania, a zatem maj\u0105 wi\u0119ksz\u0105 szans\u0119 na wy\u017csz\u0105 pozycj\u0119 w wynikach wyszukiwania. Oznacza to, \u017ce ukierunkowana strategia linkowania jest <strong>rodzajem ukrytego mechanizmu kontroli<\/strong>, kt\u00f3ry sygnalizuje wyszukiwarkom, kt\u00f3re tre\u015bci s\u0105 szczeg\u00f3lnie istotne.   <\/p>\n\n<h3 class=\"wp-block-heading\">Znaczenie linkowania wewn\u0119trznego dla &#8222;zaufania SEO&#8221;<\/h3>\n\n<p class=\"wp-block-paragraph\">Centralnym poj\u0119ciem w SEO jest <strong>zaufanie<\/strong>, jakim wyszukiwarki darz\u0105 stron\u0119 internetow\u0105. Na zaufanie to wp\u0142ywa wiele czynnik\u00f3w, takich jak jako\u015b\u0107 tre\u015bci, liczba i jako\u015b\u0107 link\u00f3w zewn\u0119trznych, ale tak\u017ce <strong>linkowanie wewn\u0119trzne<\/strong>. Poprzez ukierunkowan\u0105 i r\u00f3wnomiern\u0105 dystrybucj\u0119 zaufania za po\u015brednictwem wewn\u0119trznej struktury link\u00f3w, operatorzy stron internetowych mog\u0105 zapewni\u0107, \u017ce ka\u017cda istotna podstrona otrzyma pewn\u0105 ilo\u015b\u0107 uwagi.  <\/p>\n\n<p class=\"wp-block-paragraph\">Sztuczka nie polega na skoncentrowaniu zaufania na kilku stronach, ale na <strong>r\u00f3wnomiernym roz\u0142o\u017ceniu<\/strong> go, tak aby ka\u017cda wa\u017cna strona witryny odnios\u0142a wystarczaj\u0105ce korzy\u015bci z linkowania. Wymaga to <strong>starannego zaplanowania<\/strong> wewn\u0119trznej struktury link\u00f3w, aby zapewni\u0107 u\u017cytkownikom i robotom indeksuj\u0105cym dost\u0119p do wszystkich istotnych tre\u015bci za pomoc\u0105 jak najmniejszej liczby klikni\u0119\u0107. Tworzy to p\u0142ask\u0105 hierarchi\u0119, w kt\u00f3rej \u017cadna tre\u015b\u0107 nie pozostaje ukryta, a wszystkie wa\u017cne informacje s\u0105 \u0142atwo dost\u0119pne.  <\/p>\n\n<h3 class=\"wp-block-heading\">Przyjazno\u015b\u0107 dla u\u017cytkownika i dost\u0119pno\u015b\u0107: podw\u00f3jna korzy\u015b\u0107 z linkowania wewn\u0119trznego<\/h3>\n\n<p class=\"wp-block-paragraph\">Jednak znaczenie linkowania wewn\u0119trznego wykracza daleko poza SEO. Jest to <strong>klucz do pozytywnego do\u015bwiadczenia u\u017cytkownika<\/strong>. Dobrze zaprojektowane linkowanie zapewnia, \u017ce odwiedzaj\u0105cy mog\u0105 szybko i intuicyjnie znale\u017a\u0107 tre\u015bci, kt\u00f3rych szukaj\u0105. Zmniejsza to frustracj\u0119 u\u017cytkownik\u00f3w i zwi\u0119ksza prawdopodobie\u0144stwo, \u017ce pozostan\u0105 na stronie d\u0142u\u017cej i b\u0119d\u0105 intensywniej anga\u017cowa\u0107 si\u0119 w oferowane tre\u015bci.   <\/p>\n\n<p class=\"wp-block-paragraph\">Wyobra\u017amy sobie stron\u0119 internetow\u0105, na kt\u00f3rej u\u017cytkownik mo\u017ce porusza\u0107 si\u0119 od strony g\u0142\u00f3wnej poprzez r\u00f3\u017cne <strong>kategorie, podkategorie i konkretne tre\u015bci<\/strong>. Dzi\u0119ki dobrze przemy\u015blanej strukturze link\u00f3w wewn\u0119trznych mo\u017ce szybko znale\u017a\u0107 powi\u0105zane artyku\u0142y, tre\u015bci uzupe\u0142niaj\u0105ce lub bardziej szczeg\u00f3\u0142owe informacje. Zapewnia to nie tylko <strong>lepsze wra\u017cenia u\u017cytkownika<\/strong>, ale tak\u017ce pomaga wyd\u0142u\u017cy\u0107 <strong>czas sp\u0119dzony na<\/strong> stronie i zmniejszy\u0107 <strong>wsp\u00f3\u0142czynnik odrzuce\u0144<\/strong> &#8211; oba sygna\u0142y, kt\u00f3re wyszukiwarki uwa\u017caj\u0105 za pozytywne dla jako\u015bci witryny.  <\/p>\n\n<h3 class=\"wp-block-heading\">Wyzwanie przejrzysto\u015bci: Dlaczego nawet ma\u0142e strony internetowe nie powinny lekcewa\u017cy\u0107 swojej struktury link\u00f3w?<\/h3>\n\n<p class=\"wp-block-paragraph\">Powszechnie panuje b\u0142\u0119dne przekonanie, \u017ce <strong>mniejsze witryny<\/strong> same w sobie nie maj\u0105 problem\u00f3w z wewn\u0119trzn\u0105 struktur\u0105 link\u00f3w. Wielu operator\u00f3w my\u015bli: &#8222;Moja witryna ma tylko kilkadziesi\u0105t stron, nie musz\u0119 zwraca\u0107 na to wi\u0119kszej uwagi&#8221;. W rzeczywisto\u015bci jednak cz\u0119sto okazuje si\u0119, \u017ce operatorzy nie znaj\u0105 <strong>faktycznej liczby i rozmieszczenia podstron<\/strong>. Witryny, kt\u00f3re rozwija\u0142y si\u0119 przez lata, mog\u0105 gromadzi\u0107 wiele tre\u015bci, kt\u00f3re z czasem staj\u0105 <strong>si\u0119 osierocone<\/strong> i nie s\u0105 ju\u017c zintegrowane z wewn\u0119trzn\u0105 struktur\u0105 link\u00f3w.   <\/p>\n\n<p class=\"wp-block-paragraph\"><strong>Strony osierocone<\/strong>, tj. strony, kt\u00f3re nie s\u0105 powi\u0105zane z \u017cadn\u0105 inn\u0105 stron\u0105, s\u0105 cz\u0119sto niewidoczne dla wyszukiwarek. Nie s\u0105 one uwzgl\u0119dniane w indeksie, mimo \u017ce mog\u0105 oferowa\u0107 cenne informacje. Ponadto nieuporz\u0105dkowane linkowanie wewn\u0119trzne mo\u017ce prowadzi\u0107 do zakopania wa\u017cnych stron zbyt g\u0142\u0119boko w strukturze witryny i utrudnia\u0107 do nich dost\u0119p. Nie tylko utrudnia to u\u017cytkownikom nawigacj\u0119, ale tak\u017ce uniemo\u017cliwia tym stronom wykorzystanie pe\u0142nego <strong>potencja\u0142u SEO<\/strong>.   <\/p>\n\n<h3 class=\"wp-block-heading\">Ustalanie priorytet\u00f3w i \u0142\u0105czenie strategiczne: sztuka w\u0142a\u015bciwego wa\u017cenia<\/h3>\n\n<p class=\"wp-block-paragraph\">Jednym z najwi\u0119kszych wyzwa\u0144 podczas projektowania linkowania wewn\u0119trznego jest wyra\u017ane zidentyfikowanie <strong>wa\u017cnych tre\u015bci<\/strong> i promowanie ich w ukierunkowany spos\u00f3b. Oznacza to, \u017ce <strong>wa\u017cne strony<\/strong>, takie jak strony docelowe, strony sprzeda\u017cy lub przewodniki informacyjne, powinny by\u0107 linkowane w bardziej widoczny spos\u00f3b ni\u017c mniej istotne tre\u015bci, takie jak strony archiwalne lub o\u015bwiadczenia o ochronie prywatno\u015bci. Taka priorytetyzacja pomaga wyszukiwarkom rozpozna\u0107 struktur\u0119 i najwa\u017cniejsz\u0105 zawarto\u015b\u0107 witryny oraz odpowiednio uszeregowa\u0107 j\u0105 w wynikach wyszukiwania.  <\/p>\n\n<p class=\"wp-block-paragraph\">Cz\u0119stym b\u0142\u0119dem jest <strong>jednakowe linkowanie ka\u017cdej strony<\/strong>, co prowadzi do os\u0142abienia mocy link\u00f3w. Zamiast tego nale\u017cy skupi\u0107 si\u0119 na tworzeniu <strong>strategicznych link\u00f3w<\/strong>, kt\u00f3re daj\u0105 zar\u00f3wno u\u017cytkownikom, jak i wyszukiwarkom wyra\u017ane wskaz\u00f3wki do najbardziej odpowiednich stron. Jednym z przyk\u0142ad\u00f3w jest u\u017cycie <strong>&#8222;stron centralnych<\/strong> &#8221; &#8211; stron centralnych, kt\u00f3re dzia\u0142aj\u0105 jako centra dla okre\u015blonych temat\u00f3w lub kategorii produkt\u00f3w i zawieraj\u0105 linki do bardziej szczeg\u00f3\u0142owych tre\u015bci. Mo\u017ce to wzmocni\u0107 <strong>trafno\u015b\u0107 tematyczn\u0105<\/strong> witryny i zwi\u0119kszy\u0107 jej widoczno\u015b\u0107 w wynikach wyszukiwania.   <\/p>\n\n<h3 class=\"wp-block-heading\">Aspekty techniczne: Tagi kanoniczne, bud\u017cet indeksowania i rel=&#8221;nofollow&#8221;<\/h3>\n\n<p class=\"wp-block-paragraph\">Opr\u00f3cz planowania wewn\u0119trznej struktury link\u00f3w, istniej\u0105 r\u00f3wnie\u017c pewne <strong>techniczne subtelno\u015bci<\/strong>, kt\u00f3rych nie nale\u017cy zaniedbywa\u0107. Na przyk\u0142ad, aby zapewni\u0107 prawid\u0142owe indeksowanie wszystkich tre\u015bci, nale\u017cy zwr\u00f3ci\u0107 uwag\u0119 na u\u017cycie <strong>tag\u00f3w kanonicznych<\/strong> w celu unikni\u0119cia duplikat\u00f3w tre\u015bci. Jednocze\u015bnie nale\u017cy efektywnie wykorzysta\u0107 <strong>bud\u017cet indeksowania<\/strong> &#8211; innymi s\u0142owy, ilo\u015b\u0107 czasu i zasob\u00f3w, kt\u00f3re wyszukiwarka po\u015bwi\u0119ca na indeksowanie witryny. Dobrze przemy\u015blana struktura link\u00f3w pomaga zoptymalizowa\u0107 bud\u017cet indeksowania, dzi\u0119ki czemu roboty indeksuj\u0105ce docieraj\u0105 do odpowiednich tre\u015bci tak szybko, jak to mo\u017cliwe.   <\/p>\n\n<p class=\"wp-block-paragraph\"> <strong><code>rel=\"nofollow\"<\/code>U\u017cycie<\/strong> <strong> atrybutu<\/strong> w linkach wewn\u0119trznych mo\u017ce by\u0107 r\u00f3wnie\u017c przydatne w niekt\u00f3rych przypadkach, aby zapobiec przypisywaniu przez wyszukiwarki zbyt du\u017cej wagi niekt\u00f3rym linkom, takim jak linki do stron wymaganych prawnie, ale nieistotnych z punktu widzenia SEO, takich jak informacje prawne lub polityka prywatno\u015bci.<\/p>\n\n<h3 class=\"wp-block-heading\">Wniosek: linkowanie wewn\u0119trzne jako czynnik sukcesu dla u\u017cytkownik\u00f3w i wyszukiwarek<\/h3>\n\n<p class=\"wp-block-paragraph\"><strong>Linkowanie wewn\u0119trzne<\/strong> to znacznie wi\u0119cej ni\u017c tylko spos\u00f3b \u0142\u0105czenia tre\u015bci &#8211; to niewidzialny architekt, kt\u00f3ry kszta\u0142tuje struktur\u0119, trafno\u015b\u0107 i przyjazno\u015b\u0107 dla u\u017cytkownika strony internetowej. Zapewnia u\u017cytkownikom intuicyjn\u0105 orientacj\u0119, a wyszukiwarkom szybkie i skuteczne przechwytywanie tre\u015bci. Zrozumienie i strategiczne wykorzystanie linkowania wewn\u0119trznego mo\u017ce znacznie poprawi\u0107 zar\u00f3wno <strong>wra\u017cenia u\u017cytkownika<\/strong>, jak i <strong>widoczno\u015b\u0107 w wyszukiwarkach<\/strong>.  <\/p>\n\n<p class=\"wp-block-paragraph\">Niezale\u017cnie od tego, czy strona jest du\u017ca, czy ma\u0142a, struktura link\u00f3w wewn\u0119trznych powinna by\u0107 zawsze regularnie sprawdzana i optymalizowana. Jest to jedyny spos\u00f3b na zapewnienie, \u017ce <strong>moc SEO<\/strong> jest optymalnie wykorzystywana, a strona oferuje przejrzyst\u0105 i \u0142atw\u0105 w nawigacji struktur\u0119 zar\u00f3wno dla wyszukiwarek, jak i dla u\u017cytkownik\u00f3w. Dobrze przemy\u015blana strategia linkowania jest zatem nie tylko wa\u017cnym czynnikiem dla lepszych ranking\u00f3w, ale tak\u017ce decyduj\u0105cym krokiem w kierunku przyjaznej dla u\u017cytkownika i odnosz\u0105cej sukcesy strony internetowej.  <\/p>\n\n<p class=\"wp-block-paragraph\"><\/p>\n","protected":false},"excerpt":{"rendered":"<p>Architekt struktury strony internetowej i jego rola w SEO Linkowanie wewn\u0119trzne jest istotn\u0105 cz\u0119\u015bci\u0105 ka\u017cdej udanej strony internetowej i odgrywa kluczow\u0105 rol\u0119 w optymalizacji pod k\u0105tem wyszukiwarek (SEO). Jest to co\u015b wi\u0119cej ni\u017c tylko metoda \u0142\u0105czenia tre\u015bci. Jest to kr\u0119gos\u0142up<\/p>\n","protected":false},"author":2332,"featured_media":5574,"parent":4979,"menu_order":0,"comment_status":"closed","ping_status":"closed","template":"","meta":{"_seopress_robots_primary_cat":"","_seopress_titles_title":"Interne Verlinkung: Schl\u00fcssel zur SEO und optimalen Nutzererfahrung %%sep%% %%sitetitle%%","_seopress_titles_desc":"Erfahren Sie, wie interne Verlinkung die Webseitenstruktur st\u00e4rkt und die SEO verbessert, um h\u00f6here Rankings zu erzielen.","_seopress_robots_index":"","_crdt_document":"","_uag_custom_page_level_css":"","spectra_gs_classes":"","footnotes":""},"class_list":["post-5580","page","type-page","status-publish","has-post-thumbnail","hentry"],"spectra_custom_meta":{"_top_nav_excluded":[""],"_cms_nav_minihome":[""],"_seopress_titles_title":["Interne Verlinkung: Schl\u00fcssel zur SEO und optimalen Nutzererfahrung %%sep%% %%sitetitle%%"],"_seopress_titles_desc":["Erfahren Sie, wie interne Verlinkung die Webseitenstruktur st\u00e4rkt und die SEO verbessert, um h\u00f6here Rankings zu erzielen."],"_seopress_redirections_logged_status":["both"],"_seopress_redirections_type":["301"],"_thumbnail_id":["5574"],"_last_translation_edit_mode":["translation-editor"],"_wp_page_template":[""],"_seopress_analysis_target_kw":[""],"_uagb_previous_block_counts":["a:90:{s:21:\"uagb\/advanced-heading\";i:0;s:15:\"uagb\/blockquote\";i:0;s:12:\"uagb\/buttons\";i:0;s:18:\"uagb\/buttons-child\";i:0;s:19:\"uagb\/call-to-action\";i:0;s:15:\"uagb\/cf7-styler\";i:0;s:11:\"uagb\/column\";i:0;s:12:\"uagb\/columns\";i:0;s:14:\"uagb\/container\";i:0;s:21:\"uagb\/content-timeline\";i:0;s:27:\"uagb\/content-timeline-child\";i:0;s:14:\"uagb\/countdown\";i:0;s:12:\"uagb\/counter\";i:0;s:8:\"uagb\/faq\";i:0;s:14:\"uagb\/faq-child\";i:0;s:10:\"uagb\/forms\";i:0;s:17:\"uagb\/forms-accept\";i:0;s:19:\"uagb\/forms-checkbox\";i:0;s:15:\"uagb\/forms-date\";i:0;s:16:\"uagb\/forms-email\";i:0;s:17:\"uagb\/forms-hidden\";i:0;s:15:\"uagb\/forms-name\";i:0;s:16:\"uagb\/forms-phone\";i:0;s:16:\"uagb\/forms-radio\";i:0;s:17:\"uagb\/forms-select\";i:0;s:19:\"uagb\/forms-textarea\";i:0;s:17:\"uagb\/forms-toggle\";i:0;s:14:\"uagb\/forms-url\";i:0;s:14:\"uagb\/gf-styler\";i:0;s:15:\"uagb\/google-map\";i:0;s:11:\"uagb\/how-to\";i:0;s:16:\"uagb\/how-to-step\";i:0;s:9:\"uagb\/icon\";i:0;s:14:\"uagb\/icon-list\";i:0;s:20:\"uagb\/icon-list-child\";i:0;s:10:\"uagb\/image\";i:0;s:18:\"uagb\/image-gallery\";i:0;s:13:\"uagb\/info-box\";i:0;s:18:\"uagb\/inline-notice\";i:0;s:11:\"uagb\/lottie\";i:0;s:21:\"uagb\/marketing-button\";i:0;s:10:\"uagb\/modal\";i:0;s:18:\"uagb\/popup-builder\";i:0;s:16:\"uagb\/post-button\";i:0;s:18:\"uagb\/post-carousel\";i:0;s:17:\"uagb\/post-excerpt\";i:0;s:14:\"uagb\/post-grid\";i:0;s:15:\"uagb\/post-image\";i:0;s:17:\"uagb\/post-masonry\";i:0;s:14:\"uagb\/post-meta\";i:0;s:18:\"uagb\/post-taxonomy\";i:0;s:18:\"uagb\/post-timeline\";i:0;s:15:\"uagb\/post-title\";i:0;s:20:\"uagb\/restaurant-menu\";i:0;s:26:\"uagb\/restaurant-menu-child\";i:0;s:11:\"uagb\/review\";i:0;s:12:\"uagb\/section\";i:0;s:14:\"uagb\/separator\";i:0;s:11:\"uagb\/slider\";i:0;s:17:\"uagb\/slider-child\";i:0;s:17:\"uagb\/social-share\";i:0;s:23:\"uagb\/social-share-child\";i:0;s:16:\"uagb\/star-rating\";i:0;s:23:\"uagb\/sure-cart-checkout\";i:0;s:22:\"uagb\/sure-cart-product\";i:0;s:15:\"uagb\/sure-forms\";i:0;s:22:\"uagb\/table-of-contents\";i:0;s:9:\"uagb\/tabs\";i:0;s:15:\"uagb\/tabs-child\";i:0;s:18:\"uagb\/taxonomy-list\";i:0;s:9:\"uagb\/team\";i:0;s:16:\"uagb\/testimonial\";i:0;s:14:\"uagb\/wp-search\";i:0;s:19:\"uagb\/instagram-feed\";i:0;s:10:\"uagb\/login\";i:0;s:17:\"uagb\/loop-builder\";i:0;s:18:\"uagb\/loop-category\";i:0;s:20:\"uagb\/loop-pagination\";i:0;s:15:\"uagb\/loop-reset\";i:0;s:16:\"uagb\/loop-search\";i:0;s:14:\"uagb\/loop-sort\";i:0;s:17:\"uagb\/loop-wrapper\";i:0;s:13:\"uagb\/register\";i:0;s:19:\"uagb\/register-email\";i:0;s:24:\"uagb\/register-first-name\";i:0;s:23:\"uagb\/register-last-name\";i:0;s:22:\"uagb\/register-password\";i:0;s:30:\"uagb\/register-reenter-password\";i:0;s:19:\"uagb\/register-terms\";i:0;s:22:\"uagb\/register-username\";i:0;}"],"_uag_page_assets":["a:9:{s:3:\"css\";s:263:\".uag-blocks-common-selector{z-index:var(--z-index-desktop) !important}@media (max-width: 976px){.uag-blocks-common-selector{z-index:var(--z-index-tablet) !important}}@media (max-width: 767px){.uag-blocks-common-selector{z-index:var(--z-index-mobile) !important}}\n\";s:2:\"js\";s:0:\"\";s:18:\"current_block_list\";a:3:{i:0;s:10:\"core\/image\";i:1;s:12:\"core\/heading\";i:2;s:14:\"core\/paragraph\";}s:8:\"uag_flag\";b:0;s:11:\"uag_version\";s:10:\"1775815218\";s:6:\"gfonts\";a:0:{}s:10:\"gfonts_url\";s:0:\"\";s:12:\"gfonts_files\";a:0:{}s:14:\"uag_faq_layout\";b:0;}"],"_uag_css_file_name":["uag-css-5580.css"]},"uagb_featured_image_src":{"full":["https:\/\/dlx-media.com\/wp-content\/uploads\/Interne-Verlinkung.jpeg",1792,1024,false],"thumbnail":["https:\/\/dlx-media.com\/wp-content\/uploads\/Interne-Verlinkung-250x250.jpeg",250,250,true],"medium":["https:\/\/dlx-media.com\/wp-content\/uploads\/Interne-Verlinkung-350x200.jpeg",350,200,true],"medium_large":["https:\/\/dlx-media.com\/wp-content\/uploads\/Interne-Verlinkung-768x439.jpeg",768,439,true],"large":["https:\/\/dlx-media.com\/wp-content\/uploads\/Interne-Verlinkung-1024x585.jpeg",1024,585,true],"1536x1536":["https:\/\/dlx-media.com\/wp-content\/uploads\/Interne-Verlinkung-1536x878.jpeg",1536,878,true],"2048x2048":["https:\/\/dlx-media.com\/wp-content\/uploads\/Interne-Verlinkung.jpeg",1792,1024,false],"suffice-thumbnail-grid":["https:\/\/dlx-media.com\/wp-content\/uploads\/Interne-Verlinkung-750x420.jpeg",750,420,true],"suffice-thumbnail-featured-one":["https:\/\/dlx-media.com\/wp-content\/uploads\/Interne-Verlinkung-295x525.jpeg",295,525,true],"suffice-thumbnail-featured-two":["https:\/\/dlx-media.com\/wp-content\/uploads\/Interne-Verlinkung-1140x504.jpeg",1140,504,true],"suffice-thumbnail-portfolio":["https:\/\/dlx-media.com\/wp-content\/uploads\/Interne-Verlinkung-572x552.jpeg",572,552,true],"suffice-thumbnail-portfolio-masonry":["https:\/\/dlx-media.com\/wp-content\/uploads\/Interne-Verlinkung-572x652.jpeg",572,652,true]},"uagb_author_info":{"display_name":"DLxMedia","author_link":"https:\/\/dlx-media.com\/pl"},"uagb_comment_info":0,"uagb_excerpt":"Architekt struktury strony internetowej i jego rola w SEO Linkowanie wewn\u0119trzne jest istotn\u0105 cz\u0119\u015bci\u0105 ka\u017cdej udanej strony internetowej i odgrywa kluczow\u0105 rol\u0119 w optymalizacji pod k\u0105tem wyszukiwarek (SEO). Jest to co\u015b wi\u0119cej ni\u017c tylko metoda \u0142\u0105czenia tre\u015bci. Jest to kr\u0119gos\u0142up","_links":{"self":[{"href":"https:\/\/dlx-media.com\/pl\/wp-json\/wp\/v2\/pages\/5580","targetHints":{"allow":["GET"]}}],"collection":[{"href":"https:\/\/dlx-media.com\/pl\/wp-json\/wp\/v2\/pages"}],"about":[{"href":"https:\/\/dlx-media.com\/pl\/wp-json\/wp\/v2\/types\/page"}],"author":[{"embeddable":true,"href":"https:\/\/dlx-media.com\/pl\/wp-json\/wp\/v2\/users\/2332"}],"replies":[{"embeddable":true,"href":"https:\/\/dlx-media.com\/pl\/wp-json\/wp\/v2\/comments?post=5580"}],"version-history":[{"count":1,"href":"https:\/\/dlx-media.com\/pl\/wp-json\/wp\/v2\/pages\/5580\/revisions"}],"predecessor-version":[{"id":5581,"href":"https:\/\/dlx-media.com\/pl\/wp-json\/wp\/v2\/pages\/5580\/revisions\/5581"}],"up":[{"embeddable":true,"href":"https:\/\/dlx-media.com\/pl\/wp-json\/wp\/v2\/pages\/4979"}],"wp:featuredmedia":[{"embeddable":true,"href":"https:\/\/dlx-media.com\/pl\/wp-json\/wp\/v2\/media\/5574"}],"wp:attachment":[{"href":"https:\/\/dlx-media.com\/pl\/wp-json\/wp\/v2\/media?parent=5580"}],"curies":[{"name":"wp","href":"https:\/\/api.w.org\/{rel}","templated":true}]}}