{"id":5567,"date":"2024-10-22T22:33:56","date_gmt":"2024-10-22T20:33:56","guid":{"rendered":"https:\/\/dlx-media.com\/slowniczek\/marketing-przychodzacy\/"},"modified":"2024-10-22T23:33:10","modified_gmt":"2024-10-22T21:33:10","slug":"marketing-przychodzacy","status":"publish","type":"page","link":"https:\/\/dlx-media.com\/pl\/slowniczek\/marketing-przychodzacy\/","title":{"rendered":"Marketing przychodz\u0105cy"},"content":{"rendered":"<div class=\"wp-block-image\">\n<figure data-spectra-id=\"spectra-8330043a-b114-49be-be34-dd5a48783b00\" class=\"aligncenter size-full\"><img loading=\"lazy\" decoding=\"async\" width=\"1792\" height=\"1024\" src=\"https:\/\/dlx-media.com\/wp-content\/uploads\/Inbound-Marketing.jpeg\" alt=\"Marketing przychodz&#x105;cy\" class=\"wp-image-5536\" srcset=\"https:\/\/dlx-media.com\/wp-content\/uploads\/Inbound-Marketing.jpeg 1792w, https:\/\/dlx-media.com\/wp-content\/uploads\/Inbound-Marketing-350x200.jpeg 350w, https:\/\/dlx-media.com\/wp-content\/uploads\/Inbound-Marketing-1024x585.jpeg 1024w, https:\/\/dlx-media.com\/wp-content\/uploads\/Inbound-Marketing-768x439.jpeg 768w, https:\/\/dlx-media.com\/wp-content\/uploads\/Inbound-Marketing-1536x878.jpeg 1536w\" sizes=\"auto, (max-width: 1792px) 100vw, 1792px\" \/><\/figure>\n<\/div>\n<h3 class=\"wp-block-heading\">Sztuka zdobywania klient\u00f3w w naturalny spos\u00f3b<\/h3>\n\n<p class=\"wp-block-paragraph\">Inbound marketing to co\u015b wi\u0119cej ni\u017c tylko strategia marketingowa &#8211; to filozofia, kt\u00f3ra odzwierciedla sedno nowoczesnego zaanga\u017cowania klient\u00f3w w erze cyfrowej. Zamiast polega\u0107 na agresywnych reklamach i zimnych telefonach sprzeda\u017cowych, marketing przychodz\u0105cy koncentruje si\u0119 na tworzeniu warto\u015bci poprzez wysokiej jako\u015bci, odpowiednie tre\u015bci, kt\u00f3re wzbudzaj\u0105 zainteresowanie odbiorc\u00f3w docelowych i buduj\u0105 zaufanie. Kluczem jest dotarcie do potencjalnych klient\u00f3w z odpowiednimi informacjami we w\u0142a\u015bciwym czasie i przyci\u0105gni\u0119cie ich w naturalny spos\u00f3b do marki.  <\/p>\n\n<h3 class=\"wp-block-heading\">Czym jest marketing przychodz\u0105cy?<\/h3>\n\n<p class=\"wp-block-paragraph\">Inbound marketing to strategiczne podej\u015bcie, kt\u00f3re ma na celu przyci\u0105gni\u0119cie klient\u00f3w poprzez warto\u015bciowe tre\u015bci, pomocne informacje i ukierunkowan\u0105 komunikacj\u0119. W przeciwie\u0144stwie do tradycyjnego marketingu wychodz\u0105cego, w kt\u00f3rym firmy kieruj\u0105 swoje komunikaty do szerokiego grona odbiorc\u00f3w za po\u015brednictwem r\u00f3\u017cnych kana\u0142\u00f3w, marketing przychodz\u0105cy polega na tym, \u017ce potencjalni klienci dowiaduj\u0105 si\u0119 o firmie z w\u0142asnej inicjatywy. Osi\u0105ga si\u0119 to poprzez dostarczanie rozwi\u0105za\u0144 i informacji, kt\u00f3re s\u0105 precyzyjnie dostosowane do potrzeb grupy docelowej.  <\/p>\n\n<p class=\"wp-block-paragraph\">W \u015bwiecie Google, medi\u00f3w spo\u0142eczno\u015bciowych i blog\u00f3w spos\u00f3b, w jaki ludzie wyszukuj\u0105 informacje i podejmuj\u0105 decyzje zakupowe, uleg\u0142 zasadniczej zmianie. Klienci s\u0105 lepiej poinformowani, bardziej wymagaj\u0105cy i oczekuj\u0105 spersonalizowanych rozwi\u0105za\u0144. Marketing przychodz\u0105cy odpowiada na te zmiany, dostarczaj\u0105c potencjalnym klientom tre\u015bci, kt\u00f3re odpowiadaj\u0105 na ich pytania, rozwi\u0105zuj\u0105 ich problemy i wspieraj\u0105 ich decyzje zakupowe.  <\/p>\n\n<h3 class=\"wp-block-heading\">Cztery fazy marketingu przychodz\u0105cego: szczeg\u00f3\u0142owe spojrzenie<\/h3>\n\n<p class=\"wp-block-paragraph\">Marketing przychodz\u0105cy mo\u017cna podzieli\u0107 na cztery g\u0142\u00f3wne fazy, kt\u00f3re obejmuj\u0105 ca\u0142y proces od pierwszego kontaktu do d\u0142ugoterminowej lojalno\u015bci klienta: Attract, Convert, Close i Delight. Ka\u017cda z tych faz ma na celu towarzyszenie klientowi w jego podr\u00f3\u017cy i stopniowe doprowadzenie go do zaanga\u017cowanej, lojalnej relacji z mark\u0105. <\/p>\n\n<h4 class=\"wp-block-heading\">1. <strong>przyci\u0105ga\u0107 (Attract)<\/strong>: Przyci\u0105gn\u0105\u0107 uwag\u0119 w\u0142a\u015bciwych os\u00f3b<\/h4>\n\n<p class=\"wp-block-paragraph\">Pierwsza faza polega na przyci\u0105gni\u0119ciu uwagi potencjalnych klient\u00f3w i u\u015bwiadomieniu im istnienia marki. Odbywa si\u0119 to poprzez tworzenie tre\u015bci, kt\u00f3re odpowiadaj\u0105 zainteresowaniom i potrzebom grupy docelowej. Najwa\u017cniejszymi narz\u0119dziami w tej fazie s\u0105  <\/p>\n\n<ul class=\"wp-block-list\">\n<li><strong>Optymalizacja pod k\u0105tem wyszukiwarek (SEO)<\/strong>: Optymalizacja stron internetowych i wpis\u00f3w na blogach za pomoc\u0105 odpowiednich s\u0142\u00f3w kluczowych i tre\u015bci zapewnia, \u017ce potencjalni klienci znajd\u0105 witryn\u0119, gdy szukaj\u0105 rozwi\u0105za\u0144 swoich problem\u00f3w. Dobrze zoptymalizowana tre\u015b\u0107 l\u0105duje wysoko w wynikach wyszukiwania, przyci\u0105gaj\u0105c ruch organiczny. <\/li>\n\n\n\n<li><strong>Content marketing<\/strong>: Artyku\u0142y na blogach, filmy, infografiki i podcasty s\u0105 tworzone specjalnie po to, aby odpowiedzie\u0107 na pytania grupy docelowej i dostarczy\u0107 im przydatnych informacji. Tre\u015bci te nie maj\u0105 charakteru promocyjnego, ale maj\u0105 na celu zaoferowanie rzeczywistej warto\u015bci dodanej. <\/li>\n\n\n\n<li><strong>Marketing w mediach spo\u0142eczno\u015bciowych<\/strong>: Platformy takie jak Instagram, Facebook, LinkedIn i Twitter to idealne kana\u0142y do udost\u0119pniania tre\u015bci i nawi\u0105zywania dialogu ze spo\u0142eczno\u015bci\u0105. Regularne, odpowiednie posty buduj\u0105 siln\u0105 obecno\u015b\u0107, kt\u00f3ra wzbudza zainteresowanie grupy docelowej. <\/li>\n<\/ul>\n\n<p class=\"wp-block-paragraph\">Celem tej fazy jest przyci\u0105gni\u0119cie wykwalifikowanego ruchu do w\u0142asnej witryny &#8211; tj. odwiedzaj\u0105cych, kt\u00f3rzy s\u0105 ju\u017c zainteresowani tematami i rozwi\u0105zaniami w ofercie.<\/p>\n\n<h4 class=\"wp-block-heading\">2. <strong>konwersja (Convert)<\/strong>: Przekszta\u0142\u0107 odwiedzaj\u0105cych w warto\u015bciowych potencjalnych klient\u00f3w<\/h4>\n\n<p class=\"wp-block-paragraph\">Po przyci\u0105gni\u0119ciu uwagi grupy docelowej wa\u017cne jest, aby przekszta\u0142ci\u0107 tych odwiedzaj\u0105cych w potencjalnych klient\u00f3w. Celem tej fazy jest przekonanie odwiedzaj\u0105cych do podania swoich danych kontaktowych. Zazwyczaj odbywa si\u0119 to w zamian za warto\u015b\u0107 dodan\u0105 oferowan\u0105 przez firm\u0119:  <\/p>\n\n<ul class=\"wp-block-list\">\n<li><strong>Magnesy przyci\u0105gaj\u0105ce uwag\u0119<\/strong>: Obejmuj\u0105 one e-booki, bia\u0142e ksi\u0119gi, webinaria, listy kontrolne lub ekskluzywne filmy, kt\u00f3re s\u0105 udost\u0119pniane u\u017cytkownikom w zamian za podanie adresu e-mail. W zamian odwiedzaj\u0105cy otrzymuj\u0105 warto\u015bciowe tre\u015bci, kt\u00f3re pomagaj\u0105 im rozwi\u0105za\u0107 konkretny problem. <\/li>\n\n\n\n<li><strong>Wezwania do dzia\u0142ania (CTA)<\/strong>: Te wyra\u017ane wezwania do dzia\u0142ania zach\u0119caj\u0105 odwiedzaj\u0105cych do wykonania okre\u015blonej czynno\u015bci, takiej jak &#8222;Pobierz teraz&#8221; lub &#8222;Zapisz si\u0119 do newslettera&#8221;. S\u0105 one wyra\u017anie widoczne i oferuj\u0105 odwiedzaj\u0105cym wyra\u017an\u0105 warto\u015b\u0107 dodan\u0105. <\/li>\n\n\n\n<li><strong>Strony docelowe<\/strong>: Te specjalne strony s\u0105 zoptymalizowane pod k\u0105tem generowania lead\u00f3w. S\u0105 one zaprojektowane tak, aby umo\u017cliwi\u0107 \u0142atw\u0105 i p\u0142ynn\u0105 rejestracj\u0119 lub pobieranie tre\u015bci i s\u0105 zwykle \u015bci\u015ble powi\u0105zane z wezwaniami do dzia\u0142ania. <\/li>\n<\/ul>\n\n<p class=\"wp-block-paragraph\">W tej fazie nacisk k\u0142adziony jest na zbieranie cennych danych kontaktowych w celu przekszta\u0142cenia odwiedzaj\u0105cych w potencjalnych klient\u00f3w (potencjalnych klient\u00f3w).<\/p>\n\n<h4 class=\"wp-block-heading\">3. <strong>Zamkni\u0119cie transakcji<\/strong>: Przekszta\u0142canie potencjalnych klient\u00f3w w klient\u00f3w<\/h4>\n\n<p class=\"wp-block-paragraph\">W fazie zamykania sprzeda\u017cy celem jest przekszta\u0142cenie pozyskanych lead\u00f3w w p\u0142ac\u0105cych klient\u00f3w. W tym miejscu stosowane s\u0105 ukierunkowane strategie i techniki sprzeda\u017cy, kt\u00f3re maj\u0105 na celu wsparcie potencjalnego klienta w podj\u0119ciu decyzji: <\/p>\n\n<ul class=\"wp-block-list\">\n<li><strong>Marketing e-mailowy<\/strong>: Ukierunkowane kampanie e-mailowe mog\u0105 stale dostarcza\u0107 potencjalnym klientom cennych informacji, kt\u00f3re pomog\u0105 im podj\u0105\u0107 \u015bwiadom\u0105 decyzj\u0119 o zakupie. Mo\u017cna to osi\u0105gn\u0105\u0107 poprzez spersonalizowane oferty, prezentacje produkt\u00f3w lub studia przypadk\u00f3w, kt\u00f3re s\u0105 precyzyjnie dostosowane do potrzeb potencjalnych klient\u00f3w. <\/li>\n\n\n\n<li><strong>Systemy CRM (zarz\u0105dzanie relacjami z klientami)<\/strong>: Z pomoc\u0105 system\u00f3w CRM ca\u0142y proces sprzeda\u017cy mo\u017ce by\u0107 zorganizowany bardziej efektywnie. Systemy te umo\u017cliwiaj\u0105 \u015bledzenie interakcji z potencjalnymi klientami i reagowanie na ich indywidualne potrzeby. <\/li>\n\n\n\n<li><strong>Automatyzacja sprzeda\u017cy<\/strong>: Zautomatyzowane przep\u0142ywy pracy i kampanie mog\u0105 pom\u00f3c w dotarciu do potencjalnych klient\u00f3w we w\u0142a\u015bciwym czasie z odpowiednimi informacjami. Gwarantuje to, \u017ce \u017caden potencjalny klient nie zostanie pomini\u0119ty, a ka\u017cdy kontakt otrzyma spersonalizowane wsparcie. <\/li>\n<\/ul>\n\n<p class=\"wp-block-paragraph\">Celem tego etapu jest dostarczenie potencjalnym klientom dok\u0142adnie tych informacji, kt\u00f3rych potrzebuj\u0105 do podj\u0119cia decyzji o zakupie i sprawienie, aby proces sprzeda\u017cy przebiega\u0142 tak sprawnie, jak to tylko mo\u017cliwe.<\/p>\n\n<h4 class=\"wp-block-heading\">4. <strong>inspirowa\u0107 (Delight)<\/strong>: Przekszta\u0142canie klient\u00f3w w lojalnych zwolennik\u00f3w<\/h4>\n\n<p class=\"wp-block-paragraph\">Inbound marketing nie ko\u0144czy si\u0119 po pierwszej sprzeda\u017cy. W fazie entuzjazmu celem jest dalsze wspieranie klient\u00f3w po zakupie i ci\u0105g\u0142e oferowanie im warto\u015bci dodanej. Wzmacnia to lojalno\u015b\u0107 klient\u00f3w i zach\u0119ca do ich polecania:  <\/p>\n\n<ul class=\"wp-block-list\">\n<li><strong>Tre\u015bci dla obecnych klient\u00f3w<\/strong>: Artyku\u0142y na blogu, newslettery lub ekskluzywne oferty skierowane specjalnie do obecnych klient\u00f3w mog\u0105 pom\u00f3c wzmocni\u0107 lojalno\u015b\u0107 klient\u00f3w i pokaza\u0107 im, \u017ce nadal s\u0105 wa\u017cni.<\/li>\n\n\n\n<li><strong>Obs\u0142uga klienta i informacje zwrotne<\/strong>: Doskona\u0142a obs\u0142uga klienta i proaktywne zbieranie informacji zwrotnych pomagaj\u0105 zapewni\u0107 zadowolenie klienta i ci\u0105g\u0142e doskonalenie.<\/li>\n\n\n\n<li><strong>Interakcja w mediach spo\u0142eczno\u015bciowych<\/strong>: Dzi\u0119ki aktywnej komunikacji w mediach spo\u0142eczno\u015bciowych firmy mog\u0105 pozosta\u0107 w dialogu ze swoimi klientami i przekszta\u0142ci\u0107 ich w ambasador\u00f3w marki. Zadowoleni klienci ch\u0119tnie dziel\u0105 si\u0119 swoimi pozytywnymi do\u015bwiadczeniami i w ten spos\u00f3b przyczyniaj\u0105 si\u0119 do zwi\u0119kszenia zasi\u0119gu organicznego. <\/li>\n<\/ul>\n\n<p class=\"wp-block-paragraph\">Celem fazy entuzjazmu jest budowanie d\u0142ugoterminowych relacji i przekszta\u0142cenie zadowolonych klient\u00f3w w prawdziwych ambasador\u00f3w marki, kt\u00f3rzy aktywnie polecaj\u0105 firm\u0119 innym.<\/p>\n\n<h3 class=\"wp-block-heading\">Dlaczego marketing przychodz\u0105cy jest op\u0142acalnym i skutecznym rozwi\u0105zaniem?<\/h3>\n\n<p class=\"wp-block-paragraph\">Marketing przychodz\u0105cy okaza\u0142 si\u0119 op\u0142acaln\u0105 alternatyw\u0105 dla tradycyjnych metod marketingowych. Badania przeprowadzone przez HubSpot wykaza\u0142y, \u017ce generowanie lead\u00f3w za pomoc\u0105 marketingu przychodz\u0105cego jest do 61% ta\u0144sze ni\u017c za pomoc\u0105 metod wychodz\u0105cych, takich jak tradycyjna reklama lub zimne telefony. Wynika to z faktu, \u017ce marketing przychodz\u0105cy koncentruje si\u0119 na organicznym zasi\u0119gu, d\u0142ugoterminowym budowaniu relacji i tworzeniu warto\u015bci dodanej.  <\/p>\n\n<p class=\"wp-block-paragraph\">Ponadto marketing przychodz\u0105cy oferuje znacznie wy\u017cszy <strong>zwrot z inwestycji (ROI)<\/strong>, poniewa\u017c przyci\u0105ga klient\u00f3w, kt\u00f3rzy s\u0105 ju\u017c zainteresowani oferowanymi produktami lub us\u0142ugami. Klienci ci s\u0105 bardziej sk\u0142onni do sfinalizowania transakcji, co zwi\u0119ksza prawdopodobie\u0144stwo udanych transakcji i ponownych zakup\u00f3w. <\/p>\n\n<h3 class=\"wp-block-heading\">Wniosek: Inbound marketing jako klucz do trwa\u0142ego sukcesu<\/h3>\n\n<p class=\"wp-block-paragraph\">Inbound marketing to nie tylko metoda pozyskiwania nowych klient\u00f3w, ale holistyczne podej\u015bcie do piel\u0119gnowania trwa\u0142ych relacji i zdobywania zaufania grupy docelowej. \u0141\u0105czy w sobie mocne strony SEO, content marketingu, medi\u00f3w spo\u0142eczno\u015bciowych i e-mail marketingu, tworz\u0105c pot\u0119\u017cn\u0105 strategi\u0119, kt\u00f3ra spe\u0142nia zar\u00f3wno potrzeby klienta, jak i cele firmy. Dostarczaj\u0105c wysokiej jako\u015bci tre\u015bci i kieruj\u0105c je do potencjalnych klient\u00f3w we w\u0142a\u015bciwym czasie, ca\u0142y proces marketingowy staje si\u0119 bardziej wydajny i skuteczny.  <\/p>\n\n<p class=\"wp-block-paragraph\">W czasach, gdy konsumenci s\u0105 coraz bardziej wymagaj\u0105cy i poinformowani, marketing przychodz\u0105cy oferuje nowoczesne i autentyczne rozwi\u0105zanie, aby wyr\u00f3\u017cni\u0107 si\u0119 na tle konkurencji, stworzy\u0107 zaufanie i zbudowa\u0107 baz\u0119 lojalnych klient\u00f3w. Jest to sytuacja korzystna dla obu stron, w kt\u00f3rej klienci otrzymuj\u0105 istotne i pomocne informacje, a firmy mog\u0105 rozwija\u0107 si\u0119 w d\u0142u\u017cszej perspektywie. <\/p>\n","protected":false},"excerpt":{"rendered":"<p>Sztuka zdobywania klient\u00f3w w naturalny spos\u00f3b Inbound marketing to co\u015b wi\u0119cej ni\u017c tylko strategia marketingowa &#8211; to filozofia, kt\u00f3ra odzwierciedla sedno nowoczesnego zaanga\u017cowania klient\u00f3w w erze cyfrowej. Zamiast polega\u0107 na agresywnych reklamach i zimnych telefonach sprzeda\u017cowych, marketing przychodz\u0105cy koncentruje si\u0119<\/p>\n","protected":false},"author":2332,"featured_media":5538,"parent":4979,"menu_order":0,"comment_status":"closed","ping_status":"closed","template":"","meta":{"_seopress_robots_primary_cat":"","_seopress_titles_title":"%%sep%% Marketing przychodz\u0105cy: Naturalne pozyskiwanie klient\u00f3w %%sitetitle%%","_seopress_titles_desc":"Odkryj inbound marketing: filozofi\u0119, kt\u00f3ra koncentruje si\u0119 na warto\u015bci dodanej i odpowiednich tre\u015bciach, aby przyci\u0105ga\u0107 klient\u00f3w i budowa\u0107 zaufanie.","_seopress_robots_index":"","_crdt_document":"","_uag_custom_page_level_css":"","spectra_gs_classes":"","footnotes":""},"class_list":["post-5567","page","type-page","status-publish","has-post-thumbnail","hentry"],"spectra_custom_meta":{"_top_nav_excluded":[""],"_cms_nav_minihome":[""],"_seopress_titles_title":["%%sep%% Marketing przychodz\u0105cy: Naturalne pozyskiwanie klient\u00f3w %%sitetitle%%"],"_seopress_titles_desc":["Odkryj inbound marketing: filozofi\u0119, kt\u00f3ra koncentruje si\u0119 na warto\u015bci dodanej i odpowiednich tre\u015bciach, aby przyci\u0105ga\u0107 klient\u00f3w i budowa\u0107 zaufanie."],"_seopress_redirections_logged_status":["oba"],"_seopress_redirections_type":["301"],"_thumbnail_id":["5538"],"_last_translation_edit_mode":["translation-editor"],"_uagb_previous_block_counts":["a:90:{s:21:\"uagb\/advanced-heading\";i:0;s:15:\"uagb\/blockquote\";i:0;s:12:\"uagb\/buttons\";i:0;s:18:\"uagb\/buttons-child\";i:0;s:19:\"uagb\/call-to-action\";i:0;s:15:\"uagb\/cf7-styler\";i:0;s:11:\"uagb\/column\";i:0;s:12:\"uagb\/columns\";i:0;s:14:\"uagb\/container\";i:0;s:21:\"uagb\/content-timeline\";i:0;s:27:\"uagb\/content-timeline-child\";i:0;s:14:\"uagb\/countdown\";i:0;s:12:\"uagb\/counter\";i:0;s:8:\"uagb\/faq\";i:0;s:14:\"uagb\/faq-child\";i:0;s:10:\"uagb\/forms\";i:0;s:17:\"uagb\/forms-accept\";i:0;s:19:\"uagb\/forms-checkbox\";i:0;s:15:\"uagb\/forms-date\";i:0;s:16:\"uagb\/forms-email\";i:0;s:17:\"uagb\/forms-hidden\";i:0;s:15:\"uagb\/forms-name\";i:0;s:16:\"uagb\/forms-phone\";i:0;s:16:\"uagb\/forms-radio\";i:0;s:17:\"uagb\/forms-select\";i:0;s:19:\"uagb\/forms-textarea\";i:0;s:17:\"uagb\/forms-toggle\";i:0;s:14:\"uagb\/forms-url\";i:0;s:14:\"uagb\/gf-styler\";i:0;s:15:\"uagb\/google-map\";i:0;s:11:\"uagb\/how-to\";i:0;s:16:\"uagb\/how-to-step\";i:0;s:9:\"uagb\/icon\";i:0;s:14:\"uagb\/icon-list\";i:0;s:20:\"uagb\/icon-list-child\";i:0;s:10:\"uagb\/image\";i:0;s:18:\"uagb\/image-gallery\";i:0;s:13:\"uagb\/info-box\";i:0;s:18:\"uagb\/inline-notice\";i:0;s:11:\"uagb\/lottie\";i:0;s:21:\"uagb\/marketing-button\";i:0;s:10:\"uagb\/modal\";i:0;s:18:\"uagb\/popup-builder\";i:0;s:16:\"uagb\/post-button\";i:0;s:18:\"uagb\/post-carousel\";i:0;s:17:\"uagb\/post-excerpt\";i:0;s:14:\"uagb\/post-grid\";i:0;s:15:\"uagb\/post-image\";i:0;s:17:\"uagb\/post-masonry\";i:0;s:14:\"uagb\/post-meta\";i:0;s:18:\"uagb\/post-taxonomy\";i:0;s:18:\"uagb\/post-timeline\";i:0;s:15:\"uagb\/post-title\";i:0;s:20:\"uagb\/restaurant-menu\";i:0;s:26:\"uagb\/restaurant-menu-child\";i:0;s:11:\"uagb\/review\";i:0;s:12:\"uagb\/section\";i:0;s:14:\"uagb\/separator\";i:0;s:11:\"uagb\/slider\";i:0;s:17:\"uagb\/slider-child\";i:0;s:17:\"uagb\/social-share\";i:0;s:23:\"uagb\/social-share-child\";i:0;s:16:\"uagb\/star-rating\";i:0;s:23:\"uagb\/sure-cart-checkout\";i:0;s:22:\"uagb\/sure-cart-product\";i:0;s:15:\"uagb\/sure-forms\";i:0;s:22:\"uagb\/table-of-contents\";i:0;s:9:\"uagb\/tabs\";i:0;s:15:\"uagb\/tabs-child\";i:0;s:18:\"uagb\/taxonomy-list\";i:0;s:9:\"uagb\/team\";i:0;s:16:\"uagb\/testimonial\";i:0;s:14:\"uagb\/wp-search\";i:0;s:19:\"uagb\/instagram-feed\";i:0;s:10:\"uagb\/login\";i:0;s:17:\"uagb\/loop-builder\";i:0;s:18:\"uagb\/loop-category\";i:0;s:20:\"uagb\/loop-pagination\";i:0;s:15:\"uagb\/loop-reset\";i:0;s:16:\"uagb\/loop-search\";i:0;s:14:\"uagb\/loop-sort\";i:0;s:17:\"uagb\/loop-wrapper\";i:0;s:13:\"uagb\/register\";i:0;s:19:\"uagb\/register-email\";i:0;s:24:\"uagb\/register-first-name\";i:0;s:23:\"uagb\/register-last-name\";i:0;s:22:\"uagb\/register-password\";i:0;s:30:\"uagb\/register-reenter-password\";i:0;s:19:\"uagb\/register-terms\";i:0;s:22:\"uagb\/register-username\";i:0;}"],"_uag_page_assets":["a:9:{s:3:\"css\";s:263:\".uag-blocks-common-selector{z-index:var(--z-index-desktop) !important}@media (max-width: 976px){.uag-blocks-common-selector{z-index:var(--z-index-tablet) !important}}@media (max-width: 767px){.uag-blocks-common-selector{z-index:var(--z-index-mobile) !important}}\n\";s:2:\"js\";s:0:\"\";s:18:\"current_block_list\";a:5:{i:0;s:10:\"core\/image\";i:1;s:12:\"core\/heading\";i:2;s:14:\"core\/paragraph\";i:3;s:9:\"core\/list\";i:4;s:14:\"core\/list-item\";}s:8:\"uag_flag\";b:0;s:11:\"uag_version\";s:10:\"1775815218\";s:6:\"gfonts\";a:0:{}s:10:\"gfonts_url\";s:0:\"\";s:12:\"gfonts_files\";a:0:{}s:14:\"uag_faq_layout\";b:0;}"],"_uag_css_file_name":["uag-css-5567.css"]},"uagb_featured_image_src":{"full":["https:\/\/dlx-media.com\/wp-content\/uploads\/Inbound-Marketing.jpeg",1792,1024,false],"thumbnail":["https:\/\/dlx-media.com\/wp-content\/uploads\/Inbound-Marketing-250x250.jpeg",250,250,true],"medium":["https:\/\/dlx-media.com\/wp-content\/uploads\/Inbound-Marketing-350x200.jpeg",350,200,true],"medium_large":["https:\/\/dlx-media.com\/wp-content\/uploads\/Inbound-Marketing-768x439.jpeg",768,439,true],"large":["https:\/\/dlx-media.com\/wp-content\/uploads\/Inbound-Marketing-1024x585.jpeg",1024,585,true],"1536x1536":["https:\/\/dlx-media.com\/wp-content\/uploads\/Inbound-Marketing-1536x878.jpeg",1536,878,true],"2048x2048":["https:\/\/dlx-media.com\/wp-content\/uploads\/Inbound-Marketing.jpeg",1792,1024,false],"suffice-thumbnail-grid":["https:\/\/dlx-media.com\/wp-content\/uploads\/Inbound-Marketing-750x420.jpeg",750,420,true],"suffice-thumbnail-featured-one":["https:\/\/dlx-media.com\/wp-content\/uploads\/Inbound-Marketing-295x525.jpeg",295,525,true],"suffice-thumbnail-featured-two":["https:\/\/dlx-media.com\/wp-content\/uploads\/Inbound-Marketing-1140x504.jpeg",1140,504,true],"suffice-thumbnail-portfolio":["https:\/\/dlx-media.com\/wp-content\/uploads\/Inbound-Marketing-572x552.jpeg",572,552,true],"suffice-thumbnail-portfolio-masonry":["https:\/\/dlx-media.com\/wp-content\/uploads\/Inbound-Marketing-572x652.jpeg",572,652,true]},"uagb_author_info":{"display_name":"DLxMedia","author_link":"https:\/\/dlx-media.com\/pl"},"uagb_comment_info":0,"uagb_excerpt":"Sztuka zdobywania klient\u00f3w w naturalny spos\u00f3b Inbound marketing to co\u015b wi\u0119cej ni\u017c tylko strategia marketingowa &#8211; to filozofia, kt\u00f3ra odzwierciedla sedno nowoczesnego zaanga\u017cowania klient\u00f3w w erze cyfrowej. Zamiast polega\u0107 na agresywnych reklamach i zimnych telefonach sprzeda\u017cowych, marketing przychodz\u0105cy koncentruje si\u0119","_links":{"self":[{"href":"https:\/\/dlx-media.com\/pl\/wp-json\/wp\/v2\/pages\/5567","targetHints":{"allow":["GET"]}}],"collection":[{"href":"https:\/\/dlx-media.com\/pl\/wp-json\/wp\/v2\/pages"}],"about":[{"href":"https:\/\/dlx-media.com\/pl\/wp-json\/wp\/v2\/types\/page"}],"author":[{"embeddable":true,"href":"https:\/\/dlx-media.com\/pl\/wp-json\/wp\/v2\/users\/2332"}],"replies":[{"embeddable":true,"href":"https:\/\/dlx-media.com\/pl\/wp-json\/wp\/v2\/comments?post=5567"}],"version-history":[{"count":1,"href":"https:\/\/dlx-media.com\/pl\/wp-json\/wp\/v2\/pages\/5567\/revisions"}],"predecessor-version":[{"id":5568,"href":"https:\/\/dlx-media.com\/pl\/wp-json\/wp\/v2\/pages\/5567\/revisions\/5568"}],"up":[{"embeddable":true,"href":"https:\/\/dlx-media.com\/pl\/wp-json\/wp\/v2\/pages\/4979"}],"wp:featuredmedia":[{"embeddable":true,"href":"https:\/\/dlx-media.com\/pl\/wp-json\/wp\/v2\/media\/5538"}],"wp:attachment":[{"href":"https:\/\/dlx-media.com\/pl\/wp-json\/wp\/v2\/media?parent=5567"}],"curies":[{"name":"wp","href":"https:\/\/api.w.org\/{rel}","templated":true}]}}