{"id":5563,"date":"2024-10-22T22:42:43","date_gmt":"2024-10-22T20:42:43","guid":{"rendered":"https:\/\/dlx-media.com\/slowniczek\/nieskonczone-przewijanie\/"},"modified":"2024-10-22T22:51:41","modified_gmt":"2024-10-22T20:51:41","slug":"nieskonczone-przewijanie","status":"publish","type":"page","link":"https:\/\/dlx-media.com\/pl\/slowniczek\/nieskonczone-przewijanie\/","title":{"rendered":"Niesko\u0144czone przewijanie"},"content":{"rendered":"<div class=\"wp-block-image\">\n<figure data-spectra-id=\"spectra-7d8b5302-bc14-40c4-a8fa-9e4006ecb377\" class=\"aligncenter size-full\"><img loading=\"lazy\" decoding=\"async\" width=\"1792\" height=\"1024\" src=\"https:\/\/dlx-media.com\/wp-content\/uploads\/Infinite-Scrolling.jpeg\" alt=\"Niesko&#x144;czone przewijanie\" class=\"wp-image-5544\" srcset=\"https:\/\/dlx-media.com\/wp-content\/uploads\/Infinite-Scrolling.jpeg 1792w, https:\/\/dlx-media.com\/wp-content\/uploads\/Infinite-Scrolling-350x200.jpeg 350w, https:\/\/dlx-media.com\/wp-content\/uploads\/Infinite-Scrolling-1024x585.jpeg 1024w, https:\/\/dlx-media.com\/wp-content\/uploads\/Infinite-Scrolling-768x439.jpeg 768w, https:\/\/dlx-media.com\/wp-content\/uploads\/Infinite-Scrolling-1536x878.jpeg 1536w\" sizes=\"auto, (max-width: 1792px) 100vw, 1792px\" \/><\/figure>\n<\/div>\n<h3 class=\"wp-block-heading\">  Nieko\u0144cz\u0105ce si\u0119 przewijanie dla lepszego do\u015bwiadczenia u\u017cytkownika<\/h3>\n\n<p class=\"wp-block-paragraph\">W dzisiejszym cyfrowym krajobrazie, w kt\u00f3rym u\u017cytkownicy oczekuj\u0105 szybkich i p\u0142ynnych interakcji, zmniejszenie wsp\u00f3\u0142czynnika odrzuce\u0144 odgrywa kluczow\u0105 rol\u0119 w sukcesie ka\u017cdej witryny. Jednym ze szczeg\u00f3lnie popularnych sposob\u00f3w na zatrzymanie odwiedzaj\u0105cych na stronie na d\u0142u\u017cej i popraw\u0119 wra\u017ce\u0144 u\u017cytkownika jest <strong>niesko\u0144czone przewijanie<\/strong>. Technika ta symuluje pozornie nieko\u0144cz\u0105ce si\u0119 przewijanie tre\u015bci, w kt\u00f3rym nowe elementy s\u0105 \u0142adowane, gdy tylko u\u017cytkownik dotrze do dolnej cz\u0119\u015bci strony. Niesko\u0144czone przewijanie wykorzystuje naturalne zachowania ludzi zwi\u0105zane z czytaniem i przewijaniem oraz tworzy dynamiczne i wci\u0105gaj\u0105ce wra\u017cenia u\u017cytkownika &#8211; szczeg\u00f3lnie na urz\u0105dzeniach mobilnych, gdzie przesuwanie i przewijanie ju\u017c dawno sta\u0142o si\u0119 intuicyjnym standardem nawigacji.   <\/p>\n\n<h3 class=\"wp-block-heading\">Czym jest niesko\u0144czone przewijanie i dlaczego jest tak skuteczne?<\/h3>\n\n<p class=\"wp-block-paragraph\">Niesko\u0144czone przewijanie opisuje technik\u0119, w kt\u00f3rej nowa zawarto\u015b\u0107 jest automatycznie \u0142adowana, gdy tylko u\u017cytkownik dotrze do ko\u0144ca widocznej strony. Zamiast klika\u0107 przycisk &#8222;Za\u0142aduj wi\u0119cej wynik\u00f3w&#8221;, u\u017cytkownicy po prostu przewijaj\u0105, a nast\u0119pna tre\u015b\u0107 pojawia si\u0119 jak za dotkni\u0119ciem czarodziejskiej r\u00f3\u017cd\u017cki. Technika ta zosta\u0142a spopularyzowana przez sieci spo\u0142eczno\u015bciowe, takie jak Facebook, Instagram i Twitter, gdzie u\u017cytkownicy mog\u0105 godzinami przewija\u0107 kana\u0142y bez zmiany strony. Jednak korzy\u015bci p\u0142yn\u0105ce z niesko\u0144czonego przewijania wykraczaj\u0105 daleko poza media spo\u0142eczno\u015bciowe &#8211; strony e-commerce, blogi i portale informacyjne r\u00f3wnie\u017c wykorzystuj\u0105 t\u0119 metod\u0119, aby zapewni\u0107 p\u0142ynn\u0105 i przyjazn\u0105 dla u\u017cytkownika nawigacj\u0119.   <\/p>\n\n<p class=\"wp-block-paragraph\">Najwi\u0119ksz\u0105 zalet\u0105 tej technologii jest <strong>poprawa przyjazno\u015bci dla u\u017cytkownika<\/strong>. U\u017cytkownicy nie s\u0105 przerywani przez ci\u0105g\u0142e czasy \u0142adowania, ale mog\u0105 kontynuowa\u0107 swoj\u0105 odkrywcz\u0105 wycieczk\u0119 bez zak\u0142\u00f3ce\u0144. Rezultatem jest <strong>d\u0142u\u017cszy czas przebywania na<\/strong> stronie i <strong>zmniejszony wsp\u00f3\u0142czynnik odrzuce\u0144<\/strong>, poniewa\u017c u\u017cytkownicy s\u0105 zach\u0119cani do konsumowania wi\u0119kszej ilo\u015bci tre\u015bci. Poczucie ci\u0105g\u0142ej mo\u017cliwo\u015bci odkrywania czego\u015b nowego zwi\u0119ksza r\u00f3wnie\u017c <strong>wska\u017anik interakcji<\/strong> odwiedzaj\u0105cych &#8211; pozostaj\u0105 oni d\u0142u\u017cej, klikaj\u0105 wi\u0119cej i intensywniej eksploruj\u0105 oferty witryny.   <\/p>\n\n<h3 class=\"wp-block-heading\">Niesko\u0144czone przewijanie: wyzwania i najlepsze praktyki<\/h3>\n\n<p class=\"wp-block-paragraph\">Chocia\u017c niesko\u0144czone przewijanie oferuje wiele korzy\u015bci, istniej\u0105 r\u00f3wnie\u017c pewne wyzwania, kt\u00f3re nale\u017cy wzi\u0105\u0107 pod uwag\u0119 przy wdra\u017caniu tej techniki, aby unikn\u0105\u0107 negatywnego wp\u0142ywu na <strong>ranking SEO<\/strong> i <strong>wydajno\u015b\u0107<\/strong>. Bez starannego wdro\u017cenia mog\u0105 pojawi\u0107 si\u0119 problemy, kt\u00f3re negatywnie wp\u0142yn\u0105 na widoczno\u015b\u0107 w wyszukiwarkach i og\u00f3ln\u0105 funkcjonalno\u015b\u0107 witryny. Oto kilka wa\u017cnych aspekt\u00f3w i najlepszych praktyk, kt\u00f3re nale\u017cy wzi\u0105\u0107 pod uwag\u0119:  <\/p>\n\n<h4 class=\"wp-block-heading\">1. <strong>SEO i indeksowanie: r\u00f3wnowaga mi\u0119dzy przewijaniem a widoczno\u015bci\u0105<\/strong><\/h4>\n\n<p class=\"wp-block-paragraph\">G\u0142\u00f3wnym problemem podczas korzystania z niesko\u0144czonego przewijania jest <strong>indeksowanie tre\u015bci<\/strong> przez wyszukiwarki. Je\u015bli ca\u0142a zawarto\u015b\u0107 jest widoczna tylko poprzez przewijanie, mo\u017ce to by\u0107 trudne dla robot\u00f3w indeksuj\u0105cych wyszukiwarek do przechwycenia ca\u0142ej strony. Roboty indeksuj\u0105ce, takie jak Googlebot, zazwyczaj nie symuluj\u0105 dzia\u0142a\u0144 u\u017cytkownika, takich jak przewijanie, co mo\u017ce oznacza\u0107, \u017ce nie wszystkie prze\u0142adowane tre\u015bci s\u0105 przechwytywane i indeksowane przez wyszukiwarki.  <\/p>\n\n<p class=\"wp-block-paragraph\"><strong>Rozwi\u0105zanie:<\/strong> Aby unikn\u0105\u0107 tego problemu, nale\u017cy wdro\u017cy\u0107 kombinacj\u0119 niesko\u0144czonego przewijania i <strong>wy\u015bwietlania stronicowanego<\/strong>. Tre\u015b\u0107 jest podzielona w taki spos\u00f3b, aby mo\u017cna by\u0142o uzyska\u0107 do niej dost\u0119p zar\u00f3wno poprzez przewijanie, jak i konwencjonaln\u0105 zmian\u0119 strony (paginacj\u0119). Ka\u017cda podstrona, do kt\u00f3rej mo\u017cna uzyska\u0107 dost\u0119p poprzez paginacj\u0119, powinna mie\u0107 <strong>unikalny adres URL<\/strong>. Strony te mog\u0105 by\u0107 nast\u0119pnie indeksowane przez wyszukiwarki, co zapewnia, \u017ce ca\u0142a zawarto\u015b\u0107 jest uwzgl\u0119dniana w wynikach wyszukiwania.   <\/p>\n\n<p class=\"wp-block-paragraph\"><strong> <code>rel=\"prev\"<\/code> <code>rel=\"next\"<\/code>Ponadto<\/strong> <strong>atrybuty HTML i <\/strong> powinny by\u0107 u\u017cywane do \u0142\u0105czenia stron w paginy. Sygnalizuje to wyszukiwarkom, \u017ce strony tworz\u0105 sp\u00f3jn\u0105 seri\u0119 i pomaga lepiej zrozumie\u0107 struktur\u0119 witryny. <strong> <\/strong> <\/p>\n\n<h4 class=\"wp-block-heading\">2. <strong>dost\u0119pno\u015b\u0107 i wra\u017cenia u\u017cytkownika: dost\u0119pne nawet bez JavaScript<\/strong><\/h4>\n\n<p class=\"wp-block-paragraph\">Kolejn\u0105 wa\u017cn\u0105 kwesti\u0105 przy wdra\u017caniu niesko\u0144czonego przewijania jest <strong>dost\u0119pno\u015b\u0107<\/strong>. Nie wszyscy u\u017cytkownicy maj\u0105 w\u0142\u0105czon\u0105 obs\u0142ug\u0119 JavaScript lub korzystaj\u0105 z nowoczesnych przegl\u0105darek obs\u0142uguj\u0105cych t\u0119 technologi\u0119. Dla tych u\u017cytkownik\u00f3w strona powinna by\u0107 w pe\u0142ni dost\u0119pna nawet bez w\u0142\u0105czonej obs\u0142ugi JavaScript. Oznacza to, \u017ce tre\u015b\u0107 musi by\u0107 dost\u0119pna za po\u015brednictwem klasycznej paginacji, nawet bez niesko\u0144czonego przewijania.   <\/p>\n\n<p class=\"wp-block-paragraph\"><strong>Rozwi\u0105zanie:<\/strong> Dobrze zaprojektowana strona internetowa oferuje <strong>rozwi\u0105zanie awaryjne<\/strong> oparte na paginacji. Zapewnia to, \u017ce wszyscy u\u017cytkownicy mog\u0105 zobaczy\u0107 zawarto\u015b\u0107, niezale\u017cnie od tego, czy maj\u0105 w\u0142\u0105czon\u0105 obs\u0142ug\u0119 JavaScript, czy nie. W ten spos\u00f3b strona pozostaje dost\u0119pna dla u\u017cytkownik\u00f3w, kt\u00f3rzy korzystaj\u0105 ze starszych urz\u0105dze\u0144 lub maj\u0105 ograniczone po\u0142\u0105czenia internetowe.  <\/p>\n\n<h4 class=\"wp-block-heading\">3. <strong>wydajno\u015b\u0107 i szybko\u015b\u0107 \u0142adowania: pu\u0142apki nieko\u0144cz\u0105cych si\u0119 danych<\/strong><\/h4>\n\n<p class=\"wp-block-paragraph\">Niesko\u0144czone przewijanie mo\u017ce obci\u0105\u017ca\u0107 wydajno\u015b\u0107 strony internetowej, zw\u0142aszcza je\u015bli musi ona prze\u0142adowywa\u0107 du\u017ce ilo\u015bci danych. Mo\u017ce to prowadzi\u0107 do <strong>d\u0142u\u017cszych czas\u00f3w \u0142adowania<\/strong> i <strong>gorszych wra\u017ce\u0144 u\u017cytkownika<\/strong>, zw\u0142aszcza na urz\u0105dzeniach mobilnych z wolnymi po\u0142\u0105czeniami. Je\u015bli zbyt wiele danych jest \u0142adowanych jednocze\u015bnie, mo\u017ce to spowolni\u0107 dzia\u0142anie strony i sprawi\u0107, \u017ce przewijanie b\u0119dzie gwa\u0142towne.  <\/p>\n\n<p class=\"wp-block-paragraph\"><strong>Rozwi\u0105zanie:<\/strong> Aby tego unikn\u0105\u0107, witryna powinna \u0142adowa\u0107 zawarto\u015b\u0107 <strong>stopniowo i w ma\u0142ych pakietach<\/strong> danych, zamiast \u0142adowa\u0107 ca\u0142\u0105 zawarto\u015b\u0107 naraz. Techniki takie jak <strong>leniwe \u0142adowanie<\/strong> mog\u0105 pom\u00f3c w za\u0142adowaniu tylko tych tre\u015bci, kt\u00f3re u\u017cytkownik faktycznie widzi. W ten spos\u00f3b strona pozostaje szybka i responsywna, nawet je\u015bli trzeba prze\u0142adowa\u0107 wiele danych.  <\/p>\n\n<h4 class=\"wp-block-heading\">4. <strong>unikanie powielania tre\u015bci poprzez tagi kanoniczne<\/strong><\/h4>\n\n<p class=\"wp-block-paragraph\">Jedn\u0105 z najwi\u0119kszych pu\u0142apek SEO podczas korzystania z niesko\u0144czonego przewijania jest ryzyko <strong>powielania tre\u015bci<\/strong>. Mo\u017ce si\u0119 tak zdarzy\u0107, je\u015bli tre\u015b\u0107 prze\u0142adowana przez niesko\u0144czone przewijanie zostanie zinterpretowana przez wyszukiwarki jako osobne strony, a tym samym trafi dwukrotnie do indeksu. <\/p>\n\n<p class=\"wp-block-paragraph\"><strong>Rozwi\u0105zanie:<\/strong> Aby unikn\u0105\u0107 powielania tre\u015bci, witryna powinna upewni\u0107 si\u0119, \u017ce ka\u017cda prze\u0142adowana strona ma <strong>znaczniki kanoniczne<\/strong>, kt\u00f3re odnosz\u0105 si\u0119 do rzeczywistego adresu URL strony z tre\u015bci\u0105. Pomaga to wyszukiwarkom poprawnie interpretowa\u0107 prze\u0142adowan\u0105 zawarto\u015b\u0107 i indeksowa\u0107 tylko oryginaln\u0105 stron\u0119. W ten spos\u00f3b tre\u015b\u0107 pozostaje unikalna i jest poprawnie wy\u015bwietlana w wynikach wyszukiwania.  <\/p>\n\n<h4 class=\"wp-block-heading\">Obszary zastosowania niesko\u0144czonego przewijania: Gdzie to naprawd\u0119 ma sens?<\/h4>\n\n<p class=\"wp-block-paragraph\">Niesko\u0144czone przewijanie nie jest odpowiednie dla ka\u017cdego typu strony internetowej. Szczeg\u00f3lnie dobrze sprawdza si\u0119 na stronach, kt\u00f3re oferuj\u0105 <strong>du\u017ce ilo\u015bci tre\u015bci wizualnych<\/strong> lub <strong>tre\u015bci generowanych przez u\u017cytkownik\u00f3w<\/strong>, takich jak sieci spo\u0142eczno\u015bciowe, galerie zdj\u0119\u0107, portale informacyjne lub sklepy internetowe z szerok\u0105 gam\u0105 produkt\u00f3w. U\u017cytkownicy s\u0105 przyzwyczajeni do przewijania nieko\u0144cz\u0105cych si\u0119 kana\u0142\u00f3w i oczekuj\u0105 podobnego do\u015bwiadczenia na innych platformach, kt\u00f3re regularnie oferuj\u0105 nowe tre\u015bci.  <\/p>\n\n<p class=\"wp-block-paragraph\">Jednak niesko\u0144czone przewijanie jest mniej odpowiednie w przypadku <strong>witryn z du\u017c\u0105 ilo\u015bci\u0105 informacji<\/strong> lub <strong>z\u0142o\u017conych stron us\u0142ug<\/strong>, na kt\u00f3rych u\u017cytkownik szuka konkretnych informacji. W tym przypadku bardziej odpowiednia jest paginacja strukturalna, kt\u00f3ra umo\u017cliwia u\u017cytkownikom nawigacj\u0119 do okre\u015blonych sekcji lub tre\u015bci. <\/p>\n\n<h4 class=\"wp-block-heading\">Podsumowanie: Niesko\u0144czone przewijanie jako balansowanie mi\u0119dzy do\u015bwiadczeniem u\u017cytkownika a SEO<\/h4>\n\n<p class=\"wp-block-paragraph\"><strong>Niesko\u0144czone przewijanie<\/strong> mo\u017ce by\u0107 doskona\u0142ym sposobem na zatrzymanie u\u017cytkownik\u00f3w na stronie na d\u0142u\u017cej i zach\u0119cenie ich do interakcji. Oferuje p\u0142ynne i nowoczesne wra\u017cenia u\u017cytkownika, kt\u00f3re s\u0105 szczeg\u00f3lnie atrakcyjne na urz\u0105dzeniach mobilnych. Jednak, jak w przypadku wielu rzeczy w \u017cyciu, chodzi o to, aby zrobi\u0107 to dobrze. Nieprzemy\u015blana implementacja mo\u017ce prowadzi\u0107 do problem\u00f3w z SEO, szybko\u015bci\u0105 \u0142adowania i dost\u0119pno\u015bci\u0105.   <\/p>\n\n<p class=\"wp-block-paragraph\">Je\u015bli korzystasz z tej technologii prawid\u0142owo i zwracasz uwag\u0119 na takie aspekty, jak <strong>przyjazna dla SEO paginacja<\/strong>, <strong>dost\u0119pne fallbacki<\/strong> i <strong>zoptymalizowane procesy \u0142adowania<\/strong>, mo\u017cesz skorzysta\u0107 z zalet niesko\u0144czonego przewijania bez konieczno\u015bci akceptowania jego wad. Jest to narz\u0119dzie, kt\u00f3re ma potencja\u0142 zrewolucjonizowania sposobu interakcji u\u017cytkownik\u00f3w z tre\u015bci\u0105 &#8211; pod warunkiem, \u017ce jest u\u017cywane ostro\u017cnie i rozwa\u017cnie. <\/p>\n","protected":false},"excerpt":{"rendered":"<p>Nieko\u0144cz\u0105ce si\u0119 przewijanie dla lepszego do\u015bwiadczenia u\u017cytkownika W dzisiejszym cyfrowym krajobrazie, w kt\u00f3rym u\u017cytkownicy oczekuj\u0105 szybkich i p\u0142ynnych interakcji, zmniejszenie wsp\u00f3\u0142czynnika odrzuce\u0144 odgrywa kluczow\u0105 rol\u0119 w sukcesie ka\u017cdej witryny. Jednym ze szczeg\u00f3lnie popularnych sposob\u00f3w na zatrzymanie odwiedzaj\u0105cych na stronie na<\/p>\n","protected":false},"author":2332,"featured_media":5546,"parent":4979,"menu_order":0,"comment_status":"closed","ping_status":"closed","template":"","meta":{"_seopress_robots_primary_cat":"","_seopress_titles_title":"%%sep%% Niesko\u0144czone przewijanie: korzy\u015bci dla u\u017cytkownik\u00f3w i SEO %%sitetitle%%","_seopress_titles_desc":"Popraw wra\u017cenia u\u017cytkownika i zmniejsz wsp\u00f3\u0142czynnik odrzuce\u0144 dzi\u0119ki Infinite Scrolling. Idealny dla blog\u00f3w, sklep\u00f3w internetowych i nie tylko! ","_seopress_robots_index":"","_crdt_document":"","_uag_custom_page_level_css":"","spectra_gs_classes":"","footnotes":""},"class_list":["post-5563","page","type-page","status-publish","has-post-thumbnail","hentry"],"spectra_custom_meta":{"_top_nav_excluded":[""],"_cms_nav_minihome":[""],"_seopress_titles_title":["%%sep%% Niesko\u0144czone przewijanie: korzy\u015bci dla u\u017cytkownik\u00f3w i SEO %%sitetitle%%"],"_seopress_titles_desc":["Popraw wra\u017cenia u\u017cytkownika i zmniejsz wsp\u00f3\u0142czynnik odrzuce\u0144 dzi\u0119ki Infinite Scrolling. Idealny dla blog\u00f3w, sklep\u00f3w internetowych i nie tylko! "],"_seopress_redirections_logged_status":["oba"],"_seopress_redirections_type":["301"],"_thumbnail_id":["5546"],"_last_translation_edit_mode":["translation-editor"],"_uagb_previous_block_counts":["a:90:{s:21:\"uagb\/advanced-heading\";i:0;s:15:\"uagb\/blockquote\";i:0;s:12:\"uagb\/buttons\";i:0;s:18:\"uagb\/buttons-child\";i:0;s:19:\"uagb\/call-to-action\";i:0;s:15:\"uagb\/cf7-styler\";i:0;s:11:\"uagb\/column\";i:0;s:12:\"uagb\/columns\";i:0;s:14:\"uagb\/container\";i:0;s:21:\"uagb\/content-timeline\";i:0;s:27:\"uagb\/content-timeline-child\";i:0;s:14:\"uagb\/countdown\";i:0;s:12:\"uagb\/counter\";i:0;s:8:\"uagb\/faq\";i:0;s:14:\"uagb\/faq-child\";i:0;s:10:\"uagb\/forms\";i:0;s:17:\"uagb\/forms-accept\";i:0;s:19:\"uagb\/forms-checkbox\";i:0;s:15:\"uagb\/forms-date\";i:0;s:16:\"uagb\/forms-email\";i:0;s:17:\"uagb\/forms-hidden\";i:0;s:15:\"uagb\/forms-name\";i:0;s:16:\"uagb\/forms-phone\";i:0;s:16:\"uagb\/forms-radio\";i:0;s:17:\"uagb\/forms-select\";i:0;s:19:\"uagb\/forms-textarea\";i:0;s:17:\"uagb\/forms-toggle\";i:0;s:14:\"uagb\/forms-url\";i:0;s:14:\"uagb\/gf-styler\";i:0;s:15:\"uagb\/google-map\";i:0;s:11:\"uagb\/how-to\";i:0;s:16:\"uagb\/how-to-step\";i:0;s:9:\"uagb\/icon\";i:0;s:14:\"uagb\/icon-list\";i:0;s:20:\"uagb\/icon-list-child\";i:0;s:10:\"uagb\/image\";i:0;s:18:\"uagb\/image-gallery\";i:0;s:13:\"uagb\/info-box\";i:0;s:18:\"uagb\/inline-notice\";i:0;s:11:\"uagb\/lottie\";i:0;s:21:\"uagb\/marketing-button\";i:0;s:10:\"uagb\/modal\";i:0;s:18:\"uagb\/popup-builder\";i:0;s:16:\"uagb\/post-button\";i:0;s:18:\"uagb\/post-carousel\";i:0;s:17:\"uagb\/post-excerpt\";i:0;s:14:\"uagb\/post-grid\";i:0;s:15:\"uagb\/post-image\";i:0;s:17:\"uagb\/post-masonry\";i:0;s:14:\"uagb\/post-meta\";i:0;s:18:\"uagb\/post-taxonomy\";i:0;s:18:\"uagb\/post-timeline\";i:0;s:15:\"uagb\/post-title\";i:0;s:20:\"uagb\/restaurant-menu\";i:0;s:26:\"uagb\/restaurant-menu-child\";i:0;s:11:\"uagb\/review\";i:0;s:12:\"uagb\/section\";i:0;s:14:\"uagb\/separator\";i:0;s:11:\"uagb\/slider\";i:0;s:17:\"uagb\/slider-child\";i:0;s:17:\"uagb\/social-share\";i:0;s:23:\"uagb\/social-share-child\";i:0;s:16:\"uagb\/star-rating\";i:0;s:23:\"uagb\/sure-cart-checkout\";i:0;s:22:\"uagb\/sure-cart-product\";i:0;s:15:\"uagb\/sure-forms\";i:0;s:22:\"uagb\/table-of-contents\";i:0;s:9:\"uagb\/tabs\";i:0;s:15:\"uagb\/tabs-child\";i:0;s:18:\"uagb\/taxonomy-list\";i:0;s:9:\"uagb\/team\";i:0;s:16:\"uagb\/testimonial\";i:0;s:14:\"uagb\/wp-search\";i:0;s:19:\"uagb\/instagram-feed\";i:0;s:10:\"uagb\/login\";i:0;s:17:\"uagb\/loop-builder\";i:0;s:18:\"uagb\/loop-category\";i:0;s:20:\"uagb\/loop-pagination\";i:0;s:15:\"uagb\/loop-reset\";i:0;s:16:\"uagb\/loop-search\";i:0;s:14:\"uagb\/loop-sort\";i:0;s:17:\"uagb\/loop-wrapper\";i:0;s:13:\"uagb\/register\";i:0;s:19:\"uagb\/register-email\";i:0;s:24:\"uagb\/register-first-name\";i:0;s:23:\"uagb\/register-last-name\";i:0;s:22:\"uagb\/register-password\";i:0;s:30:\"uagb\/register-reenter-password\";i:0;s:19:\"uagb\/register-terms\";i:0;s:22:\"uagb\/register-username\";i:0;}"],"_uag_page_assets":["a:9:{s:3:\"css\";s:263:\".uag-blocks-common-selector{z-index:var(--z-index-desktop) !important}@media (max-width: 976px){.uag-blocks-common-selector{z-index:var(--z-index-tablet) !important}}@media (max-width: 767px){.uag-blocks-common-selector{z-index:var(--z-index-mobile) !important}}\n\";s:2:\"js\";s:0:\"\";s:18:\"current_block_list\";a:3:{i:0;s:10:\"core\/image\";i:1;s:12:\"core\/heading\";i:2;s:14:\"core\/paragraph\";}s:8:\"uag_flag\";b:0;s:11:\"uag_version\";s:10:\"1776768691\";s:6:\"gfonts\";a:0:{}s:10:\"gfonts_url\";s:0:\"\";s:12:\"gfonts_files\";a:0:{}s:14:\"uag_faq_layout\";b:0;}"],"_uag_css_file_name":["uag-css-5563.css"]},"uagb_featured_image_src":{"full":["https:\/\/dlx-media.com\/wp-content\/uploads\/Infinite-Scrolling.jpeg",1792,1024,false],"thumbnail":["https:\/\/dlx-media.com\/wp-content\/uploads\/Infinite-Scrolling-250x250.jpeg",250,250,true],"medium":["https:\/\/dlx-media.com\/wp-content\/uploads\/Infinite-Scrolling-350x200.jpeg",350,200,true],"medium_large":["https:\/\/dlx-media.com\/wp-content\/uploads\/Infinite-Scrolling-768x439.jpeg",768,439,true],"large":["https:\/\/dlx-media.com\/wp-content\/uploads\/Infinite-Scrolling-1024x585.jpeg",1024,585,true],"1536x1536":["https:\/\/dlx-media.com\/wp-content\/uploads\/Infinite-Scrolling-1536x878.jpeg",1536,878,true],"2048x2048":["https:\/\/dlx-media.com\/wp-content\/uploads\/Infinite-Scrolling.jpeg",1792,1024,false],"suffice-thumbnail-grid":["https:\/\/dlx-media.com\/wp-content\/uploads\/Infinite-Scrolling-750x420.jpeg",750,420,true],"suffice-thumbnail-featured-one":["https:\/\/dlx-media.com\/wp-content\/uploads\/Infinite-Scrolling-295x525.jpeg",295,525,true],"suffice-thumbnail-featured-two":["https:\/\/dlx-media.com\/wp-content\/uploads\/Infinite-Scrolling-1140x504.jpeg",1140,504,true],"suffice-thumbnail-portfolio":["https:\/\/dlx-media.com\/wp-content\/uploads\/Infinite-Scrolling-572x552.jpeg",572,552,true],"suffice-thumbnail-portfolio-masonry":["https:\/\/dlx-media.com\/wp-content\/uploads\/Infinite-Scrolling-572x652.jpeg",572,652,true]},"uagb_author_info":{"display_name":"DLxMedia","author_link":"https:\/\/dlx-media.com\/pl"},"uagb_comment_info":0,"uagb_excerpt":"Nieko\u0144cz\u0105ce si\u0119 przewijanie dla lepszego do\u015bwiadczenia u\u017cytkownika W dzisiejszym cyfrowym krajobrazie, w kt\u00f3rym u\u017cytkownicy oczekuj\u0105 szybkich i p\u0142ynnych interakcji, zmniejszenie wsp\u00f3\u0142czynnika odrzuce\u0144 odgrywa kluczow\u0105 rol\u0119 w sukcesie ka\u017cdej witryny. Jednym ze szczeg\u00f3lnie popularnych sposob\u00f3w na zatrzymanie odwiedzaj\u0105cych na stronie na","_links":{"self":[{"href":"https:\/\/dlx-media.com\/pl\/wp-json\/wp\/v2\/pages\/5563","targetHints":{"allow":["GET"]}}],"collection":[{"href":"https:\/\/dlx-media.com\/pl\/wp-json\/wp\/v2\/pages"}],"about":[{"href":"https:\/\/dlx-media.com\/pl\/wp-json\/wp\/v2\/types\/page"}],"author":[{"embeddable":true,"href":"https:\/\/dlx-media.com\/pl\/wp-json\/wp\/v2\/users\/2332"}],"replies":[{"embeddable":true,"href":"https:\/\/dlx-media.com\/pl\/wp-json\/wp\/v2\/comments?post=5563"}],"version-history":[{"count":1,"href":"https:\/\/dlx-media.com\/pl\/wp-json\/wp\/v2\/pages\/5563\/revisions"}],"predecessor-version":[{"id":5564,"href":"https:\/\/dlx-media.com\/pl\/wp-json\/wp\/v2\/pages\/5563\/revisions\/5564"}],"up":[{"embeddable":true,"href":"https:\/\/dlx-media.com\/pl\/wp-json\/wp\/v2\/pages\/4979"}],"wp:featuredmedia":[{"embeddable":true,"href":"https:\/\/dlx-media.com\/pl\/wp-json\/wp\/v2\/media\/5546"}],"wp:attachment":[{"href":"https:\/\/dlx-media.com\/pl\/wp-json\/wp\/v2\/media?parent=5563"}],"curies":[{"name":"wp","href":"https:\/\/api.w.org\/{rel}","templated":true}]}}