{"id":5559,"date":"2024-10-22T22:47:28","date_gmt":"2024-10-22T20:47:28","guid":{"rendered":"https:\/\/dlx-media.com\/slowniczek\/influencer-marketing\/"},"modified":"2024-10-22T22:50:16","modified_gmt":"2024-10-22T20:50:16","slug":"influencer-marketing","status":"publish","type":"page","link":"https:\/\/dlx-media.com\/pl\/slowniczek\/influencer-marketing\/","title":{"rendered":"Influencer marketing"},"content":{"rendered":"<div class=\"wp-block-image\">\n<figure data-spectra-id=\"spectra-c4fb5c04-4ca9-4248-9f77-b90eed3980f9\" class=\"aligncenter size-full\"><img loading=\"lazy\" decoding=\"async\" width=\"1792\" height=\"1024\" src=\"https:\/\/dlx-media.com\/wp-content\/uploads\/Influencer-Marketing-1.jpeg\" alt=\"Influencer marketing\" class=\"wp-image-5552\" srcset=\"https:\/\/dlx-media.com\/wp-content\/uploads\/Influencer-Marketing-1.jpeg 1792w, https:\/\/dlx-media.com\/wp-content\/uploads\/Influencer-Marketing-1-350x200.jpeg 350w, https:\/\/dlx-media.com\/wp-content\/uploads\/Influencer-Marketing-1-1024x585.jpeg 1024w, https:\/\/dlx-media.com\/wp-content\/uploads\/Influencer-Marketing-1-768x439.jpeg 768w, https:\/\/dlx-media.com\/wp-content\/uploads\/Influencer-Marketing-1-1536x878.jpeg 1536w\" sizes=\"auto, (max-width: 1792px) 100vw, 1792px\" \/><\/figure>\n<\/div>\n<h3 class=\"wp-block-heading\">Influencer marketing: sztuka rozpowszechniania komunikat\u00f3w marki poprzez autentyczno\u015b\u0107 i zaufanie<\/h3>\n\n<p class=\"wp-block-paragraph\">W dzisiejszym cyfrowym \u015bwiecie, w kt\u00f3rym konsumenci s\u0105 coraz bardziej sceptyczni wobec tradycyjnych metod reklamowych, <strong>influencer marketing<\/strong> oferuje \u015bwie\u017c\u0105 i pot\u0119\u017cn\u0105 alternatyw\u0119. Nie chodzi tylko o wykorzystanie zasi\u0119gu, ale o tworzenie prawdziwych po\u0142\u0105cze\u0144 i opowiadanie autentycznych historii. Firmy polegaj\u0105 na g\u0142osie influencer\u00f3w &#8211; os\u00f3b, kt\u00f3re zdoby\u0142y lojalnych fan\u00f3w na portalach spo\u0142eczno\u015bciowych, blogach lub innych platformach internetowych i kt\u00f3rych opinie maj\u0105 znaczenie.  <\/p>\n\n<h3 class=\"wp-block-heading\">Czym jest influencer marketing?<\/h3>\n\n<p class=\"wp-block-paragraph\">Influencer marketing to forma marketingu, w kt\u00f3rej marki wsp\u00f3\u0142pracuj\u0105 z <strong>kluczowymi osobami<\/strong>, znanymi jako influencerzy, w celu promowania swoich produkt\u00f3w lub us\u0142ug. Influencerzy mog\u0105 pochodzi\u0107 z r\u00f3\u017cnych sektor\u00f3w: Moda, fitness, technologia, podr\u00f3\u017ce, styl \u017cycia i wiele innych. Cz\u0119sto maj\u0105 specjalny dost\u0119p do swojej spo\u0142eczno\u015bci i siln\u0105 obecno\u015b\u0107 online na platformach takich jak <strong>Instagram, YouTube, TikTok, blogi lub podcasty<\/strong>. Ich obserwatorzy ceni\u0105 ich opinie, ufaj\u0105 ich rekomendacjom i inspiruj\u0105 si\u0119 ich do\u015bwiadczeniami.   <\/p>\n\n<p class=\"wp-block-paragraph\">G\u0142\u00f3wn\u0105 r\u00f3\u017cnic\u0105 w stosunku do tradycyjnej reklamy jest to, \u017ce influencer marketing opiera si\u0119 na <strong>rekomendacjach i osobistych historiach<\/strong>. Podczas gdy tradycyjna reklama jest cz\u0119sto postrzegana jako natr\u0119tna lub bezosobowa, influencer marketing tworzy <strong>naturalne i autentyczne po\u0142\u0105czenie<\/strong> mi\u0119dzy mark\u0105 a konsumentem. Pozwala influencerom na integracj\u0119 produkt\u00f3w z ich tre\u015bciami poprzez opowiadanie historii lub dzielenie si\u0119 osobistymi do\u015bwiadczeniami, a nie tylko reklam\u0119. Nadaje to przekazowi marki g\u0142\u0119bsze znaczenie i wi\u0119ksz\u0105 wiarygodno\u015b\u0107.   <\/p>\n\n<h3 class=\"wp-block-heading\">Dlaczego influencer marketing dzia\u0142a tak dobrze?<\/h3>\n\n<p class=\"wp-block-paragraph\">Odpowied\u017a le\u017cy w zaufaniu i blisko\u015bci. Influencerzy przez lata zbudowali <strong>bliskie relacje<\/strong> ze swoj\u0105 spo\u0142eczno\u015bci\u0105. Rozmawiaj\u0105 bezpo\u015brednio ze swoimi obserwatorami, wchodz\u0105 z nimi w interakcje w komentarzach i tworz\u0105 autentyczn\u0105 wi\u0119\u017a. Ta blisko\u015b\u0107 tworzy zaufanie, kt\u00f3re jest podstaw\u0105 influencer marketingu. Rekomendacja od influencera mo\u017ce by\u0107 cz\u0119sto <strong>znacznie bardziej skuteczna<\/strong> ni\u017c tradycyjna reklama, poniewa\u017c obserwuj\u0105cy s\u0105 bardziej sk\u0142onni uwierzy\u0107 w rekomendacje influencera.    <\/p>\n\n<p class=\"wp-block-paragraph\">Co wi\u0119cej, influencerzy znaj\u0105 swoje grupy docelowe lepiej ni\u017c wiele firm. Wiedz\u0105, kt\u00f3re tematy, produkty i trendy s\u0105 dobrze odbierane przez ich obserwuj\u0105cych, a zatem mog\u0105 tworzy\u0107 ukierunkowane tre\u015bci, kt\u00f3re interesuj\u0105 ich spo\u0142eczno\u015b\u0107. Ta <strong>personalizacja i orientacja na grup\u0119 docelow\u0105<\/strong> sprawia, \u017ce influencer marketing jest cennym narz\u0119dziem dla firm, aby dotrze\u0107 bezpo\u015brednio do potencjalnych klient\u00f3w i zaanga\u017cowa\u0107 ich w spos\u00f3b odpowiadaj\u0105cy ich zainteresowaniom.  <\/p>\n\n<h3 class=\"wp-block-heading\">Sztuka znalezienia odpowiedniego influencera<\/h3>\n\n<p class=\"wp-block-paragraph\">Powszechnym b\u0142\u0119dem w influencer marketingu jest przekonanie, \u017ce <strong>wi\u0119kszy zawsze<\/strong> znaczy <strong>lepszy<\/strong>. Wiele firm pope\u0142nia b\u0142\u0105d, koncentruj\u0105c si\u0119 wy\u0142\u0105cznie na influencerach z milionami obserwuj\u0105cych w nadziei, \u017ce ich du\u017cy zasi\u0119g automatycznie doprowadzi do lepszych wynik\u00f3w. W rzeczywisto\u015bci jednak wa\u017cniejsze jest znalezienie odpowiedniego influencera &#8211; kogo\u015b, kto podziela <strong>warto\u015bci i misj\u0119 marki<\/strong> oraz ma <strong>silny zwi\u0105zek<\/strong> z jej spo\u0142eczno\u015bci\u0105.  <\/p>\n\n<p class=\"wp-block-paragraph\">Influencer\u00f3w mo\u017cna podzieli\u0107 na r\u00f3\u017cne kategorie:<\/p>\n\n<ul class=\"wp-block-list\">\n<li><strong>Nano-influencerzy<\/strong> (od 1 000 do 10 000 obserwuj\u0105cych): Cz\u0119sto maj\u0105 <strong>najbli\u017cszy zwi\u0105zek<\/strong> ze swoj\u0105 spo\u0142eczno\u015bci\u0105 i wysoki wska\u017anik zaanga\u017cowania. Ich rekomendacje s\u0105 szczeg\u00f3lnie wiarygodne. <\/li>\n\n\n\n<li><strong>Mikroinfluencerzy<\/strong> (od 10 000 do 100 000 obserwuj\u0105cych): Oferuj\u0105 dobr\u0105 r\u00f3wnowag\u0119 mi\u0119dzy <strong>zasi\u0119giem a zaanga\u017cowaniem<\/strong> i s\u0105 idealne dla firm, kt\u00f3re chc\u0105 dotrze\u0107 do okre\u015blonych rynk\u00f3w niszowych.<\/li>\n\n\n\n<li><strong>Makroinfluencerzy<\/strong> (od 100 000 do 1 miliona obserwuj\u0105cych): Maj\u0105 <strong>wi\u0119kszy zasi\u0119g<\/strong> i mog\u0105 dotrze\u0107 do wi\u0119kszej liczby os\u00f3b, ale ich zaanga\u017cowanie jest cz\u0119sto nieco ni\u017csze.<\/li>\n\n\n\n<li><strong>Mega-influencerzy<\/strong> (ponad 1 milion obserwuj\u0105cych): Ci influencerzy maj\u0105 ogromny zasi\u0119g i \u015bwiadomo\u015b\u0107, ale ich interakcje ze spo\u0142eczno\u015bci\u0105 s\u0105 cz\u0119sto mniej osobiste. \u015awietnie nadaj\u0105 si\u0119 do <strong>du\u017cych kampanii<\/strong>, w kt\u00f3rych chodzi o \u015bwiadomo\u015b\u0107 marki. <\/li>\n<\/ul>\n\n<p class=\"wp-block-paragraph\">W zale\u017cno\u015bci od celu i bud\u017cetu, wsp\u00f3\u0142praca z influencerami o r\u00f3\u017cnym zasi\u0119gu mo\u017ce mie\u0107 sens. <strong>Mikroinfluencerzy<\/strong> mog\u0105 by\u0107 szczeg\u00f3lnie skuteczni w przypadku wprowadzania konkretnych produkt\u00f3w lub us\u0142ug ze wzgl\u0119du na ich blisko\u015b\u0107 do spo\u0142eczno\u015bci, podczas gdy <strong>makro- i mega-influencerzy<\/strong> mog\u0105 by\u0107 wykorzystywani w kampaniach brandingowych na du\u017c\u0105 skal\u0119.<\/p>\n\n<h3 class=\"wp-block-heading\">Planowanie i wdra\u017canie skutecznych kampanii influencer\u00f3w<\/h3>\n\n<p class=\"wp-block-paragraph\">Udana kampania influencerska wymaga czego\u015b wi\u0119cej ni\u017c tylko znalezienia odpowiedniego partnera. <strong>Staranne planowanie i jasne cele<\/strong> maj\u0105 kluczowe znaczenie dla osi\u0105gni\u0119cia po\u017c\u0105danego sukcesu. Oto kilka kluczowych krok\u00f3w, kt\u00f3re nale\u017cy wzi\u0105\u0107 pod uwag\u0119 podczas opracowywania kampanii influencer\u00f3w: <\/p>\n\n<ol class=\"wp-block-list\">\n<li><strong>Cel<\/strong>: Przed nawi\u0105zaniem kontaktu z influencerami nale\u017cy jasno okre\u015bli\u0107, co chcemy osi\u0105gn\u0105\u0107 dzi\u0119ki kampanii. Czy chodzi o <strong>zwi\u0119kszenie \u015bwiadomo\u015bci marki<\/strong>, <strong>dotarcie do nowej grupy docelowej<\/strong> czy promowanie <strong>sprzeda\u017cy bezpo\u015bredniej<\/strong>? Cele te okre\u015blaj\u0105 rodzaj influencera i projekt kampanii.  <\/li>\n\n\n\n<li><strong>Wyb\u00f3r influencera<\/strong>: Wyb\u00f3r odpowiedniego influencera wymaga <strong>dok\u0142adnych bada\u0144<\/strong>. Nale\u017cy wzi\u0105\u0107 pod uwag\u0119 nie tylko liczb\u0119 obserwuj\u0105cych, ale tak\u017ce <strong>wska\u017anik zaanga\u017cowania<\/strong>, <strong>styl tre\u015bci<\/strong> i <strong>grup\u0119 docelow\u0105<\/strong> influencera. Narz\u0119dzia do analizy influencer\u00f3w mog\u0105 pom\u00f3c w identyfikacji odpowiednich kandydat\u00f3w.  <\/li>\n\n\n\n<li><strong>Opracowanie przes\u0142ania kampanii<\/strong>: Przes\u0142anie powinno by\u0107 <strong>autentyczne<\/strong> i zgodne z warto\u015bciami marki. Wa\u017cne jest, aby da\u0107 influencerowi wystarczaj\u0105c\u0105 <strong>swobod\u0119 tw\u00f3rcz\u0105<\/strong>, aby przekaza\u0107 wiadomo\u015b\u0107 w spos\u00f3b, kt\u00f3ry pasuje do jego stylu i spo\u0142eczno\u015bci. Zbyt nakazowe tre\u015bci mog\u0105 podwa\u017cy\u0107 autentyczno\u015b\u0107 rekomendacji.  <\/li>\n\n\n\n<li><strong>Przejrzysto\u015b\u0107 i etykietowanie<\/strong>: W szczeg\u00f3lno\u015bci w Europie i USA wa\u017cne jest, aby influencerzy wyra\u017anie oznaczali swoje sponsorowane tre\u015bci. Zapewnia to <strong>przejrzysto\u015b\u0107<\/strong> i buduje zaufanie w\u015br\u00f3d obserwuj\u0105cych. Firmy powinny upewni\u0107 si\u0119, \u017ce wszystkie wymogi prawne s\u0105 spe\u0142nione, aby unikn\u0105\u0107 negatywnych reakcji.  <\/li>\n\n\n\n<li><strong>Pomiar i analiza wynik\u00f3w<\/strong>: Po opublikowaniu kampanii kluczowe jest zmierzenie jej sukcesu. Kluczowe liczby, takie jak <strong>zasi\u0119g<\/strong>, <strong>wska\u017anik zaanga\u017cowania<\/strong>, <strong>klikni\u0119cia<\/strong> i <strong>konwersje<\/strong>, dostarczaj\u0105 informacji o tym, jak dobrze dzia\u0142a\u0142a kampania. Dane te pomagaj\u0105 zoptymalizowa\u0107 i ukierunkowa\u0107 przysz\u0142e kampanie.  <\/li>\n<\/ol>\n\n<h3 class=\"wp-block-heading\">Zalety influencer marketingu: autentyczno\u015b\u0107 i zasi\u0119g<\/h3>\n\n<p class=\"wp-block-paragraph\"><strong>Influencer marketing<\/strong> oferuje wyj\u0105tkowe korzy\u015bci w por\u00f3wnaniu z innymi strategiami marketingowymi. Pozwala on firmom anga\u017cowa\u0107 si\u0119 w dialog z docelowymi odbiorcami w spos\u00f3b, kt\u00f3ry jest zar\u00f3wno osobisty, jak i przekonuj\u0105cy. Kluczowe korzy\u015bci obejmuj\u0105:  <\/p>\n\n<ul class=\"wp-block-list\">\n<li><strong>Wiarygodno\u015b\u0107 i zaufanie<\/strong>: Influencerzy s\u0105 cz\u0119sto wzorem do na\u015bladowania dla swoich obserwuj\u0105cych, kt\u00f3rzy im ufaj\u0105 i inspiruj\u0105 si\u0119 ich rekomendacjami. Mo\u017ce to mie\u0107 pozytywny wp\u0142yw na decyzje zakupowe. <\/li>\n\n\n\n<li><strong>Ukierunkowane podej\u015bcie<\/strong>: Influencerzy cz\u0119sto maj\u0105 bardzo konkretne grupy docelowe. Wsp\u00f3\u0142pracuj\u0105c z influencerami, firmy mog\u0105 zapewni\u0107, \u017ce ich komunikaty dotr\u0105 bezpo\u015brednio do os\u00f3b zainteresowanych ich produktami. <\/li>\n\n\n\n<li><strong>Kreatywno\u015b\u0107 i zasi\u0119g<\/strong>: Influencerzy s\u0105 ekspertami w <strong>tworzeniu kreatywnych i anga\u017cuj\u0105cych tre\u015bci<\/strong>. Wiedz\u0105, jak zaanga\u017cowa\u0107 swoj\u0105 spo\u0142eczno\u015b\u0107 i jak opowiedzie\u0107 histori\u0119, kt\u00f3ra wzbudza emocje i zainteresowanie. <\/li>\n\n\n\n<li><strong>D\u0142ugoterminowa lojalno\u015b\u0107 klient\u00f3w<\/strong>: Buduj\u0105c prawdziwe relacje z influencerami, firmy mog\u0105 r\u00f3wnie\u017c korzysta\u0107 z ich wsparcia w d\u0142u\u017cszej perspektywie. Powtarzaj\u0105ca si\u0119 wsp\u00f3\u0142praca mo\u017ce prowadzi\u0107 do postrzegania marki jako integralnej cz\u0119\u015bci tworzenia tre\u015bci. <\/li>\n<\/ul>\n\n<h3 class=\"wp-block-heading\">Wniosek: Influencer marketing jako klucz do nowoczesnego podej\u015bcia do klienta<\/h3>\n\n<p class=\"wp-block-paragraph\"><strong>Influencer marketing<\/strong> ewoluowa\u0142 od niszowego podej\u015bcia do integralnej cz\u0119\u015bci marketingu cyfrowego. Oferuje on markom wyj\u0105tkow\u0105 okazj\u0119 do autentycznego i skutecznego przekazywania swoich komunikat\u00f3w, polegaj\u0105c na g\u0142osie os\u00f3b, kt\u00f3rym ufaj\u0105 ich docelowi odbiorcy. Wsp\u00f3\u0142pracuj\u0105c z influencerami, firmy mog\u0105 zwi\u0119kszy\u0107 sw\u00f3j zasi\u0119g, zdoby\u0107 zaufanie konsument\u00f3w i budowa\u0107 prawdziwe wi\u0119zi z klientami.  <\/p>\n\n<p class=\"wp-block-paragraph\">Jednak jak ka\u017cda strategia marketingowa, influencer marketing wymaga inteligentnego planowania, starannego doboru partner\u00f3w i ci\u0105g\u0142ej optymalizacji. Ci, kt\u00f3rzy opanuj\u0105 to wyzwanie, mog\u0105 zbudowa\u0107 siln\u0105 spo\u0142eczno\u015b\u0107, kt\u00f3ra nie tylko dotrze do potencjalnych klient\u00f3w, ale tak\u017ce zwi\u0105\u017ce ich z mark\u0105 w d\u0142u\u017cszej perspektywie. <\/p>\n","protected":false},"excerpt":{"rendered":"<p>Influencer marketing: sztuka rozpowszechniania komunikat\u00f3w marki poprzez autentyczno\u015b\u0107 i zaufanie W dzisiejszym cyfrowym \u015bwiecie, w kt\u00f3rym konsumenci s\u0105 coraz bardziej sceptyczni wobec tradycyjnych metod reklamowych, influencer marketing oferuje \u015bwie\u017c\u0105 i pot\u0119\u017cn\u0105 alternatyw\u0119. Nie chodzi tylko o wykorzystanie zasi\u0119gu, ale o<\/p>\n","protected":false},"author":2332,"featured_media":5554,"parent":4979,"menu_order":0,"comment_status":"closed","ping_status":"closed","template":"","meta":{"_seopress_robots_primary_cat":"","_seopress_titles_title":"%%sep%% Influencer marketing: autentyczno\u015b\u0107, kt\u00f3ra wzmacnia marki %%sitetitle%%","_seopress_titles_desc":"Odkryj moc influencer marketingu, aby wzmocni\u0107 swoj\u0105 mark\u0119 dzi\u0119ki prawdziwym historiom i zaufanym rekomendacjom.","_seopress_robots_index":"","_crdt_document":"","_uag_custom_page_level_css":"","spectra_gs_classes":"","footnotes":""},"class_list":["post-5559","page","type-page","status-publish","has-post-thumbnail","hentry"],"spectra_custom_meta":{"_top_nav_excluded":[""],"_cms_nav_minihome":[""],"_seopress_titles_title":["%%sep%% Influencer marketing: autentyczno\u015b\u0107, kt\u00f3ra wzmacnia marki %%sitetitle%%"],"_seopress_titles_desc":["Odkryj moc influencer marketingu, aby wzmocni\u0107 swoj\u0105 mark\u0119 dzi\u0119ki prawdziwym historiom i zaufanym rekomendacjom."],"_seopress_redirections_logged_status":["oba"],"_seopress_redirections_type":["301"],"_thumbnail_id":["5554"],"_last_translation_edit_mode":["translation-editor"],"_uagb_previous_block_counts":["a:90:{s:21:\"uagb\/advanced-heading\";i:0;s:15:\"uagb\/blockquote\";i:0;s:12:\"uagb\/buttons\";i:0;s:18:\"uagb\/buttons-child\";i:0;s:19:\"uagb\/call-to-action\";i:0;s:15:\"uagb\/cf7-styler\";i:0;s:11:\"uagb\/column\";i:0;s:12:\"uagb\/columns\";i:0;s:14:\"uagb\/container\";i:0;s:21:\"uagb\/content-timeline\";i:0;s:27:\"uagb\/content-timeline-child\";i:0;s:14:\"uagb\/countdown\";i:0;s:12:\"uagb\/counter\";i:0;s:8:\"uagb\/faq\";i:0;s:14:\"uagb\/faq-child\";i:0;s:10:\"uagb\/forms\";i:0;s:17:\"uagb\/forms-accept\";i:0;s:19:\"uagb\/forms-checkbox\";i:0;s:15:\"uagb\/forms-date\";i:0;s:16:\"uagb\/forms-email\";i:0;s:17:\"uagb\/forms-hidden\";i:0;s:15:\"uagb\/forms-name\";i:0;s:16:\"uagb\/forms-phone\";i:0;s:16:\"uagb\/forms-radio\";i:0;s:17:\"uagb\/forms-select\";i:0;s:19:\"uagb\/forms-textarea\";i:0;s:17:\"uagb\/forms-toggle\";i:0;s:14:\"uagb\/forms-url\";i:0;s:14:\"uagb\/gf-styler\";i:0;s:15:\"uagb\/google-map\";i:0;s:11:\"uagb\/how-to\";i:0;s:16:\"uagb\/how-to-step\";i:0;s:9:\"uagb\/icon\";i:0;s:14:\"uagb\/icon-list\";i:0;s:20:\"uagb\/icon-list-child\";i:0;s:10:\"uagb\/image\";i:0;s:18:\"uagb\/image-gallery\";i:0;s:13:\"uagb\/info-box\";i:0;s:18:\"uagb\/inline-notice\";i:0;s:11:\"uagb\/lottie\";i:0;s:21:\"uagb\/marketing-button\";i:0;s:10:\"uagb\/modal\";i:0;s:18:\"uagb\/popup-builder\";i:0;s:16:\"uagb\/post-button\";i:0;s:18:\"uagb\/post-carousel\";i:0;s:17:\"uagb\/post-excerpt\";i:0;s:14:\"uagb\/post-grid\";i:0;s:15:\"uagb\/post-image\";i:0;s:17:\"uagb\/post-masonry\";i:0;s:14:\"uagb\/post-meta\";i:0;s:18:\"uagb\/post-taxonomy\";i:0;s:18:\"uagb\/post-timeline\";i:0;s:15:\"uagb\/post-title\";i:0;s:20:\"uagb\/restaurant-menu\";i:0;s:26:\"uagb\/restaurant-menu-child\";i:0;s:11:\"uagb\/review\";i:0;s:12:\"uagb\/section\";i:0;s:14:\"uagb\/separator\";i:0;s:11:\"uagb\/slider\";i:0;s:17:\"uagb\/slider-child\";i:0;s:17:\"uagb\/social-share\";i:0;s:23:\"uagb\/social-share-child\";i:0;s:16:\"uagb\/star-rating\";i:0;s:23:\"uagb\/sure-cart-checkout\";i:0;s:22:\"uagb\/sure-cart-product\";i:0;s:15:\"uagb\/sure-forms\";i:0;s:22:\"uagb\/table-of-contents\";i:0;s:9:\"uagb\/tabs\";i:0;s:15:\"uagb\/tabs-child\";i:0;s:18:\"uagb\/taxonomy-list\";i:0;s:9:\"uagb\/team\";i:0;s:16:\"uagb\/testimonial\";i:0;s:14:\"uagb\/wp-search\";i:0;s:19:\"uagb\/instagram-feed\";i:0;s:10:\"uagb\/login\";i:0;s:17:\"uagb\/loop-builder\";i:0;s:18:\"uagb\/loop-category\";i:0;s:20:\"uagb\/loop-pagination\";i:0;s:15:\"uagb\/loop-reset\";i:0;s:16:\"uagb\/loop-search\";i:0;s:14:\"uagb\/loop-sort\";i:0;s:17:\"uagb\/loop-wrapper\";i:0;s:13:\"uagb\/register\";i:0;s:19:\"uagb\/register-email\";i:0;s:24:\"uagb\/register-first-name\";i:0;s:23:\"uagb\/register-last-name\";i:0;s:22:\"uagb\/register-password\";i:0;s:30:\"uagb\/register-reenter-password\";i:0;s:19:\"uagb\/register-terms\";i:0;s:22:\"uagb\/register-username\";i:0;}"],"_uag_page_assets":["a:9:{s:3:\"css\";s:263:\".uag-blocks-common-selector{z-index:var(--z-index-desktop) !important}@media (max-width: 976px){.uag-blocks-common-selector{z-index:var(--z-index-tablet) !important}}@media (max-width: 767px){.uag-blocks-common-selector{z-index:var(--z-index-mobile) !important}}\n\";s:2:\"js\";s:0:\"\";s:18:\"current_block_list\";a:5:{i:0;s:10:\"core\/image\";i:1;s:12:\"core\/heading\";i:2;s:14:\"core\/paragraph\";i:3;s:9:\"core\/list\";i:4;s:14:\"core\/list-item\";}s:8:\"uag_flag\";b:0;s:11:\"uag_version\";s:10:\"1775815218\";s:6:\"gfonts\";a:0:{}s:10:\"gfonts_url\";s:0:\"\";s:12:\"gfonts_files\";a:0:{}s:14:\"uag_faq_layout\";b:0;}"],"_uag_css_file_name":["uag-css-5559.css"]},"uagb_featured_image_src":{"full":["https:\/\/dlx-media.com\/wp-content\/uploads\/Influencer-Marketing-1.jpeg",1792,1024,false],"thumbnail":["https:\/\/dlx-media.com\/wp-content\/uploads\/Influencer-Marketing-1-250x250.jpeg",250,250,true],"medium":["https:\/\/dlx-media.com\/wp-content\/uploads\/Influencer-Marketing-1-350x200.jpeg",350,200,true],"medium_large":["https:\/\/dlx-media.com\/wp-content\/uploads\/Influencer-Marketing-1-768x439.jpeg",768,439,true],"large":["https:\/\/dlx-media.com\/wp-content\/uploads\/Influencer-Marketing-1-1024x585.jpeg",1024,585,true],"1536x1536":["https:\/\/dlx-media.com\/wp-content\/uploads\/Influencer-Marketing-1-1536x878.jpeg",1536,878,true],"2048x2048":["https:\/\/dlx-media.com\/wp-content\/uploads\/Influencer-Marketing-1.jpeg",1792,1024,false],"suffice-thumbnail-grid":["https:\/\/dlx-media.com\/wp-content\/uploads\/Influencer-Marketing-1-750x420.jpeg",750,420,true],"suffice-thumbnail-featured-one":["https:\/\/dlx-media.com\/wp-content\/uploads\/Influencer-Marketing-1-295x525.jpeg",295,525,true],"suffice-thumbnail-featured-two":["https:\/\/dlx-media.com\/wp-content\/uploads\/Influencer-Marketing-1-1140x504.jpeg",1140,504,true],"suffice-thumbnail-portfolio":["https:\/\/dlx-media.com\/wp-content\/uploads\/Influencer-Marketing-1-572x552.jpeg",572,552,true],"suffice-thumbnail-portfolio-masonry":["https:\/\/dlx-media.com\/wp-content\/uploads\/Influencer-Marketing-1-572x652.jpeg",572,652,true]},"uagb_author_info":{"display_name":"DLxMedia","author_link":"https:\/\/dlx-media.com\/pl"},"uagb_comment_info":0,"uagb_excerpt":"Influencer marketing: sztuka rozpowszechniania komunikat\u00f3w marki poprzez autentyczno\u015b\u0107 i zaufanie W dzisiejszym cyfrowym \u015bwiecie, w kt\u00f3rym konsumenci s\u0105 coraz bardziej sceptyczni wobec tradycyjnych metod reklamowych, influencer marketing oferuje \u015bwie\u017c\u0105 i pot\u0119\u017cn\u0105 alternatyw\u0119. Nie chodzi tylko o wykorzystanie zasi\u0119gu, ale o","_links":{"self":[{"href":"https:\/\/dlx-media.com\/pl\/wp-json\/wp\/v2\/pages\/5559","targetHints":{"allow":["GET"]}}],"collection":[{"href":"https:\/\/dlx-media.com\/pl\/wp-json\/wp\/v2\/pages"}],"about":[{"href":"https:\/\/dlx-media.com\/pl\/wp-json\/wp\/v2\/types\/page"}],"author":[{"embeddable":true,"href":"https:\/\/dlx-media.com\/pl\/wp-json\/wp\/v2\/users\/2332"}],"replies":[{"embeddable":true,"href":"https:\/\/dlx-media.com\/pl\/wp-json\/wp\/v2\/comments?post=5559"}],"version-history":[{"count":1,"href":"https:\/\/dlx-media.com\/pl\/wp-json\/wp\/v2\/pages\/5559\/revisions"}],"predecessor-version":[{"id":5560,"href":"https:\/\/dlx-media.com\/pl\/wp-json\/wp\/v2\/pages\/5559\/revisions\/5560"}],"up":[{"embeddable":true,"href":"https:\/\/dlx-media.com\/pl\/wp-json\/wp\/v2\/pages\/4979"}],"wp:featuredmedia":[{"embeddable":true,"href":"https:\/\/dlx-media.com\/pl\/wp-json\/wp\/v2\/media\/5554"}],"wp:attachment":[{"href":"https:\/\/dlx-media.com\/pl\/wp-json\/wp\/v2\/media?parent=5559"}],"curies":[{"name":"wp","href":"https:\/\/api.w.org\/{rel}","templated":true}]}}