{"id":5530,"date":"2024-09-17T18:00:35","date_gmt":"2024-09-17T16:00:35","guid":{"rendered":"https:\/\/dlx-media.com\/slowniczek\/naglowek-html\/"},"modified":"2024-09-17T18:25:01","modified_gmt":"2024-09-17T16:25:01","slug":"naglowek-html","status":"publish","type":"page","link":"https:\/\/dlx-media.com\/pl\/slowniczek\/naglowek-html\/","title":{"rendered":"Nag\u0142\u00f3wek HTML"},"content":{"rendered":"<div class=\"wp-block-image\">\n<figure data-spectra-id=\"spectra-98793ec2-1bb2-42d4-b34f-62d76be77da0\" class=\"aligncenter size-full\"><img loading=\"lazy\" decoding=\"async\" width=\"1440\" height=\"823\" src=\"https:\/\/dlx-media.com\/wp-content\/uploads\/HTML-code-head.jpg\" alt=\"Nag&#x142;&#xF3;wek kodu HTML\" class=\"wp-image-5523\" srcset=\"https:\/\/dlx-media.com\/wp-content\/uploads\/HTML-code-head.jpg 1440w, https:\/\/dlx-media.com\/wp-content\/uploads\/HTML-code-head-350x200.jpg 350w, https:\/\/dlx-media.com\/wp-content\/uploads\/HTML-code-head-1024x585.jpg 1024w, https:\/\/dlx-media.com\/wp-content\/uploads\/HTML-code-head-768x439.jpg 768w\" sizes=\"auto, (max-width: 1440px) 100vw, 1440px\" \/><\/figure>\n<\/div>\n<h3 class=\"wp-block-heading\">Nag\u0142\u00f3wek HTML: niewidoczny szkielet ka\u017cdej strony internetowej<\/h3>\n\n<p class=\"wp-block-paragraph\">Sekcja &#8222;HEAD&#8221; dokumentu HTML jest niewidocznym, ale kluczowym fundamentem ka\u017cdej strony internetowej.\nPodczas gdy obszar &#8222;BODY&#8221; zawiera tre\u015b\u0107, kt\u00f3r\u0105 odwiedzaj\u0105cy widz\u0105 i z kt\u00f3r\u0105 bezpo\u015brednio wchodz\u0105 w interakcj\u0119, obszar &#8222;HEAD&#8221; odgrywa istotn\u0105 rol\u0119 za kulisami, dostarczaj\u0105c meta informacje, kt\u00f3re s\u0105 wa\u017cne zar\u00f3wno dla wyszukiwarek, jak i przegl\u0105darki.\nTe niewidoczne informacje zapewniaj\u0105 struktur\u0119, funkcjonalno\u015b\u0107 i optymalizacj\u0119 strony internetowej oraz znacz\u0105co przyczyniaj\u0105 si\u0119 do widoczno\u015bci, szybko\u015bci i \u0142atwo\u015bci obs\u0142ugi.  <\/p>\n\n<p class=\"wp-block-paragraph\"> <\/p>\n\n<h4 class=\"wp-block-heading\">Czym jest nag\u0142\u00f3wek HTML?<\/h4>\n\n<p class=\"wp-block-paragraph\"><code>&lt;html&gt;<\/code> <code>&lt;body&gt;<\/code>Obszar HTML &#8222;HEAD&#8221; znajduje si\u0119 w g\u00f3rnej cz\u0119\u015bci dokumentu HTML, zaraz po otwarciu znacznika i przed znacznikiem.\nWszystko w &#8222;HEAD&#8221; nie jest wy\u015bwietlane bezpo\u015brednio na stronie internetowej.\nZamiast tego obszar ten s\u0142u\u017cy jako miejsce przechowywania instrukcji i meta informacji, kt\u00f3re dostarczaj\u0105 przegl\u0105darce, wyszukiwarkom i innym us\u0142ugom wa\u017cnych informacji na temat prawid\u0142owego wy\u015bwietlania i przetwarzania strony internetowej.  <\/p>\n\n<p class=\"wp-block-paragraph\">Oto typowa struktura obszaru &#8222;HEAD&#8221; w dokumencie HTML:<\/p>\n\n<pre class=\"wp-block-code\"><code>&lt;!DOCTYPE html>\n&lt;html lang=\"de\">\n&lt;head>\n  &lt;meta charset=\"UTF-8\">\n  &lt;meta name=\"viewport\" content=\"width=device-width, initial-scale=1.0\">\n  &lt;title>Beispielseite&lt;\/title>\n  &lt;meta name=\"description\" content=\"Dies ist eine Beispiel-Webseite, die den HTML-HEAD-Bereich beschreibt.\">\n  &lt;link rel=\"stylesheet\" href=\"styles.css\">\n&lt;\/head>\n&lt;body>\n  &lt;!-- Hier beginnt der sichtbare Teil der Webseite -->\n&lt;\/body>\n&lt;\/html><\/code><\/pre>\n\n<p class=\"wp-block-paragraph\"> <\/p>\n\n<p class=\"wp-block-paragraph\">W tym przyk\u0142adzie obszar &#8222;HEAD&#8221; zawiera r\u00f3\u017cne metainformacje, takie jak zestaw znak\u00f3w, tytu\u0142 strony, opis i link do arkusza styl\u00f3w.<\/p>\n\n<h4 class=\"wp-block-heading\">Wa\u017cne elementy w nag\u0142\u00f3wku HTML<\/h4>\n\n<p class=\"wp-block-paragraph\">Obszar &#8222;HEAD&#8221; zawiera du\u017c\u0105 liczb\u0119 wa\u017cnych element\u00f3w, kt\u00f3re s\u0105 niezb\u0119dne do prawid\u0142owego funkcjonowania i optymalizacji strony internetowej.\nElementy te kontroluj\u0105 spos\u00f3b, w jaki witryna jest postrzegana przez wyszukiwarki, renderowana przez przegl\u0105darki i wy\u015bwietlana w sieciach spo\u0142eczno\u015bciowych. <\/p>\n\n<ol class=\"wp-block-list\">\n<li><strong>Der Titel (<code>&lt;title><\/code>)<\/strong>:\n<ul class=\"wp-block-list\">\n<li><code>&lt;title&gt;<\/code>Z<strong>naczenie dla do\u015bwiadczenia u\u017cytkownika<\/strong>: Tytu\u0142, kt\u00f3ry jest zdefiniowany w tagu, jest pierwsz\u0105 rzecz\u0105, kt\u00f3r\u0105 u\u017cytkownik widzi na karcie przegl\u0105darki.\nJasny, zwi\u0119z\u0142y tytu\u0142 pomaga u\u017cytkownikowi szybko zidentyfikowa\u0107 stron\u0119, zw\u0142aszcza je\u015bli otwartych jest kilka kart. <\/li>\n\n\n\n<li><strong>Wp\u0142yw na SEO<\/strong>: Tytu\u0142 ma r\u00f3wnie\u017c du\u017cy wp\u0142yw na optymalizacj\u0119 pod k\u0105tem wyszukiwarek (SEO).\nWyszukiwarki takie jak Google u\u017cywaj\u0105 tytu\u0142u jako g\u0142\u00f3wnego nag\u0142\u00f3wka w wynikach wyszukiwania.\nDobrze dobrany, bogaty w s\u0142owa kluczowe tytu\u0142 mo\u017ce zatem znacznie poprawi\u0107 widoczno\u015b\u0107 i ranking strony.  <\/li>\n<\/ul>\n<\/li>\n\n\n\n<li><strong>Meta tagi<\/strong>:\n<ul class=\"wp-block-list\">\n<li><code>&lt;meta name=\"description\"&gt;<\/code>M<strong>eta description<\/strong>: Znacznik ten zawiera kr\u00f3tki opis zawarto\u015bci strony internetowej.\nOpis ten jest cz\u0119sto wy\u015bwietlany w wynikach wyszukiwania i mo\u017ce decydowa\u0107 o tym, czy u\u017cytkownik kliknie w link, czy nie.\nDobrze sformu\u0142owany meta opis mo\u017ce zatem zwi\u0119kszy\u0107 wsp\u00f3\u0142czynnik klikalno\u015bci (CTR).  <\/li>\n\n\n\n<li><strong>Meta keywords<\/strong>: S\u0142owa kluczowe by\u0142y kiedy\u015b wa\u017cnym czynnikiem wp\u0142ywaj\u0105cym na rankingi wyszukiwarek.\n <code>&lt;meta name=\"keywords\"&gt;<\/code>Obecnie tag ten jest ignorowany przez wi\u0119kszo\u015b\u0107 wyszukiwarek, poniewa\u017c cz\u0119sto jest nadu\u017cywany.\nNiemniej jednak, u\u017cywanie tego tagu w niekt\u00f3rych niszach nadal mo\u017ce mie\u0107 sens.  <\/li>\n\n\n\n<li><code>&lt;meta name=\"viewport\"&gt;<\/code>M<strong>etatag Viewport<\/strong>: Znacznik ten jest szczeg\u00f3lnie wa\u017cny dla wy\u015bwietlania stron internetowych na urz\u0105dzeniach mobilnych.\nZapewnia on prawid\u0142owe skalowanie strony na ekranach o r\u00f3\u017cnych rozmiarach, co ma zasadnicze znaczenie dla responsywnego projektowania. <\/li>\n<\/ul>\n<\/li>\n\n\n\n<li><strong>Deklaracja zestawu znak\u00f3w<\/strong>:\n<ul class=\"wp-block-list\">\n<li><strong>Ustaw zestaw znak\u00f3w<\/strong>: <code>&lt;meta charset=\"UTF-8\"&gt;<\/code> Znacznik definiuje zestaw znak\u00f3w strony internetowej.\nUTF-8 jest najcz\u0119\u015bciej u\u017cywanym zestawem znak\u00f3w, poniewa\u017c obs\u0142uguje r\u00f3\u017cne znaki specjalne, emotikony i znaki z r\u00f3\u017cnych j\u0119zyk\u00f3w.\nOkre\u015blenie zestawu znak\u00f3w zapewnia prawid\u0142owe wy\u015bwietlanie tekstu na stronie, niezale\u017cnie od u\u017cywanego j\u0119zyka lub znak\u00f3w specjalnych.  <\/li>\n<\/ul>\n<\/li>\n\n\n\n<li><strong>Linki do zasob\u00f3w zewn\u0119trznych<\/strong>:\n<ul class=\"wp-block-list\">\n<li><strong><code>&lt;link&gt;<\/code>Arkusze styl\u00f3w ( )<\/strong>: <code>&lt;link&gt;<\/code> Znacznik ten s\u0142u\u017cy do \u0142\u0105czenia zewn\u0119trznych zasob\u00f3w, takich jak pliki CSS (kaskadowe arkusze styl\u00f3w).\nS\u0105 one odpowiedzialne za projekt i uk\u0142ad strony internetowej.\nPrzegl\u0105darka \u0142aduje po\u0142\u0105czony arkusz styl\u00f3w i stosuje zawarte w nim regu\u0142y stylu do kodu HTML.  <\/li>\n\n\n\n<li><strong><code>&lt;link rel=\"icon\"&gt;<\/code>Favicon ( )<\/strong>: Favicon to ma\u0142y symbol wy\u015bwietlany na karcie przegl\u0105darki obok tytu\u0142u.\n <code>&lt;link&gt;<\/code>Mo\u017cna go zdefiniowa\u0107 za pomoc\u0105 znacznika w obszarze &#8222;HEAD&#8221; i przyczynia si\u0119 do to\u017csamo\u015bci i rozpoznawalno\u015bci marki. <\/li>\n<\/ul>\n<\/li>\n\n\n\n<li><strong>Skrypty i interfejsy API<\/strong>:\n<ul class=\"wp-block-list\">\n<li><strong>JavaScript<\/strong>: Chocia\u017c powszechnie umieszcza si\u0119 JavaScript na ko\u0144cu znacznika &#8222;BODY&#8221;, aby zoptymalizowa\u0107 czas \u0142adowania, wa\u017cne skrypty, kt\u00f3re wp\u0142ywaj\u0105 na ca\u0142\u0105 stron\u0119 (takie jak Google Analytics), mo\u017cna r\u00f3wnie\u017c umie\u015bci\u0107 w obszarze &#8222;HEAD&#8221;.<\/li>\n\n\n\n<li><strong>Interfejsy API i us\u0142ugi zewn\u0119trzne<\/strong>: Wiele stron internetowych korzysta z us\u0142ug zewn\u0119trznych, takich jak czcionki Google Fonts lub narz\u0119dzia \u015bledz\u0105ce.\nS\u0105 one cz\u0119sto zintegrowane za pomoc\u0105 skrypt\u00f3w lub znacznik\u00f3w link\u00f3w w obszarze &#8222;HEAD&#8221;. <\/li>\n<\/ul>\n<\/li>\n\n\n\n<li><strong>Tagi medi\u00f3w spo\u0142eczno\u015bciowych<\/strong>:\n<ul class=\"wp-block-list\">\n<li><strong>Tagi Open Graph<\/strong>: S\u0142u\u017c\u0105 do definiowania wygl\u0105du strony, gdy jest ona udost\u0119pniana na platformach takich jak Facebook czy Twitter.\nTagi Open Graph definiuj\u0105 elementy takie jak tytu\u0142, opis i obraz wy\u015bwietlany podczas podgl\u0105du linku. <\/li>\n\n\n\n<li><strong>Twitter Cards<\/strong>: Podobnie jak Open Graph Tags, Twitter Cards umo\u017cliwiaj\u0105 okre\u015blenie konkretnych informacji dla link\u00f3w udost\u0119pnianych na Twitterze.<\/li>\n<\/ul>\n<\/li>\n<\/ol>\n\n<h4 class=\"wp-block-heading\">Znaczenie nag\u0142\u00f3wka HTML dla SEO i wydajno\u015bci strony internetowej<\/h4>\n\n<p class=\"wp-block-paragraph\">Sekcja &#8222;HEAD&#8221; odgrywa kluczow\u0105 rol\u0119 w optymalizacji pod k\u0105tem wyszukiwarek i mo\u017ce mie\u0107 znacz\u0105cy wp\u0142yw na wydajno\u015b\u0107 strony internetowej.\nOptymalizuj\u0105c metainformacje zawarte w sekcji &#8222;HEAD&#8221;, strona mo\u017ce by\u0107 lepiej indeksowana, \u0142atwiej znajdowana przez u\u017cytkownik\u00f3w i szybciej \u0142adowana. <\/p>\n\n<ol class=\"wp-block-list\">\n<li><strong>Optymalizacja SEO<\/strong>:\n<ul class=\"wp-block-list\">\n<li><strong>Tytu\u0142 i metaopis<\/strong>: Tytu\u0142 i metaopis to dwa najwa\u017cniejsze elementy SEO, poniewa\u017c s\u0105 one wy\u015bwietlane bezpo\u015brednio w wynikach wyszukiwania.\nDobrze skonstruowany i zoptymalizowany pod k\u0105tem s\u0142\u00f3w kluczowych tytu\u0142 mo\u017ce znacznie poprawi\u0107 szanse witryny w rankingu, podczas gdy atrakcyjny meta opis mo\u017ce zwi\u0119kszy\u0107 wsp\u00f3\u0142czynnik klikalno\u015bci (CTR). <\/li>\n\n\n\n<li><strong>Instrukcje indeksowania dla wyszukiwarek<\/strong>: <code>&lt;meta name=\"robots\"&gt;<\/code> Znacznik ten mo\u017ce by\u0107 u\u017cywany do przekazywania instrukcji robotom indeksuj\u0105cym wyszukiwarek, czy powinny one indeksowa\u0107 stron\u0119 i pod\u0105\u017ca\u0107 za linkami na stronie.\n <code>&lt;meta name=\"robots\" content=\"noindex, nofollow\"&gt;<\/code>Na przyk\u0142ad, oznacza to, \u017ce strona nie powinna by\u0107 indeksowana i \u017cadne linki z tej strony nie powinny by\u0107 \u015bledzone. <\/li>\n<\/ul>\n<\/li>\n\n\n\n<li><strong>Optymalizacja czasu \u0142adowania<\/strong>:\n<ul class=\"wp-block-list\">\n<li><code>async<\/code> <code>defer<\/code> A<strong>synchroniczne \u0142adowanie skrypt\u00f3w<\/strong>: U\u017cywaj\u0105c atrybut\u00f3w takich jak lub podczas integracji JavaScript w obszarze &#8222;HEAD&#8221;, mo\u017cna zapewni\u0107, \u017ce skrypty s\u0105 wykonywane asynchronicznie lub dopiero po za\u0142adowaniu dokumentu HTML.\nPoprawia to czas \u0142adowania i przyjazno\u015b\u0107 dla u\u017cytkownika. <\/li>\n\n\n\n<li><code>&lt;link rel=\"preload\"&gt;<\/code> <code>&lt;link rel=\"prefetch\"&gt;<\/code>P<strong>reload i prefetch<\/strong>: Zasoby takie jak czcionki lub obrazy mog\u0105 by\u0107 wst\u0119pnie za\u0142adowane przy u\u017cyciu lub tag\u00f3w.\nPozwala to przegl\u0105darce na za\u0142adowanie pewnych zasob\u00f3w z wyprzedzeniem, zanim b\u0119d\u0105 one faktycznie potrzebne, co dodatkowo optymalizuje wydajno\u015b\u0107 strony. <\/li>\n<\/ul>\n<\/li>\n<\/ol>\n\n<h4 class=\"wp-block-heading\">Niewidzialna moc nag\u0142\u00f3wka HTML<\/h4>\n\n<p class=\"wp-block-paragraph\">Chocia\u017c obszar &#8222;HEAD&#8221; mo\u017ce wydawa\u0107 si\u0119 niepozorny na pierwszy rzut oka, kryje w sobie ogromn\u0105 moc i znaczenie dla funkcjonowania i sukcesu strony internetowej.\nNie tylko dostarcza wa\u017cnych instrukcji przegl\u0105darkom i wyszukiwarkom, ale tak\u017ce odgrywa istotn\u0105 rol\u0119 w strategii SEO, szybko\u015bci \u0142adowania i og\u00f3lnym do\u015bwiadczeniu u\u017cytkownika. <\/p>\n\n<ol class=\"wp-block-list\">\n<li><strong>\u0141atwo\u015b\u0107 obs\u0142ugi i widoczno\u015b\u0107<\/strong>:\n<ul class=\"wp-block-list\">\n<li>Elementy w sekcji &#8222;HEAD&#8221;, zw\u0142aszcza tytu\u0142 i meta opis, maj\u0105 bezpo\u015bredni wp\u0142yw na to, co u\u017cytkownicy widz\u0105 w wynikach wyszukiwania.\nDobrze przemy\u015blane i atrakcyjne meta informacje mog\u0105 poprawi\u0107 wsp\u00f3\u0142czynnik klikalno\u015bci i zwi\u0119kszy\u0107 ruch na stronie. <\/li>\n<\/ul>\n<\/li>\n\n\n\n<li><strong>Wydajno\u015b\u0107 techniczna<\/strong>:\n<ul class=\"wp-block-list\">\n<li>Obszar &#8222;HEAD&#8221; jest r\u00f3wnie\u017c miejscem, w kt\u00f3rym definiowana jest struktura techniczna strony internetowej.\nDzi\u0119ki zastosowaniu wydajnych technik, takich jak \u0142adowanie asynchroniczne, wst\u0119pne \u0142adowanie zasob\u00f3w i zoptymalizowane metatagi, strony internetowe mog\u0105 by\u0107 \u0142adowane szybciej i lepiej indeksowane. <\/li>\n<\/ul>\n<\/li>\n<\/ol>\n\n<h4 class=\"wp-block-heading\">Wnioski<\/h4>\n\n<p class=\"wp-block-paragraph\">Obszar &#8222;HEAD&#8221; dokumentu HTML jest centralnym elementem ka\u017cdej strony internetowej, cho\u0107 dzia\u0142a w tle.\nZapewnia, \u017ce strona jest zoptymalizowana pod k\u0105tem wyszukiwarek, wy\u015bwietlana atrakcyjnie dla u\u017cytkownik\u00f3w i renderowana poprawnie dla przegl\u0105darki.\nW \u015bwiecie nowoczesnego projektowania i tworzenia stron internetowych &#8222;HEAD&#8221; jest nie tylko pomoc\u0105 techniczn\u0105, ale tak\u017ce pot\u0119\u017cnym narz\u0119dziem do optymalizacji widoczno\u015bci, przyjazno\u015bci dla u\u017cytkownika i wydajno\u015bci stron internetowych.  <\/p>\n\n<p class=\"wp-block-paragraph\"> <\/p>\n","protected":false},"excerpt":{"rendered":"<p>Nag\u0142\u00f3wek HTML: niewidoczny szkielet ka\u017cdej strony internetowej Sekcja &#8222;HEAD&#8221; dokumentu HTML jest niewidocznym, ale kluczowym fundamentem ka\u017cdej strony internetowej. Podczas gdy obszar &#8222;BODY&#8221; zawiera tre\u015b\u0107, kt\u00f3r\u0105 odwiedzaj\u0105cy widz\u0105 i z kt\u00f3r\u0105 bezpo\u015brednio wchodz\u0105 w interakcj\u0119, obszar &#8222;HEAD&#8221; odgrywa istotn\u0105 rol\u0119<\/p>\n","protected":false},"author":2332,"featured_media":5525,"parent":4979,"menu_order":0,"comment_status":"closed","ping_status":"closed","template":"","meta":{"_seopress_robots_primary_cat":"","_seopress_titles_title":"HTML-Head: Unverzichtbar f\u00fcr jede Webseite %%sep%% %%sitetitle%%","_seopress_titles_desc":"Erfahren Sie, wie der HTML-Head als unsichtbares R\u00fcckgrat zur Optimierung und Funktion Ihrer Webseite beitr\u00e4gt.","_seopress_robots_index":"","_crdt_document":"","_uag_custom_page_level_css":"","spectra_gs_classes":"","footnotes":""},"class_list":["post-5530","page","type-page","status-publish","has-post-thumbnail","hentry"],"spectra_custom_meta":{"_top_nav_excluded":[""],"_cms_nav_minihome":[""],"_seopress_titles_title":["HTML-Head: Unverzichtbar f\u00fcr jede Webseite %%sep%% %%sitetitle%%"],"_seopress_titles_desc":["Erfahren Sie, wie der HTML-Head als unsichtbares R\u00fcckgrat zur Optimierung und Funktion Ihrer Webseite beitr\u00e4gt."],"_seopress_redirections_logged_status":["both"],"_seopress_redirections_type":["301"],"_thumbnail_id":["5525"],"_last_translation_edit_mode":["translation-editor"],"_wp_page_template":[""],"_seopress_analysis_target_kw":[""],"_uagb_previous_block_counts":["a:90:{s:21:\"uagb\/advanced-heading\";i:0;s:15:\"uagb\/blockquote\";i:0;s:12:\"uagb\/buttons\";i:0;s:18:\"uagb\/buttons-child\";i:0;s:19:\"uagb\/call-to-action\";i:0;s:15:\"uagb\/cf7-styler\";i:0;s:11:\"uagb\/column\";i:0;s:12:\"uagb\/columns\";i:0;s:14:\"uagb\/container\";i:0;s:21:\"uagb\/content-timeline\";i:0;s:27:\"uagb\/content-timeline-child\";i:0;s:14:\"uagb\/countdown\";i:0;s:12:\"uagb\/counter\";i:0;s:8:\"uagb\/faq\";i:0;s:14:\"uagb\/faq-child\";i:0;s:10:\"uagb\/forms\";i:0;s:17:\"uagb\/forms-accept\";i:0;s:19:\"uagb\/forms-checkbox\";i:0;s:15:\"uagb\/forms-date\";i:0;s:16:\"uagb\/forms-email\";i:0;s:17:\"uagb\/forms-hidden\";i:0;s:15:\"uagb\/forms-name\";i:0;s:16:\"uagb\/forms-phone\";i:0;s:16:\"uagb\/forms-radio\";i:0;s:17:\"uagb\/forms-select\";i:0;s:19:\"uagb\/forms-textarea\";i:0;s:17:\"uagb\/forms-toggle\";i:0;s:14:\"uagb\/forms-url\";i:0;s:14:\"uagb\/gf-styler\";i:0;s:15:\"uagb\/google-map\";i:0;s:11:\"uagb\/how-to\";i:0;s:16:\"uagb\/how-to-step\";i:0;s:9:\"uagb\/icon\";i:0;s:14:\"uagb\/icon-list\";i:0;s:20:\"uagb\/icon-list-child\";i:0;s:10:\"uagb\/image\";i:0;s:18:\"uagb\/image-gallery\";i:0;s:13:\"uagb\/info-box\";i:0;s:18:\"uagb\/inline-notice\";i:0;s:11:\"uagb\/lottie\";i:0;s:21:\"uagb\/marketing-button\";i:0;s:10:\"uagb\/modal\";i:0;s:18:\"uagb\/popup-builder\";i:0;s:16:\"uagb\/post-button\";i:0;s:18:\"uagb\/post-carousel\";i:0;s:17:\"uagb\/post-excerpt\";i:0;s:14:\"uagb\/post-grid\";i:0;s:15:\"uagb\/post-image\";i:0;s:17:\"uagb\/post-masonry\";i:0;s:14:\"uagb\/post-meta\";i:0;s:18:\"uagb\/post-taxonomy\";i:0;s:18:\"uagb\/post-timeline\";i:0;s:15:\"uagb\/post-title\";i:0;s:20:\"uagb\/restaurant-menu\";i:0;s:26:\"uagb\/restaurant-menu-child\";i:0;s:11:\"uagb\/review\";i:0;s:12:\"uagb\/section\";i:0;s:14:\"uagb\/separator\";i:0;s:11:\"uagb\/slider\";i:0;s:17:\"uagb\/slider-child\";i:0;s:17:\"uagb\/social-share\";i:0;s:23:\"uagb\/social-share-child\";i:0;s:16:\"uagb\/star-rating\";i:0;s:23:\"uagb\/sure-cart-checkout\";i:0;s:22:\"uagb\/sure-cart-product\";i:0;s:15:\"uagb\/sure-forms\";i:0;s:22:\"uagb\/table-of-contents\";i:0;s:9:\"uagb\/tabs\";i:0;s:15:\"uagb\/tabs-child\";i:0;s:18:\"uagb\/taxonomy-list\";i:0;s:9:\"uagb\/team\";i:0;s:16:\"uagb\/testimonial\";i:0;s:14:\"uagb\/wp-search\";i:0;s:19:\"uagb\/instagram-feed\";i:0;s:10:\"uagb\/login\";i:0;s:17:\"uagb\/loop-builder\";i:0;s:18:\"uagb\/loop-category\";i:0;s:20:\"uagb\/loop-pagination\";i:0;s:15:\"uagb\/loop-reset\";i:0;s:16:\"uagb\/loop-search\";i:0;s:14:\"uagb\/loop-sort\";i:0;s:17:\"uagb\/loop-wrapper\";i:0;s:13:\"uagb\/register\";i:0;s:19:\"uagb\/register-email\";i:0;s:24:\"uagb\/register-first-name\";i:0;s:23:\"uagb\/register-last-name\";i:0;s:22:\"uagb\/register-password\";i:0;s:30:\"uagb\/register-reenter-password\";i:0;s:19:\"uagb\/register-terms\";i:0;s:22:\"uagb\/register-username\";i:0;}"],"_uag_page_assets":["a:9:{s:3:\"css\";s:263:\".uag-blocks-common-selector{z-index:var(--z-index-desktop) !important}@media (max-width: 976px){.uag-blocks-common-selector{z-index:var(--z-index-tablet) !important}}@media (max-width: 767px){.uag-blocks-common-selector{z-index:var(--z-index-mobile) !important}}\n\";s:2:\"js\";s:0:\"\";s:18:\"current_block_list\";a:6:{i:0;s:10:\"core\/image\";i:1;s:12:\"core\/heading\";i:2;s:14:\"core\/paragraph\";i:3;s:9:\"core\/code\";i:4;s:9:\"core\/list\";i:5;s:14:\"core\/list-item\";}s:8:\"uag_flag\";b:0;s:11:\"uag_version\";s:10:\"1775815218\";s:6:\"gfonts\";a:0:{}s:10:\"gfonts_url\";s:0:\"\";s:12:\"gfonts_files\";a:0:{}s:14:\"uag_faq_layout\";b:0;}"],"_uag_css_file_name":["uag-css-5530.css"]},"uagb_featured_image_src":{"full":["https:\/\/dlx-media.com\/wp-content\/uploads\/HTML-code-head.jpg",1440,823,false],"thumbnail":["https:\/\/dlx-media.com\/wp-content\/uploads\/HTML-code-head-250x250.jpg",250,250,true],"medium":["https:\/\/dlx-media.com\/wp-content\/uploads\/HTML-code-head-350x200.jpg",350,200,true],"medium_large":["https:\/\/dlx-media.com\/wp-content\/uploads\/HTML-code-head-768x439.jpg",768,439,true],"large":["https:\/\/dlx-media.com\/wp-content\/uploads\/HTML-code-head-1024x585.jpg",1024,585,true],"1536x1536":["https:\/\/dlx-media.com\/wp-content\/uploads\/HTML-code-head.jpg",1440,823,false],"2048x2048":["https:\/\/dlx-media.com\/wp-content\/uploads\/HTML-code-head.jpg",1440,823,false],"suffice-thumbnail-grid":["https:\/\/dlx-media.com\/wp-content\/uploads\/HTML-code-head-750x420.jpg",750,420,true],"suffice-thumbnail-featured-one":["https:\/\/dlx-media.com\/wp-content\/uploads\/HTML-code-head-295x525.jpg",295,525,true],"suffice-thumbnail-featured-two":["https:\/\/dlx-media.com\/wp-content\/uploads\/HTML-code-head-1140x504.jpg",1140,504,true],"suffice-thumbnail-portfolio":["https:\/\/dlx-media.com\/wp-content\/uploads\/HTML-code-head-572x552.jpg",572,552,true],"suffice-thumbnail-portfolio-masonry":["https:\/\/dlx-media.com\/wp-content\/uploads\/HTML-code-head-572x652.jpg",572,652,true]},"uagb_author_info":{"display_name":"DLxMedia","author_link":"https:\/\/dlx-media.com\/pl"},"uagb_comment_info":0,"uagb_excerpt":"Nag\u0142\u00f3wek HTML: niewidoczny szkielet ka\u017cdej strony internetowej Sekcja &#8222;HEAD&#8221; dokumentu HTML jest niewidocznym, ale kluczowym fundamentem ka\u017cdej strony internetowej. Podczas gdy obszar &#8222;BODY&#8221; zawiera tre\u015b\u0107, kt\u00f3r\u0105 odwiedzaj\u0105cy widz\u0105 i z kt\u00f3r\u0105 bezpo\u015brednio wchodz\u0105 w interakcj\u0119, obszar &#8222;HEAD&#8221; odgrywa istotn\u0105 rol\u0119","_links":{"self":[{"href":"https:\/\/dlx-media.com\/pl\/wp-json\/wp\/v2\/pages\/5530","targetHints":{"allow":["GET"]}}],"collection":[{"href":"https:\/\/dlx-media.com\/pl\/wp-json\/wp\/v2\/pages"}],"about":[{"href":"https:\/\/dlx-media.com\/pl\/wp-json\/wp\/v2\/types\/page"}],"author":[{"embeddable":true,"href":"https:\/\/dlx-media.com\/pl\/wp-json\/wp\/v2\/users\/2332"}],"replies":[{"embeddable":true,"href":"https:\/\/dlx-media.com\/pl\/wp-json\/wp\/v2\/comments?post=5530"}],"version-history":[{"count":1,"href":"https:\/\/dlx-media.com\/pl\/wp-json\/wp\/v2\/pages\/5530\/revisions"}],"predecessor-version":[{"id":5531,"href":"https:\/\/dlx-media.com\/pl\/wp-json\/wp\/v2\/pages\/5530\/revisions\/5531"}],"up":[{"embeddable":true,"href":"https:\/\/dlx-media.com\/pl\/wp-json\/wp\/v2\/pages\/4979"}],"wp:featuredmedia":[{"embeddable":true,"href":"https:\/\/dlx-media.com\/pl\/wp-json\/wp\/v2\/media\/5525"}],"wp:attachment":[{"href":"https:\/\/dlx-media.com\/pl\/wp-json\/wp\/v2\/media?parent=5530"}],"curies":[{"name":"wp","href":"https:\/\/api.w.org\/{rel}","templated":true}]}}