{"id":5509,"date":"2024-09-10T21:02:32","date_gmt":"2024-09-10T19:02:32","guid":{"rendered":"https:\/\/dlx-media.com\/slowniczek\/tresc-html\/"},"modified":"2024-09-10T21:04:43","modified_gmt":"2024-09-10T19:04:43","slug":"tresc-html","status":"publish","type":"page","link":"https:\/\/dlx-media.com\/pl\/slowniczek\/tresc-html\/","title":{"rendered":"Tre\u015b\u0107 HTML"},"content":{"rendered":"<div class=\"wp-block-image\">\n<figure data-spectra-id=\"spectra-03f98a5b-d423-4d0f-9928-c0b6a469702b\" class=\"aligncenter size-full\"><img loading=\"lazy\" decoding=\"async\" width=\"1792\" height=\"1024\" src=\"https:\/\/dlx-media.com\/wp-content\/uploads\/HTML-Body.jpeg\" alt=\"Tre&#x15B;&#x107; HTML\" class=\"wp-image-5501\" srcset=\"https:\/\/dlx-media.com\/wp-content\/uploads\/HTML-Body.jpeg 1792w, https:\/\/dlx-media.com\/wp-content\/uploads\/HTML-Body-350x200.jpeg 350w, https:\/\/dlx-media.com\/wp-content\/uploads\/HTML-Body-1024x585.jpeg 1024w, https:\/\/dlx-media.com\/wp-content\/uploads\/HTML-Body-768x439.jpeg 768w, https:\/\/dlx-media.com\/wp-content\/uploads\/HTML-Body-1536x878.jpeg 1536w\" sizes=\"auto, (max-width: 1792px) 100vw, 1792px\" \/><\/figure>\n<\/div>\n<h3 class=\"wp-block-heading\">Tre\u015b\u0107 HTML: centralny element strony internetowej<\/h3>\n\n<p class=\"wp-block-paragraph\"><code>BODY<\/code>Obszar dokumentu HTML jest centralnym elementem ka\u017cdej strony internetowej, poniewa\u017c zawiera g\u0142\u00f3wn\u0105 tre\u015b\u0107 prezentowan\u0105 u\u017cytkownikom.\n <code>BODY<\/code>Kiedy u\u017cytkownik odwiedza stron\u0119 internetow\u0105, wszystko, co widzi, czyta i z czym wchodzi w interakcj\u0119, jest zakotwiczone w tym znaczniku.\nTo w\u0142a\u015bnie ten obszar ostatecznie kszta\u0142tuje ca\u0142e wizualne i funkcjonalne do\u015bwiadczenie strony, a zatem jego znaczenie w tworzeniu stron internetowych jest trudne do przecenienia.  <\/p>\n\n<p class=\"wp-block-paragraph\"> <\/p>\n\n<h4 class=\"wp-block-heading\">Czym jest tre\u015b\u0107 HTML?<\/h4>\n\n<p class=\"wp-block-paragraph\"><code>BODY<\/code>Znacznik HTML jest kontenerem, kt\u00f3ry zawiera ca\u0142\u0105 widoczn\u0105 zawarto\u015b\u0107 strony internetowej. Obejmuj\u0105 one:<\/p>\n\n<ul class=\"wp-block-list\">\n<li><strong>Tekst<\/strong> (nag\u0142\u00f3wki, akapity, listy, cytaty itp.)<\/li>\n\n\n\n<li><strong>Zdj\u0119cia i filmy<\/strong><\/li>\n\n\n\n<li><strong>Elementy interaktywne<\/strong> (formularze, przyciski, linki)<\/li>\n\n\n\n<li><strong>Zawarto\u015b\u0107 multimedialna<\/strong> (d\u017awi\u0119k, animacje)<\/li>\n\n\n\n<li><strong>Skrypty i dynamiczna zawarto\u015b\u0107<\/strong> (za po\u015brednictwem JavaScript lub wbudowanych aplikacji)<\/li>\n<\/ul>\n\n<p class=\"wp-block-paragraph\"> <\/p>\n\n<p class=\"wp-block-paragraph\"><code>BODY<\/code>Tre\u015b\u0107 zawarta w znaczniku jest renderowana przez przegl\u0105darki internetowe &#8211; oznacza to, \u017ce jest ona t\u0142umaczona na rzeczywisty wy\u015bwietlacz, kt\u00f3ry u\u017cytkownik widzi na ekranie.\nPrzegl\u0105darka interpretuje znaczniki HTML i przekszta\u0142ca je w atrakcyjny wizualnie i interaktywny interfejs, z kt\u00f3rym u\u017cytkownicy mog\u0105 pracowa\u0107. <\/p>\n\n<p class=\"wp-block-paragraph\"> <\/p>\n\n<h4 class=\"wp-block-heading\"><code>BODY<\/code>Organizacja i struktura tagu<\/h4>\n\n<p class=\"wp-block-paragraph\"><code>BODY<\/code> <code>HEAD<\/code>Znacznik jest umieszczany w dokumencie HTML bezpo\u015brednio po tagu.\n <code>HEAD<\/code> <code>BODY<\/code>Podczas gdy obszar zawiera informacje takie jak metadane, tytu\u0142y i linki do zewn\u0119trznych zasob\u00f3w, takich jak arkusze styl\u00f3w lub skrypty, obszar jest wizualnym kr\u0119gos\u0142upem strony internetowej.\nOto typowa struktura dokumentu HTML:  <\/p>\n\n<pre class=\"wp-block-code\"><code>&lt;!DOCTYPE html>\n&lt;html lang=\"de\">\n&lt;head>\n  &lt;meta charset=\"UTF-8\">\n  &lt;meta name=\"viewport\" content=\"width=device-width, initial-scale=1.0\">\n  &lt;title>Beispielseite&lt;\/title>\n  &lt;link rel=\"stylesheet\" href=\"styles.css\">\n&lt;\/head>\n&lt;body>\n  &lt;header>\n    &lt;h1>Willkommen auf unserer Webseite!&lt;\/h1>\n  &lt;\/header>\n  \n  &lt;section>\n    &lt;p>Hier finden Sie alle wichtigen Informationen \u00fcber unser Unternehmen.&lt;\/p>\n    &lt;img src=\"bild.jpg\" alt=\"Beispielbild\">\n  &lt;\/section>\n\n  &lt;footer>\n    &lt;p>Kontaktieren Sie uns: info@beispielseite.de&lt;\/p>\n  &lt;\/footer>\n&lt;\/body>\n&lt;\/html><\/code><\/pre>\n\n<p class=\"wp-block-paragraph\"> <\/p>\n\n<p class=\"wp-block-paragraph\"><code>BODY<\/code>W tym przyk\u0142adzie znacznik reprezentuje ramk\u0119, w kt\u00f3rej znajduje si\u0119 g\u0142\u00f3wna zawarto\u015b\u0107 strony: Tekst powitalny, obraz i sekcja kontaktowa w stopce.<\/p>\n\n<p class=\"wp-block-paragraph\"> <\/p>\n\n<h4 class=\"wp-block-heading\"><code>BODY<\/code>Rola tagu w do\u015bwiadczeniu u\u017cytkownika (UX)<\/h4>\n\n<p class=\"wp-block-paragraph\"><code>BODY<\/code>Projekt i struktura tre\u015bci w tagu ma kluczowe znaczenie dla do\u015bwiadczenia u\u017cytkownika (UX).\nU\u017cytkownicy oczekuj\u0105, \u017ce strony internetowe b\u0119d\u0105 przejrzyste, dobrze zorganizowane i przyjazne dla u\u017cytkownika.\n <code>BODY<\/code>Zaczyna si\u0119 to od logicznej i dobrze zorganizowanej prezentacji tre\u015bci w danym obszarze.\nNajwa\u017cniejsze punkty do rozwa\u017cenia obejmuj\u0105   <\/p>\n\n<p class=\"wp-block-paragraph\"> <\/p>\n\n<ol class=\"wp-block-list\">\n<li><strong>Jasno\u015b\u0107 i klarowno\u015b\u0107<\/strong>:\n<ul class=\"wp-block-list\">\n<li><code>BODY<\/code> Tre\u015b\u0107 powinna by\u0107 \u0142atwo dost\u0119pna i zrozumia\u0142a.\nAkapity, obrazy i elementy interaktywne powinny by\u0107 logicznie uporz\u0105dkowane i przemy\u015blane, aby umo\u017cliwi\u0107 u\u017cytkownikom intuicyjn\u0105 nawigacj\u0119. <\/li>\n<\/ul>\n<\/li>\n\n\n\n<li><strong>Hierarchia wizualna<\/strong>:\n<ul class=\"wp-block-list\">\n<li>U\u017cycie nag\u0142\u00f3wk\u00f3w (<code>H1<\/code>,  <code>H2<\/code>,  <code>H3<\/code>  ), kolory i elementy wizualne tworz\u0105 wyra\u017an\u0105 hierarchi\u0119 w projekcie, kt\u00f3ra pomaga u\u017cytkownikom szybciej uchwyci\u0107 wa\u017cne informacje. Na przyk\u0142ad du\u017ce, pogrubione nag\u0142\u00f3wki (<code>H1<\/code>) s\u0105 u\u017cywane do wskazania g\u0142\u00f3wnych temat\u00f3w strony, podczas gdy mniejsze nag\u0142\u00f3wki (<code>H2<\/code>,  <code>H3<\/code>) dziel\u0105 zawarto\u015b\u0107 na kolejne sekcje.<\/li>\n<\/ul>\n<\/li>\n\n\n\n<li><strong>Elementy interaktywne<\/strong>:\n<ul class=\"wp-block-list\">\n<li>Formularze, przyciski i linki odgrywaj\u0105 kluczow\u0105 rol\u0119 w interakcji u\u017cytkownika z witryn\u0105.\nElementy te powinny by\u0107 jasno zaprojektowane i dobrze rozmieszczone, aby zapewni\u0107 \u0142atw\u0105 nawigacj\u0119 i interakcj\u0119 z u\u017cytkownikiem. <\/li>\n<\/ul>\n<\/li>\n<\/ol>\n\n<h4 class=\"wp-block-heading\"><code>BODY<\/code>Funkcja tagu w tworzeniu stron internetowych<\/h4>\n\n<p class=\"wp-block-paragraph\"><code>BODY<\/code>Opr\u00f3cz strukturyzowania widocznej tre\u015bci, znacznik odgrywa r\u00f3wnie\u017c kluczow\u0105 rol\u0119 w technicznej funkcjonalno\u015bci strony internetowej.\nNowoczesne strony internetowe sk\u0142adaj\u0105 si\u0119 z kombinacji HTML, CSS i JavaScript, kt\u00f3re razem tworz\u0105 wizualne i interaktywne wra\u017cenia.\n <code>BODY<\/code>Tag s\u0142u\u017cy jako rama dla tre\u015bci, kt\u00f3ra jest dostosowywana i o\u017cywiana przez arkusze styl\u00f3w i skrypty.  <\/p>\n\n<ol class=\"wp-block-list\">\n<li><strong>CSS i stylizacja<\/strong>:\n<ul class=\"wp-block-list\">\n<li><code>BODY<\/code>Podczas gdy znacznik zapewnia tre\u015b\u0107, uk\u0142ad i wygl\u0105d s\u0105 kontrolowane przez CSS (kaskadowe arkusze styl\u00f3w).\n <code>BODY<\/code>Tre\u015b\u0107 umieszczona w obszarze mo\u017ce by\u0107 specjalnie stylizowana przy u\u017cyciu klas i identyfikator\u00f3w w celu zdefiniowania wizualnego wygl\u0105du strony.\nNa przyk\u0142ad schematy kolor\u00f3w, czcionki, odst\u0119py i uk\u0142ady mo\u017cna zmienia\u0107 za pomoc\u0105 zewn\u0119trznych lub wbudowanych regu\u0142 CSS, aby stworzy\u0107 atrakcyjny projekt.  <\/li>\n<\/ul>\n<\/li>\n\n\n\n<li><strong>JavaScript i dynamika<\/strong>:\n<ul class=\"wp-block-list\">\n<li><code>BODY<\/code>Obszar ten mo\u017ce r\u00f3wnie\u017c integrowa\u0107 dynamiczn\u0105 i interaktywn\u0105 zawarto\u015b\u0107 za pomoc\u0105 JavaScript.\nJavaScript s\u0142u\u017cy do kontrolowania zachowania strony &#8211; czy to \u0142adowania dodatkowej zawarto\u015bci, animacji, czy reakcji na dzia\u0142ania u\u017cytkownika, takie jak klikni\u0119cia lub naci\u015bni\u0119cia klawiszy.\nTa dynamiczna zawarto\u015b\u0107 znacz\u0105co przyczynia si\u0119 do poprawy wra\u017ce\u0144 u\u017cytkownika i sprawia, \u017ce strona jest interaktywna i \u017cywa.  <\/li>\n<\/ul>\n<\/li>\n<\/ol>\n\n<h4 class=\"wp-block-heading\"><code>BODY<\/code> Zwi\u0105zek mi\u0119dzy i <code>HEAD<\/code><\/h4>\n\n<p class=\"wp-block-paragraph\"><code>BODY<\/code> <code>HEAD<\/code>Chocia\u017c znacznik zawiera widoczn\u0105 tre\u015b\u0107, jego funkcja jest \u015bci\u015ble powi\u0105zana ze znacznikiem, kt\u00f3ry dostarcza wa\u017cnych meta informacji i zewn\u0119trznych zasob\u00f3w dla dokumentu HTML.\n <code>HEAD<\/code> <code>BODY<\/code>Bez zasob\u00f3w zdefiniowanych w tym obszarze, takich jak arkusze styl\u00f3w, pliki JavaScript i metaznaczniki, tre\u015b\u0107 nie mog\u0142aby by\u0107 odpowiednio sformatowana ani interaktywna. <\/p>\n\n<ol class=\"wp-block-list\">\n<li><strong>Meta tagi i SEO<\/strong>:\n<ul class=\"wp-block-list\">\n<li><code>HEAD<\/code>Metatagi zawarte w tym obszarze (np. meta opisy i s\u0142owa kluczowe) maj\u0105 bezpo\u015bredni wp\u0142yw na optymalizacj\u0119 pod k\u0105tem wyszukiwarek (SEO).\n <code>BODY<\/code> <code>HEAD<\/code>Podczas gdy meta opisy dostarczaj\u0105 odpowiednich tre\u015bci, informacje z meta opis\u00f3w pomagaj\u0105 prawid\u0142owo zidentyfikowa\u0107 i uszeregowa\u0107 te tre\u015bci dla wyszukiwarek. <\/li>\n<\/ul>\n<\/li>\n\n\n\n<li><strong>Linki do zasob\u00f3w zewn\u0119trznych<\/strong>:\n<ul class=\"wp-block-list\">\n<li><code>HEAD<\/code> <code>BODY<\/code>Pliki CSS i JavaScript, kt\u00f3re s\u0105 po\u0142\u0105czone, wp\u0142ywaj\u0105 na wygl\u0105d i dzia\u0142anie tre\u015bci w .\n <code>HEAD<\/code> <code>BODY<\/code> Oznacza to, \u017ce harmonijna interakcja mi\u0119dzy plikami CSS i JavaScript jest niezb\u0119dna do stworzenia najlepszego mo\u017cliwego do\u015bwiadczenia u\u017cytkownika. <\/li>\n<\/ul>\n<\/li>\n<\/ol>\n\n<h4 class=\"wp-block-heading\"><code>BODY<\/code>Tag i nowoczesne tworzenie stron internetowych<\/h4>\n\n<p class=\"wp-block-paragraph\"><code>BODY<\/code>Wraz z rozwojem sieci zmieni\u0142y si\u0119 r\u00f3wnie\u017c wymagania dotycz\u0105ce tag\u00f3w.\n <code>BODY<\/code>Dzisiejsze strony internetowe s\u0105 znacznie bardziej dynamiczne i interaktywne ni\u017c kilka lat temu, a tag musi spe\u0142nia\u0107 te wymagania.\n <code>BODY<\/code>Techniki takie jak responsywne projektowanie i integracja z\u0142o\u017conych aplikacji internetowych sprawi\u0142y, \u017ce tag sta\u0142 si\u0119 centralnym elementem nowoczesnych projekt\u00f3w internetowych.  <\/p>\n\n<ol class=\"wp-block-list\">\n<li><strong>Projekt responsywny<\/strong>:\n<ul class=\"wp-block-list\">\n<li>W dzisiejszym \u015bwiecie wa\u017cne jest, aby strony internetowe dzia\u0142a\u0142y r\u00f3wnie dobrze na wszystkich urz\u0105dzeniach &#8211; od komputer\u00f3w stacjonarnych po tablety i smartfony.\n <code>BODY<\/code>Znacznik ten ma kluczowe znaczenie, poniewa\u017c jest to obszar, w kt\u00f3rym tre\u015b\u0107 jest dostosowywana do r\u00f3\u017cnych rozmiar\u00f3w ekranu i rozdzielczo\u015bci.\nDzi\u0119ki zastosowaniu zapyta\u0144 o media CSS i elastycznych uk\u0142ad\u00f3w, strony internetowe mog\u0105 dynamicznie reagowa\u0107 na potrzeby u\u017cytkownik\u00f3w.  <\/li>\n<\/ul>\n<\/li>\n\n\n\n<li><strong>Aplikacje jednostronicowe (SPA)<\/strong>:\n<ul class=\"wp-block-list\">\n<li><code>BODY<\/code>W nowoczesnych aplikacjach internetowych, zw\u0142aszcza aplikacjach jednostronicowych (SPA), znacznik ten jest u\u017cywany do dynamicznego \u0142adowania tre\u015bci bez prze\u0142adowywania ca\u0142ej strony.\n <code>BODY<\/code> Struktury JavaScript, takie jak React lub Angular, umo\u017cliwiaj\u0105 dynamiczn\u0105 aktualizacj\u0119 tre\u015bci, zapewniaj\u0105c p\u0142ynne i szybkie wra\u017cenia u\u017cytkownika. <\/li>\n<\/ul>\n<\/li>\n<\/ol>\n\n<p class=\"wp-block-paragraph\"> <\/p>\n\n<p class=\"wp-block-paragraph\"> <\/p>\n\n<h4 class=\"wp-block-heading\">Wnioski<\/h4>\n\n<p class=\"wp-block-paragraph\"><code>BODY<\/code>Znacznik HTML jest centralnym elementem ka\u017cdej strony internetowej.\nZawiera tre\u015b\u0107, kt\u00f3r\u0105 widz\u0105 u\u017cytkownicy i zapewnia interakcj\u0119 z t\u0105 tre\u015bci\u0105.\n <code>BODY<\/code>Chocia\u017c cz\u0119sto jest postrzegany jako &#8222;zwyk\u0142y kontener&#8221;, znacznik odgrywa kluczow\u0105 rol\u0119 w kszta\u0142towaniu do\u015bwiadczenia u\u017cytkownika i funkcjonalno\u015bci strony internetowej.\n <code>HEAD<\/code>Jego \u015bcis\u0142e powi\u0105zanie z innymi cz\u0119\u015bciami dokumentu HTML, zw\u0142aszcza z tagiem, zapewnia, \u017ce strona nie tylko dobrze wygl\u0105da, ale tak\u017ce dzia\u0142a p\u0142ynnie i jest zoptymalizowana pod k\u0105tem u\u017cytkownik\u00f3w i wyszukiwarek.   <\/p>\n","protected":false},"excerpt":{"rendered":"<p>Tre\u015b\u0107 HTML: centralny element strony internetowej BODYObszar dokumentu HTML jest centralnym elementem ka\u017cdej strony internetowej, poniewa\u017c zawiera g\u0142\u00f3wn\u0105 tre\u015b\u0107 prezentowan\u0105 u\u017cytkownikom. BODYKiedy u\u017cytkownik odwiedza stron\u0119 internetow\u0105, wszystko, co widzi, czyta i z czym wchodzi w interakcj\u0119, jest zakotwiczone w tym<\/p>\n","protected":false},"author":2332,"featured_media":5503,"parent":4979,"menu_order":0,"comment_status":"closed","ping_status":"closed","template":"","meta":{"_seopress_robots_primary_cat":"","_seopress_titles_title":"HTML Body: Kernst\u00fcck jeder Webseite verstehen %%sep%% %%sitetitle%%","_seopress_titles_desc":"Entdecken Sie, wie der BODY-Tag einer Webseite alles beeinflusst, von Design bis Interaktion. Erfahren Sie mehr \u00fcber seine entscheidende Rolle in der UX.","_seopress_robots_index":"","_crdt_document":"","_uag_custom_page_level_css":"","spectra_gs_classes":"","footnotes":""},"class_list":["post-5509","page","type-page","status-publish","has-post-thumbnail","hentry"],"spectra_custom_meta":{"_top_nav_excluded":[""],"_cms_nav_minihome":[""],"_seopress_titles_title":["HTML Body: Kernst\u00fcck jeder Webseite verstehen %%sep%% %%sitetitle%%"],"_seopress_titles_desc":["Entdecken Sie, wie der BODY-Tag einer Webseite alles beeinflusst, von Design bis Interaktion. Erfahren Sie mehr \u00fcber seine entscheidende Rolle in der UX."],"_seopress_redirections_logged_status":["both"],"_seopress_redirections_type":["301"],"_thumbnail_id":["5503"],"_last_translation_edit_mode":["translation-editor"],"_wp_page_template":[""],"_seopress_analysis_target_kw":[""],"_uagb_previous_block_counts":["a:90:{s:21:\"uagb\/advanced-heading\";i:0;s:15:\"uagb\/blockquote\";i:0;s:12:\"uagb\/buttons\";i:0;s:18:\"uagb\/buttons-child\";i:0;s:19:\"uagb\/call-to-action\";i:0;s:15:\"uagb\/cf7-styler\";i:0;s:11:\"uagb\/column\";i:0;s:12:\"uagb\/columns\";i:0;s:14:\"uagb\/container\";i:0;s:21:\"uagb\/content-timeline\";i:0;s:27:\"uagb\/content-timeline-child\";i:0;s:14:\"uagb\/countdown\";i:0;s:12:\"uagb\/counter\";i:0;s:8:\"uagb\/faq\";i:0;s:14:\"uagb\/faq-child\";i:0;s:10:\"uagb\/forms\";i:0;s:17:\"uagb\/forms-accept\";i:0;s:19:\"uagb\/forms-checkbox\";i:0;s:15:\"uagb\/forms-date\";i:0;s:16:\"uagb\/forms-email\";i:0;s:17:\"uagb\/forms-hidden\";i:0;s:15:\"uagb\/forms-name\";i:0;s:16:\"uagb\/forms-phone\";i:0;s:16:\"uagb\/forms-radio\";i:0;s:17:\"uagb\/forms-select\";i:0;s:19:\"uagb\/forms-textarea\";i:0;s:17:\"uagb\/forms-toggle\";i:0;s:14:\"uagb\/forms-url\";i:0;s:14:\"uagb\/gf-styler\";i:0;s:15:\"uagb\/google-map\";i:0;s:11:\"uagb\/how-to\";i:0;s:16:\"uagb\/how-to-step\";i:0;s:9:\"uagb\/icon\";i:0;s:14:\"uagb\/icon-list\";i:0;s:20:\"uagb\/icon-list-child\";i:0;s:10:\"uagb\/image\";i:0;s:18:\"uagb\/image-gallery\";i:0;s:13:\"uagb\/info-box\";i:0;s:18:\"uagb\/inline-notice\";i:0;s:11:\"uagb\/lottie\";i:0;s:21:\"uagb\/marketing-button\";i:0;s:10:\"uagb\/modal\";i:0;s:18:\"uagb\/popup-builder\";i:0;s:16:\"uagb\/post-button\";i:0;s:18:\"uagb\/post-carousel\";i:0;s:17:\"uagb\/post-excerpt\";i:0;s:14:\"uagb\/post-grid\";i:0;s:15:\"uagb\/post-image\";i:0;s:17:\"uagb\/post-masonry\";i:0;s:14:\"uagb\/post-meta\";i:0;s:18:\"uagb\/post-taxonomy\";i:0;s:18:\"uagb\/post-timeline\";i:0;s:15:\"uagb\/post-title\";i:0;s:20:\"uagb\/restaurant-menu\";i:0;s:26:\"uagb\/restaurant-menu-child\";i:0;s:11:\"uagb\/review\";i:0;s:12:\"uagb\/section\";i:0;s:14:\"uagb\/separator\";i:0;s:11:\"uagb\/slider\";i:0;s:17:\"uagb\/slider-child\";i:0;s:17:\"uagb\/social-share\";i:0;s:23:\"uagb\/social-share-child\";i:0;s:16:\"uagb\/star-rating\";i:0;s:23:\"uagb\/sure-cart-checkout\";i:0;s:22:\"uagb\/sure-cart-product\";i:0;s:15:\"uagb\/sure-forms\";i:0;s:22:\"uagb\/table-of-contents\";i:0;s:9:\"uagb\/tabs\";i:0;s:15:\"uagb\/tabs-child\";i:0;s:18:\"uagb\/taxonomy-list\";i:0;s:9:\"uagb\/team\";i:0;s:16:\"uagb\/testimonial\";i:0;s:14:\"uagb\/wp-search\";i:0;s:19:\"uagb\/instagram-feed\";i:0;s:10:\"uagb\/login\";i:0;s:17:\"uagb\/loop-builder\";i:0;s:18:\"uagb\/loop-category\";i:0;s:20:\"uagb\/loop-pagination\";i:0;s:15:\"uagb\/loop-reset\";i:0;s:16:\"uagb\/loop-search\";i:0;s:14:\"uagb\/loop-sort\";i:0;s:17:\"uagb\/loop-wrapper\";i:0;s:13:\"uagb\/register\";i:0;s:19:\"uagb\/register-email\";i:0;s:24:\"uagb\/register-first-name\";i:0;s:23:\"uagb\/register-last-name\";i:0;s:22:\"uagb\/register-password\";i:0;s:30:\"uagb\/register-reenter-password\";i:0;s:19:\"uagb\/register-terms\";i:0;s:22:\"uagb\/register-username\";i:0;}"],"_uag_page_assets":["a:9:{s:3:\"css\";s:263:\".uag-blocks-common-selector{z-index:var(--z-index-desktop) !important}@media (max-width: 976px){.uag-blocks-common-selector{z-index:var(--z-index-tablet) !important}}@media (max-width: 767px){.uag-blocks-common-selector{z-index:var(--z-index-mobile) !important}}\n\";s:2:\"js\";s:0:\"\";s:18:\"current_block_list\";a:6:{i:0;s:10:\"core\/image\";i:1;s:12:\"core\/heading\";i:2;s:14:\"core\/paragraph\";i:3;s:9:\"core\/list\";i:4;s:14:\"core\/list-item\";i:5;s:9:\"core\/code\";}s:8:\"uag_flag\";b:0;s:11:\"uag_version\";s:10:\"1775815218\";s:6:\"gfonts\";a:0:{}s:10:\"gfonts_url\";s:0:\"\";s:12:\"gfonts_files\";a:0:{}s:14:\"uag_faq_layout\";b:0;}"],"_uag_css_file_name":["uag-css-5509.css"]},"uagb_featured_image_src":{"full":["https:\/\/dlx-media.com\/wp-content\/uploads\/HTML-Body.jpeg",1792,1024,false],"thumbnail":["https:\/\/dlx-media.com\/wp-content\/uploads\/HTML-Body-250x250.jpeg",250,250,true],"medium":["https:\/\/dlx-media.com\/wp-content\/uploads\/HTML-Body-350x200.jpeg",350,200,true],"medium_large":["https:\/\/dlx-media.com\/wp-content\/uploads\/HTML-Body-768x439.jpeg",768,439,true],"large":["https:\/\/dlx-media.com\/wp-content\/uploads\/HTML-Body-1024x585.jpeg",1024,585,true],"1536x1536":["https:\/\/dlx-media.com\/wp-content\/uploads\/HTML-Body-1536x878.jpeg",1536,878,true],"2048x2048":["https:\/\/dlx-media.com\/wp-content\/uploads\/HTML-Body.jpeg",1792,1024,false],"suffice-thumbnail-grid":["https:\/\/dlx-media.com\/wp-content\/uploads\/HTML-Body-750x420.jpeg",750,420,true],"suffice-thumbnail-featured-one":["https:\/\/dlx-media.com\/wp-content\/uploads\/HTML-Body-295x525.jpeg",295,525,true],"suffice-thumbnail-featured-two":["https:\/\/dlx-media.com\/wp-content\/uploads\/HTML-Body-1140x504.jpeg",1140,504,true],"suffice-thumbnail-portfolio":["https:\/\/dlx-media.com\/wp-content\/uploads\/HTML-Body-572x552.jpeg",572,552,true],"suffice-thumbnail-portfolio-masonry":["https:\/\/dlx-media.com\/wp-content\/uploads\/HTML-Body-572x652.jpeg",572,652,true]},"uagb_author_info":{"display_name":"DLxMedia","author_link":"https:\/\/dlx-media.com\/pl"},"uagb_comment_info":0,"uagb_excerpt":"Tre\u015b\u0107 HTML: centralny element strony internetowej BODYObszar dokumentu HTML jest centralnym elementem ka\u017cdej strony internetowej, poniewa\u017c zawiera g\u0142\u00f3wn\u0105 tre\u015b\u0107 prezentowan\u0105 u\u017cytkownikom. BODYKiedy u\u017cytkownik odwiedza stron\u0119 internetow\u0105, wszystko, co widzi, czyta i z czym wchodzi w interakcj\u0119, jest zakotwiczone w tym","_links":{"self":[{"href":"https:\/\/dlx-media.com\/pl\/wp-json\/wp\/v2\/pages\/5509","targetHints":{"allow":["GET"]}}],"collection":[{"href":"https:\/\/dlx-media.com\/pl\/wp-json\/wp\/v2\/pages"}],"about":[{"href":"https:\/\/dlx-media.com\/pl\/wp-json\/wp\/v2\/types\/page"}],"author":[{"embeddable":true,"href":"https:\/\/dlx-media.com\/pl\/wp-json\/wp\/v2\/users\/2332"}],"replies":[{"embeddable":true,"href":"https:\/\/dlx-media.com\/pl\/wp-json\/wp\/v2\/comments?post=5509"}],"version-history":[{"count":1,"href":"https:\/\/dlx-media.com\/pl\/wp-json\/wp\/v2\/pages\/5509\/revisions"}],"predecessor-version":[{"id":5510,"href":"https:\/\/dlx-media.com\/pl\/wp-json\/wp\/v2\/pages\/5509\/revisions\/5510"}],"up":[{"embeddable":true,"href":"https:\/\/dlx-media.com\/pl\/wp-json\/wp\/v2\/pages\/4979"}],"wp:featuredmedia":[{"embeddable":true,"href":"https:\/\/dlx-media.com\/pl\/wp-json\/wp\/v2\/media\/5503"}],"wp:attachment":[{"href":"https:\/\/dlx-media.com\/pl\/wp-json\/wp\/v2\/media?parent=5509"}],"curies":[{"name":"wp","href":"https:\/\/api.w.org\/{rel}","templated":true}]}}