{"id":5495,"date":"2024-09-10T20:32:59","date_gmt":"2024-09-10T18:32:59","guid":{"rendered":"https:\/\/dlx-media.com\/slowniczek\/znacznik-podstawowy-html\/"},"modified":"2024-09-10T20:43:04","modified_gmt":"2024-09-10T18:43:04","slug":"znacznik-podstawowy-html","status":"publish","type":"page","link":"https:\/\/dlx-media.com\/pl\/slowniczek\/znacznik-podstawowy-html\/","title":{"rendered":"Znacznik podstawowy HTML"},"content":{"rendered":"<div class=\"wp-block-image\">\n<figure data-spectra-id=\"spectra-583ecc41-d819-41f9-8565-8e5f5b2dc6d5\" class=\"aligncenter size-full\"><img loading=\"lazy\" decoding=\"async\" width=\"1792\" height=\"1024\" src=\"https:\/\/dlx-media.com\/wp-content\/uploads\/HTML-Base-Tag.jpeg\" alt=\"Znacznik podstawowy HTML\" class=\"wp-image-5486\" srcset=\"https:\/\/dlx-media.com\/wp-content\/uploads\/HTML-Base-Tag.jpeg 1792w, https:\/\/dlx-media.com\/wp-content\/uploads\/HTML-Base-Tag-350x200.jpeg 350w, https:\/\/dlx-media.com\/wp-content\/uploads\/HTML-Base-Tag-1024x585.jpeg 1024w, https:\/\/dlx-media.com\/wp-content\/uploads\/HTML-Base-Tag-768x439.jpeg 768w, https:\/\/dlx-media.com\/wp-content\/uploads\/HTML-Base-Tag-1536x878.jpeg 1536w\" sizes=\"auto, (max-width: 1792px) 100vw, 1792px\" \/><\/figure>\n<\/div>\n<h3 class=\"wp-block-heading\">Znacznik podstawowy HTML: podstawa poprawnego linkowania i ochrony przed kradzie\u017c\u0105 tre\u015bci<\/h3>\n\n<p class=\"wp-block-paragraph\">Podstawowy znacznik HTML, cz\u0119sto okre\u015blany jako podstawowy znacznik URL, jest centralnym elementem w tworzeniu stron internetowych, kt\u00f3ry zapewnia prawid\u0142owe funkcjonowanie link\u00f3w wzgl\u0119dnych na stronie internetowej.\nDefiniuje on &#8222;bazowy adres URL&#8221;, kt\u00f3ry s\u0142u\u017cy jako punkt odniesienia dla wszystkich wzgl\u0119dnych link\u00f3w w dokumencie HTML.\nTa prosta, ale pot\u0119\u017cna funkcja tagu bazowego mo\u017ce mie\u0107 kluczowe znaczenie dla optymalizacji nawigacji na stronie internetowej, a jednocze\u015bnie chroni\u0107 zawarto\u015b\u0107 przed potencjalnymi nadu\u017cyciami.  <\/p>\n\n<p class=\"wp-block-paragraph\"> <\/p>\n\n<h4 class=\"wp-block-heading\">Co to jest tag podstawowy HTML?<\/h4>\n\n<p class=\"wp-block-paragraph\"><code>&lt;head&gt;<\/code>Znacznik base jest zdefiniowany w sekcji dokumentu HTML i okre\u015bla bazowy adres URL, z kt\u00f3rego interpretowane s\u0105 wszystkie wzgl\u0119dne linki w tym dokumencie.\nOznacza to, \u017ce je\u015bli wzgl\u0119dne adresy URL s\u0105 u\u017cywane na stronie dla wewn\u0119trznych link\u00f3w lub multimedi\u00f3w (takich jak obrazy lub arkusze styl\u00f3w), znacznik base zapewnia, \u017ce te linki zawsze dzia\u0142aj\u0105 w odniesieniu do okre\u015blonego podstawowego adresu URL. <\/p>\n\n<p class=\"wp-block-paragraph\"> <\/p>\n\n<p class=\"wp-block-paragraph\"><strong>Przyk\u0142ad tagu podstawowego:<\/strong><\/p>\n\n<pre class=\"wp-block-code\"><code>&lt;head>\n  &lt;base href=\"https:\/\/www.beispielseite.de\/\" target=\"_blank\">\n&lt;\/head><\/code><\/pre>\n\n<p class=\"wp-block-paragraph\"> <\/p>\n\n<p class=\"wp-block-paragraph\">W tym przyk\u0142adzie podstawowy adres URL jest ustawiony na<a href=\"https:\/\/www.beispielseite.de\/\">&#8222;https:\/\/www.beispielseite.de\/&#8221;<\/a>.\n <code>&lt;a href=\"\/kontakt.html\"&gt;Kontakt&lt;\/a&gt;<\/code>Wszystkie wzgl\u0119dne linki w dokumencie, np. , s\u0105 automatycznie interpretowane w odniesieniu do tej bazy, tak aby prowadzi\u0142y do pe\u0142nego adresu URL<a>&#8222;https:\/\/www.beispielseite.de\/kontakt.html&#8221;<\/a>. <\/p>\n\n<p class=\"wp-block-paragraph\"> <\/p>\n\n<h3 class=\"wp-block-heading\">Zalety i funkcje znacznika podstawowego<\/h3>\n\n<p class=\"wp-block-paragraph\"> <\/p>\n\n<ol class=\"wp-block-list\">\n<li><strong>Uproszczenie \u0142\u0105czenia<\/strong>:\n<ul class=\"wp-block-list\">\n<li><strong>Wzgl\u0119dne zamiast bezwzgl\u0119dnych<\/strong>: W tworzeniu stron internetowych cz\u0119sto bardziej praktyczne jest u\u017cywanie wzgl\u0119dnych link\u00f3w zamiast okre\u015blania pe\u0142nych adres\u00f3w URL dla ka\u017cdego linku na stronie internetowej.\nZnacznik base przejmuje zadanie powi\u0105zania wzgl\u0119dnego linku z okre\u015blonym bazowym adresem URL, co znacznie upraszcza tworzenie i obs\u0142ug\u0119 kodu HTML. <\/li>\n\n\n\n<li><strong>Sp\u00f3jne linkowanie<\/strong>: Je\u015bli wszystkie linki wzgl\u0119dne w dokumencie maj\u0105 t\u0119 sam\u0105 podstaw\u0119, znacznik base zapewnia \u0142atwy spos\u00f3b na zapewnienie, \u017ce wszystkie linki wewn\u0119trzne dzia\u0142aj\u0105 sp\u00f3jnie, nawet je\u015bli dokument jest u\u017cywany w r\u00f3\u017cnych katalogach lub na podstronach witryny.<\/li>\n<\/ul>\n<\/li>\n\n\n\n<li><strong>Elastyczno\u015b\u0107 w strukturze strony<\/strong>:\n<ul class=\"wp-block-list\">\n<li><strong>\u015acie\u017cki wzgl\u0119dne i bezwzgl\u0119dne<\/strong>: Znacznik base oferuje mo\u017cliwo\u015b\u0107 elastycznej pracy z wzgl\u0119dnymi i bezwzgl\u0119dnymi adresami URL.\nPodczas gdy bezwzgl\u0119dne adresy URL odnosz\u0105 si\u0119 do sta\u0142ej domeny lub sta\u0142ej \u015bcie\u017cki, wzgl\u0119dne linki mog\u0105 by\u0107 u\u017cywane w po\u0142\u0105czeniu z podstawowym adresem URL do dynamicznego \u0142\u0105czenia tre\u015bci w ramach okre\u015blonej struktury. <\/li>\n\n\n\n<li><strong>Wsparcie dla z\u0142o\u017conych struktur stron internetowych<\/strong>: szczeg\u00f3lnie w przypadku du\u017cych stron internetowych lub aplikacji internetowych sk\u0142adaj\u0105cych si\u0119 z kilku katalog\u00f3w i podkatalog\u00f3w, tag bazowy mo\u017ce zapewni\u0107 sp\u00f3jn\u0105 nawigacj\u0119 bez konieczno\u015bci u\u017cywania pe\u0142nych adres\u00f3w URL w ka\u017cdym dokumencie.<\/li>\n<\/ul>\n<\/li>\n\n\n\n<li><strong>Ochrona przed kradzie\u017c\u0105 tre\u015bci<\/strong>:\n<ul class=\"wp-block-list\">\n<li><strong>Zapobieganie nadu\u017cyciom<\/strong>: Jedn\u0105 z mniej znanych, ale bardzo przydatnych funkcji tagu base jest jego zdolno\u015b\u0107 do po\u015bredniej ochrony przed kradzie\u017c\u0105 tre\u015bci.\nU\u017cywaj\u0105c bezwzgl\u0119dnego adresu URL dla bazy, inne witryny, kt\u00f3re pr\u00f3buj\u0105 skopiowa\u0107 kod HTML strony i u\u017cy\u0107 go we w\u0142asnej domenie, mog\u0105 napotka\u0107 problemy.\nPoniewa\u017c wszystkie linki wewn\u0119trzne nadal wskazuj\u0105 na oryginaln\u0105 domen\u0119, skopiowana zawarto\u015b\u0107 pozostaje powi\u0105zana z oryginaln\u0105 stron\u0105.  <\/li>\n\n\n\n<li><strong>Bezpiecze\u0144stwo i sp\u00f3jno\u015b\u0107<\/strong>: tag bazowy jest szczeg\u00f3lnie korzystny w przypadku korzystania z obraz\u00f3w, skrypt\u00f3w i arkuszy styl\u00f3w, poniewa\u017c zasoby te s\u0105 nadal przesy\u0142ane na oryginalny serwer w przypadku kradzie\u017cy tre\u015bci.\nUtrudnia to duplikowanie ca\u0142ej zawarto\u015bci bez pozostawiania oczywistych odniesie\u0144 do oryginalnego \u017ar\u00f3d\u0142a. <\/li>\n<\/ul>\n<\/li>\n\n\n\n<li><strong>Optymalizacja do\u015bwiadczenia u\u017cytkownika<\/strong>:\n<ul class=\"wp-block-list\">\n<li><strong>Domy\u015blny cel dla link\u00f3w<\/strong>: <code>target<\/code> Znacznik podstawowy mo\u017ce r\u00f3wnie\u017c ustawia\u0107 domy\u015blne zachowanie link\u00f3w poprzez do\u0142\u0105czenie atrybutu.\nNa przyk\u0142ad mo\u017cna ustawi\u0107 wszystkie linki tak, aby domy\u015blnie otwiera\u0142y si\u0119 w nowej karcie, co poprawia u\u017cyteczno\u015b\u0107, szczeg\u00f3lnie na stronach informacyjnych, gdzie u\u017cytkownicy cz\u0119sto prze\u0142\u0105czaj\u0105 si\u0119 mi\u0119dzy r\u00f3\u017cnymi tre\u015bciami. <\/li>\n\n\n\n<li><code>&lt;head&gt;<\/code>S<strong>centralizowana kontrola<\/strong>: Poniewa\u017c znacznik bazowy jest definiowany tylko raz w obszarze strony, zapewnia on centraln\u0105 opcj\u0119 kontroli dla wszystkich link\u00f3w i multimedi\u00f3w u\u017cywanych w tym dokumencie.\nU\u0142atwia to wprowadzanie zmian w strukturze adres\u00f3w URL bez konieczno\u015bci przechodzenia przez ca\u0142y kod HTML. <\/li>\n<\/ul>\n<\/li>\n<\/ol>\n\n<h4 class=\"wp-block-heading\">Najlepsze praktyki dotycz\u0105ce korzystania z tagu podstawowego<\/h4>\n\n<ol class=\"wp-block-list\">\n<li><strong>U\u017cycie bezwzgl\u0119dnego podstawowego adresu URL<\/strong>:\n<ul class=\"wp-block-list\">\n<li><strong>Dlaczego preferowane s\u0105 bezwzgl\u0119dne adresy URL<\/strong>: Zdecydowanie zaleca si\u0119 u\u017cywanie bezwzgl\u0119dnego adresu URL (np. &#8222;&#8221;) zamiast wzgl\u0119dnego bazowego adresu URL.\nnp.<a href=\"https:\/\/www.domain.de\/\">&#8222;https:\/\/www.domain.de\/&#8221;<\/a>) zamiast wzgl\u0119dnego bazowego adresu URL.\nZapewnia to, \u017ce wszystkie linki dzia\u0142aj\u0105 poprawnie, niezale\u017cnie od tego, gdzie dokument zostanie ostatecznie zapisany.\nZmniejsza to r\u00f3wnie\u017c prawdopodobie\u0144stwo wyst\u0105pienia nieprawid\u0142owych link\u00f3w, zw\u0142aszcza je\u015bli dokument jest u\u017cywany w r\u00f3\u017cnych kontekstach lub katalogach.   <\/li>\n\n\n\n<li><strong>Unikanie b\u0142\u0119d\u00f3w w przypadku wzgl\u0119dnych adres\u00f3w URL<\/strong>: Wzgl\u0119dnie zdefiniowane bazowe adresy URL mog\u0105 by\u0107 myl\u0105ce, zw\u0142aszcza w du\u017cych projektach z zagnie\u017cd\u017conymi katalogami.\nNieprawid\u0142owo zdefiniowany wzgl\u0119dny adres URL mo\u017ce prowadzi\u0107 do niesp\u00f3jnych lub nawet uszkodzonych link\u00f3w, co mo\u017ce wp\u0142ywa\u0107 na wra\u017cenia u\u017cytkownika i podwa\u017ca\u0107 wysi\u0142ki SEO. <\/li>\n<\/ul>\n<\/li>\n\n\n\n<li><strong>Korrekte Platzierung im <code>&lt;head><\/code><\/strong>:\n<ul class=\"wp-block-list\">\n<li><code>&lt;head&gt;<\/code>P<strong>ozycjonowanie<\/strong>: Znacznik bazowy musi by\u0107 prawid\u0142owo umieszczony w obszarze dokumentu HTML, najlepiej na samym pocz\u0105tku, przed za\u0142adowaniem innych link\u00f3w lub skrypt\u00f3w.\nGwarantuje to, \u017ce bazowy adres URL zostanie poprawnie zastosowany, zanim przegl\u0105darka zacznie interpretowa\u0107 inne zasoby lub linki. <\/li>\n\n\n\n<li><strong>Jeden tag bazowy na dokument<\/strong>: Tylko jeden tag bazowy mo\u017ce by\u0107 u\u017cyty w jednym dokumencie HTML.\nW przeciwnym razie mo\u017ce to prowadzi\u0107 do konflikt\u00f3w i nieoczekiwanego zachowania, je\u015bli przegl\u0105darka spr\u00f3buje zinterpretowa\u0107 wiele bazowych adres\u00f3w URL. <\/li>\n<\/ul>\n<\/li>\n\n\n\n<li><strong>Unikanie zagro\u017ce\u0144 dla bezpiecze\u0144stwa<\/strong>:\n<ul class=\"wp-block-list\">\n<li><strong>Ostro\u017cnie z zasobami zewn\u0119trznymi<\/strong>: Je\u015bli znacznik base jest u\u017cywany do integracji zasob\u00f3w zewn\u0119trznych, takich jak arkusze styl\u00f3w lub skrypty, wa\u017cne jest, aby upewni\u0107 si\u0119, \u017ce zasoby te s\u0105 bezpieczne i godne zaufania.\nNiezabezpieczone zasoby zewn\u0119trzne mog\u0105 zwi\u0119kszy\u0107 ryzyko atak\u00f3w, takich jak cross-site scripting (XSS) lub nieumy\u015blne wstrzykni\u0119cie z\u0142o\u015bliwego oprogramowania. <\/li>\n<\/ul>\n<\/li>\n<\/ol>\n\n<h4 class=\"wp-block-heading\">Mo\u017cliwe zastosowania w nowoczesnym tworzeniu stron internetowych<\/h4>\n\n<p class=\"wp-block-paragraph\"><strong>U\u0142atwienie zarz\u0105dzania tre\u015bci\u0105<\/strong>: W systemach zarz\u0105dzania tre\u015bci\u0105 (CMS), gdzie tre\u015b\u0107 jest cz\u0119sto przechowywana w r\u00f3\u017cnych katalogach lub nawet na r\u00f3\u017cnych serwerach, tag bazowy mo\u017ce pom\u00f3c w zapewnieniu sp\u00f3jnego linkowania.\nJest to szczeg\u00f3lnie przydatne w przypadku du\u017cych witryn internetowych z du\u017c\u0105 liczb\u0105 autor\u00f3w i cz\u0119sto aktualizowanych tre\u015bci. <\/p>\n\n<p class=\"wp-block-paragraph\"><strong>\u0141\u0105czenie w aplikacjach jednostronicowych (SPA)<\/strong>:<\/p>\n\n<p class=\"wp-block-paragraph\"><strong>Dynamiczne strony internetowe<\/strong>: W nowoczesnych aplikacjach internetowych, zw\u0142aszcza w aplikacjach jednostronicowych (SPA), znacznik base mo\u017ce by\u0107 u\u017cywany do zapewnienia prawid\u0142owej nawigacji w aplikacji, przy jednoczesnym prawid\u0142owym rozwi\u0105zywaniu wszystkich wzgl\u0119dnych link\u00f3w i multimedi\u00f3w.<\/p>\n\n<p class=\"wp-block-paragraph\"><strong>SEO i wydajno\u015b\u0107<\/strong>: Efektywne wykorzystanie tagu bazowego mo\u017ce r\u00f3wnie\u017c poprawi\u0107 wydajno\u015b\u0107 SEO takich dynamicznych stron internetowych poprzez odpowiedni\u0105 struktur\u0119 wszystkich link\u00f3w wewn\u0119trznych i zapewnienie prawid\u0142owego indeksowania przez wyszukiwarki.<\/p>\n\n<p class=\"wp-block-paragraph\"><strong>Systemy zarz\u0105dzania tre\u015bci\u0105 (CMS)<\/strong>:<\/p>\n\n<p class=\"wp-block-paragraph\"> <\/p>\n\n<h4 class=\"wp-block-heading\"><strong>Wnioski<\/strong><\/h4>\n\n<p class=\"wp-block-paragraph\">Znacznik bazowy HTML jest niepozornym, ale niezwykle wa\u017cnym narz\u0119dziem w nowoczesnym tworzeniu stron internetowych.\nNie tylko zapewnia czyste i sp\u00f3jne \u0142\u0105czenie w obr\u0119bie strony internetowej, ale tak\u017ce oferuje praktyczne korzy\u015bci w zakresie do\u015bwiadczenia u\u017cytkownika i ochrony przed kradzie\u017c\u0105 tre\u015bci.\nDzi\u0119ki starannemu wdro\u017ceniu tagu base, programi\u015bci mog\u0105 zapewni\u0107, \u017ce ich strony internetowe s\u0105 zar\u00f3wno solidne technicznie, jak i bezpieczne.\nW \u015bwiecie, w kt\u00f3rym elastyczno\u015b\u0107 i wydajno\u015b\u0107 stron internetowych staje si\u0119 coraz wa\u017cniejsza, tag base oferuje proste, ale skuteczne rozwi\u0105zanie wielu codziennych wyzwa\u0144 zwi\u0105zanych z tworzeniem stron internetowych.   <\/p>\n","protected":false},"excerpt":{"rendered":"<p>Znacznik podstawowy HTML: podstawa poprawnego linkowania i ochrony przed kradzie\u017c\u0105 tre\u015bci Podstawowy znacznik HTML, cz\u0119sto okre\u015blany jako podstawowy znacznik URL, jest centralnym elementem w tworzeniu stron internetowych, kt\u00f3ry zapewnia prawid\u0142owe funkcjonowanie link\u00f3w wzgl\u0119dnych na stronie internetowej. Definiuje on &#8222;bazowy adres<\/p>\n","protected":false},"author":2332,"featured_media":5488,"parent":4979,"menu_order":0,"comment_status":"closed","ping_status":"closed","template":"","meta":{"_seopress_robots_primary_cat":"","_seopress_titles_title":"HTML Base-Tag: Optimale Navigation & Schutz vor Content-Diebstahl","_seopress_titles_desc":"Erfahren Sie, wie der HTML Base-Tag die Navigation verbessert und Ihre Inhalte sch\u00fctzt. Optimieren Sie Ihre Webseite effizient und sicher.","_seopress_robots_index":"","_crdt_document":"","_uag_custom_page_level_css":"","spectra_gs_classes":"","footnotes":""},"class_list":["post-5495","page","type-page","status-publish","has-post-thumbnail","hentry"],"spectra_custom_meta":{"_top_nav_excluded":[""],"_cms_nav_minihome":[""],"_seopress_titles_title":["HTML Base-Tag: Optimale Navigation & Schutz vor Content-Diebstahl"],"_seopress_titles_desc":["Erfahren Sie, wie der HTML Base-Tag die Navigation verbessert und Ihre Inhalte sch\u00fctzt. Optimieren Sie Ihre Webseite effizient und sicher."],"_seopress_redirections_logged_status":["both"],"_seopress_redirections_type":["301"],"_thumbnail_id":["5488"],"_last_translation_edit_mode":["translation-editor"],"_wp_page_template":[""],"_seopress_analysis_target_kw":[""],"_uagb_previous_block_counts":["a:90:{s:21:\"uagb\/advanced-heading\";i:0;s:15:\"uagb\/blockquote\";i:0;s:12:\"uagb\/buttons\";i:0;s:18:\"uagb\/buttons-child\";i:0;s:19:\"uagb\/call-to-action\";i:0;s:15:\"uagb\/cf7-styler\";i:0;s:11:\"uagb\/column\";i:0;s:12:\"uagb\/columns\";i:0;s:14:\"uagb\/container\";i:0;s:21:\"uagb\/content-timeline\";i:0;s:27:\"uagb\/content-timeline-child\";i:0;s:14:\"uagb\/countdown\";i:0;s:12:\"uagb\/counter\";i:0;s:8:\"uagb\/faq\";i:0;s:14:\"uagb\/faq-child\";i:0;s:10:\"uagb\/forms\";i:0;s:17:\"uagb\/forms-accept\";i:0;s:19:\"uagb\/forms-checkbox\";i:0;s:15:\"uagb\/forms-date\";i:0;s:16:\"uagb\/forms-email\";i:0;s:17:\"uagb\/forms-hidden\";i:0;s:15:\"uagb\/forms-name\";i:0;s:16:\"uagb\/forms-phone\";i:0;s:16:\"uagb\/forms-radio\";i:0;s:17:\"uagb\/forms-select\";i:0;s:19:\"uagb\/forms-textarea\";i:0;s:17:\"uagb\/forms-toggle\";i:0;s:14:\"uagb\/forms-url\";i:0;s:14:\"uagb\/gf-styler\";i:0;s:15:\"uagb\/google-map\";i:0;s:11:\"uagb\/how-to\";i:0;s:16:\"uagb\/how-to-step\";i:0;s:9:\"uagb\/icon\";i:0;s:14:\"uagb\/icon-list\";i:0;s:20:\"uagb\/icon-list-child\";i:0;s:10:\"uagb\/image\";i:0;s:18:\"uagb\/image-gallery\";i:0;s:13:\"uagb\/info-box\";i:0;s:18:\"uagb\/inline-notice\";i:0;s:11:\"uagb\/lottie\";i:0;s:21:\"uagb\/marketing-button\";i:0;s:10:\"uagb\/modal\";i:0;s:18:\"uagb\/popup-builder\";i:0;s:16:\"uagb\/post-button\";i:0;s:18:\"uagb\/post-carousel\";i:0;s:17:\"uagb\/post-excerpt\";i:0;s:14:\"uagb\/post-grid\";i:0;s:15:\"uagb\/post-image\";i:0;s:17:\"uagb\/post-masonry\";i:0;s:14:\"uagb\/post-meta\";i:0;s:18:\"uagb\/post-taxonomy\";i:0;s:18:\"uagb\/post-timeline\";i:0;s:15:\"uagb\/post-title\";i:0;s:20:\"uagb\/restaurant-menu\";i:0;s:26:\"uagb\/restaurant-menu-child\";i:0;s:11:\"uagb\/review\";i:0;s:12:\"uagb\/section\";i:0;s:14:\"uagb\/separator\";i:0;s:11:\"uagb\/slider\";i:0;s:17:\"uagb\/slider-child\";i:0;s:17:\"uagb\/social-share\";i:0;s:23:\"uagb\/social-share-child\";i:0;s:16:\"uagb\/star-rating\";i:0;s:23:\"uagb\/sure-cart-checkout\";i:0;s:22:\"uagb\/sure-cart-product\";i:0;s:15:\"uagb\/sure-forms\";i:0;s:22:\"uagb\/table-of-contents\";i:0;s:9:\"uagb\/tabs\";i:0;s:15:\"uagb\/tabs-child\";i:0;s:18:\"uagb\/taxonomy-list\";i:0;s:9:\"uagb\/team\";i:0;s:16:\"uagb\/testimonial\";i:0;s:14:\"uagb\/wp-search\";i:0;s:19:\"uagb\/instagram-feed\";i:0;s:10:\"uagb\/login\";i:0;s:17:\"uagb\/loop-builder\";i:0;s:18:\"uagb\/loop-category\";i:0;s:20:\"uagb\/loop-pagination\";i:0;s:15:\"uagb\/loop-reset\";i:0;s:16:\"uagb\/loop-search\";i:0;s:14:\"uagb\/loop-sort\";i:0;s:17:\"uagb\/loop-wrapper\";i:0;s:13:\"uagb\/register\";i:0;s:19:\"uagb\/register-email\";i:0;s:24:\"uagb\/register-first-name\";i:0;s:23:\"uagb\/register-last-name\";i:0;s:22:\"uagb\/register-password\";i:0;s:30:\"uagb\/register-reenter-password\";i:0;s:19:\"uagb\/register-terms\";i:0;s:22:\"uagb\/register-username\";i:0;}"],"_uag_page_assets":["a:9:{s:3:\"css\";s:263:\".uag-blocks-common-selector{z-index:var(--z-index-desktop) !important}@media (max-width: 976px){.uag-blocks-common-selector{z-index:var(--z-index-tablet) !important}}@media (max-width: 767px){.uag-blocks-common-selector{z-index:var(--z-index-mobile) !important}}\n\";s:2:\"js\";s:0:\"\";s:18:\"current_block_list\";a:6:{i:0;s:10:\"core\/image\";i:1;s:12:\"core\/heading\";i:2;s:14:\"core\/paragraph\";i:3;s:9:\"core\/code\";i:4;s:9:\"core\/list\";i:5;s:14:\"core\/list-item\";}s:8:\"uag_flag\";b:0;s:11:\"uag_version\";s:10:\"1776768691\";s:6:\"gfonts\";a:0:{}s:10:\"gfonts_url\";s:0:\"\";s:12:\"gfonts_files\";a:0:{}s:14:\"uag_faq_layout\";b:0;}"],"_uag_css_file_name":["uag-css-5495.css"]},"uagb_featured_image_src":{"full":["https:\/\/dlx-media.com\/wp-content\/uploads\/HTML-Base-Tag.jpeg",1792,1024,false],"thumbnail":["https:\/\/dlx-media.com\/wp-content\/uploads\/HTML-Base-Tag-250x250.jpeg",250,250,true],"medium":["https:\/\/dlx-media.com\/wp-content\/uploads\/HTML-Base-Tag-350x200.jpeg",350,200,true],"medium_large":["https:\/\/dlx-media.com\/wp-content\/uploads\/HTML-Base-Tag-768x439.jpeg",768,439,true],"large":["https:\/\/dlx-media.com\/wp-content\/uploads\/HTML-Base-Tag-1024x585.jpeg",1024,585,true],"1536x1536":["https:\/\/dlx-media.com\/wp-content\/uploads\/HTML-Base-Tag-1536x878.jpeg",1536,878,true],"2048x2048":["https:\/\/dlx-media.com\/wp-content\/uploads\/HTML-Base-Tag.jpeg",1792,1024,false],"suffice-thumbnail-grid":["https:\/\/dlx-media.com\/wp-content\/uploads\/HTML-Base-Tag-750x420.jpeg",750,420,true],"suffice-thumbnail-featured-one":["https:\/\/dlx-media.com\/wp-content\/uploads\/HTML-Base-Tag-295x525.jpeg",295,525,true],"suffice-thumbnail-featured-two":["https:\/\/dlx-media.com\/wp-content\/uploads\/HTML-Base-Tag-1140x504.jpeg",1140,504,true],"suffice-thumbnail-portfolio":["https:\/\/dlx-media.com\/wp-content\/uploads\/HTML-Base-Tag-572x552.jpeg",572,552,true],"suffice-thumbnail-portfolio-masonry":["https:\/\/dlx-media.com\/wp-content\/uploads\/HTML-Base-Tag-572x652.jpeg",572,652,true]},"uagb_author_info":{"display_name":"DLxMedia","author_link":"https:\/\/dlx-media.com\/pl"},"uagb_comment_info":0,"uagb_excerpt":"Znacznik podstawowy HTML: podstawa poprawnego linkowania i ochrony przed kradzie\u017c\u0105 tre\u015bci Podstawowy znacznik HTML, cz\u0119sto okre\u015blany jako podstawowy znacznik URL, jest centralnym elementem w tworzeniu stron internetowych, kt\u00f3ry zapewnia prawid\u0142owe funkcjonowanie link\u00f3w wzgl\u0119dnych na stronie internetowej. Definiuje on &#8222;bazowy adres","_links":{"self":[{"href":"https:\/\/dlx-media.com\/pl\/wp-json\/wp\/v2\/pages\/5495","targetHints":{"allow":["GET"]}}],"collection":[{"href":"https:\/\/dlx-media.com\/pl\/wp-json\/wp\/v2\/pages"}],"about":[{"href":"https:\/\/dlx-media.com\/pl\/wp-json\/wp\/v2\/types\/page"}],"author":[{"embeddable":true,"href":"https:\/\/dlx-media.com\/pl\/wp-json\/wp\/v2\/users\/2332"}],"replies":[{"embeddable":true,"href":"https:\/\/dlx-media.com\/pl\/wp-json\/wp\/v2\/comments?post=5495"}],"version-history":[{"count":1,"href":"https:\/\/dlx-media.com\/pl\/wp-json\/wp\/v2\/pages\/5495\/revisions"}],"predecessor-version":[{"id":5496,"href":"https:\/\/dlx-media.com\/pl\/wp-json\/wp\/v2\/pages\/5495\/revisions\/5496"}],"up":[{"embeddable":true,"href":"https:\/\/dlx-media.com\/pl\/wp-json\/wp\/v2\/pages\/4979"}],"wp:featuredmedia":[{"embeddable":true,"href":"https:\/\/dlx-media.com\/pl\/wp-json\/wp\/v2\/media\/5488"}],"wp:attachment":[{"href":"https:\/\/dlx-media.com\/pl\/wp-json\/wp\/v2\/media?parent=5495"}],"curies":[{"name":"wp","href":"https:\/\/api.w.org\/{rel}","templated":true}]}}