{"id":5460,"date":"2024-08-14T17:53:32","date_gmt":"2024-08-14T15:53:32","guid":{"rendered":"https:\/\/dlx-media.com\/slowniczek\/hreflang\/"},"modified":"2024-08-14T17:56:35","modified_gmt":"2024-08-14T15:56:35","slug":"hreflang","status":"publish","type":"page","link":"https:\/\/dlx-media.com\/pl\/slowniczek\/hreflang\/","title":{"rendered":"Hreflang"},"content":{"rendered":"<div class=\"wp-block-image\">\n<figure data-spectra-id=\"spectra-85ec292a-a789-4b11-803a-c7659be207db\" class=\"aligncenter size-full\"><img loading=\"lazy\" decoding=\"async\" width=\"1792\" height=\"1024\" src=\"https:\/\/dlx-media.com\/file\/hreflang.jpeg\" alt=\"hreflang\" class=\"wp-image-5454\" srcset=\"https:\/\/dlx-media.com\/wp-content\/uploads\/hreflang.jpeg 1792w, https:\/\/dlx-media.com\/wp-content\/uploads\/hreflang-350x200.jpeg 350w, https:\/\/dlx-media.com\/wp-content\/uploads\/hreflang-1024x585.jpeg 1024w, https:\/\/dlx-media.com\/wp-content\/uploads\/hreflang-768x439.jpeg 768w, https:\/\/dlx-media.com\/wp-content\/uploads\/hreflang-1536x878.jpeg 1536w\" sizes=\"auto, (max-width: 1792px) 100vw, 1792px\" \/><\/figure>\n<\/div>\n<h3 class=\"wp-block-heading\">Atrybut hreflang: klucz do optymalizacji mi\u0119dzynarodowych stron internetowych<\/h3>\n\n<p class=\"wp-block-paragraph\">W zglobalizowanym \u015bwiecie Internetu wiele firm musi oferowa\u0107 swoje strony internetowe w wielu j\u0119zykach i dla r\u00f3\u017cnych region\u00f3w.\nW tym miejscu do gry wkracza atrybut hreflang, znany r\u00f3wnie\u017c jako hreflang-tag &#8211; pot\u0119\u017cne narz\u0119dzie, kt\u00f3re nie tylko poprawia przyjazno\u015b\u0107 dla u\u017cytkownika mi\u0119dzynarodowych stron internetowych, ale tak\u017ce znacz\u0105co wspiera optymalizacj\u0119 pod k\u0105tem wyszukiwarek (SEO). <\/p>\n\n<p class=\"wp-block-paragraph\">Atrybut hreflang umo\u017cliwia wyszukiwarkom, takim jak Google, prawid\u0142owe identyfikowanie r\u00f3\u017cnych wersji j\u0119zykowych i krajowych strony internetowej oraz dostarczanie u\u017cytkownikom najbardziej odpowiedniej dla nich wersji.\nJest to szczeg\u00f3lnie wa\u017cne dla firm, kt\u00f3re dzia\u0142aj\u0105 na arenie mi\u0119dzynarodowej i musz\u0105 optymalizowa\u0107 swoje tre\u015bci w r\u00f3\u017cnych j\u0119zykach i na r\u00f3\u017cnych rynkach. <\/p>\n\n<h4 class=\"wp-block-heading\">Czym jest atrybut hreflang?<\/h4>\n\n<p class=\"wp-block-paragraph\">Atrybut hreflang to znacznik HTML, kt\u00f3ry jest wstawiany do kodu \u017ar\u00f3d\u0142owego strony internetowej w celu poinformowania wyszukiwarek, kt\u00f3re wersje j\u0119zykowe i regionalne strony istniej\u0105.\nWskazuje on, w jakim j\u0119zyku i dla jakiego regionu geograficznego przeznaczona jest dana strona.\nUmo\u017cliwia to wyszukiwarkom dostarczanie najbardziej odpowiedniej wersji strony dla danego u\u017cytkownika, w oparciu o jego ustawienia j\u0119zykowe i po\u0142o\u017cenie geograficzne.  <\/p>\n\n<h4 class=\"wp-block-heading\">Znaczenie atrybutu hreflang dla SEO i u\u017cyteczno\u015bci<\/h4>\n\n<ol class=\"wp-block-list\">\n<li><strong>Poprawa przyjazno\u015bci dla u\u017cytkownika<\/strong>:\n<ul class=\"wp-block-list\">\n<li><strong>Znaczenie j\u0119zykowe<\/strong>: Atrybut hreflang zapewnia, \u017ce u\u017cytkownicy s\u0105 kierowani do w\u0142a\u015bciwej wersji j\u0119zykowej strony internetowej.\nJest to szczeg\u00f3lnie wa\u017cne w krajach, w kt\u00f3rych u\u017cywa si\u0119 kilku j\u0119zyk\u00f3w, takich jak Szwajcaria, gdzie niemiecki, francuski i w\u0142oski s\u0105 j\u0119zykami urz\u0119dowymi. <\/li>\n\n\n\n<li><strong>Znaczenie regionalne<\/strong>: Opr\u00f3cz j\u0119zyka, atrybut hreflang uwzgl\u0119dnia r\u00f3wnie\u017c r\u00f3\u017cnice regionalne, dzi\u0119ki czemu u\u017cytkownicy widz\u0105 na przyk\u0142ad niemieck\u0105 wersj\u0119 zoptymalizowan\u0105 dla Niemiec, podczas gdy u\u017cytkownicy w Austrii otrzymuj\u0105 wersj\u0119 nieznacznie dostosowan\u0105 do ich regionu.<\/li>\n<\/ul>\n<\/li>\n\n\n\n<li><strong>Poprawa SEO<\/strong>:\n<ul class=\"wp-block-list\">\n<li><strong>Unikanie zduplikowanych tre\u015bci<\/strong>: Bez hreflang wyszukiwarki mog\u0142yby uzna\u0107 r\u00f3\u017cne wersje j\u0119zykowe witryny za zduplikowane tre\u015bci, co mog\u0142oby mie\u0107 negatywny wp\u0142yw na ranking.\nAtrybut hreflang pomaga tego unikn\u0105\u0107, wyra\u017anie oddzielaj\u0105c r\u00f3\u017cne wersje. <\/li>\n\n\n\n<li><strong>Ukierunkowana kontrola ruchu<\/strong>: Dzi\u0119ki hreflang mo\u017cesz kierowa\u0107 ruch we w\u0142a\u015bciwym kierunku, aby Twoje tre\u015bci by\u0142y zawsze wy\u015bwietlane w\u0142a\u015bciwym odbiorcom.\nProwadzi to do lepszego do\u015bwiadczenia u\u017cytkownika i zwi\u0119ksza prawdopodobie\u0144stwo, \u017ce u\u017cytkownicy pozostan\u0105 na Twojej stronie d\u0142u\u017cej i dokonaj\u0105 konwersji. <\/li>\n<\/ul>\n<\/li>\n<\/ol>\n\n<h4 class=\"wp-block-heading\">Prawid\u0142owa implementacja atrybutu hreflang<\/h4>\n\n<p class=\"wp-block-paragraph\">Implementacja atrybutu hreflang wymaga staranno\u015bci i precyzji.\nKluczowe znaczenie ma u\u017cycie prawid\u0142owego j\u0119zyka i kod\u00f3w kraj\u00f3w, aby zapewni\u0107 wyszukiwarkom mo\u017cliwo\u015b\u0107 prawid\u0142owej interpretacji informacji. <\/p>\n\n<ol class=\"wp-block-list\">\n<li><strong>U\u017cywaj prawid\u0142owych kod\u00f3w<\/strong>:\n<ul class=\"wp-block-list\">\n<li><strong>Oznaczenie j\u0119zyka (ISO 639-1)<\/strong>: Dwuliterowe kody zgodne z norm\u0105 ISO 639-1 s\u0105 u\u017cywane do wskazania j\u0119zyka, np. &#8222;de&#8221; dla j\u0119zyka niemieckiego lub &#8222;en&#8221; dla j\u0119zyka angielskiego.<\/li>\n\n\n\n<li><strong>Oznaczenie kraju (ISO 3166-1 Alpha 2)<\/strong>: Region jest okre\u015blony innym dwuliterowym kodem zgodnie z ISO 3166-1 Alpha 2, takim jak &#8222;DE&#8221; dla Niemiec lub &#8222;US&#8221; dla Stan\u00f3w Zjednoczonych.\nPrzyk\u0142adem po\u0142\u0105czenia j\u0119zyka i regionu mo\u017ce by\u0107 &#8222;de-DE&#8221; dla Niemiec. <\/li>\n<\/ul>\n<\/li>\n\n\n\n<li><strong>U\u017cycie opcji x-default<\/strong>:\n<ul class=\"wp-block-list\">\n<li><strong>Ustaw wersj\u0119 domy\u015bln\u0105<\/strong>: Atrybut &#8222;x-default&#8221; s\u0142u\u017cy do definiowania domy\u015blnej wersji strony internetowej, kt\u00f3ra jest wy\u015bwietlana, je\u015bli nie pasuje \u017cadna konkretna wersja j\u0119zykowa lub regionalna.\nJest to szczeg\u00f3lnie przydatne w przypadku witryn globalnych, kt\u00f3re nie maj\u0105 oddzielnej wersji dla ka\u017cdego j\u0119zyka. <\/li>\n\n\n\n<li><strong>Uniwersalna wyszukiwalno\u015b\u0107<\/strong>: Wdra\u017caj\u0105c x-default, zapewniasz, \u017ce u\u017cytkownicy korzystaj\u0105cy z nieokre\u015blonego j\u0119zyka lub regionu nadal b\u0119d\u0105 widzie\u0107 odpowiedni\u0105 wersj\u0119 Twojej witryny.<\/li>\n<\/ul>\n<\/li>\n\n\n\n<li><strong>Backlinking i sp\u00f3jno\u015b\u0107<\/strong>:\n<ul class=\"wp-block-list\">\n<li><strong>Wzajemne linkowanie<\/strong>: Cz\u0119stym b\u0142\u0119dem podczas wdra\u017cania hreflang jest brak powi\u0105zania wszystkich wersji j\u0119zykowych i regionalnych strony.\nWa\u017cne jest, aby ka\u017cda strona, kt\u00f3ra u\u017cywa atrybutu hreflang, zawiera\u0142a r\u00f3wnie\u017c linki do wszystkich innych wersji j\u0119zykowych.\nZapewnia to, \u017ce wyszukiwarki mog\u0105 prawid\u0142owo rozpoznawa\u0107 i interpretowa\u0107 relacje mi\u0119dzy r\u00f3\u017cnymi wersjami.  <\/li>\n\n\n\n<li><strong>Sprawdzanie sp\u00f3jno\u015bci<\/strong>: Po wdro\u017ceniu tagi hreflang powinny by\u0107 regularnie sprawdzane, aby upewni\u0107 si\u0119, \u017ce s\u0105 stosowane poprawnie i konsekwentnie.\nNarz\u0119dzia takie jak Google Search Console mog\u0105 pom\u00f3c zidentyfikowa\u0107 i poprawi\u0107 b\u0142\u0119dy w implementacji hreflang. <\/li>\n<\/ul>\n<\/li>\n<\/ol>\n\n<h4 class=\"wp-block-heading\">Wyzwania i najlepsze praktyki w zakresie wdra\u017cania<\/h4>\n\n<p class=\"wp-block-paragraph\">Wdro\u017cenie atrybutu hreflang mo\u017ce by\u0107 skomplikowane, szczeg\u00f3lnie w przypadku du\u017cych witryn internetowych z wieloma wersjami j\u0119zykowymi i regionalnymi.\nWa\u017cne jest, aby post\u0119powa\u0107 zgodnie z najlepszymi praktykami, aby unikn\u0105\u0107 b\u0142\u0119d\u00f3w i osi\u0105gn\u0105\u0107 najlepsze mo\u017cliwe wyniki. <\/p>\n\n<ol class=\"wp-block-list\">\n<li><strong>Unikanie typowych b\u0142\u0119d\u00f3w<\/strong>:\n<ul class=\"wp-block-list\">\n<li><strong>Nieprawid\u0142owe kody<\/strong>: U\u017cywanie nieprawid\u0142owych kod\u00f3w j\u0119zyka lub kraju mo\u017ce spowodowa\u0107, \u017ce wyszukiwarki nie b\u0119d\u0105 poprawnie interpretowa\u0107 strony.\nWa\u017cne jest, aby przestrzega\u0107 dok\u0142adnych standard\u00f3w ISO. <\/li>\n\n\n\n<li><strong>Brak link\u00f3w zwrotnych<\/strong>: Jak ju\u017c wspomniano, wzajemne linkowanie mi\u0119dzy r\u00f3\u017cnymi wersjami j\u0119zykowymi ma kluczowe znaczenie dla powodzenia wdro\u017cenia hreflang.\nBez tych link\u00f3w wyszukiwarki nie mog\u0105 prawid\u0142owo rozpozna\u0107 relacji. <\/li>\n<\/ul>\n<\/li>\n\n\n\n<li><strong>Rozwa\u017c skalowalno\u015b\u0107<\/strong>:\n<ul class=\"wp-block-list\">\n<li><strong>Automatyzacja<\/strong>: W przypadku stron internetowych z du\u017c\u0105 liczb\u0105 wersji j\u0119zykowych r\u0119czne wdra\u017canie tag\u00f3w hreflang mo\u017ce by\u0107 bardzo czasoch\u0142onne.\nW takich przypadkach sensowne jest korzystanie ze zautomatyzowanych rozwi\u0105za\u0144 w celu skutecznego i poprawnego wdro\u017cenia tag\u00f3w hreflang. <\/li>\n\n\n\n<li><strong>Regularny przegl\u0105d<\/strong>: Poniewa\u017c strony internetowe stale ewoluuj\u0105, tagi hreflang powinny by\u0107 regularnie przegl\u0105dane i aktualizowane, aby zapewni\u0107 ich prawid\u0142owe dzia\u0142anie.<\/li>\n<\/ul>\n<\/li>\n\n\n\n<li><strong>Wykorzystanie narz\u0119dzi do walidacji<\/strong>:\n<ul class=\"wp-block-list\">\n<li><strong>Google Search Console<\/strong>: To narz\u0119dzie udost\u0119pnia raporty, kt\u00f3re pomagaj\u0105 zidentyfikowa\u0107 i poprawi\u0107 b\u0142\u0119dy w implementacji hreflang.<\/li>\n\n\n\n<li><strong>Zewn\u0119trzne narz\u0119dzia walidacyjne<\/strong>: Istnieje wiele wyspecjalizowanych narz\u0119dzi, kt\u00f3re mog\u0105 sprawdzi\u0107 poprawno\u015b\u0107 implementacji tag\u00f3w hreflang.\nNarz\u0119dzia te mog\u0105 pom\u00f3c w rozpoznaniu potencjalnych problem\u00f3w, zanim b\u0119d\u0105 one mia\u0142y negatywny wp\u0142yw na SEO. <\/li>\n<\/ul>\n<\/li>\n<\/ol>\n\n<h4 class=\"wp-block-heading\">Wnioski<\/h4>\n\n<p class=\"wp-block-paragraph\">Atrybut hreflang jest niezb\u0119dnym narz\u0119dziem dla ka\u017cdej mi\u0119dzynarodowej strony internetowej.\nZapewnia on, \u017ce w\u0142a\u015bciwa tre\u015b\u0107 jest prezentowana w\u0142a\u015bciwym u\u017cytkownikom we w\u0142a\u015bciwym czasie, co nie tylko poprawia wra\u017cenia u\u017cytkownika, ale tak\u017ce znacznie zwi\u0119ksza wydajno\u015b\u0107 SEO.\nDzi\u0119ki starannemu i precyzyjnemu wdro\u017ceniu w\u0142a\u015bciciele witryn mog\u0105 zmaksymalizowa\u0107 sw\u00f3j globalny zasi\u0119g, poprawi\u0107 widoczno\u015b\u0107 w wyszukiwarkach i jednocze\u015bnie zoptymalizowa\u0107 wra\u017cenia u\u017cytkownik\u00f3w.\nW \u015bwiecie, w kt\u00f3rym konkurencja o uwag\u0119 u\u017cytkownika staje si\u0119 coraz bardziej intensywna, atrybut hreflang mo\u017ce stanowi\u0107 kluczow\u0105 r\u00f3\u017cnic\u0119 mi\u0119dzy przeci\u0119tn\u0105 a wybitn\u0105 obecno\u015bci\u0105 na arenie mi\u0119dzynarodowej.   <\/p>\n\n<h4 class=\"wp-block-heading\">Przyk\u0142ad:<\/h4>\n\n<pre class=\"wp-block-code\"><code>&lt;link rel=\"alternate\" hreflang=\"de\" href=\"https:\/\/www.domain.de\/\" \/>\n&lt;link rel=\"alternate\" hreflang=\"de-at\" href=\"https:\/\/www.domain.at\/\" \/>\n&lt;link rel=\"alternate\" hreflang=\"de-ch\" href=\"https:\/\/www.domain.ch\/\" \/>\n&lt;link rel=\"alternate\" hreflang=\"en\" href=\"https:\/\/www.domain.com\/\" \/>\n&lt;link rel=\"alternate\" hreflang=\"nl\" href=\"https:\/\/www.domain.nl\/\"\/>\n&lt;link rel=\"alternate\" hreflang=\"fr\" href=\"https:\/\/www.domain.fr\/\" \/>\n&lt;link rel=\"alternate\" hreflang=\"es\" href=\"https:\/\/www.domain.es\/\"\/>\n&lt;link rel=\"alternate\" hreflang=\"it\" href=\"https:\/\/www.domain.it\/\" \/>\n&lt;link rel=\"alternate\" hreflang=\"sv\" href=\"https:\/\/www.domain.se\/\" \/>\n&lt;link rel=\"alternate\" hreflang=\"x-default\" href=\"https:\/\/www.domain.de\/\" \/><\/code><\/pre>\n","protected":false},"excerpt":{"rendered":"<p>Atrybut hreflang: klucz do optymalizacji mi\u0119dzynarodowych stron internetowych W zglobalizowanym \u015bwiecie Internetu wiele firm musi oferowa\u0107 swoje strony internetowe w wielu j\u0119zykach i dla r\u00f3\u017cnych region\u00f3w. W tym miejscu do gry wkracza atrybut hreflang, znany r\u00f3wnie\u017c jako hreflang-tag &#8211; pot\u0119\u017cne<\/p>\n","protected":false},"author":2332,"featured_media":5456,"parent":4979,"menu_order":0,"comment_status":"closed","ping_status":"closed","template":"","meta":{"_seopress_robots_primary_cat":"","_seopress_titles_title":"hreflang: Erfolgsfaktor f\u00fcr internationale Seiten %%sep%% %%sitetitle%%","_seopress_titles_desc":"Erfahren Sie, wie das hreflang-Attribut SEO unterst\u00fctzt und die Benutzerfreundlichkeit f\u00fcr mehrsprachige Zielgruppen verbessert.","_seopress_robots_index":"","_crdt_document":"","_uag_custom_page_level_css":"","spectra_gs_classes":"","footnotes":""},"class_list":["post-5460","page","type-page","status-publish","has-post-thumbnail","hentry"],"spectra_custom_meta":{"_top_nav_excluded":[""],"_cms_nav_minihome":[""],"_seopress_titles_title":["hreflang: Erfolgsfaktor f\u00fcr internationale Seiten %%sep%% %%sitetitle%%"],"_seopress_titles_desc":["Erfahren Sie, wie das hreflang-Attribut SEO unterst\u00fctzt und die Benutzerfreundlichkeit f\u00fcr mehrsprachige Zielgruppen verbessert."],"_seopress_redirections_logged_status":["both"],"_seopress_redirections_type":["301"],"_thumbnail_id":["5456"],"_last_translation_edit_mode":["translation-editor"],"_wp_page_template":[""],"_seopress_analysis_target_kw":[""],"_uagb_previous_block_counts":["a:90:{s:21:\"uagb\/advanced-heading\";i:0;s:15:\"uagb\/blockquote\";i:0;s:12:\"uagb\/buttons\";i:0;s:18:\"uagb\/buttons-child\";i:0;s:19:\"uagb\/call-to-action\";i:0;s:15:\"uagb\/cf7-styler\";i:0;s:11:\"uagb\/column\";i:0;s:12:\"uagb\/columns\";i:0;s:14:\"uagb\/container\";i:0;s:21:\"uagb\/content-timeline\";i:0;s:27:\"uagb\/content-timeline-child\";i:0;s:14:\"uagb\/countdown\";i:0;s:12:\"uagb\/counter\";i:0;s:8:\"uagb\/faq\";i:0;s:14:\"uagb\/faq-child\";i:0;s:10:\"uagb\/forms\";i:0;s:17:\"uagb\/forms-accept\";i:0;s:19:\"uagb\/forms-checkbox\";i:0;s:15:\"uagb\/forms-date\";i:0;s:16:\"uagb\/forms-email\";i:0;s:17:\"uagb\/forms-hidden\";i:0;s:15:\"uagb\/forms-name\";i:0;s:16:\"uagb\/forms-phone\";i:0;s:16:\"uagb\/forms-radio\";i:0;s:17:\"uagb\/forms-select\";i:0;s:19:\"uagb\/forms-textarea\";i:0;s:17:\"uagb\/forms-toggle\";i:0;s:14:\"uagb\/forms-url\";i:0;s:14:\"uagb\/gf-styler\";i:0;s:15:\"uagb\/google-map\";i:0;s:11:\"uagb\/how-to\";i:0;s:16:\"uagb\/how-to-step\";i:0;s:9:\"uagb\/icon\";i:0;s:14:\"uagb\/icon-list\";i:0;s:20:\"uagb\/icon-list-child\";i:0;s:10:\"uagb\/image\";i:0;s:18:\"uagb\/image-gallery\";i:0;s:13:\"uagb\/info-box\";i:0;s:18:\"uagb\/inline-notice\";i:0;s:11:\"uagb\/lottie\";i:0;s:21:\"uagb\/marketing-button\";i:0;s:10:\"uagb\/modal\";i:0;s:18:\"uagb\/popup-builder\";i:0;s:16:\"uagb\/post-button\";i:0;s:18:\"uagb\/post-carousel\";i:0;s:17:\"uagb\/post-excerpt\";i:0;s:14:\"uagb\/post-grid\";i:0;s:15:\"uagb\/post-image\";i:0;s:17:\"uagb\/post-masonry\";i:0;s:14:\"uagb\/post-meta\";i:0;s:18:\"uagb\/post-taxonomy\";i:0;s:18:\"uagb\/post-timeline\";i:0;s:15:\"uagb\/post-title\";i:0;s:20:\"uagb\/restaurant-menu\";i:0;s:26:\"uagb\/restaurant-menu-child\";i:0;s:11:\"uagb\/review\";i:0;s:12:\"uagb\/section\";i:0;s:14:\"uagb\/separator\";i:0;s:11:\"uagb\/slider\";i:0;s:17:\"uagb\/slider-child\";i:0;s:17:\"uagb\/social-share\";i:0;s:23:\"uagb\/social-share-child\";i:0;s:16:\"uagb\/star-rating\";i:0;s:23:\"uagb\/sure-cart-checkout\";i:0;s:22:\"uagb\/sure-cart-product\";i:0;s:15:\"uagb\/sure-forms\";i:0;s:22:\"uagb\/table-of-contents\";i:0;s:9:\"uagb\/tabs\";i:0;s:15:\"uagb\/tabs-child\";i:0;s:18:\"uagb\/taxonomy-list\";i:0;s:9:\"uagb\/team\";i:0;s:16:\"uagb\/testimonial\";i:0;s:14:\"uagb\/wp-search\";i:0;s:19:\"uagb\/instagram-feed\";i:0;s:10:\"uagb\/login\";i:0;s:17:\"uagb\/loop-builder\";i:0;s:18:\"uagb\/loop-category\";i:0;s:20:\"uagb\/loop-pagination\";i:0;s:15:\"uagb\/loop-reset\";i:0;s:16:\"uagb\/loop-search\";i:0;s:14:\"uagb\/loop-sort\";i:0;s:17:\"uagb\/loop-wrapper\";i:0;s:13:\"uagb\/register\";i:0;s:19:\"uagb\/register-email\";i:0;s:24:\"uagb\/register-first-name\";i:0;s:23:\"uagb\/register-last-name\";i:0;s:22:\"uagb\/register-password\";i:0;s:30:\"uagb\/register-reenter-password\";i:0;s:19:\"uagb\/register-terms\";i:0;s:22:\"uagb\/register-username\";i:0;}"],"_uag_page_assets":["a:9:{s:3:\"css\";s:263:\".uag-blocks-common-selector{z-index:var(--z-index-desktop) !important}@media (max-width: 976px){.uag-blocks-common-selector{z-index:var(--z-index-tablet) !important}}@media (max-width: 767px){.uag-blocks-common-selector{z-index:var(--z-index-mobile) !important}}\n\";s:2:\"js\";s:0:\"\";s:18:\"current_block_list\";a:6:{i:0;s:10:\"core\/image\";i:1;s:12:\"core\/heading\";i:2;s:14:\"core\/paragraph\";i:3;s:9:\"core\/list\";i:4;s:14:\"core\/list-item\";i:5;s:9:\"core\/code\";}s:8:\"uag_flag\";b:0;s:11:\"uag_version\";s:10:\"1775815218\";s:6:\"gfonts\";a:0:{}s:10:\"gfonts_url\";s:0:\"\";s:12:\"gfonts_files\";a:0:{}s:14:\"uag_faq_layout\";b:0;}"],"_uag_css_file_name":["uag-css-5460.css"]},"uagb_featured_image_src":{"full":["https:\/\/dlx-media.com\/wp-content\/uploads\/hreflang.jpeg",1792,1024,false],"thumbnail":["https:\/\/dlx-media.com\/wp-content\/uploads\/hreflang-250x250.jpeg",250,250,true],"medium":["https:\/\/dlx-media.com\/wp-content\/uploads\/hreflang-350x200.jpeg",350,200,true],"medium_large":["https:\/\/dlx-media.com\/wp-content\/uploads\/hreflang-768x439.jpeg",768,439,true],"large":["https:\/\/dlx-media.com\/wp-content\/uploads\/hreflang-1024x585.jpeg",1024,585,true],"1536x1536":["https:\/\/dlx-media.com\/wp-content\/uploads\/hreflang-1536x878.jpeg",1536,878,true],"2048x2048":["https:\/\/dlx-media.com\/wp-content\/uploads\/hreflang.jpeg",1792,1024,false],"suffice-thumbnail-grid":["https:\/\/dlx-media.com\/wp-content\/uploads\/hreflang-750x420.jpeg",750,420,true],"suffice-thumbnail-featured-one":["https:\/\/dlx-media.com\/wp-content\/uploads\/hreflang-295x525.jpeg",295,525,true],"suffice-thumbnail-featured-two":["https:\/\/dlx-media.com\/wp-content\/uploads\/hreflang-1140x504.jpeg",1140,504,true],"suffice-thumbnail-portfolio":["https:\/\/dlx-media.com\/wp-content\/uploads\/hreflang-572x552.jpeg",572,552,true],"suffice-thumbnail-portfolio-masonry":["https:\/\/dlx-media.com\/wp-content\/uploads\/hreflang-572x652.jpeg",572,652,true]},"uagb_author_info":{"display_name":"DLxMedia","author_link":"https:\/\/dlx-media.com\/pl"},"uagb_comment_info":0,"uagb_excerpt":"Atrybut hreflang: klucz do optymalizacji mi\u0119dzynarodowych stron internetowych W zglobalizowanym \u015bwiecie Internetu wiele firm musi oferowa\u0107 swoje strony internetowe w wielu j\u0119zykach i dla r\u00f3\u017cnych region\u00f3w. W tym miejscu do gry wkracza atrybut hreflang, znany r\u00f3wnie\u017c jako hreflang-tag &#8211; pot\u0119\u017cne","_links":{"self":[{"href":"https:\/\/dlx-media.com\/pl\/wp-json\/wp\/v2\/pages\/5460","targetHints":{"allow":["GET"]}}],"collection":[{"href":"https:\/\/dlx-media.com\/pl\/wp-json\/wp\/v2\/pages"}],"about":[{"href":"https:\/\/dlx-media.com\/pl\/wp-json\/wp\/v2\/types\/page"}],"author":[{"embeddable":true,"href":"https:\/\/dlx-media.com\/pl\/wp-json\/wp\/v2\/users\/2332"}],"replies":[{"embeddable":true,"href":"https:\/\/dlx-media.com\/pl\/wp-json\/wp\/v2\/comments?post=5460"}],"version-history":[{"count":1,"href":"https:\/\/dlx-media.com\/pl\/wp-json\/wp\/v2\/pages\/5460\/revisions"}],"predecessor-version":[{"id":5461,"href":"https:\/\/dlx-media.com\/pl\/wp-json\/wp\/v2\/pages\/5460\/revisions\/5461"}],"up":[{"embeddable":true,"href":"https:\/\/dlx-media.com\/pl\/wp-json\/wp\/v2\/pages\/4979"}],"wp:featuredmedia":[{"embeddable":true,"href":"https:\/\/dlx-media.com\/pl\/wp-json\/wp\/v2\/media\/5456"}],"wp:attachment":[{"href":"https:\/\/dlx-media.com\/pl\/wp-json\/wp\/v2\/media?parent=5460"}],"curies":[{"name":"wp","href":"https:\/\/api.w.org\/{rel}","templated":true}]}}