{"id":5446,"date":"2024-08-14T17:35:18","date_gmt":"2024-08-14T15:35:18","guid":{"rendered":"https:\/\/dlx-media.com\/slowniczek\/mapa-cieplna\/"},"modified":"2024-08-14T17:36:32","modified_gmt":"2024-08-14T15:36:32","slug":"mapa-cieplna","status":"publish","type":"page","link":"https:\/\/dlx-media.com\/pl\/slowniczek\/mapa-cieplna\/","title":{"rendered":"Mapa cieplna"},"content":{"rendered":"<div class=\"wp-block-image\">\n<figure data-spectra-id=\"spectra-71914b6a-ba7e-4fa1-82d0-d492bc85939f\" class=\"aligncenter size-full\"><img loading=\"lazy\" decoding=\"async\" width=\"1792\" height=\"1024\" src=\"https:\/\/dlx-media.com\/file\/Marketing-Heatmaps.jpeg\" alt=\"Marketingowe mapy ciep&#x142;a\" class=\"wp-image-5440\" srcset=\"https:\/\/dlx-media.com\/wp-content\/uploads\/Marketing-Heatmaps.jpeg 1792w, https:\/\/dlx-media.com\/wp-content\/uploads\/Marketing-Heatmaps-350x200.jpeg 350w, https:\/\/dlx-media.com\/wp-content\/uploads\/Marketing-Heatmaps-1024x585.jpeg 1024w, https:\/\/dlx-media.com\/wp-content\/uploads\/Marketing-Heatmaps-768x439.jpeg 768w, https:\/\/dlx-media.com\/wp-content\/uploads\/Marketing-Heatmaps-1536x878.jpeg 1536w\" sizes=\"auto, (max-width: 1792px) 100vw, 1792px\" \/><\/figure>\n<\/div>\n<h3 class=\"wp-block-heading\">Pot\u0119\u017cne narz\u0119dzie do wizualizacji z\u0142o\u017conych danych<\/h3>\n\n<p class=\"wp-block-paragraph\">Mapa cieplna jest wszechstronnym i skutecznym narz\u0119dziem wizualizacji, kt\u00f3re jest wykorzystywane w wielu dziedzinach, takich jak analiza danych, projektowanie stron internetowych, do\u015bwiadczenie u\u017cytkownika (UX), a nawet medycyna.\nS\u0142u\u017cy do przek\u0142adania z\u0142o\u017conych ilo\u015bci danych na form\u0119 graficzn\u0105, kt\u00f3ra wizualizuje wzorce, trendy i anomalie na pierwszy rzut oka.\nU\u017cywaj\u0105c r\u00f3\u017cnych kolor\u00f3w do reprezentowania warto\u015bci danych, mapa cieplna umo\u017cliwia intuicyjne przechwytywanie informacji, kt\u00f3re w przeciwnym razie by\u0142yby trudno dost\u0119pne.  <\/p>\n\n<h4 class=\"wp-block-heading\">Czym jest mapa cieplna?<\/h4>\n\n<p class=\"wp-block-paragraph\">Mapa cieplna to graficzna reprezentacja, kt\u00f3ra ilustruje dane za pomoc\u0105 kolor\u00f3w.\nR\u00f3\u017cne odcienie kolor\u00f3w na mapie ciep\u0142a reprezentuj\u0105 r\u00f3\u017cne warto\u015bci lub intensywno\u015bci w analizowanych danych.\nZazwyczaj ciep\u0142e kolory, takie jak czerwony, pomara\u0144czowy i \u017c\u00f3\u0142ty, reprezentuj\u0105 wy\u017csze warto\u015bci lub intensywno\u015bci, podczas gdy ch\u0142odne kolory, takie jak niebieski i zielony, wskazuj\u0105 ni\u017csze warto\u015bci.\nTo wizualne kodowanie u\u0142atwia rozpoznanie na pierwszy rzut oka, kt\u00f3re obszary zestawu danych wyr\u00f3\u017cniaj\u0105 si\u0119, a kt\u00f3re s\u0105 mniej istotne.   <\/p>\n\n<h4 class=\"wp-block-heading\">Zastosowania i zalety map cieplnych<\/h4>\n\n<ol class=\"wp-block-list\">\n<li><strong>Analiza danych<\/strong>:\n<ul class=\"wp-block-list\">\n<li><strong>Korelacje i wzorce<\/strong>: Mapy cieplne s\u0105 wykorzystywane w analizie danych do wizualizacji korelacji mi\u0119dzy zmiennymi, cz\u0119stotliwo\u015bci zdarze\u0144 lub g\u0119sto\u015bci punkt\u00f3w danych.\nMog\u0105 na przyk\u0142ad pokazywa\u0107, jak silnie pewne cechy koreluj\u0105 ze sob\u0105 lub jak cz\u0119sto pewne zdarzenia wyst\u0119puj\u0105 w zestawie danych. <\/li>\n\n\n\n<li><strong>Identyfikacja anomalii<\/strong>: Anomalie lub warto\u015bci odstaj\u0105ce w du\u017cych zbiorach danych mo\u017cna szybko <strong>zidentyfikowa\u0107<\/strong>, wy\u015bwietlaj\u0105c punkty danych w kolorze.\nJest to szczeg\u00f3lnie przydatne w obszarach takich jak analiza finansowa, gdzie nietypowe wzorce musz\u0105 by\u0107 rozpoznawane na wczesnym etapie. <\/li>\n<\/ul>\n<\/li>\n\n\n\n<li><strong>Projektowanie stron internetowych i do\u015bwiadczenie u\u017cytkownika (UX)<\/strong>:\n<ul class=\"wp-block-list\">\n<li><strong>Wizualizacja zachowa\u0144 u\u017cytkownik\u00f3w<\/strong>: Mapy cieplne s\u0105 niezb\u0119dnym narz\u0119dziem w projektowaniu stron internetowych i optymalizacji do\u015bwiadcze\u0144 u\u017cytkownik\u00f3w.\nPokazuj\u0105 one, kt\u00f3re cz\u0119\u015bci strony internetowej przyci\u0105gaj\u0105 najwi\u0119ksz\u0105 uwag\u0119 u\u017cytkownik\u00f3w poprzez wizualizacj\u0119 klikni\u0119\u0107, ruch\u00f3w przewijania i aktywno\u015bci myszy.\nNa przyk\u0142ad, mapa cieplna mo\u017ce pokaza\u0107, \u017ce okre\u015blony przycisk jest cz\u0119sto klikany, podczas gdy inne wa\u017cne elementy strony s\u0105 ignorowane.  <\/li>\n\n\n\n<li><strong>Optymalizacja strony internetowej<\/strong>: Analizuj\u0105c dane mapy cieplnej, projektanci stron internetowych i eksperci UX mog\u0105 dostosowa\u0107 struktur\u0119 i projekt strony internetowej, aby poprawi\u0107 u\u017cyteczno\u015b\u0107 i zwi\u0119kszy\u0107 wsp\u00f3\u0142czynnik konwersji.\nNa przyk\u0142ad mog\u0105 zda\u0107 sobie spraw\u0119, \u017ce u\u017cytkownicy nie klikaj\u0105 w niekt\u00f3re linki, poniewa\u017c s\u0105 one \u017ale umieszczone lub nie s\u0105 wystarczaj\u0105co jasne. <\/li>\n<\/ul>\n<\/li>\n\n\n\n<li><strong>Wizualizacja medyczna<\/strong>:\n<ul class=\"wp-block-list\">\n<li><strong>Wizualizacja danych medycznych<\/strong>: W medycynie mapy cieplne s\u0105 cz\u0119sto wykorzystywane do wizualizacji danych z procedur obrazowania medycznego, takich jak rezonans magnetyczny lub tomografia komputerowa.\nMog\u0105 one na przyk\u0142ad pom\u00f3c w wyr\u00f3\u017cnieniu obszar\u00f3w w m\u00f3zgu lub innych narz\u0105dach, kt\u00f3re wykazuj\u0105 zwi\u0119kszon\u0105 aktywno\u015b\u0107 lub s\u0105 dotkni\u0119te chorob\u0105. <\/li>\n\n\n\n<li><strong>Analiza danych pacjent\u00f3w<\/strong>: Mapy cieplne mog\u0105 by\u0107 r\u00f3wnie\u017c wykorzystywane do analizowania danych pacjent\u00f3w na du\u017c\u0105 skal\u0119 i identyfikowania wzorc\u00f3w lub trend\u00f3w, kt\u00f3re mog\u0105 wskazywa\u0107 na pewne zagro\u017cenia dla zdrowia.<\/li>\n<\/ul>\n<\/li>\n\n\n\n<li><strong>Biznes i marketing<\/strong>:\n<ul class=\"wp-block-list\">\n<li><strong>Wzorce zachowa\u0144 w handlu detalicznym<\/strong>: Mapy cieplne s\u0105 wykorzystywane w handlu detalicznym do analizy zachowa\u0144 klient\u00f3w w sklepach fizycznych.\nMog\u0105 one pokazywa\u0107, kt\u00f3re obszary sklepu ciesz\u0105 si\u0119 najwi\u0119kszym zainteresowaniem i kt\u00f3re produkty klienci ogl\u0105daj\u0105 lub kupuj\u0105 najcz\u0119\u015bciej. <\/li>\n\n\n\n<li><strong>Zwi\u0119kszanie skuteczno\u015bci reklam<\/strong>: w marketingu cyfrowym mapy cieplne pomagaj\u0105 oceni\u0107 skuteczno\u015b\u0107 kampanii reklamowych online, pokazuj\u0105c, kt\u00f3re reklamy lub promocje generuj\u0105 najwi\u0119cej interakcji.<\/li>\n<\/ul>\n<\/li>\n<\/ol>\n\n<h4 class=\"wp-block-heading\">Rodzaje map ciep\u0142a<\/h4>\n\n<p class=\"wp-block-paragraph\">Istniej\u0105 r\u00f3\u017cne rodzaje map cieplnych, kt\u00f3re mog\u0105 by\u0107 u\u017cywane w zale\u017cno\u015bci od zastosowania:<\/p>\n\n<ol class=\"wp-block-list\">\n<li><strong>Kliknij mapy popularno\u015bci<\/strong>:\n<ul class=\"wp-block-list\">\n<li><strong>Definicja<\/strong>: Ten rodzaj mapy cieplnej pokazuje, gdzie u\u017cytkownicy najcz\u0119\u015bciej klikaj\u0105 na stronie internetowej.\nMapy klikni\u0119\u0107 s\u0105 szczeg\u00f3lnie przydatne do zrozumienia, kt\u00f3re linki, przyciski lub obrazy przyci\u0105gaj\u0105 najwi\u0119cej uwagi. <\/li>\n\n\n\n<li><strong>Zastosowanie<\/strong>: Firmy mog\u0105 wykorzysta\u0107 te informacje do optymalizacji swojej strony internetowej poprzez umieszczenie wa\u017cnych element\u00f3w wezwania do dzia\u0142ania w miejscach, kt\u00f3re s\u0105 najcz\u0119\u015bciej klikane.<\/li>\n<\/ul>\n<\/li>\n\n\n\n<li><strong>Przewijanie map ciep\u0142a<\/strong>:\n<ul class=\"wp-block-list\">\n<li><strong>Definicja<\/strong>: Mapy przewijania pokazuj\u0105, jak daleko u\u017cytkownicy przewijaj\u0105 stron\u0119 internetow\u0105.\nInformacje te mog\u0105 ujawni\u0107, kt\u00f3re cz\u0119\u015bci strony pozostaj\u0105 w widoku u\u017cytkownika przez wi\u0119kszo\u015b\u0107 czasu, a kt\u00f3re s\u0105 ignorowane. <\/li>\n\n\n\n<li><strong>Zastosowanie<\/strong>: Scroll heatmaps pomagaj\u0105 pozycjonowa\u0107 tre\u015bci w taki spos\u00f3b, aby najwa\u017cniejsze informacje i oferty nie znika\u0142y &#8222;pod radarem&#8221;.<\/li>\n<\/ul>\n<\/li>\n\n\n\n<li><strong>Mapy cieplne ruchu myszy:<\/strong>\n<ul class=\"wp-block-list\">\n<li><strong>Definicja<\/strong>: Te mapy cieplne wizualizuj\u0105 ruchy myszy na stronie, co jest cz\u0119sto wykorzystywane jako wska\u017anik uwagi u\u017cytkownika.<\/li>\n\n\n\n<li><strong>Zastosowanie<\/strong>: Dostarczaj\u0105 informacji o tym, kt\u00f3re obszary witryny s\u0105 atrakcyjne wizualnie, a kt\u00f3re mog\u0105 wymaga\u0107 zmiany w celu zwi\u0119kszenia interakcji u\u017cytkownika.<\/li>\n<\/ul>\n<\/li>\n\n\n\n<li><strong>Mapy cieplne \u015bledzenia ruchu ga\u0142ek ocznych<\/strong>:\n<ul class=\"wp-block-list\">\n<li><strong>Definicja<\/strong>: Te mapy cieplne pokazuj\u0105, gdzie u\u017cytkownicy sp\u0119dzaj\u0105 najwi\u0119cej czasu z oczami.\nS\u0105 one wynikiem bada\u0144 eye trackingowych i oferuj\u0105 g\u0142\u0119boki wgl\u0105d w uwag\u0119 wizualn\u0105 u\u017cytkownik\u00f3w. <\/li>\n\n\n\n<li><strong>Zastosowanie<\/strong>: \u015aledz\u0105ce wzrok mapy cieplne s\u0105 cz\u0119sto wykorzystywane w bran\u017cy reklamowej i medialnej, aby zapewni\u0107 prawid\u0142owe rozmieszczenie wa\u017cnych komunikat\u00f3w i element\u00f3w wizualnych.<\/li>\n<\/ul>\n<\/li>\n<\/ol>\n\n<h4 class=\"wp-block-heading\">Zalety map cieplnych<\/h4>\n\n<ol class=\"wp-block-list\">\n<li><strong>Szybkie przechwytywanie z\u0142o\u017conych danych<\/strong>:\n<ul class=\"wp-block-list\">\n<li><strong>Przejrzysto\u015b\u0107 wizualna<\/strong>: Mapy cieplne zapewniaj\u0105 natychmiastow\u0105 wizualn\u0105 reprezentacj\u0119 danych, umo\u017cliwiaj\u0105c szybk\u0105 identyfikacj\u0119 trend\u00f3w, wzorc\u00f3w i anomalii bez konieczno\u015bci przeprowadzania obszernej analizy numerycznej.<\/li>\n\n\n\n<li><strong>Intuicyjna obs\u0142uga<\/strong>: Nawet bez dog\u0142\u0119bnej wiedzy technicznej u\u017cytkownicy mog\u0105 podejmowa\u0107 uzasadnione decyzje, korzystaj\u0105c z map ciep\u0142a, poniewa\u017c wizualizacja jest intuicyjna i \u0142atwa do zrozumienia.<\/li>\n<\/ul>\n<\/li>\n\n\n\n<li><strong>Usprawnienie procesu podejmowania decyzji<\/strong>:\n<ul class=\"wp-block-list\">\n<li><strong>Optymalizacja oparta na danych<\/strong>: Korzystaj\u0105c z map ciep\u0142a, firmy mog\u0105 podejmowa\u0107 \u015bwiadome decyzje w oparciu o rzeczywiste dane u\u017cytkownik\u00f3w.\nProwadzi to do ukierunkowanych ulepsze\u0144 i zwi\u0119kszonej wydajno\u015bci. <\/li>\n\n\n\n<li><strong>Identyfikacja potencja\u0142u optymalizacji<\/strong>: Mapy cieplne pomagaj\u0105 zidentyfikowa\u0107 s\u0142abe punkty i niewykorzystany potencja\u0142 na stronach internetowych i w innych aplikacjach, prowadz\u0105c do lepszych do\u015bwiadcze\u0144 u\u017cytkownik\u00f3w i zwi\u0119kszenia wsp\u00f3\u0142czynnik\u00f3w konwersji.<\/li>\n<\/ul>\n<\/li>\n\n\n\n<li><strong>Adaptacja i optymalizacja w czasie rzeczywistym<\/strong>:\n<ul class=\"wp-block-list\">\n<li><strong>Natychmiastowa informacja zwrotna<\/strong>: Poniewa\u017c mapy cieplne s\u0105 oparte na rzeczywistych danych u\u017cytkownik\u00f3w, oferuj\u0105 firmom mo\u017cliwo\u015b\u0107 dostosowania swoich strategii w czasie rzeczywistym, a tym samym szybkiego reagowania na zmieniaj\u0105ce si\u0119 nawyki u\u017cytkownik\u00f3w.<\/li>\n\n\n\n<li><strong>Testy A\/B i eksperymenty<\/strong>: Mapy cieplne mog\u0105 by\u0107 u\u017cywane w po\u0142\u0105czeniu z testami A\/B do analizowania efekt\u00f3w zmian na stronie internetowej lub w aplikacji i identyfikowania najskuteczniejszych wariant\u00f3w.<\/li>\n<\/ul>\n<\/li>\n<\/ol>\n\n<h4 class=\"wp-block-heading\">Wyzwania i rozwa\u017cania<\/h4>\n\n<p class=\"wp-block-paragraph\">Chocia\u017c mapy cieplne s\u0105 pot\u0119\u017cnym narz\u0119dziem, istniej\u0105 r\u00f3wnie\u017c wyzwania i aspekty, kt\u00f3re nale\u017cy wzi\u0105\u0107 pod uwag\u0119 podczas ich u\u017cywania:<\/p>\n\n<ol class=\"wp-block-list\">\n<li><strong>Interpretacja danych<\/strong>:\n<ul class=\"wp-block-list\">\n<li><strong>Zale\u017cno\u015b\u0107 od kontekstu<\/strong>: Interpretacja map ciep\u0142a wymaga zrozumienia kontekstu, w kt\u00f3rym dane zosta\u0142y zebrane.\nNa przyk\u0142ad, mapa cieplna mo\u017ce pokazywa\u0107, \u017ce obszar strony internetowej otrzymuje du\u017co klikni\u0119\u0107, ale bez kontekstu trudno jest stwierdzi\u0107, czy jest to dobre, czy z\u0142e. <\/li>\n\n\n\n<li><strong>Analizy uzupe\u0142niaj\u0105ce<\/strong>: Mapy ciep\u0142a nie powinny by\u0107 rozpatrywane oddzielnie.\nS\u0105 one najbardziej przydatne, gdy s\u0105 u\u017cywane w po\u0142\u0105czeniu z innymi narz\u0119dziami analitycznymi i metrykami, aby uzyska\u0107 pe\u0142ny obraz zachowa\u0144 u\u017cytkownik\u00f3w. <\/li>\n<\/ul>\n<\/li>\n\n\n\n<li><strong>Wymagania techniczne<\/strong>:\n<ul class=\"wp-block-list\">\n<li><strong>Gromadzenie danych<\/strong>: Tworzenie map ciep\u0142a wymaga gromadzenia obszernych danych o u\u017cytkownikach, co wymaga zasob\u00f3w technicznych i uwzgl\u0119dnienia kwestii ochrony danych.<\/li>\n\n\n\n<li><strong>Narz\u0119dzia i platformy<\/strong>: Istnieje wiele narz\u0119dzi do tworzenia map cieplnych, kt\u00f3re oferuj\u0105 szerok\u0105 gam\u0119 funkcji.\nFirmy musz\u0105 wybra\u0107 odpowiednie narz\u0119dzia, kt\u00f3re spe\u0142niaj\u0105 ich specyficzne wymagania. <\/li>\n<\/ul>\n<\/li>\n<\/ol>\n\n<h4 class=\"wp-block-heading\">Wnioski<\/h4>\n\n<p class=\"wp-block-paragraph\">Mapy cieplne s\u0105 niezwykle cennym narz\u0119dziem do wizualizacji i analizy danych i s\u0105 wykorzystywane w wielu dziedzinach.\nOferuj\u0105 prosty i skuteczny spos\u00f3b wizualizacji z\u0142o\u017conych informacji w zrozumia\u0142y spos\u00f3b i umo\u017cliwiaj\u0105 firmom i ekspertom podejmowanie \u015bwiadomych decyzji w oparciu o rzeczywiste dane.\nNiezale\u017cnie od tego, czy chodzi o projektowanie stron internetowych, analiz\u0119 danych czy medycyn\u0119, wykorzystanie map cieplnych mo\u017ce w decyduj\u0105cy spos\u00f3b przyczyni\u0107 si\u0119 do rozpoznawania wzorc\u00f3w, optymalizacji do\u015bwiadcze\u0144 u\u017cytkownik\u00f3w i ostatecznie zwi\u0119kszenia sukcesu projekt\u00f3w i strategii biznesowych.\nW \u015bwiecie, w kt\u00f3rym dane staj\u0105 si\u0119 coraz wa\u017cniejsze, mapy cieplne s\u0105 niezb\u0119dnym narz\u0119dziem do utrzymywania przegl\u0105du i uzyskiwania jasnych, praktycznych spostrze\u017ce\u0144.   <\/p>\n","protected":false},"excerpt":{"rendered":"<p>Pot\u0119\u017cne narz\u0119dzie do wizualizacji z\u0142o\u017conych danych Mapa cieplna jest wszechstronnym i skutecznym narz\u0119dziem wizualizacji, kt\u00f3re jest wykorzystywane w wielu dziedzinach, takich jak analiza danych, projektowanie stron internetowych, do\u015bwiadczenie u\u017cytkownika (UX), a nawet medycyna. S\u0142u\u017cy do przek\u0142adania z\u0142o\u017conych ilo\u015bci danych na<\/p>\n","protected":false},"author":2332,"featured_media":5442,"parent":4979,"menu_order":0,"comment_status":"closed","ping_status":"closed","template":"","meta":{"_seopress_robots_primary_cat":"","_seopress_titles_title":"Mapy cieplne: Wizualne narz\u0119dzia do analizy danych i UX %%sitetitle%%","_seopress_titles_desc":"Odkryj, jak mapy cieplne intuicyjnie reprezentuj\u0105 z\u0142o\u017cone dane i rewolucjonizuj\u0105 takie obszary, jak projektowanie stron internetowych, UX i medycyna.","_seopress_robots_index":"","_crdt_document":"","_uag_custom_page_level_css":"","spectra_gs_classes":"","footnotes":""},"class_list":["post-5446","page","type-page","status-publish","has-post-thumbnail","hentry"],"spectra_custom_meta":{"_top_nav_excluded":[""],"_cms_nav_minihome":[""],"_seopress_titles_title":["Mapy cieplne: Wizualne narz\u0119dzia do analizy danych i UX %%sitetitle%%"],"_seopress_titles_desc":["Odkryj, jak mapy cieplne intuicyjnie reprezentuj\u0105 z\u0142o\u017cone dane i rewolucjonizuj\u0105 takie obszary, jak projektowanie stron internetowych, UX i medycyna."],"_seopress_redirections_logged_status":["oba"],"_seopress_redirections_type":["301"],"_thumbnail_id":["5442"],"_wp_page_template":[""],"_last_translation_edit_mode":["translation-editor"],"_uagb_previous_block_counts":["a:90:{s:21:\"uagb\/advanced-heading\";i:0;s:15:\"uagb\/blockquote\";i:0;s:12:\"uagb\/buttons\";i:0;s:18:\"uagb\/buttons-child\";i:0;s:19:\"uagb\/call-to-action\";i:0;s:15:\"uagb\/cf7-styler\";i:0;s:11:\"uagb\/column\";i:0;s:12:\"uagb\/columns\";i:0;s:14:\"uagb\/container\";i:0;s:21:\"uagb\/content-timeline\";i:0;s:27:\"uagb\/content-timeline-child\";i:0;s:14:\"uagb\/countdown\";i:0;s:12:\"uagb\/counter\";i:0;s:8:\"uagb\/faq\";i:0;s:14:\"uagb\/faq-child\";i:0;s:10:\"uagb\/forms\";i:0;s:17:\"uagb\/forms-accept\";i:0;s:19:\"uagb\/forms-checkbox\";i:0;s:15:\"uagb\/forms-date\";i:0;s:16:\"uagb\/forms-email\";i:0;s:17:\"uagb\/forms-hidden\";i:0;s:15:\"uagb\/forms-name\";i:0;s:16:\"uagb\/forms-phone\";i:0;s:16:\"uagb\/forms-radio\";i:0;s:17:\"uagb\/forms-select\";i:0;s:19:\"uagb\/forms-textarea\";i:0;s:17:\"uagb\/forms-toggle\";i:0;s:14:\"uagb\/forms-url\";i:0;s:14:\"uagb\/gf-styler\";i:0;s:15:\"uagb\/google-map\";i:0;s:11:\"uagb\/how-to\";i:0;s:16:\"uagb\/how-to-step\";i:0;s:9:\"uagb\/icon\";i:0;s:14:\"uagb\/icon-list\";i:0;s:20:\"uagb\/icon-list-child\";i:0;s:10:\"uagb\/image\";i:0;s:18:\"uagb\/image-gallery\";i:0;s:13:\"uagb\/info-box\";i:0;s:18:\"uagb\/inline-notice\";i:0;s:11:\"uagb\/lottie\";i:0;s:21:\"uagb\/marketing-button\";i:0;s:10:\"uagb\/modal\";i:0;s:18:\"uagb\/popup-builder\";i:0;s:16:\"uagb\/post-button\";i:0;s:18:\"uagb\/post-carousel\";i:0;s:17:\"uagb\/post-excerpt\";i:0;s:14:\"uagb\/post-grid\";i:0;s:15:\"uagb\/post-image\";i:0;s:17:\"uagb\/post-masonry\";i:0;s:14:\"uagb\/post-meta\";i:0;s:18:\"uagb\/post-taxonomy\";i:0;s:18:\"uagb\/post-timeline\";i:0;s:15:\"uagb\/post-title\";i:0;s:20:\"uagb\/restaurant-menu\";i:0;s:26:\"uagb\/restaurant-menu-child\";i:0;s:11:\"uagb\/review\";i:0;s:12:\"uagb\/section\";i:0;s:14:\"uagb\/separator\";i:0;s:11:\"uagb\/slider\";i:0;s:17:\"uagb\/slider-child\";i:0;s:17:\"uagb\/social-share\";i:0;s:23:\"uagb\/social-share-child\";i:0;s:16:\"uagb\/star-rating\";i:0;s:23:\"uagb\/sure-cart-checkout\";i:0;s:22:\"uagb\/sure-cart-product\";i:0;s:15:\"uagb\/sure-forms\";i:0;s:22:\"uagb\/table-of-contents\";i:0;s:9:\"uagb\/tabs\";i:0;s:15:\"uagb\/tabs-child\";i:0;s:18:\"uagb\/taxonomy-list\";i:0;s:9:\"uagb\/team\";i:0;s:16:\"uagb\/testimonial\";i:0;s:14:\"uagb\/wp-search\";i:0;s:19:\"uagb\/instagram-feed\";i:0;s:10:\"uagb\/login\";i:0;s:17:\"uagb\/loop-builder\";i:0;s:18:\"uagb\/loop-category\";i:0;s:20:\"uagb\/loop-pagination\";i:0;s:15:\"uagb\/loop-reset\";i:0;s:16:\"uagb\/loop-search\";i:0;s:14:\"uagb\/loop-sort\";i:0;s:17:\"uagb\/loop-wrapper\";i:0;s:13:\"uagb\/register\";i:0;s:19:\"uagb\/register-email\";i:0;s:24:\"uagb\/register-first-name\";i:0;s:23:\"uagb\/register-last-name\";i:0;s:22:\"uagb\/register-password\";i:0;s:30:\"uagb\/register-reenter-password\";i:0;s:19:\"uagb\/register-terms\";i:0;s:22:\"uagb\/register-username\";i:0;}"],"_uag_page_assets":["a:9:{s:3:\"css\";s:263:\".uag-blocks-common-selector{z-index:var(--z-index-desktop) !important}@media (max-width: 976px){.uag-blocks-common-selector{z-index:var(--z-index-tablet) !important}}@media (max-width: 767px){.uag-blocks-common-selector{z-index:var(--z-index-mobile) !important}}\n\";s:2:\"js\";s:0:\"\";s:18:\"current_block_list\";a:5:{i:0;s:10:\"core\/image\";i:1;s:12:\"core\/heading\";i:2;s:14:\"core\/paragraph\";i:3;s:9:\"core\/list\";i:4;s:14:\"core\/list-item\";}s:8:\"uag_flag\";b:0;s:11:\"uag_version\";s:10:\"1776768691\";s:6:\"gfonts\";a:0:{}s:10:\"gfonts_url\";s:0:\"\";s:12:\"gfonts_files\";a:0:{}s:14:\"uag_faq_layout\";b:0;}"],"_uag_css_file_name":["uag-css-5446.css"]},"uagb_featured_image_src":{"full":["https:\/\/dlx-media.com\/wp-content\/uploads\/Marketing-Heatmaps.jpeg",1792,1024,false],"thumbnail":["https:\/\/dlx-media.com\/wp-content\/uploads\/Marketing-Heatmaps-250x250.jpeg",250,250,true],"medium":["https:\/\/dlx-media.com\/wp-content\/uploads\/Marketing-Heatmaps-350x200.jpeg",350,200,true],"medium_large":["https:\/\/dlx-media.com\/wp-content\/uploads\/Marketing-Heatmaps-768x439.jpeg",768,439,true],"large":["https:\/\/dlx-media.com\/wp-content\/uploads\/Marketing-Heatmaps-1024x585.jpeg",1024,585,true],"1536x1536":["https:\/\/dlx-media.com\/wp-content\/uploads\/Marketing-Heatmaps-1536x878.jpeg",1536,878,true],"2048x2048":["https:\/\/dlx-media.com\/wp-content\/uploads\/Marketing-Heatmaps.jpeg",1792,1024,false],"suffice-thumbnail-grid":["https:\/\/dlx-media.com\/wp-content\/uploads\/Marketing-Heatmaps-750x420.jpeg",750,420,true],"suffice-thumbnail-featured-one":["https:\/\/dlx-media.com\/wp-content\/uploads\/Marketing-Heatmaps-295x525.jpeg",295,525,true],"suffice-thumbnail-featured-two":["https:\/\/dlx-media.com\/wp-content\/uploads\/Marketing-Heatmaps-1140x504.jpeg",1140,504,true],"suffice-thumbnail-portfolio":["https:\/\/dlx-media.com\/wp-content\/uploads\/Marketing-Heatmaps-572x552.jpeg",572,552,true],"suffice-thumbnail-portfolio-masonry":["https:\/\/dlx-media.com\/wp-content\/uploads\/Marketing-Heatmaps-572x652.jpeg",572,652,true]},"uagb_author_info":{"display_name":"DLxMedia","author_link":"https:\/\/dlx-media.com\/pl"},"uagb_comment_info":0,"uagb_excerpt":"Pot\u0119\u017cne narz\u0119dzie do wizualizacji z\u0142o\u017conych danych Mapa cieplna jest wszechstronnym i skutecznym narz\u0119dziem wizualizacji, kt\u00f3re jest wykorzystywane w wielu dziedzinach, takich jak analiza danych, projektowanie stron internetowych, do\u015bwiadczenie u\u017cytkownika (UX), a nawet medycyna. S\u0142u\u017cy do przek\u0142adania z\u0142o\u017conych ilo\u015bci danych na","_links":{"self":[{"href":"https:\/\/dlx-media.com\/pl\/wp-json\/wp\/v2\/pages\/5446","targetHints":{"allow":["GET"]}}],"collection":[{"href":"https:\/\/dlx-media.com\/pl\/wp-json\/wp\/v2\/pages"}],"about":[{"href":"https:\/\/dlx-media.com\/pl\/wp-json\/wp\/v2\/types\/page"}],"author":[{"embeddable":true,"href":"https:\/\/dlx-media.com\/pl\/wp-json\/wp\/v2\/users\/2332"}],"replies":[{"embeddable":true,"href":"https:\/\/dlx-media.com\/pl\/wp-json\/wp\/v2\/comments?post=5446"}],"version-history":[{"count":1,"href":"https:\/\/dlx-media.com\/pl\/wp-json\/wp\/v2\/pages\/5446\/revisions"}],"predecessor-version":[{"id":5447,"href":"https:\/\/dlx-media.com\/pl\/wp-json\/wp\/v2\/pages\/5446\/revisions\/5447"}],"up":[{"embeddable":true,"href":"https:\/\/dlx-media.com\/pl\/wp-json\/wp\/v2\/pages\/4979"}],"wp:featuredmedia":[{"embeddable":true,"href":"https:\/\/dlx-media.com\/pl\/wp-json\/wp\/v2\/media\/5442"}],"wp:attachment":[{"href":"https:\/\/dlx-media.com\/pl\/wp-json\/wp\/v2\/media?parent=5446"}],"curies":[{"name":"wp","href":"https:\/\/api.w.org\/{rel}","templated":true}]}}