{"id":5420,"date":"2024-08-13T18:21:06","date_gmt":"2024-08-13T16:21:06","guid":{"rendered":"https:\/\/dlx-media.com\/slowniczek\/naglowki\/"},"modified":"2024-08-13T18:25:30","modified_gmt":"2024-08-13T16:25:30","slug":"naglowki","status":"publish","type":"page","link":"https:\/\/dlx-media.com\/pl\/slowniczek\/naglowki\/","title":{"rendered":"Nag\u0142\u00f3wki"},"content":{"rendered":"<div class=\"wp-block-image\">\n<figure data-spectra-id=\"spectra-9d0345f0-75a3-4e1f-9746-829086ecd295\" class=\"aligncenter size-full\"><img loading=\"lazy\" decoding=\"async\" width=\"1792\" height=\"1024\" src=\"https:\/\/dlx-media.com\/file\/Headings.jpeg\" alt=\"Nag&#x142;&#xF3;wki\" class=\"wp-image-5412\" srcset=\"https:\/\/dlx-media.com\/wp-content\/uploads\/Headings.jpeg 1792w, https:\/\/dlx-media.com\/wp-content\/uploads\/Headings-350x200.jpeg 350w, https:\/\/dlx-media.com\/wp-content\/uploads\/Headings-1024x585.jpeg 1024w, https:\/\/dlx-media.com\/wp-content\/uploads\/Headings-768x439.jpeg 768w, https:\/\/dlx-media.com\/wp-content\/uploads\/Headings-1536x878.jpeg 1536w\" sizes=\"auto, (max-width: 1792px) 100vw, 1792px\" \/><\/figure>\n<\/div>\n<h3 class=\"wp-block-heading\">Znaczenie nag\u0142\u00f3wk\u00f3w (H1, H2, H3 itp.) dla SEO i do\u015bwiadczenia u\u017cytkownika<\/h3>\n\n<p class=\"wp-block-paragraph\">Nag\u0142\u00f3wki, znane r\u00f3wnie\u017c jako nag\u0142\u00f3wki, s\u0105 podstawowym elementem projektowania stron internetowych i krytycznym elementem optymalizacji pod k\u0105tem wyszukiwarek (SEO).\nDzia\u0142aj\u0105 one jako znaczniki strukturalne, kt\u00f3re nie tylko poprawiaj\u0105 czytelno\u015b\u0107 i nawigacj\u0119 tekstu, ale tak\u017ce pomagaj\u0105 wyszukiwarkom interpretowa\u0107 i ocenia\u0107 zawarto\u015b\u0107 strony internetowej.\nPrawid\u0142owe u\u017cycie i struktura nag\u0142\u00f3wk\u00f3w mo\u017ce stanowi\u0107 r\u00f3\u017cnic\u0119 mi\u0119dzy przeci\u0119tn\u0105 a wybitn\u0105 wydajno\u015bci\u0105 SEO.  <\/p>\n\n<h4 class=\"wp-block-heading\">Hierarchia nag\u0142\u00f3wk\u00f3w: od H1 do H6<\/h4>\n\n<p class=\"wp-block-paragraph\">Nag\u0142\u00f3wki s\u0105 zorganizowane w hierarchicznej strukturze od H1 do H6, przy czym ka\u017cdy poziom ma inne znaczenie i funkcj\u0119 w tek\u015bcie.<\/p>\n\n<ol class=\"wp-block-list\">\n<li><strong>H1: Tytu\u0142 g\u0142\u00f3wny<\/strong>:\n<ul class=\"wp-block-list\">\n<li><strong>G\u0142\u00f3wna rola<\/strong>: Nag\u0142\u00f3wek H1 jest najwa\u017cniejszym nag\u0142\u00f3wkiem na stronie.\nDzia\u0142a jako g\u0142\u00f3wny tytu\u0142 i daje zar\u00f3wno odwiedzaj\u0105cym, jak i wyszukiwarkom wyra\u017ane wskazanie g\u0142\u00f3wnego tematu strony. <\/li>\n\n\n\n<li><strong>Zastosowanie<\/strong>: Na typowej stronie internetowej nag\u0142\u00f3wek H1 powinien by\u0107 u\u017cyty tylko raz, aby jasno zdefiniowa\u0107 tre\u015b\u0107.\nJest to najwa\u017cniejszy sygna\u0142 dla wyszukiwarek, aby zrozumie\u0107 kontekst i skupienie tre\u015bci. <\/li>\n<\/ul>\n<\/li>\n\n\n\n<li><strong>H2: G\u0142\u00f3wne sekcje<\/strong>:\n<ul class=\"wp-block-list\">\n<li><strong>Funkcja<\/strong>: Nag\u0142\u00f3wki H2 s\u0142u\u017c\u0105 jako podtytu\u0142y i dziel\u0105 tre\u015b\u0107 na wa\u017cne sekcje.\nZapewniaj\u0105 logiczn\u0105 struktur\u0119 i u\u0142atwiaj\u0105 u\u017cytkownikom szybkie znalezienie odpowiednich informacji. <\/li>\n\n\n\n<li><strong>Elastyczno\u015b\u0107<\/strong>: W przeciwie\u0144stwie do nag\u0142\u00f3wka H1, nag\u0142\u00f3wek H2 mo\u017ce by\u0107 u\u017cyty kilka razy na stronie, aby podkre\u015bli\u0107 r\u00f3\u017cne g\u0142\u00f3wne punkty lub obszary tematyczne.<\/li>\n<\/ul>\n<\/li>\n\n\n\n<li><strong>H3 do H6: Podsekcje<\/strong>:\n<ul class=\"wp-block-list\">\n<li><strong>Szczeg\u00f3\u0142owa struktura<\/strong>: Te poziomy nag\u0142\u00f3wk\u00f3w s\u0105 u\u017cywane do dalszego podzia\u0142u i okre\u015blenia tre\u015bci.\nNa przyk\u0142ad nag\u0142\u00f3wki H3 mog\u0105 by\u0107 u\u017cywane jako podtytu\u0142y w sekcji H2 w celu przedstawienia dodatkowych szczeg\u00f3\u0142\u00f3w lub podsekcji. <\/li>\n\n\n\n<li><strong>Hierarchiczna przejrzysto\u015b\u0107<\/strong>: Ka\u017cdy poziom powinien by\u0107 u\u017cywany w logicznej kolejno\u015bci, aby stworzy\u0107 przejrzyst\u0105 hierarchi\u0119, kt\u00f3ra jest zrozumia\u0142a zar\u00f3wno dla u\u017cytkownik\u00f3w, jak i wyszukiwarek.<\/li>\n<\/ul>\n<\/li>\n<\/ol>\n\n<h4 class=\"wp-block-heading\">SEO i rola nag\u0142\u00f3wk\u00f3w<\/h4>\n\n<p class=\"wp-block-paragraph\">Struktura strony internetowej za pomoc\u0105 nag\u0142\u00f3wk\u00f3w ma znacz\u0105cy wp\u0142yw na jej widoczno\u015b\u0107 w wyszukiwarkach.\nWyszukiwarki takie jak Google analizuj\u0105 nag\u0142\u00f3wki, aby zrozumie\u0107 tre\u015b\u0107 i oceni\u0107 jej znaczenie dla konkretnych zapyta\u0144.\nEfektywne wykorzystanie nag\u0142\u00f3wk\u00f3w mo\u017ce zwi\u0119kszy\u0107 szanse na pojawienie si\u0119 strony wy\u017cej w wynikach wyszukiwania.  <\/p>\n\n<ol class=\"wp-block-list\">\n<li><strong>Sygna\u0142y trafno\u015bci dla wyszukiwarek<\/strong>:\n<ul class=\"wp-block-list\">\n<li><strong>Integracja s\u0142\u00f3w kluczowych<\/strong>: Umieszczenie odpowiednich s\u0142\u00f3w kluczowych w nag\u0142\u00f3wkach, zw\u0142aszcza w H1 i H2, mo\u017ce zwi\u0119kszy\u0107 znaczenie strony dla niekt\u00f3rych zapyta\u0144 wyszukiwania.\nWyszukiwarki rozpoznaj\u0105 te s\u0142owa kluczowe i odpowiednio pozycjonuj\u0105 stron\u0119. <\/li>\n\n\n\n<li><strong>Struktura semantyczna<\/strong>: Dobrze skonstruowana strona z przejrzystymi, hierarchicznie uporz\u0105dkowanymi nag\u0142\u00f3wkami pomaga wyszukiwarkom lepiej zrozumie\u0107 i skategoryzowa\u0107 tre\u015b\u0107.\nMo\u017ce to mie\u0107 pozytywny wp\u0142yw na ranking. <\/li>\n<\/ul>\n<\/li>\n\n\n\n<li><strong>Poprawa do\u015bwiadczenia u\u017cytkownika (UX)<\/strong>:\n<ul class=\"wp-block-list\">\n<li><strong>Czytelno\u015b\u0107<\/strong>: Nag\u0142\u00f3wki znacznie poprawiaj\u0105 czytelno\u015b\u0107 tekstu, dziel\u0105c tre\u015b\u0107 na \u0142atwe do zarz\u0105dzania sekcje.\nU\u0142atwia to u\u017cytkownikom skanowanie tekstu i szybkie znajdowanie poszukiwanych informacji. <\/li>\n\n\n\n<li><strong>Nawigacja<\/strong>: Na d\u0142u\u017cszych stronach nag\u0142\u00f3wki s\u0142u\u017c\u0105 r\u00f3wnie\u017c jako punkty zaczepienia, kt\u00f3re pomagaj\u0105 u\u017cytkownikom lepiej si\u0119 orientowa\u0107 i nawigowa\u0107 mi\u0119dzy sekcjami.<\/li>\n<\/ul>\n<\/li>\n\n\n\n<li><strong>Unikanie typowych b\u0142\u0119d\u00f3w<\/strong>:\n<ul class=\"wp-block-list\">\n<li><strong>Nadu\u017cywanie H1<\/strong>: Cz\u0119stym b\u0142\u0119dem jest wielokrotne u\u017cywanie nag\u0142\u00f3wka H1 na stronie.\nChocia\u017c mo\u017ce to by\u0107 dopuszczalne w niekt\u00f3rych szczeg\u00f3lnych przypadkach, takich jak HTML5 i na stronach przegl\u0105dowych, w wi\u0119kszo\u015bci przypadk\u00f3w nale\u017cy tego unika\u0107, aby zapobiec dezorientacji wyszukiwarek. <\/li>\n\n\n\n<li><strong>Nielogiczna hierarchia<\/strong>: Kolejno\u015b\u0107 nag\u0142\u00f3wk\u00f3w powinna by\u0107 zawsze logiczna i sp\u00f3jna.\nPomijanie poziom\u00f3w, takich jak bezpo\u015brednie przej\u015bcie z H2 do H4 bez u\u017cycia nag\u0142\u00f3wka H3, mo\u017ce sprawi\u0107, \u017ce struktura b\u0119dzie niejasna i mie\u0107 negatywny wp\u0142yw na wydajno\u015b\u0107 SEO. <\/li>\n<\/ul>\n<\/li>\n<\/ol>\n\n<h4 class=\"wp-block-heading\">Wyj\u0105tki i najlepsze praktyki<\/h4>\n\n<p class=\"wp-block-paragraph\">Podczas gdy og\u00f3lna zasada m\u00f3wi, \u017ce nag\u0142\u00f3wek H1 powinien by\u0107 u\u017cywany tylko raz na stron\u0119, istniej\u0105 pewne sytuacje, w kt\u00f3rych zasada ta mo\u017ce by\u0107 stosowana elastycznie.<\/p>\n\n<ol class=\"wp-block-list\">\n<li><strong>Strony przegl\u0105dowe i HTML5<\/strong>:\n<ul class=\"wp-block-list\">\n<li><strong>Wiele znacznik\u00f3w H1<\/strong>: Na stronach przegl\u0105dowych, takich jak blogi lub strony z wiadomo\u015bciami utworzone za pomoc\u0105 HTML5, przydatne mo\u017ce by\u0107 u\u017cycie wielu znacznik\u00f3w H1 w celu wyra\u017anego zidentyfikowania r\u00f3\u017cnych sekcji lub temat\u00f3w.\nTa elastyczno\u015b\u0107 umo\u017cliwia lepsz\u0105 struktur\u0119 obszernych tre\u015bci. <\/li>\n\n\n\n<li><strong>Przejrzysto\u015b\u0107 i sp\u00f3jno\u015b\u0107<\/strong>: Nawet w przypadku korzystania z wielu tag\u00f3w H1, hierarchia i struktura powinny pozosta\u0107 przejrzyste, aby zapewni\u0107 zar\u00f3wno u\u017cytkownikom, jak i wyszukiwarkom zrozumia\u0142\u0105 i logiczn\u0105 nawigacj\u0119.<\/li>\n<\/ul>\n<\/li>\n\n\n\n<li><strong>Wykorzystanie H2 i ni\u017cszych poziom\u00f3w<\/strong>:\n<ul class=\"wp-block-list\">\n<li><strong>Wielokrotne u\u017cycie H2<\/strong>: Nag\u0142\u00f3wki H2 mog\u0105 i powinny by\u0107 u\u017cywane kilka razy, aby podzieli\u0107 tre\u015b\u0107 na jasno okre\u015blone g\u0142\u00f3wne sekcje.\nPromuje to czytelno\u015b\u0107 i u\u0142atwia nawigacj\u0119 w tek\u015bcie. <\/li>\n\n\n\n<li><strong>Elastyczne wykorzystanie nag\u0142\u00f3wk\u00f3w od H3 do H6<\/strong>: Nag\u0142\u00f3wki te mog\u0105 by\u0107 wykorzystywane do tworzenia dalszych podzia\u0142\u00f3w i szczeg\u00f3\u0142owej struktury tre\u015bci.\nPowinny by\u0107 one jednak zawsze u\u017cywane w logicznej kolejno\u015bci, aby stworzy\u0107 jasn\u0105 i zrozumia\u0142\u0105 hierarchi\u0119. <\/li>\n<\/ul>\n<\/li>\n<\/ol>\n\n<h4 class=\"wp-block-heading\">Wnioski<\/h4>\n\n<p class=\"wp-block-paragraph\">Nag\u0142\u00f3wki to znacznie wi\u0119cej ni\u017c tylko decyzja estetyczna w projektowaniu stron internetowych.\nS\u0105 one podstawowym narz\u0119dziem do strukturyzacji tre\u015bci, kt\u00f3re ma znacz\u0105cy wp\u0142yw zar\u00f3wno na optymalizacj\u0119 pod k\u0105tem wyszukiwarek, jak i na wra\u017cenia u\u017cytkownika.\nDzi\u0119ki przemy\u015blanemu i strategicznemu wykorzystaniu nag\u0142\u00f3wk\u00f3w, w\u0142a\u015bciciele stron internetowych mog\u0105 poprawi\u0107 czytelno\u015b\u0107, u\u0142atwi\u0107 nawigacj\u0119 i zwi\u0119kszy\u0107 widoczno\u015b\u0107 w wyszukiwarkach.\nW \u015bwiecie, w kt\u00f3rym konkurencja o uwag\u0119 u\u017cytkownika jest zaci\u0119ta, efektywne wykorzystanie nag\u0142\u00f3wk\u00f3w oferuje decyduj\u0105c\u0105 przewag\u0119 w maksymalizacji trafno\u015bci i atrakcyjno\u015bci strony internetowej.   <\/p>\n","protected":false},"excerpt":{"rendered":"<p>Znaczenie nag\u0142\u00f3wk\u00f3w (H1, H2, H3 itp.) dla SEO i do\u015bwiadczenia u\u017cytkownika Nag\u0142\u00f3wki, znane r\u00f3wnie\u017c jako nag\u0142\u00f3wki, s\u0105 podstawowym elementem projektowania stron internetowych i krytycznym elementem optymalizacji pod k\u0105tem wyszukiwarek (SEO). Dzia\u0142aj\u0105 one jako znaczniki strukturalne, kt\u00f3re nie tylko poprawiaj\u0105 czytelno\u015b\u0107<\/p>\n","protected":false},"author":2332,"featured_media":5414,"parent":4979,"menu_order":0,"comment_status":"closed","ping_status":"closed","template":"","meta":{"_seopress_robots_primary_cat":"","_seopress_titles_title":"SEO-Leitfaden: Die Rolle von H1-H6 f\u00fcr Rankings & UX %%sep%% %%sitetitle%%","_seopress_titles_desc":"Entdecken Sie, wie Headings von H1 bis H6 die SEO und Benutzererfahrung verbessern. Strukturieren Sie Ihre Webseiten f\u00fcr bessere Sichtbarkeit und Navigation.","_seopress_robots_index":"","_crdt_document":"","_uag_custom_page_level_css":"","spectra_gs_classes":"","footnotes":""},"class_list":["post-5420","page","type-page","status-publish","has-post-thumbnail","hentry"],"spectra_custom_meta":{"_top_nav_excluded":[""],"_cms_nav_minihome":[""],"_seopress_titles_title":["SEO-Leitfaden: Die Rolle von H1-H6 f\u00fcr Rankings & UX %%sep%% %%sitetitle%%"],"_seopress_titles_desc":["Entdecken Sie, wie Headings von H1 bis H6 die SEO und Benutzererfahrung verbessern. Strukturieren Sie Ihre Webseiten f\u00fcr bessere Sichtbarkeit und Navigation."],"_seopress_redirections_logged_status":["both"],"_seopress_redirections_type":["301"],"_thumbnail_id":["5414"],"_last_translation_edit_mode":["translation-editor"],"_wp_page_template":[""],"_seopress_analysis_target_kw":[""],"_uagb_previous_block_counts":["a:90:{s:21:\"uagb\/advanced-heading\";i:0;s:15:\"uagb\/blockquote\";i:0;s:12:\"uagb\/buttons\";i:0;s:18:\"uagb\/buttons-child\";i:0;s:19:\"uagb\/call-to-action\";i:0;s:15:\"uagb\/cf7-styler\";i:0;s:11:\"uagb\/column\";i:0;s:12:\"uagb\/columns\";i:0;s:14:\"uagb\/container\";i:0;s:21:\"uagb\/content-timeline\";i:0;s:27:\"uagb\/content-timeline-child\";i:0;s:14:\"uagb\/countdown\";i:0;s:12:\"uagb\/counter\";i:0;s:8:\"uagb\/faq\";i:0;s:14:\"uagb\/faq-child\";i:0;s:10:\"uagb\/forms\";i:0;s:17:\"uagb\/forms-accept\";i:0;s:19:\"uagb\/forms-checkbox\";i:0;s:15:\"uagb\/forms-date\";i:0;s:16:\"uagb\/forms-email\";i:0;s:17:\"uagb\/forms-hidden\";i:0;s:15:\"uagb\/forms-name\";i:0;s:16:\"uagb\/forms-phone\";i:0;s:16:\"uagb\/forms-radio\";i:0;s:17:\"uagb\/forms-select\";i:0;s:19:\"uagb\/forms-textarea\";i:0;s:17:\"uagb\/forms-toggle\";i:0;s:14:\"uagb\/forms-url\";i:0;s:14:\"uagb\/gf-styler\";i:0;s:15:\"uagb\/google-map\";i:0;s:11:\"uagb\/how-to\";i:0;s:16:\"uagb\/how-to-step\";i:0;s:9:\"uagb\/icon\";i:0;s:14:\"uagb\/icon-list\";i:0;s:20:\"uagb\/icon-list-child\";i:0;s:10:\"uagb\/image\";i:0;s:18:\"uagb\/image-gallery\";i:0;s:13:\"uagb\/info-box\";i:0;s:18:\"uagb\/inline-notice\";i:0;s:11:\"uagb\/lottie\";i:0;s:21:\"uagb\/marketing-button\";i:0;s:10:\"uagb\/modal\";i:0;s:18:\"uagb\/popup-builder\";i:0;s:16:\"uagb\/post-button\";i:0;s:18:\"uagb\/post-carousel\";i:0;s:17:\"uagb\/post-excerpt\";i:0;s:14:\"uagb\/post-grid\";i:0;s:15:\"uagb\/post-image\";i:0;s:17:\"uagb\/post-masonry\";i:0;s:14:\"uagb\/post-meta\";i:0;s:18:\"uagb\/post-taxonomy\";i:0;s:18:\"uagb\/post-timeline\";i:0;s:15:\"uagb\/post-title\";i:0;s:20:\"uagb\/restaurant-menu\";i:0;s:26:\"uagb\/restaurant-menu-child\";i:0;s:11:\"uagb\/review\";i:0;s:12:\"uagb\/section\";i:0;s:14:\"uagb\/separator\";i:0;s:11:\"uagb\/slider\";i:0;s:17:\"uagb\/slider-child\";i:0;s:17:\"uagb\/social-share\";i:0;s:23:\"uagb\/social-share-child\";i:0;s:16:\"uagb\/star-rating\";i:0;s:23:\"uagb\/sure-cart-checkout\";i:0;s:22:\"uagb\/sure-cart-product\";i:0;s:15:\"uagb\/sure-forms\";i:0;s:22:\"uagb\/table-of-contents\";i:0;s:9:\"uagb\/tabs\";i:0;s:15:\"uagb\/tabs-child\";i:0;s:18:\"uagb\/taxonomy-list\";i:0;s:9:\"uagb\/team\";i:0;s:16:\"uagb\/testimonial\";i:0;s:14:\"uagb\/wp-search\";i:0;s:19:\"uagb\/instagram-feed\";i:0;s:10:\"uagb\/login\";i:0;s:17:\"uagb\/loop-builder\";i:0;s:18:\"uagb\/loop-category\";i:0;s:20:\"uagb\/loop-pagination\";i:0;s:15:\"uagb\/loop-reset\";i:0;s:16:\"uagb\/loop-search\";i:0;s:14:\"uagb\/loop-sort\";i:0;s:17:\"uagb\/loop-wrapper\";i:0;s:13:\"uagb\/register\";i:0;s:19:\"uagb\/register-email\";i:0;s:24:\"uagb\/register-first-name\";i:0;s:23:\"uagb\/register-last-name\";i:0;s:22:\"uagb\/register-password\";i:0;s:30:\"uagb\/register-reenter-password\";i:0;s:19:\"uagb\/register-terms\";i:0;s:22:\"uagb\/register-username\";i:0;}"],"_uag_page_assets":["a:9:{s:3:\"css\";s:263:\".uag-blocks-common-selector{z-index:var(--z-index-desktop) !important}@media (max-width: 976px){.uag-blocks-common-selector{z-index:var(--z-index-tablet) !important}}@media (max-width: 767px){.uag-blocks-common-selector{z-index:var(--z-index-mobile) !important}}\n\";s:2:\"js\";s:0:\"\";s:18:\"current_block_list\";a:5:{i:0;s:10:\"core\/image\";i:1;s:12:\"core\/heading\";i:2;s:14:\"core\/paragraph\";i:3;s:9:\"core\/list\";i:4;s:14:\"core\/list-item\";}s:8:\"uag_flag\";b:0;s:11:\"uag_version\";s:10:\"1776768691\";s:6:\"gfonts\";a:0:{}s:10:\"gfonts_url\";s:0:\"\";s:12:\"gfonts_files\";a:0:{}s:14:\"uag_faq_layout\";b:0;}"],"_uag_css_file_name":["uag-css-5420.css"]},"uagb_featured_image_src":{"full":["https:\/\/dlx-media.com\/wp-content\/uploads\/Headings.jpeg",1792,1024,false],"thumbnail":["https:\/\/dlx-media.com\/wp-content\/uploads\/Headings-250x250.jpeg",250,250,true],"medium":["https:\/\/dlx-media.com\/wp-content\/uploads\/Headings-350x200.jpeg",350,200,true],"medium_large":["https:\/\/dlx-media.com\/wp-content\/uploads\/Headings-768x439.jpeg",768,439,true],"large":["https:\/\/dlx-media.com\/wp-content\/uploads\/Headings-1024x585.jpeg",1024,585,true],"1536x1536":["https:\/\/dlx-media.com\/wp-content\/uploads\/Headings-1536x878.jpeg",1536,878,true],"2048x2048":["https:\/\/dlx-media.com\/wp-content\/uploads\/Headings.jpeg",1792,1024,false],"suffice-thumbnail-grid":["https:\/\/dlx-media.com\/wp-content\/uploads\/Headings-750x420.jpeg",750,420,true],"suffice-thumbnail-featured-one":["https:\/\/dlx-media.com\/wp-content\/uploads\/Headings-295x525.jpeg",295,525,true],"suffice-thumbnail-featured-two":["https:\/\/dlx-media.com\/wp-content\/uploads\/Headings-1140x504.jpeg",1140,504,true],"suffice-thumbnail-portfolio":["https:\/\/dlx-media.com\/wp-content\/uploads\/Headings-572x552.jpeg",572,552,true],"suffice-thumbnail-portfolio-masonry":["https:\/\/dlx-media.com\/wp-content\/uploads\/Headings-572x652.jpeg",572,652,true]},"uagb_author_info":{"display_name":"DLxMedia","author_link":"https:\/\/dlx-media.com\/pl"},"uagb_comment_info":0,"uagb_excerpt":"Znaczenie nag\u0142\u00f3wk\u00f3w (H1, H2, H3 itp.) dla SEO i do\u015bwiadczenia u\u017cytkownika Nag\u0142\u00f3wki, znane r\u00f3wnie\u017c jako nag\u0142\u00f3wki, s\u0105 podstawowym elementem projektowania stron internetowych i krytycznym elementem optymalizacji pod k\u0105tem wyszukiwarek (SEO). Dzia\u0142aj\u0105 one jako znaczniki strukturalne, kt\u00f3re nie tylko poprawiaj\u0105 czytelno\u015b\u0107","_links":{"self":[{"href":"https:\/\/dlx-media.com\/pl\/wp-json\/wp\/v2\/pages\/5420","targetHints":{"allow":["GET"]}}],"collection":[{"href":"https:\/\/dlx-media.com\/pl\/wp-json\/wp\/v2\/pages"}],"about":[{"href":"https:\/\/dlx-media.com\/pl\/wp-json\/wp\/v2\/types\/page"}],"author":[{"embeddable":true,"href":"https:\/\/dlx-media.com\/pl\/wp-json\/wp\/v2\/users\/2332"}],"replies":[{"embeddable":true,"href":"https:\/\/dlx-media.com\/pl\/wp-json\/wp\/v2\/comments?post=5420"}],"version-history":[{"count":1,"href":"https:\/\/dlx-media.com\/pl\/wp-json\/wp\/v2\/pages\/5420\/revisions"}],"predecessor-version":[{"id":5421,"href":"https:\/\/dlx-media.com\/pl\/wp-json\/wp\/v2\/pages\/5420\/revisions\/5421"}],"up":[{"embeddable":true,"href":"https:\/\/dlx-media.com\/pl\/wp-json\/wp\/v2\/pages\/4979"}],"wp:featuredmedia":[{"embeddable":true,"href":"https:\/\/dlx-media.com\/pl\/wp-json\/wp\/v2\/media\/5414"}],"wp:attachment":[{"href":"https:\/\/dlx-media.com\/pl\/wp-json\/wp\/v2\/media?parent=5420"}],"curies":[{"name":"wp","href":"https:\/\/api.w.org\/{rel}","templated":true}]}}