{"id":5404,"date":"2024-08-13T18:04:01","date_gmt":"2024-08-13T16:04:01","guid":{"rendered":"https:\/\/dlx-media.com\/slowniczek\/google-moja-firma\/"},"modified":"2024-08-13T18:05:28","modified_gmt":"2024-08-13T16:05:28","slug":"google-moja-firma","status":"publish","type":"page","link":"https:\/\/dlx-media.com\/pl\/slowniczek\/google-moja-firma\/","title":{"rendered":"Google Moja Firma"},"content":{"rendered":"<div class=\"wp-block-image\">\n<figure data-spectra-id=\"spectra-08522168-1e48-43cd-bd7f-54620cd94783\" class=\"aligncenter size-full\"><img loading=\"lazy\" decoding=\"async\" width=\"1792\" height=\"1024\" src=\"https:\/\/dlx-media.com\/file\/Google-My-Business.jpeg\" alt=\"Google Moja Firma\" class=\"wp-image-5397\" srcset=\"https:\/\/dlx-media.com\/wp-content\/uploads\/Google-My-Business.jpeg 1792w, https:\/\/dlx-media.com\/wp-content\/uploads\/Google-My-Business-350x200.jpeg 350w, https:\/\/dlx-media.com\/wp-content\/uploads\/Google-My-Business-1024x585.jpeg 1024w, https:\/\/dlx-media.com\/wp-content\/uploads\/Google-My-Business-768x439.jpeg 768w, https:\/\/dlx-media.com\/wp-content\/uploads\/Google-My-Business-1536x878.jpeg 1536w\" sizes=\"auto, (max-width: 1792px) 100vw, 1792px\" \/><\/figure>\n<\/div>\n<h3 class=\"wp-block-heading\">Google Moja Firma: Lokalna optymalizacja obecno\u015bci online<\/h3>\n\n<p class=\"wp-block-paragraph\">Google Moja Firma (GMB) to znacznie wi\u0119cej ni\u017c tylko przydatne narz\u0119dzie &#8211; jest to niezb\u0119dny instrument dla firm ka\u017cdej wielko\u015bci, aby znacznie zwi\u0119kszy\u0107 ich widoczno\u015b\u0107 w przestrzeni cyfrowej.\nW dzisiejszym wysoce po\u0142\u0105czonym \u015bwiecie obecno\u015b\u0107 online odgrywa kluczow\u0105 rol\u0119 w sukcesie firmy.\nGoogle Moja Firma zapewnia prost\u0105, ale skuteczn\u0105 platform\u0119 do maksymalizacji tej obecno\u015bci przy jednoczesnym budowaniu bezpo\u015bredniego po\u0142\u0105czenia z klientami.  <\/p>\n\n<h4 class=\"wp-block-heading\">Czym jest Google Moja Firma?<\/h4>\n\n<p class=\"wp-block-paragraph\">Google Moja Firma to platforma udost\u0119pniana przez Google, kt\u00f3ra umo\u017cliwia firmom umieszczanie informacji o swojej firmie w widocznym miejscu w wynikach wyszukiwania Google i na Mapach Google.\nJest to cyfrowy okr\u0119t flagowy firmy, zapewniaj\u0105cy potencjalnym klientom wa\u017cne informacje, takie jak lokalizacja, godziny otwarcia, opcje kontaktu i us\u0142ugi na pierwszy rzut oka. <\/p>\n\n<p class=\"wp-block-paragraph\">Ale Google Moja Firma wykracza daleko poza dostarczanie podstawowych informacji.\nJest to kompleksowa platforma marketingowa, kt\u00f3ra oferuje szeroki zakres funkcji promuj\u0105cych interakcje z klientami i zwi\u0119kszaj\u0105cych widoczno\u015b\u0107 online. <\/p>\n\n<h4 class=\"wp-block-heading\">Najwa\u017cniejsze funkcje Google Moja Firma<\/h4>\n\n<ol class=\"wp-block-list\">\n<li><strong>Scentralizowane zarz\u0105dzanie informacjami o firmie<\/strong>:\n<ul class=\"wp-block-list\">\n<li><strong>Lokalizacja i dane kontaktowe<\/strong>: Firmy mog\u0105 zarz\u0105dza\u0107 i aktualizowa\u0107 sw\u00f3j adres, numer telefonu, adres e-mail i adres URL strony internetowej w jednej scentralizowanej lokalizacji.\nInformacje te s\u0105 wy\u015bwietlane bezpo\u015brednio w wynikach wyszukiwania Google i na Mapach Google. <\/li>\n\n\n\n<li><strong>Godziny otwarcia<\/strong>: Firmy mog\u0105 ustawi\u0107 swoje regularne godziny otwarcia, a tak\u017ce specjalne godziny na \u015bwi\u0119ta pa\u0144stwowe i specjalne okazje, aby klienci byli na bie\u017c\u0105co.<\/li>\n<\/ul>\n<\/li>\n\n\n\n<li><strong>Interaktywna komunikacja z klientami<\/strong>:\n<ul class=\"wp-block-list\">\n<li><strong>Oceny i recenzje<\/strong>: Google Moja Firma umo\u017cliwia klientom wystawianie ocen i recenzji bezpo\u015brednio na platformie.\nFirmy mog\u0105 odpowiada\u0107 na te recenzje, co nie tylko wzmacnia zaufanie klient\u00f3w, ale tak\u017ce promuje ich lojalno\u015b\u0107. <\/li>\n\n\n\n<li><strong>Pytania i odpowiedzi<\/strong>: Klienci mog\u0105 zadawa\u0107 pytania dotycz\u0105ce us\u0142ug lub produkt\u00f3w firmy, na kt\u00f3re mo\u017ce odpowiedzie\u0107 sama firma lub inni klienci.<\/li>\n<\/ul>\n<\/li>\n\n\n\n<li><strong>Prezentacja wizualna za pomoc\u0105 zdj\u0119\u0107 i film\u00f3w<\/strong>:\n<ul class=\"wp-block-list\">\n<li><strong>Galerie zdj\u0119\u0107<\/strong>: Firmy mog\u0105 przesy\u0142a\u0107 zdj\u0119cia swoich produkt\u00f3w, us\u0142ug, pracownik\u00f3w lub pomieszcze\u0144 biznesowych.\nTre\u015bci wizualne maj\u0105 kluczowe znaczenie dla wzbudzenia zainteresowania klient\u00f3w i zrobienia pozytywnego pierwszego wra\u017cenia. <\/li>\n\n\n\n<li><strong>Filmy wideo<\/strong>: Kr\u00f3tkie filmy mog\u0105 by\u0107 wykorzystane do przedstawienia firmy lub jej oferty, co jest szczeg\u00f3lnie korzystne w dzisiejszej kulturze wizualnej.<\/li>\n<\/ul>\n<\/li>\n\n\n\n<li><strong>Publikacja aktualizacji i wk\u0142ad\u00f3w<\/strong>:\n<ul class=\"wp-block-list\">\n<li><strong>Posty i oferty<\/strong>: Dzi\u0119ki Google Moja Firma firmy mog\u0105 regularnie publikowa\u0107 aktualizacje, oferty, wydarzenia lub wiadomo\u015bci bezpo\u015brednio na swoim profilu.\nPosty te pojawiaj\u0105 si\u0119 w wynikach wyszukiwania i na Mapach Google, co zwi\u0119ksza widoczno\u015b\u0107 i zach\u0119ca klient\u00f3w do regularnego odwiedzania profilu. <\/li>\n\n\n\n<li><strong>Aktualizacje COVID-19<\/strong>: Mo\u017cliwe s\u0105 r\u00f3wnie\u017c specjalne aktualizacje informuj\u0105ce o zmianach w operacjach biznesowych spowodowanych pandemi\u0105.<\/li>\n<\/ul>\n<\/li>\n\n\n\n<li><strong>Rozszerzone funkcje dla handlu elektronicznego<\/strong>:\n<ul class=\"wp-block-list\">\n<li><strong>Produkty i us\u0142ugi<\/strong>: Firmy mog\u0105 doda\u0107 list\u0119 swoich produkt\u00f3w i us\u0142ug bezpo\u015brednio do profilu Google Moja Firma.\nPozwala to klientom przegl\u0105da\u0107 ofert\u0119 firmy w wynikach wyszukiwania, zanim jeszcze odwiedz\u0105 stron\u0119 internetow\u0105. <\/li>\n\n\n\n<li><strong>Rezerwacje i rezerwacje<\/strong>: GMB pozwala klientom rezerwowa\u0107 spotkania lub dokonywa\u0107 rezerwacji bezpo\u015brednio z profilu, zwi\u0119kszaj\u0105c \u0142atwo\u015b\u0107 u\u017cytkowania i prawdopodobie\u0144stwo konwersji.<\/li>\n<\/ul>\n<\/li>\n\n\n\n<li><strong>Analizy i spostrze\u017cenia<\/strong>:\n<ul class=\"wp-block-list\">\n<li><strong>Dane dotycz\u0105ce wydajno\u015bci<\/strong>: Google Moja Firma zapewnia szczeg\u00f3\u0142owy wgl\u0105d w wydajno\u015b\u0107 profilu biznesowego, w tym liczb\u0119 wy\u015bwietle\u0144 profilu, zapytania wyszukiwania, kt\u00f3re wywo\u0142a\u0142y profil oraz dzia\u0142ania podj\u0119te przez u\u017cytkownik\u00f3w po odwiedzeniu profilu (np. wizyty na stronie internetowej, klikni\u0119cia po\u0142\u0105cze\u0144).<\/li>\n\n\n\n<li><strong>Analiza grup docelowych<\/strong>: Ta funkcja pomaga firmom zrozumie\u0107, w jaki spos\u00f3b i kiedy ich klienci wchodz\u0105 w interakcje oraz kt\u00f3re tre\u015bci przyci\u0105gaj\u0105 najwi\u0119ksz\u0105 uwag\u0119.<\/li>\n<\/ul>\n<\/li>\n<\/ol>\n\n<h4 class=\"wp-block-heading\">Zalety Google Moja Firma dla firm<\/h4>\n\n<ol class=\"wp-block-list\">\n<li><strong>Zwi\u0119kszona widoczno\u015b\u0107 i \u0142atwo\u015b\u0107 wyszukiwania<\/strong>:\n<ul class=\"wp-block-list\">\n<li><strong>Lokalne zapytania wyszukiwania<\/strong>: GMB jest szczeg\u00f3lnie skuteczny w lokalnym SEO, poniewa\u017c umo\u017cliwia firmom umieszczanie si\u0119 w widocznym miejscu w zapytaniach wyszukiwania z lokalnym odniesieniem.\nZwi\u0119ksza to prawdopodobie\u0144stwo, \u017ce potencjalni klienci w okolicy dowiedz\u0105 si\u0119 o firmie. <\/li>\n\n\n\n<li><strong>Integracja z Mapami Google<\/strong>: Firmy pojawiaj\u0105 si\u0119 bezpo\u015brednio na Mapach Google, co znacznie poprawia mo\u017cliwo\u015bci wyszukiwania i jest szczeg\u00f3lnie korzystne dla us\u0142ug opartych na lokalizacji.<\/li>\n<\/ul>\n<\/li>\n\n\n\n<li><strong>Zaufanie klient\u00f3w i budowanie marki<\/strong>:\n<ul class=\"wp-block-list\">\n<li><strong>Przejrzysto\u015b\u0107 i zaufanie<\/strong>: Dobrze prowadzony profil Google Moja Firma, kt\u00f3ry jest regularnie aktualizowany i odpowiada na opinie klient\u00f3w, \u015bwiadczy o profesjonalizmie i wzbudza zaufanie w\u015br\u00f3d u\u017cytkownik\u00f3w.<\/li>\n\n\n\n<li><strong>Wzmocnienie obecno\u015bci marki<\/strong>: Sp\u00f3jna prezentacja kolor\u00f3w marki, logo i tre\u015bci wizualnych wzmacnia \u015bwiadomo\u015b\u0107 marki i zwi\u0119ksza lojalno\u015b\u0107 grupy docelowej.<\/li>\n<\/ul>\n<\/li>\n\n\n\n<li><strong>Op\u0142acalne mo\u017cliwo\u015bci marketingowe<\/strong>:\n<ul class=\"wp-block-list\">\n<li><strong>Darmowy w u\u017cyciu<\/strong>: Google Moja Firma jest ca\u0142kowicie darmowa dla firm, co czyni j\u0105 niezwykle op\u0142acalnym sposobem na zwi\u0119kszenie widoczno\u015bci online i interakcji z klientami.<\/li>\n\n\n\n<li><strong>Integracja z Google Ads<\/strong>: Firmy mog\u0105 po\u0142\u0105czy\u0107 GMB z Google Ads, aby umieszcza\u0107 ukierunkowane reklamy bezpo\u015brednio za po\u015brednictwem pulpitu nawigacyjnego i jeszcze bardziej zwi\u0119kszy\u0107 widoczno\u015b\u0107.<\/li>\n<\/ul>\n<\/li>\n\n\n\n<li><strong>Wi\u0119ksza lojalno\u015b\u0107 i zaanga\u017cowanie klient\u00f3w<\/strong>:\n<ul class=\"wp-block-list\">\n<li><strong>Bezpo\u015brednia interakcja<\/strong>: Odpowiadaj\u0105c na recenzje i pytania oraz publikuj\u0105c regularne aktualizacje, firmy mog\u0105 budowa\u0107 bli\u017csze relacje ze swoimi klientami i zach\u0119ca\u0107 ich do lojalno\u015bci.<\/li>\n\n\n\n<li><strong>Informacje zwrotne jako szansa na rozw\u00f3j<\/strong>: Opinie klient\u00f3w dostarczaj\u0105 cennych informacji zwrotnych, kt\u00f3re mo\u017cna wykorzysta\u0107 do ulepszania produkt\u00f3w i us\u0142ug.<\/li>\n<\/ul>\n<\/li>\n<\/ol>\n\n<h4 class=\"wp-block-heading\">Google Moja Firma i SEO<\/h4>\n\n<p class=\"wp-block-paragraph\">Google Moja Firma to nie tylko narz\u0119dzie marketingowe, ale tak\u017ce pot\u0119\u017cny instrument do poprawy optymalizacji pod k\u0105tem wyszukiwarek (SEO).\nW znacz\u0105cy spos\u00f3b przyczynia si\u0119 do poprawy widoczno\u015bci w wynikach wyszukiwania, zw\u0142aszcza dla lokalnych zapyta\u0144. <\/p>\n\n<ol class=\"wp-block-list\">\n<li><strong>Lokalna optymalizacja SEO<\/strong>:\n<ul class=\"wp-block-list\">\n<li><strong>Trafno\u015b\u0107 lokalnych zapyta\u0144<\/strong>: GMB odgrywa kluczow\u0105 rol\u0119 w optymalizacji lokalnych wyszukiwarek.\nZoptymalizowany profil GMB mo\u017ce prowadzi\u0107 do wy\u015bwietlania firmy w lokalnych wynikach wyszukiwania i w &#8222;pakiecie lokalnym&#8221; (pierwsze trzy wpisy w Mapach Google). <\/li>\n\n\n\n<li><strong>Integracja s\u0142\u00f3w kluczowych<\/strong>: Strategiczna integracja odpowiednich s\u0142\u00f3w kluczowych w opisach i postach firmy mo\u017ce jeszcze bardziej poprawi\u0107 wyszukiwalno\u015b\u0107.<\/li>\n<\/ul>\n<\/li>\n\n\n\n<li><strong>Do\u015bwiadczenia i opinie klient\u00f3w<\/strong>:\n<ul class=\"wp-block-list\">\n<li><strong>Pozytywne recenzje<\/strong>: Du\u017ca liczba pozytywnych recenzji i dobra ocena og\u00f3lna mog\u0105 mie\u0107 pozytywny wp\u0142yw na ranking w wynikach wyszukiwania.<\/li>\n\n\n\n<li><strong>Regularne aktualizacje<\/strong>: Google nagradza firmy, kt\u00f3re regularnie aktualizuj\u0105 i utrzymuj\u0105 swoje profile GMB lepsz\u0105 widoczno\u015bci\u0105.<\/li>\n<\/ul>\n<\/li>\n<\/ol>\n\n<h4 class=\"wp-block-heading\">Wnioski<\/h4>\n\n<p class=\"wp-block-paragraph\">Google Moja Firma to pot\u0119\u017cne i wszechstronne narz\u0119dzie, kt\u00f3re wykracza daleko poza zwyk\u0142e dostarczanie informacji o firmie.\nUmo\u017cliwia firmom efektywne zarz\u0105dzanie swoj\u0105 obecno\u015bci\u0105 w Internecie, zach\u0119canie do interakcji z klientami i popraw\u0119 widoczno\u015bci w wynikach wyszukiwania.\nNiezale\u017cnie od tego, czy chodzi o budowanie zaufania klient\u00f3w, zwi\u0119kszanie wykrywalno\u015bci lokalnej, czy po prostu tworzenie silniejszej obecno\u015bci marki online, Google Moja Firma jest nieodzown\u0105 cz\u0119\u015bci\u0105 ka\u017cdej nowoczesnej strategii marketingowej.\nWykorzystuj\u0105c wszystkie funkcje oferowane przez GMB, firmy mog\u0105 zwi\u0119kszy\u0107 sw\u00f3j zasi\u0119g, rozwin\u0105\u0107 dzia\u0142alno\u015b\u0107 i osi\u0105gn\u0105\u0107 d\u0142ugoterminowy sukces.   <\/p>\n","protected":false},"excerpt":{"rendered":"<p>Google Moja Firma: Lokalna optymalizacja obecno\u015bci online Google Moja Firma (GMB) to znacznie wi\u0119cej ni\u017c tylko przydatne narz\u0119dzie &#8211; jest to niezb\u0119dny instrument dla firm ka\u017cdej wielko\u015bci, aby znacznie zwi\u0119kszy\u0107 ich widoczno\u015b\u0107 w przestrzeni cyfrowej. W dzisiejszym wysoce po\u0142\u0105czonym \u015bwiecie<\/p>\n","protected":false},"author":2332,"featured_media":5399,"parent":4979,"menu_order":0,"comment_status":"closed","ping_status":"closed","template":"","meta":{"_seopress_robots_primary_cat":"","_seopress_titles_title":"Google My Business: Boost Lokaler Online-Sichtbarkeit %%sep%% %%sitetitle%%","_seopress_titles_desc":"Nutzen Sie Google My Business effektiv, um Ihre Online-Pr\u00e4senz und Kundeninteraktion zu maximieren \u2013 ein Muss f\u00fcr jedes Unternehmen!","_seopress_robots_index":"","_crdt_document":"","_uag_custom_page_level_css":"","spectra_gs_classes":"","footnotes":""},"class_list":["post-5404","page","type-page","status-publish","has-post-thumbnail","hentry"],"spectra_custom_meta":{"_top_nav_excluded":[""],"_cms_nav_minihome":[""],"_seopress_titles_title":["Google My Business: Boost Lokaler Online-Sichtbarkeit %%sep%% %%sitetitle%%"],"_seopress_titles_desc":["Nutzen Sie Google My Business effektiv, um Ihre Online-Pr\u00e4senz und Kundeninteraktion zu maximieren \u2013 ein Muss f\u00fcr jedes Unternehmen!"],"_seopress_redirections_logged_status":["both"],"_seopress_redirections_type":["301"],"_thumbnail_id":["5399"],"_last_translation_edit_mode":["translation-editor"],"_wp_page_template":[""],"_seopress_analysis_target_kw":[""],"_uagb_previous_block_counts":["a:90:{s:21:\"uagb\/advanced-heading\";i:0;s:15:\"uagb\/blockquote\";i:0;s:12:\"uagb\/buttons\";i:0;s:18:\"uagb\/buttons-child\";i:0;s:19:\"uagb\/call-to-action\";i:0;s:15:\"uagb\/cf7-styler\";i:0;s:11:\"uagb\/column\";i:0;s:12:\"uagb\/columns\";i:0;s:14:\"uagb\/container\";i:0;s:21:\"uagb\/content-timeline\";i:0;s:27:\"uagb\/content-timeline-child\";i:0;s:14:\"uagb\/countdown\";i:0;s:12:\"uagb\/counter\";i:0;s:8:\"uagb\/faq\";i:0;s:14:\"uagb\/faq-child\";i:0;s:10:\"uagb\/forms\";i:0;s:17:\"uagb\/forms-accept\";i:0;s:19:\"uagb\/forms-checkbox\";i:0;s:15:\"uagb\/forms-date\";i:0;s:16:\"uagb\/forms-email\";i:0;s:17:\"uagb\/forms-hidden\";i:0;s:15:\"uagb\/forms-name\";i:0;s:16:\"uagb\/forms-phone\";i:0;s:16:\"uagb\/forms-radio\";i:0;s:17:\"uagb\/forms-select\";i:0;s:19:\"uagb\/forms-textarea\";i:0;s:17:\"uagb\/forms-toggle\";i:0;s:14:\"uagb\/forms-url\";i:0;s:14:\"uagb\/gf-styler\";i:0;s:15:\"uagb\/google-map\";i:0;s:11:\"uagb\/how-to\";i:0;s:16:\"uagb\/how-to-step\";i:0;s:9:\"uagb\/icon\";i:0;s:14:\"uagb\/icon-list\";i:0;s:20:\"uagb\/icon-list-child\";i:0;s:10:\"uagb\/image\";i:0;s:18:\"uagb\/image-gallery\";i:0;s:13:\"uagb\/info-box\";i:0;s:18:\"uagb\/inline-notice\";i:0;s:11:\"uagb\/lottie\";i:0;s:21:\"uagb\/marketing-button\";i:0;s:10:\"uagb\/modal\";i:0;s:18:\"uagb\/popup-builder\";i:0;s:16:\"uagb\/post-button\";i:0;s:18:\"uagb\/post-carousel\";i:0;s:17:\"uagb\/post-excerpt\";i:0;s:14:\"uagb\/post-grid\";i:0;s:15:\"uagb\/post-image\";i:0;s:17:\"uagb\/post-masonry\";i:0;s:14:\"uagb\/post-meta\";i:0;s:18:\"uagb\/post-taxonomy\";i:0;s:18:\"uagb\/post-timeline\";i:0;s:15:\"uagb\/post-title\";i:0;s:20:\"uagb\/restaurant-menu\";i:0;s:26:\"uagb\/restaurant-menu-child\";i:0;s:11:\"uagb\/review\";i:0;s:12:\"uagb\/section\";i:0;s:14:\"uagb\/separator\";i:0;s:11:\"uagb\/slider\";i:0;s:17:\"uagb\/slider-child\";i:0;s:17:\"uagb\/social-share\";i:0;s:23:\"uagb\/social-share-child\";i:0;s:16:\"uagb\/star-rating\";i:0;s:23:\"uagb\/sure-cart-checkout\";i:0;s:22:\"uagb\/sure-cart-product\";i:0;s:15:\"uagb\/sure-forms\";i:0;s:22:\"uagb\/table-of-contents\";i:0;s:9:\"uagb\/tabs\";i:0;s:15:\"uagb\/tabs-child\";i:0;s:18:\"uagb\/taxonomy-list\";i:0;s:9:\"uagb\/team\";i:0;s:16:\"uagb\/testimonial\";i:0;s:14:\"uagb\/wp-search\";i:0;s:19:\"uagb\/instagram-feed\";i:0;s:10:\"uagb\/login\";i:0;s:17:\"uagb\/loop-builder\";i:0;s:18:\"uagb\/loop-category\";i:0;s:20:\"uagb\/loop-pagination\";i:0;s:15:\"uagb\/loop-reset\";i:0;s:16:\"uagb\/loop-search\";i:0;s:14:\"uagb\/loop-sort\";i:0;s:17:\"uagb\/loop-wrapper\";i:0;s:13:\"uagb\/register\";i:0;s:19:\"uagb\/register-email\";i:0;s:24:\"uagb\/register-first-name\";i:0;s:23:\"uagb\/register-last-name\";i:0;s:22:\"uagb\/register-password\";i:0;s:30:\"uagb\/register-reenter-password\";i:0;s:19:\"uagb\/register-terms\";i:0;s:22:\"uagb\/register-username\";i:0;}"],"_uag_page_assets":["a:9:{s:3:\"css\";s:263:\".uag-blocks-common-selector{z-index:var(--z-index-desktop) !important}@media (max-width: 976px){.uag-blocks-common-selector{z-index:var(--z-index-tablet) !important}}@media (max-width: 767px){.uag-blocks-common-selector{z-index:var(--z-index-mobile) !important}}\n\";s:2:\"js\";s:0:\"\";s:18:\"current_block_list\";a:5:{i:0;s:10:\"core\/image\";i:1;s:12:\"core\/heading\";i:2;s:14:\"core\/paragraph\";i:3;s:9:\"core\/list\";i:4;s:14:\"core\/list-item\";}s:8:\"uag_flag\";b:0;s:11:\"uag_version\";s:10:\"1776768691\";s:6:\"gfonts\";a:0:{}s:10:\"gfonts_url\";s:0:\"\";s:12:\"gfonts_files\";a:0:{}s:14:\"uag_faq_layout\";b:0;}"],"_uag_css_file_name":["uag-css-5404.css"]},"uagb_featured_image_src":{"full":["https:\/\/dlx-media.com\/wp-content\/uploads\/Google-My-Business.jpeg",1792,1024,false],"thumbnail":["https:\/\/dlx-media.com\/wp-content\/uploads\/Google-My-Business-250x250.jpeg",250,250,true],"medium":["https:\/\/dlx-media.com\/wp-content\/uploads\/Google-My-Business-350x200.jpeg",350,200,true],"medium_large":["https:\/\/dlx-media.com\/wp-content\/uploads\/Google-My-Business-768x439.jpeg",768,439,true],"large":["https:\/\/dlx-media.com\/wp-content\/uploads\/Google-My-Business-1024x585.jpeg",1024,585,true],"1536x1536":["https:\/\/dlx-media.com\/wp-content\/uploads\/Google-My-Business-1536x878.jpeg",1536,878,true],"2048x2048":["https:\/\/dlx-media.com\/wp-content\/uploads\/Google-My-Business.jpeg",1792,1024,false],"suffice-thumbnail-grid":["https:\/\/dlx-media.com\/wp-content\/uploads\/Google-My-Business-750x420.jpeg",750,420,true],"suffice-thumbnail-featured-one":["https:\/\/dlx-media.com\/wp-content\/uploads\/Google-My-Business-295x525.jpeg",295,525,true],"suffice-thumbnail-featured-two":["https:\/\/dlx-media.com\/wp-content\/uploads\/Google-My-Business-1140x504.jpeg",1140,504,true],"suffice-thumbnail-portfolio":["https:\/\/dlx-media.com\/wp-content\/uploads\/Google-My-Business-572x552.jpeg",572,552,true],"suffice-thumbnail-portfolio-masonry":["https:\/\/dlx-media.com\/wp-content\/uploads\/Google-My-Business-572x652.jpeg",572,652,true]},"uagb_author_info":{"display_name":"DLxMedia","author_link":"https:\/\/dlx-media.com\/pl"},"uagb_comment_info":0,"uagb_excerpt":"Google Moja Firma: Lokalna optymalizacja obecno\u015bci online Google Moja Firma (GMB) to znacznie wi\u0119cej ni\u017c tylko przydatne narz\u0119dzie &#8211; jest to niezb\u0119dny instrument dla firm ka\u017cdej wielko\u015bci, aby znacznie zwi\u0119kszy\u0107 ich widoczno\u015b\u0107 w przestrzeni cyfrowej. W dzisiejszym wysoce po\u0142\u0105czonym \u015bwiecie","_links":{"self":[{"href":"https:\/\/dlx-media.com\/pl\/wp-json\/wp\/v2\/pages\/5404","targetHints":{"allow":["GET"]}}],"collection":[{"href":"https:\/\/dlx-media.com\/pl\/wp-json\/wp\/v2\/pages"}],"about":[{"href":"https:\/\/dlx-media.com\/pl\/wp-json\/wp\/v2\/types\/page"}],"author":[{"embeddable":true,"href":"https:\/\/dlx-media.com\/pl\/wp-json\/wp\/v2\/users\/2332"}],"replies":[{"embeddable":true,"href":"https:\/\/dlx-media.com\/pl\/wp-json\/wp\/v2\/comments?post=5404"}],"version-history":[{"count":1,"href":"https:\/\/dlx-media.com\/pl\/wp-json\/wp\/v2\/pages\/5404\/revisions"}],"predecessor-version":[{"id":5405,"href":"https:\/\/dlx-media.com\/pl\/wp-json\/wp\/v2\/pages\/5404\/revisions\/5405"}],"up":[{"embeddable":true,"href":"https:\/\/dlx-media.com\/pl\/wp-json\/wp\/v2\/pages\/4979"}],"wp:featuredmedia":[{"embeddable":true,"href":"https:\/\/dlx-media.com\/pl\/wp-json\/wp\/v2\/media\/5399"}],"wp:attachment":[{"href":"https:\/\/dlx-media.com\/pl\/wp-json\/wp\/v2\/media?parent=5404"}],"curies":[{"name":"wp","href":"https:\/\/api.w.org\/{rel}","templated":true}]}}