{"id":5382,"date":"2024-08-13T17:45:55","date_gmt":"2024-08-13T15:45:55","guid":{"rendered":"https:\/\/dlx-media.com\/slowniczek\/google-analytics\/"},"modified":"2024-08-13T17:50:24","modified_gmt":"2024-08-13T15:50:24","slug":"google-analytics","status":"publish","type":"page","link":"https:\/\/dlx-media.com\/pl\/slowniczek\/google-analytics\/","title":{"rendered":"Google Analytics"},"content":{"rendered":"<div class=\"wp-block-image\">\n<figure data-spectra-id=\"spectra-5814b931-6519-4650-a86a-dbdf5787212d\" class=\"aligncenter size-full\"><img loading=\"lazy\" decoding=\"async\" width=\"1792\" height=\"1024\" src=\"https:\/\/dlx-media.com\/file\/Google-Analytics.jpeg\" alt=\"Google Analytics\" class=\"wp-image-5375\" srcset=\"https:\/\/dlx-media.com\/wp-content\/uploads\/Google-Analytics.jpeg 1792w, https:\/\/dlx-media.com\/wp-content\/uploads\/Google-Analytics-350x200.jpeg 350w, https:\/\/dlx-media.com\/wp-content\/uploads\/Google-Analytics-1024x585.jpeg 1024w, https:\/\/dlx-media.com\/wp-content\/uploads\/Google-Analytics-768x439.jpeg 768w, https:\/\/dlx-media.com\/wp-content\/uploads\/Google-Analytics-1536x878.jpeg 1536w\" sizes=\"auto, (max-width: 1792px) 100vw, 1792px\" \/><\/figure>\n<\/div>\n<h3 class=\"wp-block-heading\">Serce analityki internetowej i optymalizacji SEO<\/h3>\n\n<p class=\"wp-block-paragraph\">Google Analytics jest niezb\u0119dnym narz\u0119dziem dla operator\u00f3w stron internetowych, marketer\u00f3w internetowych i ekspert\u00f3w SEO, zapewniaj\u0105c dog\u0142\u0119bny wgl\u0105d w zachowanie odwiedzaj\u0105cych witryn\u0119.\nUmo\u017cliwia szczeg\u00f3\u0142ow\u0105 analiz\u0119 i ocen\u0119 wydajno\u015bci witryny poprzez gromadzenie, przetwarzanie i wizualizacj\u0119 szerokiego zakresu danych.\nDane te maj\u0105 kluczowe znaczenie dla podejmowania decyzji opartych na danych i ci\u0105g\u0142ej poprawy skuteczno\u015bci kampanii marketingowych online oraz og\u00f3lnego do\u015bwiadczenia u\u017cytkownika.  <\/p>\n\n<h4 class=\"wp-block-heading\">Czym jest Google Analytics?<\/h4>\n\n<p class=\"wp-block-paragraph\">Google Analytics to bezp\u0142atna us\u0142uga analityki internetowej \u015bwiadczona przez Google.\nGromadzi ona dane na temat aktywno\u015bci i zachowa\u0144 u\u017cytkownik\u00f3w na stronie internetowej i przedstawia je w postaci przejrzystych raport\u00f3w i pulpit\u00f3w nawigacyjnych.\nGromadzone dane obejmuj\u0105 r\u00f3\u017cne wska\u017aniki obejmuj\u0105ce wszystko, od liczby ods\u0142on po czas sp\u0119dzony przez u\u017cytkownik\u00f3w na poszczeg\u00f3lnych stronach.\nInformacje te pomagaj\u0105 operatorom witryn lepiej zrozumie\u0107, w jaki spos\u00f3b odwiedzaj\u0105cy wchodz\u0105 w interakcj\u0119 z ich witryn\u0105, kt\u00f3re tre\u015bci s\u0105 najbardziej skuteczne i gdzie wymagana jest optymalizacja.   <\/p>\n\n<h4 class=\"wp-block-heading\">Podstawowe wska\u017aniki i raporty w Google Analytics<\/h4>\n\n<ol class=\"wp-block-list\">\n<li><strong>Liczba odwiedzaj\u0105cych i spotka\u0144<\/strong>:\n<ul class=\"wp-block-list\">\n<li><strong>Definicja<\/strong>: Liczba u\u017cytkownik\u00f3w odwiedzaj\u0105cych witryn\u0119 i liczba sesji przeprowadzonych przez tych u\u017cytkownik\u00f3w.<\/li>\n\n\n\n<li><strong>Znaczenie<\/strong>: Te wska\u017aniki dostarczaj\u0105 informacji o tym, ile os\u00f3b korzysta z Twojej witryny i jak cz\u0119sto to robi\u0105.<\/li>\n<\/ul>\n<\/li>\n\n\n\n<li><strong>\u0179r\u00f3d\u0142a ruchu<\/strong>:\n<ul class=\"wp-block-list\">\n<li><strong>Definicja<\/strong>: Pochodzenie ruchu, takie jak wyszukiwarki, bezpo\u015bredni dost\u0119p, linki z innych stron internetowych lub medi\u00f3w spo\u0142eczno\u015bciowych.<\/li>\n\n\n\n<li><strong>Znaczenie<\/strong>: Zrozumienie, sk\u0105d pochodz\u0105 odwiedzaj\u0105cy, ma kluczowe znaczenie dla oceny skuteczno\u015bci r\u00f3\u017cnych kana\u0142\u00f3w marketingowych.<\/li>\n<\/ul>\n<\/li>\n\n\n\n<li><strong>D\u0142ugo\u015b\u0107 pobytu i liczba ods\u0142on na sesj\u0119:<\/strong>\n<ul class=\"wp-block-list\">\n<li><strong>Definicja<\/strong>: \u015aredni czas, jaki u\u017cytkownik sp\u0119dza w witrynie i liczba stron odwiedzanych w trakcie jednej sesji.<\/li>\n\n\n\n<li><strong>Znaczenie<\/strong>: Te wska\u017aniki pomagaj\u0105 zrozumie\u0107, jak anga\u017cuj\u0105ce i przydatne s\u0105 tre\u015bci dla odwiedzaj\u0105cych.<\/li>\n<\/ul>\n<\/li>\n\n\n\n<li><strong>Wsp\u00f3\u0142czynnik odrzuce\u0144:<\/strong>\n<ul class=\"wp-block-list\">\n<li><strong>Definicja<\/strong>: Odsetek odwiedzaj\u0105cych, kt\u00f3rzy opuszczaj\u0105 witryn\u0119 po obejrzeniu tylko jednej strony.<\/li>\n\n\n\n<li><strong>Znaczenie<\/strong>: Wysoki wsp\u00f3\u0142czynnik odrzuce\u0144 mo\u017ce wskazywa\u0107 na problemy z do\u015bwiadczeniem u\u017cytkownika lub trafno\u015bci\u0105 tre\u015bci.<\/li>\n<\/ul>\n<\/li>\n\n\n\n<li><strong>Wsp\u00f3\u0142czynnik konwersji<\/strong>:\n<ul class=\"wp-block-list\">\n<li><strong>Definicja<\/strong>: Procent odwiedzaj\u0105cych, kt\u00f3rzy wykonuj\u0105 po\u017c\u0105dane dzia\u0142anie, takie jak wype\u0142nienie formularza, zakup produktu lub subskrypcja newslettera.<\/li>\n\n\n\n<li><strong>Znaczenie<\/strong>: Wsp\u00f3\u0142czynnik konwersji jest decyduj\u0105cym wska\u017anikiem sukcesu witryny i kampanii marketingowych.<\/li>\n<\/ul>\n<\/li>\n<\/ol>\n\n<h4 class=\"wp-block-heading\">Zalety i rozszerzone funkcje Google Analytics<\/h4>\n\n<p class=\"wp-block-paragraph\">Jedn\u0105 z g\u0142\u00f3wnych zalet Google Analytics jest mo\u017cliwo\u015b\u0107 gromadzenia bardzo szczeg\u00f3\u0142owych i konkretnych danych na temat zachowania odwiedzaj\u0105cych witryn\u0119.\nDane te mog\u0105 by\u0107 kategoryzowane w r\u00f3\u017cnych raportach dostosowanych do konkretnych cel\u00f3w biznesowych i strategii marketingowych. <\/p>\n\n<ol class=\"wp-block-list\">\n<li><strong>Mierzenie sukcesu tre\u015bci<\/strong>:\n<ul class=\"wp-block-list\">\n<li><strong>Ocena wydajno\u015bci<\/strong>: Google Analytics pokazuje, kt\u00f3re tre\u015bci w witrynie s\u0105 najbardziej skuteczne, mierz\u0105c interakcje i zaanga\u017cowanie u\u017cytkownik\u00f3w w te tre\u015bci.<\/li>\n\n\n\n<li><strong>Potencja\u0142 optymalizacji<\/strong>: Identyfikacja tre\u015bci, kt\u00f3re osi\u0105gaj\u0105 s\u0142abe wyniki, w celu ich poprawy w ukierunkowany spos\u00f3b i optymalizacji do\u015bwiadczenia u\u017cytkownika.<\/li>\n<\/ul>\n<\/li>\n\n\n\n<li><strong>\u015aledzenie cel\u00f3w i pomiar konwersji<\/strong>:\n<ul class=\"wp-block-list\">\n<li><strong>Ustawianie cel\u00f3w<\/strong>: Operatorzy witryn mog\u0105 definiowa\u0107 konkretne cele w Google Analytics, takie jak osi\u0105gni\u0119cie okre\u015blonej liczby zakup\u00f3w lub rejestracji.<\/li>\n\n\n\n<li><strong>Monitorowanie sukcesu<\/strong>: \u015aled\u017a post\u0119py w realizacji tych cel\u00f3w i odpowiednio optymalizuj swoj\u0105 strategi\u0119.<\/li>\n<\/ul>\n<\/li>\n\n\n\n<li><strong>Dostosowane segmenty i grupy docelowe<\/strong>:\n<ul class=\"wp-block-list\">\n<li><strong>Segmentacja<\/strong>: Tworzenie segment\u00f3w zdefiniowanych przez u\u017cytkownika w celu oddzielnej analizy r\u00f3\u017cnych grup u\u017cytkownik\u00f3w i ich zachowa\u0144.\nMo\u017cna na przyk\u0142ad rozr\u00f3\u017cni\u0107 nowych i powracaj\u0105cych u\u017cytkownik\u00f3w. <\/li>\n\n\n\n<li><strong>Analiza grup docelowych<\/strong>: Zrozumienie, kt\u00f3re grupy docelowe najlepiej reaguj\u0105 na tre\u015bci i kampanie oraz odpowiednie dostosowanie dzia\u0142a\u0144 marketingowych.<\/li>\n<\/ul>\n<\/li>\n\n\n\n<li><strong>Testy i eksperymenty A\/B<\/strong>:\n<ul class=\"wp-block-list\">\n<li><strong>Testowanie i optymalizacja<\/strong>: Google Analytics umo\u017cliwia przeprowadzanie test\u00f3w A\/B w celu przetestowania r\u00f3\u017cnych wersji witryny lub tre\u015bci i sprawdzenia, kt\u00f3ra wersja dzia\u0142a lepiej.<\/li>\n\n\n\n<li><strong>Decyzje oparte na danych<\/strong>: Podejmuj \u015bwiadome decyzje w oparciu o jasne wyniki test\u00f3w, aby stale ulepsza\u0107 do\u015bwiadczenia u\u017cytkownik\u00f3w.<\/li>\n<\/ul>\n<\/li>\n\n\n\n<li><strong>Dane demograficzne i dotycz\u0105ce zainteresowa\u0144<\/strong>:\n<ul class=\"wp-block-list\">\n<li><strong>Profile u\u017cytkownik\u00f3w<\/strong>: Google Analytics zapewnia wgl\u0105d w dane demograficzne (wiek, p\u0142e\u0107) i zainteresowania u\u017cytkownik\u00f3w, co pomaga w tworzeniu ukierunkowanych tre\u015bci i kampanii.<\/li>\n\n\n\n<li><strong>Personalizacja<\/strong>: Wykorzystaj te dane do personalizacji tre\u015bci i ofert oraz zwi\u0119kszenia ich dopasowania do grupy docelowej.<\/li>\n<\/ul>\n<\/li>\n<\/ol>\n\n<h4 class=\"wp-block-heading\">Integracja z innymi produktami Google<\/h4>\n\n<p class=\"wp-block-paragraph\">Google Analytics mo\u017cna p\u0142ynnie zintegrowa\u0107 z innymi produktami Google, takimi jak Google Ads i Google Search Console.\nPozwala to na jeszcze bardziej kompleksow\u0105 analiz\u0119 i kontrol\u0119 strategii marketingowych online. <\/p>\n\n<ol class=\"wp-block-list\">\n<li><strong>Reklamy Google<\/strong>:\n<ul class=\"wp-block-list\">\n<li><strong>\u0141\u0105czenie kont<\/strong>: Integracja umo\u017cliwia monitorowanie i analizowanie wydajno\u015bci kampanii Google Ads bezpo\u015brednio w Google Analytics.<\/li>\n\n\n\n<li><strong>Optymalizacja wydatk\u00f3w na reklam\u0119<\/strong>: Dowiedz si\u0119, kt\u00f3re s\u0142owa kluczowe i reklamy generuj\u0105 najwi\u0119kszy ruch i najwy\u017csze wsp\u00f3\u0142czynniki konwersji, aby zwi\u0119kszy\u0107 efektywno\u015b\u0107 wydatk\u00f3w na reklam\u0119.<\/li>\n<\/ul>\n<\/li>\n\n\n\n<li><strong>Google Search Console<\/strong>:\n<ul class=\"wp-block-list\">\n<li><strong>Zapytania wyszukiwania i rankingi<\/strong>: \u015aled\u017a, jak Twoja witryna wypada w wynikach wyszukiwania i identyfikuj mo\u017cliwo\u015bci ulepszenia strategii SEO.<\/li>\n\n\n\n<li><strong>Rozwi\u0105zywanie problem\u00f3w<\/strong>: Rozpoznawanie i rozwi\u0105zywanie problem\u00f3w technicznych, kt\u00f3re mog\u0105 mie\u0107 wp\u0142yw na widoczno\u015b\u0107 witryny.<\/li>\n<\/ul>\n<\/li>\n<\/ol>\n\n<h4 class=\"wp-block-heading\">Ochrona danych i Google Analytics<\/h4>\n\n<p class=\"wp-block-paragraph\">Korzystanie z Google Analytics podlega surowym przepisom o ochronie danych.\nOperatorzy stron internetowych s\u0105 zobowi\u0105zani do uzyskania zgody u\u017cytkownika na gromadzenie danych oraz do zapewnienia przejrzystych informacji o tym, jakie dane s\u0105 gromadzone i w jaki spos\u00f3b s\u0105 wykorzystywane.\nJest to szczeg\u00f3lnie wa\u017cne w Unii Europejskiej, gdzie og\u00f3lne rozporz\u0105dzenie o ochronie danych (RODO) okre\u015bla surowe zasady post\u0119powania z danymi osobowymi.  <\/p>\n\n<ol class=\"wp-block-list\">\n<li><strong>Zgoda u\u017cytkownik\u00f3w<\/strong>:\n<ul class=\"wp-block-list\">\n<li><strong>Powiadomienia o plikach cookie<\/strong>: Wdra\u017caj jasne i zrozumia\u0142e powiadomienia o plikach cookie na swojej stronie internetowej, aby uzyska\u0107 zgod\u0119 na gromadzenie danych.<\/li>\n\n\n\n<li><strong>Opcje rezygnacji<\/strong>: Oferuj u\u017cytkownikom proste sposoby rezygnacji z gromadzenia ich danych.<\/li>\n<\/ul>\n<\/li>\n\n\n\n<li><strong>Anonimizacja adres\u00f3w IP<\/strong>:\n<ul class=\"wp-block-list\">\n<li><strong>Zgodno\u015b\u0107 z przepisami o ochronie danych<\/strong>: U\u017cyj opcji anonimizacji IP w Google Analytics, aby chroni\u0107 prywatno\u015b\u0107 u\u017cytkownik\u00f3w.<\/li>\n<\/ul>\n<\/li>\n<\/ol>\n\n<h4 class=\"wp-block-heading\">Google Analytics i SEO<\/h4>\n\n<p class=\"wp-block-paragraph\">Google Analytics to pot\u0119\u017cne narz\u0119dzie do optymalizacji strategii SEO.\nPomaga zidentyfikowa\u0107 s\u0142owa kluczowe, kt\u00f3re przynosz\u0105 najwi\u0119kszy ruch w witrynie i okre\u015bli\u0107 strony, kt\u00f3re maj\u0105 najlepsz\u0105 pozycj\u0119 dla okre\u015blonych zapyta\u0144. <\/p>\n\n<ol class=\"wp-block-list\">\n<li><strong>Analiza s\u0142\u00f3w kluczowych<\/strong>:\n<ul class=\"wp-block-list\">\n<li><strong>Motywatory ruchu<\/strong>: Zidentyfikuj s\u0142owa kluczowe, kt\u00f3re generuj\u0105 najwi\u0119kszy ruch organiczny i zoptymalizuj swoje tre\u015bci pod k\u0105tem tych termin\u00f3w.<\/li>\n\n\n\n<li><strong>Analiza luk<\/strong>: Znajd\u017a s\u0142owa kluczowe, dla kt\u00f3rych Twoja witryna nie jest jeszcze w rankingu i opracuj ukierunkowane tre\u015bci, aby wype\u0142ni\u0107 te luki.<\/li>\n<\/ul>\n<\/li>\n\n\n\n<li><strong>Monitorowanie wydajno\u015bci<\/strong>:\n<ul class=\"wp-block-list\">\n<li><strong>Ulepszenia rankingu<\/strong>: \u015aled\u017a, jak zmiany w witrynie wp\u0142ywaj\u0105 na rankingi wyszukiwarek.<\/li>\n\n\n\n<li><strong>Zidentyfikuj problematyczne strony<\/strong>: Odkryj strony o wysokim wsp\u00f3\u0142czynniku odrzuce\u0144 lub niskim czasie przebywania, kt\u00f3re mog\u0105 wymaga\u0107 przegl\u0105du.<\/li>\n<\/ul>\n<\/li>\n<\/ol>\n\n<h4 class=\"wp-block-heading\">Wnioski<\/h4>\n\n<p class=\"wp-block-paragraph\">Google Analytics jest niezb\u0119dnym narz\u0119dziem dla ka\u017cdego, kto chce odnie\u015b\u0107 sukces w przestrzeni cyfrowej.\nZapewnia bogactwo danych i spostrze\u017ce\u0144, kt\u00f3re umo\u017cliwiaj\u0105 w\u0142a\u015bcicielom witryn zrozumienie zachowa\u0144 odwiedzaj\u0105cych, analizowanie wydajno\u015bci ich stron i podejmowanie decyzji opartych na danych.\nNiezale\u017cnie od tego, czy chcesz ulepszy\u0107 swoj\u0105 strategi\u0119 SEO, zoptymalizowa\u0107 kampanie marketingowe, czy po prostu poprawi\u0107 komfort korzystania z witryny, Google Analytics dostarcza informacji potrzebnych do osi\u0105gni\u0119cia cel\u00f3w i ci\u0105g\u0142ego ulepszania swojej obecno\u015bci w Internecie.  <\/p>\n","protected":false},"excerpt":{"rendered":"<p>Serce analityki internetowej i optymalizacji SEO Google Analytics jest niezb\u0119dnym narz\u0119dziem dla operator\u00f3w stron internetowych, marketer\u00f3w internetowych i ekspert\u00f3w SEO, zapewniaj\u0105c dog\u0142\u0119bny wgl\u0105d w zachowanie odwiedzaj\u0105cych witryn\u0119. Umo\u017cliwia szczeg\u00f3\u0142ow\u0105 analiz\u0119 i ocen\u0119 wydajno\u015bci witryny poprzez gromadzenie, przetwarzanie i wizualizacj\u0119 szerokiego<\/p>\n","protected":false},"author":2332,"featured_media":5377,"parent":4979,"menu_order":0,"comment_status":"closed","ping_status":"closed","template":"","meta":{"_seopress_robots_primary_cat":"","_seopress_titles_title":"Effektive SEO mit Google Analytics verstehen %%sep%% %%sitetitle%%","_seopress_titles_desc":"Nutzen Sie Google Analytics zur detaillierten Webanalyse und Steigerung der SEO-Effizienz. Verstehen Sie Besucherverhalten und optimieren Sie Ihre Seiten.","_seopress_robots_index":"","_crdt_document":"","_uag_custom_page_level_css":"","spectra_gs_classes":"","footnotes":""},"class_list":["post-5382","page","type-page","status-publish","has-post-thumbnail","hentry"],"spectra_custom_meta":{"_top_nav_excluded":[""],"_cms_nav_minihome":[""],"_seopress_titles_title":["Effektive SEO mit Google Analytics verstehen %%sep%% %%sitetitle%%"],"_seopress_titles_desc":["Nutzen Sie Google Analytics zur detaillierten Webanalyse und Steigerung der SEO-Effizienz. Verstehen Sie Besucherverhalten und optimieren Sie Ihre Seiten."],"_seopress_redirections_logged_status":["both"],"_seopress_redirections_type":["301"],"_thumbnail_id":["5377"],"_last_translation_edit_mode":["translation-editor"],"_wp_page_template":[""],"_seopress_analysis_target_kw":[""],"_wpml_word_count":["{\"total\":1009,\"to_translate\":{\"en\":1009,\"de\":1009}}"],"_uagb_previous_block_counts":["a:90:{s:21:\"uagb\/advanced-heading\";i:0;s:15:\"uagb\/blockquote\";i:0;s:12:\"uagb\/buttons\";i:0;s:18:\"uagb\/buttons-child\";i:0;s:19:\"uagb\/call-to-action\";i:0;s:15:\"uagb\/cf7-styler\";i:0;s:11:\"uagb\/column\";i:0;s:12:\"uagb\/columns\";i:0;s:14:\"uagb\/container\";i:0;s:21:\"uagb\/content-timeline\";i:0;s:27:\"uagb\/content-timeline-child\";i:0;s:14:\"uagb\/countdown\";i:0;s:12:\"uagb\/counter\";i:0;s:8:\"uagb\/faq\";i:0;s:14:\"uagb\/faq-child\";i:0;s:10:\"uagb\/forms\";i:0;s:17:\"uagb\/forms-accept\";i:0;s:19:\"uagb\/forms-checkbox\";i:0;s:15:\"uagb\/forms-date\";i:0;s:16:\"uagb\/forms-email\";i:0;s:17:\"uagb\/forms-hidden\";i:0;s:15:\"uagb\/forms-name\";i:0;s:16:\"uagb\/forms-phone\";i:0;s:16:\"uagb\/forms-radio\";i:0;s:17:\"uagb\/forms-select\";i:0;s:19:\"uagb\/forms-textarea\";i:0;s:17:\"uagb\/forms-toggle\";i:0;s:14:\"uagb\/forms-url\";i:0;s:14:\"uagb\/gf-styler\";i:0;s:15:\"uagb\/google-map\";i:0;s:11:\"uagb\/how-to\";i:0;s:16:\"uagb\/how-to-step\";i:0;s:9:\"uagb\/icon\";i:0;s:14:\"uagb\/icon-list\";i:0;s:20:\"uagb\/icon-list-child\";i:0;s:10:\"uagb\/image\";i:0;s:18:\"uagb\/image-gallery\";i:0;s:13:\"uagb\/info-box\";i:0;s:18:\"uagb\/inline-notice\";i:0;s:11:\"uagb\/lottie\";i:0;s:21:\"uagb\/marketing-button\";i:0;s:10:\"uagb\/modal\";i:0;s:18:\"uagb\/popup-builder\";i:0;s:16:\"uagb\/post-button\";i:0;s:18:\"uagb\/post-carousel\";i:0;s:17:\"uagb\/post-excerpt\";i:0;s:14:\"uagb\/post-grid\";i:0;s:15:\"uagb\/post-image\";i:0;s:17:\"uagb\/post-masonry\";i:0;s:14:\"uagb\/post-meta\";i:0;s:18:\"uagb\/post-taxonomy\";i:0;s:18:\"uagb\/post-timeline\";i:0;s:15:\"uagb\/post-title\";i:0;s:20:\"uagb\/restaurant-menu\";i:0;s:26:\"uagb\/restaurant-menu-child\";i:0;s:11:\"uagb\/review\";i:0;s:12:\"uagb\/section\";i:0;s:14:\"uagb\/separator\";i:0;s:11:\"uagb\/slider\";i:0;s:17:\"uagb\/slider-child\";i:0;s:17:\"uagb\/social-share\";i:0;s:23:\"uagb\/social-share-child\";i:0;s:16:\"uagb\/star-rating\";i:0;s:23:\"uagb\/sure-cart-checkout\";i:0;s:22:\"uagb\/sure-cart-product\";i:0;s:15:\"uagb\/sure-forms\";i:0;s:22:\"uagb\/table-of-contents\";i:0;s:9:\"uagb\/tabs\";i:0;s:15:\"uagb\/tabs-child\";i:0;s:18:\"uagb\/taxonomy-list\";i:0;s:9:\"uagb\/team\";i:0;s:16:\"uagb\/testimonial\";i:0;s:14:\"uagb\/wp-search\";i:0;s:19:\"uagb\/instagram-feed\";i:0;s:10:\"uagb\/login\";i:0;s:17:\"uagb\/loop-builder\";i:0;s:18:\"uagb\/loop-category\";i:0;s:20:\"uagb\/loop-pagination\";i:0;s:15:\"uagb\/loop-reset\";i:0;s:16:\"uagb\/loop-search\";i:0;s:14:\"uagb\/loop-sort\";i:0;s:17:\"uagb\/loop-wrapper\";i:0;s:13:\"uagb\/register\";i:0;s:19:\"uagb\/register-email\";i:0;s:24:\"uagb\/register-first-name\";i:0;s:23:\"uagb\/register-last-name\";i:0;s:22:\"uagb\/register-password\";i:0;s:30:\"uagb\/register-reenter-password\";i:0;s:19:\"uagb\/register-terms\";i:0;s:22:\"uagb\/register-username\";i:0;}"],"_uag_page_assets":["a:9:{s:3:\"css\";s:263:\".uag-blocks-common-selector{z-index:var(--z-index-desktop) !important}@media (max-width: 976px){.uag-blocks-common-selector{z-index:var(--z-index-tablet) !important}}@media (max-width: 767px){.uag-blocks-common-selector{z-index:var(--z-index-mobile) !important}}\n\";s:2:\"js\";s:0:\"\";s:18:\"current_block_list\";a:5:{i:0;s:10:\"core\/image\";i:1;s:12:\"core\/heading\";i:2;s:14:\"core\/paragraph\";i:3;s:9:\"core\/list\";i:4;s:14:\"core\/list-item\";}s:8:\"uag_flag\";b:0;s:11:\"uag_version\";s:10:\"1775815218\";s:6:\"gfonts\";a:0:{}s:10:\"gfonts_url\";s:0:\"\";s:12:\"gfonts_files\";a:0:{}s:14:\"uag_faq_layout\";b:0;}"],"_uag_css_file_name":["uag-css-5382.css"]},"uagb_featured_image_src":{"full":["https:\/\/dlx-media.com\/wp-content\/uploads\/Google-Analytics.jpeg",1792,1024,false],"thumbnail":["https:\/\/dlx-media.com\/wp-content\/uploads\/Google-Analytics-250x250.jpeg",250,250,true],"medium":["https:\/\/dlx-media.com\/wp-content\/uploads\/Google-Analytics-350x200.jpeg",350,200,true],"medium_large":["https:\/\/dlx-media.com\/wp-content\/uploads\/Google-Analytics-768x439.jpeg",768,439,true],"large":["https:\/\/dlx-media.com\/wp-content\/uploads\/Google-Analytics-1024x585.jpeg",1024,585,true],"1536x1536":["https:\/\/dlx-media.com\/wp-content\/uploads\/Google-Analytics-1536x878.jpeg",1536,878,true],"2048x2048":["https:\/\/dlx-media.com\/wp-content\/uploads\/Google-Analytics.jpeg",1792,1024,false],"suffice-thumbnail-grid":["https:\/\/dlx-media.com\/wp-content\/uploads\/Google-Analytics-750x420.jpeg",750,420,true],"suffice-thumbnail-featured-one":["https:\/\/dlx-media.com\/wp-content\/uploads\/Google-Analytics-295x525.jpeg",295,525,true],"suffice-thumbnail-featured-two":["https:\/\/dlx-media.com\/wp-content\/uploads\/Google-Analytics-1140x504.jpeg",1140,504,true],"suffice-thumbnail-portfolio":["https:\/\/dlx-media.com\/wp-content\/uploads\/Google-Analytics-572x552.jpeg",572,552,true],"suffice-thumbnail-portfolio-masonry":["https:\/\/dlx-media.com\/wp-content\/uploads\/Google-Analytics-572x652.jpeg",572,652,true]},"uagb_author_info":{"display_name":"DLxMedia","author_link":"https:\/\/dlx-media.com\/pl"},"uagb_comment_info":0,"uagb_excerpt":"Serce analityki internetowej i optymalizacji SEO Google Analytics jest niezb\u0119dnym narz\u0119dziem dla operator\u00f3w stron internetowych, marketer\u00f3w internetowych i ekspert\u00f3w SEO, zapewniaj\u0105c dog\u0142\u0119bny wgl\u0105d w zachowanie odwiedzaj\u0105cych witryn\u0119. Umo\u017cliwia szczeg\u00f3\u0142ow\u0105 analiz\u0119 i ocen\u0119 wydajno\u015bci witryny poprzez gromadzenie, przetwarzanie i wizualizacj\u0119 szerokiego","_links":{"self":[{"href":"https:\/\/dlx-media.com\/pl\/wp-json\/wp\/v2\/pages\/5382","targetHints":{"allow":["GET"]}}],"collection":[{"href":"https:\/\/dlx-media.com\/pl\/wp-json\/wp\/v2\/pages"}],"about":[{"href":"https:\/\/dlx-media.com\/pl\/wp-json\/wp\/v2\/types\/page"}],"author":[{"embeddable":true,"href":"https:\/\/dlx-media.com\/pl\/wp-json\/wp\/v2\/users\/2332"}],"replies":[{"embeddable":true,"href":"https:\/\/dlx-media.com\/pl\/wp-json\/wp\/v2\/comments?post=5382"}],"version-history":[{"count":1,"href":"https:\/\/dlx-media.com\/pl\/wp-json\/wp\/v2\/pages\/5382\/revisions"}],"predecessor-version":[{"id":5383,"href":"https:\/\/dlx-media.com\/pl\/wp-json\/wp\/v2\/pages\/5382\/revisions\/5383"}],"up":[{"embeddable":true,"href":"https:\/\/dlx-media.com\/pl\/wp-json\/wp\/v2\/pages\/4979"}],"wp:featuredmedia":[{"embeddable":true,"href":"https:\/\/dlx-media.com\/pl\/wp-json\/wp\/v2\/media\/5377"}],"wp:attachment":[{"href":"https:\/\/dlx-media.com\/pl\/wp-json\/wp\/v2\/media?parent=5382"}],"curies":[{"name":"wp","href":"https:\/\/api.w.org\/{rel}","templated":true}]}}