{"id":5216,"date":"2024-06-27T20:09:55","date_gmt":"2024-06-27T18:09:55","guid":{"rendered":"https:\/\/dlx-media.com\/slowniczek\/favicon\/"},"modified":"2024-07-14T13:51:06","modified_gmt":"2024-07-14T11:51:06","slug":"favicon","status":"publish","type":"page","link":"https:\/\/dlx-media.com\/pl\/slowniczek\/favicon\/","title":{"rendered":"Favicon"},"content":{"rendered":"<div class=\"wp-block-image\">\n<figure data-spectra-id=\"spectra-d699b923-de0e-4b82-8bdc-ffb1e8082cc2\" class=\"aligncenter size-full\"><img loading=\"lazy\" decoding=\"async\" width=\"1792\" height=\"1024\" src=\"https:\/\/dlx-media.com\/file\/Favicon.jpeg\" alt=\"Favicon\" class=\"wp-image-5211\" srcset=\"https:\/\/dlx-media.com\/wp-content\/uploads\/Favicon.jpeg 1792w, https:\/\/dlx-media.com\/wp-content\/uploads\/Favicon-350x200.jpeg 350w, https:\/\/dlx-media.com\/wp-content\/uploads\/Favicon-1024x585.jpeg 1024w, https:\/\/dlx-media.com\/wp-content\/uploads\/Favicon-768x439.jpeg 768w, https:\/\/dlx-media.com\/wp-content\/uploads\/Favicon-1536x878.jpeg 1536w\" sizes=\"auto, (max-width: 1792px) 100vw, 1792px\" \/><\/figure>\n<\/div>\n<h3 class=\"wp-block-heading\">Ikona favicon: ma\u0142a ikona o du\u017cym wp\u0142ywie na SEO i u\u017cyteczno\u015b\u0107<\/h3>\n\n<p class=\"wp-block-paragraph\">Favicon, ma\u0142a, ale skuteczna ikona, jest niezb\u0119dnym elementem ka\u017cdej nowoczesnej strony internetowej. Jest on definiowany przez znacznik ikony skr\u00f3tu w kodzie HTML strony internetowej i pojawia si\u0119 w pasku adresu przegl\u0105darki internetowej obok adresu URL oraz w zak\u0142adkach nowoczesnych przegl\u0105darek. Przy rozmiarze zazwyczaj 16\u00d716 pikseli, favicon s\u0142u\u017cy jako wizualna cecha rozpoznawcza strony internetowej i oferuje liczne korzy\u015bci, zar\u00f3wno z punktu widzenia optymalizacji pod k\u0105tem wyszukiwarek (SEO), jak i przyjazno\u015bci dla u\u017cytkownika (u\u017cyteczno\u015bci).<\/p>\n\n<h4 class=\"wp-block-heading\">Czym jest favicon i dlaczego jest wa\u017cny?<\/h4>\n\n<p class=\"wp-block-paragraph\">Favicon (ikona ulubionych) to ma\u0142y symbol wy\u015bwietlany obok adresu URL w pasku adresu przegl\u0105darki internetowej. Dzia\u0142a jako identyfikator marki i u\u0142atwia identyfikacj\u0119 witryny. Chocia\u017c jest to tylko niewielki element graficzny, favicon znacz\u0105co przyczynia si\u0119 do rozpoznawalno\u015bci i brandingu strony internetowej.<\/p>\n\n<p class=\"wp-block-paragraph\"><strong>Przyk\u0142ad integracji favicon<\/strong>:<\/p>\n\n<pre class=\"wp-block-code\"><code>&lt;head>\n...\n&lt;link rel=\"shortcut icon\" type=\"image\/x-icon\" href=\"favicon.ico\" \/>\n...\n&lt;\/head><\/code><\/pre>\n\n<h4 class=\"wp-block-heading\">Zalety favicon z perspektywy SEO<\/h4>\n\n<ol class=\"wp-block-list\">\n<li><strong>Zwi\u0119kszenie warto\u015bci uznania<\/strong>:\n<ul class=\"wp-block-list\">\n<li><strong>To\u017csamo\u015b\u0107 marki<\/strong>: Dobrze zaprojektowana ikona favicon przyczynia si\u0119 do to\u017csamo\u015bci marki i pomaga u\u017cytkownikom rozpozna\u0107 witryn\u0119 na pierwszy rzut oka, zw\u0142aszcza gdy otwartych jest kilka kart.<\/li>\n\n\n\n<li><strong>Zaufanie i profesjonalizm<\/strong>: Obecno\u015b\u0107 ikony favicon \u015bwiadczy o profesjonalizmie i trosce, co wzmacnia zaufanie u\u017cytkownik\u00f3w do witryny.<\/li>\n<\/ul>\n<\/li>\n\n\n\n<li><strong>Zmniejszenie wsp\u00f3\u0142czynnika odrzuce\u0144<\/strong>:\n<ul class=\"wp-block-list\">\n<li><strong>Znajomo\u015b\u0107<\/strong>: U\u017cytkownicy maj\u0105 tendencj\u0119 do pozostawania d\u0142u\u017cej na stronie internetowej, kt\u00f3r\u0105 od razu rozpoznaj\u0105 jako znajom\u0105. Mo\u017ce to zmniejszy\u0107 wsp\u00f3\u0142czynnik odrzuce\u0144 i wyd\u0142u\u017cy\u0107 czas przebywania na stronie, co wysy\u0142a pozytywne sygna\u0142y do wyszukiwarek.<\/li>\n<\/ul>\n<\/li>\n\n\n\n<li><strong>Poprawa u\u017cyteczno\u015bci<\/strong>:\n<ul class=\"wp-block-list\">\n<li><strong>\u0141atwa nawigacja<\/strong>: Favicony u\u0142atwiaj\u0105 nawigacj\u0119, pomagaj\u0105c u\u017cytkownikom szybciej identyfikowa\u0107 i znajdowa\u0107 ulubione strony internetowe. Jest to szczeg\u00f3lnie przydatne na listach zak\u0142adek i gdy otwartych jest kilka kart.<\/li>\n<\/ul>\n<\/li>\n<\/ol>\n\n<h4 class=\"wp-block-heading\">Znaczenie favicon w nowoczesnych przegl\u0105darkach internetowych i urz\u0105dzeniach mobilnych<\/h4>\n\n<p class=\"wp-block-paragraph\">W ostatnich latach znaczenie favicon znacznie wzros\u0142o ze wzgl\u0119du na dalszy rozw\u00f3j nowoczesnych przegl\u0105darek internetowych i rosn\u0105ce wykorzystanie smartfon\u00f3w.<\/p>\n\n<ol class=\"wp-block-list\">\n<li><strong>Karty przegl\u0105darki<\/strong>:\n<ul class=\"wp-block-list\">\n<li><strong>Widoczno\u015b\u0107 w kart<\/strong>ach: W nowoczesnych przegl\u0105darkach, takich jak Google Chrome, Firefox i Safari, ikona favicon jest wy\u015bwietlana w widocznym miejscu w kartach. U\u0142atwia to u\u017cytkownikom szybkie znalezienie \u017c\u0105danej strony internetowej, zw\u0142aszcza gdy otwartych jest wiele kart.<\/li>\n<\/ul>\n<\/li>\n\n\n\n<li><strong>Zak\u0142adki i zak\u0142adki<\/strong>:\n<ul class=\"wp-block-list\">\n<li><strong>Szybkie rozpoznawanie<\/strong>: Favicony pojawiaj\u0105 si\u0119 w zak\u0142adkach u\u017cytkownik\u00f3w, u\u0142atwiaj\u0105c rozpoznawanie i znajdowanie ulubionych stron internetowych.<\/li>\n<\/ul>\n<\/li>\n\n\n\n<li><strong>U\u017cytkowanie mobilne<\/strong>:\n<ul class=\"wp-block-list\">\n<li><strong>Ikony ekranu<\/strong> g\u0142\u00f3wnego: Na smartfonach ikona favicon mo\u017ce by\u0107 u\u017cywana jako ikona \u0142\u0105cz\u0105ca strony internetowe na ekranie g\u0142\u00f3wnym. Umo\u017cliwia to u\u017cytkownikom dost\u0119p do ulubionych stron internetowych bezpo\u015brednio z ekranu g\u0142\u00f3wnego, co znacznie poprawia dost\u0119pno\u015b\u0107 i \u0142atwo\u015b\u0107 obs\u0142ugi.<\/li>\n<\/ul>\n<\/li>\n<\/ol>\n\n<h4 class=\"wp-block-heading\">Tworzenie skutecznej ikony favicon<\/h4>\n\n<p class=\"wp-block-paragraph\">Aby w pe\u0142ni wykorzysta\u0107 zalety favicon, nale\u017cy je starannie zaprojektowa\u0107 i poprawnie wdro\u017cy\u0107:<\/p>\n\n<ol class=\"wp-block-list\">\n<li><strong>Wskaz\u00f3wki dotycz\u0105ce projektowania<\/strong>:\n<ul class=\"wp-block-list\">\n<li><strong>Prostota<\/strong>: ikona favicon powinna by\u0107 prosta i przejrzysta, aby by\u0142a \u0142atwo rozpoznawalna nawet przy ma\u0142ym rozmiarze.<\/li>\n\n\n\n<li><strong>To\u017csamo\u015b\u0107 marki<\/strong>: Powinna zawiera\u0107 logo marki lub silny symbol, kt\u00f3ry reprezentuje mark\u0119.<\/li>\n\n\n\n<li><strong>Kontrast kolor\u00f3w<\/strong>: Wysoki kontrast kolor\u00f3w zapewnia, \u017ce favicon jest wyra\u017anie widoczny w r\u00f3\u017cnych \u015brodowiskach przegl\u0105darki.<\/li>\n<\/ul>\n<\/li>\n\n\n\n<li><strong>Wymagania techniczne<\/strong>:\n<ul class=\"wp-block-list\">\n<li><strong>Format pliku<\/strong>: Najpopularniejszym formatem favicon\u00f3w jest .ico, ale nowoczesne przegl\u0105darki obs\u0142uguj\u0105 r\u00f3wnie\u017c formaty takie jak .png i .svg.<\/li>\n\n\n\n<li><strong>Rozmiar<\/strong>: Domy\u015blny rozmiar favicon\u00f3w to 16\u00d716 pikseli, ale zaleca si\u0119 zapewnienie wielu rozmiar\u00f3w (np. 32\u00d732, 48\u00d748), aby wygl\u0105da\u0142y dobrze w r\u00f3\u017cnych kontekstach.<\/li>\n<\/ul>\n<\/li>\n<\/ol>\n\n<h4 class=\"wp-block-heading\">Wnioski<\/h4>\n\n<p class=\"wp-block-paragraph\">Favicon to ma\u0142e, ale pot\u0119\u017cne narz\u0119dzie, kt\u00f3re mo\u017ce znacznie poprawi\u0107 widoczno\u015b\u0107 i \u0142atwo\u015b\u0107 obs\u0142ugi strony internetowej. Przyczynia si\u0119 to do to\u017csamo\u015bci marki, zmniejsza wsp\u00f3\u0142czynnik odrzuce\u0144 i poprawia u\u017cyteczno\u015b\u0107. W czasach, gdy konkurencja o uwag\u0119 u\u017cytkownik\u00f3w jest zaci\u0119ta, dobrze zaprojektowana favicon oferuje decyduj\u0105c\u0105 przewag\u0119. Starannie projektuj\u0105c i wdra\u017caj\u0105c favicon, w\u0142a\u015bciciele witryn mog\u0105 nie tylko wspiera\u0107 swoje wysi\u0142ki w zakresie SEO, ale tak\u017ce zapewni\u0107 p\u0142ynne i profesjonalne wra\u017cenia u\u017cytkownika.<\/p>\n","protected":false},"excerpt":{"rendered":"<p>Ikona favicon: ma\u0142a ikona o du\u017cym wp\u0142ywie na SEO i u\u017cyteczno\u015b\u0107 Favicon, ma\u0142a, ale skuteczna ikona, jest niezb\u0119dnym elementem ka\u017cdej nowoczesnej strony internetowej. Jest on definiowany przez znacznik ikony skr\u00f3tu w kodzie HTML strony internetowej i pojawia si\u0119 w pasku<\/p>\n","protected":false},"author":2332,"featured_media":5213,"parent":4979,"menu_order":0,"comment_status":"closed","ping_status":"closed","template":"","meta":{"_seopress_robots_primary_cat":"","_seopress_titles_title":"Favicon: Wi\u0119ksza widoczno\u015b\u0107 i \u0142atwo\u015b\u0107 obs\u0142ugi %%sitetitle%%","_seopress_titles_desc":"Dowiedz si\u0119, jak dobrze zaprojektowana ikona favicon wzmacnia to\u017csamo\u015b\u0107 marki, zwi\u0119ksza zaufanie u\u017cytkownik\u00f3w i poprawia wydajno\u015b\u0107 SEO Twojej witryny.","_seopress_robots_index":"","_crdt_document":"","_uag_custom_page_level_css":"","spectra_gs_classes":"","footnotes":""},"class_list":["post-5216","page","type-page","status-publish","has-post-thumbnail","hentry"],"spectra_custom_meta":{"_top_nav_excluded":[""],"_cms_nav_minihome":[""],"_thumbnail_id":["5213"],"_wp_page_template":[""],"_last_translation_edit_mode":["translation-editor"],"_seopress_titles_title":["Favicon: Wi\u0119ksza widoczno\u015b\u0107 i \u0142atwo\u015b\u0107 obs\u0142ugi %%sitetitle%%"],"_seopress_titles_desc":["Dowiedz si\u0119, jak dobrze zaprojektowana ikona favicon wzmacnia to\u017csamo\u015b\u0107 marki, zwi\u0119ksza zaufanie u\u017cytkownik\u00f3w i poprawia wydajno\u015b\u0107 SEO Twojej witryny."],"_seopress_redirections_logged_status":["oba"],"_seopress_redirections_type":["301"],"_wpml_word_count":["{\"total\":575,\"to_translate\":{\"en\":575,\"de\":575}}"],"_uagb_previous_block_counts":["a:90:{s:21:\"uagb\/advanced-heading\";i:0;s:15:\"uagb\/blockquote\";i:0;s:12:\"uagb\/buttons\";i:0;s:18:\"uagb\/buttons-child\";i:0;s:19:\"uagb\/call-to-action\";i:0;s:15:\"uagb\/cf7-styler\";i:0;s:11:\"uagb\/column\";i:0;s:12:\"uagb\/columns\";i:0;s:14:\"uagb\/container\";i:0;s:21:\"uagb\/content-timeline\";i:0;s:27:\"uagb\/content-timeline-child\";i:0;s:14:\"uagb\/countdown\";i:0;s:12:\"uagb\/counter\";i:0;s:8:\"uagb\/faq\";i:0;s:14:\"uagb\/faq-child\";i:0;s:10:\"uagb\/forms\";i:0;s:17:\"uagb\/forms-accept\";i:0;s:19:\"uagb\/forms-checkbox\";i:0;s:15:\"uagb\/forms-date\";i:0;s:16:\"uagb\/forms-email\";i:0;s:17:\"uagb\/forms-hidden\";i:0;s:15:\"uagb\/forms-name\";i:0;s:16:\"uagb\/forms-phone\";i:0;s:16:\"uagb\/forms-radio\";i:0;s:17:\"uagb\/forms-select\";i:0;s:19:\"uagb\/forms-textarea\";i:0;s:17:\"uagb\/forms-toggle\";i:0;s:14:\"uagb\/forms-url\";i:0;s:14:\"uagb\/gf-styler\";i:0;s:15:\"uagb\/google-map\";i:0;s:11:\"uagb\/how-to\";i:0;s:16:\"uagb\/how-to-step\";i:0;s:9:\"uagb\/icon\";i:0;s:14:\"uagb\/icon-list\";i:0;s:20:\"uagb\/icon-list-child\";i:0;s:10:\"uagb\/image\";i:0;s:18:\"uagb\/image-gallery\";i:0;s:13:\"uagb\/info-box\";i:0;s:18:\"uagb\/inline-notice\";i:0;s:11:\"uagb\/lottie\";i:0;s:21:\"uagb\/marketing-button\";i:0;s:10:\"uagb\/modal\";i:0;s:18:\"uagb\/popup-builder\";i:0;s:16:\"uagb\/post-button\";i:0;s:18:\"uagb\/post-carousel\";i:0;s:17:\"uagb\/post-excerpt\";i:0;s:14:\"uagb\/post-grid\";i:0;s:15:\"uagb\/post-image\";i:0;s:17:\"uagb\/post-masonry\";i:0;s:14:\"uagb\/post-meta\";i:0;s:18:\"uagb\/post-taxonomy\";i:0;s:18:\"uagb\/post-timeline\";i:0;s:15:\"uagb\/post-title\";i:0;s:20:\"uagb\/restaurant-menu\";i:0;s:26:\"uagb\/restaurant-menu-child\";i:0;s:11:\"uagb\/review\";i:0;s:12:\"uagb\/section\";i:0;s:14:\"uagb\/separator\";i:0;s:11:\"uagb\/slider\";i:0;s:17:\"uagb\/slider-child\";i:0;s:17:\"uagb\/social-share\";i:0;s:23:\"uagb\/social-share-child\";i:0;s:16:\"uagb\/star-rating\";i:0;s:23:\"uagb\/sure-cart-checkout\";i:0;s:22:\"uagb\/sure-cart-product\";i:0;s:15:\"uagb\/sure-forms\";i:0;s:22:\"uagb\/table-of-contents\";i:0;s:9:\"uagb\/tabs\";i:0;s:15:\"uagb\/tabs-child\";i:0;s:18:\"uagb\/taxonomy-list\";i:0;s:9:\"uagb\/team\";i:0;s:16:\"uagb\/testimonial\";i:0;s:14:\"uagb\/wp-search\";i:0;s:19:\"uagb\/instagram-feed\";i:0;s:10:\"uagb\/login\";i:0;s:17:\"uagb\/loop-builder\";i:0;s:18:\"uagb\/loop-category\";i:0;s:20:\"uagb\/loop-pagination\";i:0;s:15:\"uagb\/loop-reset\";i:0;s:16:\"uagb\/loop-search\";i:0;s:14:\"uagb\/loop-sort\";i:0;s:17:\"uagb\/loop-wrapper\";i:0;s:13:\"uagb\/register\";i:0;s:19:\"uagb\/register-email\";i:0;s:24:\"uagb\/register-first-name\";i:0;s:23:\"uagb\/register-last-name\";i:0;s:22:\"uagb\/register-password\";i:0;s:30:\"uagb\/register-reenter-password\";i:0;s:19:\"uagb\/register-terms\";i:0;s:22:\"uagb\/register-username\";i:0;}"],"_uag_page_assets":["a:9:{s:3:\"css\";s:263:\".uag-blocks-common-selector{z-index:var(--z-index-desktop) !important}@media (max-width: 976px){.uag-blocks-common-selector{z-index:var(--z-index-tablet) !important}}@media (max-width: 767px){.uag-blocks-common-selector{z-index:var(--z-index-mobile) !important}}\n\";s:2:\"js\";s:0:\"\";s:18:\"current_block_list\";a:6:{i:0;s:10:\"core\/image\";i:1;s:12:\"core\/heading\";i:2;s:14:\"core\/paragraph\";i:3;s:9:\"core\/code\";i:4;s:9:\"core\/list\";i:5;s:14:\"core\/list-item\";}s:8:\"uag_flag\";b:0;s:11:\"uag_version\";s:10:\"1775815218\";s:6:\"gfonts\";a:0:{}s:10:\"gfonts_url\";s:0:\"\";s:12:\"gfonts_files\";a:0:{}s:14:\"uag_faq_layout\";b:0;}"],"_uag_css_file_name":["uag-css-5216.css"]},"uagb_featured_image_src":{"full":["https:\/\/dlx-media.com\/wp-content\/uploads\/Favicon.jpeg",1792,1024,false],"thumbnail":["https:\/\/dlx-media.com\/wp-content\/uploads\/Favicon-250x250.jpeg",250,250,true],"medium":["https:\/\/dlx-media.com\/wp-content\/uploads\/Favicon-350x200.jpeg",350,200,true],"medium_large":["https:\/\/dlx-media.com\/wp-content\/uploads\/Favicon-768x439.jpeg",768,439,true],"large":["https:\/\/dlx-media.com\/wp-content\/uploads\/Favicon-1024x585.jpeg",1024,585,true],"1536x1536":["https:\/\/dlx-media.com\/wp-content\/uploads\/Favicon-1536x878.jpeg",1536,878,true],"2048x2048":["https:\/\/dlx-media.com\/wp-content\/uploads\/Favicon.jpeg",1792,1024,false],"suffice-thumbnail-grid":["https:\/\/dlx-media.com\/wp-content\/uploads\/Favicon-750x420.jpeg",750,420,true],"suffice-thumbnail-featured-one":["https:\/\/dlx-media.com\/wp-content\/uploads\/Favicon-295x525.jpeg",295,525,true],"suffice-thumbnail-featured-two":["https:\/\/dlx-media.com\/wp-content\/uploads\/Favicon-1140x504.jpeg",1140,504,true],"suffice-thumbnail-portfolio":["https:\/\/dlx-media.com\/wp-content\/uploads\/Favicon-572x552.jpeg",572,552,true],"suffice-thumbnail-portfolio-masonry":["https:\/\/dlx-media.com\/wp-content\/uploads\/Favicon-572x652.jpeg",572,652,true]},"uagb_author_info":{"display_name":"DLxMedia","author_link":"https:\/\/dlx-media.com\/pl"},"uagb_comment_info":0,"uagb_excerpt":"Ikona favicon: ma\u0142a ikona o du\u017cym wp\u0142ywie na SEO i u\u017cyteczno\u015b\u0107 Favicon, ma\u0142a, ale skuteczna ikona, jest niezb\u0119dnym elementem ka\u017cdej nowoczesnej strony internetowej. Jest on definiowany przez znacznik ikony skr\u00f3tu w kodzie HTML strony internetowej i pojawia si\u0119 w pasku","_links":{"self":[{"href":"https:\/\/dlx-media.com\/pl\/wp-json\/wp\/v2\/pages\/5216","targetHints":{"allow":["GET"]}}],"collection":[{"href":"https:\/\/dlx-media.com\/pl\/wp-json\/wp\/v2\/pages"}],"about":[{"href":"https:\/\/dlx-media.com\/pl\/wp-json\/wp\/v2\/types\/page"}],"author":[{"embeddable":true,"href":"https:\/\/dlx-media.com\/pl\/wp-json\/wp\/v2\/users\/2332"}],"replies":[{"embeddable":true,"href":"https:\/\/dlx-media.com\/pl\/wp-json\/wp\/v2\/comments?post=5216"}],"version-history":[{"count":2,"href":"https:\/\/dlx-media.com\/pl\/wp-json\/wp\/v2\/pages\/5216\/revisions"}],"predecessor-version":[{"id":5285,"href":"https:\/\/dlx-media.com\/pl\/wp-json\/wp\/v2\/pages\/5216\/revisions\/5285"}],"up":[{"embeddable":true,"href":"https:\/\/dlx-media.com\/pl\/wp-json\/wp\/v2\/pages\/4979"}],"wp:featuredmedia":[{"embeddable":true,"href":"https:\/\/dlx-media.com\/pl\/wp-json\/wp\/v2\/media\/5213"}],"wp:attachment":[{"href":"https:\/\/dlx-media.com\/pl\/wp-json\/wp\/v2\/media?parent=5216"}],"curies":[{"name":"wp","href":"https:\/\/api.w.org\/{rel}","templated":true}]}}