{"id":5003,"date":"2024-06-04T22:17:23","date_gmt":"2024-06-04T20:17:23","guid":{"rendered":"https:\/\/dlx-media.com\/slowniczek\/czas-przebywania\/"},"modified":"2024-07-14T13:51:06","modified_gmt":"2024-07-14T11:51:06","slug":"czas-przebywania","status":"publish","type":"page","link":"https:\/\/dlx-media.com\/pl\/slowniczek\/czas-przebywania\/","title":{"rendered":"Czas przebywania"},"content":{"rendered":"<div class=\"wp-block-image\">\n<figure data-spectra-id=\"spectra-138eac87-1cc2-4b8d-9758-8b6e225b4648\" class=\"aligncenter size-full\"><img loading=\"lazy\" decoding=\"async\" width=\"1792\" height=\"1024\" src=\"https:\/\/dlx-media.com\/file\/Dwell-Time.jpeg\" alt=\"Czas oczekiwania\" class=\"wp-image-4996\" srcset=\"https:\/\/dlx-media.com\/wp-content\/uploads\/Dwell-Time.jpeg 1792w, https:\/\/dlx-media.com\/wp-content\/uploads\/Dwell-Time-350x200.jpeg 350w, https:\/\/dlx-media.com\/wp-content\/uploads\/Dwell-Time-1024x585.jpeg 1024w, https:\/\/dlx-media.com\/wp-content\/uploads\/Dwell-Time-768x439.jpeg 768w, https:\/\/dlx-media.com\/wp-content\/uploads\/Dwell-Time-1536x878.jpeg 1536w\" sizes=\"auto, (max-width: 1792px) 100vw, 1792px\" \/><\/figure>\n<\/div>\n<h3 class=\"wp-block-heading\">Wa\u017cny wska\u017anik KPI dla SEO i marketingu online: czas przebywania w witrynie<\/h3>\n\n<p class=\"wp-block-paragraph\">Czas przebywania jest decyduj\u0105cym wska\u017anikiem w marketingu internetowym i optymalizacji pod k\u0105tem wyszukiwarek (SEO). Odnosi si\u0119 do czasu, jaki u\u017cytkownik sp\u0119dza na stronie internetowej przed powrotem do strony wynik\u00f3w wyszukiwania (SERP). D\u0142u\u017cszy czas przebywania na stronie jest cz\u0119sto postrzegany jako wskaz\u00f3wka, \u017ce zawarto\u015b\u0107 strony jest istotna i interesuj\u0105ca dla u\u017cytkownika. W konsekwencji, wysoki czas przebywania na stronie mo\u017ce przyczyni\u0107 si\u0119 do poprawy jej pozycji w wynikach wyszukiwania.<\/p>\n\n<h4 class=\"wp-block-heading\">Co to jest Dwell Time i dlaczego jest wa\u017cny?<\/h4>\n\n<p class=\"wp-block-paragraph\">Czas przebywania r\u00f3\u017cni si\u0119 od innych wska\u017anik\u00f3w, takich jak wsp\u00f3\u0142czynnik odrzuce\u0144 lub \u015bredni czas trwania sesji. Podczas gdy wsp\u00f3\u0142czynnik odrzuce\u0144 mierzy odsetek u\u017cytkownik\u00f3w, kt\u00f3rzy opuszczaj\u0105 witryn\u0119 po obejrzeniu tylko jednej strony, a \u015bredni czas trwania sesji mierzy ca\u0142kowity czas, jaki u\u017cytkownik sp\u0119dza w witrynie, czas przebywania odnosi si\u0119 konkretnie do czasu, jaki u\u017cytkownik sp\u0119dza na stronie przed powrotem do wyszukiwarki.<\/p>\n\n<p class=\"wp-block-paragraph\"><strong>Dlaczego czas przebywania jest wa\u017cny?<\/strong><\/p>\n\n<ol class=\"wp-block-list\">\n<li><strong>Wska\u017anik trafno\u015bci i jako\u015bci<\/strong>: D\u0142u\u017cszy czas przebywania wskazuje, \u017ce tre\u015b\u0107 jest trafna i atrakcyjna dla u\u017cytkownika. Mo\u017ce to prowadzi\u0107 do lepszego rankingu w wyszukiwarkach, poniewa\u017c wyszukiwarki takie jak Google bior\u0105 pod uwag\u0119 pozytywne sygna\u0142y u\u017cytkownik\u00f3w jako czynnik rankingowy.<\/li>\n\n\n\n<li><strong>Poprawa do\u015bwiadczenia u\u017cytkownika<\/strong>: Wysoki czas przebywania pokazuje, \u017ce u\u017cytkownicy znajduj\u0105 na stronie to, czego szukaj\u0105, co prowadzi do lepszego do\u015bwiadczenia u\u017cytkownika i zwi\u0119ksza prawdopodobie\u0144stwo, \u017ce u\u017cytkownicy powr\u00f3c\u0105.<\/li>\n\n\n\n<li><strong>Wy\u017cszy wsp\u00f3\u0142czynnik konwersji<\/strong>: u\u017cytkownicy, kt\u00f3rzy pozostaj\u0105 d\u0142u\u017cej na stronie internetowej, s\u0105 bardziej sk\u0142onni do wykonania po\u017c\u0105danej akcji, czy to zakupu, zapisania si\u0119 do newslettera czy wype\u0142nienia formularza kontaktowego.<\/li>\n<\/ol>\n\n<h4 class=\"wp-block-heading\">Czynniki wp\u0142ywaj\u0105ce na czas przebywania<\/h4>\n\n<p class=\"wp-block-paragraph\">Na czas przebywania mog\u0105 wp\u0142ywa\u0107 r\u00f3\u017cne czynniki. Oto kilka najwa\u017cniejszych z nich:<\/p>\n\n<ol class=\"wp-block-list\">\n<li><strong>Jako\u015b\u0107 i adekwatno\u015b\u0107 tre\u015bci<\/strong>\n<ul class=\"wp-block-list\">\n<li><strong>Wysokiej jako\u015bci tre\u015b\u0107<\/strong> Tre\u015b\u0107, kt\u00f3ra zawiera informacje, jest dobrze zbadana i przydatna, zatrzymuje u\u017cytkownik\u00f3w na stronie na d\u0142u\u017cej.<\/li>\n\n\n\n<li><strong>Odpowiednie<\/strong> tre\u015bci, kt\u00f3re s\u0105 precyzyjnie dopasowane do zapyta\u0144 i zainteresowa\u0144 u\u017cytkownika, zwi\u0119kszaj\u0105 d\u0142ugo\u015b\u0107 jego pobytu.<\/li>\n<\/ul>\n<\/li>\n\n\n\n<li><strong>Projekt i \u0142atwo\u015b\u0107 obs\u0142ugi<\/strong>\n<ul class=\"wp-block-list\">\n<li><strong>Estetyczna<\/strong> strona internetowa z przejrzyst\u0105 struktur\u0105 i prost\u0105 nawigacj\u0105 poprawia komfort u\u017cytkowania.<\/li>\n\n\n\n<li><strong>\u0141atwo\u015b\u0107<\/strong> obs\u0142ugi i logiczny uk\u0142ad tre\u015bci pomagaj\u0105 u\u017cytkownikom czu\u0107 si\u0119 komfortowo na stronie i pozosta\u0107 na niej d\u0142u\u017cej.<\/li>\n<\/ul>\n<\/li>\n\n\n\n<li><strong>Szybko\u015b\u0107 \u0142adowania strony<\/strong>\n<ul class=\"wp-block-list\">\n<li><strong>Szybki czas \u0142adowania<\/strong> Strony internetowe, kt\u00f3re \u0142aduj\u0105 si\u0119 szybko, oferuj\u0105 lepsze wra\u017cenia u\u017cytkownika i zapobiegaj\u0105 opuszczaniu witryny przez u\u017cytkownik\u00f3w z frustracji.<\/li>\n<\/ul>\n<\/li>\n\n\n\n<li><strong>Elementy interaktywne<\/strong>\n<ul class=\"wp-block-list\">\n<li><strong>Filmy i multimedia<\/strong> Korzystanie z film\u00f3w, obraz\u00f3w i innych element\u00f3w multimedialnych mo\u017ce zatrzyma\u0107 u\u017cytkownik\u00f3w na stronie na d\u0142u\u017cej.<\/li>\n\n\n\n<li><strong>Interaktywne funkcje<\/strong> Elementy takie jak quizy, ankiety czy interaktywne infografiki zach\u0119caj\u0105 do interakcji i wyd\u0142u\u017caj\u0105 czas sp\u0119dzony na stronie.<\/li>\n<\/ul>\n<\/li>\n\n\n\n<li><strong>Dodatkowe informacje i zasoby<\/strong>\n<ul class=\"wp-block-list\">\n<li><strong>Powi\u0105zane linki<\/strong>: Linki do powi\u0105zanych artyku\u0142\u00f3w lub zasob\u00f3w w witrynie mog\u0105 zach\u0119ci\u0107 u\u017cytkownik\u00f3w do odkrywania dalszych tre\u015bci.<\/li>\n\n\n\n<li><strong>Tre\u015bci do<\/strong> pobrania Whitepapers, e-booki lub inne warto\u015bciowe zasoby, kt\u00f3re u\u017cytkownicy mog\u0105 pobra\u0107, zwi\u0119kszaj\u0105 atrakcyjno\u015b\u0107 witryny.<\/li>\n<\/ul>\n<\/li>\n<\/ol>\n\n<h4 class=\"wp-block-heading\">Strategie poprawy czasu przebywania<\/h4>\n\n<p class=\"wp-block-paragraph\">Aby poprawi\u0107 czas przebywania na stronie, operatorzy witryn powinni podj\u0105\u0107 szereg dzia\u0142a\u0144:<\/p>\n\n<ol class=\"wp-block-list\">\n<li><strong>Tworzenie wysokiej jako\u015bci tre\u015bci<\/strong>\n<ul class=\"wp-block-list\">\n<li><strong>Skoncentruj si\u0119 na warto\u015bci dod<\/strong>anej: Tre\u015bci powinny oferowa\u0107 u\u017cytkownikom rzeczywist\u0105 warto\u015b\u0107 dodan\u0105 i wyczerpuj\u0105co odpowiada\u0107 na ich pytania.<\/li>\n\n\n\n<li><strong>Aktualno\u015b\u0107<\/strong>: Regularne aktualizacje i dodawanie nowych tre\u015bci sprawiaj\u0105, \u017ce strona jest aktualna i interesuj\u0105ca.<\/li>\n<\/ul>\n<\/li>\n\n\n\n<li><strong>Optymalizacja przyjazno\u015bci dla u\u017cytkownika<\/strong>\n<ul class=\"wp-block-list\">\n<li><strong>Projekt responsywny<\/strong>: upewnij si\u0119, \u017ce strona dzia\u0142a dobrze na wszystkich urz\u0105dzeniach, w tym na smartfonach i tabletach.<\/li>\n\n\n\n<li><strong>Prosta struktura nawigacji<\/strong>: Intuicyjna nawigacja pomaga u\u017cytkownikom szybko znale\u017a\u0107 to, czego szukaj\u0105.<\/li>\n<\/ul>\n<\/li>\n\n\n\n<li><strong>Poprawa szybko\u015bci \u0142adowania strony<\/strong>\n<ul class=\"wp-block-list\">\n<li><strong>Optymalizacja obraz\u00f3w<\/strong> Obrazy powinny by\u0107 skompresowane i zoptymalizowane, aby skr\u00f3ci\u0107 czas \u0142adowania.<\/li>\n\n\n\n<li><strong>Korzystanie z buforowania<\/strong> Buforowanie przegl\u0105darki i sieci dostarczania tre\u015bci (CDN) mo\u017ce znacznie poprawi\u0107 czas \u0142adowania.<\/li>\n<\/ul>\n<\/li>\n\n\n\n<li><strong>Integracja element\u00f3w interaktywnych<\/strong>\n<ul class=\"wp-block-list\">\n<li><strong>Zawarto\u015b\u0107 multimedialna<\/strong>: Filmy, podcasty i interaktywne grafiki sprawiaj\u0105, \u017ce strona jest bardziej dynamiczna i interesuj\u0105ca.<\/li>\n\n\n\n<li><strong>Funkcje interaktywne<\/strong>: Ankiety, quizy i obszary komentarzy zach\u0119caj\u0105 do interakcji i zatrzymuj\u0105 u\u017cytkownik\u00f3w na stronie na d\u0142u\u017cej.<\/li>\n<\/ul>\n<\/li>\n\n\n\n<li><strong>Zapewnienie dodatkowych zasob\u00f3w<\/strong>\n<ul class=\"wp-block-list\">\n<li><strong>Linkowanie tre\u015bci wewn\u0119trznych<\/strong>: Dostarczanie link\u00f3w do powi\u0105zanych artyku\u0142\u00f3w lub kategorii mo\u017ce zwi\u0119kszy\u0107 d\u0142ugo\u015b\u0107 pobytu.<\/li>\n\n\n\n<li><strong>Materia\u0142y do pobrania<\/strong>: e-booki, opracowania i bia\u0142e ksi\u0119gi oferuj\u0105 u\u017cytkownikom dodatkow\u0105 warto\u015b\u0107 dodan\u0105 i zach\u0119caj\u0105 ich do pozostania na stronie d\u0142u\u017cej.<\/li>\n<\/ul>\n<\/li>\n<\/ol>\n\n<h4 class=\"wp-block-heading\">Wnioski<\/h4>\n\n<p class=\"wp-block-paragraph\">Czas przebywania jest cennym wska\u017anikiem jako\u015bci i trafno\u015bci strony internetowej i odgrywa wa\u017cn\u0105 rol\u0119 w optymalizacji pod k\u0105tem wyszukiwarek. Poprzez ci\u0105g\u0142e monitorowanie i optymalizacj\u0119 czasu przebywania, operatorzy stron internetowych mog\u0105 nie tylko poprawi\u0107 swoje wyniki SEO, ale tak\u017ce zoptymalizowa\u0107 do\u015bwiadczenia u\u017cytkownik\u00f3w i zwi\u0119kszy\u0107 wsp\u00f3\u0142czynnik konwersji. Tworz\u0105c wysokiej jako\u015bci tre\u015bci, poprawiaj\u0105c przyjazno\u015b\u0107 dla u\u017cytkownika i integruj\u0105c elementy interaktywne, mo\u017cesz wyd\u0142u\u017cy\u0107 czas sp\u0119dzany przez u\u017cytkownik\u00f3w na Twojej stronie, a tym samym zwi\u0119kszy\u0107 jej sukces w d\u0142u\u017cszej perspektywie.<\/p>\n","protected":false},"excerpt":{"rendered":"<p>Wa\u017cny wska\u017anik KPI dla SEO i marketingu online: czas przebywania w witrynie Czas przebywania jest decyduj\u0105cym wska\u017anikiem w marketingu internetowym i optymalizacji pod k\u0105tem wyszukiwarek (SEO). Odnosi si\u0119 do czasu, jaki u\u017cytkownik sp\u0119dza na stronie internetowej przed powrotem do strony<\/p>\n","protected":false},"author":2332,"featured_media":4998,"parent":4979,"menu_order":0,"comment_status":"closed","ping_status":"closed","template":"","meta":{"_seopress_robots_primary_cat":"","_seopress_titles_title":"Czas przebywania: kluczowy wska\u017anik sukcesu SEO %%sitetitle%%","_seopress_titles_desc":"Dowiedz si\u0119, w jaki spos\u00f3b czas przebywania w witrynie poprawia SEO i dlaczego ma kluczowe znaczenie dla rankingu i komfortu u\u017cytkowania witryny.","_seopress_robots_index":"","_crdt_document":"","_uag_custom_page_level_css":"","spectra_gs_classes":"","footnotes":""},"class_list":["post-5003","page","type-page","status-publish","has-post-thumbnail","hentry"],"spectra_custom_meta":{"_top_nav_excluded":[""],"_cms_nav_minihome":[""],"_thumbnail_id":["4998"],"_wp_page_template":[""],"_last_translation_edit_mode":["translation-editor"],"_seopress_titles_title":["Czas przebywania: kluczowy wska\u017anik sukcesu SEO %%sitetitle%%"],"_seopress_titles_desc":["Dowiedz si\u0119, w jaki spos\u00f3b czas przebywania w witrynie poprawia SEO i dlaczego ma kluczowe znaczenie dla rankingu i komfortu u\u017cytkowania witryny."],"_seopress_redirections_logged_status":["oba"],"_seopress_redirections_type":["301"],"_wpml_word_count":["{\"total\":736,\"to_translate\":{\"en\":736,\"de\":736}}"],"_uagb_previous_block_counts":["a:90:{s:21:\"uagb\/advanced-heading\";i:0;s:15:\"uagb\/blockquote\";i:0;s:12:\"uagb\/buttons\";i:0;s:18:\"uagb\/buttons-child\";i:0;s:19:\"uagb\/call-to-action\";i:0;s:15:\"uagb\/cf7-styler\";i:0;s:11:\"uagb\/column\";i:0;s:12:\"uagb\/columns\";i:0;s:14:\"uagb\/container\";i:0;s:21:\"uagb\/content-timeline\";i:0;s:27:\"uagb\/content-timeline-child\";i:0;s:14:\"uagb\/countdown\";i:0;s:12:\"uagb\/counter\";i:0;s:8:\"uagb\/faq\";i:0;s:14:\"uagb\/faq-child\";i:0;s:10:\"uagb\/forms\";i:0;s:17:\"uagb\/forms-accept\";i:0;s:19:\"uagb\/forms-checkbox\";i:0;s:15:\"uagb\/forms-date\";i:0;s:16:\"uagb\/forms-email\";i:0;s:17:\"uagb\/forms-hidden\";i:0;s:15:\"uagb\/forms-name\";i:0;s:16:\"uagb\/forms-phone\";i:0;s:16:\"uagb\/forms-radio\";i:0;s:17:\"uagb\/forms-select\";i:0;s:19:\"uagb\/forms-textarea\";i:0;s:17:\"uagb\/forms-toggle\";i:0;s:14:\"uagb\/forms-url\";i:0;s:14:\"uagb\/gf-styler\";i:0;s:15:\"uagb\/google-map\";i:0;s:11:\"uagb\/how-to\";i:0;s:16:\"uagb\/how-to-step\";i:0;s:9:\"uagb\/icon\";i:0;s:14:\"uagb\/icon-list\";i:0;s:20:\"uagb\/icon-list-child\";i:0;s:10:\"uagb\/image\";i:0;s:18:\"uagb\/image-gallery\";i:0;s:13:\"uagb\/info-box\";i:0;s:18:\"uagb\/inline-notice\";i:0;s:11:\"uagb\/lottie\";i:0;s:21:\"uagb\/marketing-button\";i:0;s:10:\"uagb\/modal\";i:0;s:18:\"uagb\/popup-builder\";i:0;s:16:\"uagb\/post-button\";i:0;s:18:\"uagb\/post-carousel\";i:0;s:17:\"uagb\/post-excerpt\";i:0;s:14:\"uagb\/post-grid\";i:0;s:15:\"uagb\/post-image\";i:0;s:17:\"uagb\/post-masonry\";i:0;s:14:\"uagb\/post-meta\";i:0;s:18:\"uagb\/post-taxonomy\";i:0;s:18:\"uagb\/post-timeline\";i:0;s:15:\"uagb\/post-title\";i:0;s:20:\"uagb\/restaurant-menu\";i:0;s:26:\"uagb\/restaurant-menu-child\";i:0;s:11:\"uagb\/review\";i:0;s:12:\"uagb\/section\";i:0;s:14:\"uagb\/separator\";i:0;s:11:\"uagb\/slider\";i:0;s:17:\"uagb\/slider-child\";i:0;s:17:\"uagb\/social-share\";i:0;s:23:\"uagb\/social-share-child\";i:0;s:16:\"uagb\/star-rating\";i:0;s:23:\"uagb\/sure-cart-checkout\";i:0;s:22:\"uagb\/sure-cart-product\";i:0;s:15:\"uagb\/sure-forms\";i:0;s:22:\"uagb\/table-of-contents\";i:0;s:9:\"uagb\/tabs\";i:0;s:15:\"uagb\/tabs-child\";i:0;s:18:\"uagb\/taxonomy-list\";i:0;s:9:\"uagb\/team\";i:0;s:16:\"uagb\/testimonial\";i:0;s:14:\"uagb\/wp-search\";i:0;s:19:\"uagb\/instagram-feed\";i:0;s:10:\"uagb\/login\";i:0;s:17:\"uagb\/loop-builder\";i:0;s:18:\"uagb\/loop-category\";i:0;s:20:\"uagb\/loop-pagination\";i:0;s:15:\"uagb\/loop-reset\";i:0;s:16:\"uagb\/loop-search\";i:0;s:14:\"uagb\/loop-sort\";i:0;s:17:\"uagb\/loop-wrapper\";i:0;s:13:\"uagb\/register\";i:0;s:19:\"uagb\/register-email\";i:0;s:24:\"uagb\/register-first-name\";i:0;s:23:\"uagb\/register-last-name\";i:0;s:22:\"uagb\/register-password\";i:0;s:30:\"uagb\/register-reenter-password\";i:0;s:19:\"uagb\/register-terms\";i:0;s:22:\"uagb\/register-username\";i:0;}"],"_uag_page_assets":["a:9:{s:3:\"css\";s:263:\".uag-blocks-common-selector{z-index:var(--z-index-desktop) !important}@media (max-width: 976px){.uag-blocks-common-selector{z-index:var(--z-index-tablet) !important}}@media (max-width: 767px){.uag-blocks-common-selector{z-index:var(--z-index-mobile) !important}}\n\";s:2:\"js\";s:0:\"\";s:18:\"current_block_list\";a:5:{i:0;s:10:\"core\/image\";i:1;s:12:\"core\/heading\";i:2;s:14:\"core\/paragraph\";i:3;s:9:\"core\/list\";i:4;s:14:\"core\/list-item\";}s:8:\"uag_flag\";b:0;s:11:\"uag_version\";s:10:\"1775666600\";s:6:\"gfonts\";a:0:{}s:10:\"gfonts_url\";s:0:\"\";s:12:\"gfonts_files\";a:0:{}s:14:\"uag_faq_layout\";b:0;}"],"_uag_css_file_name":["uag-css-5003.css"]},"uagb_featured_image_src":{"full":["https:\/\/dlx-media.com\/wp-content\/uploads\/Dwell-Time.jpeg",1792,1024,false],"thumbnail":["https:\/\/dlx-media.com\/wp-content\/uploads\/Dwell-Time-250x250.jpeg",250,250,true],"medium":["https:\/\/dlx-media.com\/wp-content\/uploads\/Dwell-Time-350x200.jpeg",350,200,true],"medium_large":["https:\/\/dlx-media.com\/wp-content\/uploads\/Dwell-Time-768x439.jpeg",768,439,true],"large":["https:\/\/dlx-media.com\/wp-content\/uploads\/Dwell-Time-1024x585.jpeg",1024,585,true],"1536x1536":["https:\/\/dlx-media.com\/wp-content\/uploads\/Dwell-Time-1536x878.jpeg",1536,878,true],"2048x2048":["https:\/\/dlx-media.com\/wp-content\/uploads\/Dwell-Time.jpeg",1792,1024,false],"suffice-thumbnail-grid":["https:\/\/dlx-media.com\/wp-content\/uploads\/Dwell-Time-750x420.jpeg",750,420,true],"suffice-thumbnail-featured-one":["https:\/\/dlx-media.com\/wp-content\/uploads\/Dwell-Time-295x525.jpeg",295,525,true],"suffice-thumbnail-featured-two":["https:\/\/dlx-media.com\/wp-content\/uploads\/Dwell-Time-1140x504.jpeg",1140,504,true],"suffice-thumbnail-portfolio":["https:\/\/dlx-media.com\/wp-content\/uploads\/Dwell-Time-572x552.jpeg",572,552,true],"suffice-thumbnail-portfolio-masonry":["https:\/\/dlx-media.com\/wp-content\/uploads\/Dwell-Time-572x652.jpeg",572,652,true]},"uagb_author_info":{"display_name":"DLxMedia","author_link":"https:\/\/dlx-media.com\/pl"},"uagb_comment_info":0,"uagb_excerpt":"Wa\u017cny wska\u017anik KPI dla SEO i marketingu online: czas przebywania w witrynie Czas przebywania jest decyduj\u0105cym wska\u017anikiem w marketingu internetowym i optymalizacji pod k\u0105tem wyszukiwarek (SEO). Odnosi si\u0119 do czasu, jaki u\u017cytkownik sp\u0119dza na stronie internetowej przed powrotem do strony","_links":{"self":[{"href":"https:\/\/dlx-media.com\/pl\/wp-json\/wp\/v2\/pages\/5003","targetHints":{"allow":["GET"]}}],"collection":[{"href":"https:\/\/dlx-media.com\/pl\/wp-json\/wp\/v2\/pages"}],"about":[{"href":"https:\/\/dlx-media.com\/pl\/wp-json\/wp\/v2\/types\/page"}],"author":[{"embeddable":true,"href":"https:\/\/dlx-media.com\/pl\/wp-json\/wp\/v2\/users\/2332"}],"replies":[{"embeddable":true,"href":"https:\/\/dlx-media.com\/pl\/wp-json\/wp\/v2\/comments?post=5003"}],"version-history":[{"count":2,"href":"https:\/\/dlx-media.com\/pl\/wp-json\/wp\/v2\/pages\/5003\/revisions"}],"predecessor-version":[{"id":5282,"href":"https:\/\/dlx-media.com\/pl\/wp-json\/wp\/v2\/pages\/5003\/revisions\/5282"}],"up":[{"embeddable":true,"href":"https:\/\/dlx-media.com\/pl\/wp-json\/wp\/v2\/pages\/4979"}],"wp:featuredmedia":[{"embeddable":true,"href":"https:\/\/dlx-media.com\/pl\/wp-json\/wp\/v2\/media\/4998"}],"wp:attachment":[{"href":"https:\/\/dlx-media.com\/pl\/wp-json\/wp\/v2\/media?parent=5003"}],"curies":[{"name":"wp","href":"https:\/\/api.w.org\/{rel}","templated":true}]}}