{"id":4990,"date":"2024-06-04T21:58:03","date_gmt":"2024-06-04T19:58:03","guid":{"rendered":"https:\/\/dlx-media.com\/slowniczek\/domain-authority-da\/"},"modified":"2024-07-14T13:51:06","modified_gmt":"2024-07-14T11:51:06","slug":"domain-authority-da","status":"publish","type":"page","link":"https:\/\/dlx-media.com\/pl\/slowniczek\/domain-authority-da\/","title":{"rendered":"Domain Authority (DA)"},"content":{"rendered":"<div class=\"wp-block-image\">\n<figure data-spectra-id=\"spectra-2fdebc92-9f36-41c5-ae3a-c915b4ed699b\" class=\"aligncenter size-full\"><img loading=\"lazy\" decoding=\"async\" width=\"1792\" height=\"1024\" src=\"https:\/\/dlx-media.com\/file\/Domain-Authority-DA.jpeg\" alt=\"Domain Authority (DA)\" class=\"wp-image-4984\" srcset=\"https:\/\/dlx-media.com\/wp-content\/uploads\/Domain-Authority-DA.jpeg 1792w, https:\/\/dlx-media.com\/wp-content\/uploads\/Domain-Authority-DA-350x200.jpeg 350w, https:\/\/dlx-media.com\/wp-content\/uploads\/Domain-Authority-DA-1024x585.jpeg 1024w, https:\/\/dlx-media.com\/wp-content\/uploads\/Domain-Authority-DA-768x439.jpeg 768w, https:\/\/dlx-media.com\/wp-content\/uploads\/Domain-Authority-DA-1536x878.jpeg 1536w\" sizes=\"auto, (max-width: 1792px) 100vw, 1792px\" \/><\/figure>\n<\/div>\n<h3 class=\"wp-block-heading\">Kompleksowy przewodnik dla ekspert\u00f3w SEO<\/h3>\n\n<p class=\"wp-block-paragraph\">Autorytet domeny (DA) jest centralnym poj\u0119ciem w \u015bwiecie optymalizacji pod k\u0105tem wyszukiwarek (SEO). Opracowany przez firm\u0119 Moz zajmuj\u0105c\u0105 si\u0119 oprogramowaniem SEO, jest to wynik, kt\u00f3ry przewiduje potencja\u0142 witryny do osi\u0105gania dobrych wynik\u00f3w w rankingach wyszukiwarek. Warto\u015b\u0107 DA waha si\u0119 od 1 do 100 i wp\u0142ywa na ni\u0105 wiele czynnik\u00f3w, w szczeg\u00f3lno\u015bci liczba i jako\u015b\u0107 link\u00f3w przychodz\u0105cych do strony.<\/p>\n\n<h4 class=\"wp-block-heading\">Czym jest autorytet domeny?<\/h4>\n\n<p class=\"wp-block-paragraph\">Autorytet domeny to wska\u017anik opracowany przez Moz w celu oceny si\u0142y witryny w por\u00f3wnaniu z innymi witrynami. Jest on oparty na skali logarytmicznej, co oznacza, \u017ce znacznie \u0142atwiej jest przej\u015b\u0107 z wyniku DA wynosz\u0105cego 20 do 30 ni\u017c z 70 do 80. Wy\u017cszy wynik DA wskazuje na wi\u0119ksz\u0105 zdolno\u015b\u0107 do lepszego pozycjonowania w wyszukiwarkach.<\/p>\n\n<h4 class=\"wp-block-heading\">Czynniki wp\u0142ywaj\u0105ce na autorytet domeny<\/h4>\n\n<p class=\"wp-block-paragraph\">Obliczanie autorytetu domeny uwzgl\u0119dnia r\u00f3\u017cne czynniki, kt\u00f3re s\u0105 podsumowane w z\u0142o\u017conym algorytmie. Do najwa\u017cniejszych czynnik\u00f3w nale\u017c\u0105<\/p>\n\n<ol class=\"wp-block-list\">\n<li><strong>Jako\u015b\u0107 i liczba link\u00f3w przychodz\u0105cych (backlink\u00f3w)<\/strong>:\n<ul class=\"wp-block-list\">\n<li><strong>Jako\u015b\u0107 link\u00f3w zwrotnych<\/strong>: Linki z wiarygodnych i wysoko ocenianych stron maj\u0105 wi\u0119kszy wp\u0142yw na DA.<\/li>\n\n\n\n<li><strong>Liczba link\u00f3w<\/strong> zwrotnych: Wi\u0119ksza liczba link\u00f3w zwrotnych mo\u017ce r\u00f3wnie\u017c pom\u00f3c w zwi\u0119kszeniu DA, o ile pochodz\u0105 one z wysokiej jako\u015bci witryn.<\/li>\n<\/ul>\n<\/li>\n\n\n\n<li><strong>Profil \u0142\u0105cza<\/strong>:\n<ul class=\"wp-block-list\">\n<li><strong>R\u00f3\u017cnorodno\u015b\u0107 link\u00f3w zwrotnych<\/strong>: Zr\u00f3\u017cnicowany profil link\u00f3w z linkami z r\u00f3\u017cnych domen jest oceniany pozytywnie.<\/li>\n\n\n\n<li><strong>\u0179r\u00f3d\u0142a link\u00f3w<\/strong>: Szczeg\u00f3lnie cenne s\u0105 linki zwrotne z odpowiednich i podobnych tematycznie stron internetowych.<\/li>\n<\/ul>\n<\/li>\n\n\n\n<li><strong>SEO na stronie<\/strong>:\n<ul class=\"wp-block-list\">\n<li><strong>Jako\u015b\u0107 tre\u015bci<\/strong>: Wysokiej jako\u015bci, odpowiednie i unikalne tre\u015bci pomagaj\u0105 poprawi\u0107 DA.<\/li>\n\n\n\n<li><strong>Optymalizacja s\u0142\u00f3w kluczowych<\/strong>: Efektywne wykorzystanie s\u0142\u00f3w kluczowych w tre\u015bci, metatagach i nag\u0142\u00f3wkach.<\/li>\n<\/ul>\n<\/li>\n\n\n\n<li><strong>Do\u015bwiadczenie u\u017cytkownika<\/strong>:\n<ul class=\"wp-block-list\">\n<li><strong>Czas \u0142adowania strony<\/strong>: Szybko \u0142aduj\u0105ce si\u0119 strony zapewniaj\u0105 lepsze wra\u017cenia u\u017cytkownika i mog\u0105 poprawi\u0107 DA.<\/li>\n\n\n\n<li><strong>Przyjazno\u015b\u0107 dla urz\u0105dze\u0144 mobilnych<\/strong>: Strony internetowe zoptymalizowane pod k\u0105tem urz\u0105dze\u0144 mobilnych maj\u0105 tendencj\u0119 do otrzymywania wy\u017cszych warto\u015bci DA.<\/li>\n<\/ul>\n<\/li>\n\n\n\n<li><strong>Sygna\u0142y spo\u0142eczno\u015bciowe<\/strong>:\n<ul class=\"wp-block-list\">\n<li><strong>Obecno\u015b\u0107 w mediach spo\u0142eczno\u015bciowych<\/strong>: Wzmianki i udost\u0119pniane tre\u015bci na platformach medi\u00f3w spo\u0142eczno\u015bciowych mog\u0105 po\u015brednio przyczyni\u0107 si\u0119 do poprawy DA.<\/li>\n<\/ul>\n<\/li>\n<\/ol>\n\n<h4 class=\"wp-block-heading\">Rola autorytetu domeny w SEO<\/h4>\n\n<p class=\"wp-block-paragraph\">Autorytet domeny jest pomocnym narz\u0119dziem dla webmaster\u00f3w i ekspert\u00f3w SEO do oceny si\u0142y i konkurencyjno\u015bci witryny w por\u00f3wnaniu z innymi witrynami. Zapewnia prosty i zrozumia\u0142y wska\u017anik, kt\u00f3ry pokazuje, jak dobrze witryna mo\u017ce radzi\u0107 sobie w rankingach wyszukiwarek.<\/p>\n\n<ul class=\"wp-block-list\">\n<li><strong>Benchmarking<\/strong>: DA umo\u017cliwia por\u00f3wnanie w\u0142asnej witryny z witrynami konkurencji i zidentyfikowanie obszar\u00f3w wymagaj\u0105cych poprawy.<\/li>\n\n\n\n<li><strong>Opracowanie strategii SEO<\/strong>: Dzi\u0119ki zrozumieniu DA mo\u017cna opracowa\u0107 ukierunkowane strategie SEO w celu zwi\u0119kszenia widoczno\u015bci w wyszukiwarkach.<\/li>\n\n\n\n<li><strong>Kampanie budowania lin<\/strong>k\u00f3w: DA mo\u017ce pom\u00f3c w ocenie potencjalnych \u017ar\u00f3de\u0142 link\u00f3w zwrotnych i ustaleniu priorytet\u00f3w strategii budowania link\u00f3w.<\/li>\n<\/ul>\n\n<h4 class=\"wp-block-heading\">Wa\u017cne czynniki wp\u0142ywaj\u0105ce na autorytet domeny<\/h4>\n\n<ol class=\"wp-block-list\">\n<li><strong>Warto\u015b\u0107 wzgl\u0119dna<\/strong>:\n<ul class=\"wp-block-list\">\n<li>Autorytet domeny jest warto\u015bci\u0105 wzgl\u0119dn\u0105, co oznacza, \u017ce powinien by\u0107 rozpatrywany w kontek\u015bcie innych stron internetowych. Wysoka warto\u015b\u0107 DA nie gwarantuje automatycznie lepszego rankingu, poniewa\u017c inne czynniki SEO r\u00f3wnie\u017c odgrywaj\u0105 rol\u0119.<\/li>\n<\/ul>\n<\/li>\n\n\n\n<li><strong>Dynamiczne wska\u017aniki<\/strong>:\n<ul class=\"wp-block-list\">\n<li>DA nie jest statyczny i mo\u017ce zmienia\u0107 si\u0119 w czasie, zw\u0142aszcza gdy zmieniaj\u0105 si\u0119 strategie i taktyki SEO witryny. Konieczne s\u0105 zatem regularne przegl\u0105dy i dostosowania.<\/li>\n<\/ul>\n<\/li>\n\n\n\n<li><strong>Brak bezpo\u015bredniego czynnika rankingowego<\/strong>:\n<ul class=\"wp-block-list\">\n<li>Chocia\u017c DA jest przydatnym narz\u0119dziem prognostycznym, nie jest bezpo\u015brednim czynnikiem rankingowym dla wyszukiwarek takich jak Google. Google wykorzystuje r\u00f3\u017cne sygna\u0142y do ustalania ranking\u00f3w, a DA jest tylko przybli\u017ceniem konkurencyjno\u015bci witryny.<\/li>\n<\/ul>\n<\/li>\n<\/ol>\n\n<h4 class=\"wp-block-heading\">Strategie poprawy autorytetu domeny<\/h4>\n\n<p class=\"wp-block-paragraph\">Aby poprawi\u0107 autorytet domeny, nale\u017cy rozwa\u017cy\u0107 nast\u0119puj\u0105ce strategie:<\/p>\n\n<ol class=\"wp-block-list\">\n<li><strong>Jako\u015bciowe budowanie link\u00f3w<\/strong>:\n<ul class=\"wp-block-list\">\n<li>Ukierunkowane budowanie link\u00f3w poprzez posty go\u015bcinne, influencer marketing i partnerstwa z wysoko ocenianymi stronami internetowymi.<\/li>\n<\/ul>\n<\/li>\n\n\n\n<li><strong>Marketing tre\u015bci<\/strong>:\n<ul class=\"wp-block-list\">\n<li>Tworzenie wysokiej jako\u015bci i istotnych tre\u015bci, kt\u00f3re w naturalny spos\u00f3b przyci\u0105gaj\u0105 linki zwrotne i zwi\u0119kszaj\u0105 zaanga\u017cowanie u\u017cytkownik\u00f3w.<\/li>\n<\/ul>\n<\/li>\n\n\n\n<li><strong>Optymalizacja SEO na stronie<\/strong>:\n<ul class=\"wp-block-list\">\n<li>Poprawa technicznych aspekt\u00f3w SEO, w tym czasu \u0142adowania strony, optymalizacji mobilnej i struktury tre\u015bci.<\/li>\n<\/ul>\n<\/li>\n\n\n\n<li><strong>Optymalizacja do\u015bwiadczenia u\u017cytkownika<\/strong>:\n<ul class=\"wp-block-list\">\n<li>Upewnij si\u0119, \u017ce witryna oferuje pozytywne wra\u017cenia u\u017cytkownika dzi\u0119ki \u0142atwej nawigacji, szybkiemu \u0142adowaniu i atrakcyjnemu wygl\u0105dowi.<\/li>\n<\/ul>\n<\/li>\n\n\n\n<li><strong>Aktywna obecno\u015b\u0107 w mediach spo\u0142eczno\u015bciowych<\/strong>:\n<ul class=\"wp-block-list\">\n<li>Wykorzystanie platform medi\u00f3w spo\u0142eczno\u015bciowych do promowania tre\u015bci i zwi\u0119kszania \u015bwiadomo\u015bci marki.<\/li>\n<\/ul>\n<\/li>\n<\/ol>\n\n<h4 class=\"wp-block-heading\">Wnioski<\/h4>\n\n<p class=\"wp-block-paragraph\">Autorytet domeny jest cennym narz\u0119dziem do oceny og\u00f3lnej wydajno\u015bci witryny w wyszukiwarkach. Zapewnia jasny i prosty wska\u017anik, kt\u00f3ry pomaga webmasterom i ekspertom SEO zidentyfikowa\u0107 mocne i s\u0142abe strony ich witryn i odpowiednio dostosowa\u0107 strategie SEO. Dzi\u0119ki ci\u0105g\u0142emu monitorowaniu i ukierunkowanym dzia\u0142aniom maj\u0105cym na celu popraw\u0119 DA, firmy mog\u0105 zwi\u0119kszy\u0107 swoj\u0105 widoczno\u015b\u0107 w wyszukiwarkach, generowa\u0107 wi\u0119kszy ruch i ostatecznie zwi\u0119kszy\u0107 sw\u00f3j sukces biznesowy.<\/p>\n","protected":false},"excerpt":{"rendered":"<p>Kompleksowy przewodnik dla ekspert\u00f3w SEO Autorytet domeny (DA) jest centralnym poj\u0119ciem w \u015bwiecie optymalizacji pod k\u0105tem wyszukiwarek (SEO). Opracowany przez firm\u0119 Moz zajmuj\u0105c\u0105 si\u0119 oprogramowaniem SEO, jest to wynik, kt\u00f3ry przewiduje potencja\u0142 witryny do osi\u0105gania dobrych wynik\u00f3w w rankingach wyszukiwarek.<\/p>\n","protected":false},"author":2332,"featured_media":4986,"parent":4979,"menu_order":0,"comment_status":"closed","ping_status":"closed","template":"","meta":{"_seopress_robots_primary_cat":"","_seopress_titles_title":"Zrozumie\u0107 autorytet domeny: Przewodnik dla ekspert\u00f3w SEO %%sep%% %%sitetitle%%","_seopress_titles_desc":"Dowiedz si\u0119, jak dzia\u0142a Domain Authority i jak mo\u017ce wp\u0142yn\u0105\u0107 na Twoj\u0105 strategi\u0119 SEO. Zoptymalizuj sw\u00f3j ranking dzi\u0119ki solidnej wiedzy.","_seopress_robots_index":"","_crdt_document":"","_uag_custom_page_level_css":"","spectra_gs_classes":"","footnotes":""},"class_list":["post-4990","page","type-page","status-publish","has-post-thumbnail","hentry"],"spectra_custom_meta":{"_top_nav_excluded":[""],"_cms_nav_minihome":[""],"_wpml_word_count":["{\"total\":702,\"to_translate\":{\"en\":702,\"de\":702}}"],"_thumbnail_id":["4986"],"_last_translation_edit_mode":["translation-editor"],"_seopress_titles_title":["Zrozumie\u0107 autorytet domeny: Przewodnik dla ekspert\u00f3w SEO %%sep%% %%sitetitle%%"],"_seopress_titles_desc":["Dowiedz si\u0119, jak dzia\u0142a Domain Authority i jak mo\u017ce wp\u0142yn\u0105\u0107 na Twoj\u0105 strategi\u0119 SEO. Zoptymalizuj sw\u00f3j ranking dzi\u0119ki solidnej wiedzy."],"_seopress_redirections_logged_status":["oba"],"_seopress_redirections_type":["301"],"_uagb_previous_block_counts":["a:90:{s:21:\"uagb\/advanced-heading\";i:0;s:15:\"uagb\/blockquote\";i:0;s:12:\"uagb\/buttons\";i:0;s:18:\"uagb\/buttons-child\";i:0;s:19:\"uagb\/call-to-action\";i:0;s:15:\"uagb\/cf7-styler\";i:0;s:11:\"uagb\/column\";i:0;s:12:\"uagb\/columns\";i:0;s:14:\"uagb\/container\";i:0;s:21:\"uagb\/content-timeline\";i:0;s:27:\"uagb\/content-timeline-child\";i:0;s:14:\"uagb\/countdown\";i:0;s:12:\"uagb\/counter\";i:0;s:8:\"uagb\/faq\";i:0;s:14:\"uagb\/faq-child\";i:0;s:10:\"uagb\/forms\";i:0;s:17:\"uagb\/forms-accept\";i:0;s:19:\"uagb\/forms-checkbox\";i:0;s:15:\"uagb\/forms-date\";i:0;s:16:\"uagb\/forms-email\";i:0;s:17:\"uagb\/forms-hidden\";i:0;s:15:\"uagb\/forms-name\";i:0;s:16:\"uagb\/forms-phone\";i:0;s:16:\"uagb\/forms-radio\";i:0;s:17:\"uagb\/forms-select\";i:0;s:19:\"uagb\/forms-textarea\";i:0;s:17:\"uagb\/forms-toggle\";i:0;s:14:\"uagb\/forms-url\";i:0;s:14:\"uagb\/gf-styler\";i:0;s:15:\"uagb\/google-map\";i:0;s:11:\"uagb\/how-to\";i:0;s:16:\"uagb\/how-to-step\";i:0;s:9:\"uagb\/icon\";i:0;s:14:\"uagb\/icon-list\";i:0;s:20:\"uagb\/icon-list-child\";i:0;s:10:\"uagb\/image\";i:0;s:18:\"uagb\/image-gallery\";i:0;s:13:\"uagb\/info-box\";i:0;s:18:\"uagb\/inline-notice\";i:0;s:11:\"uagb\/lottie\";i:0;s:21:\"uagb\/marketing-button\";i:0;s:10:\"uagb\/modal\";i:0;s:18:\"uagb\/popup-builder\";i:0;s:16:\"uagb\/post-button\";i:0;s:18:\"uagb\/post-carousel\";i:0;s:17:\"uagb\/post-excerpt\";i:0;s:14:\"uagb\/post-grid\";i:0;s:15:\"uagb\/post-image\";i:0;s:17:\"uagb\/post-masonry\";i:0;s:14:\"uagb\/post-meta\";i:0;s:18:\"uagb\/post-taxonomy\";i:0;s:18:\"uagb\/post-timeline\";i:0;s:15:\"uagb\/post-title\";i:0;s:20:\"uagb\/restaurant-menu\";i:0;s:26:\"uagb\/restaurant-menu-child\";i:0;s:11:\"uagb\/review\";i:0;s:12:\"uagb\/section\";i:0;s:14:\"uagb\/separator\";i:0;s:11:\"uagb\/slider\";i:0;s:17:\"uagb\/slider-child\";i:0;s:17:\"uagb\/social-share\";i:0;s:23:\"uagb\/social-share-child\";i:0;s:16:\"uagb\/star-rating\";i:0;s:23:\"uagb\/sure-cart-checkout\";i:0;s:22:\"uagb\/sure-cart-product\";i:0;s:15:\"uagb\/sure-forms\";i:0;s:22:\"uagb\/table-of-contents\";i:0;s:9:\"uagb\/tabs\";i:0;s:15:\"uagb\/tabs-child\";i:0;s:18:\"uagb\/taxonomy-list\";i:0;s:9:\"uagb\/team\";i:0;s:16:\"uagb\/testimonial\";i:0;s:14:\"uagb\/wp-search\";i:0;s:19:\"uagb\/instagram-feed\";i:0;s:10:\"uagb\/login\";i:0;s:17:\"uagb\/loop-builder\";i:0;s:18:\"uagb\/loop-category\";i:0;s:20:\"uagb\/loop-pagination\";i:0;s:15:\"uagb\/loop-reset\";i:0;s:16:\"uagb\/loop-search\";i:0;s:14:\"uagb\/loop-sort\";i:0;s:17:\"uagb\/loop-wrapper\";i:0;s:13:\"uagb\/register\";i:0;s:19:\"uagb\/register-email\";i:0;s:24:\"uagb\/register-first-name\";i:0;s:23:\"uagb\/register-last-name\";i:0;s:22:\"uagb\/register-password\";i:0;s:30:\"uagb\/register-reenter-password\";i:0;s:19:\"uagb\/register-terms\";i:0;s:22:\"uagb\/register-username\";i:0;}"],"_uag_page_assets":["a:9:{s:3:\"css\";s:263:\".uag-blocks-common-selector{z-index:var(--z-index-desktop) !important}@media (max-width: 976px){.uag-blocks-common-selector{z-index:var(--z-index-tablet) !important}}@media (max-width: 767px){.uag-blocks-common-selector{z-index:var(--z-index-mobile) !important}}\n\";s:2:\"js\";s:0:\"\";s:18:\"current_block_list\";a:5:{i:0;s:10:\"core\/image\";i:1;s:12:\"core\/heading\";i:2;s:14:\"core\/paragraph\";i:3;s:9:\"core\/list\";i:4;s:14:\"core\/list-item\";}s:8:\"uag_flag\";b:0;s:11:\"uag_version\";s:10:\"1776768691\";s:6:\"gfonts\";a:0:{}s:10:\"gfonts_url\";s:0:\"\";s:12:\"gfonts_files\";a:0:{}s:14:\"uag_faq_layout\";b:0;}"],"_uag_css_file_name":["uag-css-4990.css"]},"uagb_featured_image_src":{"full":["https:\/\/dlx-media.com\/wp-content\/uploads\/Domain-Authority-DA.jpeg",1792,1024,false],"thumbnail":["https:\/\/dlx-media.com\/wp-content\/uploads\/Domain-Authority-DA-250x250.jpeg",250,250,true],"medium":["https:\/\/dlx-media.com\/wp-content\/uploads\/Domain-Authority-DA-350x200.jpeg",350,200,true],"medium_large":["https:\/\/dlx-media.com\/wp-content\/uploads\/Domain-Authority-DA-768x439.jpeg",768,439,true],"large":["https:\/\/dlx-media.com\/wp-content\/uploads\/Domain-Authority-DA-1024x585.jpeg",1024,585,true],"1536x1536":["https:\/\/dlx-media.com\/wp-content\/uploads\/Domain-Authority-DA-1536x878.jpeg",1536,878,true],"2048x2048":["https:\/\/dlx-media.com\/wp-content\/uploads\/Domain-Authority-DA.jpeg",1792,1024,false],"suffice-thumbnail-grid":["https:\/\/dlx-media.com\/wp-content\/uploads\/Domain-Authority-DA-750x420.jpeg",750,420,true],"suffice-thumbnail-featured-one":["https:\/\/dlx-media.com\/wp-content\/uploads\/Domain-Authority-DA-295x525.jpeg",295,525,true],"suffice-thumbnail-featured-two":["https:\/\/dlx-media.com\/wp-content\/uploads\/Domain-Authority-DA-1140x504.jpeg",1140,504,true],"suffice-thumbnail-portfolio":["https:\/\/dlx-media.com\/wp-content\/uploads\/Domain-Authority-DA-572x552.jpeg",572,552,true],"suffice-thumbnail-portfolio-masonry":["https:\/\/dlx-media.com\/wp-content\/uploads\/Domain-Authority-DA-572x652.jpeg",572,652,true]},"uagb_author_info":{"display_name":"DLxMedia","author_link":"https:\/\/dlx-media.com\/pl"},"uagb_comment_info":0,"uagb_excerpt":"Kompleksowy przewodnik dla ekspert\u00f3w SEO Autorytet domeny (DA) jest centralnym poj\u0119ciem w \u015bwiecie optymalizacji pod k\u0105tem wyszukiwarek (SEO). Opracowany przez firm\u0119 Moz zajmuj\u0105c\u0105 si\u0119 oprogramowaniem SEO, jest to wynik, kt\u00f3ry przewiduje potencja\u0142 witryny do osi\u0105gania dobrych wynik\u00f3w w rankingach wyszukiwarek.","_links":{"self":[{"href":"https:\/\/dlx-media.com\/pl\/wp-json\/wp\/v2\/pages\/4990","targetHints":{"allow":["GET"]}}],"collection":[{"href":"https:\/\/dlx-media.com\/pl\/wp-json\/wp\/v2\/pages"}],"about":[{"href":"https:\/\/dlx-media.com\/pl\/wp-json\/wp\/v2\/types\/page"}],"author":[{"embeddable":true,"href":"https:\/\/dlx-media.com\/pl\/wp-json\/wp\/v2\/users\/2332"}],"replies":[{"embeddable":true,"href":"https:\/\/dlx-media.com\/pl\/wp-json\/wp\/v2\/comments?post=4990"}],"version-history":[{"count":2,"href":"https:\/\/dlx-media.com\/pl\/wp-json\/wp\/v2\/pages\/4990\/revisions"}],"predecessor-version":[{"id":5278,"href":"https:\/\/dlx-media.com\/pl\/wp-json\/wp\/v2\/pages\/4990\/revisions\/5278"}],"up":[{"embeddable":true,"href":"https:\/\/dlx-media.com\/pl\/wp-json\/wp\/v2\/pages\/4979"}],"wp:featuredmedia":[{"embeddable":true,"href":"https:\/\/dlx-media.com\/pl\/wp-json\/wp\/v2\/media\/4986"}],"wp:attachment":[{"href":"https:\/\/dlx-media.com\/pl\/wp-json\/wp\/v2\/media?parent=4990"}],"curies":[{"name":"wp","href":"https:\/\/api.w.org\/{rel}","templated":true}]}}