{"id":4979,"date":"2024-04-24T19:16:30","date_gmt":"2024-04-24T17:16:30","guid":{"rendered":"https:\/\/dlx-media.com\/slowniczek\/"},"modified":"2024-10-22T23:37:40","modified_gmt":"2024-10-22T21:37:40","slug":"slowniczek","status":"publish","type":"page","link":"https:\/\/dlx-media.com\/pl\/slowniczek\/","title":{"rendered":"S\u0142owniczek"},"content":{"rendered":"<div class=\"wp-block-image\">\n<figure data-spectra-id=\"spectra-afa08014-f90b-4eaf-a31d-b40efb180eed\" class=\"aligncenter size-large\"><img loading=\"lazy\" decoding=\"async\" width=\"1024\" height=\"585\" src=\"https:\/\/dlx-media.com\/wp-content\/uploads\/Online-Marketing-SEO-Glossar-1024x585.jpeg\" alt=\"S\u0142owniczek marketingu internetowego i SEO\" class=\"wp-image-4440\" srcset=\"https:\/\/dlx-media.com\/wp-content\/uploads\/Online-Marketing-SEO-Glossar-1024x585.jpeg 1024w, https:\/\/dlx-media.com\/wp-content\/uploads\/Online-Marketing-SEO-Glossar-350x200.jpeg 350w, https:\/\/dlx-media.com\/wp-content\/uploads\/Online-Marketing-SEO-Glossar-768x439.jpeg 768w, https:\/\/dlx-media.com\/wp-content\/uploads\/Online-Marketing-SEO-Glossar-1536x878.jpeg 1536w, https:\/\/dlx-media.com\/wp-content\/uploads\/Online-Marketing-SEO-Glossar.jpeg 1792w\" sizes=\"auto, (max-width: 1024px) 100vw, 1024px\" \/><\/figure>\n<\/div>\n\n\n<h3 class=\"wp-block-heading\">Twoja mapa nawigacyjna w krajobrazie marketingu cyfrowego<\/h3>\n\n\n\n<p class=\"wp-block-paragraph\">Witamy w t\u0119tni\u0105cym \u017cyciem i stale rozwijaj\u0105cym si\u0119 \u015bwiecie marketingu internetowego i optymalizacji pod k\u0105tem wyszukiwarek (SEO)! W erze cyfrowej, w kt\u00f3rej innowacje i nowe technologie szybko zmieniaj\u0105 spos\u00f3b, w jaki marki wchodz\u0105 w interakcje z odbiorcami, solidne zrozumienie podstawowych poj\u0119\u0107 jest niezb\u0119dne. Nasz kompleksowy s\u0142ownik marketingu internetowego i SEO zosta\u0142 specjalnie zaprojektowany, aby nie tylko pom\u00f3c Ci zrozumie\u0107 terminologi\u0119, ale tak\u017ce jej g\u0142\u0119bsze znaczenie i zastosowanie w dzisiejszej gospodarce cyfrowej.<\/p>\n\n\n\n<h4 class=\"wp-block-heading\">Dlaczego s\u0142owniczek marketingu internetowego i SEO?<\/h4>\n\n\n\n<p class=\"wp-block-paragraph\">W morzu cyfrowej komunikacji znalezienie w\u0142a\u015bciwego kierunku bez jasnego kompasu mo\u017ce szybko sta\u0107 si\u0119 przyt\u0142aczaj\u0105ce. Nasz glosariusz s\u0142u\u017cy jako osobista latarnia morska, kt\u00f3ra pomaga porusza\u0107 si\u0119 po z\u0142o\u017conych i cz\u0119sto myl\u0105cych terminach technicznych w \u015bwiecie marketingu online i SEO. Od A jak &#8222;AdWords&#8221; do Z jak &#8222;czas na stronie&#8221;, ten glosariusz zawiera szczeg\u00f3\u0142owe wyja\u015bnienie ka\u017cdej terminologii, poparte praktycznymi przyk\u0142adami i wskaz\u00f3wkami dotycz\u0105cymi u\u017cytkowania.<\/p>\n\n\n\n<h4 class=\"wp-block-heading\">Dla kogo przeznaczony jest ten s\u0142ownik?<\/h4>\n\n\n\n<p class=\"wp-block-paragraph\">Niezale\u017cnie od tego, czy jeste\u015b pocz\u0105tkuj\u0105cym promuj\u0105cym swoj\u0105 pierwsz\u0105 stron\u0119 internetow\u0105, czy do\u015bwiadczonym specjalist\u0105 ds. marketingu, kt\u00f3ry chce poszerzy\u0107 swoj\u0105 wiedz\u0119, ten glosariusz jest przeznaczony dla ka\u017cdego, kto chce poprawi\u0107 sw\u00f3j marketing online i zoptymalizowa\u0107 widoczno\u015b\u0107 swojej witryny w wyszukiwarkach. Jest to niezb\u0119dne \u017ar\u00f3d\u0142o informacji dla:<\/p>\n\n\n\n<ul class=\"wp-block-list\">\n<li><strong>Pocz\u0105tkuj\u0105cy marketingowcy<\/strong>, kt\u00f3rzy chc\u0105 stworzy\u0107 solidne podstawy.<\/li>\n\n\n\n<li><strong>W\u0142a\u015bciciele firm<\/strong>, kt\u00f3rzy chc\u0105 zrozumie\u0107, w jaki spos\u00f3b mog\u0105 wykorzysta\u0107 marketing cyfrowy do promowania swoich firm.<\/li>\n\n\n\n<li><strong>Specjali\u015bci SEO<\/strong>, kt\u00f3rzy chc\u0105 by\u0107 na bie\u017c\u0105co z ci\u0105g\u0142ymi zmianami algorytm\u00f3w.<\/li>\n\n\n\n<li><strong>Tw\u00f3rcy tre\u015bci<\/strong>, kt\u00f3rzy chc\u0105 dowiedzie\u0107 si\u0119, jak zoptymalizowa\u0107 swoj\u0105 prac\u0119, aby uzyska\u0107 lepsz\u0105 widoczno\u015b\u0107 w Internecie.<\/li>\n<\/ul>\n\n\n\n<h4 class=\"wp-block-heading\">Odkryj kluczowe koncepcje i strategie<\/h4>\n\n\n\n<p class=\"wp-block-paragraph\">Niniejszy glosariusz wykracza poza proste definicje, zapewniaj\u0105c r\u00f3wnie\u017c wgl\u0105d w odpowiednie strategie i najlepsze praktyki, kt\u00f3re mo\u017cna zastosowa\u0107 w praktyce. Ka\u017cdy termin jest umieszczony w kontek\u015bcie, aby pom\u00f3c ci zrozumie\u0107 nie tylko &#8222;czym&#8221; co\u015b jest, ale tak\u017ce &#8222;dlaczego&#8221; jest to wa\u017cne i &#8222;jak&#8221; mo\u017cesz to najlepiej wykorzysta\u0107. Niekt\u00f3re z naszych kluczowych temat\u00f3w to:<\/p>\n\n\n\n<ul class=\"wp-block-list\">\n<li><strong>Podstawy SEO<\/strong>: zrozumienie znaczenia s\u0142\u00f3w kluczowych, metadanych i budowania link\u00f3w.<\/li>\n\n\n\n<li><strong>Marketing tre\u015bci<\/strong>: Dowiedz si\u0119, jak wysokiej jako\u015bci tre\u015bci mog\u0105 pom\u00f3c zwi\u0119kszy\u0107 zaanga\u017cowanie i retencj\u0119 u\u017cytkownik\u00f3w.<\/li>\n\n\n\n<li><strong>Strategie medi\u00f3w spo\u0142eczno\u015bciowych<\/strong>: Poznaj r\u00f3\u017cne platformy i dowiedz si\u0119, jak skutecznie wykorzystywa\u0107 je do budowania marki i cel\u00f3w marketingowych.<\/li>\n\n\n\n<li><strong>Analiza i \u015bledzenie<\/strong>: Dowiedz si\u0119, jak mierzy\u0107 i optymalizowa\u0107 skuteczno\u015b\u0107 dzia\u0142a\u0144 marketingowych online.<\/li>\n<\/ul>\n\n\n\n<h4 class=\"wp-block-heading\">Narz\u0119dzie, kt\u00f3re ro\u015bnie wraz z u\u017cytkownikiem<\/h4>\n\n\n\n<p class=\"wp-block-paragraph\">Nasz glosariusz to co\u015b wi\u0119cej ni\u017c tylko zbi\u00f3r definicji &#8211; to stale aktualizowany zas\u00f3b, kt\u00f3ry odzwierciedla najnowsze trendy i zmiany w bran\u017cy. Z ka\u017cdym nowym terminem i innowacj\u0105 wprowadzan\u0105 do \u015bwiata marketingu online, nasz glosariusz jest rozszerzany i dostosowywany, aby zapewni\u0107, \u017ce zawsze masz najbardziej aktualne i istotne informacje na wyci\u0105gni\u0119cie r\u0119ki.<\/p>\n\n\n\n<p class=\"wp-block-paragraph\">Zapraszamy do zanurzenia si\u0119 w \u015bwiecie marketingu internetowego i SEO. Skorzystaj z naszego s\u0142ownika, aby poprawi\u0107 swoje umiej\u0119tno\u015bci w zakresie marketingu cyfrowego, rozwija\u0107 swoj\u0105 firm\u0119 i budowa\u0107 silniejsze relacje z odbiorcami. Rozpocznij swoj\u0105 podr\u00f3\u017c przez t\u0119 dynamiczn\u0105 dziedzin\u0119 ju\u017c dzi\u015b i odkryj pe\u0142ny potencja\u0142 swojej obecno\u015bci online!<\/p>\n\n\n\n<hr class=\"wp-block-separator has-alpha-channel-opacity is-style-wide\"\/>\n\n\n\n<h2 class=\"wp-block-heading\">Listy hase\u0142 w glosariuszu marketingu online:<\/h2>\n\n\n<ul class=\"wp-block-page-list has-medium-font-size\"><li class=\"wp-block-pages-list__item\"><a class=\"wp-block-pages-list__item__link\" href=\"https:\/\/dlx-media.com\/pl\/slowniczek\/algorytm-google\/\">Algorytm Google<\/a><\/li><li class=\"wp-block-pages-list__item\"><a class=\"wp-block-pages-list__item__link\" href=\"https:\/\/dlx-media.com\/pl\/slowniczek\/alt-tag-i-tag-tytulowy\/\">Alt tag i tag tytu\u0142owy<\/a><\/li><li class=\"wp-block-pages-list__item\"><a class=\"wp-block-pages-list__item__link\" href=\"https:\/\/dlx-media.com\/pl\/slowniczek\/black-hat-seo\/\">Black Hat SEO<\/a><\/li><li class=\"wp-block-pages-list__item\"><a class=\"wp-block-pages-list__item__link\" href=\"https:\/\/dlx-media.com\/pl\/slowniczek\/blad-404\/\">B\u0142\u0105d 404<\/a><\/li><li class=\"wp-block-pages-list__item\"><a class=\"wp-block-pages-list__item__link\" href=\"https:\/\/dlx-media.com\/pl\/slowniczek\/markowe-tresci\/\">Branded content<\/a><\/li><li class=\"wp-block-pages-list__item\"><a class=\"wp-block-pages-list__item__link\" href=\"https:\/\/dlx-media.com\/pl\/slowniczek\/breadcrumb-nawigacja\/\">Breadcrumb-Nawigacja<\/a><\/li><li class=\"wp-block-pages-list__item\"><a class=\"wp-block-pages-list__item__link\" href=\"https:\/\/dlx-media.com\/pl\/slowniczek\/budowanie-linkow\/\">Budowanie link\u00f3w<\/a><\/li><li class=\"wp-block-pages-list__item\"><a class=\"wp-block-pages-list__item__link\" href=\"https:\/\/dlx-media.com\/pl\/slowniczek\/core-web-vitals\/\">Core Web Vitals<\/a><\/li><li class=\"wp-block-pages-list__item\"><a class=\"wp-block-pages-list__item__link\" href=\"https:\/\/dlx-media.com\/pl\/slowniczek\/customer-personas\/\">Customer Personas<\/a><\/li><li class=\"wp-block-pages-list__item\"><a class=\"wp-block-pages-list__item__link\" href=\"https:\/\/dlx-media.com\/pl\/slowniczek\/czas-przebywania\/\">Czas przebywania<\/a><\/li><li class=\"wp-block-pages-list__item\"><a class=\"wp-block-pages-list__item__link\" href=\"https:\/\/dlx-media.com\/pl\/slowniczek\/doctype\/\">Doctype<\/a><\/li><li class=\"wp-block-pages-list__item\"><a class=\"wp-block-pages-list__item__link\" href=\"https:\/\/dlx-media.com\/pl\/slowniczek\/domain-authority-da\/\">Domain Authority (DA)<\/a><\/li><li class=\"wp-block-pages-list__item\"><a class=\"wp-block-pages-list__item__link\" href=\"https:\/\/dlx-media.com\/pl\/slowniczek\/favicon\/\">Favicon<\/a><\/li><li class=\"wp-block-pages-list__item\"><a class=\"wp-block-pages-list__item__link\" href=\"https:\/\/dlx-media.com\/pl\/slowniczek\/generowanie-leadow\/\">Generowanie lead\u00f3w<\/a><\/li><li class=\"wp-block-pages-list__item\"><a class=\"wp-block-pages-list__item__link\" href=\"https:\/\/dlx-media.com\/pl\/slowniczek\/gestosc-slow-kluczowych\/\">G\u0119sto\u015b\u0107 s\u0142\u00f3w kluczowych<\/a><\/li><li class=\"wp-block-pages-list__item\"><a class=\"wp-block-pages-list__item__link\" href=\"https:\/\/dlx-media.com\/pl\/slowniczek\/google-analytics\/\">Google Analytics<\/a><\/li><li class=\"wp-block-pages-list__item\"><a class=\"wp-block-pages-list__item__link\" href=\"https:\/\/dlx-media.com\/pl\/slowniczek\/google-moja-firma\/\">Google Moja Firma<\/a><\/li><li class=\"wp-block-pages-list__item\"><a class=\"wp-block-pages-list__item__link\" href=\"https:\/\/dlx-media.com\/pl\/slowniczek\/hreflang\/\">Hreflang<\/a><\/li><li class=\"wp-block-pages-list__item\"><a class=\"wp-block-pages-list__item__link\" href=\"https:\/\/dlx-media.com\/pl\/slowniczek\/influencer-marketing\/\">Influencer marketing<\/a><\/li><li class=\"wp-block-pages-list__item\"><a class=\"wp-block-pages-list__item__link\" href=\"https:\/\/dlx-media.com\/pl\/slowniczek\/kpi-kluczowy-wskaznik-wydajnosci\/\">KPI (kluczowy wska\u017anik wydajno\u015bci)<\/a><\/li><li class=\"wp-block-pages-list__item\"><a class=\"wp-block-pages-list__item__link\" href=\"https:\/\/dlx-media.com\/pl\/slowniczek\/kuratowanie-tresci\/\">Kuratowanie tre\u015bci<\/a><\/li><li class=\"wp-block-pages-list__item\"><a class=\"wp-block-pages-list__item__link\" href=\"https:\/\/dlx-media.com\/pl\/slowniczek\/lejek-konwersji\/\">Lejek konwersji<\/a><\/li><li class=\"wp-block-pages-list__item\"><a class=\"wp-block-pages-list__item__link\" href=\"https:\/\/dlx-media.com\/pl\/slowniczek\/linki-zwrotne\/\">Linki zwrotne<\/a><\/li><li class=\"wp-block-pages-list__item\"><a class=\"wp-block-pages-list__item__link\" href=\"https:\/\/dlx-media.com\/pl\/slowniczek\/linkowanie-wewnetrzne\/\">Linkowanie wewn\u0119trzne<\/a><\/li><li class=\"wp-block-pages-list__item\"><a class=\"wp-block-pages-list__item__link\" href=\"https:\/\/dlx-media.com\/pl\/slowniczek\/mapa-cieplna\/\">Mapa cieplna<\/a><\/li><li class=\"wp-block-pages-list__item\"><a class=\"wp-block-pages-list__item__link\" href=\"https:\/\/dlx-media.com\/pl\/slowniczek\/marketing-afiliacyjny\/\">Marketing afiliacyjny<\/a><\/li><li class=\"wp-block-pages-list__item\"><a class=\"wp-block-pages-list__item__link\" href=\"https:\/\/dlx-media.com\/pl\/slowniczek\/marketing-e-mailowy\/\">Marketing e-mailowy<\/a><\/li><li class=\"wp-block-pages-list__item\"><a class=\"wp-block-pages-list__item__link\" href=\"https:\/\/dlx-media.com\/pl\/slowniczek\/marketing-przychodzacy\/\">Marketing przychodz\u0105cy<\/a><\/li><li class=\"wp-block-pages-list__item\"><a class=\"wp-block-pages-list__item__link\" href=\"https:\/\/dlx-media.com\/pl\/slowniczek\/marketing-tresci\/\">Marketing tre\u015bci<\/a><\/li><li class=\"wp-block-pages-list__item\"><a class=\"wp-block-pages-list__item__link\" href=\"https:\/\/dlx-media.com\/pl\/slowniczek\/maskowanie\/\">Maskowanie<\/a><\/li><li class=\"wp-block-pages-list__item\"><a class=\"wp-block-pages-list__item__link\" href=\"https:\/\/dlx-media.com\/pl\/slowniczek\/naglowek-html\/\">Nag\u0142\u00f3wek HTML<\/a><\/li><li class=\"wp-block-pages-list__item\"><a class=\"wp-block-pages-list__item__link\" href=\"https:\/\/dlx-media.com\/pl\/slowniczek\/naglowki\/\">Nag\u0142\u00f3wki<\/a><\/li><li class=\"wp-block-pages-list__item\"><a class=\"wp-block-pages-list__item__link\" href=\"https:\/\/dlx-media.com\/pl\/slowniczek\/nieskonczone-przewijanie\/\">Niesko\u0144czone przewijanie<\/a><\/li><li class=\"wp-block-pages-list__item\"><a class=\"wp-block-pages-list__item__link\" href=\"https:\/\/dlx-media.com\/pl\/slowniczek\/pamiec-podreczna-przegladarki\/\">Pami\u0119\u0107 podr\u0119czna przegl\u0105darki<\/a><\/li><li class=\"wp-block-pages-list__item\"><a class=\"wp-block-pages-list__item__link\" href=\"https:\/\/dlx-media.com\/pl\/slowniczek\/podroz-klienta\/\">Podr\u00f3\u017c klienta<\/a><\/li><li class=\"wp-block-pages-list__item\"><a class=\"wp-block-pages-list__item__link\" href=\"https:\/\/dlx-media.com\/pl\/slowniczek\/przekierowanie-301\/\">Przekierowanie 301<\/a><\/li><li class=\"wp-block-pages-list__item\"><a class=\"wp-block-pages-list__item__link\" href=\"https:\/\/dlx-media.com\/pl\/slowniczek\/rodo\/\">RODO<\/a><\/li><li class=\"wp-block-pages-list__item\"><a class=\"wp-block-pages-list__item__link\" href=\"https:\/\/dlx-media.com\/pl\/slowniczek\/sciezka-konwersji\/\">\u015acie\u017cka konwersji<\/a><\/li><li class=\"wp-block-pages-list__item\"><a class=\"wp-block-pages-list__item__link\" href=\"https:\/\/dlx-media.com\/pl\/slowniczek\/slowa-kluczowe\/\">S\u0142owa kluczowe<\/a><\/li><li class=\"wp-block-pages-list__item\"><a class=\"wp-block-pages-list__item__link\" href=\"https:\/\/dlx-media.com\/pl\/slowniczek\/strona-docelowa\/\">Strona docelowa<\/a><\/li><li class=\"wp-block-pages-list__item\"><a class=\"wp-block-pages-list__item__link\" href=\"https:\/\/dlx-media.com\/pl\/slowniczek\/tag-kanoniczny\/\">Tag kanoniczny<\/a><\/li><li class=\"wp-block-pages-list__item\"><a class=\"wp-block-pages-list__item__link\" href=\"https:\/\/dlx-media.com\/pl\/slowniczek\/tekst-kotwicy\/\">Tekst kotwicy<\/a><\/li><li class=\"wp-block-pages-list__item\"><a class=\"wp-block-pages-list__item__link\" href=\"https:\/\/dlx-media.com\/pl\/slowniczek\/testy-a-b\/\">Testy A\/B<\/a><\/li><li class=\"wp-block-pages-list__item\"><a class=\"wp-block-pages-list__item__link\" href=\"https:\/\/dlx-media.com\/pl\/slowniczek\/tresc\/\">Tre\u015b\u0107<\/a><\/li><li class=\"wp-block-pages-list__item\"><a class=\"wp-block-pages-list__item__link\" href=\"https:\/\/dlx-media.com\/pl\/slowniczek\/tresc-html\/\">Tre\u015b\u0107 HTML<\/a><\/li><li class=\"wp-block-pages-list__item\"><a class=\"wp-block-pages-list__item__link\" href=\"https:\/\/dlx-media.com\/pl\/slowniczek\/wdf-idf\/\">WDF-IDF<\/a><\/li><li class=\"wp-block-pages-list__item\"><a class=\"wp-block-pages-list__item__link\" href=\"https:\/\/dlx-media.com\/pl\/slowniczek\/wskaznik-zaangazowania\/\">Wska\u017anik zaanga\u017cowania<\/a><\/li><li class=\"wp-block-pages-list__item\"><a class=\"wp-block-pages-list__item__link\" href=\"https:\/\/dlx-media.com\/pl\/slowniczek\/wspolczynnik-klikalnosci-ctr\/\">Wsp\u00f3\u0142czynnik klikalno\u015bci (CTR)<\/a><\/li><li class=\"wp-block-pages-list__item\"><a class=\"wp-block-pages-list__item__link\" href=\"https:\/\/dlx-media.com\/pl\/slowniczek\/wspolczynnik-konwersji\/\">Wsp\u00f3\u0142czynnik konwersji<\/a><\/li><li class=\"wp-block-pages-list__item\"><a class=\"wp-block-pages-list__item__link\" href=\"https:\/\/dlx-media.com\/pl\/slowniczek\/wspolczynnik-odrzucen\/\">Wsp\u00f3\u0142czynnik odrzuce\u0144<\/a><\/li><li class=\"wp-block-pages-list__item\"><a class=\"wp-block-pages-list__item__link\" href=\"https:\/\/dlx-media.com\/pl\/slowniczek\/znacznik-podstawowy-html\/\">Znacznik podstawowy HTML<\/a><\/li><\/ul>","protected":false},"excerpt":{"rendered":"<p>Twoja mapa nawigacyjna w krajobrazie marketingu cyfrowego Witamy w t\u0119tni\u0105cym \u017cyciem i stale rozwijaj\u0105cym si\u0119 \u015bwiecie marketingu internetowego i optymalizacji pod k\u0105tem wyszukiwarek (SEO)! W erze cyfrowej, w kt\u00f3rej innowacje i nowe technologie szybko zmieniaj\u0105 spos\u00f3b, w jaki marki wchodz\u0105<\/p>\n","protected":false},"author":2332,"featured_media":4442,"parent":0,"menu_order":0,"comment_status":"closed","ping_status":"closed","template":"","meta":{"_seopress_robots_primary_cat":"","_seopress_titles_title":"Ihr SEO-Glossar f\u00fcr digitales Marketing %%sep%% %%sitetitle%%","_seopress_titles_desc":"Entdecken Sie die Welt des Online Marketings mit unserem umfassenden Glossar. Perfekt f\u00fcr Einsteiger und Profis!","_seopress_robots_index":"","_crdt_document":"","_uag_custom_page_level_css":"","spectra_gs_classes":"","footnotes":""},"class_list":["post-4979","page","type-page","status-publish","has-post-thumbnail","hentry"],"spectra_custom_meta":{"_top_nav_excluded":[""],"_cms_nav_minihome":[""],"_thumbnail_id":["4442"],"_wpml_word_count":["{\"total\":498,\"to_translate\":{\"en\":498,\"de\":498}}"],"_wp_page_template":[""],"_last_translation_edit_mode":["native-editor"],"_seopress_titles_title":["Ihr SEO-Glossar f\u00fcr digitales Marketing %%sep%% %%sitetitle%%"],"_seopress_titles_desc":["Entdecken Sie die Welt des Online Marketings mit unserem umfassenden Glossar. Perfekt f\u00fcr Einsteiger und Profis!"],"_seopress_redirections_logged_status":["both"],"_seopress_redirections_type":["301"],"_seopress_analysis_target_kw":[""],"_edit_lock":["1730735604:2332"],"classic-editor-remember":["block-editor"],"_edit_last":["2332"],"_wpml_media_duplicate":["1"],"_wpml_media_featured":["1"],"_uagb_previous_block_counts":["a:90:{s:21:\"uagb\/advanced-heading\";i:0;s:15:\"uagb\/blockquote\";i:0;s:12:\"uagb\/buttons\";i:0;s:18:\"uagb\/buttons-child\";i:0;s:19:\"uagb\/call-to-action\";i:0;s:15:\"uagb\/cf7-styler\";i:0;s:11:\"uagb\/column\";i:0;s:12:\"uagb\/columns\";i:0;s:14:\"uagb\/container\";i:0;s:21:\"uagb\/content-timeline\";i:0;s:27:\"uagb\/content-timeline-child\";i:0;s:14:\"uagb\/countdown\";i:0;s:12:\"uagb\/counter\";i:0;s:8:\"uagb\/faq\";i:0;s:14:\"uagb\/faq-child\";i:0;s:10:\"uagb\/forms\";i:0;s:17:\"uagb\/forms-accept\";i:0;s:19:\"uagb\/forms-checkbox\";i:0;s:15:\"uagb\/forms-date\";i:0;s:16:\"uagb\/forms-email\";i:0;s:17:\"uagb\/forms-hidden\";i:0;s:15:\"uagb\/forms-name\";i:0;s:16:\"uagb\/forms-phone\";i:0;s:16:\"uagb\/forms-radio\";i:0;s:17:\"uagb\/forms-select\";i:0;s:19:\"uagb\/forms-textarea\";i:0;s:17:\"uagb\/forms-toggle\";i:0;s:14:\"uagb\/forms-url\";i:0;s:14:\"uagb\/gf-styler\";i:0;s:15:\"uagb\/google-map\";i:0;s:11:\"uagb\/how-to\";i:0;s:16:\"uagb\/how-to-step\";i:0;s:9:\"uagb\/icon\";i:0;s:14:\"uagb\/icon-list\";i:0;s:20:\"uagb\/icon-list-child\";i:0;s:10:\"uagb\/image\";i:0;s:18:\"uagb\/image-gallery\";i:0;s:13:\"uagb\/info-box\";i:0;s:18:\"uagb\/inline-notice\";i:0;s:11:\"uagb\/lottie\";i:0;s:21:\"uagb\/marketing-button\";i:0;s:10:\"uagb\/modal\";i:0;s:18:\"uagb\/popup-builder\";i:0;s:16:\"uagb\/post-button\";i:0;s:18:\"uagb\/post-carousel\";i:0;s:17:\"uagb\/post-excerpt\";i:0;s:14:\"uagb\/post-grid\";i:0;s:15:\"uagb\/post-image\";i:0;s:17:\"uagb\/post-masonry\";i:0;s:14:\"uagb\/post-meta\";i:0;s:18:\"uagb\/post-taxonomy\";i:0;s:18:\"uagb\/post-timeline\";i:0;s:15:\"uagb\/post-title\";i:0;s:20:\"uagb\/restaurant-menu\";i:0;s:26:\"uagb\/restaurant-menu-child\";i:0;s:11:\"uagb\/review\";i:0;s:12:\"uagb\/section\";i:0;s:14:\"uagb\/separator\";i:0;s:11:\"uagb\/slider\";i:0;s:17:\"uagb\/slider-child\";i:0;s:17:\"uagb\/social-share\";i:0;s:23:\"uagb\/social-share-child\";i:0;s:16:\"uagb\/star-rating\";i:0;s:23:\"uagb\/sure-cart-checkout\";i:0;s:22:\"uagb\/sure-cart-product\";i:0;s:15:\"uagb\/sure-forms\";i:0;s:22:\"uagb\/table-of-contents\";i:0;s:9:\"uagb\/tabs\";i:0;s:15:\"uagb\/tabs-child\";i:0;s:18:\"uagb\/taxonomy-list\";i:0;s:9:\"uagb\/team\";i:0;s:16:\"uagb\/testimonial\";i:0;s:14:\"uagb\/wp-search\";i:0;s:19:\"uagb\/instagram-feed\";i:0;s:10:\"uagb\/login\";i:0;s:17:\"uagb\/loop-builder\";i:0;s:18:\"uagb\/loop-category\";i:0;s:20:\"uagb\/loop-pagination\";i:0;s:15:\"uagb\/loop-reset\";i:0;s:16:\"uagb\/loop-search\";i:0;s:14:\"uagb\/loop-sort\";i:0;s:17:\"uagb\/loop-wrapper\";i:0;s:13:\"uagb\/register\";i:0;s:19:\"uagb\/register-email\";i:0;s:24:\"uagb\/register-first-name\";i:0;s:23:\"uagb\/register-last-name\";i:0;s:22:\"uagb\/register-password\";i:0;s:30:\"uagb\/register-reenter-password\";i:0;s:19:\"uagb\/register-terms\";i:0;s:22:\"uagb\/register-username\";i:0;}"],"_uag_page_assets":["a:9:{s:3:\"css\";s:263:\".uag-blocks-common-selector{z-index:var(--z-index-desktop) !important}@media (max-width: 976px){.uag-blocks-common-selector{z-index:var(--z-index-tablet) !important}}@media (max-width: 767px){.uag-blocks-common-selector{z-index:var(--z-index-mobile) !important}}\n\";s:2:\"js\";s:0:\"\";s:18:\"current_block_list\";a:7:{i:0;s:10:\"core\/image\";i:1;s:12:\"core\/heading\";i:2;s:14:\"core\/paragraph\";i:3;s:9:\"core\/list\";i:4;s:14:\"core\/list-item\";i:5;s:14:\"core\/separator\";i:6;s:14:\"core\/page-list\";}s:8:\"uag_flag\";b:0;s:11:\"uag_version\";s:10:\"1775815218\";s:6:\"gfonts\";a:0:{}s:10:\"gfonts_url\";s:0:\"\";s:12:\"gfonts_files\";a:0:{}s:14:\"uag_faq_layout\";b:0;}"],"_uag_css_file_name":["uag-css-4979.css"]},"uagb_featured_image_src":{"full":["https:\/\/dlx-media.com\/wp-content\/uploads\/Online-Marketing-SEO-Glossar.jpeg",1792,1024,false],"thumbnail":["https:\/\/dlx-media.com\/wp-content\/uploads\/Online-Marketing-SEO-Glossar-250x250.jpeg",250,250,true],"medium":["https:\/\/dlx-media.com\/wp-content\/uploads\/Online-Marketing-SEO-Glossar-350x200.jpeg",350,200,true],"medium_large":["https:\/\/dlx-media.com\/wp-content\/uploads\/Online-Marketing-SEO-Glossar-768x439.jpeg",768,439,true],"large":["https:\/\/dlx-media.com\/wp-content\/uploads\/Online-Marketing-SEO-Glossar-1024x585.jpeg",1024,585,true],"1536x1536":["https:\/\/dlx-media.com\/wp-content\/uploads\/Online-Marketing-SEO-Glossar-1536x878.jpeg",1536,878,true],"2048x2048":["https:\/\/dlx-media.com\/wp-content\/uploads\/Online-Marketing-SEO-Glossar.jpeg",1792,1024,false],"suffice-thumbnail-grid":["https:\/\/dlx-media.com\/wp-content\/uploads\/Online-Marketing-SEO-Glossar-750x420.jpeg",750,420,true],"suffice-thumbnail-featured-one":["https:\/\/dlx-media.com\/wp-content\/uploads\/Online-Marketing-SEO-Glossar-295x525.jpeg",295,525,true],"suffice-thumbnail-featured-two":["https:\/\/dlx-media.com\/wp-content\/uploads\/Online-Marketing-SEO-Glossar-1140x504.jpeg",1140,504,true],"suffice-thumbnail-portfolio":["https:\/\/dlx-media.com\/wp-content\/uploads\/Online-Marketing-SEO-Glossar-572x552.jpeg",572,552,true],"suffice-thumbnail-portfolio-masonry":["https:\/\/dlx-media.com\/wp-content\/uploads\/Online-Marketing-SEO-Glossar-572x652.jpeg",572,652,true]},"uagb_author_info":{"display_name":"DLxMedia","author_link":"https:\/\/dlx-media.com\/pl"},"uagb_comment_info":0,"uagb_excerpt":"Twoja mapa nawigacyjna w krajobrazie marketingu cyfrowego Witamy w t\u0119tni\u0105cym \u017cyciem i stale rozwijaj\u0105cym si\u0119 \u015bwiecie marketingu internetowego i optymalizacji pod k\u0105tem wyszukiwarek (SEO)! W erze cyfrowej, w kt\u00f3rej innowacje i nowe technologie szybko zmieniaj\u0105 spos\u00f3b, w jaki marki wchodz\u0105","_links":{"self":[{"href":"https:\/\/dlx-media.com\/pl\/wp-json\/wp\/v2\/pages\/4979","targetHints":{"allow":["GET"]}}],"collection":[{"href":"https:\/\/dlx-media.com\/pl\/wp-json\/wp\/v2\/pages"}],"about":[{"href":"https:\/\/dlx-media.com\/pl\/wp-json\/wp\/v2\/types\/page"}],"author":[{"embeddable":true,"href":"https:\/\/dlx-media.com\/pl\/wp-json\/wp\/v2\/users\/2332"}],"replies":[{"embeddable":true,"href":"https:\/\/dlx-media.com\/pl\/wp-json\/wp\/v2\/comments?post=4979"}],"version-history":[{"count":3,"href":"https:\/\/dlx-media.com\/pl\/wp-json\/wp\/v2\/pages\/4979\/revisions"}],"predecessor-version":[{"id":5517,"href":"https:\/\/dlx-media.com\/pl\/wp-json\/wp\/v2\/pages\/4979\/revisions\/5517"}],"wp:featuredmedia":[{"embeddable":true,"href":"https:\/\/dlx-media.com\/pl\/wp-json\/wp\/v2\/media\/4442"}],"wp:attachment":[{"href":"https:\/\/dlx-media.com\/pl\/wp-json\/wp\/v2\/media?parent=4979"}],"curies":[{"name":"wp","href":"https:\/\/api.w.org\/{rel}","templated":true}]}}