{"id":4953,"date":"2024-05-26T14:16:02","date_gmt":"2024-05-26T12:16:02","guid":{"rendered":"https:\/\/dlx-media.com\/slowniczek\/doctype\/"},"modified":"2024-07-14T13:50:53","modified_gmt":"2024-07-14T11:50:53","slug":"doctype","status":"publish","type":"page","link":"https:\/\/dlx-media.com\/pl\/slowniczek\/doctype\/","title":{"rendered":"Doctype"},"content":{"rendered":"<div class=\"wp-block-image\">\n<figure data-spectra-id=\"spectra-498a85a3-00ad-4756-a86d-26491a1f0eb3\" class=\"aligncenter size-full\"><img loading=\"lazy\" decoding=\"async\" width=\"1792\" height=\"1024\" src=\"https:\/\/dlx-media.com\/file\/html-Doctype.jpeg\" alt=\"html Doctype\" class=\"wp-image-4945\" srcset=\"https:\/\/dlx-media.com\/wp-content\/uploads\/html-Doctype.jpeg 1792w, https:\/\/dlx-media.com\/wp-content\/uploads\/html-Doctype-350x200.jpeg 350w, https:\/\/dlx-media.com\/wp-content\/uploads\/html-Doctype-1024x585.jpeg 1024w, https:\/\/dlx-media.com\/wp-content\/uploads\/html-Doctype-768x439.jpeg 768w, https:\/\/dlx-media.com\/wp-content\/uploads\/html-Doctype-1536x878.jpeg 1536w\" sizes=\"auto, (max-width: 1792px) 100vw, 1792px\" \/><\/figure>\n<\/div>\n<h3 class=\"wp-block-heading\">Niezb\u0119dny punkt startowy ka\u017cdej strony HTML<\/h3>\n\n<p class=\"wp-block-paragraph\">Deklaracja DOCTYPE, oficjalnie znana jako deklaracja &#8222;doctype&#8221; HTML, jest niezb\u0119dnym elementem ka\u017cdej strony HTML i jest umieszczana na samym pocz\u0105tku dokumentu HTML. Mo\u017ce wydawa\u0107 si\u0119 niepozorna na pierwszy rzut oka, ale jej funkcja jest niezb\u0119dna dla poprawnego renderowania i interoperacyjno\u015bci stron internetowych.<\/p>\n\n<h4 class=\"wp-block-heading\">Co to jest deklaracja DOCTYPE?<\/h4>\n\n<p class=\"wp-block-paragraph\">Deklaracja DOCTYPE to deklaracja, kt\u00f3ra informuje przegl\u0105dark\u0119 internetow\u0105, kt\u00f3ra wersja HTML (HyperText Markup Language) jest u\u017cywana i jakie zasady i sk\u0142adnia powinny by\u0107 u\u017cywane przez przegl\u0105dark\u0119 do interpretacji dokumentu. Definiuje struktur\u0119 dokumentu i dostarcza przegl\u0105darce niezb\u0119dnych informacji, aby poprawnie wy\u015bwietli\u0107 stron\u0119 HTML.<\/p>\n\n<h4 class=\"wp-block-heading\">Znaczenie deklaracji DOCTYPE<\/h4>\n\n<p class=\"wp-block-paragraph\">Bez poprawnej deklaracji DOCTYPE, przegl\u0105darka internetowa mo\u017ce przej\u015b\u0107 w tzw. \u201eQuirks Mode\u201d (tryb dziwactw), w kt\u00f3rym pr\u00f3buje wy\u015bwietli\u0107 stron\u0119 na podstawie przestarza\u0142ych lub niedok\u0142adnych metod renderowania. To mo\u017ce prowadzi\u0107 do b\u0142\u0119dnej prezentacji strony internetowej, poniewa\u017c przegl\u0105darka nie wie na pewno, kt\u00f3r\u0105 wersj\u0119 HTML i standardy nale\u017cy zastosowa\u0107.<\/p>\n\n<p class=\"wp-block-paragraph\">Deklaracja DOCTYPE zapewnia, \u017ce przegl\u0105darka pozostaje w \u201eTrybie standardowym\u201d, co oznacza, \u017ce strona internetowa jest renderowana zgodnie z aktualnymi standardami HTML. To jest kluczowe dla sp\u00f3jno\u015bci i kompatybilno\u015bci stron internetowych na r\u00f3\u017cnych przegl\u0105darkach i platformach.<\/p>\n\n<h4 class=\"wp-block-heading\">R\u00f3\u017cne warianty DOCTYPE t\u0142umacz\u0105 na polski<\/h4>\n\n<p class=\"wp-block-paragraph\">Na przestrzeni lat pojawi\u0142o si\u0119 kilka wersji HTML, a ka\u017cda z nich mia\u0142a swoj\u0105 w\u0142asn\u0105 deklaracj\u0119 DOCTYPE. Oto kilka przyk\u0142ad\u00f3w:<\/p>\n\n<ol class=\"wp-block-list\">\n<li><strong>HTML5<\/strong>: t\u0142umaczenie na j\u0119zyk polski<\/li>\n<\/ol>\n\n<pre class=\"wp-block-code\"><code>&lt;!DOCTYPE html><\/code><\/pre>\n\n<p class=\"wp-block-paragraph\">To jest najprostsza i najbardziej aktualna forma deklaracji DOCTYPE dokumentuj\u0105ca HTML5. Jest kr\u00f3tka i zwi\u0119z\u0142a, sygnalizuj\u0105c przegl\u0105darce, \u017ce dokument jest zgodny ze standardami HTML5.<\/p>\n\n<ol class=\"wp-block-list\">\n<li><strong>HTML 4.01 Przej\u015bciowy<\/strong>: \u00fcbersetzen ins Polnische <\/li>\n<\/ol>\n\n<pre class=\"wp-block-code\"><code>&lt;!DOCTYPE HTML PUBLIC \"-\/\/W3C\/\/DTD HTML 4.01 Transitional\/\/EN\" \"http:\/\/www.w3.org\/TR\/html4\/loose.dtd\"><\/code><\/pre>\n\n<p class=\"wp-block-paragraph\">Ta wersja umo\u017cliwia korzystanie z niekt\u00f3rych starszych element\u00f3w i atrybut\u00f3w HTML, kt\u00f3re nie s\u0105 ju\u017c obs\u0142ugiwane w nowoczesnych wersjach HTML.<\/p>\n\n<ol class=\"wp-block-list\">\n<li><strong>HTML 4.01 Strict<\/strong>: \u00fcbersetzen auf Polnisch<\/li>\n<\/ol>\n\n<pre class=\"wp-block-code\"><code>&lt;!DOCTYPE HTML PUBLIC \"-\/\/W3C\/\/DTD HTML 4.01\/\/EN\" \"http:\/\/www.w3.org\/TR\/html4\/strict.dtd\"><\/code><\/pre>\n\n<p class=\"wp-block-paragraph\">Ta deklaracja DOCTYPE wymaga bardziej rygorystycznego przestrzegania standard\u00f3w HTML i rezygnuje z przestarza\u0142ych tag\u00f3w i atrybut\u00f3w.<\/p>\n\n<ol class=\"wp-block-list\">\n<li><strong>XHTML 1.0 Strict<\/strong>: \u00fcbersetzen auf Polnisch<\/li>\n<\/ol>\n\n<pre class=\"wp-block-code\"><code>&lt;!DOCTYPE html PUBLIC \"-\/\/W3C\/\/DTD XHTML 1.0 Strict\/\/EN\" \"http:\/\/www.w3.org\/TR\/xhtml1\/DTD\/xhtml1-strict.dtd\"><\/code><\/pre>\n\n<p class=\"wp-block-paragraph\">XHTML to rozszerzona wersja HTML, kt\u00f3ra przestrzega zasad XML (Extensible Markup Language). Ta deklaracja DOCTYPE jest bardziej rygorystyczna i wymaga bardziej precyzyjnej sk\u0142adni.<\/p>\n\n<h4 class=\"wp-block-heading\">Dlaczego deklaracja DOCTYPE jest tak wa\u017cna<\/h4>\n\n<ol class=\"wp-block-list\">\n<li><strong>Kompatybilno\u015b\u0107 i sp\u00f3jno\u015b\u0107<\/strong>: Deklaracja DOCTYPE zapewnia, \u017ce strony internetowe s\u0105 prezentowane w spos\u00f3b sp\u00f3jny na r\u00f3\u017cnych przegl\u0105darkach i urz\u0105dzeniach. Bez jasnej deklaracji DOCTYPE r\u00f3\u017cne przegl\u0105darki mog\u0105 interpretowa\u0107 stron\u0119 na r\u00f3\u017cne sposoby, co prowadzi do problem\u00f3w z wy\u015bwietlaniem.<\/li>\n\n\n\n<li><strong>Ulepszona obs\u0142uga<\/strong>: Dzi\u0119ki jasnej deklaracji DOCTYPE, deweloperzy wiedz\u0105, kt\u00f3re standardy HTML zosta\u0142y zastosowane, co u\u0142atwia utrzymanie i rozw\u00f3j strony internetowej. To jest szczeg\u00f3lnie wa\u017cne w du\u017cych zespo\u0142ach lub przy d\u0142ugoterminowej piel\u0119gnacji stron internetowych.<\/li>\n\n\n\n<li><strong>Lepsza wydajno\u015b\u0107<\/strong>: Nowoczesne przegl\u0105darki optymalizuj\u0105 wy\u015bwietlanie stron internetowych, kt\u00f3re zosta\u0142y opracowane zgodnie z aktualnymi standardami. Prawid\u0142owa deklaracja DOCTYPE mo\u017ce przyczyni\u0107 si\u0119 do efektywniejszego renderowania strony przez przegl\u0105dark\u0119, co poprawia czas \u0142adowania i wydajno\u015b\u0107.<\/li>\n<\/ol>\n\n<h4 class=\"wp-block-heading\">Wnioski<\/h4>\n\n<p class=\"wp-block-paragraph\">Deklaracja DOCTYPE jest niezb\u0119dnym elementem ka\u017cdej strony HTML, kt\u00f3ry zapewnia, \u017ce strony internetowe s\u0105 renderowane poprawnie i konsekwentnie. Ona stanowi podstaw\u0119 do przestrzegania aktualnych standard\u00f3w sieciowych i przyczynia si\u0119 do zapewnienia bezproblemowego do\u015bwiadczenia u\u017cytkownika. Nawet je\u015bli sk\u0142ada si\u0119 tylko z kilku znak\u00f3w, jej rola w projektowaniu i rozwijaniu stron internetowych ma du\u017ce znaczenie. Dlatego powinna by\u0107 starannie okre\u015blona w ka\u017cdym dokumencie HTML, aby osi\u0105gn\u0105\u0107 jak najlepsz\u0105 kompatybilno\u015b\u0107 i wydajno\u015b\u0107.<\/p>\n","protected":false},"excerpt":{"rendered":"<p>Niezb\u0119dny punkt startowy ka\u017cdej strony HTML Deklaracja DOCTYPE, oficjalnie znana jako deklaracja &#8222;doctype&#8221; HTML, jest niezb\u0119dnym elementem ka\u017cdej strony HTML i jest umieszczana na samym pocz\u0105tku dokumentu HTML. Mo\u017ce wydawa\u0107 si\u0119 niepozorna na pierwszy rzut oka, ale jej funkcja jest<\/p>\n","protected":false},"author":2332,"featured_media":4947,"parent":4979,"menu_order":0,"comment_status":"closed","ping_status":"closed","template":"","meta":{"_seopress_robots_primary_cat":"","_seopress_titles_title":"Znaczenie deklaracji DOCTYPE dla stron HTML %%sep%% %%sitetitle%%","_seopress_titles_desc":"Dowiedz si\u0119, jak deklaracja DOCTYPE zapewnia poprawne renderowanie i kompatybilno\u015b\u0107 z sieci\u0105 oraz dlaczego jest niezb\u0119dna dla ka\u017cdej strony HTML.","_seopress_robots_index":"","_crdt_document":"","_uag_custom_page_level_css":"","spectra_gs_classes":"","footnotes":""},"class_list":["post-4953","page","type-page","status-publish","has-post-thumbnail","hentry"],"spectra_custom_meta":{"_top_nav_excluded":[""],"_cms_nav_minihome":[""],"_thumbnail_id":["4947"],"_wp_page_template":[""],"_wpml_word_count":["{\"total\":538,\"to_translate\":{\"en\":538,\"de\":538}}"],"_last_translation_edit_mode":["translation-editor"],"_seopress_titles_title":["Znaczenie deklaracji DOCTYPE dla stron HTML %%sep%% %%sitetitle%%"],"_seopress_titles_desc":["Dowiedz si\u0119, jak deklaracja DOCTYPE zapewnia poprawne renderowanie i kompatybilno\u015b\u0107 z sieci\u0105 oraz dlaczego jest niezb\u0119dna dla ka\u017cdej strony HTML."],"_seopress_redirections_logged_status":["oba"],"_seopress_redirections_type":["301"],"_uagb_previous_block_counts":["a:90:{s:21:\"uagb\/advanced-heading\";i:0;s:15:\"uagb\/blockquote\";i:0;s:12:\"uagb\/buttons\";i:0;s:18:\"uagb\/buttons-child\";i:0;s:19:\"uagb\/call-to-action\";i:0;s:15:\"uagb\/cf7-styler\";i:0;s:11:\"uagb\/column\";i:0;s:12:\"uagb\/columns\";i:0;s:14:\"uagb\/container\";i:0;s:21:\"uagb\/content-timeline\";i:0;s:27:\"uagb\/content-timeline-child\";i:0;s:14:\"uagb\/countdown\";i:0;s:12:\"uagb\/counter\";i:0;s:8:\"uagb\/faq\";i:0;s:14:\"uagb\/faq-child\";i:0;s:10:\"uagb\/forms\";i:0;s:17:\"uagb\/forms-accept\";i:0;s:19:\"uagb\/forms-checkbox\";i:0;s:15:\"uagb\/forms-date\";i:0;s:16:\"uagb\/forms-email\";i:0;s:17:\"uagb\/forms-hidden\";i:0;s:15:\"uagb\/forms-name\";i:0;s:16:\"uagb\/forms-phone\";i:0;s:16:\"uagb\/forms-radio\";i:0;s:17:\"uagb\/forms-select\";i:0;s:19:\"uagb\/forms-textarea\";i:0;s:17:\"uagb\/forms-toggle\";i:0;s:14:\"uagb\/forms-url\";i:0;s:14:\"uagb\/gf-styler\";i:0;s:15:\"uagb\/google-map\";i:0;s:11:\"uagb\/how-to\";i:0;s:16:\"uagb\/how-to-step\";i:0;s:9:\"uagb\/icon\";i:0;s:14:\"uagb\/icon-list\";i:0;s:20:\"uagb\/icon-list-child\";i:0;s:10:\"uagb\/image\";i:0;s:18:\"uagb\/image-gallery\";i:0;s:13:\"uagb\/info-box\";i:0;s:18:\"uagb\/inline-notice\";i:0;s:11:\"uagb\/lottie\";i:0;s:21:\"uagb\/marketing-button\";i:0;s:10:\"uagb\/modal\";i:0;s:18:\"uagb\/popup-builder\";i:0;s:16:\"uagb\/post-button\";i:0;s:18:\"uagb\/post-carousel\";i:0;s:17:\"uagb\/post-excerpt\";i:0;s:14:\"uagb\/post-grid\";i:0;s:15:\"uagb\/post-image\";i:0;s:17:\"uagb\/post-masonry\";i:0;s:14:\"uagb\/post-meta\";i:0;s:18:\"uagb\/post-taxonomy\";i:0;s:18:\"uagb\/post-timeline\";i:0;s:15:\"uagb\/post-title\";i:0;s:20:\"uagb\/restaurant-menu\";i:0;s:26:\"uagb\/restaurant-menu-child\";i:0;s:11:\"uagb\/review\";i:0;s:12:\"uagb\/section\";i:0;s:14:\"uagb\/separator\";i:0;s:11:\"uagb\/slider\";i:0;s:17:\"uagb\/slider-child\";i:0;s:17:\"uagb\/social-share\";i:0;s:23:\"uagb\/social-share-child\";i:0;s:16:\"uagb\/star-rating\";i:0;s:23:\"uagb\/sure-cart-checkout\";i:0;s:22:\"uagb\/sure-cart-product\";i:0;s:15:\"uagb\/sure-forms\";i:0;s:22:\"uagb\/table-of-contents\";i:0;s:9:\"uagb\/tabs\";i:0;s:15:\"uagb\/tabs-child\";i:0;s:18:\"uagb\/taxonomy-list\";i:0;s:9:\"uagb\/team\";i:0;s:16:\"uagb\/testimonial\";i:0;s:14:\"uagb\/wp-search\";i:0;s:19:\"uagb\/instagram-feed\";i:0;s:10:\"uagb\/login\";i:0;s:17:\"uagb\/loop-builder\";i:0;s:18:\"uagb\/loop-category\";i:0;s:20:\"uagb\/loop-pagination\";i:0;s:15:\"uagb\/loop-reset\";i:0;s:16:\"uagb\/loop-search\";i:0;s:14:\"uagb\/loop-sort\";i:0;s:17:\"uagb\/loop-wrapper\";i:0;s:13:\"uagb\/register\";i:0;s:19:\"uagb\/register-email\";i:0;s:24:\"uagb\/register-first-name\";i:0;s:23:\"uagb\/register-last-name\";i:0;s:22:\"uagb\/register-password\";i:0;s:30:\"uagb\/register-reenter-password\";i:0;s:19:\"uagb\/register-terms\";i:0;s:22:\"uagb\/register-username\";i:0;}"],"_uag_page_assets":["a:9:{s:3:\"css\";s:263:\".uag-blocks-common-selector{z-index:var(--z-index-desktop) !important}@media (max-width: 976px){.uag-blocks-common-selector{z-index:var(--z-index-tablet) !important}}@media (max-width: 767px){.uag-blocks-common-selector{z-index:var(--z-index-mobile) !important}}\n\";s:2:\"js\";s:0:\"\";s:18:\"current_block_list\";a:6:{i:0;s:10:\"core\/image\";i:1;s:12:\"core\/heading\";i:2;s:14:\"core\/paragraph\";i:3;s:9:\"core\/list\";i:4;s:14:\"core\/list-item\";i:5;s:9:\"core\/code\";}s:8:\"uag_flag\";b:0;s:11:\"uag_version\";s:10:\"1775815218\";s:6:\"gfonts\";a:0:{}s:10:\"gfonts_url\";s:0:\"\";s:12:\"gfonts_files\";a:0:{}s:14:\"uag_faq_layout\";b:0;}"],"_uag_css_file_name":["uag-css-4953.css"]},"uagb_featured_image_src":{"full":["https:\/\/dlx-media.com\/wp-content\/uploads\/html-Doctype.jpeg",1792,1024,false],"thumbnail":["https:\/\/dlx-media.com\/wp-content\/uploads\/html-Doctype-250x250.jpeg",250,250,true],"medium":["https:\/\/dlx-media.com\/wp-content\/uploads\/html-Doctype-350x200.jpeg",350,200,true],"medium_large":["https:\/\/dlx-media.com\/wp-content\/uploads\/html-Doctype-768x439.jpeg",768,439,true],"large":["https:\/\/dlx-media.com\/wp-content\/uploads\/html-Doctype-1024x585.jpeg",1024,585,true],"1536x1536":["https:\/\/dlx-media.com\/wp-content\/uploads\/html-Doctype-1536x878.jpeg",1536,878,true],"2048x2048":["https:\/\/dlx-media.com\/wp-content\/uploads\/html-Doctype.jpeg",1792,1024,false],"suffice-thumbnail-grid":["https:\/\/dlx-media.com\/wp-content\/uploads\/html-Doctype-750x420.jpeg",750,420,true],"suffice-thumbnail-featured-one":["https:\/\/dlx-media.com\/wp-content\/uploads\/html-Doctype-295x525.jpeg",295,525,true],"suffice-thumbnail-featured-two":["https:\/\/dlx-media.com\/wp-content\/uploads\/html-Doctype-1140x504.jpeg",1140,504,true],"suffice-thumbnail-portfolio":["https:\/\/dlx-media.com\/wp-content\/uploads\/html-Doctype-572x552.jpeg",572,552,true],"suffice-thumbnail-portfolio-masonry":["https:\/\/dlx-media.com\/wp-content\/uploads\/html-Doctype-572x652.jpeg",572,652,true]},"uagb_author_info":{"display_name":"DLxMedia","author_link":"https:\/\/dlx-media.com\/pl"},"uagb_comment_info":0,"uagb_excerpt":"Niezb\u0119dny punkt startowy ka\u017cdej strony HTML Deklaracja DOCTYPE, oficjalnie znana jako deklaracja &#8222;doctype&#8221; HTML, jest niezb\u0119dnym elementem ka\u017cdej strony HTML i jest umieszczana na samym pocz\u0105tku dokumentu HTML. Mo\u017ce wydawa\u0107 si\u0119 niepozorna na pierwszy rzut oka, ale jej funkcja jest","_links":{"self":[{"href":"https:\/\/dlx-media.com\/pl\/wp-json\/wp\/v2\/pages\/4953","targetHints":{"allow":["GET"]}}],"collection":[{"href":"https:\/\/dlx-media.com\/pl\/wp-json\/wp\/v2\/pages"}],"about":[{"href":"https:\/\/dlx-media.com\/pl\/wp-json\/wp\/v2\/types\/page"}],"author":[{"embeddable":true,"href":"https:\/\/dlx-media.com\/pl\/wp-json\/wp\/v2\/users\/2332"}],"replies":[{"embeddable":true,"href":"https:\/\/dlx-media.com\/pl\/wp-json\/wp\/v2\/comments?post=4953"}],"version-history":[{"count":2,"href":"https:\/\/dlx-media.com\/pl\/wp-json\/wp\/v2\/pages\/4953\/revisions"}],"predecessor-version":[{"id":5271,"href":"https:\/\/dlx-media.com\/pl\/wp-json\/wp\/v2\/pages\/4953\/revisions\/5271"}],"up":[{"embeddable":true,"href":"https:\/\/dlx-media.com\/pl\/wp-json\/wp\/v2\/pages\/4979"}],"wp:featuredmedia":[{"embeddable":true,"href":"https:\/\/dlx-media.com\/pl\/wp-json\/wp\/v2\/media\/4947"}],"wp:attachment":[{"href":"https:\/\/dlx-media.com\/pl\/wp-json\/wp\/v2\/media?parent=4953"}],"curies":[{"name":"wp","href":"https:\/\/api.w.org\/{rel}","templated":true}]}}