{"id":4939,"date":"2024-05-26T13:50:04","date_gmt":"2024-05-26T11:50:04","guid":{"rendered":"https:\/\/dlx-media.com\/slowniczek\/customer-personas\/"},"modified":"2024-07-14T13:50:53","modified_gmt":"2024-07-14T11:50:53","slug":"customer-personas","status":"publish","type":"page","link":"https:\/\/dlx-media.com\/pl\/slowniczek\/customer-personas\/","title":{"rendered":"Customer Personas"},"content":{"rendered":"<div class=\"wp-block-image\">\n<figure data-spectra-id=\"spectra-431551b7-2e31-4556-b161-7945e3f1ea65\" class=\"aligncenter size-full\"><img loading=\"lazy\" decoding=\"async\" width=\"1792\" height=\"1024\" src=\"https:\/\/dlx-media.com\/file\/customer-personas.jpeg\" alt=\"Customer Persona\" class=\"wp-image-4933\" srcset=\"https:\/\/dlx-media.com\/wp-content\/uploads\/customer-personas.jpeg 1792w, https:\/\/dlx-media.com\/wp-content\/uploads\/customer-personas-350x200.jpeg 350w, https:\/\/dlx-media.com\/wp-content\/uploads\/customer-personas-1024x585.jpeg 1024w, https:\/\/dlx-media.com\/wp-content\/uploads\/customer-personas-768x439.jpeg 768w, https:\/\/dlx-media.com\/wp-content\/uploads\/customer-personas-1536x878.jpeg 1536w\" sizes=\"auto, (max-width: 1792px) 100vw, 1792px\" \/><\/figure>\n<\/div>\n<h3 class=\"wp-block-heading\">Serce skierowanej strategii marketingowej<\/h3>\n\n<p class=\"wp-block-paragraph\">Customer Persona, zwana r\u00f3wnie\u017c Persona kupuj\u0105cego, to p\u00f3\u0142fikcyjny profil oparty na rzeczywistych danych i uzasadnionych za\u0142o\u017ceniach dotycz\u0105cych potencjalnych klient\u00f3w. Ten szczeg\u00f3\u0142owy obraz reprezentuje grup\u0119 klient\u00f3w, kt\u00f3rzy dziel\u0105 podobne zachowania, cele, motywacje i wyzwania. Tworzenie i korzystanie z Personas klient\u00f3w jest kluczowym elementem skutecznej strategii marketingu online, poniewa\u017c pomaga firmom lepiej zrozumie\u0107 swoj\u0105 grup\u0119 docelow\u0105 i skierowa\u0107 do niej swoje dzia\u0142ania.<\/p>\n\n<h4 class=\"wp-block-heading\">Co to jest persona klienta?<\/h4>\n\n<p class=\"wp-block-paragraph\">Customer Persona to co\u015b wi\u0119cej ni\u017c tylko proste profilowanie. Jest to obszerna i szczeg\u00f3\u0142owa prezentacja idealnego klienta, kt\u00f3ra dostarcza g\u0142\u0119bszych wgl\u0105d\u00f3w w cechy demograficzne, zachowanie, potrzeby i motywacje grupy docelowej. Te persony s\u0105 tworzone na podstawie kombinacji rzeczywistych danych i strategicznych za\u0142o\u017ce\u0144, aby narysowa\u0107 klarowny obraz docelowych klient\u00f3w.<\/p>\n\n<p class=\"wp-block-paragraph\"><strong>Typowe elementy Persony Klienta<\/strong><\/p>\n\n<ul class=\"wp-block-list\">\n<li><strong>Cechy demograficzne<\/strong>: wiek, p\u0142e\u0107, stan cywilny, poziom wykszta\u0142cenia, zaw\u00f3d i doch\u00f3d.<\/li>\n\n\n\n<li><strong>Psychograficzne cechy<\/strong>: warto\u015bci, zainteresowania, styl \u017cycia i osobowo\u015b\u0107.<\/li>\n\n\n\n<li><strong>Cechy zachowania<\/strong>: zachowania zakupowe, aktywno\u015b\u0107 online, preferowane kana\u0142y komunikacji i procesy decyzyjne.<\/li>\n\n\n\n<li><strong>Cele i wyzwania<\/strong>: Kr\u00f3tko- i d\u0142ugoterminowe cele, zawodowe i osobiste wyzwania, a tak\u017ce specyficzne potrzeby.<\/li>\n<\/ul>\n\n<h4 class=\"wp-block-heading\">Znaczenie Persony Klienta w Marketingu<\/h4>\n\n<p class=\"wp-block-paragraph\">Persony klient\u00f3w s\u0105 kluczowe dla projektowania i wdra\u017cania skutecznej strategii marketingowej. Pomagaj\u0105 marketerom zrozumie\u0107 specyficzne potrzeby i oczekiwania klient\u00f3w oraz dostosowa\u0107 swoje dzia\u0142ania marketingowe odpowiednio. To prowadzi do skuteczniejszego zwracania si\u0119 i silniejszego zwi\u0105zku z grup\u0105 docelow\u0105.<\/p>\n\n<p class=\"wp-block-paragraph\"><strong>Korzy\u015bci z korzystania z Person Klienta<\/strong>:<\/p>\n\n<ol class=\"wp-block-list\">\n<li><strong>Skierowana komunikacja<\/strong>: Dzi\u0119ki znajomo\u015bci preferencji i zachowa\u0144 grupy docelowej mo\u017cna tworzy\u0107 spersonalizowane i istotne wiadomo\u015bci, kt\u00f3re przyci\u0105gaj\u0105 klient\u00f3w i motywuj\u0105 do dzia\u0142ania.<\/li>\n\n\n\n<li><strong>Ulepszony rozw\u00f3j produktu<\/strong>: Zrozumienie potrzeb i wyzwa\u0144 klient\u00f3w pozwala na rozwijanie produkt\u00f3w i us\u0142ug, kt\u00f3re s\u0105 dok\u0142adnie dostosowane do tych wymaga\u0144.<\/li>\n\n\n\n<li><strong>Efektywny marketing tre\u015bci<\/strong>: Tre\u015b\u0107 mo\u017ce by\u0107 tak zaprojektowana, aby bezpo\u015brednio odpowiada\u0142a na pytania i problemy grupy docelowej, co zwi\u0119ksza jej znaczenie i zaanga\u017cowanie.<\/li>\n\n\n\n<li><strong>Zoptymalizowane do\u015bwiadczenie klienta<\/strong>: G\u0142\u0119bokie zrozumienie persony klienta pomaga poprawi\u0107 ca\u0142\u0105 podr\u00f3\u017c klienta i stworzy\u0107 bezproblemowe i pozytywne do\u015bwiadczenie u\u017cytkownika.<\/li>\n<\/ol>\n\n<h4 class=\"wp-block-heading\">Tworzenie Person Klient\u00f3w: Systematyczne Podej\u015bcie<\/h4>\n\n<p class=\"wp-block-paragraph\">Tworzenie person klient\u00f3w zaczyna si\u0119 od zbierania i analizowania danych jako\u015bciowych i ilo\u015bciowych. Te dane mog\u0105 pochodzi\u0107 z r\u00f3\u017cnych \u017ar\u00f3de\u0142, w tym:<\/p>\n\n<ul class=\"wp-block-list\">\n<li><strong>Ankiety i wywiady z klientami<\/strong>: Bezpo\u015brednie rozmowy z istniej\u0105cymi klientami dostarczaj\u0105 cennych informacji na temat ich potrzeb, oczekiwa\u0144 i wyzwa\u0144.<\/li>\n\n\n\n<li><strong>Raporty sprzeda\u017cy i obs\u0142ugi klienta<\/strong>: Opinie i dane z interakcji sprzeda\u017cowych i obs\u0142ugi klienta mog\u0105 pokazywa\u0107 wzorce i cz\u0119sto zadawane pytania lub problemy.<\/li>\n\n\n\n<li><strong>Analiza strony internetowej<\/strong>: Analiza zachowa\u0144 u\u017cytkownik\u00f3w na stronie, takich jak odwiedzane strony, czas sp\u0119dzony na stronie i \u015bcie\u017cki konwersji.<\/li>\n\n\n\n<li><strong>Media spo\u0142eczno\u015bciowe<\/strong>: Obserwacje i interakcje w sieciach spo\u0142eczno\u015bciowych mog\u0105 dostarczy\u0107 dodatkowych informacji na temat zainteresowa\u0144 i preferencji grupy docelowej.<\/li>\n<\/ul>\n\n<p class=\"wp-block-paragraph\"><strong>Kroki do stworzenia Persony Klienta<\/strong><\/p>\n\n<ol class=\"wp-block-list\">\n<li><strong>Zbieranie danych<\/strong>: Zbieraj obszerne dane z r\u00f3\u017cnych \u017ar\u00f3de\u0142, aby uzyska\u0107 pe\u0142ny obraz klient\u00f3w.<\/li>\n\n\n\n<li><strong>Analiza danych<\/strong>: Analizuj zebrane dane, aby zidentyfikowa\u0107 wzorce i segmenty.<\/li>\n\n\n\n<li><strong>Tworzenie postaci<\/strong>: Tw\u00f3rz szczeg\u00f3\u0142owe profile na podstawie zidentyfikowanych segment\u00f3w. Nadaj ka\u017cdemu profilowi nazw\u0119, obraz i histori\u0119 t\u0142a, aby postacie by\u0142y \u017cywe i namacalne.<\/li>\n\n\n\n<li><strong>Sprawdzanie i dostosowywanie<\/strong>: Regularnie sprawdzaj i aktualizuj Personas, aby upewni\u0107 si\u0119, \u017ce nadal s\u0105 one aktualne i dok\u0142adne.<\/li>\n<\/ol>\n\n<h4 class=\"wp-block-heading\">Anwendung und Integration von Customer Personas \u00fcbersetzen ins Polnische<\/h4>\n\n<p class=\"wp-block-paragraph\">Skuteczno\u015b\u0107 Personas klienta zale\u017cy od tego, jak dobrze s\u0105 one zintegrowane z procesami biznesowymi i wykorzystywane przez r\u00f3\u017cne dzia\u0142y. Wszystkie zespo\u0142y &#8211; od marketingu, przez sprzeda\u017c, a\u017c po rozw\u00f3j produktu i obs\u0142ug\u0119 klienta &#8211; powinny zrozumie\u0107 persony i uwzgl\u0119dni\u0107 je w swoich strategiach i dzia\u0142aniach.<\/p>\n\n<p class=\"wp-block-paragraph\"><strong>Przyk\u0142ady zastosowania Personas Klient\u00f3w<\/strong>:<\/p>\n\n<ul class=\"wp-block-list\">\n<li><strong>Kampanie marketingowe<\/strong>: Opracowywanie skierowanych kampanii, kt\u00f3re s\u0105 dostosowane do specyficznych potrzeb i zachowa\u0144 person.<\/li>\n\n\n\n<li><strong>Rozw\u00f3j produktu<\/strong>: Projektowanie produkt\u00f3w i us\u0142ug, kt\u00f3re adresuj\u0105 problemy i pragnienia person.<\/li>\n\n\n\n<li><strong>Obs\u0142uga klienta<\/strong>: Dostosowanie proces\u00f3w wsparcia, aby zapewni\u0107 spersonalizowan\u0105 i skuteczn\u0105 obs\u0142ug\u0119 klienta.<\/li>\n<\/ul>\n\n<h4 class=\"wp-block-heading\">Wnioski<\/h4>\n\n<p class=\"wp-block-paragraph\">Persony klient\u00f3w to pot\u0119\u017cne narz\u0119dzie, kt\u00f3re pomaga firmom lepiej zrozumie\u0107 swoich klient\u00f3w i skuteczniej z nimi komunikowa\u0107. Umo\u017cliwiaj\u0105 tworzenie spersonalizowanych i istotnych do\u015bwiadcze\u0144, kt\u00f3re zwi\u0119kszaj\u0105 satysfakcj\u0119 i lojalno\u015b\u0107 klient\u00f3w, poprawiaj\u0105 wska\u017aniki konwersji i ostatecznie zwi\u0119kszaj\u0105 sprzeda\u017c. Poprzez systematyczne tworzenie i regularne aktualizowanie Personas klient\u00f3w, firmy mog\u0105 zapewni\u0107, \u017ce zawsze reaguj\u0105 na zmieniaj\u0105ce si\u0119 potrzeby i oczekiwania swojej grupy docelowej.<\/p>\n","protected":false},"excerpt":{"rendered":"<p>Serce skierowanej strategii marketingowej Customer Persona, zwana r\u00f3wnie\u017c Persona kupuj\u0105cego, to p\u00f3\u0142fikcyjny profil oparty na rzeczywistych danych i uzasadnionych za\u0142o\u017ceniach dotycz\u0105cych potencjalnych klient\u00f3w. Ten szczeg\u00f3\u0142owy obraz reprezentuje grup\u0119 klient\u00f3w, kt\u00f3rzy dziel\u0105 podobne zachowania, cele, motywacje i wyzwania. Tworzenie i korzystanie<\/p>\n","protected":false},"author":2332,"featured_media":4935,"parent":4979,"menu_order":0,"comment_status":"closed","ping_status":"closed","template":"","meta":{"_seopress_robots_primary_cat":"","_seopress_titles_title":"Sekret sukcesu Customer Persona: Doskona\u0142e zwracanie si\u0119 do grup docelowych %%sep%% %%sitetitle%% t\u0142umaczenie na polski","_seopress_titles_desc":"Zoptymalizuj swoj\u0105 strategi\u0119 marketingow\u0105 za pomoc\u0105 szczeg\u00f3\u0142owej persony klienta. Dowiedz si\u0119, jak rozpoznawa\u0107 potrzeby klient\u00f3w i skierowa\u0107 do nich swoje dzia\u0142ania.","_seopress_robots_index":"","_crdt_document":"","_uag_custom_page_level_css":"","spectra_gs_classes":"","footnotes":""},"class_list":["post-4939","page","type-page","status-publish","has-post-thumbnail","hentry"],"spectra_custom_meta":{"_top_nav_excluded":[""],"_cms_nav_minihome":[""],"_thumbnail_id":["4935"],"_wp_page_template":[""],"_wpml_word_count":["{\"total\":682,\"to_translate\":{\"en\":682,\"de\":682}}"],"_last_translation_edit_mode":["translation-editor"],"_seopress_titles_title":["Sekret sukcesu Customer Persona: Doskona\u0142e zwracanie si\u0119 do grup docelowych %%sep%% %%sitetitle%% t\u0142umaczenie na polski"],"_seopress_titles_desc":["Zoptymalizuj swoj\u0105 strategi\u0119 marketingow\u0105 za pomoc\u0105 szczeg\u00f3\u0142owej persony klienta. Dowiedz si\u0119, jak rozpoznawa\u0107 potrzeby klient\u00f3w i skierowa\u0107 do nich swoje dzia\u0142ania."],"_seopress_redirections_logged_status":["oba"],"_seopress_redirections_type":["301"],"_uagb_previous_block_counts":["a:90:{s:21:\"uagb\/advanced-heading\";i:0;s:15:\"uagb\/blockquote\";i:0;s:12:\"uagb\/buttons\";i:0;s:18:\"uagb\/buttons-child\";i:0;s:19:\"uagb\/call-to-action\";i:0;s:15:\"uagb\/cf7-styler\";i:0;s:11:\"uagb\/column\";i:0;s:12:\"uagb\/columns\";i:0;s:14:\"uagb\/container\";i:0;s:21:\"uagb\/content-timeline\";i:0;s:27:\"uagb\/content-timeline-child\";i:0;s:14:\"uagb\/countdown\";i:0;s:12:\"uagb\/counter\";i:0;s:8:\"uagb\/faq\";i:0;s:14:\"uagb\/faq-child\";i:0;s:10:\"uagb\/forms\";i:0;s:17:\"uagb\/forms-accept\";i:0;s:19:\"uagb\/forms-checkbox\";i:0;s:15:\"uagb\/forms-date\";i:0;s:16:\"uagb\/forms-email\";i:0;s:17:\"uagb\/forms-hidden\";i:0;s:15:\"uagb\/forms-name\";i:0;s:16:\"uagb\/forms-phone\";i:0;s:16:\"uagb\/forms-radio\";i:0;s:17:\"uagb\/forms-select\";i:0;s:19:\"uagb\/forms-textarea\";i:0;s:17:\"uagb\/forms-toggle\";i:0;s:14:\"uagb\/forms-url\";i:0;s:14:\"uagb\/gf-styler\";i:0;s:15:\"uagb\/google-map\";i:0;s:11:\"uagb\/how-to\";i:0;s:16:\"uagb\/how-to-step\";i:0;s:9:\"uagb\/icon\";i:0;s:14:\"uagb\/icon-list\";i:0;s:20:\"uagb\/icon-list-child\";i:0;s:10:\"uagb\/image\";i:0;s:18:\"uagb\/image-gallery\";i:0;s:13:\"uagb\/info-box\";i:0;s:18:\"uagb\/inline-notice\";i:0;s:11:\"uagb\/lottie\";i:0;s:21:\"uagb\/marketing-button\";i:0;s:10:\"uagb\/modal\";i:0;s:18:\"uagb\/popup-builder\";i:0;s:16:\"uagb\/post-button\";i:0;s:18:\"uagb\/post-carousel\";i:0;s:17:\"uagb\/post-excerpt\";i:0;s:14:\"uagb\/post-grid\";i:0;s:15:\"uagb\/post-image\";i:0;s:17:\"uagb\/post-masonry\";i:0;s:14:\"uagb\/post-meta\";i:0;s:18:\"uagb\/post-taxonomy\";i:0;s:18:\"uagb\/post-timeline\";i:0;s:15:\"uagb\/post-title\";i:0;s:20:\"uagb\/restaurant-menu\";i:0;s:26:\"uagb\/restaurant-menu-child\";i:0;s:11:\"uagb\/review\";i:0;s:12:\"uagb\/section\";i:0;s:14:\"uagb\/separator\";i:0;s:11:\"uagb\/slider\";i:0;s:17:\"uagb\/slider-child\";i:0;s:17:\"uagb\/social-share\";i:0;s:23:\"uagb\/social-share-child\";i:0;s:16:\"uagb\/star-rating\";i:0;s:23:\"uagb\/sure-cart-checkout\";i:0;s:22:\"uagb\/sure-cart-product\";i:0;s:15:\"uagb\/sure-forms\";i:0;s:22:\"uagb\/table-of-contents\";i:0;s:9:\"uagb\/tabs\";i:0;s:15:\"uagb\/tabs-child\";i:0;s:18:\"uagb\/taxonomy-list\";i:0;s:9:\"uagb\/team\";i:0;s:16:\"uagb\/testimonial\";i:0;s:14:\"uagb\/wp-search\";i:0;s:19:\"uagb\/instagram-feed\";i:0;s:10:\"uagb\/login\";i:0;s:17:\"uagb\/loop-builder\";i:0;s:18:\"uagb\/loop-category\";i:0;s:20:\"uagb\/loop-pagination\";i:0;s:15:\"uagb\/loop-reset\";i:0;s:16:\"uagb\/loop-search\";i:0;s:14:\"uagb\/loop-sort\";i:0;s:17:\"uagb\/loop-wrapper\";i:0;s:13:\"uagb\/register\";i:0;s:19:\"uagb\/register-email\";i:0;s:24:\"uagb\/register-first-name\";i:0;s:23:\"uagb\/register-last-name\";i:0;s:22:\"uagb\/register-password\";i:0;s:30:\"uagb\/register-reenter-password\";i:0;s:19:\"uagb\/register-terms\";i:0;s:22:\"uagb\/register-username\";i:0;}"],"_uag_page_assets":["a:9:{s:3:\"css\";s:263:\".uag-blocks-common-selector{z-index:var(--z-index-desktop) !important}@media (max-width: 976px){.uag-blocks-common-selector{z-index:var(--z-index-tablet) !important}}@media (max-width: 767px){.uag-blocks-common-selector{z-index:var(--z-index-mobile) !important}}\n\";s:2:\"js\";s:0:\"\";s:18:\"current_block_list\";a:5:{i:0;s:10:\"core\/image\";i:1;s:12:\"core\/heading\";i:2;s:14:\"core\/paragraph\";i:3;s:9:\"core\/list\";i:4;s:14:\"core\/list-item\";}s:8:\"uag_flag\";b:0;s:11:\"uag_version\";s:10:\"1775815218\";s:6:\"gfonts\";a:0:{}s:10:\"gfonts_url\";s:0:\"\";s:12:\"gfonts_files\";a:0:{}s:14:\"uag_faq_layout\";b:0;}"],"_uag_css_file_name":["uag-css-4939.css"]},"uagb_featured_image_src":{"full":["https:\/\/dlx-media.com\/wp-content\/uploads\/customer-personas.jpeg",1792,1024,false],"thumbnail":["https:\/\/dlx-media.com\/wp-content\/uploads\/customer-personas-250x250.jpeg",250,250,true],"medium":["https:\/\/dlx-media.com\/wp-content\/uploads\/customer-personas-350x200.jpeg",350,200,true],"medium_large":["https:\/\/dlx-media.com\/wp-content\/uploads\/customer-personas-768x439.jpeg",768,439,true],"large":["https:\/\/dlx-media.com\/wp-content\/uploads\/customer-personas-1024x585.jpeg",1024,585,true],"1536x1536":["https:\/\/dlx-media.com\/wp-content\/uploads\/customer-personas-1536x878.jpeg",1536,878,true],"2048x2048":["https:\/\/dlx-media.com\/wp-content\/uploads\/customer-personas.jpeg",1792,1024,false],"suffice-thumbnail-grid":["https:\/\/dlx-media.com\/wp-content\/uploads\/customer-personas-750x420.jpeg",750,420,true],"suffice-thumbnail-featured-one":["https:\/\/dlx-media.com\/wp-content\/uploads\/customer-personas-295x525.jpeg",295,525,true],"suffice-thumbnail-featured-two":["https:\/\/dlx-media.com\/wp-content\/uploads\/customer-personas-1140x504.jpeg",1140,504,true],"suffice-thumbnail-portfolio":["https:\/\/dlx-media.com\/wp-content\/uploads\/customer-personas-572x552.jpeg",572,552,true],"suffice-thumbnail-portfolio-masonry":["https:\/\/dlx-media.com\/wp-content\/uploads\/customer-personas-572x652.jpeg",572,652,true]},"uagb_author_info":{"display_name":"DLxMedia","author_link":"https:\/\/dlx-media.com\/pl"},"uagb_comment_info":0,"uagb_excerpt":"Serce skierowanej strategii marketingowej Customer Persona, zwana r\u00f3wnie\u017c Persona kupuj\u0105cego, to p\u00f3\u0142fikcyjny profil oparty na rzeczywistych danych i uzasadnionych za\u0142o\u017ceniach dotycz\u0105cych potencjalnych klient\u00f3w. Ten szczeg\u00f3\u0142owy obraz reprezentuje grup\u0119 klient\u00f3w, kt\u00f3rzy dziel\u0105 podobne zachowania, cele, motywacje i wyzwania. Tworzenie i korzystanie","_links":{"self":[{"href":"https:\/\/dlx-media.com\/pl\/wp-json\/wp\/v2\/pages\/4939","targetHints":{"allow":["GET"]}}],"collection":[{"href":"https:\/\/dlx-media.com\/pl\/wp-json\/wp\/v2\/pages"}],"about":[{"href":"https:\/\/dlx-media.com\/pl\/wp-json\/wp\/v2\/types\/page"}],"author":[{"embeddable":true,"href":"https:\/\/dlx-media.com\/pl\/wp-json\/wp\/v2\/users\/2332"}],"replies":[{"embeddable":true,"href":"https:\/\/dlx-media.com\/pl\/wp-json\/wp\/v2\/comments?post=4939"}],"version-history":[{"count":2,"href":"https:\/\/dlx-media.com\/pl\/wp-json\/wp\/v2\/pages\/4939\/revisions"}],"predecessor-version":[{"id":5263,"href":"https:\/\/dlx-media.com\/pl\/wp-json\/wp\/v2\/pages\/4939\/revisions\/5263"}],"up":[{"embeddable":true,"href":"https:\/\/dlx-media.com\/pl\/wp-json\/wp\/v2\/pages\/4979"}],"wp:featuredmedia":[{"embeddable":true,"href":"https:\/\/dlx-media.com\/pl\/wp-json\/wp\/v2\/media\/4935"}],"wp:attachment":[{"href":"https:\/\/dlx-media.com\/pl\/wp-json\/wp\/v2\/media?parent=4939"}],"curies":[{"name":"wp","href":"https:\/\/api.w.org\/{rel}","templated":true}]}}