{"id":4928,"date":"2024-05-26T13:37:08","date_gmt":"2024-05-26T11:37:08","guid":{"rendered":"https:\/\/dlx-media.com\/slowniczek\/podroz-klienta\/"},"modified":"2024-07-14T13:50:54","modified_gmt":"2024-07-14T11:50:54","slug":"podroz-klienta","status":"publish","type":"page","link":"https:\/\/dlx-media.com\/pl\/slowniczek\/podroz-klienta\/","title":{"rendered":"Podr\u00f3\u017c klienta"},"content":{"rendered":"<div class=\"wp-block-image\">\n<figure data-spectra-id=\"spectra-61e741b0-7904-4b06-9fa0-1f0cf49f184a\" class=\"aligncenter size-full\"><img loading=\"lazy\" decoding=\"async\" width=\"1792\" height=\"1024\" src=\"https:\/\/dlx-media.com\/file\/Customer-Journey.jpeg\" alt=\"Podr&#xF3;&#x17C; klienta\" class=\"wp-image-4922\" srcset=\"https:\/\/dlx-media.com\/wp-content\/uploads\/Customer-Journey.jpeg 1792w, https:\/\/dlx-media.com\/wp-content\/uploads\/Customer-Journey-350x200.jpeg 350w, https:\/\/dlx-media.com\/wp-content\/uploads\/Customer-Journey-1024x585.jpeg 1024w, https:\/\/dlx-media.com\/wp-content\/uploads\/Customer-Journey-768x439.jpeg 768w, https:\/\/dlx-media.com\/wp-content\/uploads\/Customer-Journey-1536x878.jpeg 1536w\" sizes=\"auto, (max-width: 1792px) 100vw, 1792px\" \/><\/figure>\n<\/div>\n<h3 class=\"wp-block-heading\">Podr\u00f3\u017c klienta i jego do\u015bwiadczenie u\u017cytkownika<\/h3>\n\n<p class=\"wp-block-paragraph\">Podr\u00f3\u017c klienta to podstawowa koncepcja w marketingu internetowym, kt\u00f3ra opisuje \u015bcie\u017ck\u0119 klienta przez r\u00f3\u017cne punkty styku z firm\u0105 lub mark\u0105. \u015acie\u017cka ta zazwyczaj zaczyna si\u0119 od problemu lub potrzeby, kt\u00f3ra nast\u0119pnie tworzy potrzeb\u0119 i dzi\u0119ki kt\u00f3rej klient dowiaduje si\u0119 o produkcie lub us\u0142udze i prowadzi przez kilka etap\u00f3w do zakupu i dalej. Dobrze przemy\u015blana podr\u00f3\u017c klienta ma kluczowe znaczenie dla sukcesu firmy, poniewa\u017c pomaga lepiej zrozumie\u0107 zachowania i potrzeby klient\u00f3w oraz reagowa\u0107 na nie w ukierunkowany spos\u00f3b.<\/p>\n\n<h4 class=\"wp-block-heading\">Etapy podr\u00f3\u017cy klienta<\/h4>\n\n<p class=\"wp-block-paragraph\">Podr\u00f3\u017c klienta mo\u017cna podzieli\u0107 na kilka etap\u00f3w, z kt\u00f3rych ka\u017cdy podkre\u015bla r\u00f3\u017cne aspekty interakcji z klientem. Ka\u017cda faza odgrywa decyduj\u0105c\u0105 rol\u0119 w ca\u0142ym procesie:<\/p>\n\n<ol class=\"wp-block-list\">\n<li><strong>Etap \u015bwiadomo\u015bci<\/strong>:\n<ul class=\"wp-block-list\">\n<li><strong>Definicja<\/strong>: W tej pierwszej fazie potencjalny klient dowiaduje si\u0119 o produkcie lub us\u0142udze. Mo\u017cna to zrobi\u0107 za pomoc\u0105 r\u00f3\u017cnych \u015brodk\u00f3w marketingowych, takich jak kampanie w mediach spo\u0142eczno\u015bciowych, SEO, marketing tre\u015bci lub p\u0142atne reklamy.<\/li>\n\n\n\n<li><strong>Cel<\/strong>: G\u0142\u00f3wnym celem tej fazy jest wzbudzenie zainteresowania klienta i sk\u0142onienie go do bli\u017cszego przyjrzenia si\u0119 ofercie.<\/li>\n<\/ul>\n<\/li>\n\n\n\n<li><strong>Etap rozpatrywania<\/strong>:\n<ul class=\"wp-block-list\">\n<li><strong>Definicja<\/strong>: W fazie rozwa\u017cania klient wybra\u0142 produkt lub us\u0142ug\u0119 z kr\u00f3tkiej listy i teraz szuka dalszych informacji, aby podj\u0105\u0107 \u015bwiadom\u0105 decyzj\u0119 o zakupie.<\/li>\n\n\n\n<li><strong>Cel<\/strong>: Tutaj wa\u017cne jest dostarczenie przekonuj\u0105cych i szczeg\u00f3\u0142owych informacji, kt\u00f3re pomog\u0105 klientowi zrozumie\u0107 zalety i korzy\u015bci p\u0142yn\u0105ce z oferty. Mo\u017cna to zrobi\u0107 za pomoc\u0105 opis\u00f3w produkt\u00f3w, recenzji klient\u00f3w, tabel por\u00f3wnawczych i opinii ekspert\u00f3w.<\/li>\n<\/ul>\n<\/li>\n\n\n\n<li><strong>Etap konwersji (faza konwersji)<\/strong>:\n<ul class=\"wp-block-list\">\n<li><strong>Definicja<\/strong>: W tej fazie klient podejmuje decyzj\u0119 o zakupie produktu lub wykonaniu innego po\u017c\u0105danego dzia\u0142ania, takiego jak zapisanie si\u0119 do newslettera lub skorzystanie z us\u0142ugi.<\/li>\n\n\n\n<li><strong>Cel<\/strong>: Skupiamy si\u0119 na tym, aby proces zakupu by\u0142 jak najprostszy i jak najbardziej p\u0142ynny, aby zmaksymalizowa\u0107 wsp\u00f3\u0142czynnik konwersji. Mo\u017cna to osi\u0105gn\u0105\u0107 dzi\u0119ki jasnym wezwaniom do dzia\u0142ania, intuicyjnemu interfejsowi u\u017cytkownika i bezpiecznym metodom p\u0142atno\u015bci.<\/li>\n<\/ul>\n<\/li>\n\n\n\n<li><strong>Etap retencji (faza wi\u0105zania)<\/strong>:\n<ul class=\"wp-block-list\">\n<li><strong>Definicja<\/strong>: Po dokonaniu zakupu rozpoczyna si\u0119 faza lojalno\u015bciowa, w kt\u00f3rej firma pracuje nad utrzymaniem klienta poprzez doskona\u0142\u0105 obs\u0142ug\u0119 klienta, regularn\u0105 komunikacj\u0119 i dodatkowe oferty.<\/li>\n\n\n\n<li><strong>Cel<\/strong>: Celem jest zwi\u0119kszenie satysfakcji klienta i zwi\u0119kszenie prawdopodobie\u0144stwa, \u017ce klient kupi ponownie lub poleci mark\u0119 innym.<\/li>\n<\/ul>\n<\/li>\n\n\n\n<li><strong>Etap rzecznictwa<\/strong>:\n<ul class=\"wp-block-list\">\n<li><strong>Definicja<\/strong>: W tej ostatniej fazie klient staje si\u0119 rzecznikiem marki i aktywnie poleca j\u0105 innym, czy to poprzez osobiste rekomendacje, media spo\u0142eczno\u015bciowe czy recenzje.<\/li>\n\n\n\n<li><strong>Cel<\/strong>: Ten etap ma na celu nagrodzenie i wzmocnienie lojalno\u015bci i zaufania klienta poprzez zaoferowanie mu ekskluzywnych korzy\u015bci lub uznania.<\/li>\n<\/ul>\n<\/li>\n<\/ol>\n\n<h4 class=\"wp-block-heading\">Kluczowe elementy podr\u00f3\u017cy klienta<\/h4>\n\n<p class=\"wp-block-paragraph\"><strong>Punkty styku<\/strong>:<\/p>\n\n<ul class=\"wp-block-list\">\n<li>S\u0105 to r\u00f3\u017cne punkty kontaktu, w kt\u00f3rych klient wchodzi w interakcj\u0119 z firm\u0105. Obejmuje to stron\u0119 internetow\u0105 firmy, media spo\u0142eczno\u015bciowe, kampanie e-mailowe, interakcje w sklepie i kontakty z obs\u0142ug\u0105 klienta. Ka\u017cdy z tych punkt\u00f3w styku odgrywa wa\u017cn\u0105 rol\u0119 w prowadzeniu klienta przez r\u00f3\u017cne etapy jego podr\u00f3\u017cy.<\/li>\n<\/ul>\n\n<p class=\"wp-block-paragraph\"><strong>Mapa podr\u00f3\u017cy klienta<\/strong>:<\/p>\n\n<ul class=\"wp-block-list\">\n<li>Mapa podr\u00f3\u017cy klienta to wizualna reprezentacja ca\u0142ego procesu, przez kt\u00f3ry przechodzi klient, aby osi\u0105gn\u0105\u0107 okre\u015blony cel. Pokazuje wszystkie punkty styku i fazy podr\u00f3\u017cy klienta oraz pomaga firmom lepiej zrozumie\u0107 i poprawi\u0107 do\u015bwiadczenia i potrzeby klient\u00f3w.<\/li>\n<\/ul>\n\n<p class=\"wp-block-paragraph\"><strong>Marketing wielokana\u0142owy<\/strong>:<\/p>\n\n<ul class=\"wp-block-list\">\n<li>Marketing wielokana\u0142owy to podej\u015bcie, kt\u00f3re ma na celu zapewnienie p\u0142ynnej obs\u0142ugi klienta we wszystkich kana\u0142ach, zar\u00f3wno online, jak i offline. Gwarantuje to, \u017ce klient ma sp\u00f3jne i pozytywne do\u015bwiadczenia niezale\u017cnie od u\u017cywanego kana\u0142u.<\/li>\n<\/ul>\n\n<p class=\"wp-block-paragraph\"><strong>Personalizacja<\/strong>:<\/p>\n\n<ul class=\"wp-block-list\">\n<li>Personalizacja oznacza dostosowanie tre\u015bci i do\u015bwiadcze\u0144 do konkretnych potrzeb i preferencji poszczeg\u00f3lnych klient\u00f3w. Jest to cz\u0119sto oparte na danych zebranych podczas podr\u00f3\u017cy klienta. Spersonalizowane podej\u015bcie i oferty mog\u0105 wzmocni\u0107 lojalno\u015b\u0107 klient\u00f3w i zwi\u0119kszy\u0107 wsp\u00f3\u0142czynnik konwersji.<\/li>\n<\/ul>\n\n<h4 class=\"wp-block-heading\">Znaczenie analizy i optymalizacji podr\u00f3\u017cy klienta<\/h4>\n\n<p class=\"wp-block-paragraph\">Ci\u0105g\u0142a analiza i optymalizacja podr\u00f3\u017cy klienta jest niezb\u0119dna w celu poprawy do\u015bwiadczenia klienta i zwi\u0119kszenia skuteczno\u015bci strategii marketingowych. Gromadz\u0105c i analizuj\u0105c dane u\u017cytkownik\u00f3w, firmy mog\u0105 uzyska\u0107 cenne informacje, kt\u00f3re pozwol\u0105 im dostosowa\u0107 i ulepszy\u0107 swoje strategie.<\/p>\n\n<p class=\"wp-block-paragraph\"><strong>Analiza danych<\/strong>:<\/p>\n\n<ul class=\"wp-block-list\">\n<li>Z pomoc\u0105 narz\u0119dzi takich jak Google Analytics lub specjalne oprogramowanie do mapowania podr\u00f3\u017cy klienta, firmy mog\u0105 szczeg\u00f3\u0142owo \u015bledzi\u0107 zachowania i interakcje swoich klient\u00f3w. Dane te pomagaj\u0105 zidentyfikowa\u0107 s\u0142abe punkty i opracowa\u0107 ukierunkowane dzia\u0142ania w celu poprawy podr\u00f3\u017cy klienta.<\/li>\n<\/ul>\n\n<p class=\"wp-block-paragraph\"><strong>Uzyskanie informacji zwrotnej<\/strong>:<\/p>\n\n<ul class=\"wp-block-list\">\n<li>Informacje zwrotne od klient\u00f3w s\u0105 wa\u017cnym \u017ar\u00f3d\u0142em wgl\u0105du w podr\u00f3\u017c klienta. Bezpo\u015brednie informacje zwrotne od klient\u00f3w mog\u0105 pom\u00f3c zidentyfikowa\u0107 problemy i potencja\u0142 poprawy oraz wprowadzi\u0107 odpowiednie korekty.<\/li>\n<\/ul>\n\n<p class=\"wp-block-paragraph\"><strong>Testy A\/B<\/strong>:<\/p>\n\n<ul class=\"wp-block-list\">\n<li>Testy A\/B mog\u0105 by\u0107 wykorzystywane do testowania r\u00f3\u017cnych wersji stron, wezwa\u0144 do dzia\u0142ania i ofert, aby dowiedzie\u0107 si\u0119, kt\u00f3ry wariant zapewnia najlepsze wyniki. Umo\u017cliwia to podejmowanie decyzji opartych na danych i ci\u0105g\u0142\u0105 optymalizacj\u0119 podr\u00f3\u017cy klienta.<\/li>\n<\/ul>\n\n<h4 class=\"wp-block-heading\">Wnioski<\/h4>\n\n<p class=\"wp-block-paragraph\">Podr\u00f3\u017c klienta to z\u0142o\u017cony i dynamiczny proces, kt\u00f3ry wymaga starannego planowania i ci\u0105g\u0142ej optymalizacji. Rozumiej\u0105c i specjalnie organizuj\u0105c r\u00f3\u017cne fazy i punkty styku, firmy mog\u0105 nie tylko zwi\u0119kszy\u0107 zadowolenie klient\u00f3w, ale tak\u017ce zwi\u0119kszy\u0107 wsp\u00f3\u0142czynniki konwersji i budowa\u0107 d\u0142ugoterminowe relacje z klientami. Dobrze przemy\u015blana podr\u00f3\u017c klienta jest zatem niezb\u0119dnym elementem udanej strategii marketingowej i znacz\u0105co przyczynia si\u0119 do trwa\u0142ego sukcesu firmy.<\/p>\n","protected":false},"excerpt":{"rendered":"<p>Podr\u00f3\u017c klienta i jego do\u015bwiadczenie u\u017cytkownika Podr\u00f3\u017c klienta to podstawowa koncepcja w marketingu internetowym, kt\u00f3ra opisuje \u015bcie\u017ck\u0119 klienta przez r\u00f3\u017cne punkty styku z firm\u0105 lub mark\u0105. \u015acie\u017cka ta zazwyczaj zaczyna si\u0119 od problemu lub potrzeby, kt\u00f3ra nast\u0119pnie tworzy potrzeb\u0119 i<\/p>\n","protected":false},"author":2332,"featured_media":4924,"parent":4979,"menu_order":0,"comment_status":"closed","ping_status":"closed","template":"","meta":{"_seopress_robots_primary_cat":"","_seopress_titles_title":"Zoptymalizuj podr\u00f3\u017c klienta, aby osi\u0105gn\u0105\u0107 wi\u0119kszy sukces %%sitetitle%%","_seopress_titles_desc":"Odkryj, jak strategicznie przemy\u015blana podr\u00f3\u017c klienta mo\u017ce zwi\u0119kszy\u0107 sukces Twojej firmy, od \u015bwiadomo\u015bci po wsparcie.","_seopress_robots_index":"","_crdt_document":"","_uag_custom_page_level_css":"","spectra_gs_classes":"","footnotes":""},"class_list":["post-4928","page","type-page","status-publish","has-post-thumbnail","hentry"],"spectra_custom_meta":{"_top_nav_excluded":[""],"_cms_nav_minihome":[""],"_thumbnail_id":["4924"],"_wp_page_template":[""],"_wpml_word_count":["{\"total\":783,\"to_translate\":{\"en\":783,\"de\":783}}"],"_last_translation_edit_mode":["translation-editor"],"_seopress_titles_title":["Zoptymalizuj podr\u00f3\u017c klienta, aby osi\u0105gn\u0105\u0107 wi\u0119kszy sukces %%sitetitle%%"],"_seopress_titles_desc":["Odkryj, jak strategicznie przemy\u015blana podr\u00f3\u017c klienta mo\u017ce zwi\u0119kszy\u0107 sukces Twojej firmy, od \u015bwiadomo\u015bci po wsparcie."],"_seopress_redirections_logged_status":["oba"],"_seopress_redirections_type":["301"],"_uagb_previous_block_counts":["a:90:{s:21:\"uagb\/advanced-heading\";i:0;s:15:\"uagb\/blockquote\";i:0;s:12:\"uagb\/buttons\";i:0;s:18:\"uagb\/buttons-child\";i:0;s:19:\"uagb\/call-to-action\";i:0;s:15:\"uagb\/cf7-styler\";i:0;s:11:\"uagb\/column\";i:0;s:12:\"uagb\/columns\";i:0;s:14:\"uagb\/container\";i:0;s:21:\"uagb\/content-timeline\";i:0;s:27:\"uagb\/content-timeline-child\";i:0;s:14:\"uagb\/countdown\";i:0;s:12:\"uagb\/counter\";i:0;s:8:\"uagb\/faq\";i:0;s:14:\"uagb\/faq-child\";i:0;s:10:\"uagb\/forms\";i:0;s:17:\"uagb\/forms-accept\";i:0;s:19:\"uagb\/forms-checkbox\";i:0;s:15:\"uagb\/forms-date\";i:0;s:16:\"uagb\/forms-email\";i:0;s:17:\"uagb\/forms-hidden\";i:0;s:15:\"uagb\/forms-name\";i:0;s:16:\"uagb\/forms-phone\";i:0;s:16:\"uagb\/forms-radio\";i:0;s:17:\"uagb\/forms-select\";i:0;s:19:\"uagb\/forms-textarea\";i:0;s:17:\"uagb\/forms-toggle\";i:0;s:14:\"uagb\/forms-url\";i:0;s:14:\"uagb\/gf-styler\";i:0;s:15:\"uagb\/google-map\";i:0;s:11:\"uagb\/how-to\";i:0;s:16:\"uagb\/how-to-step\";i:0;s:9:\"uagb\/icon\";i:0;s:14:\"uagb\/icon-list\";i:0;s:20:\"uagb\/icon-list-child\";i:0;s:10:\"uagb\/image\";i:0;s:18:\"uagb\/image-gallery\";i:0;s:13:\"uagb\/info-box\";i:0;s:18:\"uagb\/inline-notice\";i:0;s:11:\"uagb\/lottie\";i:0;s:21:\"uagb\/marketing-button\";i:0;s:10:\"uagb\/modal\";i:0;s:18:\"uagb\/popup-builder\";i:0;s:16:\"uagb\/post-button\";i:0;s:18:\"uagb\/post-carousel\";i:0;s:17:\"uagb\/post-excerpt\";i:0;s:14:\"uagb\/post-grid\";i:0;s:15:\"uagb\/post-image\";i:0;s:17:\"uagb\/post-masonry\";i:0;s:14:\"uagb\/post-meta\";i:0;s:18:\"uagb\/post-taxonomy\";i:0;s:18:\"uagb\/post-timeline\";i:0;s:15:\"uagb\/post-title\";i:0;s:20:\"uagb\/restaurant-menu\";i:0;s:26:\"uagb\/restaurant-menu-child\";i:0;s:11:\"uagb\/review\";i:0;s:12:\"uagb\/section\";i:0;s:14:\"uagb\/separator\";i:0;s:11:\"uagb\/slider\";i:0;s:17:\"uagb\/slider-child\";i:0;s:17:\"uagb\/social-share\";i:0;s:23:\"uagb\/social-share-child\";i:0;s:16:\"uagb\/star-rating\";i:0;s:23:\"uagb\/sure-cart-checkout\";i:0;s:22:\"uagb\/sure-cart-product\";i:0;s:15:\"uagb\/sure-forms\";i:0;s:22:\"uagb\/table-of-contents\";i:0;s:9:\"uagb\/tabs\";i:0;s:15:\"uagb\/tabs-child\";i:0;s:18:\"uagb\/taxonomy-list\";i:0;s:9:\"uagb\/team\";i:0;s:16:\"uagb\/testimonial\";i:0;s:14:\"uagb\/wp-search\";i:0;s:19:\"uagb\/instagram-feed\";i:0;s:10:\"uagb\/login\";i:0;s:17:\"uagb\/loop-builder\";i:0;s:18:\"uagb\/loop-category\";i:0;s:20:\"uagb\/loop-pagination\";i:0;s:15:\"uagb\/loop-reset\";i:0;s:16:\"uagb\/loop-search\";i:0;s:14:\"uagb\/loop-sort\";i:0;s:17:\"uagb\/loop-wrapper\";i:0;s:13:\"uagb\/register\";i:0;s:19:\"uagb\/register-email\";i:0;s:24:\"uagb\/register-first-name\";i:0;s:23:\"uagb\/register-last-name\";i:0;s:22:\"uagb\/register-password\";i:0;s:30:\"uagb\/register-reenter-password\";i:0;s:19:\"uagb\/register-terms\";i:0;s:22:\"uagb\/register-username\";i:0;}"],"_uag_page_assets":["a:9:{s:3:\"css\";s:263:\".uag-blocks-common-selector{z-index:var(--z-index-desktop) !important}@media (max-width: 976px){.uag-blocks-common-selector{z-index:var(--z-index-tablet) !important}}@media (max-width: 767px){.uag-blocks-common-selector{z-index:var(--z-index-mobile) !important}}\n\";s:2:\"js\";s:0:\"\";s:18:\"current_block_list\";a:5:{i:0;s:10:\"core\/image\";i:1;s:12:\"core\/heading\";i:2;s:14:\"core\/paragraph\";i:3;s:9:\"core\/list\";i:4;s:14:\"core\/list-item\";}s:8:\"uag_flag\";b:0;s:11:\"uag_version\";s:10:\"1776768691\";s:6:\"gfonts\";a:0:{}s:10:\"gfonts_url\";s:0:\"\";s:12:\"gfonts_files\";a:0:{}s:14:\"uag_faq_layout\";b:0;}"],"_uag_css_file_name":["uag-css-4928.css"]},"uagb_featured_image_src":{"full":["https:\/\/dlx-media.com\/wp-content\/uploads\/Customer-Journey.jpeg",1792,1024,false],"thumbnail":["https:\/\/dlx-media.com\/wp-content\/uploads\/Customer-Journey-250x250.jpeg",250,250,true],"medium":["https:\/\/dlx-media.com\/wp-content\/uploads\/Customer-Journey-350x200.jpeg",350,200,true],"medium_large":["https:\/\/dlx-media.com\/wp-content\/uploads\/Customer-Journey-768x439.jpeg",768,439,true],"large":["https:\/\/dlx-media.com\/wp-content\/uploads\/Customer-Journey-1024x585.jpeg",1024,585,true],"1536x1536":["https:\/\/dlx-media.com\/wp-content\/uploads\/Customer-Journey-1536x878.jpeg",1536,878,true],"2048x2048":["https:\/\/dlx-media.com\/wp-content\/uploads\/Customer-Journey.jpeg",1792,1024,false],"suffice-thumbnail-grid":["https:\/\/dlx-media.com\/wp-content\/uploads\/Customer-Journey-750x420.jpeg",750,420,true],"suffice-thumbnail-featured-one":["https:\/\/dlx-media.com\/wp-content\/uploads\/Customer-Journey-295x525.jpeg",295,525,true],"suffice-thumbnail-featured-two":["https:\/\/dlx-media.com\/wp-content\/uploads\/Customer-Journey-1140x504.jpeg",1140,504,true],"suffice-thumbnail-portfolio":["https:\/\/dlx-media.com\/wp-content\/uploads\/Customer-Journey-572x552.jpeg",572,552,true],"suffice-thumbnail-portfolio-masonry":["https:\/\/dlx-media.com\/wp-content\/uploads\/Customer-Journey-572x652.jpeg",572,652,true]},"uagb_author_info":{"display_name":"DLxMedia","author_link":"https:\/\/dlx-media.com\/pl"},"uagb_comment_info":0,"uagb_excerpt":"Podr\u00f3\u017c klienta i jego do\u015bwiadczenie u\u017cytkownika Podr\u00f3\u017c klienta to podstawowa koncepcja w marketingu internetowym, kt\u00f3ra opisuje \u015bcie\u017ck\u0119 klienta przez r\u00f3\u017cne punkty styku z firm\u0105 lub mark\u0105. \u015acie\u017cka ta zazwyczaj zaczyna si\u0119 od problemu lub potrzeby, kt\u00f3ra nast\u0119pnie tworzy potrzeb\u0119 i","_links":{"self":[{"href":"https:\/\/dlx-media.com\/pl\/wp-json\/wp\/v2\/pages\/4928","targetHints":{"allow":["GET"]}}],"collection":[{"href":"https:\/\/dlx-media.com\/pl\/wp-json\/wp\/v2\/pages"}],"about":[{"href":"https:\/\/dlx-media.com\/pl\/wp-json\/wp\/v2\/types\/page"}],"author":[{"embeddable":true,"href":"https:\/\/dlx-media.com\/pl\/wp-json\/wp\/v2\/users\/2332"}],"replies":[{"embeddable":true,"href":"https:\/\/dlx-media.com\/pl\/wp-json\/wp\/v2\/comments?post=4928"}],"version-history":[{"count":2,"href":"https:\/\/dlx-media.com\/pl\/wp-json\/wp\/v2\/pages\/4928\/revisions"}],"predecessor-version":[{"id":5275,"href":"https:\/\/dlx-media.com\/pl\/wp-json\/wp\/v2\/pages\/4928\/revisions\/5275"}],"up":[{"embeddable":true,"href":"https:\/\/dlx-media.com\/pl\/wp-json\/wp\/v2\/pages\/4979"}],"wp:featuredmedia":[{"embeddable":true,"href":"https:\/\/dlx-media.com\/pl\/wp-json\/wp\/v2\/media\/4924"}],"wp:attachment":[{"href":"https:\/\/dlx-media.com\/pl\/wp-json\/wp\/v2\/media?parent=4928"}],"curies":[{"name":"wp","href":"https:\/\/api.w.org\/{rel}","templated":true}]}}