{"id":4880,"date":"2024-05-23T20:37:53","date_gmt":"2024-05-23T18:37:53","guid":{"rendered":"https:\/\/dlx-media.com\/slowniczek\/core-web-vitals\/"},"modified":"2024-07-14T13:50:53","modified_gmt":"2024-07-14T11:50:53","slug":"core-web-vitals","status":"publish","type":"page","link":"https:\/\/dlx-media.com\/pl\/slowniczek\/core-web-vitals\/","title":{"rendered":"Core Web Vitals"},"content":{"rendered":"<div class=\"wp-block-image\">\n<figure data-spectra-id=\"spectra-fadb4281-c45f-4556-baf1-c031c467aa0d\" class=\"aligncenter size-full\"><img loading=\"lazy\" decoding=\"async\" width=\"1792\" height=\"1024\" src=\"https:\/\/dlx-media.com\/file\/Core-Web-Vitals.jpeg\" alt=\"Core Web Vitals\" class=\"wp-image-4873\" srcset=\"https:\/\/dlx-media.com\/wp-content\/uploads\/Core-Web-Vitals.jpeg 1792w, https:\/\/dlx-media.com\/wp-content\/uploads\/Core-Web-Vitals-350x200.jpeg 350w, https:\/\/dlx-media.com\/wp-content\/uploads\/Core-Web-Vitals-1024x585.jpeg 1024w, https:\/\/dlx-media.com\/wp-content\/uploads\/Core-Web-Vitals-768x439.jpeg 768w, https:\/\/dlx-media.com\/wp-content\/uploads\/Core-Web-Vitals-1536x878.jpeg 1536w\" sizes=\"auto, (max-width: 1792px) 100vw, 1792px\" \/><\/figure>\n<\/div>\n<h3 class=\"wp-block-heading\">Core Web Vitals: do\u015bwiadczenie u\u017cytkownika i wydajno\u015b\u0107 SEO<\/h3>\n\n<p class=\"wp-block-paragraph\">W erze cyfrowej do\u015bwiadczenie u\u017cytkownika na stronie internetowej ma kluczowe znaczenie dla sukcesu w marketingu online. Core Web Vitals to zestaw konkretnych wska\u017anik\u00f3w opracowanych przez Google w celu oceny jako\u015bci do\u015bwiadcze\u0144 u\u017cytkownik\u00f3w na stronach internetowych. Wska\u017aniki te s\u0105 wa\u017cne nie tylko dla rankingu w wynikach wyszukiwania, ale tak\u017ce dla zadowolenia i utrzymania u\u017cytkownik\u00f3w. Zanurzmy si\u0119 g\u0142\u0119boko w znaczenie i poszczeg\u00f3lne elementy Core Web Vitals i zrozummy, dlaczego s\u0105 one krytyczne dla ka\u017cdej witryny.<\/p>\n\n<h4 class=\"wp-block-heading\">Znaczenie Core Web Vitals<\/h4>\n\n<p class=\"wp-block-paragraph\">Google wprowadzi\u0142o Core Web Vitals, aby da\u0107 tw\u00f3rcom stron internetowych i operatorom witryn jasne wytyczne dotycz\u0105ce poprawy komfortu u\u017cytkowania. Wska\u017aniki te koncentruj\u0105 si\u0119 na rzeczywistych do\u015bwiadczeniach u\u017cytkownik\u00f3w i r\u00f3\u017cnych aspektach wydajno\u015bci witryny, kt\u00f3re maj\u0105 bezpo\u015bredni wp\u0142yw na zachowanie i zadowolenie u\u017cytkownik\u00f3w. Zoptymalizowane do\u015bwiadczenie u\u017cytkownika prowadzi do d\u0142u\u017cszego czasu przebywania na stronie, ni\u017cszych wsp\u00f3\u0142czynnik\u00f3w odrzuce\u0144 i wy\u017cszych wsp\u00f3\u0142czynnik\u00f3w konwersji.<\/p>\n\n<h4 class=\"wp-block-heading\">Trzy g\u0142\u00f3wne sk\u0142adniki Core Web Vitals<\/h4>\n\n<ol class=\"wp-block-list\">\n<li><strong>Farba o najwi\u0119kszej zawarto\u015bci (LCP)<\/strong>:\n<ul class=\"wp-block-list\">\n<li><strong>Definicja<\/strong>: LCP mierzy czas \u0142adowania najwi\u0119kszej widocznej tre\u015bci na stronie internetowej. Mo\u017ce to by\u0107 obraz, wideo lub du\u017cy blok tekstu.<\/li>\n\n\n\n<li><strong>Znaczenie<\/strong>: Szybki czas LCP ma kluczowe znaczenie, poniewa\u017c wskazuje, jak szybko \u0142adowana jest g\u0142\u00f3wna zawarto\u015b\u0107 strony. U\u017cytkownicy oczekuj\u0105, \u017ce strony internetowe b\u0119d\u0105 reagowa\u0107 szybko, a ich g\u0142\u00f3wna zawarto\u015b\u0107 b\u0119dzie widoczna w ci\u0105gu kilku sekund.<\/li>\n\n\n\n<li><strong>Idealna warto\u015b\u0107<\/strong>: Wed\u0142ug Google, dobry pomiar LCP to 2,5 sekundy lub szybciej.<\/li>\n<\/ul>\n<\/li>\n\n\n\n<li><strong>Op\u00f3\u017anienie pierwszego wej\u015bcia (FID)<\/strong>:\n<ul class=\"wp-block-list\">\n<li><strong>Definicja<\/strong>: FID mierzy czas od pierwszej interakcji u\u017cytkownika ze stron\u0105 (np. klikni\u0119cia na link lub przycisk) do momentu reakcji przegl\u0105darki na t\u0119 interakcj\u0119.<\/li>\n\n\n\n<li><strong>Znaczenie<\/strong>: FID jest wa\u017cny dla interaktywno\u015bci i responsywno\u015bci strony internetowej. U\u017cytkownicy chc\u0105 otrzymywa\u0107 natychmiastowe informacje zwrotne na temat swoich dzia\u0142a\u0144, bez op\u00f3\u017anie\u0144.<\/li>\n\n\n\n<li><strong>Idealna warto\u015b\u0107<\/strong>: Wed\u0142ug Google, dobry pomiar FID wynosi mniej ni\u017c 100 milisekund.<\/li>\n<\/ul>\n<\/li>\n\n\n\n<li><strong>Cumulative Layout Shift (CLS)<\/strong>:\n<ul class=\"wp-block-list\">\n<li><strong>Definicja<\/strong>: CLS mierzy stabilno\u015b\u0107 wizualn\u0105 strony internetowej i rejestruje, jak cz\u0119sto u\u017cytkownicy do\u015bwiadczaj\u0105 nieoczekiwanych zmian uk\u0142adu. Te zmiany mog\u0105 by\u0107 frustruj\u0105ce i prowadzi\u0107 do b\u0142\u0119dnych klikni\u0119\u0107.<\/li>\n\n\n\n<li><strong>Znaczenie<\/strong>: Niska warto\u015b\u0107 CLS jest wa\u017cna dla zapewnienia sp\u00f3jnego i stabilnego wy\u015bwietlania tre\u015bci, aby u\u017cytkownicy mogli polega\u0107 na pozycji element\u00f3w.<\/li>\n\n\n\n<li><strong>Idealna warto\u015b\u0107<\/strong>: Wed\u0142ug Google dobry pomiar CLS wynosi mniej ni\u017c 0,1.<\/li>\n<\/ul>\n<\/li>\n<\/ol>\n\n<h4 class=\"wp-block-heading\">Dynamiczny charakter Core Web Vitals<\/h4>\n\n<p class=\"wp-block-paragraph\">Google planuje regularnie aktualizowa\u0107 Core Web Vitals w oparciu o opinie u\u017cytkownik\u00f3w i rozw\u00f3j technologiczny w sieci. Oznacza to, \u017ce webmasterzy i eksperci SEO musz\u0105 by\u0107 na bie\u017c\u0105co, aby zapewni\u0107, \u017ce ich strony internetowe spe\u0142niaj\u0105 najnowsze wymagania i dzia\u0142aj\u0105 optymalnie.<\/p>\n\n<h4 class=\"wp-block-heading\">Strategie optymalizacji Core Web Vitals<\/h4>\n\n<ol class=\"wp-block-list\">\n<li><strong>Ulepszenie LCP<\/strong>:\n<ul class=\"wp-block-list\">\n<li><strong>Optymalizacja obraz\u00f3w i film\u00f3w<\/strong>: U\u017cywaj skompresowanych i optymalnie skalowanych multimedi\u00f3w, aby skr\u00f3ci\u0107 czas \u0142adowania.<\/li>\n\n\n\n<li><strong>Wydajne buforowanie<\/strong>: zaimplementuj buforowanie przegl\u0105darki, aby skr\u00f3ci\u0107 czas \u0142adowania dla powracaj\u0105cych u\u017cytkownik\u00f3w.<\/li>\n\n\n\n<li><strong>Szybko\u015b\u0107 serwera<\/strong>: Korzystaj z szybkich i wydajnych serwer\u00f3w lub sieci dostarczania tre\u015bci (CDN), aby zminimalizowa\u0107 czas \u0142adowania.<\/li>\n<\/ul>\n<\/li>\n\n\n\n<li><strong>Ulepszenie FID<\/strong>:\n<ul class=\"wp-block-list\">\n<li><strong>Optymalizacja JavaScript<\/strong>: Skr\u00f3cenie czasu wykonywania JavaScript i unikanie d\u0142ugich zada\u0144, kt\u00f3re blokuj\u0105 g\u0142\u00f3wny w\u0105tek.<\/li>\n\n\n\n<li><strong>Leniwe \u0142adowanie<\/strong>: \u0142aduj zawarto\u015b\u0107 tylko wtedy, gdy jest to konieczne, aby skr\u00f3ci\u0107 pocz\u0105tkowy czas \u0142adowania.<\/li>\n<\/ul>\n<\/li>\n\n\n\n<li><strong>Ulepszenie CLS<\/strong>:\n<ul class=\"wp-block-list\">\n<li><strong>Uk\u0142ady statyczne<\/strong>: upewnij si\u0119, \u017ce wszystkie elementy maj\u0105 sta\u0142e rozmiary, aby unikn\u0105\u0107 nag\u0142ych zmian uk\u0142adu.<\/li>\n\n\n\n<li><strong>Unikaj dynamicznej zawarto\u015bci<\/strong>: Unikaj dodawania tre\u015bci do bie\u017c\u0105cej zawarto\u015bci, chyba \u017ce jest to absolutnie konieczne.<\/li>\n<\/ul>\n<\/li>\n<\/ol>\n\n<h4 class=\"wp-block-heading\">Wniosek: Wp\u0142yw podstawowych element\u00f3w sieci na SEO i do\u015bwiadczenia u\u017cytkownik\u00f3w<\/h4>\n\n<p class=\"wp-block-paragraph\">Core Web Vitals s\u0105 krytycznym elementem nowoczesnych strategii SEO i odgrywaj\u0105 kluczow\u0105 rol\u0119 w zapewnieniu wyj\u0105tkowego do\u015bwiadczenia u\u017cytkownika. Poprzez ci\u0105g\u0142e monitorowanie i optymalizacj\u0119 tych wska\u017anik\u00f3w, operatorzy stron internetowych mog\u0105 nie tylko poprawi\u0107 swoje rankingi w wyszukiwarkach, ale tak\u017ce zwi\u0119kszy\u0107 zadowolenie i zaanga\u017cowanie u\u017cytkownik\u00f3w. Strona, kt\u00f3ra \u0142aduje si\u0119 szybko, jest responsywna i oferuje stabilne wy\u015bwietlanie, jest nie tylko faworyzowana przez wyszukiwarki, ale tak\u017ce doceniana przez u\u017cytkownik\u00f3w, co ostatecznie prowadzi do wy\u017cszych wsp\u00f3\u0142czynnik\u00f3w konwersji i d\u0142ugoterminowego sukcesu.<\/p>\n","protected":false},"excerpt":{"rendered":"<p>Core Web Vitals: do\u015bwiadczenie u\u017cytkownika i wydajno\u015b\u0107 SEO W erze cyfrowej do\u015bwiadczenie u\u017cytkownika na stronie internetowej ma kluczowe znaczenie dla sukcesu w marketingu online. Core Web Vitals to zestaw konkretnych wska\u017anik\u00f3w opracowanych przez Google w celu oceny jako\u015bci do\u015bwiadcze\u0144 u\u017cytkownik\u00f3w<\/p>\n","protected":false},"author":2332,"featured_media":4875,"parent":4979,"menu_order":0,"comment_status":"closed","ping_status":"closed","template":"","meta":{"_seopress_robots_primary_cat":"","_seopress_titles_title":"Core Web Vitals: klucz do SEO i utrzymania u\u017cytkownik\u00f3w %%sitetitle%%","_seopress_titles_desc":"Dowiedz si\u0119, jak Core Web Vitals mo\u017ce poprawi\u0107 komfort u\u017cytkowania i wydajno\u015b\u0107 SEO Twojej witryny. Zoptymalizuj teraz, aby uzyska\u0107 lepsze wyniki!","_seopress_robots_index":"","_crdt_document":"","_uag_custom_page_level_css":"","spectra_gs_classes":"","footnotes":""},"class_list":["post-4880","page","type-page","status-publish","has-post-thumbnail","hentry"],"spectra_custom_meta":{"_top_nav_excluded":[""],"_cms_nav_minihome":[""],"_thumbnail_id":["4875"],"_wp_page_template":[""],"_wpml_word_count":["{\"total\":626,\"to_translate\":{\"en\":626,\"de\":626}}"],"_last_translation_edit_mode":["translation-editor"],"_seopress_titles_title":["Core Web Vitals: klucz do SEO i utrzymania u\u017cytkownik\u00f3w %%sitetitle%%"],"_seopress_titles_desc":["Dowiedz si\u0119, jak Core Web Vitals mo\u017ce poprawi\u0107 komfort u\u017cytkowania i wydajno\u015b\u0107 SEO Twojej witryny. Zoptymalizuj teraz, aby uzyska\u0107 lepsze wyniki!"],"_seopress_redirections_logged_status":["oba"],"_seopress_redirections_type":["301"],"_uagb_previous_block_counts":["a:90:{s:21:\"uagb\/advanced-heading\";i:0;s:15:\"uagb\/blockquote\";i:0;s:12:\"uagb\/buttons\";i:0;s:18:\"uagb\/buttons-child\";i:0;s:19:\"uagb\/call-to-action\";i:0;s:15:\"uagb\/cf7-styler\";i:0;s:11:\"uagb\/column\";i:0;s:12:\"uagb\/columns\";i:0;s:14:\"uagb\/container\";i:0;s:21:\"uagb\/content-timeline\";i:0;s:27:\"uagb\/content-timeline-child\";i:0;s:14:\"uagb\/countdown\";i:0;s:12:\"uagb\/counter\";i:0;s:8:\"uagb\/faq\";i:0;s:14:\"uagb\/faq-child\";i:0;s:10:\"uagb\/forms\";i:0;s:17:\"uagb\/forms-accept\";i:0;s:19:\"uagb\/forms-checkbox\";i:0;s:15:\"uagb\/forms-date\";i:0;s:16:\"uagb\/forms-email\";i:0;s:17:\"uagb\/forms-hidden\";i:0;s:15:\"uagb\/forms-name\";i:0;s:16:\"uagb\/forms-phone\";i:0;s:16:\"uagb\/forms-radio\";i:0;s:17:\"uagb\/forms-select\";i:0;s:19:\"uagb\/forms-textarea\";i:0;s:17:\"uagb\/forms-toggle\";i:0;s:14:\"uagb\/forms-url\";i:0;s:14:\"uagb\/gf-styler\";i:0;s:15:\"uagb\/google-map\";i:0;s:11:\"uagb\/how-to\";i:0;s:16:\"uagb\/how-to-step\";i:0;s:9:\"uagb\/icon\";i:0;s:14:\"uagb\/icon-list\";i:0;s:20:\"uagb\/icon-list-child\";i:0;s:10:\"uagb\/image\";i:0;s:18:\"uagb\/image-gallery\";i:0;s:13:\"uagb\/info-box\";i:0;s:18:\"uagb\/inline-notice\";i:0;s:11:\"uagb\/lottie\";i:0;s:21:\"uagb\/marketing-button\";i:0;s:10:\"uagb\/modal\";i:0;s:18:\"uagb\/popup-builder\";i:0;s:16:\"uagb\/post-button\";i:0;s:18:\"uagb\/post-carousel\";i:0;s:17:\"uagb\/post-excerpt\";i:0;s:14:\"uagb\/post-grid\";i:0;s:15:\"uagb\/post-image\";i:0;s:17:\"uagb\/post-masonry\";i:0;s:14:\"uagb\/post-meta\";i:0;s:18:\"uagb\/post-taxonomy\";i:0;s:18:\"uagb\/post-timeline\";i:0;s:15:\"uagb\/post-title\";i:0;s:20:\"uagb\/restaurant-menu\";i:0;s:26:\"uagb\/restaurant-menu-child\";i:0;s:11:\"uagb\/review\";i:0;s:12:\"uagb\/section\";i:0;s:14:\"uagb\/separator\";i:0;s:11:\"uagb\/slider\";i:0;s:17:\"uagb\/slider-child\";i:0;s:17:\"uagb\/social-share\";i:0;s:23:\"uagb\/social-share-child\";i:0;s:16:\"uagb\/star-rating\";i:0;s:23:\"uagb\/sure-cart-checkout\";i:0;s:22:\"uagb\/sure-cart-product\";i:0;s:15:\"uagb\/sure-forms\";i:0;s:22:\"uagb\/table-of-contents\";i:0;s:9:\"uagb\/tabs\";i:0;s:15:\"uagb\/tabs-child\";i:0;s:18:\"uagb\/taxonomy-list\";i:0;s:9:\"uagb\/team\";i:0;s:16:\"uagb\/testimonial\";i:0;s:14:\"uagb\/wp-search\";i:0;s:19:\"uagb\/instagram-feed\";i:0;s:10:\"uagb\/login\";i:0;s:17:\"uagb\/loop-builder\";i:0;s:18:\"uagb\/loop-category\";i:0;s:20:\"uagb\/loop-pagination\";i:0;s:15:\"uagb\/loop-reset\";i:0;s:16:\"uagb\/loop-search\";i:0;s:14:\"uagb\/loop-sort\";i:0;s:17:\"uagb\/loop-wrapper\";i:0;s:13:\"uagb\/register\";i:0;s:19:\"uagb\/register-email\";i:0;s:24:\"uagb\/register-first-name\";i:0;s:23:\"uagb\/register-last-name\";i:0;s:22:\"uagb\/register-password\";i:0;s:30:\"uagb\/register-reenter-password\";i:0;s:19:\"uagb\/register-terms\";i:0;s:22:\"uagb\/register-username\";i:0;}"],"_uag_page_assets":["a:9:{s:3:\"css\";s:263:\".uag-blocks-common-selector{z-index:var(--z-index-desktop) !important}@media (max-width: 976px){.uag-blocks-common-selector{z-index:var(--z-index-tablet) !important}}@media (max-width: 767px){.uag-blocks-common-selector{z-index:var(--z-index-mobile) !important}}\n\";s:2:\"js\";s:0:\"\";s:18:\"current_block_list\";a:5:{i:0;s:10:\"core\/image\";i:1;s:12:\"core\/heading\";i:2;s:14:\"core\/paragraph\";i:3;s:9:\"core\/list\";i:4;s:14:\"core\/list-item\";}s:8:\"uag_flag\";b:0;s:11:\"uag_version\";s:10:\"1775815218\";s:6:\"gfonts\";a:0:{}s:10:\"gfonts_url\";s:0:\"\";s:12:\"gfonts_files\";a:0:{}s:14:\"uag_faq_layout\";b:0;}"],"_uag_css_file_name":["uag-css-4880.css"]},"uagb_featured_image_src":{"full":["https:\/\/dlx-media.com\/wp-content\/uploads\/Core-Web-Vitals.jpeg",1792,1024,false],"thumbnail":["https:\/\/dlx-media.com\/wp-content\/uploads\/Core-Web-Vitals-250x250.jpeg",250,250,true],"medium":["https:\/\/dlx-media.com\/wp-content\/uploads\/Core-Web-Vitals-350x200.jpeg",350,200,true],"medium_large":["https:\/\/dlx-media.com\/wp-content\/uploads\/Core-Web-Vitals-768x439.jpeg",768,439,true],"large":["https:\/\/dlx-media.com\/wp-content\/uploads\/Core-Web-Vitals-1024x585.jpeg",1024,585,true],"1536x1536":["https:\/\/dlx-media.com\/wp-content\/uploads\/Core-Web-Vitals-1536x878.jpeg",1536,878,true],"2048x2048":["https:\/\/dlx-media.com\/wp-content\/uploads\/Core-Web-Vitals.jpeg",1792,1024,false],"suffice-thumbnail-grid":["https:\/\/dlx-media.com\/wp-content\/uploads\/Core-Web-Vitals-750x420.jpeg",750,420,true],"suffice-thumbnail-featured-one":["https:\/\/dlx-media.com\/wp-content\/uploads\/Core-Web-Vitals-295x525.jpeg",295,525,true],"suffice-thumbnail-featured-two":["https:\/\/dlx-media.com\/wp-content\/uploads\/Core-Web-Vitals-1140x504.jpeg",1140,504,true],"suffice-thumbnail-portfolio":["https:\/\/dlx-media.com\/wp-content\/uploads\/Core-Web-Vitals-572x552.jpeg",572,552,true],"suffice-thumbnail-portfolio-masonry":["https:\/\/dlx-media.com\/wp-content\/uploads\/Core-Web-Vitals-572x652.jpeg",572,652,true]},"uagb_author_info":{"display_name":"DLxMedia","author_link":"https:\/\/dlx-media.com\/pl"},"uagb_comment_info":0,"uagb_excerpt":"Core Web Vitals: do\u015bwiadczenie u\u017cytkownika i wydajno\u015b\u0107 SEO W erze cyfrowej do\u015bwiadczenie u\u017cytkownika na stronie internetowej ma kluczowe znaczenie dla sukcesu w marketingu online. Core Web Vitals to zestaw konkretnych wska\u017anik\u00f3w opracowanych przez Google w celu oceny jako\u015bci do\u015bwiadcze\u0144 u\u017cytkownik\u00f3w","_links":{"self":[{"href":"https:\/\/dlx-media.com\/pl\/wp-json\/wp\/v2\/pages\/4880","targetHints":{"allow":["GET"]}}],"collection":[{"href":"https:\/\/dlx-media.com\/pl\/wp-json\/wp\/v2\/pages"}],"about":[{"href":"https:\/\/dlx-media.com\/pl\/wp-json\/wp\/v2\/types\/page"}],"author":[{"embeddable":true,"href":"https:\/\/dlx-media.com\/pl\/wp-json\/wp\/v2\/users\/2332"}],"replies":[{"embeddable":true,"href":"https:\/\/dlx-media.com\/pl\/wp-json\/wp\/v2\/comments?post=4880"}],"version-history":[{"count":2,"href":"https:\/\/dlx-media.com\/pl\/wp-json\/wp\/v2\/pages\/4880\/revisions"}],"predecessor-version":[{"id":5259,"href":"https:\/\/dlx-media.com\/pl\/wp-json\/wp\/v2\/pages\/4880\/revisions\/5259"}],"up":[{"embeddable":true,"href":"https:\/\/dlx-media.com\/pl\/wp-json\/wp\/v2\/pages\/4979"}],"wp:featuredmedia":[{"embeddable":true,"href":"https:\/\/dlx-media.com\/pl\/wp-json\/wp\/v2\/media\/4875"}],"wp:attachment":[{"href":"https:\/\/dlx-media.com\/pl\/wp-json\/wp\/v2\/media?parent=4880"}],"curies":[{"name":"wp","href":"https:\/\/api.w.org\/{rel}","templated":true}]}}