{"id":4830,"date":"2024-05-21T16:58:16","date_gmt":"2024-05-21T14:58:16","guid":{"rendered":"https:\/\/www.dlx-media.com\/slowniczek\/sciezka-konwersji\/"},"modified":"2024-07-14T13:50:43","modified_gmt":"2024-07-14T11:50:43","slug":"sciezka-konwersji","status":"publish","type":"page","link":"https:\/\/dlx-media.com\/pl\/slowniczek\/sciezka-konwersji\/","title":{"rendered":"\u015acie\u017cka konwersji"},"content":{"rendered":"<div class=\"wp-block-image\">\n<figure data-spectra-id=\"spectra-0a81fe6d-5992-4a49-b4f2-ff46d7e22e42\" class=\"aligncenter size-full\"><img loading=\"lazy\" decoding=\"async\" width=\"1792\" height=\"1024\" src=\"https:\/\/dlx-media.com\/file\/Conversion-Path.jpeg\" alt=\"&#x15A;cie&#x17C;ka konwersji\" class=\"wp-image-4825\" srcset=\"https:\/\/dlx-media.com\/wp-content\/uploads\/Conversion-Path.jpeg 1792w, https:\/\/dlx-media.com\/wp-content\/uploads\/Conversion-Path-350x200.jpeg 350w, https:\/\/dlx-media.com\/wp-content\/uploads\/Conversion-Path-1024x585.jpeg 1024w, https:\/\/dlx-media.com\/wp-content\/uploads\/Conversion-Path-768x439.jpeg 768w, https:\/\/dlx-media.com\/wp-content\/uploads\/Conversion-Path-1536x878.jpeg 1536w\" sizes=\"auto, (max-width: 1792px) 100vw, 1792px\" \/><\/figure>\n<\/div>\n<h3 class=\"wp-block-heading\">Strategiczna droga do udanej konwersji<\/h3>\n\n<p class=\"wp-block-paragraph\">\u015acie\u017cka konwersji, znana r\u00f3wnie\u017c jako Konversionspfad, jest fundamentalnym elementem w marketingu cyfrowym. Opisuje konkretn\u0105 \u015bcie\u017ck\u0119, kt\u00f3r\u0105 potencjalny klient przechodzi na stronie internetowej lub w aplikacji, zanim wykona po\u017c\u0105dan\u0105 akcj\u0119 &#8211; tzw. konwersj\u0119. Ta konwersja mo\u017ce przyjmowa\u0107 r\u00f3\u017cne formy, takie jak zakup produktu, subskrypcja newslettera lub wype\u0142nienie formularza kontaktowego. \u015acie\u017cka konwersji jest nie tylko kluczowa dla zwi\u0119kszenia wsp\u00f3\u0142czynnika konwersji, ale tak\u017ce dla poprawy do\u015bwiadczenia u\u017cytkownika.<\/p>\n\n<h4 class=\"wp-block-heading\">Podr\u00f3\u017c u\u017cytkownika: Od pierwszej interakcji do konwersji<\/h4>\n\n<p class=\"wp-block-paragraph\">\u015acie\u017cka konwersji zaczyna si\u0119 od pierwszego punktu kontaktu w podr\u00f3\u017cy klienta, kiedy u\u017cytkownik zauwa\u017ca stron\u0119 internetow\u0105 lub aplikacj\u0119. Ten pierwszy kontakt mo\u017ce nast\u0105pi\u0107 na r\u00f3\u017cne sposoby:<\/p>\n\n<ul class=\"wp-block-list\">\n<li><strong>Zapytanie wyszukiwarki<\/strong>: U\u017cytkownicy trafiaj\u0105 na stron\u0119 internetow\u0105 za po\u015brednictwem wynik\u00f3w wyszukiwarki.<\/li>\n\n\n\n<li><strong>Reklamy<\/strong>: Klikni\u0119cie na p\u0142atn\u0105 reklam\u0119 prowadzi u\u017cytkownika do strony internetowej lub aplikacji.<\/li>\n\n\n\n<li><strong>Media Spo\u0142eczno\u015bciowe<\/strong>: Linki w postach na mediach spo\u0142eczno\u015bciowych lub w reklamach kieruj\u0105 u\u017cytkownik\u00f3w do strony internetowej.<\/li>\n\n\n\n<li><strong>Bezpo\u015bredni dost\u0119p<\/strong>: U\u017cytkownicy wpisuj\u0105 URL bezpo\u015brednio w swojej przegl\u0105darce lub korzystaj\u0105 z zak\u0142adki.<\/li>\n<\/ul>\n\n<h5 class=\"wp-block-heading\">Etapy \u015bcie\u017cki konwersji<\/h5>\n\n<ol class=\"wp-block-list\">\n<li><strong>\u015awiadomo\u015b\u0107 (Bewusstsein)<\/strong>: U\u017cytkownik zauwa\u017ca ofert\u0119. To mo\u017ce nast\u0105pi\u0107 poprzez informacyjne artyku\u0142y na blogu, atrakcyjne posty w mediach spo\u0142eczno\u015bciowych lub skierowane kampanie reklamowe.<\/li>\n\n\n\n<li><strong>Rozwa\u017canie (\u00dcberlegung)<\/strong>: U\u017cytkownik zaczyna intensywnie zastanawia\u0107 si\u0119 nad ofert\u0105. Tutaj kluczow\u0105 rol\u0119 odgrywaj\u0105 wysokiej jako\u015bci tre\u015bci, szczeg\u00f3\u0142owe opisy produkt\u00f3w i przekonuj\u0105ce opinie klient\u00f3w.<\/li>\n\n\n\n<li><strong>Decyzja (Entscheidung)<\/strong>: U\u017cytkownik podejmuje decyzj\u0119 o wykonaniu \u017c\u0105danej akcji. Ten krok jest u\u0142atwiony przez jasne elementy wezwania do dzia\u0142ania (CTA), intuicyjn\u0105 nawigacj\u0119 i p\u0142ynne do\u015bwiadczenie u\u017cytkownika.<\/li>\n\n\n\n<li><strong>Akcja (Aktion)<\/strong>: U\u017cytkownik przeprowadza konwersj\u0119, tak\u0105 jak zakup produktu lub subskrypcj\u0119 newslettera. Prosty i bezpieczny proces zam\u00f3wienia jest tutaj kluczowy.<\/li>\n<\/ol>\n\n<h4 class=\"wp-block-heading\">Elementy skutecznej \u015bcie\u017cki konwersji<\/h4>\n\n<p class=\"wp-block-paragraph\">Dobrze zaprojektowana \u015bcie\u017cka konwersji obejmuje kilka kluczowych czynnik\u00f3w, kt\u00f3re wsp\u00f3\u0142pracuj\u0105, aby skierowa\u0107 u\u017cytkownika do \u017c\u0105danej akcji:<\/p>\n\n<ul class=\"wp-block-list\">\n<li><strong>Intuicyjna nawigacja<\/strong>: Jasna i logiczna struktura strony pomaga u\u017cytkownikowi \u0142atwo si\u0119 odnale\u017a\u0107 i szybko znale\u017a\u0107 potrzebne informacje.<\/li>\n\n\n\n<li><strong>Atrakcyjny design<\/strong>: Wizualnie atrakcyjne i przyjazne dla u\u017cytkownika projekty zwi\u0119kszaj\u0105 prawdopodobie\u0144stwo, \u017ce u\u017cytkownicy pozostan\u0105 na stronie internetowej na d\u0142u\u017cej i b\u0119d\u0105 z ni\u0105 interagowa\u0107.<\/li>\n\n\n\n<li><strong>Przekonuj\u0105ce tre\u015bci<\/strong>: Relewantne i informacyjne tre\u015bci, kt\u00f3re odpowiadaj\u0105 na potrzeby i pytania u\u017cytkownik\u00f3w, buduj\u0105 zaufanie i wspieraj\u0105 proces podejmowania decyzji.<\/li>\n\n\n\n<li><strong>Skierowane wezwania do dzia\u0142ania<\/strong>: CTA musz\u0105 by\u0107 wyra\u017ane, ale nie nachalne i jasno prowadzi\u0107 u\u017cytkownika do nast\u0119pnej akcji.<\/li>\n<\/ul>\n\n<h4 class=\"wp-block-heading\">Optymalizacja \u015bcie\u017cki konwersji<\/h4>\n\n<p class=\"wp-block-paragraph\">Udany \u015bcie\u017cka konwersji wymaga ci\u0105g\u0142ej analizy i optymalizacji. Poprzez zbieranie i analizowanie danych u\u017cytkownik\u00f3w, operatorzy mog\u0105 zdoby\u0107 cenne wgl\u0105dy i dokona\u0107 celowych dostosowa\u0144.<\/p>\n\n<ul class=\"wp-block-list\">\n<li><strong>Analiza danych<\/strong>: Narz\u0119dzia takie jak Google Analytics pomagaj\u0105 identyfikowa\u0107 przebieg i punkty przerwania \u015bcie\u017cki konwersji.<\/li>\n\n\n\n<li><strong>Testowanie A\/B<\/strong>: Poprzez testowanie r\u00f3\u017cnych wersji stron, CTA i tre\u015bci, operatorzy mog\u0105 dowiedzie\u0107 si\u0119, kt\u00f3re warianty daj\u0105 najlepsze wyniki.<\/li>\n\n\n\n<li><strong>Zbieranie opinii<\/strong>: Bezpo\u015brednie opinie od u\u017cytkownik\u00f3w mog\u0105 wskazywa\u0107 na potencjalne s\u0142abe punkty i pokaza\u0107 mo\u017cliwo\u015bci optymalizacji.<\/li>\n<\/ul>\n\n<h4 class=\"wp-block-heading\">Znaczenie do\u015bwiadczenia u\u017cytkownika<\/h4>\n\n<p class=\"wp-block-paragraph\">G\u0142adka i przyjemna \u015bcie\u017cka konwersji nie tylko przyczynia si\u0119 do zwi\u0119kszenia stopy konwersji, ale tak\u017ce poprawia ca\u0142kowite do\u015bwiadczenie u\u017cytkownika. Zadowoleni u\u017cytkownicy s\u0105 bardziej sk\u0142onni do wykonania \u017c\u0105danej akcji i ponownego odwiedzenia strony internetowej lub aplikacji. D\u0142ugoterminowo prowadzi to do silniejszego zaanga\u017cowania klient\u00f3w i pozytywnego wizerunku marki.<\/p>\n\n<h4 class=\"wp-block-heading\">Wnioski<\/h4>\n\n<p class=\"wp-block-paragraph\">\u015acie\u017cka konwersji to skomplikowany i dynamiczny proces, kt\u00f3ry wymaga starannego planowania i ci\u0105g\u0142ej optymalizacji. Poprzez celowe kszta\u0142towanie i ci\u0105g\u0142e doskonalenie \u015bcie\u017cki konwersji, firmy mog\u0105 nie tylko zwi\u0119kszy\u0107 wska\u017anik konwersji, ale tak\u017ce zwi\u0119kszy\u0107 zadowolenie u\u017cytkownik\u00f3w i wzmocni\u0107 lojalno\u015b\u0107 klient\u00f3w. G\u0142\u0119bokie zrozumienie podr\u00f3\u017cy klienta i zdolno\u015b\u0107 skutecznego sterowania \u015bcie\u017ck\u0105 konwersji s\u0105 kluczowe dla d\u0142ugoterminowego sukcesu w marketingu cyfrowym.<\/p>\n","protected":false},"excerpt":{"rendered":"<p>Strategiczna droga do udanej konwersji \u015acie\u017cka konwersji, znana r\u00f3wnie\u017c jako Konversionspfad, jest fundamentalnym elementem w marketingu cyfrowym. Opisuje konkretn\u0105 \u015bcie\u017ck\u0119, kt\u00f3r\u0105 potencjalny klient przechodzi na stronie internetowej lub w aplikacji, zanim wykona po\u017c\u0105dan\u0105 akcj\u0119 &#8211; tzw. konwersj\u0119. Ta konwersja mo\u017ce<\/p>\n","protected":false},"author":2332,"featured_media":4827,"parent":4979,"menu_order":0,"comment_status":"closed","ping_status":"closed","template":"","meta":{"_seopress_robots_primary_cat":"","_seopress_titles_title":"Optymalizacja \u015bcie\u017cki konwersji dla lepszych wynik\u00f3w %%sep%% %%sitetitle%%","_seopress_titles_desc":"Odkryj, jak dobrze zaprojektowana \u015bcie\u017cka konwersji poprawia do\u015bwiadczenia u\u017cytkownika i zwi\u0119ksza wsp\u00f3\u0142czynnik konwersji.","_seopress_robots_index":"","_crdt_document":"","_uag_custom_page_level_css":"","spectra_gs_classes":"","footnotes":""},"class_list":["post-4830","page","type-page","status-publish","has-post-thumbnail","hentry"],"spectra_custom_meta":{"_top_nav_excluded":[""],"_cms_nav_minihome":[""],"_thumbnail_id":["4827"],"_wp_page_template":[""],"_wpml_word_count":["{\"total\":562,\"to_translate\":{\"en\":562,\"de\":562}}"],"_last_translation_edit_mode":["translation-editor"],"_seopress_titles_title":["Optymalizacja \u015bcie\u017cki konwersji dla lepszych wynik\u00f3w %%sep%% %%sitetitle%%"],"_seopress_titles_desc":["Odkryj, jak dobrze zaprojektowana \u015bcie\u017cka konwersji poprawia do\u015bwiadczenia u\u017cytkownika i zwi\u0119ksza wsp\u00f3\u0142czynnik konwersji."],"_seopress_redirections_logged_status":["oba"],"_seopress_redirections_type":["301"],"_uagb_previous_block_counts":["a:90:{s:21:\"uagb\/advanced-heading\";i:0;s:15:\"uagb\/blockquote\";i:0;s:12:\"uagb\/buttons\";i:0;s:18:\"uagb\/buttons-child\";i:0;s:19:\"uagb\/call-to-action\";i:0;s:15:\"uagb\/cf7-styler\";i:0;s:11:\"uagb\/column\";i:0;s:12:\"uagb\/columns\";i:0;s:14:\"uagb\/container\";i:0;s:21:\"uagb\/content-timeline\";i:0;s:27:\"uagb\/content-timeline-child\";i:0;s:14:\"uagb\/countdown\";i:0;s:12:\"uagb\/counter\";i:0;s:8:\"uagb\/faq\";i:0;s:14:\"uagb\/faq-child\";i:0;s:10:\"uagb\/forms\";i:0;s:17:\"uagb\/forms-accept\";i:0;s:19:\"uagb\/forms-checkbox\";i:0;s:15:\"uagb\/forms-date\";i:0;s:16:\"uagb\/forms-email\";i:0;s:17:\"uagb\/forms-hidden\";i:0;s:15:\"uagb\/forms-name\";i:0;s:16:\"uagb\/forms-phone\";i:0;s:16:\"uagb\/forms-radio\";i:0;s:17:\"uagb\/forms-select\";i:0;s:19:\"uagb\/forms-textarea\";i:0;s:17:\"uagb\/forms-toggle\";i:0;s:14:\"uagb\/forms-url\";i:0;s:14:\"uagb\/gf-styler\";i:0;s:15:\"uagb\/google-map\";i:0;s:11:\"uagb\/how-to\";i:0;s:16:\"uagb\/how-to-step\";i:0;s:9:\"uagb\/icon\";i:0;s:14:\"uagb\/icon-list\";i:0;s:20:\"uagb\/icon-list-child\";i:0;s:10:\"uagb\/image\";i:0;s:18:\"uagb\/image-gallery\";i:0;s:13:\"uagb\/info-box\";i:0;s:18:\"uagb\/inline-notice\";i:0;s:11:\"uagb\/lottie\";i:0;s:21:\"uagb\/marketing-button\";i:0;s:10:\"uagb\/modal\";i:0;s:18:\"uagb\/popup-builder\";i:0;s:16:\"uagb\/post-button\";i:0;s:18:\"uagb\/post-carousel\";i:0;s:17:\"uagb\/post-excerpt\";i:0;s:14:\"uagb\/post-grid\";i:0;s:15:\"uagb\/post-image\";i:0;s:17:\"uagb\/post-masonry\";i:0;s:14:\"uagb\/post-meta\";i:0;s:18:\"uagb\/post-taxonomy\";i:0;s:18:\"uagb\/post-timeline\";i:0;s:15:\"uagb\/post-title\";i:0;s:20:\"uagb\/restaurant-menu\";i:0;s:26:\"uagb\/restaurant-menu-child\";i:0;s:11:\"uagb\/review\";i:0;s:12:\"uagb\/section\";i:0;s:14:\"uagb\/separator\";i:0;s:11:\"uagb\/slider\";i:0;s:17:\"uagb\/slider-child\";i:0;s:17:\"uagb\/social-share\";i:0;s:23:\"uagb\/social-share-child\";i:0;s:16:\"uagb\/star-rating\";i:0;s:23:\"uagb\/sure-cart-checkout\";i:0;s:22:\"uagb\/sure-cart-product\";i:0;s:15:\"uagb\/sure-forms\";i:0;s:22:\"uagb\/table-of-contents\";i:0;s:9:\"uagb\/tabs\";i:0;s:15:\"uagb\/tabs-child\";i:0;s:18:\"uagb\/taxonomy-list\";i:0;s:9:\"uagb\/team\";i:0;s:16:\"uagb\/testimonial\";i:0;s:14:\"uagb\/wp-search\";i:0;s:19:\"uagb\/instagram-feed\";i:0;s:10:\"uagb\/login\";i:0;s:17:\"uagb\/loop-builder\";i:0;s:18:\"uagb\/loop-category\";i:0;s:20:\"uagb\/loop-pagination\";i:0;s:15:\"uagb\/loop-reset\";i:0;s:16:\"uagb\/loop-search\";i:0;s:14:\"uagb\/loop-sort\";i:0;s:17:\"uagb\/loop-wrapper\";i:0;s:13:\"uagb\/register\";i:0;s:19:\"uagb\/register-email\";i:0;s:24:\"uagb\/register-first-name\";i:0;s:23:\"uagb\/register-last-name\";i:0;s:22:\"uagb\/register-password\";i:0;s:30:\"uagb\/register-reenter-password\";i:0;s:19:\"uagb\/register-terms\";i:0;s:22:\"uagb\/register-username\";i:0;}"],"_uag_page_assets":["a:9:{s:3:\"css\";s:263:\".uag-blocks-common-selector{z-index:var(--z-index-desktop) !important}@media (max-width: 976px){.uag-blocks-common-selector{z-index:var(--z-index-tablet) !important}}@media (max-width: 767px){.uag-blocks-common-selector{z-index:var(--z-index-mobile) !important}}\n\";s:2:\"js\";s:0:\"\";s:18:\"current_block_list\";a:5:{i:0;s:10:\"core\/image\";i:1;s:12:\"core\/heading\";i:2;s:14:\"core\/paragraph\";i:3;s:9:\"core\/list\";i:4;s:14:\"core\/list-item\";}s:8:\"uag_flag\";b:0;s:11:\"uag_version\";s:10:\"1776768691\";s:6:\"gfonts\";a:0:{}s:10:\"gfonts_url\";s:0:\"\";s:12:\"gfonts_files\";a:0:{}s:14:\"uag_faq_layout\";b:0;}"],"_uag_css_file_name":["uag-css-4830.css"]},"uagb_featured_image_src":{"full":["https:\/\/dlx-media.com\/wp-content\/uploads\/Conversion-Path.jpeg",1792,1024,false],"thumbnail":["https:\/\/dlx-media.com\/wp-content\/uploads\/Conversion-Path-250x250.jpeg",250,250,true],"medium":["https:\/\/dlx-media.com\/wp-content\/uploads\/Conversion-Path-350x200.jpeg",350,200,true],"medium_large":["https:\/\/dlx-media.com\/wp-content\/uploads\/Conversion-Path-768x439.jpeg",768,439,true],"large":["https:\/\/dlx-media.com\/wp-content\/uploads\/Conversion-Path-1024x585.jpeg",1024,585,true],"1536x1536":["https:\/\/dlx-media.com\/wp-content\/uploads\/Conversion-Path-1536x878.jpeg",1536,878,true],"2048x2048":["https:\/\/dlx-media.com\/wp-content\/uploads\/Conversion-Path.jpeg",1792,1024,false],"suffice-thumbnail-grid":["https:\/\/dlx-media.com\/wp-content\/uploads\/Conversion-Path-750x420.jpeg",750,420,true],"suffice-thumbnail-featured-one":["https:\/\/dlx-media.com\/wp-content\/uploads\/Conversion-Path-295x525.jpeg",295,525,true],"suffice-thumbnail-featured-two":["https:\/\/dlx-media.com\/wp-content\/uploads\/Conversion-Path-1140x504.jpeg",1140,504,true],"suffice-thumbnail-portfolio":["https:\/\/dlx-media.com\/wp-content\/uploads\/Conversion-Path-572x552.jpeg",572,552,true],"suffice-thumbnail-portfolio-masonry":["https:\/\/dlx-media.com\/wp-content\/uploads\/Conversion-Path-572x652.jpeg",572,652,true]},"uagb_author_info":{"display_name":"DLxMedia","author_link":"https:\/\/dlx-media.com\/pl"},"uagb_comment_info":0,"uagb_excerpt":"Strategiczna droga do udanej konwersji \u015acie\u017cka konwersji, znana r\u00f3wnie\u017c jako Konversionspfad, jest fundamentalnym elementem w marketingu cyfrowym. Opisuje konkretn\u0105 \u015bcie\u017ck\u0119, kt\u00f3r\u0105 potencjalny klient przechodzi na stronie internetowej lub w aplikacji, zanim wykona po\u017c\u0105dan\u0105 akcj\u0119 &#8211; tzw. konwersj\u0119. Ta konwersja mo\u017ce","_links":{"self":[{"href":"https:\/\/dlx-media.com\/pl\/wp-json\/wp\/v2\/pages\/4830","targetHints":{"allow":["GET"]}}],"collection":[{"href":"https:\/\/dlx-media.com\/pl\/wp-json\/wp\/v2\/pages"}],"about":[{"href":"https:\/\/dlx-media.com\/pl\/wp-json\/wp\/v2\/types\/page"}],"author":[{"embeddable":true,"href":"https:\/\/dlx-media.com\/pl\/wp-json\/wp\/v2\/users\/2332"}],"replies":[{"embeddable":true,"href":"https:\/\/dlx-media.com\/pl\/wp-json\/wp\/v2\/comments?post=4830"}],"version-history":[{"count":2,"href":"https:\/\/dlx-media.com\/pl\/wp-json\/wp\/v2\/pages\/4830\/revisions"}],"predecessor-version":[{"id":5246,"href":"https:\/\/dlx-media.com\/pl\/wp-json\/wp\/v2\/pages\/4830\/revisions\/5246"}],"up":[{"embeddable":true,"href":"https:\/\/dlx-media.com\/pl\/wp-json\/wp\/v2\/pages\/4979"}],"wp:featuredmedia":[{"embeddable":true,"href":"https:\/\/dlx-media.com\/pl\/wp-json\/wp\/v2\/media\/4827"}],"wp:attachment":[{"href":"https:\/\/dlx-media.com\/pl\/wp-json\/wp\/v2\/media?parent=4830"}],"curies":[{"name":"wp","href":"https:\/\/api.w.org\/{rel}","templated":true}]}}