{"id":4820,"date":"2024-05-21T16:26:20","date_gmt":"2024-05-21T14:26:20","guid":{"rendered":"https:\/\/www.dlx-media.com\/slowniczek\/lejek-konwersji\/"},"modified":"2024-07-14T13:50:43","modified_gmt":"2024-07-14T11:50:43","slug":"lejek-konwersji","status":"publish","type":"page","link":"https:\/\/dlx-media.com\/pl\/slowniczek\/lejek-konwersji\/","title":{"rendered":"Lejek konwersji"},"content":{"rendered":"<div class=\"wp-block-image\">\n<figure data-spectra-id=\"spectra-14c62010-9a3e-4629-84c6-96228c7b5dfb\" class=\"aligncenter size-full\"><img loading=\"lazy\" decoding=\"async\" width=\"1792\" height=\"1024\" src=\"https:\/\/dlx-media.com\/file\/Conversion-Funnel.jpeg\" alt=\"Lejek konwersji\" class=\"wp-image-4814\" srcset=\"https:\/\/dlx-media.com\/wp-content\/uploads\/Conversion-Funnel.jpeg 1792w, https:\/\/dlx-media.com\/wp-content\/uploads\/Conversion-Funnel-350x200.jpeg 350w, https:\/\/dlx-media.com\/wp-content\/uploads\/Conversion-Funnel-1024x585.jpeg 1024w, https:\/\/dlx-media.com\/wp-content\/uploads\/Conversion-Funnel-768x439.jpeg 768w, https:\/\/dlx-media.com\/wp-content\/uploads\/Conversion-Funnel-1536x878.jpeg 1536w\" sizes=\"auto, (max-width: 1792px) 100vw, 1792px\" \/><\/figure>\n<\/div>\n<h3 class=\"wp-block-heading\">Klucz do optymalizacji podr\u00f3\u017cy klienta<\/h3>\n\n<p class=\"wp-block-paragraph\">Lewar konwersji, znany r\u00f3wnie\u017c jako lejek sprzeda\u017cy, to podstawowy model w marketingu cyfrowym, kt\u00f3ry przedstawia \u015bcie\u017ck\u0119 potencjalnego klienta od pierwszej interakcji z firm\u0105 do finalizacji zakupu lub skorzystania z us\u0142ugi. Ten model pomaga firmom zrozumie\u0107 r\u00f3\u017cne etapy podr\u00f3\u017cy klienta i celowo je optymalizowa\u0107, aby maksymalizowa\u0107 wska\u017anik konwersji i zwi\u0119kszy\u0107 przychody.<\/p>\n\n<h4 class=\"wp-block-heading\">Die Phasen des Conversion Funnels \u00fcbersetzen ins Polnische<\/h4>\n\n<p class=\"wp-block-paragraph\">Typowy lejek konwersji sk\u0142ada si\u0119 z kilku etap\u00f3w, kt\u00f3re ka\u017cdy reprezentuje krytyczny punkt w procesie decyzyjnym klienta:<\/p>\n\n<ol class=\"wp-block-list\">\n<li><strong>\u015awiadomo\u015b\u0107 (Bewusstsein)<\/strong>: Jest to etap, na kt\u00f3rym potencjalni klienci po raz pierwszy zwracaj\u0105 uwag\u0119 na produkt lub us\u0142ug\u0119. To mo\u017ce nast\u0105pi\u0107 poprzez r\u00f3\u017cne dzia\u0142ania marketingowe, takie jak kampanie w mediach spo\u0142eczno\u015bciowych, SEO, marketing tre\u015bci lub p\u0142atne reklamy. Celem jest zainteresowanie grupy docelowej i sk\u0142onienie jej do dowiedzenia si\u0119 wi\u0119cej o ofercie.<\/li>\n\n\n\n<li><strong>Zainteresowanie (Interesse)<\/strong>: W tej fazie potencjalni klienci wykazuj\u0105 g\u0142\u0119bsze zainteresowanie produktem lub us\u0142ug\u0105. Aktywnie szukaj\u0105 wi\u0119cej informacji, odwiedzaj\u0105 stron\u0119 internetow\u0105, czytaj\u0105 artyku\u0142y na blogu lub opisy produkt\u00f3w i por\u00f3wnuj\u0105 r\u00f3\u017cne oferty. Tutaj wa\u017cne jest dostarczanie wysokiej jako\u015bci i informacyjnej tre\u015bci, kt\u00f3ra odpowiada na pytania i obawy potencjalnych klient\u00f3w.<\/li>\n\n\n\n<li><strong>Rozwa\u017canie (\u00dcberlegung)<\/strong>: Teraz potencjalni klienci por\u00f3wnuj\u0105 r\u00f3\u017cne opcje i powa\u017cnie rozwa\u017caj\u0105 dokonanie zakupu. Mo\u017cesz przeczyta\u0107 recenzje, por\u00f3wna\u0107 ceny lub skorzysta\u0107 z darmowych wersji pr\u00f3bnych. Firmy powinny w tej fazie dostarczy\u0107 przekonuj\u0105ce argumenty i zach\u0119ty, kt\u00f3re przekonaj\u0105 klient\u00f3w do wy\u017cszo\u015bci swojej oferty.<\/li>\n\n\n\n<li><strong>Intencja (Zamiar)<\/strong>: W tej fazie klienci maj\u0105 zamiar kupi\u0107, ale jeszcze nie podj\u0119li ostatecznej decyzji. Dodaj\u0105 produkty do koszyka lub wype\u0142niaj\u0105 formularze rejestracyjne, nie ko\u0144cz\u0105c zakupu. Tutaj wa\u017cne s\u0105 skierowane dzia\u0142ania, takie jak retargeting, osobiste doradztwo czy oferty specjalne, aby da\u0107 ostatni impuls do zakupu.<\/li>\n\n\n\n<li><strong>Zakup (Kauf)<\/strong>: Jest to decyduj\u0105ca faza, w kt\u00f3rej klient dokonuje zakupu lub korzysta z us\u0142ugi. G\u0142adki i prosty proces zam\u00f3wienia jest tutaj kluczowy, aby unikn\u0105\u0107 potencjalnych przeszk\u00f3d i zapewni\u0107 zako\u0144czenie.<\/li>\n<\/ol>\n\n<h4 class=\"wp-block-heading\">Optymalizacja lejka konwersji<\/h4>\n\n<p class=\"wp-block-paragraph\">Aby maksymalizowa\u0107 efektywno\u015b\u0107 lejka konwersji, niezb\u0119dne jest monitorowanie i analizowanie wydajno\u015bci ka\u017cdej pojedynczej fazy. To mo\u017ce nast\u0105pi\u0107 za pomoc\u0105 r\u00f3\u017cnych narz\u0119dzi analitycznych i pomiar\u00f3w KPI. Niekt\u00f3re wa\u017cne dzia\u0142ania w celu optymalizacji to:<\/p>\n\n<ul class=\"wp-block-list\">\n<li><strong>Dostosowanie tre\u015bci<\/strong>: Tre\u015b\u0107 powinna by\u0107 dostosowana do konkretnej fazy lejka, aby dok\u0142adnie adresowa\u0107 potrzeby i pytania klient\u00f3w.<\/li>\n\n\n\n<li><strong>Personalizacja<\/strong>: Dzi\u0119ki personalizacji tre\u015bci i ofert mo\u017cna zwi\u0119kszy\u0107 zaanga\u017cowanie klient\u00f3w i poprawi\u0107 wsp\u00f3\u0142czynnik konwersji.<\/li>\n\n\n\n<li><strong>Retargeting<\/strong>: Specjalne kampanie skierowane do klient\u00f3w, kt\u00f3rzy nie przeszli ca\u0142kowicie przez lejek, mog\u0105 pom\u00f3c odzyska\u0107 ich i doprowadzi\u0107 do zako\u0144czenia.<\/li>\n\n\n\n<li><strong>Poprawa u\u017cyteczno\u015bci<\/strong>: P\u0142ynny i intuicyjny proces zakupu mo\u017ce znacznie zmniejszy\u0107 wska\u017anik porzucania i zwi\u0119kszy\u0107 zadowolenie klient\u00f3w.<\/li>\n<\/ul>\n\n<h4 class=\"wp-block-heading\">Zmniejszenie wska\u017anika rezygnacji<\/h4>\n\n<p class=\"wp-block-paragraph\">Nie wszyscy klienci, kt\u00f3rzy wchodz\u0105 do lejka, przechodz\u0105 przez niego ca\u0142kowicie a\u017c do zakupu. Jest wa\u017cne, aby zrozumie\u0107 powody przerwa\u0144 i opracowa\u0107 strategie, aby je zminimalizowa\u0107.<\/p>\n\n<ul class=\"wp-block-list\">\n<li><strong>Szczeg\u00f3\u0142owe analizy<\/strong>: U\u017cywaj analiz, aby dowiedzie\u0107 si\u0119, w kt\u00f3rych punktach w lejku najcz\u0119\u015bciej dochodzi do przerwa\u0144 i dlaczego.<\/li>\n\n\n\n<li><strong>Zbieranie opinii<\/strong>: Bezpo\u015brednie opinie od klient\u00f3w mog\u0105 dostarczy\u0107 cennych spostrze\u017ce\u0144 na temat przeszk\u00f3d i frustracji.<\/li>\n\n\n\n<li><strong>Ulepszona komunikacja z klientem<\/strong>: Regularna i celowa komunikacja, np. poprzez e-maile \u015bledz\u0105ce lub osobiste wiadomo\u015bci, mo\u017ce zach\u0119ci\u0107 klient\u00f3w do kontynuowania procesu zakupu.<\/li>\n<\/ul>\n\n<h4 class=\"wp-block-heading\">D\u0142ugoterminowe korzy\u015bci z lejka konwersji<\/h4>\n\n<p class=\"wp-block-paragraph\">Opr\u00f3cz poprawy wsp\u00f3\u0142czynnika konwersji, lejek konwersji dostarcza r\u00f3wnie\u017c cennych informacji na temat potrzeb i preferencji klient\u00f3w. To wiedza pozwala firmom tworzy\u0107 spersonalizowane i istotne do\u015bwiadczenia, kt\u00f3re nie tylko zwi\u0119kszaj\u0105 zadowolenie i lojalno\u015b\u0107 klient\u00f3w, ale tak\u017ce d\u0142ugoterminowo wzmacniaj\u0105 ich zaanga\u017cowanie.<\/p>\n\n<h3 class=\"wp-block-heading\">Wnioski<\/h3>\n\n<p class=\"wp-block-paragraph\">Lewar konwersji to pot\u0119\u017cne narz\u0119dzie, kt\u00f3re pomaga firmom doskonali\u0107 i optymalizowa\u0107 swoje strategie marketingowe i sprzeda\u017cowe. Poprzez zrozumienie r\u00f3\u017cnych etap\u00f3w podr\u00f3\u017cy klienta i celowe optymalizowanie tych etap\u00f3w, firmy mog\u0105 zwi\u0119kszy\u0107 efektywno\u015b\u0107 swoich dzia\u0142a\u0144 marketingowych, wzmocni\u0107 lojalno\u015b\u0107 klient\u00f3w i ostatecznie zwi\u0119kszy\u0107 sprzeda\u017c. W coraz bardziej konkurencyjnym cyfrowym krajobrazie, lejek konwersji jest wi\u0119c niezb\u0119dny dla zr\u00f3wnowa\u017conego sukcesu firmy.<\/p>\n","protected":false},"excerpt":{"rendered":"<p>Klucz do optymalizacji podr\u00f3\u017cy klienta Lewar konwersji, znany r\u00f3wnie\u017c jako lejek sprzeda\u017cy, to podstawowy model w marketingu cyfrowym, kt\u00f3ry przedstawia \u015bcie\u017ck\u0119 potencjalnego klienta od pierwszej interakcji z firm\u0105 do finalizacji zakupu lub skorzystania z us\u0142ugi. Ten model pomaga firmom zrozumie\u0107<\/p>\n","protected":false},"author":2332,"featured_media":4816,"parent":4979,"menu_order":0,"comment_status":"closed","ping_status":"closed","template":"","meta":{"_seopress_robots_primary_cat":"","_seopress_titles_title":"Optymalizacja lejka konwersji: klucz do podr\u00f3\u017cy klienta %%sep%% %%sitetitle%%","_seopress_titles_desc":"Dowiedz si\u0119, jak poprawi\u0107 podr\u00f3\u017c klienta na ka\u017cdym kroku lejka konwersji, zwi\u0119kszaj\u0105c tym samym przychody i wska\u017aniki konwersji.","_seopress_robots_index":"","_crdt_document":"","_uag_custom_page_level_css":"","spectra_gs_classes":"","footnotes":""},"class_list":["post-4820","page","type-page","status-publish","has-post-thumbnail","hentry"],"spectra_custom_meta":{"_top_nav_excluded":[""],"_cms_nav_minihome":[""],"_thumbnail_id":["4816"],"_wp_page_template":[""],"_wpml_word_count":["{\"total\":622,\"to_translate\":{\"en\":622,\"de\":622}}"],"_last_translation_edit_mode":["translation-editor"],"_seopress_titles_title":["Optymalizacja lejka konwersji: klucz do podr\u00f3\u017cy klienta %%sep%% %%sitetitle%%"],"_seopress_titles_desc":["Dowiedz si\u0119, jak poprawi\u0107 podr\u00f3\u017c klienta na ka\u017cdym kroku lejka konwersji, zwi\u0119kszaj\u0105c tym samym przychody i wska\u017aniki konwersji."],"_seopress_redirections_logged_status":["oba"],"_seopress_redirections_type":["301"],"_uagb_previous_block_counts":["a:90:{s:21:\"uagb\/advanced-heading\";i:0;s:15:\"uagb\/blockquote\";i:0;s:12:\"uagb\/buttons\";i:0;s:18:\"uagb\/buttons-child\";i:0;s:19:\"uagb\/call-to-action\";i:0;s:15:\"uagb\/cf7-styler\";i:0;s:11:\"uagb\/column\";i:0;s:12:\"uagb\/columns\";i:0;s:14:\"uagb\/container\";i:0;s:21:\"uagb\/content-timeline\";i:0;s:27:\"uagb\/content-timeline-child\";i:0;s:14:\"uagb\/countdown\";i:0;s:12:\"uagb\/counter\";i:0;s:8:\"uagb\/faq\";i:0;s:14:\"uagb\/faq-child\";i:0;s:10:\"uagb\/forms\";i:0;s:17:\"uagb\/forms-accept\";i:0;s:19:\"uagb\/forms-checkbox\";i:0;s:15:\"uagb\/forms-date\";i:0;s:16:\"uagb\/forms-email\";i:0;s:17:\"uagb\/forms-hidden\";i:0;s:15:\"uagb\/forms-name\";i:0;s:16:\"uagb\/forms-phone\";i:0;s:16:\"uagb\/forms-radio\";i:0;s:17:\"uagb\/forms-select\";i:0;s:19:\"uagb\/forms-textarea\";i:0;s:17:\"uagb\/forms-toggle\";i:0;s:14:\"uagb\/forms-url\";i:0;s:14:\"uagb\/gf-styler\";i:0;s:15:\"uagb\/google-map\";i:0;s:11:\"uagb\/how-to\";i:0;s:16:\"uagb\/how-to-step\";i:0;s:9:\"uagb\/icon\";i:0;s:14:\"uagb\/icon-list\";i:0;s:20:\"uagb\/icon-list-child\";i:0;s:10:\"uagb\/image\";i:0;s:18:\"uagb\/image-gallery\";i:0;s:13:\"uagb\/info-box\";i:0;s:18:\"uagb\/inline-notice\";i:0;s:11:\"uagb\/lottie\";i:0;s:21:\"uagb\/marketing-button\";i:0;s:10:\"uagb\/modal\";i:0;s:18:\"uagb\/popup-builder\";i:0;s:16:\"uagb\/post-button\";i:0;s:18:\"uagb\/post-carousel\";i:0;s:17:\"uagb\/post-excerpt\";i:0;s:14:\"uagb\/post-grid\";i:0;s:15:\"uagb\/post-image\";i:0;s:17:\"uagb\/post-masonry\";i:0;s:14:\"uagb\/post-meta\";i:0;s:18:\"uagb\/post-taxonomy\";i:0;s:18:\"uagb\/post-timeline\";i:0;s:15:\"uagb\/post-title\";i:0;s:20:\"uagb\/restaurant-menu\";i:0;s:26:\"uagb\/restaurant-menu-child\";i:0;s:11:\"uagb\/review\";i:0;s:12:\"uagb\/section\";i:0;s:14:\"uagb\/separator\";i:0;s:11:\"uagb\/slider\";i:0;s:17:\"uagb\/slider-child\";i:0;s:17:\"uagb\/social-share\";i:0;s:23:\"uagb\/social-share-child\";i:0;s:16:\"uagb\/star-rating\";i:0;s:23:\"uagb\/sure-cart-checkout\";i:0;s:22:\"uagb\/sure-cart-product\";i:0;s:15:\"uagb\/sure-forms\";i:0;s:22:\"uagb\/table-of-contents\";i:0;s:9:\"uagb\/tabs\";i:0;s:15:\"uagb\/tabs-child\";i:0;s:18:\"uagb\/taxonomy-list\";i:0;s:9:\"uagb\/team\";i:0;s:16:\"uagb\/testimonial\";i:0;s:14:\"uagb\/wp-search\";i:0;s:19:\"uagb\/instagram-feed\";i:0;s:10:\"uagb\/login\";i:0;s:17:\"uagb\/loop-builder\";i:0;s:18:\"uagb\/loop-category\";i:0;s:20:\"uagb\/loop-pagination\";i:0;s:15:\"uagb\/loop-reset\";i:0;s:16:\"uagb\/loop-search\";i:0;s:14:\"uagb\/loop-sort\";i:0;s:17:\"uagb\/loop-wrapper\";i:0;s:13:\"uagb\/register\";i:0;s:19:\"uagb\/register-email\";i:0;s:24:\"uagb\/register-first-name\";i:0;s:23:\"uagb\/register-last-name\";i:0;s:22:\"uagb\/register-password\";i:0;s:30:\"uagb\/register-reenter-password\";i:0;s:19:\"uagb\/register-terms\";i:0;s:22:\"uagb\/register-username\";i:0;}"],"_uag_page_assets":["a:9:{s:3:\"css\";s:263:\".uag-blocks-common-selector{z-index:var(--z-index-desktop) !important}@media (max-width: 976px){.uag-blocks-common-selector{z-index:var(--z-index-tablet) !important}}@media (max-width: 767px){.uag-blocks-common-selector{z-index:var(--z-index-mobile) !important}}\n\";s:2:\"js\";s:0:\"\";s:18:\"current_block_list\";a:5:{i:0;s:10:\"core\/image\";i:1;s:12:\"core\/heading\";i:2;s:14:\"core\/paragraph\";i:3;s:9:\"core\/list\";i:4;s:14:\"core\/list-item\";}s:8:\"uag_flag\";b:0;s:11:\"uag_version\";s:10:\"1776768691\";s:6:\"gfonts\";a:0:{}s:10:\"gfonts_url\";s:0:\"\";s:12:\"gfonts_files\";a:0:{}s:14:\"uag_faq_layout\";b:0;}"],"_uag_css_file_name":["uag-css-4820.css"]},"uagb_featured_image_src":{"full":["https:\/\/dlx-media.com\/wp-content\/uploads\/Conversion-Funnel.jpeg",1792,1024,false],"thumbnail":["https:\/\/dlx-media.com\/wp-content\/uploads\/Conversion-Funnel-250x250.jpeg",250,250,true],"medium":["https:\/\/dlx-media.com\/wp-content\/uploads\/Conversion-Funnel-350x200.jpeg",350,200,true],"medium_large":["https:\/\/dlx-media.com\/wp-content\/uploads\/Conversion-Funnel-768x439.jpeg",768,439,true],"large":["https:\/\/dlx-media.com\/wp-content\/uploads\/Conversion-Funnel-1024x585.jpeg",1024,585,true],"1536x1536":["https:\/\/dlx-media.com\/wp-content\/uploads\/Conversion-Funnel-1536x878.jpeg",1536,878,true],"2048x2048":["https:\/\/dlx-media.com\/wp-content\/uploads\/Conversion-Funnel.jpeg",1792,1024,false],"suffice-thumbnail-grid":["https:\/\/dlx-media.com\/wp-content\/uploads\/Conversion-Funnel-750x420.jpeg",750,420,true],"suffice-thumbnail-featured-one":["https:\/\/dlx-media.com\/wp-content\/uploads\/Conversion-Funnel-295x525.jpeg",295,525,true],"suffice-thumbnail-featured-two":["https:\/\/dlx-media.com\/wp-content\/uploads\/Conversion-Funnel-1140x504.jpeg",1140,504,true],"suffice-thumbnail-portfolio":["https:\/\/dlx-media.com\/wp-content\/uploads\/Conversion-Funnel-572x552.jpeg",572,552,true],"suffice-thumbnail-portfolio-masonry":["https:\/\/dlx-media.com\/wp-content\/uploads\/Conversion-Funnel-572x652.jpeg",572,652,true]},"uagb_author_info":{"display_name":"DLxMedia","author_link":"https:\/\/dlx-media.com\/pl"},"uagb_comment_info":0,"uagb_excerpt":"Klucz do optymalizacji podr\u00f3\u017cy klienta Lewar konwersji, znany r\u00f3wnie\u017c jako lejek sprzeda\u017cy, to podstawowy model w marketingu cyfrowym, kt\u00f3ry przedstawia \u015bcie\u017ck\u0119 potencjalnego klienta od pierwszej interakcji z firm\u0105 do finalizacji zakupu lub skorzystania z us\u0142ugi. Ten model pomaga firmom zrozumie\u0107","_links":{"self":[{"href":"https:\/\/dlx-media.com\/pl\/wp-json\/wp\/v2\/pages\/4820","targetHints":{"allow":["GET"]}}],"collection":[{"href":"https:\/\/dlx-media.com\/pl\/wp-json\/wp\/v2\/pages"}],"about":[{"href":"https:\/\/dlx-media.com\/pl\/wp-json\/wp\/v2\/types\/page"}],"author":[{"embeddable":true,"href":"https:\/\/dlx-media.com\/pl\/wp-json\/wp\/v2\/users\/2332"}],"replies":[{"embeddable":true,"href":"https:\/\/dlx-media.com\/pl\/wp-json\/wp\/v2\/comments?post=4820"}],"version-history":[{"count":2,"href":"https:\/\/dlx-media.com\/pl\/wp-json\/wp\/v2\/pages\/4820\/revisions"}],"predecessor-version":[{"id":5255,"href":"https:\/\/dlx-media.com\/pl\/wp-json\/wp\/v2\/pages\/4820\/revisions\/5255"}],"up":[{"embeddable":true,"href":"https:\/\/dlx-media.com\/pl\/wp-json\/wp\/v2\/pages\/4979"}],"wp:featuredmedia":[{"embeddable":true,"href":"https:\/\/dlx-media.com\/pl\/wp-json\/wp\/v2\/media\/4816"}],"wp:attachment":[{"href":"https:\/\/dlx-media.com\/pl\/wp-json\/wp\/v2\/media?parent=4820"}],"curies":[{"name":"wp","href":"https:\/\/api.w.org\/{rel}","templated":true}]}}