{"id":4809,"date":"2024-05-21T16:15:47","date_gmt":"2024-05-21T14:15:47","guid":{"rendered":"https:\/\/www.dlx-media.com\/slowniczek\/marketing-tresci\/"},"modified":"2024-07-14T13:50:43","modified_gmt":"2024-07-14T11:50:43","slug":"marketing-tresci","status":"publish","type":"page","link":"https:\/\/dlx-media.com\/pl\/slowniczek\/marketing-tresci\/","title":{"rendered":"Marketing tre\u015bci"},"content":{"rendered":"<div class=\"wp-block-image\">\n<figure data-spectra-id=\"spectra-d0fa1c0a-d525-4fcf-9416-5a6a7d038d10\" class=\"aligncenter size-full\"><img loading=\"lazy\" decoding=\"async\" width=\"1792\" height=\"1024\" src=\"https:\/\/dlx-media.com\/file\/Content-Marketing.jpeg\" alt=\"Marketing tre&#x15B;ci\" class=\"wp-image-4803\" srcset=\"https:\/\/dlx-media.com\/wp-content\/uploads\/Content-Marketing.jpeg 1792w, https:\/\/dlx-media.com\/wp-content\/uploads\/Content-Marketing-350x200.jpeg 350w, https:\/\/dlx-media.com\/wp-content\/uploads\/Content-Marketing-1024x585.jpeg 1024w, https:\/\/dlx-media.com\/wp-content\/uploads\/Content-Marketing-768x439.jpeg 768w, https:\/\/dlx-media.com\/wp-content\/uploads\/Content-Marketing-1536x878.jpeg 1536w\" sizes=\"auto, (max-width: 1792px) 100vw, 1792px\" \/><\/figure>\n<\/div>\n<h3 class=\"wp-block-heading\">Klucz do trwa\u0142ego sukcesu w erze cyfrowej<\/h3>\n\n<p class=\"wp-block-paragraph\">Content marketing to co\u015b wi\u0119cej ni\u017c tylko moda w marketingu cyfrowym. Jest to strategiczna metoda, kt\u00f3rej celem jest dotarcie i utrzymanie jasno okre\u015blonej grupy docelowej poprzez tworzenie i dystrybucj\u0119 warto\u015bciowych, istotnych i sp\u00f3jnych tre\u015bci. Ostatecznym celem marketingu tre\u015bci jest wp\u0142ywanie na zachowania konsument\u00f3w i motywowanie ich do podejmowania okre\u015blonych dzia\u0142a\u0144, takich jak zakup produktu, rejestracja w us\u0142udze lub udost\u0119pnianie tre\u015bci.<\/p>\n\n<h4 class=\"wp-block-heading\">Istota marketingu tre\u015bci<\/h4>\n\n<p class=\"wp-block-paragraph\">U podstaw marketingu tre\u015bci le\u017cy budowanie zaufania i relacji z klientami. Zamiast nak\u0142ania\u0107 klient\u00f3w bezpo\u015brednio do zakupu, content marketing dostarcza u\u017cytecznych informacji, kt\u00f3re pomagaj\u0105 klientom rozwi\u0105za\u0107 ich problemy lub zaspokoi\u0107 ich potrzeby. Takie podej\u015bcie promuje pozytywny wizerunek marki i wzmacnia d\u0142ugoterminow\u0105 lojalno\u015b\u0107 klient\u00f3w.<\/p>\n\n<h4 class=\"wp-block-heading\">R\u00f3\u017cnorodne formy tre\u015bci<\/h4>\n\n<p class=\"wp-block-paragraph\">Marketing tre\u015bci obejmuje szeroki zakres tre\u015bci, kt\u00f3re s\u0105 wykorzystywane strategicznie w celu dotarcia do r\u00f3\u017cnych grup docelowych i zaanga\u017cowania ich. Najpopularniejsze formy obejmuj\u0105<\/p>\n\n<ul class=\"wp-block-list\">\n<li><strong>Wpisy na blogu<\/strong>: Regularne artyku\u0142y na blogu mog\u0105 dostarcza\u0107 dog\u0142\u0119bnych informacji na istotne tematy, wzbudza\u0107 zainteresowanie czytelnik\u00f3w i stymulowa\u0107 dyskusj\u0119.<\/li>\n\n\n\n<li><strong>E-booki<\/strong>: Kompleksowe i szczeg\u00f3\u0142owe informacje na okre\u015blone tematy oferowane jako pliki do pobrania mog\u0105 s\u0142u\u017cy\u0107 jako cenne zasoby i jednocze\u015bnie gromadzi\u0107 dane kontaktowe.<\/li>\n\n\n\n<li><strong>Infografiki<\/strong>: Atrakcyjne wizualnie i \u0142atwe do zrozumienia wizualizacje z\u0142o\u017conych danych lub proces\u00f3w, kt\u00f3re dostarczaj\u0105 informacji, kt\u00f3re mo\u017cna szybko zrozumie\u0107.<\/li>\n\n\n\n<li><strong>Filmy wideo<\/strong>: Niezale\u017cnie od tego, czy s\u0105 to samouczki, filmy obja\u015bniaj\u0105ce czy historie klient\u00f3w &#8211; filmy s\u0105 skutecznym sposobem jasnego przekazywania wiadomo\u015bci.<\/li>\n\n\n\n<li><strong>Podcasty<\/strong>: Regularne tre\u015bci audio oferuj\u0105ce opinie ekspert\u00f3w, wywiady i dyskusje na istotne tematy.<\/li>\n\n\n\n<li><strong>Posty w mediach spo\u0142eczno\u015bciowych<\/strong>: Kr\u00f3tkie, zwi\u0119z\u0142e tre\u015bci, kt\u00f3re zach\u0119caj\u0105 do interakcji z grup\u0105 docelow\u0105 i zwi\u0119kszaj\u0105 zasi\u0119g marki.<\/li>\n\n\n\n<li><strong>Seminaria internetowe<\/strong>: Seminaria online na \u017cywo, kt\u00f3re zapewniaj\u0105 g\u0142\u0119bszy wgl\u0105d w okre\u015blone tematy i umo\u017cliwiaj\u0105 bezpo\u015bredni\u0105 interakcj\u0119 z publiczno\u015bci\u0105.<\/li>\n<\/ul>\n\n<h4 class=\"wp-block-heading\">Zwi\u0105zek mi\u0119dzy marketingiem tre\u015bci a SEO<\/h4>\n\n<p class=\"wp-block-paragraph\">Marketing tre\u015bci i optymalizacja pod k\u0105tem wyszukiwarek (SEO) s\u0105 ze sob\u0105 \u015bci\u015ble powi\u0105zane. Wysokiej jako\u015bci i odpowiednia tre\u015b\u0107 jest niezb\u0119dnym czynnikiem dla dobrego rankingu w wyszukiwarkach. Techniki SEO pomagaj\u0105 poprawi\u0107 widoczno\u015b\u0107 witryny w wynikach wyszukiwania poprzez generowanie ruchu organicznego (niep\u0142atnego).<\/p>\n\n<p class=\"wp-block-paragraph\"><strong>SEO i marketing tre\u015bci<\/strong>:<\/p>\n\n<ul class=\"wp-block-list\">\n<li><strong>Integracja s\u0142\u00f3w kluczowych<\/strong>: Ukierunkowana integracja odpowiednich s\u0142\u00f3w kluczowych w tre\u015bci poprawia mo\u017cliwo\u015b\u0107 znalezienia tre\u015bci.<\/li>\n\n\n\n<li><strong>Linki<\/strong> zwrotne: Wysokiej jako\u015bci tre\u015bci przyci\u0105gaj\u0105 naturalne linki zwrotne z innych stron internetowych, kt\u00f3re s\u0142u\u017c\u0105 jako rekomendacje i wa\u017cny czynnik rankingowy dla wyszukiwarek.<\/li>\n\n\n\n<li><strong>Zaanga\u017cowanie u\u017cytkownik\u00f3w<\/strong>: Tre\u015bci, kt\u00f3re przemawiaj\u0105 do u\u017cytkownik\u00f3w i zach\u0119caj\u0105 do interakcji, sygnalizuj\u0105 wyszukiwarkom wysok\u0105 trafno\u015b\u0107 i jako\u015b\u0107.<\/li>\n<\/ul>\n\n<h4 class=\"wp-block-heading\">Zalety marketingu tre\u015bci<\/h4>\n\n<p class=\"wp-block-paragraph\">Strategiczne zastosowanie marketingu tre\u015bci oferuje wiele korzy\u015bci dla firm:<\/p>\n\n<ul class=\"wp-block-list\">\n<li><strong>Zwi\u0119kszenie \u015bwiadomo\u015bci marki<\/strong>: Regularne publikowanie warto\u015bciowych tre\u015bci zwi\u0119ksza widoczno\u015b\u0107 marki i dociera do szerszego grona odbiorc\u00f3w.<\/li>\n\n\n\n<li><strong>Poprawa lojalno\u015bci klient\u00f3w<\/strong>: Odpowiednie i przydatne tre\u015bci promuj\u0105 zaufanie i lojalno\u015b\u0107 klient\u00f3w.<\/li>\n\n\n\n<li><strong>Pozyskiwanie nowych klient\u00f3w<\/strong>: Dobrze rozmieszczone tre\u015bci przyci\u0105gaj\u0105 potencjalnych klient\u00f3w i mog\u0105 przekszta\u0142ci\u0107 ich w potencjalnych klient\u00f3w, a ostatecznie w p\u0142ac\u0105cych klient\u00f3w.<\/li>\n\n\n\n<li><strong>Wzmocnienie autorytetu marki<\/strong>: Dziel\u0105c si\u0119 swoim do\u015bwiadczeniem i wiedz\u0105, firmy pozycjonuj\u0105 si\u0119 jako autorytety w swojej bran\u017cy.<\/li>\n<\/ul>\n\n<h4 class=\"wp-block-heading\">Wniosek: D\u0142ugoterminowy sukces dzi\u0119ki marketingowi tre\u015bci<\/h4>\n\n<p class=\"wp-block-paragraph\">Content marketing to d\u0142ugoterminowa strategia, kt\u00f3rej celem jest budowanie silnych relacji z klientami poprzez dostarczanie warto\u015bciowych tre\u015bci. Zamiast skupia\u0107 si\u0119 na kr\u00f3tkoterminowym sukcesie sprzeda\u017cowym, marketing tre\u015bci promuje zr\u00f3wnowa\u017cony wzrost poprzez zaufanie, trafno\u015b\u0107 i zaanga\u017cowanie. W dzisiejszym szybko zmieniaj\u0105cym si\u0119 cyfrowym \u015bwiecie marketing tre\u015bci jest niezb\u0119dnym narz\u0119dziem dla firm, kt\u00f3re chc\u0105 wzmocni\u0107 swoj\u0105 obecno\u015b\u0107 w Internecie i osi\u0105gn\u0105\u0107 swoje cele biznesowe.<\/p>\n","protected":false},"excerpt":{"rendered":"<p>Klucz do trwa\u0142ego sukcesu w erze cyfrowej Content marketing to co\u015b wi\u0119cej ni\u017c tylko moda w marketingu cyfrowym. Jest to strategiczna metoda, kt\u00f3rej celem jest dotarcie i utrzymanie jasno okre\u015blonej grupy docelowej poprzez tworzenie i dystrybucj\u0119 warto\u015bciowych, istotnych i sp\u00f3jnych<\/p>\n","protected":false},"author":2332,"featured_media":4805,"parent":4979,"menu_order":0,"comment_status":"closed","ping_status":"closed","template":"","meta":{"_seopress_robots_primary_cat":"","_seopress_titles_title":"Sukces w erze cyfrowej: strategie marketingu tre\u015bci %%sitetitle%%","_seopress_titles_desc":"Dowiedz si\u0119, jak content marketing buduje zaufanie, zatrzymuje klient\u00f3w i wzmacnia Twoj\u0105 mark\u0119. Kluczowa strategia zr\u00f3wnowa\u017conego sukcesu cyfrowego.","_seopress_robots_index":"","_crdt_document":"","_uag_custom_page_level_css":"","spectra_gs_classes":"","footnotes":""},"class_list":["post-4809","page","type-page","status-publish","has-post-thumbnail","hentry"],"spectra_custom_meta":{"_top_nav_excluded":[""],"_cms_nav_minihome":[""],"_thumbnail_id":["4805"],"_wp_page_template":[""],"_wpml_word_count":["{\"total\":553,\"to_translate\":{\"en\":553,\"de\":553}}"],"_last_translation_edit_mode":["translation-editor"],"_seopress_titles_title":["Sukces w erze cyfrowej: strategie marketingu tre\u015bci %%sitetitle%%"],"_seopress_titles_desc":["Dowiedz si\u0119, jak content marketing buduje zaufanie, zatrzymuje klient\u00f3w i wzmacnia Twoj\u0105 mark\u0119. Kluczowa strategia zr\u00f3wnowa\u017conego sukcesu cyfrowego."],"_seopress_redirections_logged_status":["oba"],"_seopress_redirections_type":["301"],"_uagb_previous_block_counts":["a:90:{s:21:\"uagb\/advanced-heading\";i:0;s:15:\"uagb\/blockquote\";i:0;s:12:\"uagb\/buttons\";i:0;s:18:\"uagb\/buttons-child\";i:0;s:19:\"uagb\/call-to-action\";i:0;s:15:\"uagb\/cf7-styler\";i:0;s:11:\"uagb\/column\";i:0;s:12:\"uagb\/columns\";i:0;s:14:\"uagb\/container\";i:0;s:21:\"uagb\/content-timeline\";i:0;s:27:\"uagb\/content-timeline-child\";i:0;s:14:\"uagb\/countdown\";i:0;s:12:\"uagb\/counter\";i:0;s:8:\"uagb\/faq\";i:0;s:14:\"uagb\/faq-child\";i:0;s:10:\"uagb\/forms\";i:0;s:17:\"uagb\/forms-accept\";i:0;s:19:\"uagb\/forms-checkbox\";i:0;s:15:\"uagb\/forms-date\";i:0;s:16:\"uagb\/forms-email\";i:0;s:17:\"uagb\/forms-hidden\";i:0;s:15:\"uagb\/forms-name\";i:0;s:16:\"uagb\/forms-phone\";i:0;s:16:\"uagb\/forms-radio\";i:0;s:17:\"uagb\/forms-select\";i:0;s:19:\"uagb\/forms-textarea\";i:0;s:17:\"uagb\/forms-toggle\";i:0;s:14:\"uagb\/forms-url\";i:0;s:14:\"uagb\/gf-styler\";i:0;s:15:\"uagb\/google-map\";i:0;s:11:\"uagb\/how-to\";i:0;s:16:\"uagb\/how-to-step\";i:0;s:9:\"uagb\/icon\";i:0;s:14:\"uagb\/icon-list\";i:0;s:20:\"uagb\/icon-list-child\";i:0;s:10:\"uagb\/image\";i:0;s:18:\"uagb\/image-gallery\";i:0;s:13:\"uagb\/info-box\";i:0;s:18:\"uagb\/inline-notice\";i:0;s:11:\"uagb\/lottie\";i:0;s:21:\"uagb\/marketing-button\";i:0;s:10:\"uagb\/modal\";i:0;s:18:\"uagb\/popup-builder\";i:0;s:16:\"uagb\/post-button\";i:0;s:18:\"uagb\/post-carousel\";i:0;s:17:\"uagb\/post-excerpt\";i:0;s:14:\"uagb\/post-grid\";i:0;s:15:\"uagb\/post-image\";i:0;s:17:\"uagb\/post-masonry\";i:0;s:14:\"uagb\/post-meta\";i:0;s:18:\"uagb\/post-taxonomy\";i:0;s:18:\"uagb\/post-timeline\";i:0;s:15:\"uagb\/post-title\";i:0;s:20:\"uagb\/restaurant-menu\";i:0;s:26:\"uagb\/restaurant-menu-child\";i:0;s:11:\"uagb\/review\";i:0;s:12:\"uagb\/section\";i:0;s:14:\"uagb\/separator\";i:0;s:11:\"uagb\/slider\";i:0;s:17:\"uagb\/slider-child\";i:0;s:17:\"uagb\/social-share\";i:0;s:23:\"uagb\/social-share-child\";i:0;s:16:\"uagb\/star-rating\";i:0;s:23:\"uagb\/sure-cart-checkout\";i:0;s:22:\"uagb\/sure-cart-product\";i:0;s:15:\"uagb\/sure-forms\";i:0;s:22:\"uagb\/table-of-contents\";i:0;s:9:\"uagb\/tabs\";i:0;s:15:\"uagb\/tabs-child\";i:0;s:18:\"uagb\/taxonomy-list\";i:0;s:9:\"uagb\/team\";i:0;s:16:\"uagb\/testimonial\";i:0;s:14:\"uagb\/wp-search\";i:0;s:19:\"uagb\/instagram-feed\";i:0;s:10:\"uagb\/login\";i:0;s:17:\"uagb\/loop-builder\";i:0;s:18:\"uagb\/loop-category\";i:0;s:20:\"uagb\/loop-pagination\";i:0;s:15:\"uagb\/loop-reset\";i:0;s:16:\"uagb\/loop-search\";i:0;s:14:\"uagb\/loop-sort\";i:0;s:17:\"uagb\/loop-wrapper\";i:0;s:13:\"uagb\/register\";i:0;s:19:\"uagb\/register-email\";i:0;s:24:\"uagb\/register-first-name\";i:0;s:23:\"uagb\/register-last-name\";i:0;s:22:\"uagb\/register-password\";i:0;s:30:\"uagb\/register-reenter-password\";i:0;s:19:\"uagb\/register-terms\";i:0;s:22:\"uagb\/register-username\";i:0;}"],"_uag_page_assets":["a:9:{s:3:\"css\";s:263:\".uag-blocks-common-selector{z-index:var(--z-index-desktop) !important}@media (max-width: 976px){.uag-blocks-common-selector{z-index:var(--z-index-tablet) !important}}@media (max-width: 767px){.uag-blocks-common-selector{z-index:var(--z-index-mobile) !important}}\n\";s:2:\"js\";s:0:\"\";s:18:\"current_block_list\";a:5:{i:0;s:10:\"core\/image\";i:1;s:12:\"core\/heading\";i:2;s:14:\"core\/paragraph\";i:3;s:9:\"core\/list\";i:4;s:14:\"core\/list-item\";}s:8:\"uag_flag\";b:0;s:11:\"uag_version\";s:10:\"1776768691\";s:6:\"gfonts\";a:0:{}s:10:\"gfonts_url\";s:0:\"\";s:12:\"gfonts_files\";a:0:{}s:14:\"uag_faq_layout\";b:0;}"],"_uag_css_file_name":["uag-css-4809.css"]},"uagb_featured_image_src":{"full":["https:\/\/dlx-media.com\/wp-content\/uploads\/Content-Marketing.jpeg",1792,1024,false],"thumbnail":["https:\/\/dlx-media.com\/wp-content\/uploads\/Content-Marketing-250x250.jpeg",250,250,true],"medium":["https:\/\/dlx-media.com\/wp-content\/uploads\/Content-Marketing-350x200.jpeg",350,200,true],"medium_large":["https:\/\/dlx-media.com\/wp-content\/uploads\/Content-Marketing-768x439.jpeg",768,439,true],"large":["https:\/\/dlx-media.com\/wp-content\/uploads\/Content-Marketing-1024x585.jpeg",1024,585,true],"1536x1536":["https:\/\/dlx-media.com\/wp-content\/uploads\/Content-Marketing-1536x878.jpeg",1536,878,true],"2048x2048":["https:\/\/dlx-media.com\/wp-content\/uploads\/Content-Marketing.jpeg",1792,1024,false],"suffice-thumbnail-grid":["https:\/\/dlx-media.com\/wp-content\/uploads\/Content-Marketing-750x420.jpeg",750,420,true],"suffice-thumbnail-featured-one":["https:\/\/dlx-media.com\/wp-content\/uploads\/Content-Marketing-295x525.jpeg",295,525,true],"suffice-thumbnail-featured-two":["https:\/\/dlx-media.com\/wp-content\/uploads\/Content-Marketing-1140x504.jpeg",1140,504,true],"suffice-thumbnail-portfolio":["https:\/\/dlx-media.com\/wp-content\/uploads\/Content-Marketing-572x552.jpeg",572,552,true],"suffice-thumbnail-portfolio-masonry":["https:\/\/dlx-media.com\/wp-content\/uploads\/Content-Marketing-572x652.jpeg",572,652,true]},"uagb_author_info":{"display_name":"DLxMedia","author_link":"https:\/\/dlx-media.com\/pl"},"uagb_comment_info":0,"uagb_excerpt":"Klucz do trwa\u0142ego sukcesu w erze cyfrowej Content marketing to co\u015b wi\u0119cej ni\u017c tylko moda w marketingu cyfrowym. Jest to strategiczna metoda, kt\u00f3rej celem jest dotarcie i utrzymanie jasno okre\u015blonej grupy docelowej poprzez tworzenie i dystrybucj\u0119 warto\u015bciowych, istotnych i sp\u00f3jnych","_links":{"self":[{"href":"https:\/\/dlx-media.com\/pl\/wp-json\/wp\/v2\/pages\/4809","targetHints":{"allow":["GET"]}}],"collection":[{"href":"https:\/\/dlx-media.com\/pl\/wp-json\/wp\/v2\/pages"}],"about":[{"href":"https:\/\/dlx-media.com\/pl\/wp-json\/wp\/v2\/types\/page"}],"author":[{"embeddable":true,"href":"https:\/\/dlx-media.com\/pl\/wp-json\/wp\/v2\/users\/2332"}],"replies":[{"embeddable":true,"href":"https:\/\/dlx-media.com\/pl\/wp-json\/wp\/v2\/comments?post=4809"}],"version-history":[{"count":2,"href":"https:\/\/dlx-media.com\/pl\/wp-json\/wp\/v2\/pages\/4809\/revisions"}],"predecessor-version":[{"id":5248,"href":"https:\/\/dlx-media.com\/pl\/wp-json\/wp\/v2\/pages\/4809\/revisions\/5248"}],"up":[{"embeddable":true,"href":"https:\/\/dlx-media.com\/pl\/wp-json\/wp\/v2\/pages\/4979"}],"wp:featuredmedia":[{"embeddable":true,"href":"https:\/\/dlx-media.com\/pl\/wp-json\/wp\/v2\/media\/4805"}],"wp:attachment":[{"href":"https:\/\/dlx-media.com\/pl\/wp-json\/wp\/v2\/media?parent=4809"}],"curies":[{"name":"wp","href":"https:\/\/api.w.org\/{rel}","templated":true}]}}