{"id":4715,"date":"2024-04-29T09:28:34","date_gmt":"2024-04-29T07:28:34","guid":{"rendered":"https:\/\/www.dlx-media.com\/slowniczek-marketingu-internetowego-i-seo\/tresc\/"},"modified":"2024-07-14T13:53:55","modified_gmt":"2024-07-14T11:53:55","slug":"tresc","status":"publish","type":"page","link":"https:\/\/dlx-media.com\/pl\/slowniczek\/tresc\/","title":{"rendered":"Tre\u015b\u0107"},"content":{"rendered":"<div class=\"wp-block-image\">\n<figure data-spectra-id=\"spectra-d01fb486-4b4c-4596-9ac4-ed51e72d7ead\" class=\"aligncenter size-large\"><img loading=\"lazy\" decoding=\"async\" width=\"1024\" height=\"585\" src=\"https:\/\/dlx-media.com\/wp-content\/uploads\/SEO-Content-1024x585.jpeg\" alt=\"Tre&#x15B;&#x107; SEO\" class=\"wp-image-4707\" srcset=\"https:\/\/dlx-media.com\/wp-content\/uploads\/SEO-Content-1024x585.jpeg 1024w, https:\/\/dlx-media.com\/wp-content\/uploads\/SEO-Content-350x200.jpeg 350w, https:\/\/dlx-media.com\/wp-content\/uploads\/SEO-Content-768x439.jpeg 768w, https:\/\/dlx-media.com\/wp-content\/uploads\/SEO-Content-1536x878.jpeg 1536w, https:\/\/dlx-media.com\/wp-content\/uploads\/SEO-Content.jpeg 1792w\" sizes=\"auto, (max-width: 1024px) 100vw, 1024px\" \/><\/figure>\n<\/div>\n<h3 class=\"wp-block-heading\">Kluczowy czynnik wp\u0142ywaj\u0105cy na wydajno\u015b\u0107 witryny<\/h3>\n\n<p class=\"wp-block-paragraph\">W \u015bwiecie marketingu cyfrowego i optymalizacji pod k\u0105tem wyszukiwarek (SEO) tre\u015b\u0107 strony internetowej odgrywa kluczow\u0105 rol\u0119. Jest to centralny element ka\u017cdej strategii SEO i g\u0142\u00f3wny czynnik decyduj\u0105cy o widoczno\u015bci i rankingu witryny w wynikach wyszukiwania. Nie bez powodu cz\u0119sto m\u00f3wi si\u0119: &#8222;Tre\u015b\u0107 jest kr\u00f3lem&#8221;. Ta mantra podkre\u015bla znaczenie wysokiej jako\u015bci, istotnych i unikalnych tre\u015bci, kt\u00f3re nie tylko przemawiaj\u0105 do u\u017cytkownik\u00f3w, ale tak\u017ce sygnalizuj\u0105 wyszukiwarkom, \u017ce Twoja witryna jest autorytetem w swojej dziedzinie.<\/p>\n\n<h4 class=\"wp-block-heading\">Znaczenie tre\u015bci w SEO<\/h4>\n\n<p class=\"wp-block-paragraph\">Tre\u015b\u0107 osadzona w tre\u015bci HTML strony internetowej reprezentuje g\u0142\u00f3wn\u0105 tre\u015b\u0107 i jest bezpo\u015brednio odpowiedzialna za atrakcyjno\u015b\u0107 strony zar\u00f3wno dla u\u017cytkownik\u00f3w, jak i wyszukiwarek. Jako\u015b\u0107 i trafno\u015b\u0107 tych tre\u015bci ma decyduj\u0105cy wp\u0142yw na to, jak wysoko strona jest wy\u015bwietlana w wynikach wyszukiwania. Nie chodzi tylko o \u0142\u0105czenie s\u0142\u00f3w, ale o tworzenie warto\u015bci dodanej, kt\u00f3ra jest zar\u00f3wno pouczaj\u0105ca, jak i \u0142atwa do zrozumienia.<\/p>\n\n<h5 class=\"wp-block-heading\">Rozpoznawalno\u015b\u0107 techniczna<\/h5>\n\n<p class=\"wp-block-paragraph\">Opr\u00f3cz jako\u015bci tre\u015bci, musi by\u0107 ona zoptymalizowana pod wzgl\u0119dem technicznym. Tre\u015bci prezentowane w formatach takich jak Flash lub grafiki s\u0105 cz\u0119sto trudniejsze do rozpoznania i zindeksowania przez wyszukiwarki. Rozpoznawalno\u015b\u0107 techniczna obejmuje takie aspekty, jak prawid\u0142owe u\u017cycie znacznik\u00f3w HTML, strukturyzacja tre\u015bci za pomoc\u0105 nag\u0142\u00f3wk\u00f3w i integracja odpowiednich s\u0142\u00f3w kluczowych, kt\u00f3re trafnie opisuj\u0105 temat.<\/p>\n\n<h5 class=\"wp-block-heading\">Trafno\u015b\u0107 i skupienie na terminie<\/h5>\n\n<p class=\"wp-block-paragraph\">Zawarto\u015b\u0107 strony internetowej musi by\u0107 ukierunkowana i odpowiednia do tematu. Integracja s\u0142\u00f3w kluczowych i fraz, kt\u00f3re odnosz\u0105 si\u0119 do g\u0142\u00f3wnego tematu strony, jest niezb\u0119dna. Pomaga to zapewni\u0107, \u017ce witryna jest skategoryzowana jako odpowiednia dla okre\u015blonych zapyta\u0144 wyszukiwania. S\u0142owa kluczowe powinny by\u0107 jednak zintegrowane w spos\u00f3b naturalny i rozs\u0105dny, bez zak\u0142\u00f3cania p\u0142ynno\u015bci czytania.<\/p>\n\n<h5 class=\"wp-block-heading\">Jako\u015b\u0107 kontra ilo\u015b\u0107<\/h5>\n\n<p class=\"wp-block-paragraph\">Powszechnym b\u0142\u0119dnym przekonaniem w \u015bwiecie SEO jest to, \u017ce do osi\u0105gni\u0119cia dobrego rankingu wymagana jest okre\u015blona liczba s\u0142\u00f3w. Prawda jest jednak taka, \u017ce sama d\u0142ugo\u015b\u0107 tekstu nie ma bezpo\u015bredniego wp\u0142ywu na ranking. Znacznie wa\u017cniejsza jest jako\u015b\u0107 tre\u015bci: Musi ona by\u0107 istotna, informacyjna i atrakcyjna. Wysokiej jako\u015bci tre\u015bci promuj\u0105 zaanga\u017cowanie u\u017cytkownik\u00f3w, wyd\u0142u\u017caj\u0105 czas sp\u0119dzony na stronie i zmniejszaj\u0105 wsp\u00f3\u0142czynnik odrzuce\u0144 &#8211; wszystkie wska\u017aniki, kt\u00f3re wyszukiwarki uznaj\u0105 za oznaki wysokiej jako\u015bci strony.<\/p>\n\n<h4 class=\"wp-block-heading\">Najlepsze praktyki dotycz\u0105ce skutecznej zawarto\u015bci<\/h4>\n\n<ol class=\"wp-block-list\">\n<li><strong>Skup si\u0119 na u\u017cytkowniku<\/strong>: pisz dla u\u017cytkownika, a nie dla wyszukiwarki. Tre\u015b\u0107 powinna odpowiada\u0107 na pytania i potrzeby grupy docelowej oraz oferowa\u0107 rozwi\u0105zania.<\/li>\n\n\n\n<li><strong>Unikalno\u015b\u0107<\/strong>: Unikaj powielania tre\u015bci i upewnij si\u0119, \u017ce jest ona unikalna. Wzmacnia to Twoj\u0105 wiarygodno\u015b\u0107 i autorytet.<\/li>\n\n\n\n<li><strong>Integracja multimedi\u00f3w<\/strong>: Uzupe\u0142nij sw\u00f3j tekst odpowiednimi obrazami, filmami i infografikami. Elementy te mog\u0105 poprawi\u0107 wra\u017cenia u\u017cytkownika i pom\u00f3c w skutecznym przekazywaniu bardziej z\u0142o\u017conych informacji.<\/li>\n\n\n\n<li><strong>Ci\u0105g\u0142a aktualizacja<\/strong>: Utrzymywanie i aktualizowanie tre\u015bci ma kluczowe znaczenie dla zachowania ich aktualno\u015bci i \u015bwie\u017co\u015bci.<\/li>\n<\/ol>\n\n<h4 class=\"wp-block-heading\">Wnioski<\/h4>\n\n<p class=\"wp-block-paragraph\">Zawarto\u015b\u0107 strony internetowej to znacznie wi\u0119cej ni\u017c tylko tekst. Jest to podstawa lojalno\u015bci u\u017cytkownik\u00f3w i optymalizacji pod k\u0105tem wyszukiwarek. Dobrze przemy\u015blana strategia tre\u015bci, kt\u00f3ra przedk\u0142ada jako\u015b\u0107 nad ilo\u015b\u0107 i jest dobrze wdro\u017cona technicznie, mo\u017ce katapultowa\u0107 Twoj\u0105 witryn\u0119 na szczyt wynik\u00f3w wyszukiwania, a jednocze\u015bnie znacznie poprawi\u0107 wra\u017cenia u\u017cytkownika. W dynamicznym krajobrazie Internetu stale optymalizowana tre\u015b\u0107 jest kluczem do d\u0142ugoterminowego sukcesu.<\/p>\n","protected":false},"excerpt":{"rendered":"<p>Kluczowy czynnik wp\u0142ywaj\u0105cy na wydajno\u015b\u0107 witryny W \u015bwiecie marketingu cyfrowego i optymalizacji pod k\u0105tem wyszukiwarek (SEO) tre\u015b\u0107 strony internetowej odgrywa kluczow\u0105 rol\u0119. Jest to centralny element ka\u017cdej strategii SEO i g\u0142\u00f3wny czynnik decyduj\u0105cy o widoczno\u015bci i rankingu witryny w wynikach<\/p>\n","protected":false},"author":2332,"featured_media":4709,"parent":4979,"menu_order":0,"comment_status":"closed","ping_status":"closed","template":"","meta":{"_seopress_robots_primary_cat":"","_seopress_titles_title":"Tre\u015b\u0107 jest kr\u00f3lem: popraw ranking SEO swojej witryny %%sitetitle%%","_seopress_titles_desc":"Odkryj, w jaki spos\u00f3b wysokiej jako\u015bci tre\u015bci poprawiaj\u0105 ranking Twojej witryny i przekonuj\u0105 u\u017cytkownik\u00f3w oraz wyszukiwarki.","_seopress_robots_index":"","_crdt_document":"","_uag_custom_page_level_css":"","spectra_gs_classes":"","footnotes":""},"class_list":["post-4715","page","type-page","status-publish","has-post-thumbnail","hentry"],"spectra_custom_meta":{"_top_nav_excluded":[""],"_cms_nav_minihome":[""],"_thumbnail_id":["4709"],"_wpml_word_count":["{\"total\":499,\"to_translate\":{\"en\":499,\"de\":499}}"],"_last_translation_edit_mode":["translation-editor"],"_seopress_titles_title":["Tre\u015b\u0107 jest kr\u00f3lem: popraw ranking SEO swojej witryny %%sitetitle%%"],"_seopress_titles_desc":["Odkryj, w jaki spos\u00f3b wysokiej jako\u015bci tre\u015bci poprawiaj\u0105 ranking Twojej witryny i przekonuj\u0105 u\u017cytkownik\u00f3w oraz wyszukiwarki."],"_seopress_redirections_logged_status":["oba"],"_seopress_redirections_type":["301"],"_uagb_previous_block_counts":["a:90:{s:21:\"uagb\/advanced-heading\";i:0;s:15:\"uagb\/blockquote\";i:0;s:12:\"uagb\/buttons\";i:0;s:18:\"uagb\/buttons-child\";i:0;s:19:\"uagb\/call-to-action\";i:0;s:15:\"uagb\/cf7-styler\";i:0;s:11:\"uagb\/column\";i:0;s:12:\"uagb\/columns\";i:0;s:14:\"uagb\/container\";i:0;s:21:\"uagb\/content-timeline\";i:0;s:27:\"uagb\/content-timeline-child\";i:0;s:14:\"uagb\/countdown\";i:0;s:12:\"uagb\/counter\";i:0;s:8:\"uagb\/faq\";i:0;s:14:\"uagb\/faq-child\";i:0;s:10:\"uagb\/forms\";i:0;s:17:\"uagb\/forms-accept\";i:0;s:19:\"uagb\/forms-checkbox\";i:0;s:15:\"uagb\/forms-date\";i:0;s:16:\"uagb\/forms-email\";i:0;s:17:\"uagb\/forms-hidden\";i:0;s:15:\"uagb\/forms-name\";i:0;s:16:\"uagb\/forms-phone\";i:0;s:16:\"uagb\/forms-radio\";i:0;s:17:\"uagb\/forms-select\";i:0;s:19:\"uagb\/forms-textarea\";i:0;s:17:\"uagb\/forms-toggle\";i:0;s:14:\"uagb\/forms-url\";i:0;s:14:\"uagb\/gf-styler\";i:0;s:15:\"uagb\/google-map\";i:0;s:11:\"uagb\/how-to\";i:0;s:16:\"uagb\/how-to-step\";i:0;s:9:\"uagb\/icon\";i:0;s:14:\"uagb\/icon-list\";i:0;s:20:\"uagb\/icon-list-child\";i:0;s:10:\"uagb\/image\";i:0;s:18:\"uagb\/image-gallery\";i:0;s:13:\"uagb\/info-box\";i:0;s:18:\"uagb\/inline-notice\";i:0;s:11:\"uagb\/lottie\";i:0;s:21:\"uagb\/marketing-button\";i:0;s:10:\"uagb\/modal\";i:0;s:18:\"uagb\/popup-builder\";i:0;s:16:\"uagb\/post-button\";i:0;s:18:\"uagb\/post-carousel\";i:0;s:17:\"uagb\/post-excerpt\";i:0;s:14:\"uagb\/post-grid\";i:0;s:15:\"uagb\/post-image\";i:0;s:17:\"uagb\/post-masonry\";i:0;s:14:\"uagb\/post-meta\";i:0;s:18:\"uagb\/post-taxonomy\";i:0;s:18:\"uagb\/post-timeline\";i:0;s:15:\"uagb\/post-title\";i:0;s:20:\"uagb\/restaurant-menu\";i:0;s:26:\"uagb\/restaurant-menu-child\";i:0;s:11:\"uagb\/review\";i:0;s:12:\"uagb\/section\";i:0;s:14:\"uagb\/separator\";i:0;s:11:\"uagb\/slider\";i:0;s:17:\"uagb\/slider-child\";i:0;s:17:\"uagb\/social-share\";i:0;s:23:\"uagb\/social-share-child\";i:0;s:16:\"uagb\/star-rating\";i:0;s:23:\"uagb\/sure-cart-checkout\";i:0;s:22:\"uagb\/sure-cart-product\";i:0;s:15:\"uagb\/sure-forms\";i:0;s:22:\"uagb\/table-of-contents\";i:0;s:9:\"uagb\/tabs\";i:0;s:15:\"uagb\/tabs-child\";i:0;s:18:\"uagb\/taxonomy-list\";i:0;s:9:\"uagb\/team\";i:0;s:16:\"uagb\/testimonial\";i:0;s:14:\"uagb\/wp-search\";i:0;s:19:\"uagb\/instagram-feed\";i:0;s:10:\"uagb\/login\";i:0;s:17:\"uagb\/loop-builder\";i:0;s:18:\"uagb\/loop-category\";i:0;s:20:\"uagb\/loop-pagination\";i:0;s:15:\"uagb\/loop-reset\";i:0;s:16:\"uagb\/loop-search\";i:0;s:14:\"uagb\/loop-sort\";i:0;s:17:\"uagb\/loop-wrapper\";i:0;s:13:\"uagb\/register\";i:0;s:19:\"uagb\/register-email\";i:0;s:24:\"uagb\/register-first-name\";i:0;s:23:\"uagb\/register-last-name\";i:0;s:22:\"uagb\/register-password\";i:0;s:30:\"uagb\/register-reenter-password\";i:0;s:19:\"uagb\/register-terms\";i:0;s:22:\"uagb\/register-username\";i:0;}"],"_uag_page_assets":["a:9:{s:3:\"css\";s:263:\".uag-blocks-common-selector{z-index:var(--z-index-desktop) !important}@media (max-width: 976px){.uag-blocks-common-selector{z-index:var(--z-index-tablet) !important}}@media (max-width: 767px){.uag-blocks-common-selector{z-index:var(--z-index-mobile) !important}}\n\";s:2:\"js\";s:0:\"\";s:18:\"current_block_list\";a:5:{i:0;s:10:\"core\/image\";i:1;s:12:\"core\/heading\";i:2;s:14:\"core\/paragraph\";i:3;s:9:\"core\/list\";i:4;s:14:\"core\/list-item\";}s:8:\"uag_flag\";b:0;s:11:\"uag_version\";s:10:\"1775815218\";s:6:\"gfonts\";a:0:{}s:10:\"gfonts_url\";s:0:\"\";s:12:\"gfonts_files\";a:0:{}s:14:\"uag_faq_layout\";b:0;}"],"_uag_css_file_name":["uag-css-4715.css"]},"uagb_featured_image_src":{"full":["https:\/\/dlx-media.com\/wp-content\/uploads\/SEO-Content.jpeg",1792,1024,false],"thumbnail":["https:\/\/dlx-media.com\/wp-content\/uploads\/SEO-Content-250x250.jpeg",250,250,true],"medium":["https:\/\/dlx-media.com\/wp-content\/uploads\/SEO-Content-350x200.jpeg",350,200,true],"medium_large":["https:\/\/dlx-media.com\/wp-content\/uploads\/SEO-Content-768x439.jpeg",768,439,true],"large":["https:\/\/dlx-media.com\/wp-content\/uploads\/SEO-Content-1024x585.jpeg",1024,585,true],"1536x1536":["https:\/\/dlx-media.com\/wp-content\/uploads\/SEO-Content-1536x878.jpeg",1536,878,true],"2048x2048":["https:\/\/dlx-media.com\/wp-content\/uploads\/SEO-Content.jpeg",1792,1024,false],"suffice-thumbnail-grid":["https:\/\/dlx-media.com\/wp-content\/uploads\/SEO-Content-750x420.jpeg",750,420,true],"suffice-thumbnail-featured-one":["https:\/\/dlx-media.com\/wp-content\/uploads\/SEO-Content-295x525.jpeg",295,525,true],"suffice-thumbnail-featured-two":["https:\/\/dlx-media.com\/wp-content\/uploads\/SEO-Content-1140x504.jpeg",1140,504,true],"suffice-thumbnail-portfolio":["https:\/\/dlx-media.com\/wp-content\/uploads\/SEO-Content-572x552.jpeg",572,552,true],"suffice-thumbnail-portfolio-masonry":["https:\/\/dlx-media.com\/wp-content\/uploads\/SEO-Content-572x652.jpeg",572,652,true]},"uagb_author_info":{"display_name":"DLxMedia","author_link":"https:\/\/dlx-media.com\/pl"},"uagb_comment_info":0,"uagb_excerpt":"Kluczowy czynnik wp\u0142ywaj\u0105cy na wydajno\u015b\u0107 witryny W \u015bwiecie marketingu cyfrowego i optymalizacji pod k\u0105tem wyszukiwarek (SEO) tre\u015b\u0107 strony internetowej odgrywa kluczow\u0105 rol\u0119. Jest to centralny element ka\u017cdej strategii SEO i g\u0142\u00f3wny czynnik decyduj\u0105cy o widoczno\u015bci i rankingu witryny w wynikach","_links":{"self":[{"href":"https:\/\/dlx-media.com\/pl\/wp-json\/wp\/v2\/pages\/4715","targetHints":{"allow":["GET"]}}],"collection":[{"href":"https:\/\/dlx-media.com\/pl\/wp-json\/wp\/v2\/pages"}],"about":[{"href":"https:\/\/dlx-media.com\/pl\/wp-json\/wp\/v2\/types\/page"}],"author":[{"embeddable":true,"href":"https:\/\/dlx-media.com\/pl\/wp-json\/wp\/v2\/users\/2332"}],"replies":[{"embeddable":true,"href":"https:\/\/dlx-media.com\/pl\/wp-json\/wp\/v2\/comments?post=4715"}],"version-history":[{"count":2,"href":"https:\/\/dlx-media.com\/pl\/wp-json\/wp\/v2\/pages\/4715\/revisions"}],"predecessor-version":[{"id":5366,"href":"https:\/\/dlx-media.com\/pl\/wp-json\/wp\/v2\/pages\/4715\/revisions\/5366"}],"up":[{"embeddable":true,"href":"https:\/\/dlx-media.com\/pl\/wp-json\/wp\/v2\/pages\/4979"}],"wp:featuredmedia":[{"embeddable":true,"href":"https:\/\/dlx-media.com\/pl\/wp-json\/wp\/v2\/media\/4709"}],"wp:attachment":[{"href":"https:\/\/dlx-media.com\/pl\/wp-json\/wp\/v2\/media?parent=4715"}],"curies":[{"name":"wp","href":"https:\/\/api.w.org\/{rel}","templated":true}]}}