{"id":4713,"date":"2024-04-29T09:19:27","date_gmt":"2024-04-29T07:19:27","guid":{"rendered":"https:\/\/www.dlx-media.com\/slowniczek-marketingu-internetowego-i-seo\/maskowanie\/"},"modified":"2024-07-14T13:53:55","modified_gmt":"2024-07-14T11:53:55","slug":"maskowanie","status":"publish","type":"page","link":"https:\/\/dlx-media.com\/pl\/slowniczek\/maskowanie\/","title":{"rendered":"Maskowanie"},"content":{"rendered":"<div class=\"wp-block-image\">\n<figure data-spectra-id=\"spectra-5d251ed9-e3d0-4ecd-96c3-bb30d7964ff5\" class=\"aligncenter size-large\"><img loading=\"lazy\" decoding=\"async\" width=\"1024\" height=\"585\" src=\"https:\/\/dlx-media.com\/wp-content\/uploads\/Cloaking-1024x585.jpeg\" alt=\"SEO Cloaking\" class=\"wp-image-4698\" srcset=\"https:\/\/dlx-media.com\/wp-content\/uploads\/Cloaking-1024x585.jpeg 1024w, https:\/\/dlx-media.com\/wp-content\/uploads\/Cloaking-350x200.jpeg 350w, https:\/\/dlx-media.com\/wp-content\/uploads\/Cloaking-768x439.jpeg 768w, https:\/\/dlx-media.com\/wp-content\/uploads\/Cloaking-1536x878.jpeg 1536w, https:\/\/dlx-media.com\/wp-content\/uploads\/Cloaking.jpeg 1792w\" sizes=\"auto, (max-width: 1024px) 100vw, 1024px\" \/><\/figure>\n<\/div>\n<h3 class=\"wp-block-heading\">Kontrowersyjna taktyka SEO o wysokim ryzyku<\/h3>\n\n<p class=\"wp-block-paragraph\">Cloaking to technika optymalizacji pod k\u0105tem wyszukiwarek internetowych (SEO), kt\u00f3ra przez niekt\u00f3rych postrzegana jest jako sprytna sztuczka maj\u0105ca na celu &#8222;oszukanie&#8221; wyszukiwarek, ale przez innych jako niebezpieczna praktyka, kt\u00f3ra mo\u017ce podwa\u017cy\u0107 integralno\u015b\u0107 i wiarygodno\u015b\u0107 strony internetowej, wi\u0119kszo\u015b\u0107 SEO okre\u015bla j\u0105 jako technik\u0119 blackhat SEO. Cloaking prezentuje r\u00f3\u017cne tre\u015bci lub adresy URL wyszukiwarkom i u\u017cytkownikom w oparciu o identyfikacj\u0119 agenta u\u017cytkownika odwiedzaj\u0105cego. Podej\u015bcie to ma na celu optymalizacj\u0119 tre\u015bci witryny pod k\u0105tem wyszukiwarek, jednocze\u015bnie pokazuj\u0105c u\u017cytkownikom inne tre\u015bci, kt\u00f3re zwykle s\u0105 bardziej skoncentrowane na u\u017cyteczno\u015bci lub estetyce.<\/p>\n\n<h4 class=\"wp-block-heading\">Jak dzia\u0142a maskowanie?<\/h4>\n\n<p class=\"wp-block-paragraph\">Cloaking wykorzystuje zaawansowane skrypty serwera, kt\u00f3re rozpoznaj\u0105 agenta u\u017cytkownika \u017c\u0105daj\u0105cej przegl\u0105darki. Agent u\u017cytkownika identyfikuje, czy odwiedzaj\u0105cy jest cz\u0142owiekiem, czy robotem indeksuj\u0105cym wyszukiwarki. W zale\u017cno\u015bci od tej identyfikacji podejmowana jest decyzja, kt\u00f3ra wersja strony internetowej jest wy\u015bwietlana:<\/p>\n\n<ul class=\"wp-block-list\">\n<li><strong>Wyszukiwarki<\/strong> otrzymuj\u0105 stron\u0119 zoptymalizowan\u0105 pod k\u0105tem SEO, kt\u00f3ra jest bogata w s\u0142owa kluczowe i odpowiednie metadane, ale mo\u017ce oferowa\u0107 gorsze wra\u017cenia u\u017cytkownika.<\/li>\n\n\n\n<li><strong>U\u017cytkownicy<\/strong> widz\u0105 bardziej atrakcyjn\u0105 wizualnie i interaktywn\u0105 witryn\u0119, kt\u00f3ra jest mniej skoncentrowana na czystej optymalizacji pod k\u0105tem wyszukiwarek.<\/li>\n<\/ul>\n\n<h4 class=\"wp-block-heading\">Dlaczego maskowanie jest ryzykowne?<\/h4>\n\n<p class=\"wp-block-paragraph\">Chocia\u017c maskowanie mo\u017ce poprawi\u0107 ranking witryny w kr\u00f3tkim okresie, jest to sprzeczne z wytycznymi wi\u0119kszo\u015bci wyszukiwarek, w tym Google. Wyszukiwarki takie jak Google postawi\u0142y sobie za cel dostarczanie swoim u\u017cytkownikom najbardziej trafnych i przydatnych tre\u015bci. Cloaking jest postrzegany jako pr\u00f3ba manipulowania tym systemem poprzez ukrywanie prawdziwej zawarto\u015bci strony internetowej.<\/p>\n\n<p class=\"wp-block-paragraph\"><strong>Konsekwencje maskowania:<\/strong><\/p>\n\n<ul class=\"wp-block-list\">\n<li><strong>Kary<\/strong>: Witryny przy\u0142apane na cloakingu mog\u0105 otrzyma\u0107 powa\u017cne kary, w tym obni\u017cenie rankingu lub ca\u0142kowite usuni\u0119cie z indeksu wyszukiwarki.<\/li>\n\n\n\n<li><strong>Utrata reputacji<\/strong>: Opr\u00f3cz kar technicznych, maskowanie mo\u017ce r\u00f3wnie\u017c zaszkodzi\u0107 zaufaniu u\u017cytkownik\u00f3w i innych interesariuszy, co mo\u017ce mie\u0107 negatywny wp\u0142yw na biznes w d\u0142u\u017cszej perspektywie.<\/li>\n<\/ul>\n\n<h4 class=\"wp-block-heading\">Czy istniej\u0105 uzasadnione zastosowania maskowania?<\/h4>\n\n<p class=\"wp-block-paragraph\">W bardzo rzadkich przypadkach maskowanie mo\u017ce by\u0107 wykorzystywane jako technika do legalnych cel\u00f3w, takich jak<\/p>\n\n<ul class=\"wp-block-list\">\n<li><strong>Geotargetowanie<\/strong>: Tre\u015b\u0107 jest dostosowywana na podstawie lokalizacji geograficznej u\u017cytkownika, co technicznie mo\u017cna uzna\u0107 za form\u0119 maskowania.<\/li>\n\n\n\n<li><strong>Ochrona przed kradzie\u017c\u0105 tre\u015bci<\/strong>: Cloaking jest czasami u\u017cywany do ochrony tre\u015bci przed automatycznymi skrobakami, kt\u00f3re mog\u0105 kopiowa\u0107 tre\u015bci do nieautoryzowanych cel\u00f3w.<\/li>\n<\/ul>\n\n<p class=\"wp-block-paragraph\">Pomimo tych potencjalnych uzasadnionych zastosowa\u0144, wa\u017cne jest, aby webmasterzy dok\u0142adnie rozwa\u017cyli d\u0142ugoterminowe ryzyko w stosunku do kr\u00f3tkoterminowych korzy\u015bci. Przestrzeganie wytycznych dla webmaster\u00f3w i zaanga\u017cowanie w przejrzyste praktyki SEO jest zazwyczaj najpewniejszym sposobem na zapewnienie trwa\u0142ego sukcesu w Internecie.<\/p>\n\n<h4 class=\"wp-block-heading\">Wnioski<\/h4>\n\n<p class=\"wp-block-paragraph\">Cloaking pozostaje kontrowersyjn\u0105 i ryzykown\u0105 strategi\u0105 SEO, kt\u00f3ra mo\u017ce oferowa\u0107 wi\u0119cej problem\u00f3w ni\u017c rozwi\u0105za\u0144. Jest to technika, kt\u00f3r\u0105 nale\u017cy traktowa\u0107 z ostro\u017cno\u015bci\u0105, przy czym aspekty etyczne i zgodno\u015b\u0107 z wytycznymi wyszukiwarek maj\u0105 najwy\u017cszy priorytet. Dla wi\u0119kszo\u015bci operator\u00f3w stron internetowych i ekspert\u00f3w SEO wskazane jest przyj\u0119cie przejrzystego i skoncentrowanego na u\u017cytkowniku podej\u015bcia, kt\u00f3re zapewni d\u0142ugoterminowy sukces bez ryzyka kar.<\/p>\n","protected":false},"excerpt":{"rendered":"<p>Kontrowersyjna taktyka SEO o wysokim ryzyku Cloaking to technika optymalizacji pod k\u0105tem wyszukiwarek internetowych (SEO), kt\u00f3ra przez niekt\u00f3rych postrzegana jest jako sprytna sztuczka maj\u0105ca na celu &#8222;oszukanie&#8221; wyszukiwarek, ale przez innych jako niebezpieczna praktyka, kt\u00f3ra mo\u017ce podwa\u017cy\u0107 integralno\u015b\u0107 i wiarygodno\u015b\u0107<\/p>\n","protected":false},"author":2332,"featured_media":4700,"parent":4979,"menu_order":0,"comment_status":"closed","ping_status":"closed","template":"","meta":{"_seopress_robots_primary_cat":"","_seopress_titles_title":"Cloaking w SEO: Ryzyko zwi\u0105zane z technik\u0105 blackhat","_seopress_titles_desc":"Dowiedz si\u0119, dlaczego maskowanie jako taktyka SEO jest ryzykowne i jak mo\u017ce wp\u0142yn\u0105\u0107 na integralno\u015b\u0107 witryny i zaufanie u\u017cytkownik\u00f3w.","_seopress_robots_index":"","_crdt_document":"","_uag_custom_page_level_css":"","spectra_gs_classes":"","footnotes":""},"class_list":["post-4713","page","type-page","status-publish","has-post-thumbnail","hentry"],"spectra_custom_meta":{"_top_nav_excluded":[""],"_cms_nav_minihome":[""],"_thumbnail_id":["4700"],"_wpml_word_count":["{\"total\":454,\"to_translate\":{\"en\":454,\"de\":454}}"],"_last_translation_edit_mode":["translation-editor"],"_seopress_titles_title":["Cloaking w SEO: Ryzyko zwi\u0105zane z technik\u0105 blackhat"],"_seopress_titles_desc":["Dowiedz si\u0119, dlaczego maskowanie jako taktyka SEO jest ryzykowne i jak mo\u017ce wp\u0142yn\u0105\u0107 na integralno\u015b\u0107 witryny i zaufanie u\u017cytkownik\u00f3w."],"_seopress_redirections_logged_status":["oba"],"_seopress_redirections_type":["301"],"_uagb_previous_block_counts":["a:90:{s:21:\"uagb\/advanced-heading\";i:0;s:15:\"uagb\/blockquote\";i:0;s:12:\"uagb\/buttons\";i:0;s:18:\"uagb\/buttons-child\";i:0;s:19:\"uagb\/call-to-action\";i:0;s:15:\"uagb\/cf7-styler\";i:0;s:11:\"uagb\/column\";i:0;s:12:\"uagb\/columns\";i:0;s:14:\"uagb\/container\";i:0;s:21:\"uagb\/content-timeline\";i:0;s:27:\"uagb\/content-timeline-child\";i:0;s:14:\"uagb\/countdown\";i:0;s:12:\"uagb\/counter\";i:0;s:8:\"uagb\/faq\";i:0;s:14:\"uagb\/faq-child\";i:0;s:10:\"uagb\/forms\";i:0;s:17:\"uagb\/forms-accept\";i:0;s:19:\"uagb\/forms-checkbox\";i:0;s:15:\"uagb\/forms-date\";i:0;s:16:\"uagb\/forms-email\";i:0;s:17:\"uagb\/forms-hidden\";i:0;s:15:\"uagb\/forms-name\";i:0;s:16:\"uagb\/forms-phone\";i:0;s:16:\"uagb\/forms-radio\";i:0;s:17:\"uagb\/forms-select\";i:0;s:19:\"uagb\/forms-textarea\";i:0;s:17:\"uagb\/forms-toggle\";i:0;s:14:\"uagb\/forms-url\";i:0;s:14:\"uagb\/gf-styler\";i:0;s:15:\"uagb\/google-map\";i:0;s:11:\"uagb\/how-to\";i:0;s:16:\"uagb\/how-to-step\";i:0;s:9:\"uagb\/icon\";i:0;s:14:\"uagb\/icon-list\";i:0;s:20:\"uagb\/icon-list-child\";i:0;s:10:\"uagb\/image\";i:0;s:18:\"uagb\/image-gallery\";i:0;s:13:\"uagb\/info-box\";i:0;s:18:\"uagb\/inline-notice\";i:0;s:11:\"uagb\/lottie\";i:0;s:21:\"uagb\/marketing-button\";i:0;s:10:\"uagb\/modal\";i:0;s:18:\"uagb\/popup-builder\";i:0;s:16:\"uagb\/post-button\";i:0;s:18:\"uagb\/post-carousel\";i:0;s:17:\"uagb\/post-excerpt\";i:0;s:14:\"uagb\/post-grid\";i:0;s:15:\"uagb\/post-image\";i:0;s:17:\"uagb\/post-masonry\";i:0;s:14:\"uagb\/post-meta\";i:0;s:18:\"uagb\/post-taxonomy\";i:0;s:18:\"uagb\/post-timeline\";i:0;s:15:\"uagb\/post-title\";i:0;s:20:\"uagb\/restaurant-menu\";i:0;s:26:\"uagb\/restaurant-menu-child\";i:0;s:11:\"uagb\/review\";i:0;s:12:\"uagb\/section\";i:0;s:14:\"uagb\/separator\";i:0;s:11:\"uagb\/slider\";i:0;s:17:\"uagb\/slider-child\";i:0;s:17:\"uagb\/social-share\";i:0;s:23:\"uagb\/social-share-child\";i:0;s:16:\"uagb\/star-rating\";i:0;s:23:\"uagb\/sure-cart-checkout\";i:0;s:22:\"uagb\/sure-cart-product\";i:0;s:15:\"uagb\/sure-forms\";i:0;s:22:\"uagb\/table-of-contents\";i:0;s:9:\"uagb\/tabs\";i:0;s:15:\"uagb\/tabs-child\";i:0;s:18:\"uagb\/taxonomy-list\";i:0;s:9:\"uagb\/team\";i:0;s:16:\"uagb\/testimonial\";i:0;s:14:\"uagb\/wp-search\";i:0;s:19:\"uagb\/instagram-feed\";i:0;s:10:\"uagb\/login\";i:0;s:17:\"uagb\/loop-builder\";i:0;s:18:\"uagb\/loop-category\";i:0;s:20:\"uagb\/loop-pagination\";i:0;s:15:\"uagb\/loop-reset\";i:0;s:16:\"uagb\/loop-search\";i:0;s:14:\"uagb\/loop-sort\";i:0;s:17:\"uagb\/loop-wrapper\";i:0;s:13:\"uagb\/register\";i:0;s:19:\"uagb\/register-email\";i:0;s:24:\"uagb\/register-first-name\";i:0;s:23:\"uagb\/register-last-name\";i:0;s:22:\"uagb\/register-password\";i:0;s:30:\"uagb\/register-reenter-password\";i:0;s:19:\"uagb\/register-terms\";i:0;s:22:\"uagb\/register-username\";i:0;}"],"_uag_page_assets":["a:9:{s:3:\"css\";s:263:\".uag-blocks-common-selector{z-index:var(--z-index-desktop) !important}@media (max-width: 976px){.uag-blocks-common-selector{z-index:var(--z-index-tablet) !important}}@media (max-width: 767px){.uag-blocks-common-selector{z-index:var(--z-index-mobile) !important}}\n\";s:2:\"js\";s:0:\"\";s:18:\"current_block_list\";a:5:{i:0;s:10:\"core\/image\";i:1;s:12:\"core\/heading\";i:2;s:14:\"core\/paragraph\";i:3;s:9:\"core\/list\";i:4;s:14:\"core\/list-item\";}s:8:\"uag_flag\";b:0;s:11:\"uag_version\";s:10:\"1775815218\";s:6:\"gfonts\";a:0:{}s:10:\"gfonts_url\";s:0:\"\";s:12:\"gfonts_files\";a:0:{}s:14:\"uag_faq_layout\";b:0;}"],"_uag_css_file_name":["uag-css-4713.css"]},"uagb_featured_image_src":{"full":["https:\/\/dlx-media.com\/wp-content\/uploads\/Cloaking.jpeg",1792,1024,false],"thumbnail":["https:\/\/dlx-media.com\/wp-content\/uploads\/Cloaking-250x250.jpeg",250,250,true],"medium":["https:\/\/dlx-media.com\/wp-content\/uploads\/Cloaking-350x200.jpeg",350,200,true],"medium_large":["https:\/\/dlx-media.com\/wp-content\/uploads\/Cloaking-768x439.jpeg",768,439,true],"large":["https:\/\/dlx-media.com\/wp-content\/uploads\/Cloaking-1024x585.jpeg",1024,585,true],"1536x1536":["https:\/\/dlx-media.com\/wp-content\/uploads\/Cloaking-1536x878.jpeg",1536,878,true],"2048x2048":["https:\/\/dlx-media.com\/wp-content\/uploads\/Cloaking.jpeg",1792,1024,false],"suffice-thumbnail-grid":["https:\/\/dlx-media.com\/wp-content\/uploads\/Cloaking-750x420.jpeg",750,420,true],"suffice-thumbnail-featured-one":["https:\/\/dlx-media.com\/wp-content\/uploads\/Cloaking-295x525.jpeg",295,525,true],"suffice-thumbnail-featured-two":["https:\/\/dlx-media.com\/wp-content\/uploads\/Cloaking-1140x504.jpeg",1140,504,true],"suffice-thumbnail-portfolio":["https:\/\/dlx-media.com\/wp-content\/uploads\/Cloaking-572x552.jpeg",572,552,true],"suffice-thumbnail-portfolio-masonry":["https:\/\/dlx-media.com\/wp-content\/uploads\/Cloaking-572x652.jpeg",572,652,true]},"uagb_author_info":{"display_name":"DLxMedia","author_link":"https:\/\/dlx-media.com\/pl"},"uagb_comment_info":0,"uagb_excerpt":"Kontrowersyjna taktyka SEO o wysokim ryzyku Cloaking to technika optymalizacji pod k\u0105tem wyszukiwarek internetowych (SEO), kt\u00f3ra przez niekt\u00f3rych postrzegana jest jako sprytna sztuczka maj\u0105ca na celu &#8222;oszukanie&#8221; wyszukiwarek, ale przez innych jako niebezpieczna praktyka, kt\u00f3ra mo\u017ce podwa\u017cy\u0107 integralno\u015b\u0107 i wiarygodno\u015b\u0107","_links":{"self":[{"href":"https:\/\/dlx-media.com\/pl\/wp-json\/wp\/v2\/pages\/4713","targetHints":{"allow":["GET"]}}],"collection":[{"href":"https:\/\/dlx-media.com\/pl\/wp-json\/wp\/v2\/pages"}],"about":[{"href":"https:\/\/dlx-media.com\/pl\/wp-json\/wp\/v2\/types\/page"}],"author":[{"embeddable":true,"href":"https:\/\/dlx-media.com\/pl\/wp-json\/wp\/v2\/users\/2332"}],"replies":[{"embeddable":true,"href":"https:\/\/dlx-media.com\/pl\/wp-json\/wp\/v2\/comments?post=4713"}],"version-history":[{"count":2,"href":"https:\/\/dlx-media.com\/pl\/wp-json\/wp\/v2\/pages\/4713\/revisions"}],"predecessor-version":[{"id":5364,"href":"https:\/\/dlx-media.com\/pl\/wp-json\/wp\/v2\/pages\/4713\/revisions\/5364"}],"up":[{"embeddable":true,"href":"https:\/\/dlx-media.com\/pl\/wp-json\/wp\/v2\/pages\/4979"}],"wp:featuredmedia":[{"embeddable":true,"href":"https:\/\/dlx-media.com\/pl\/wp-json\/wp\/v2\/media\/4700"}],"wp:attachment":[{"href":"https:\/\/dlx-media.com\/pl\/wp-json\/wp\/v2\/media?parent=4713"}],"curies":[{"name":"wp","href":"https:\/\/api.w.org\/{rel}","templated":true}]}}