{"id":4689,"date":"2024-04-28T20:58:34","date_gmt":"2024-04-28T18:58:34","guid":{"rendered":"https:\/\/www.dlx-media.com\/slowniczek-marketingu-internetowego-i-seo\/tag-kanoniczny\/"},"modified":"2024-07-14T13:53:49","modified_gmt":"2024-07-14T11:53:49","slug":"tag-kanoniczny","status":"publish","type":"page","link":"https:\/\/dlx-media.com\/pl\/slowniczek\/tag-kanoniczny\/","title":{"rendered":"Tag kanoniczny"},"content":{"rendered":"<div class=\"wp-block-image\">\n<figure data-spectra-id=\"spectra-d9149c6f-4e3c-4b4f-b4c3-12a5de8ee2b2\" class=\"aligncenter size-large\"><img loading=\"lazy\" decoding=\"async\" width=\"1024\" height=\"585\" src=\"https:\/\/dlx-media.com\/wp-content\/uploads\/Canonical-Tag-1024x585.jpeg\" alt=\"Tag kanoniczny\" class=\"wp-image-4679\" srcset=\"https:\/\/dlx-media.com\/wp-content\/uploads\/Canonical-Tag-1024x585.jpeg 1024w, https:\/\/dlx-media.com\/wp-content\/uploads\/Canonical-Tag-350x200.jpeg 350w, https:\/\/dlx-media.com\/wp-content\/uploads\/Canonical-Tag-768x439.jpeg 768w, https:\/\/dlx-media.com\/wp-content\/uploads\/Canonical-Tag-1536x878.jpeg 1536w, https:\/\/dlx-media.com\/wp-content\/uploads\/Canonical-Tag.jpeg 1792w\" sizes=\"auto, (max-width: 1024px) 100vw, 1024px\" \/><\/figure>\n<\/div>\n<h3 class=\"wp-block-heading\">Tag kanoniczny: niezb\u0119dny pomocnik w \u015bwiecie SEO<\/h3>\n\n<p class=\"wp-block-paragraph\">W z\u0142o\u017conym \u015bwiecie marketingu w wyszukiwarkach tag kanoniczny, znany r\u00f3wnie\u017c jako &#8222;rel=canonical&#8221;, jest kluczowym narz\u0119dziem dla webmaster\u00f3w i ekspert\u00f3w SEO. Ten specjalny znacznik \u0142\u0105cza HTML s\u0142u\u017cy do identyfikacji preferowanej lub &#8222;kanonicznej&#8221; wersji strony internetowej. Jego prawid\u0142owe zastosowanie odgrywa kluczow\u0105 rol\u0119, zw\u0142aszcza je\u015bli chodzi o radzenie sobie z duplikatami tre\u015bci &#8211; powszechnym problemem, kt\u00f3ry mo\u017ce negatywnie wp\u0142ywa\u0107 na widoczno\u015b\u0107 witryny w wynikach wyszukiwania. Je\u015bli tre\u015b\u0107 na stronie internetowej jest dost\u0119pna pod kilkoma adresami URL, te r\u00f3\u017cne adresy URL mo\u017cna pogrupowa\u0107 za pomoc\u0105 tagu kanonicznego, aby nie by\u0142o problem\u00f3w z duplikatami tre\u015bci dla Google, poniewa\u017c dzi\u0119ki tagowi kanonicznemu zawsze jest jasne, kt\u00f3ry jest oryginalny adres URL tre\u015bci.<\/p>\n\n<h4 class=\"wp-block-heading\">Wyzwanie zwi\u0105zane ze zduplikowan\u0105 tre\u015bci\u0105<\/h4>\n\n<p class=\"wp-block-paragraph\">Zduplikowana tre\u015b\u0107 wyst\u0119puje, gdy kilka adres\u00f3w URL witryny ma tak\u0105 sam\u0105 lub bardzo podobn\u0105 tre\u015b\u0107. Mo\u017ce to by\u0107 spowodowane mi\u0119dzy innymi wariantami adres\u00f3w URL, identyfikatorami sesji lub drukowanymi wersjami stron. Wyszukiwarki takie jak Google staj\u0105 w\u00f3wczas przed dylematem, kt\u00f3ra wersja tre\u015bci powinna by\u0107 reprezentowana w wynikach wyszukiwania. Bez jasnych instrukcji mo\u017ce to prowadzi\u0107 do fragmentacji ranking\u00f3w wyszukiwania i zmniejszenia widoczno\u015bci.<\/p>\n\n<h4 class=\"wp-block-heading\">Rozwi\u0105zanie z tagami kanonicznymi<\/h4>\n\n<p class=\"wp-block-paragraph\">Tag kanoniczny rozwi\u0105zuje ten problem w elegancki spos\u00f3b, pokazuj\u0105c wyszukiwarkom preferowany adres URL dla tre\u015bci. Poprzez zdefiniowanie kanonicznego adresu URL, staje si\u0119 jasne, kt\u00f3r\u0105 wersj\u0119 tre\u015bci nale\u017cy reprezentowa\u0107. Wyszukiwarki stosuj\u0105 si\u0119 do tej rady, uznaj\u0105c inne strony o podobnej zawarto\u015bci za duplikaty i zazwyczaj nie wy\u015bwietlaj\u0105 ich w wynikach wyszukiwania. Zapobiega to nie tylko problemom SEO spowodowanym przez zduplikowan\u0105 tre\u015b\u0107, ale tak\u017ce pomaga skonsolidowa\u0107 warto\u015b\u0107 link\u00f3w, poniewa\u017c wszystkie linki wskazuj\u0105ce na zduplikowane strony s\u0105 przekierowywane na stron\u0119 kanoniczn\u0105.<\/p>\n\n<h4 class=\"wp-block-heading\">Wdra\u017canie i najlepsze praktyki<\/h4>\n\n<p class=\"wp-block-paragraph\">Aby skutecznie korzysta\u0107 z tagu kanonicznego, nale\u017cy przestrzega\u0107 kilku najlepszych praktyk:<\/p>\n\n<ol class=\"wp-block-list\">\n<li><strong>Jasno\u015b\u0107 w implementacji<\/strong>: Upewnij si\u0119, \u017ce tag kanoniczny jest jasno i konsekwentnie okre\u015blony w preferowanym adresie URL ka\u017cdej strony. Niesp\u00f3jno\u015bci mog\u0105 os\u0142abi\u0107 skuteczno\u015b\u0107 tagu i prowadzi\u0107 do dezorientacji wyszukiwarek.<\/li>\n\n\n\n<li><strong>Unikanie paginacji<\/strong>: W przypadku tre\u015bci paginowanych (np. artyku\u0142\u00f3w, kt\u00f3re s\u0105 roz\u0142o\u017cone na kilka stron), zamiast tag\u00f3w kanonicznych nale\u017cy preferowa\u0107 tagi <code>rel=\"next\"<\/code> i <code>rel=\"prev\"<\/code>. Wskazuj\u0105 one kolejno\u015b\u0107 stron i pomagaj\u0105 wyszukiwarkom zrozumie\u0107 struktur\u0119 stronicowanej tre\u015bci.<\/li>\n\n\n\n<li><strong>Ostro\u017cne \u0142\u0105czenie z innymi tagami<\/strong>: Nale\u017cy unika\u0107 u\u017cywania tag\u00f3w kanonicznych w po\u0142\u0105czeniu z innymi meta tagami, takimi jak <code>noindex<\/code> lub <code>nofollow<\/code>. Takie kombinacje mog\u0105 wysy\u0142a\u0107 sprzeczne sygna\u0142y do wyszukiwarek i potencjalnie mie\u0107 negatywny wp\u0142yw na indeksowanie i ranking stron.<\/li>\n\n\n\n<li><strong>Monitorowanie i dostosowywanie<\/strong>: Regularnie monitoruj wp\u0142yw swoich tag\u00f3w kanonicznych za pomoc\u0105 narz\u0119dzi takich jak Google Search Console. Dostosowania mog\u0105 by\u0107 konieczne, je\u015bli zmieni si\u0119 struktura witryny lub zawarto\u015b\u0107 stron.<\/li>\n<\/ol>\n\n<h4 class=\"wp-block-heading\">Wnioski<\/h4>\n\n<p class=\"wp-block-paragraph\">Tag kanoniczny to nie tylko narz\u0119dzie techniczne; to podstawowy element dobrze przemy\u015blanej strategii SEO. Jego prawid\u0142owe zastosowanie mo\u017ce znacznie pom\u00f3c w zwi\u0119kszeniu skuteczno\u015bci optymalizacji pod k\u0105tem wyszukiwarek poprzez popraw\u0119 przejrzysto\u015bci prezentacji tre\u015bci i zapewnienie, \u017ce cenne zasoby SEO s\u0105 skoncentrowane na po\u017c\u0105danej stronie. W cyfrowym krajobrazie charakteryzuj\u0105cym si\u0119 nadmiarem tre\u015bci, tag kanoniczny stanowi niezb\u0119dn\u0105 wskaz\u00f3wk\u0119 dla wyszukiwarek, aby prawid\u0142owo oceni\u0107 i nagrodzi\u0107 trafno\u015b\u0107 i autorytet tre\u015bci internetowych.<\/p>\n","protected":false},"excerpt":{"rendered":"<p>Tag kanoniczny: niezb\u0119dny pomocnik w \u015bwiecie SEO W z\u0142o\u017conym \u015bwiecie marketingu w wyszukiwarkach tag kanoniczny, znany r\u00f3wnie\u017c jako &#8222;rel=canonical&#8221;, jest kluczowym narz\u0119dziem dla webmaster\u00f3w i ekspert\u00f3w SEO. Ten specjalny znacznik \u0142\u0105cza HTML s\u0142u\u017cy do identyfikacji preferowanej lub &#8222;kanonicznej&#8221; wersji strony<\/p>\n","protected":false},"author":2332,"featured_media":4681,"parent":4979,"menu_order":0,"comment_status":"closed","ping_status":"closed","template":"","meta":{"_seopress_robots_primary_cat":"","_seopress_titles_title":"Tag kanoniczny: niezb\u0119dny dla skutecznych strategii SEO %%sitetitle%%","_seopress_titles_desc":"Zoptymalizuj swoj\u0105 witryn\u0119 za pomoc\u0105 tagu kanonicznego, aby unikn\u0105\u0107 powielania tre\u015bci i poprawi\u0107 wydajno\u015b\u0107 SEO.","_seopress_robots_index":"","_crdt_document":"","_uag_custom_page_level_css":"","spectra_gs_classes":"","footnotes":""},"class_list":["post-4689","page","type-page","status-publish","has-post-thumbnail","hentry"],"spectra_custom_meta":{"_top_nav_excluded":[""],"_cms_nav_minihome":[""],"_thumbnail_id":["4681"],"_wpml_word_count":["{\"total\":503,\"to_translate\":{\"en\":503,\"de\":503}}"],"_last_translation_edit_mode":["translation-editor"],"_seopress_titles_title":["Tag kanoniczny: niezb\u0119dny dla skutecznych strategii SEO %%sitetitle%%"],"_seopress_titles_desc":["Zoptymalizuj swoj\u0105 witryn\u0119 za pomoc\u0105 tagu kanonicznego, aby unikn\u0105\u0107 powielania tre\u015bci i poprawi\u0107 wydajno\u015b\u0107 SEO."],"_seopress_redirections_logged_status":["oba"],"_seopress_redirections_type":["301"],"_uagb_previous_block_counts":["a:90:{s:21:\"uagb\/advanced-heading\";i:0;s:15:\"uagb\/blockquote\";i:0;s:12:\"uagb\/buttons\";i:0;s:18:\"uagb\/buttons-child\";i:0;s:19:\"uagb\/call-to-action\";i:0;s:15:\"uagb\/cf7-styler\";i:0;s:11:\"uagb\/column\";i:0;s:12:\"uagb\/columns\";i:0;s:14:\"uagb\/container\";i:0;s:21:\"uagb\/content-timeline\";i:0;s:27:\"uagb\/content-timeline-child\";i:0;s:14:\"uagb\/countdown\";i:0;s:12:\"uagb\/counter\";i:0;s:8:\"uagb\/faq\";i:0;s:14:\"uagb\/faq-child\";i:0;s:10:\"uagb\/forms\";i:0;s:17:\"uagb\/forms-accept\";i:0;s:19:\"uagb\/forms-checkbox\";i:0;s:15:\"uagb\/forms-date\";i:0;s:16:\"uagb\/forms-email\";i:0;s:17:\"uagb\/forms-hidden\";i:0;s:15:\"uagb\/forms-name\";i:0;s:16:\"uagb\/forms-phone\";i:0;s:16:\"uagb\/forms-radio\";i:0;s:17:\"uagb\/forms-select\";i:0;s:19:\"uagb\/forms-textarea\";i:0;s:17:\"uagb\/forms-toggle\";i:0;s:14:\"uagb\/forms-url\";i:0;s:14:\"uagb\/gf-styler\";i:0;s:15:\"uagb\/google-map\";i:0;s:11:\"uagb\/how-to\";i:0;s:16:\"uagb\/how-to-step\";i:0;s:9:\"uagb\/icon\";i:0;s:14:\"uagb\/icon-list\";i:0;s:20:\"uagb\/icon-list-child\";i:0;s:10:\"uagb\/image\";i:0;s:18:\"uagb\/image-gallery\";i:0;s:13:\"uagb\/info-box\";i:0;s:18:\"uagb\/inline-notice\";i:0;s:11:\"uagb\/lottie\";i:0;s:21:\"uagb\/marketing-button\";i:0;s:10:\"uagb\/modal\";i:0;s:18:\"uagb\/popup-builder\";i:0;s:16:\"uagb\/post-button\";i:0;s:18:\"uagb\/post-carousel\";i:0;s:17:\"uagb\/post-excerpt\";i:0;s:14:\"uagb\/post-grid\";i:0;s:15:\"uagb\/post-image\";i:0;s:17:\"uagb\/post-masonry\";i:0;s:14:\"uagb\/post-meta\";i:0;s:18:\"uagb\/post-taxonomy\";i:0;s:18:\"uagb\/post-timeline\";i:0;s:15:\"uagb\/post-title\";i:0;s:20:\"uagb\/restaurant-menu\";i:0;s:26:\"uagb\/restaurant-menu-child\";i:0;s:11:\"uagb\/review\";i:0;s:12:\"uagb\/section\";i:0;s:14:\"uagb\/separator\";i:0;s:11:\"uagb\/slider\";i:0;s:17:\"uagb\/slider-child\";i:0;s:17:\"uagb\/social-share\";i:0;s:23:\"uagb\/social-share-child\";i:0;s:16:\"uagb\/star-rating\";i:0;s:23:\"uagb\/sure-cart-checkout\";i:0;s:22:\"uagb\/sure-cart-product\";i:0;s:15:\"uagb\/sure-forms\";i:0;s:22:\"uagb\/table-of-contents\";i:0;s:9:\"uagb\/tabs\";i:0;s:15:\"uagb\/tabs-child\";i:0;s:18:\"uagb\/taxonomy-list\";i:0;s:9:\"uagb\/team\";i:0;s:16:\"uagb\/testimonial\";i:0;s:14:\"uagb\/wp-search\";i:0;s:19:\"uagb\/instagram-feed\";i:0;s:10:\"uagb\/login\";i:0;s:17:\"uagb\/loop-builder\";i:0;s:18:\"uagb\/loop-category\";i:0;s:20:\"uagb\/loop-pagination\";i:0;s:15:\"uagb\/loop-reset\";i:0;s:16:\"uagb\/loop-search\";i:0;s:14:\"uagb\/loop-sort\";i:0;s:17:\"uagb\/loop-wrapper\";i:0;s:13:\"uagb\/register\";i:0;s:19:\"uagb\/register-email\";i:0;s:24:\"uagb\/register-first-name\";i:0;s:23:\"uagb\/register-last-name\";i:0;s:22:\"uagb\/register-password\";i:0;s:30:\"uagb\/register-reenter-password\";i:0;s:19:\"uagb\/register-terms\";i:0;s:22:\"uagb\/register-username\";i:0;}"],"_uag_page_assets":["a:9:{s:3:\"css\";s:263:\".uag-blocks-common-selector{z-index:var(--z-index-desktop) !important}@media (max-width: 976px){.uag-blocks-common-selector{z-index:var(--z-index-tablet) !important}}@media (max-width: 767px){.uag-blocks-common-selector{z-index:var(--z-index-mobile) !important}}\n\";s:2:\"js\";s:0:\"\";s:18:\"current_block_list\";a:5:{i:0;s:10:\"core\/image\";i:1;s:12:\"core\/heading\";i:2;s:14:\"core\/paragraph\";i:3;s:9:\"core\/list\";i:4;s:14:\"core\/list-item\";}s:8:\"uag_flag\";b:0;s:11:\"uag_version\";s:10:\"1777830746\";s:6:\"gfonts\";a:0:{}s:10:\"gfonts_url\";s:0:\"\";s:12:\"gfonts_files\";a:0:{}s:14:\"uag_faq_layout\";b:0;}"],"_uag_css_file_name":["uag-css-4689.css"]},"uagb_featured_image_src":{"full":["https:\/\/dlx-media.com\/wp-content\/uploads\/Canonical-Tag.jpeg",1792,1024,false],"thumbnail":["https:\/\/dlx-media.com\/wp-content\/uploads\/Canonical-Tag-250x250.jpeg",250,250,true],"medium":["https:\/\/dlx-media.com\/wp-content\/uploads\/Canonical-Tag-350x200.jpeg",350,200,true],"medium_large":["https:\/\/dlx-media.com\/wp-content\/uploads\/Canonical-Tag-768x439.jpeg",768,439,true],"large":["https:\/\/dlx-media.com\/wp-content\/uploads\/Canonical-Tag-1024x585.jpeg",1024,585,true],"1536x1536":["https:\/\/dlx-media.com\/wp-content\/uploads\/Canonical-Tag-1536x878.jpeg",1536,878,true],"2048x2048":["https:\/\/dlx-media.com\/wp-content\/uploads\/Canonical-Tag.jpeg",1792,1024,false],"suffice-thumbnail-grid":["https:\/\/dlx-media.com\/wp-content\/uploads\/Canonical-Tag-750x420.jpeg",750,420,true],"suffice-thumbnail-featured-one":["https:\/\/dlx-media.com\/wp-content\/uploads\/Canonical-Tag-295x525.jpeg",295,525,true],"suffice-thumbnail-featured-two":["https:\/\/dlx-media.com\/wp-content\/uploads\/Canonical-Tag-1140x504.jpeg",1140,504,true],"suffice-thumbnail-portfolio":["https:\/\/dlx-media.com\/wp-content\/uploads\/Canonical-Tag-572x552.jpeg",572,552,true],"suffice-thumbnail-portfolio-masonry":["https:\/\/dlx-media.com\/wp-content\/uploads\/Canonical-Tag-572x652.jpeg",572,652,true]},"uagb_author_info":{"display_name":"DLxMedia","author_link":"https:\/\/dlx-media.com\/pl"},"uagb_comment_info":0,"uagb_excerpt":"Tag kanoniczny: niezb\u0119dny pomocnik w \u015bwiecie SEO W z\u0142o\u017conym \u015bwiecie marketingu w wyszukiwarkach tag kanoniczny, znany r\u00f3wnie\u017c jako &#8222;rel=canonical&#8221;, jest kluczowym narz\u0119dziem dla webmaster\u00f3w i ekspert\u00f3w SEO. Ten specjalny znacznik \u0142\u0105cza HTML s\u0142u\u017cy do identyfikacji preferowanej lub &#8222;kanonicznej&#8221; wersji strony","_links":{"self":[{"href":"https:\/\/dlx-media.com\/pl\/wp-json\/wp\/v2\/pages\/4689","targetHints":{"allow":["GET"]}}],"collection":[{"href":"https:\/\/dlx-media.com\/pl\/wp-json\/wp\/v2\/pages"}],"about":[{"href":"https:\/\/dlx-media.com\/pl\/wp-json\/wp\/v2\/types\/page"}],"author":[{"embeddable":true,"href":"https:\/\/dlx-media.com\/pl\/wp-json\/wp\/v2\/users\/2332"}],"replies":[{"embeddable":true,"href":"https:\/\/dlx-media.com\/pl\/wp-json\/wp\/v2\/comments?post=4689"}],"version-history":[{"count":2,"href":"https:\/\/dlx-media.com\/pl\/wp-json\/wp\/v2\/pages\/4689\/revisions"}],"predecessor-version":[{"id":5359,"href":"https:\/\/dlx-media.com\/pl\/wp-json\/wp\/v2\/pages\/4689\/revisions\/5359"}],"up":[{"embeddable":true,"href":"https:\/\/dlx-media.com\/pl\/wp-json\/wp\/v2\/pages\/4979"}],"wp:featuredmedia":[{"embeddable":true,"href":"https:\/\/dlx-media.com\/pl\/wp-json\/wp\/v2\/media\/4681"}],"wp:attachment":[{"href":"https:\/\/dlx-media.com\/pl\/wp-json\/wp\/v2\/media?parent=4689"}],"curies":[{"name":"wp","href":"https:\/\/api.w.org\/{rel}","templated":true}]}}