{"id":4687,"date":"2024-04-28T19:22:04","date_gmt":"2024-04-28T17:22:04","guid":{"rendered":"https:\/\/www.dlx-media.com\/slowniczek-marketingu-internetowego-i-seo\/pamiec-podreczna-przegladarki\/"},"modified":"2024-07-14T13:53:49","modified_gmt":"2024-07-14T11:53:49","slug":"pamiec-podreczna-przegladarki","status":"publish","type":"page","link":"https:\/\/dlx-media.com\/pl\/slowniczek\/pamiec-podreczna-przegladarki\/","title":{"rendered":"Pami\u0119\u0107 podr\u0119czna przegl\u0105darki"},"content":{"rendered":"<div class=\"wp-block-image\">\n<figure data-spectra-id=\"spectra-f80c31cb-f90b-49e2-930c-42bf6fdf0e53\" class=\"aligncenter size-large\"><img loading=\"lazy\" decoding=\"async\" width=\"1024\" height=\"585\" src=\"https:\/\/dlx-media.com\/wp-content\/uploads\/Browser-Cache-SEO-1024x585.jpeg\" alt=\"SEO pami&#x119;ci podr&#x119;cznej przegl&#x105;darki\" class=\"wp-image-4668\" srcset=\"https:\/\/dlx-media.com\/wp-content\/uploads\/Browser-Cache-SEO-1024x585.jpeg 1024w, https:\/\/dlx-media.com\/wp-content\/uploads\/Browser-Cache-SEO-350x200.jpeg 350w, https:\/\/dlx-media.com\/wp-content\/uploads\/Browser-Cache-SEO-768x439.jpeg 768w, https:\/\/dlx-media.com\/wp-content\/uploads\/Browser-Cache-SEO-1536x878.jpeg 1536w, https:\/\/dlx-media.com\/wp-content\/uploads\/Browser-Cache-SEO.jpeg 1792w\" sizes=\"auto, (max-width: 1024px) 100vw, 1024px\" \/><\/figure>\n<\/div>\n<h3 class=\"wp-block-heading\">Pami\u0119\u0107 podr\u0119czna przegl\u0105darki: niewidoczny akcelerator wydajno\u015bci stron internetowych<\/h3>\n\n<p class=\"wp-block-paragraph\">W dynamicznym \u015bwiecie Internetu, w kt\u00f3rym u\u0142amki sekund mog\u0105 decydowa\u0107 o wra\u017ceniach u\u017cytkownika, pami\u0119\u0107 podr\u0119czna przegl\u0105darki odgrywa kluczow\u0105 rol\u0119 w optymalizacji wydajno\u015bci strony. Google zaleca kilka metod przyspieszenia dost\u0119pu do sieci, przy czym buforowanie przegl\u0105darki wyr\u00f3\u017cnia si\u0119 jako skuteczna technika skracania czasu \u0142adowania i poprawy komfortu u\u017cytkowania. Umiej\u0119tnie zarz\u0105dzaj\u0105c pami\u0119ci\u0105 podr\u0119czn\u0105, tw\u00f3rcy stron internetowych mog\u0105 znacznie zwi\u0119kszy\u0107 szybko\u015b\u0107 i wydajno\u015b\u0107 swoich stron.<\/p>\n\n<h4 class=\"wp-block-heading\">Czym jest buforowanie przegl\u0105darki?<\/h4>\n\n<p class=\"wp-block-paragraph\">Buforowanie przegl\u0105darki to proces, w kt\u00f3rym zasoby internetowe, takie jak obrazy, pliki JavaScript i CSS, s\u0105 przechowywane na lokalnym urz\u0105dzeniu u\u017cytkownika po pierwszym za\u0142adowaniu strony internetowej. Podczas kolejnych wizyt na stronie przegl\u0105darka mo\u017ce szybko pobra\u0107 te przechowywane zasoby zamiast ponownie \u0142adowa\u0107 je przez Internet. Zmniejsza to ilo\u015b\u0107 danych przesy\u0142anych przez sie\u0107 i znacznie przyspiesza \u0142adowanie strony.<\/p>\n\n<h4 class=\"wp-block-heading\">Mechanizm techniczny stoj\u0105cy za buforowaniem przegl\u0105darki<\/h4>\n\n<p class=\"wp-block-paragraph\">Sercem buforowania przegl\u0105darki jest nag\u0142\u00f3wek HTTP, kt\u00f3ry definiuje dat\u0119 wyga\u015bni\u0119cia lub maksymalny wiek zasob\u00f3w. Te nag\u0142\u00f3wki HTTP daj\u0105 przegl\u0105darce instrukcje dotycz\u0105ce tego, jak d\u0142ugo plik powinien by\u0107 przechowywany w pami\u0119ci podr\u0119cznej, zanim zostanie ponownie za\u017c\u0105dany z serwera. Prawid\u0142owa konfiguracja umo\u017cliwia efektywne wykorzystanie pami\u0119ci lokalnej, co znacznie skraca czas \u0142adowania witryny.<\/p>\n\n<h4 class=\"wp-block-heading\">Zalety buforowania przegl\u0105darki<\/h4>\n\n<ol class=\"wp-block-list\">\n<li><strong>Kr\u00f3tsze czasy \u0142adowania stron<\/strong>: Zmniejszaj\u0105c ilo\u015b\u0107 danych, kt\u00f3re musz\u0105 by\u0107 \u0142adowane przez sie\u0107 dla ka\u017cdego wy\u015bwietlenia strony, strony \u0142aduj\u0105 si\u0119 szybciej, bezpo\u015brednio poprawiaj\u0105c wra\u017cenia u\u017cytkownika.<\/li>\n\n\n\n<li><strong>Wi\u0119ksza satysfakcja u\u017cytkownik\u00f3w<\/strong>: Szybszy czas \u0142adowania prowadzi do wi\u0119kszej satysfakcji u\u017cytkownik\u00f3w. Odwiedzaj\u0105cy rzadziej opuszczaj\u0105 witryn\u0119 z frustracji, co zmniejsza wsp\u00f3\u0142czynnik odrzuce\u0144 i wyd\u0142u\u017ca czas sp\u0119dzony na stronie.<\/li>\n\n\n\n<li><strong>Zwi\u0119kszenie wsp\u00f3\u0142czynnika konwersji<\/strong>: Szybka i p\u0142ynna obs\u0142uga mo\u017ce pom\u00f3c w przekszta\u0142ceniu wi\u0119kszej liczby odwiedzaj\u0105cych w klient\u00f3w. Zoptymalizowana witryna promuje zaufanie i ch\u0119\u0107 u\u017cytkownik\u00f3w do przeprowadzania transakcji lub pozostawiania danych kontaktowych.<\/li>\n\n\n\n<li><strong>Zmniejszone zu\u017cycie przepust<\/strong>owo\u015bci: Dzi\u0119ki przechowywaniu plik\u00f3w statycznych lokalnie, zu\u017cycie przepustowo\u015bci jest mniejsze zar\u00f3wno dla u\u017cytkownika, jak i serwera, co mo\u017ce prowadzi\u0107 do ni\u017cszych koszt\u00f3w hostingu.<\/li>\n\n\n\n<li><strong>Pozytywny wp\u0142yw na ranking SEO<\/strong>: Google i inne wyszukiwarki preferuj\u0105 szybkie i wydajne strony internetowe. Dobrze wdro\u017cony system buforowania mo\u017ce poprawi\u0107 ranking strony w wynikach wyszukiwania.<\/li>\n<\/ol>\n\n<h4 class=\"wp-block-heading\">Najlepsze praktyki skutecznego buforowania przegl\u0105darki<\/h4>\n\n<ul class=\"wp-block-list\">\n<li><strong>Ustaw odpowiednie<\/strong> czasy wyga\u015bni\u0119cia: Zasoby, kt\u00f3re s\u0105 rzadko zmieniane (takie jak logo strony internetowej lub przewodnik po stylach CSS), mog\u0105 mie\u0107 d\u0142u\u017cszy czas wyga\u015bni\u0119cia. Cz\u0119sto aktualizowane tre\u015bci powinny mie\u0107 kr\u00f3tsze czasy wyga\u015bni\u0119cia.<\/li>\n\n\n\n<li><strong>Wersjonowanie plik\u00f3w<\/strong>: Aby zapewni\u0107 u\u017cytkownikom dost\u0119p do najnowszych wersji plik\u00f3w, tw\u00f3rcy stron internetowych powinni stosowa\u0107 konwencj\u0119 wersjonowania, kt\u00f3ra umo\u017cliwia przegl\u0105darce rozpoznawanie nieaktualnych wersji buforowanych po aktualizacji.<\/li>\n\n\n\n<li><strong>Optymalizacja strategii buforowania dla urz\u0105dze\u0144 mobilnych<\/strong>: Ze wzgl\u0119du na r\u00f3\u017cnorodno\u015b\u0107 urz\u0105dze\u0144 mobilnych i warunk\u00f3w sieciowych, buforowanie powinno by\u0107 zoptymalizowane tak, aby dzia\u0142a\u0142o skutecznie nawet w mniej ni\u017c idealnych warunkach.<\/li>\n<\/ul>\n\n<h4 class=\"wp-block-heading\">Wnioski<\/h4>\n\n<p class=\"wp-block-paragraph\">Korzystanie z buforowania przegl\u0105darki jest podstawow\u0105, ale pot\u0119\u017cn\u0105 metod\u0105 przyspieszania dzia\u0142ania stron internetowych. Stosuj\u0105c zasady efektywnego buforowania, tw\u00f3rcy stron internetowych mog\u0105 nie tylko poprawi\u0107 wra\u017cenia u\u017cytkownik\u00f3w, ale tak\u017ce wyr\u00f3\u017cni\u0107 swoje witryny na wysoce konkurencyjnym rynku cyfrowym. W erze, w kt\u00f3rej szybko\u015b\u0107 jest kluczowym elementem satysfakcji u\u017cytkownika, buforowanie przegl\u0105darki jest krytycznym czynnikiem sukcesu online.<\/p>\n","protected":false},"excerpt":{"rendered":"<p>Pami\u0119\u0107 podr\u0119czna przegl\u0105darki: niewidoczny akcelerator wydajno\u015bci stron internetowych W dynamicznym \u015bwiecie Internetu, w kt\u00f3rym u\u0142amki sekund mog\u0105 decydowa\u0107 o wra\u017ceniach u\u017cytkownika, pami\u0119\u0107 podr\u0119czna przegl\u0105darki odgrywa kluczow\u0105 rol\u0119 w optymalizacji wydajno\u015bci strony. Google zaleca kilka metod przyspieszenia dost\u0119pu do sieci, przy<\/p>\n","protected":false},"author":2332,"featured_media":4670,"parent":4979,"menu_order":0,"comment_status":"closed","ping_status":"closed","template":"","meta":{"_seopress_robots_primary_cat":"","_seopress_titles_title":"Pami\u0119\u0107 podr\u0119czna przegl\u0105darki: Turbo dla szybko\u015bci witryny %%sitetitle%%","_seopress_titles_desc":"Dowiedz si\u0119, jak buforowanie przegl\u0105darki skraca czas \u0142adowania i poprawia wra\u017cenia u\u017cytkownika - co jest niezb\u0119dne dla szybszych stron internetowych!","_seopress_robots_index":"","_crdt_document":"","_uag_custom_page_level_css":"","spectra_gs_classes":"","footnotes":""},"class_list":["post-4687","page","type-page","status-publish","has-post-thumbnail","hentry"],"spectra_custom_meta":{"_top_nav_excluded":[""],"_cms_nav_minihome":[""],"_thumbnail_id":["4670"],"_wpml_word_count":["{\"total\":503,\"to_translate\":{\"en\":503,\"de\":503}}"],"_last_translation_edit_mode":["translation-editor"],"_seopress_titles_title":["Pami\u0119\u0107 podr\u0119czna przegl\u0105darki: Turbo dla szybko\u015bci witryny %%sitetitle%%"],"_seopress_titles_desc":["Dowiedz si\u0119, jak buforowanie przegl\u0105darki skraca czas \u0142adowania i poprawia wra\u017cenia u\u017cytkownika - co jest niezb\u0119dne dla szybszych stron internetowych!"],"_seopress_redirections_logged_status":["oba"],"_seopress_redirections_type":["301"],"_uagb_previous_block_counts":["a:90:{s:21:\"uagb\/advanced-heading\";i:0;s:15:\"uagb\/blockquote\";i:0;s:12:\"uagb\/buttons\";i:0;s:18:\"uagb\/buttons-child\";i:0;s:19:\"uagb\/call-to-action\";i:0;s:15:\"uagb\/cf7-styler\";i:0;s:11:\"uagb\/column\";i:0;s:12:\"uagb\/columns\";i:0;s:14:\"uagb\/container\";i:0;s:21:\"uagb\/content-timeline\";i:0;s:27:\"uagb\/content-timeline-child\";i:0;s:14:\"uagb\/countdown\";i:0;s:12:\"uagb\/counter\";i:0;s:8:\"uagb\/faq\";i:0;s:14:\"uagb\/faq-child\";i:0;s:10:\"uagb\/forms\";i:0;s:17:\"uagb\/forms-accept\";i:0;s:19:\"uagb\/forms-checkbox\";i:0;s:15:\"uagb\/forms-date\";i:0;s:16:\"uagb\/forms-email\";i:0;s:17:\"uagb\/forms-hidden\";i:0;s:15:\"uagb\/forms-name\";i:0;s:16:\"uagb\/forms-phone\";i:0;s:16:\"uagb\/forms-radio\";i:0;s:17:\"uagb\/forms-select\";i:0;s:19:\"uagb\/forms-textarea\";i:0;s:17:\"uagb\/forms-toggle\";i:0;s:14:\"uagb\/forms-url\";i:0;s:14:\"uagb\/gf-styler\";i:0;s:15:\"uagb\/google-map\";i:0;s:11:\"uagb\/how-to\";i:0;s:16:\"uagb\/how-to-step\";i:0;s:9:\"uagb\/icon\";i:0;s:14:\"uagb\/icon-list\";i:0;s:20:\"uagb\/icon-list-child\";i:0;s:10:\"uagb\/image\";i:0;s:18:\"uagb\/image-gallery\";i:0;s:13:\"uagb\/info-box\";i:0;s:18:\"uagb\/inline-notice\";i:0;s:11:\"uagb\/lottie\";i:0;s:21:\"uagb\/marketing-button\";i:0;s:10:\"uagb\/modal\";i:0;s:18:\"uagb\/popup-builder\";i:0;s:16:\"uagb\/post-button\";i:0;s:18:\"uagb\/post-carousel\";i:0;s:17:\"uagb\/post-excerpt\";i:0;s:14:\"uagb\/post-grid\";i:0;s:15:\"uagb\/post-image\";i:0;s:17:\"uagb\/post-masonry\";i:0;s:14:\"uagb\/post-meta\";i:0;s:18:\"uagb\/post-taxonomy\";i:0;s:18:\"uagb\/post-timeline\";i:0;s:15:\"uagb\/post-title\";i:0;s:20:\"uagb\/restaurant-menu\";i:0;s:26:\"uagb\/restaurant-menu-child\";i:0;s:11:\"uagb\/review\";i:0;s:12:\"uagb\/section\";i:0;s:14:\"uagb\/separator\";i:0;s:11:\"uagb\/slider\";i:0;s:17:\"uagb\/slider-child\";i:0;s:17:\"uagb\/social-share\";i:0;s:23:\"uagb\/social-share-child\";i:0;s:16:\"uagb\/star-rating\";i:0;s:23:\"uagb\/sure-cart-checkout\";i:0;s:22:\"uagb\/sure-cart-product\";i:0;s:15:\"uagb\/sure-forms\";i:0;s:22:\"uagb\/table-of-contents\";i:0;s:9:\"uagb\/tabs\";i:0;s:15:\"uagb\/tabs-child\";i:0;s:18:\"uagb\/taxonomy-list\";i:0;s:9:\"uagb\/team\";i:0;s:16:\"uagb\/testimonial\";i:0;s:14:\"uagb\/wp-search\";i:0;s:19:\"uagb\/instagram-feed\";i:0;s:10:\"uagb\/login\";i:0;s:17:\"uagb\/loop-builder\";i:0;s:18:\"uagb\/loop-category\";i:0;s:20:\"uagb\/loop-pagination\";i:0;s:15:\"uagb\/loop-reset\";i:0;s:16:\"uagb\/loop-search\";i:0;s:14:\"uagb\/loop-sort\";i:0;s:17:\"uagb\/loop-wrapper\";i:0;s:13:\"uagb\/register\";i:0;s:19:\"uagb\/register-email\";i:0;s:24:\"uagb\/register-first-name\";i:0;s:23:\"uagb\/register-last-name\";i:0;s:22:\"uagb\/register-password\";i:0;s:30:\"uagb\/register-reenter-password\";i:0;s:19:\"uagb\/register-terms\";i:0;s:22:\"uagb\/register-username\";i:0;}"],"_uag_page_assets":["a:9:{s:3:\"css\";s:263:\".uag-blocks-common-selector{z-index:var(--z-index-desktop) !important}@media (max-width: 976px){.uag-blocks-common-selector{z-index:var(--z-index-tablet) !important}}@media (max-width: 767px){.uag-blocks-common-selector{z-index:var(--z-index-mobile) !important}}\n\";s:2:\"js\";s:0:\"\";s:18:\"current_block_list\";a:5:{i:0;s:10:\"core\/image\";i:1;s:12:\"core\/heading\";i:2;s:14:\"core\/paragraph\";i:3;s:9:\"core\/list\";i:4;s:14:\"core\/list-item\";}s:8:\"uag_flag\";b:0;s:11:\"uag_version\";s:10:\"1775815218\";s:6:\"gfonts\";a:0:{}s:10:\"gfonts_url\";s:0:\"\";s:12:\"gfonts_files\";a:0:{}s:14:\"uag_faq_layout\";b:0;}"],"_uag_css_file_name":["uag-css-4687.css"]},"uagb_featured_image_src":{"full":["https:\/\/dlx-media.com\/wp-content\/uploads\/Browser-Cache-SEO.jpeg",1792,1024,false],"thumbnail":["https:\/\/dlx-media.com\/wp-content\/uploads\/Browser-Cache-SEO-250x250.jpeg",250,250,true],"medium":["https:\/\/dlx-media.com\/wp-content\/uploads\/Browser-Cache-SEO-350x200.jpeg",350,200,true],"medium_large":["https:\/\/dlx-media.com\/wp-content\/uploads\/Browser-Cache-SEO-768x439.jpeg",768,439,true],"large":["https:\/\/dlx-media.com\/wp-content\/uploads\/Browser-Cache-SEO-1024x585.jpeg",1024,585,true],"1536x1536":["https:\/\/dlx-media.com\/wp-content\/uploads\/Browser-Cache-SEO-1536x878.jpeg",1536,878,true],"2048x2048":["https:\/\/dlx-media.com\/wp-content\/uploads\/Browser-Cache-SEO.jpeg",1792,1024,false],"suffice-thumbnail-grid":["https:\/\/dlx-media.com\/wp-content\/uploads\/Browser-Cache-SEO-750x420.jpeg",750,420,true],"suffice-thumbnail-featured-one":["https:\/\/dlx-media.com\/wp-content\/uploads\/Browser-Cache-SEO-295x525.jpeg",295,525,true],"suffice-thumbnail-featured-two":["https:\/\/dlx-media.com\/wp-content\/uploads\/Browser-Cache-SEO-1140x504.jpeg",1140,504,true],"suffice-thumbnail-portfolio":["https:\/\/dlx-media.com\/wp-content\/uploads\/Browser-Cache-SEO-572x552.jpeg",572,552,true],"suffice-thumbnail-portfolio-masonry":["https:\/\/dlx-media.com\/wp-content\/uploads\/Browser-Cache-SEO-572x652.jpeg",572,652,true]},"uagb_author_info":{"display_name":"DLxMedia","author_link":"https:\/\/dlx-media.com\/pl"},"uagb_comment_info":0,"uagb_excerpt":"Pami\u0119\u0107 podr\u0119czna przegl\u0105darki: niewidoczny akcelerator wydajno\u015bci stron internetowych W dynamicznym \u015bwiecie Internetu, w kt\u00f3rym u\u0142amki sekund mog\u0105 decydowa\u0107 o wra\u017ceniach u\u017cytkownika, pami\u0119\u0107 podr\u0119czna przegl\u0105darki odgrywa kluczow\u0105 rol\u0119 w optymalizacji wydajno\u015bci strony. Google zaleca kilka metod przyspieszenia dost\u0119pu do sieci, przy","_links":{"self":[{"href":"https:\/\/dlx-media.com\/pl\/wp-json\/wp\/v2\/pages\/4687","targetHints":{"allow":["GET"]}}],"collection":[{"href":"https:\/\/dlx-media.com\/pl\/wp-json\/wp\/v2\/pages"}],"about":[{"href":"https:\/\/dlx-media.com\/pl\/wp-json\/wp\/v2\/types\/page"}],"author":[{"embeddable":true,"href":"https:\/\/dlx-media.com\/pl\/wp-json\/wp\/v2\/users\/2332"}],"replies":[{"embeddable":true,"href":"https:\/\/dlx-media.com\/pl\/wp-json\/wp\/v2\/comments?post=4687"}],"version-history":[{"count":2,"href":"https:\/\/dlx-media.com\/pl\/wp-json\/wp\/v2\/pages\/4687\/revisions"}],"predecessor-version":[{"id":5355,"href":"https:\/\/dlx-media.com\/pl\/wp-json\/wp\/v2\/pages\/4687\/revisions\/5355"}],"up":[{"embeddable":true,"href":"https:\/\/dlx-media.com\/pl\/wp-json\/wp\/v2\/pages\/4979"}],"wp:featuredmedia":[{"embeddable":true,"href":"https:\/\/dlx-media.com\/pl\/wp-json\/wp\/v2\/media\/4670"}],"wp:attachment":[{"href":"https:\/\/dlx-media.com\/pl\/wp-json\/wp\/v2\/media?parent=4687"}],"curies":[{"name":"wp","href":"https:\/\/api.w.org\/{rel}","templated":true}]}}