{"id":4649,"date":"2024-04-25T14:11:19","date_gmt":"2024-04-25T12:11:19","guid":{"rendered":"https:\/\/www.dlx-media.com\/slowniczek-marketingu-internetowego-i-seo\/breadcrumb-nawigacja\/"},"modified":"2024-07-14T13:53:48","modified_gmt":"2024-07-14T11:53:48","slug":"breadcrumb-nawigacja","status":"publish","type":"page","link":"https:\/\/dlx-media.com\/pl\/slowniczek\/breadcrumb-nawigacja\/","title":{"rendered":"Breadcrumb-Nawigacja"},"content":{"rendered":"<div class=\"wp-block-image\">\n<figure data-spectra-id=\"spectra-0327bd4a-e3a8-43fa-a1bd-1635b4cf8edc\" class=\"aligncenter size-large\"><img loading=\"lazy\" decoding=\"async\" width=\"1024\" height=\"585\" src=\"https:\/\/dlx-media.com\/wp-content\/uploads\/Breadcrumb-Navigation-1024x585.jpeg\" alt=\"Breadcrumb-Nawigacja\" class=\"wp-image-4643\" srcset=\"https:\/\/dlx-media.com\/wp-content\/uploads\/Breadcrumb-Navigation-1024x585.jpeg 1024w, https:\/\/dlx-media.com\/wp-content\/uploads\/Breadcrumb-Navigation-350x200.jpeg 350w, https:\/\/dlx-media.com\/wp-content\/uploads\/Breadcrumb-Navigation-768x439.jpeg 768w, https:\/\/dlx-media.com\/wp-content\/uploads\/Breadcrumb-Navigation-1536x878.jpeg 1536w, https:\/\/dlx-media.com\/wp-content\/uploads\/Breadcrumb-Navigation.jpeg 1792w\" sizes=\"auto, (max-width: 1024px) 100vw, 1024px\" \/><\/figure>\n<\/div>\n<h3 class=\"wp-block-heading\">Breadcrumb-Navigation: Droga na stronach internetowych<\/h3>\n\n<p class=\"wp-block-paragraph\">Nawigacja typu breadcrumb jest kluczowym, cz\u0119sto niedocenianym elementem projektowania stron internetowych, kt\u00f3ry ma du\u017ce znaczenie zar\u00f3wno dla u\u017cytkownik\u00f3w, jak i wyszukiwarek. To narz\u0119dzie nawigacyjne, kt\u00f3re subtelnie odzwierciedla struktur\u0119 i hierarchi\u0119 strony internetowej, ma g\u0142\u0119boki wp\u0142yw na do\u015bwiadczenia u\u017cytkownika i optymalizacj\u0119 pod k\u0105tem wyszukiwarek (SEO).<\/p>\n\n<h4 class=\"wp-block-heading\">Dualno\u015b\u0107 nawigacji Breadcrumb<\/h4>\n\n<p class=\"wp-block-paragraph\"><strong>Dla wyszukiwarek:<\/strong> Breadcrumbs s\u0105 centralnym elementem sygna\u0142owym dla crawler\u00f3w i bot\u00f3w wyszukiwarek. U\u0142atwiaj\u0105 one tym zautomatyzowanym systemom zrozumienie i interpretacj\u0119 strukturalnego uk\u0142adu i hierarchii strony internetowej. Czyste przedstawienie \u015bcie\u017cki, kt\u00f3r\u0105 u\u017cytkownik mo\u017ce przej\u015b\u0107 na stronie, pomaga wyszukiwarkom lepiej zrozumie\u0107 znaczenie i kontekst tre\u015bci. Poprzez poprawne i pe\u0142ne oznaczenie breadcrumbs za pomoc\u0105 strukturyzowanych danych, takich jak Schema.org, JSON-LD lub RDFa, znacznie poprawia si\u0119 rozpoznawalno\u015b\u0107 i przetwarzanie przez wyszukiwarki, co mo\u017ce bezpo\u015brednio przyczyni\u0107 si\u0119 do lepszej widoczno\u015bci i wy\u017cszego rankingu strony internetowej.<\/p>\n\n<p class=\"wp-block-paragraph\"><strong>Dla u\u017cytkownik\u00f3w:<\/strong> Na stronie u\u017cytkownika, Breadcrumbs oferuj\u0105 jasne i bezpo\u015brednie wskaz\u00f3wki, kt\u00f3re pokazuj\u0105, gdzie obecnie znajduje si\u0119 odwiedzaj\u0105cy i jak wygl\u0105da \u015bcie\u017cka, kt\u00f3r\u0105 przeszed\u0142 na stronie. Ta funkcja jest szczeg\u00f3lnie korzystna na skomplikowanych lub obszernych stronach internetowych, poniewa\u017c pomaga u\u017cytkownikom utrzyma\u0107 orientacj\u0119 i nawigowa\u0107 efektywnie. Chocia\u017c cz\u0119sto uwa\u017cane za drugorz\u0119dne narz\u0119dzie, okruchy chleba mog\u0105 znacznie poprawi\u0107 do\u015bwiadczenia u\u017cytkownika, umo\u017cliwiaj\u0105c \u0142atwy powr\u00f3t do stron nadrz\u0119dnych, bez konieczno\u015bci korzystania z przycisku &#8222;Wstecz&#8221; w przegl\u0105darce.<\/p>\n\n<h4 class=\"wp-block-heading\">Optymalizacja nawigacji Breadcrumb dla urz\u0105dze\u0144 mobilnych<\/h4>\n\n<p class=\"wp-block-paragraph\">Integracja nawigacji Breadcrumb na mobilnych stronach internetowych stanowi szczeg\u00f3lne wyzwanie, poniewa\u017c dost\u0119pne miejsce jest ograniczone, a czytelno\u015b\u0107 musi by\u0107 gwarantowana. Efektywn\u0105 metod\u0105 na stworzenie przyjaznych dla u\u017cytkownika breadcrumbs na urz\u0105dzeniach mobilnych jest redukcja do istotnych poziom\u00f3w. Zamiast wy\u015bwietlania ca\u0142ej \u015bcie\u017cki nawigacji, wy\u015bwietlanie mo\u017cna ograniczy\u0107 do bie\u017c\u0105cego i bezpo\u015brednio nadrz\u0119dnego poziomu. Ten kompaktowy widok unika przeci\u0105\u017cenia, a jednocze\u015bnie zachowuje funkcjonalno\u015b\u0107 breadcrumbs, oferuj\u0105c u\u017cytkownikowi wy\u015bwietlanie pozycji i podstawowe mo\u017cliwo\u015bci nawigacji.<\/p>\n\n<p class=\"wp-block-paragraph\">W niekt\u00f3rych przypadkach, szczeg\u00f3lnie na stronach internetowych o jasnej i kr\u00f3tkiej hierarchii, mo\u017ce by\u0107 jednak sensowne utrzymanie pe\u0142nej nawigacji Breadcrumb r\u00f3wnie\u017c na urz\u0105dzeniach mobilnych. To dotyczy przede wszystkim stron internetowych e-commerce, na kt\u00f3rych u\u017cytkownicy mog\u0105 chcie\u0107 dok\u0142adnie \u015bledzi\u0107, na jakim poziomie katalogu produkt\u00f3w si\u0119 znajduj\u0105.<\/p>\n\n<h4 class=\"wp-block-heading\">Najlepsze praktyki dotycz\u0105ce projektowania Breadcrumbs<\/h4>\n\n<ol class=\"wp-block-list\">\n<li><strong>Jasno\u015b\u0107 i sp\u00f3jno\u015b\u0107:<\/strong> Breadcrumbs powinny by\u0107 stosowane konsekwentnie na ca\u0142ej stronie internetowej. Ka\u017cdy wpis na pasku nawigacji powinien by\u0107 jasny i bezpo\u015brednio klikalny.<\/li>\n\n\n\n<li><strong>Dane strukturalne:<\/strong> Integracja danych strukturalnych pomaga wyszukiwarkom efektywniej interpretowa\u0107 i wykorzystywa\u0107 nawigacj\u0119 Breadcrumb, co poprawia wydajno\u015b\u0107 SEO.<\/li>\n\n\n\n<li><strong>Optymalizacja mobilna:<\/strong> Na urz\u0105dzeniach mobilnych nawigacja Breadcrumb powinna by\u0107 zaprojektowana tak, aby by\u0142a dobrze czytelna i przyjazna dla u\u017cytkownika, nawet na ma\u0142ych ekranach.<\/li>\n\n\n\n<li><strong>Prostota wizualna:<\/strong> Breadcrumbs powinny by\u0107 wizualnie dyskretne i nie konkurowa\u0107 z g\u0142\u00f3wn\u0105 nawigacj\u0105 strony.<\/li>\n<\/ol>\n\n<h4 class=\"wp-block-heading\">Wnioski<\/h4>\n\n<p class=\"wp-block-paragraph\">Nawigacja Breadcrumb mo\u017ce wydawa\u0107 si\u0119 na pierwszy rzut oka niepozorna, ale jej rola w poprawie SEO i prowadzeniu u\u017cytkownika nie mo\u017ce by\u0107 wystarczaj\u0105co wysoko oceniana. Dzi\u0119ki inteligentnemu wdro\u017ceniu i optymalizacji tego narz\u0119dzia nawigacyjnego, deweloperzy stron internetowych i eksperci SEO mog\u0105 znacznie poprawi\u0107 do\u015bwiadczenia u\u017cytkownik\u00f3w, jednocze\u015bnie przyczyniaj\u0105c si\u0119 do lepszego zrozumienia i oceny ich stron przez wyszukiwarki.<\/p>\n","protected":false},"excerpt":{"rendered":"<p>Breadcrumb-Navigation: Droga na stronach internetowych Nawigacja typu breadcrumb jest kluczowym, cz\u0119sto niedocenianym elementem projektowania stron internetowych, kt\u00f3ry ma du\u017ce znaczenie zar\u00f3wno dla u\u017cytkownik\u00f3w, jak i wyszukiwarek. To narz\u0119dzie nawigacyjne, kt\u00f3re subtelnie odzwierciedla struktur\u0119 i hierarchi\u0119 strony internetowej, ma g\u0142\u0119boki wp\u0142yw<\/p>\n","protected":false},"author":2332,"featured_media":4645,"parent":4979,"menu_order":0,"comment_status":"closed","ping_status":"closed","template":"","meta":{"_seopress_robots_primary_cat":"","_seopress_titles_title":"Breadcrumb-Navigation: Optymalizacja nawigacji u\u017cytkownika %%sep%% %%sitetitle%%","_seopress_titles_desc":"Odkryj, jak nawigacja Breadcrumb poprawia SEO i optymalizuje do\u015bwiadczenia u\u017cytkownik\u00f3w na stronach internetowych. Niezb\u0119dne narz\u0119dzie dla ka\u017cdej strony internetowej!","_seopress_robots_index":"","_crdt_document":"","_uag_custom_page_level_css":"","spectra_gs_classes":"","footnotes":""},"class_list":["post-4649","page","type-page","status-publish","has-post-thumbnail","hentry"],"spectra_custom_meta":{"_top_nav_excluded":[""],"_cms_nav_minihome":[""],"_thumbnail_id":["4645"],"_wpml_word_count":["{\"total\":498,\"to_translate\":{\"en\":498,\"de\":498}}"],"_last_translation_edit_mode":["translation-editor"],"_seopress_titles_title":["Breadcrumb-Navigation: Optymalizacja nawigacji u\u017cytkownika %%sep%% %%sitetitle%%"],"_seopress_titles_desc":["Odkryj, jak nawigacja Breadcrumb poprawia SEO i optymalizuje do\u015bwiadczenia u\u017cytkownik\u00f3w na stronach internetowych. Niezb\u0119dne narz\u0119dzie dla ka\u017cdej strony internetowej!"],"_seopress_redirections_logged_status":["oba"],"_seopress_redirections_type":["301"],"_uagb_previous_block_counts":["a:90:{s:21:\"uagb\/advanced-heading\";i:0;s:15:\"uagb\/blockquote\";i:0;s:12:\"uagb\/buttons\";i:0;s:18:\"uagb\/buttons-child\";i:0;s:19:\"uagb\/call-to-action\";i:0;s:15:\"uagb\/cf7-styler\";i:0;s:11:\"uagb\/column\";i:0;s:12:\"uagb\/columns\";i:0;s:14:\"uagb\/container\";i:0;s:21:\"uagb\/content-timeline\";i:0;s:27:\"uagb\/content-timeline-child\";i:0;s:14:\"uagb\/countdown\";i:0;s:12:\"uagb\/counter\";i:0;s:8:\"uagb\/faq\";i:0;s:14:\"uagb\/faq-child\";i:0;s:10:\"uagb\/forms\";i:0;s:17:\"uagb\/forms-accept\";i:0;s:19:\"uagb\/forms-checkbox\";i:0;s:15:\"uagb\/forms-date\";i:0;s:16:\"uagb\/forms-email\";i:0;s:17:\"uagb\/forms-hidden\";i:0;s:15:\"uagb\/forms-name\";i:0;s:16:\"uagb\/forms-phone\";i:0;s:16:\"uagb\/forms-radio\";i:0;s:17:\"uagb\/forms-select\";i:0;s:19:\"uagb\/forms-textarea\";i:0;s:17:\"uagb\/forms-toggle\";i:0;s:14:\"uagb\/forms-url\";i:0;s:14:\"uagb\/gf-styler\";i:0;s:15:\"uagb\/google-map\";i:0;s:11:\"uagb\/how-to\";i:0;s:16:\"uagb\/how-to-step\";i:0;s:9:\"uagb\/icon\";i:0;s:14:\"uagb\/icon-list\";i:0;s:20:\"uagb\/icon-list-child\";i:0;s:10:\"uagb\/image\";i:0;s:18:\"uagb\/image-gallery\";i:0;s:13:\"uagb\/info-box\";i:0;s:18:\"uagb\/inline-notice\";i:0;s:11:\"uagb\/lottie\";i:0;s:21:\"uagb\/marketing-button\";i:0;s:10:\"uagb\/modal\";i:0;s:18:\"uagb\/popup-builder\";i:0;s:16:\"uagb\/post-button\";i:0;s:18:\"uagb\/post-carousel\";i:0;s:17:\"uagb\/post-excerpt\";i:0;s:14:\"uagb\/post-grid\";i:0;s:15:\"uagb\/post-image\";i:0;s:17:\"uagb\/post-masonry\";i:0;s:14:\"uagb\/post-meta\";i:0;s:18:\"uagb\/post-taxonomy\";i:0;s:18:\"uagb\/post-timeline\";i:0;s:15:\"uagb\/post-title\";i:0;s:20:\"uagb\/restaurant-menu\";i:0;s:26:\"uagb\/restaurant-menu-child\";i:0;s:11:\"uagb\/review\";i:0;s:12:\"uagb\/section\";i:0;s:14:\"uagb\/separator\";i:0;s:11:\"uagb\/slider\";i:0;s:17:\"uagb\/slider-child\";i:0;s:17:\"uagb\/social-share\";i:0;s:23:\"uagb\/social-share-child\";i:0;s:16:\"uagb\/star-rating\";i:0;s:23:\"uagb\/sure-cart-checkout\";i:0;s:22:\"uagb\/sure-cart-product\";i:0;s:15:\"uagb\/sure-forms\";i:0;s:22:\"uagb\/table-of-contents\";i:0;s:9:\"uagb\/tabs\";i:0;s:15:\"uagb\/tabs-child\";i:0;s:18:\"uagb\/taxonomy-list\";i:0;s:9:\"uagb\/team\";i:0;s:16:\"uagb\/testimonial\";i:0;s:14:\"uagb\/wp-search\";i:0;s:19:\"uagb\/instagram-feed\";i:0;s:10:\"uagb\/login\";i:0;s:17:\"uagb\/loop-builder\";i:0;s:18:\"uagb\/loop-category\";i:0;s:20:\"uagb\/loop-pagination\";i:0;s:15:\"uagb\/loop-reset\";i:0;s:16:\"uagb\/loop-search\";i:0;s:14:\"uagb\/loop-sort\";i:0;s:17:\"uagb\/loop-wrapper\";i:0;s:13:\"uagb\/register\";i:0;s:19:\"uagb\/register-email\";i:0;s:24:\"uagb\/register-first-name\";i:0;s:23:\"uagb\/register-last-name\";i:0;s:22:\"uagb\/register-password\";i:0;s:30:\"uagb\/register-reenter-password\";i:0;s:19:\"uagb\/register-terms\";i:0;s:22:\"uagb\/register-username\";i:0;}"],"_uag_page_assets":["a:9:{s:3:\"css\";s:263:\".uag-blocks-common-selector{z-index:var(--z-index-desktop) !important}@media (max-width: 976px){.uag-blocks-common-selector{z-index:var(--z-index-tablet) !important}}@media (max-width: 767px){.uag-blocks-common-selector{z-index:var(--z-index-mobile) !important}}\n\";s:2:\"js\";s:0:\"\";s:18:\"current_block_list\";a:5:{i:0;s:10:\"core\/image\";i:1;s:12:\"core\/heading\";i:2;s:14:\"core\/paragraph\";i:3;s:9:\"core\/list\";i:4;s:14:\"core\/list-item\";}s:8:\"uag_flag\";b:0;s:11:\"uag_version\";s:10:\"1775815218\";s:6:\"gfonts\";a:0:{}s:10:\"gfonts_url\";s:0:\"\";s:12:\"gfonts_files\";a:0:{}s:14:\"uag_faq_layout\";b:0;}"],"_uag_css_file_name":["uag-css-4649.css"]},"uagb_featured_image_src":{"full":["https:\/\/dlx-media.com\/wp-content\/uploads\/Breadcrumb-Navigation.jpeg",1792,1024,false],"thumbnail":["https:\/\/dlx-media.com\/wp-content\/uploads\/Breadcrumb-Navigation-250x250.jpeg",250,250,true],"medium":["https:\/\/dlx-media.com\/wp-content\/uploads\/Breadcrumb-Navigation-350x200.jpeg",350,200,true],"medium_large":["https:\/\/dlx-media.com\/wp-content\/uploads\/Breadcrumb-Navigation-768x439.jpeg",768,439,true],"large":["https:\/\/dlx-media.com\/wp-content\/uploads\/Breadcrumb-Navigation-1024x585.jpeg",1024,585,true],"1536x1536":["https:\/\/dlx-media.com\/wp-content\/uploads\/Breadcrumb-Navigation-1536x878.jpeg",1536,878,true],"2048x2048":["https:\/\/dlx-media.com\/wp-content\/uploads\/Breadcrumb-Navigation.jpeg",1792,1024,false],"suffice-thumbnail-grid":["https:\/\/dlx-media.com\/wp-content\/uploads\/Breadcrumb-Navigation-750x420.jpeg",750,420,true],"suffice-thumbnail-featured-one":["https:\/\/dlx-media.com\/wp-content\/uploads\/Breadcrumb-Navigation-295x525.jpeg",295,525,true],"suffice-thumbnail-featured-two":["https:\/\/dlx-media.com\/wp-content\/uploads\/Breadcrumb-Navigation-1140x504.jpeg",1140,504,true],"suffice-thumbnail-portfolio":["https:\/\/dlx-media.com\/wp-content\/uploads\/Breadcrumb-Navigation-572x552.jpeg",572,552,true],"suffice-thumbnail-portfolio-masonry":["https:\/\/dlx-media.com\/wp-content\/uploads\/Breadcrumb-Navigation-572x652.jpeg",572,652,true]},"uagb_author_info":{"display_name":"DLxMedia","author_link":"https:\/\/dlx-media.com\/pl"},"uagb_comment_info":0,"uagb_excerpt":"Breadcrumb-Navigation: Droga na stronach internetowych Nawigacja typu breadcrumb jest kluczowym, cz\u0119sto niedocenianym elementem projektowania stron internetowych, kt\u00f3ry ma du\u017ce znaczenie zar\u00f3wno dla u\u017cytkownik\u00f3w, jak i wyszukiwarek. To narz\u0119dzie nawigacyjne, kt\u00f3re subtelnie odzwierciedla struktur\u0119 i hierarchi\u0119 strony internetowej, ma g\u0142\u0119boki wp\u0142yw","_links":{"self":[{"href":"https:\/\/dlx-media.com\/pl\/wp-json\/wp\/v2\/pages\/4649","targetHints":{"allow":["GET"]}}],"collection":[{"href":"https:\/\/dlx-media.com\/pl\/wp-json\/wp\/v2\/pages"}],"about":[{"href":"https:\/\/dlx-media.com\/pl\/wp-json\/wp\/v2\/types\/page"}],"author":[{"embeddable":true,"href":"https:\/\/dlx-media.com\/pl\/wp-json\/wp\/v2\/users\/2332"}],"replies":[{"embeddable":true,"href":"https:\/\/dlx-media.com\/pl\/wp-json\/wp\/v2\/comments?post=4649"}],"version-history":[{"count":2,"href":"https:\/\/dlx-media.com\/pl\/wp-json\/wp\/v2\/pages\/4649\/revisions"}],"predecessor-version":[{"id":5360,"href":"https:\/\/dlx-media.com\/pl\/wp-json\/wp\/v2\/pages\/4649\/revisions\/5360"}],"up":[{"embeddable":true,"href":"https:\/\/dlx-media.com\/pl\/wp-json\/wp\/v2\/pages\/4979"}],"wp:featuredmedia":[{"embeddable":true,"href":"https:\/\/dlx-media.com\/pl\/wp-json\/wp\/v2\/media\/4645"}],"wp:attachment":[{"href":"https:\/\/dlx-media.com\/pl\/wp-json\/wp\/v2\/media?parent=4649"}],"curies":[{"name":"wp","href":"https:\/\/api.w.org\/{rel}","templated":true}]}}