{"id":4636,"date":"2024-04-25T13:53:11","date_gmt":"2024-04-25T11:53:11","guid":{"rendered":"https:\/\/www.dlx-media.com\/slowniczek-marketingu-internetowego-i-seo\/markowe-tresci\/"},"modified":"2024-07-14T13:53:48","modified_gmt":"2024-07-14T11:53:48","slug":"markowe-tresci","status":"publish","type":"page","link":"https:\/\/dlx-media.com\/pl\/slowniczek\/markowe-tresci\/","title":{"rendered":"Branded content"},"content":{"rendered":"<div class=\"wp-block-image\">\n<figure data-spectra-id=\"spectra-a8d7ebe6-bd98-40ed-8f9d-5f418814b4dd\" class=\"aligncenter size-large\"><img loading=\"lazy\" decoding=\"async\" width=\"1024\" height=\"585\" src=\"https:\/\/dlx-media.com\/wp-content\/uploads\/Branded-Content-1024x585.jpeg\" alt=\"Branded content\" class=\"wp-image-4629\" srcset=\"https:\/\/dlx-media.com\/wp-content\/uploads\/Branded-Content-1024x585.jpeg 1024w, https:\/\/dlx-media.com\/wp-content\/uploads\/Branded-Content-350x200.jpeg 350w, https:\/\/dlx-media.com\/wp-content\/uploads\/Branded-Content-768x439.jpeg 768w, https:\/\/dlx-media.com\/wp-content\/uploads\/Branded-Content-1536x878.jpeg 1536w, https:\/\/dlx-media.com\/wp-content\/uploads\/Branded-Content.jpeg 1792w\" sizes=\"auto, (max-width: 1024px) 100vw, 1024px\" \/><\/figure>\n<\/div>\n<h3 class=\"wp-block-heading\">Branded Content: Sztuka o\u017cywiania marek poprzez opowie\u015bci<\/h3>\n\n<p class=\"wp-block-paragraph\">Branded Content to wyrafinowana strategia marketingowa, kt\u00f3ra ma na celu przyci\u0105gni\u0119cie uwagi i serc publiczno\u015bci poprzez starannie wyselekcjonowane tre\u015bci bezpo\u015brednio zwi\u0105zane z mark\u0105. W przeciwie\u0144stwie do tradycyjnych form reklamy, kt\u00f3re cz\u0119sto mog\u0105 by\u0107 odbierane jako uci\u0105\u017cliwe, tre\u015bci sponsorowane skupiaj\u0105 si\u0119 na dostarczaniu publiczno\u015bci prawdziwej warto\u015bci i rozrywki, jednocze\u015bnie subtelnie integruj\u0105c przekaz marki.<\/p>\n\n<h4 class=\"wp-block-heading\">J\u0105dro tre\u015bci sponsorowanej<\/h4>\n\n<p class=\"wp-block-paragraph\">Prawdziwa istota tre\u015bci sponsorowanych polega na ich zdolno\u015bci do opowiadania historii, kt\u00f3re rezonuj\u0105 i tworz\u0105 po\u0142\u0105czenia. Te historie nie s\u0105 tylko \u015brodkiem do reklamy produktu, ale s\u0142u\u017c\u0105 do budowania g\u0142\u0119bszych emocjonalnych wi\u0119zi z publiczno\u015bci\u0105, poprzez dzielenie si\u0119 warto\u015bciami i do\u015bwiadczeniami, kt\u00f3re ceni zar\u00f3wno marka, jak i jej klienci. Ta strategia sprawia, \u017ce marka sama staje si\u0119 integraln\u0105 cz\u0119\u015bci\u0105 \u017cycia swojej grupy docelowej.<\/p>\n\n<h4 class=\"wp-block-heading\">Kluczowe strategie w ramach tre\u015bci sponsorowanych<\/h4>\n\n<ol class=\"wp-block-list\">\n<li><strong>Opowiadanie historii<\/strong>: Jednym z najpot\u0119\u017cniejszych narz\u0119dzi w tre\u015bciach sponsorowanych jest opowiadanie historii. Dobrze opowiedziana historia mo\u017ce przedstawi\u0107 mark\u0119 w spos\u00f3b informacyjny, emocjonalnie poci\u0105gaj\u0105cy i ostatecznie przekonuj\u0105cy. Te historie mog\u0105 przybiera\u0107 r\u00f3\u017cne formy, od inspiruj\u0105cych film\u00f3w, przez informacyjne posty na blogach, a\u017c po interaktywne do\u015bwiadczenia internetowe.<\/li>\n\n\n\n<li><strong>Reklama rodzima<\/strong>: Branded Content cz\u0119sto idzie w parze z reklam\u0105 rodzim\u0105. Reklama jest tutaj tak integrowana z tre\u015bci\u0105, \u017ce bezproblemowo wpasowuje si\u0119 w otoczenie i nie przerywa naturalnego przep\u0142ywu tre\u015bci. To zwi\u0119ksza akceptacj\u0119 w\u015br\u00f3d u\u017cytkownik\u00f3w, poniewa\u017c tre\u015bci nie s\u0105 postrzegane jako nachalna reklama.<\/li>\n\n\n\n<li><strong>Marketing tre\u015bci<\/strong>: Ta wszechstronna metoda obejmuje tworzenie i dystrybucj\u0119 tre\u015bci, kt\u00f3re maj\u0105 na celu przyci\u0105gni\u0119cie i zwi\u0105zanie grupy docelowej z mark\u0105. Marketing tre\u015bci opiera si\u0119 mocno na zasadach tre\u015bci markowych, wykorzystuj\u0105c tre\u015bci, kt\u00f3re s\u0105 prawdziw\u0105 warto\u015bci\u0105 dla grupy docelowej.<\/li>\n\n\n\n<li><strong>Marketing Influencer\u00f3w<\/strong>: Dzi\u0119ki partnerstwu z influencerami, kt\u00f3rzy ju\u017c maj\u0105 silne wi\u0119zi ze swoj\u0105 w\u0142asn\u0105 publiczno\u015bci\u0105, marki mog\u0105 autentycznie zwi\u0119kszy\u0107 swoj\u0105 zasi\u0119g. Influencerzy mog\u0105 prezentowa\u0107 tre\u015bci sponsorowane w spos\u00f3b zar\u00f3wno osobisty, jak i przekonuj\u0105cy.<\/li>\n\n\n\n<li><strong>Tre\u015b\u0107 generowana przez u\u017cytkownik\u00f3w (UGC)<\/strong>: UGC umo\u017cliwia klientom stanie si\u0119 cz\u0119\u015bci\u0105 historii marki. Poprzez w\u0142\u0105czanie UGC do swoich strategii, marki promuj\u0105 poczucie wsp\u00f3lnoty i autentyczno\u015bci, co zwi\u0119ksza lojalno\u015b\u0107 marki.<\/li>\n\n\n\n<li><strong>Marketing w mediach spo\u0142eczno\u015bciowych<\/strong>: Korzystanie z medi\u00f3w spo\u0142eczno\u015bciowych umo\u017cliwia markom bezpo\u015bredni\u0105 i real-time interakcj\u0119 z ich publiczno\u015bci\u0105. Branded Content na tych platformach mo\u017ce zwi\u0119kszy\u0107 widoczno\u015b\u0107 marki i promowa\u0107 zaanga\u017cowanie.<\/li>\n\n\n\n<li><strong>Viral Marketing<\/strong>: Tworzenie tre\u015bci, kt\u00f3re naturalnie promuj\u0105 udost\u0119pnianie, jest celem marketingu wirusowego. Tre\u015bci, kt\u00f3re s\u0105 oryginalne, rozrywkowe i emocjonalne, maj\u0105 najwi\u0119ksz\u0105 szans\u0119 na stanie si\u0119 wiralowymi.<\/li>\n\n\n\n<li><strong>SEO (Search Engine Optimization)<\/strong>: Optymalizacja tre\u015bci z mark\u0105 dla wyszukiwarek jest kluczowa, aby zapewni\u0107, \u017ce tre\u015bci s\u0105 znalezione przez grup\u0119 docelow\u0105. SEO mo\u017ce pom\u00f3c poprawi\u0107 widoczno\u015b\u0107 i organiczne rankingi wyszukiwania.<\/li>\n\n\n\n<li><strong>ROI (Zwrot z Inwestycji)<\/strong>: Ocena sukcesu tre\u015bci sponsorowanych odbywa si\u0119 poprzez pomiar ROI. To pomo\u017ce markom zrozumie\u0107, jak skuteczne s\u0105 ich tre\u015bci pod wzgl\u0119dem zaanga\u017cowania, konwersji i ostatecznie sprzeda\u017cy.<\/li>\n<\/ol>\n\n<h4 class=\"wp-block-heading\">Warto\u015b\u0107 autentyczno\u015bci<\/h4>\n\n<p class=\"wp-block-paragraph\">Dla tre\u015bci sponsorowanych, kt\u00f3re rezonuj\u0105 i osi\u0105gaj\u0105 po\u017c\u0105dane rezultaty, autentyczno\u015b\u0107 jest niezb\u0119dna. Tre\u015bci, kt\u00f3re s\u0105 prawdziwe i transparentne, zwi\u0119kszaj\u0105 zaufanie i wzmacniaj\u0105 relacje z klientami. Marki, kt\u00f3re dziel\u0105 si\u0119 swoj\u0105 prawdziw\u0105 to\u017csamo\u015bci\u0105 i warto\u015bciami poprzez tre\u015bci sponsorowane, nie tylko tworz\u0105 g\u0142\u0119bokie po\u0142\u0105czenia, ale tak\u017ce buduj\u0105 d\u0142ugoterminow\u0105 lojalno\u015b\u0107.<\/p>\n\n<h4 class=\"wp-block-heading\">Wnioski<\/h4>\n\n<p class=\"wp-block-paragraph\">Branded Content to wi\u0119cej ni\u017c tylko taktyka marketingowa; to pot\u0119\u017cne narz\u0119dzie do komunikowania istoty marki i nawi\u0105zywania z publiczno\u015bci\u0105 znacz\u0105cego i trwa\u0142ego po\u0142\u0105czenia. Dzi\u0119ki starannemu planowaniu i realizacji tre\u015bci sponsorowanych, marki mog\u0105 nie tylko zwi\u0119kszy\u0107 swoj\u0105 widoczno\u015b\u0107 i zaanga\u017cowanie, ale tak\u017ce zbudowa\u0107 lojaln\u0105 spo\u0142eczno\u015b\u0107 wok\u00f3\u0142 swoich warto\u015bci i wizji.<\/p>\n","protected":false},"excerpt":{"rendered":"<p>Branded Content: Sztuka o\u017cywiania marek poprzez opowie\u015bci Branded Content to wyrafinowana strategia marketingowa, kt\u00f3ra ma na celu przyci\u0105gni\u0119cie uwagi i serc publiczno\u015bci poprzez starannie wyselekcjonowane tre\u015bci bezpo\u015brednio zwi\u0105zane z mark\u0105. W przeciwie\u0144stwie do tradycyjnych form reklamy, kt\u00f3re cz\u0119sto mog\u0105 by\u0107<\/p>\n","protected":false},"author":2332,"featured_media":4631,"parent":4979,"menu_order":0,"comment_status":"closed","ping_status":"closed","template":"","meta":{"_seopress_robots_primary_cat":"","_seopress_titles_title":"Branded content: Historie, kt\u00f3re \u0142\u0105cz\u0105 marki %%sep%% %%sitetitle%% t\u0142umaczenie na j\u0119zyk polski t\u0142umaczenie na j\u0119zyk polski","_seopress_titles_desc":"Odkryj, jak tre\u015bci sponsorowane z wykorzystaniem storytellingu autentycznie o\u017cywiaj\u0105 marki i promuj\u0105 g\u0142\u0119bokie relacje z klientami.","_seopress_robots_index":"","_crdt_document":"","_uag_custom_page_level_css":"","spectra_gs_classes":"","footnotes":""},"class_list":["post-4636","page","type-page","status-publish","has-post-thumbnail","hentry"],"spectra_custom_meta":{"_top_nav_excluded":[""],"_cms_nav_minihome":[""],"_thumbnail_id":["4631"],"_wpml_word_count":["{\"total\":571,\"to_translate\":{\"en\":571,\"de\":571}}"],"_last_translation_edit_mode":["translation-editor"],"_seopress_titles_title":["Branded content: Historie, kt\u00f3re \u0142\u0105cz\u0105 marki %%sep%% %%sitetitle%% t\u0142umaczenie na j\u0119zyk polski t\u0142umaczenie na j\u0119zyk polski"],"_seopress_titles_desc":["Odkryj, jak tre\u015bci sponsorowane z wykorzystaniem storytellingu autentycznie o\u017cywiaj\u0105 marki i promuj\u0105 g\u0142\u0119bokie relacje z klientami."],"_seopress_redirections_logged_status":["oba"],"_seopress_redirections_type":["301"],"_uagb_previous_block_counts":["a:90:{s:21:\"uagb\/advanced-heading\";i:0;s:15:\"uagb\/blockquote\";i:0;s:12:\"uagb\/buttons\";i:0;s:18:\"uagb\/buttons-child\";i:0;s:19:\"uagb\/call-to-action\";i:0;s:15:\"uagb\/cf7-styler\";i:0;s:11:\"uagb\/column\";i:0;s:12:\"uagb\/columns\";i:0;s:14:\"uagb\/container\";i:0;s:21:\"uagb\/content-timeline\";i:0;s:27:\"uagb\/content-timeline-child\";i:0;s:14:\"uagb\/countdown\";i:0;s:12:\"uagb\/counter\";i:0;s:8:\"uagb\/faq\";i:0;s:14:\"uagb\/faq-child\";i:0;s:10:\"uagb\/forms\";i:0;s:17:\"uagb\/forms-accept\";i:0;s:19:\"uagb\/forms-checkbox\";i:0;s:15:\"uagb\/forms-date\";i:0;s:16:\"uagb\/forms-email\";i:0;s:17:\"uagb\/forms-hidden\";i:0;s:15:\"uagb\/forms-name\";i:0;s:16:\"uagb\/forms-phone\";i:0;s:16:\"uagb\/forms-radio\";i:0;s:17:\"uagb\/forms-select\";i:0;s:19:\"uagb\/forms-textarea\";i:0;s:17:\"uagb\/forms-toggle\";i:0;s:14:\"uagb\/forms-url\";i:0;s:14:\"uagb\/gf-styler\";i:0;s:15:\"uagb\/google-map\";i:0;s:11:\"uagb\/how-to\";i:0;s:16:\"uagb\/how-to-step\";i:0;s:9:\"uagb\/icon\";i:0;s:14:\"uagb\/icon-list\";i:0;s:20:\"uagb\/icon-list-child\";i:0;s:10:\"uagb\/image\";i:0;s:18:\"uagb\/image-gallery\";i:0;s:13:\"uagb\/info-box\";i:0;s:18:\"uagb\/inline-notice\";i:0;s:11:\"uagb\/lottie\";i:0;s:21:\"uagb\/marketing-button\";i:0;s:10:\"uagb\/modal\";i:0;s:18:\"uagb\/popup-builder\";i:0;s:16:\"uagb\/post-button\";i:0;s:18:\"uagb\/post-carousel\";i:0;s:17:\"uagb\/post-excerpt\";i:0;s:14:\"uagb\/post-grid\";i:0;s:15:\"uagb\/post-image\";i:0;s:17:\"uagb\/post-masonry\";i:0;s:14:\"uagb\/post-meta\";i:0;s:18:\"uagb\/post-taxonomy\";i:0;s:18:\"uagb\/post-timeline\";i:0;s:15:\"uagb\/post-title\";i:0;s:20:\"uagb\/restaurant-menu\";i:0;s:26:\"uagb\/restaurant-menu-child\";i:0;s:11:\"uagb\/review\";i:0;s:12:\"uagb\/section\";i:0;s:14:\"uagb\/separator\";i:0;s:11:\"uagb\/slider\";i:0;s:17:\"uagb\/slider-child\";i:0;s:17:\"uagb\/social-share\";i:0;s:23:\"uagb\/social-share-child\";i:0;s:16:\"uagb\/star-rating\";i:0;s:23:\"uagb\/sure-cart-checkout\";i:0;s:22:\"uagb\/sure-cart-product\";i:0;s:15:\"uagb\/sure-forms\";i:0;s:22:\"uagb\/table-of-contents\";i:0;s:9:\"uagb\/tabs\";i:0;s:15:\"uagb\/tabs-child\";i:0;s:18:\"uagb\/taxonomy-list\";i:0;s:9:\"uagb\/team\";i:0;s:16:\"uagb\/testimonial\";i:0;s:14:\"uagb\/wp-search\";i:0;s:19:\"uagb\/instagram-feed\";i:0;s:10:\"uagb\/login\";i:0;s:17:\"uagb\/loop-builder\";i:0;s:18:\"uagb\/loop-category\";i:0;s:20:\"uagb\/loop-pagination\";i:0;s:15:\"uagb\/loop-reset\";i:0;s:16:\"uagb\/loop-search\";i:0;s:14:\"uagb\/loop-sort\";i:0;s:17:\"uagb\/loop-wrapper\";i:0;s:13:\"uagb\/register\";i:0;s:19:\"uagb\/register-email\";i:0;s:24:\"uagb\/register-first-name\";i:0;s:23:\"uagb\/register-last-name\";i:0;s:22:\"uagb\/register-password\";i:0;s:30:\"uagb\/register-reenter-password\";i:0;s:19:\"uagb\/register-terms\";i:0;s:22:\"uagb\/register-username\";i:0;}"],"_uag_page_assets":["a:9:{s:3:\"css\";s:263:\".uag-blocks-common-selector{z-index:var(--z-index-desktop) !important}@media (max-width: 976px){.uag-blocks-common-selector{z-index:var(--z-index-tablet) !important}}@media (max-width: 767px){.uag-blocks-common-selector{z-index:var(--z-index-mobile) !important}}\n\";s:2:\"js\";s:0:\"\";s:18:\"current_block_list\";a:5:{i:0;s:10:\"core\/image\";i:1;s:12:\"core\/heading\";i:2;s:14:\"core\/paragraph\";i:3;s:9:\"core\/list\";i:4;s:14:\"core\/list-item\";}s:8:\"uag_flag\";b:0;s:11:\"uag_version\";s:10:\"1775815218\";s:6:\"gfonts\";a:0:{}s:10:\"gfonts_url\";s:0:\"\";s:12:\"gfonts_files\";a:0:{}s:14:\"uag_faq_layout\";b:0;}"],"_uag_css_file_name":["uag-css-4636.css"]},"uagb_featured_image_src":{"full":["https:\/\/dlx-media.com\/wp-content\/uploads\/Branded-Content.jpeg",1792,1024,false],"thumbnail":["https:\/\/dlx-media.com\/wp-content\/uploads\/Branded-Content-250x250.jpeg",250,250,true],"medium":["https:\/\/dlx-media.com\/wp-content\/uploads\/Branded-Content-350x200.jpeg",350,200,true],"medium_large":["https:\/\/dlx-media.com\/wp-content\/uploads\/Branded-Content-768x439.jpeg",768,439,true],"large":["https:\/\/dlx-media.com\/wp-content\/uploads\/Branded-Content-1024x585.jpeg",1024,585,true],"1536x1536":["https:\/\/dlx-media.com\/wp-content\/uploads\/Branded-Content-1536x878.jpeg",1536,878,true],"2048x2048":["https:\/\/dlx-media.com\/wp-content\/uploads\/Branded-Content.jpeg",1792,1024,false],"suffice-thumbnail-grid":["https:\/\/dlx-media.com\/wp-content\/uploads\/Branded-Content-750x420.jpeg",750,420,true],"suffice-thumbnail-featured-one":["https:\/\/dlx-media.com\/wp-content\/uploads\/Branded-Content-295x525.jpeg",295,525,true],"suffice-thumbnail-featured-two":["https:\/\/dlx-media.com\/wp-content\/uploads\/Branded-Content-1140x504.jpeg",1140,504,true],"suffice-thumbnail-portfolio":["https:\/\/dlx-media.com\/wp-content\/uploads\/Branded-Content-572x552.jpeg",572,552,true],"suffice-thumbnail-portfolio-masonry":["https:\/\/dlx-media.com\/wp-content\/uploads\/Branded-Content-572x652.jpeg",572,652,true]},"uagb_author_info":{"display_name":"DLxMedia","author_link":"https:\/\/dlx-media.com\/pl"},"uagb_comment_info":0,"uagb_excerpt":"Branded Content: Sztuka o\u017cywiania marek poprzez opowie\u015bci Branded Content to wyrafinowana strategia marketingowa, kt\u00f3ra ma na celu przyci\u0105gni\u0119cie uwagi i serc publiczno\u015bci poprzez starannie wyselekcjonowane tre\u015bci bezpo\u015brednio zwi\u0105zane z mark\u0105. W przeciwie\u0144stwie do tradycyjnych form reklamy, kt\u00f3re cz\u0119sto mog\u0105 by\u0107","_links":{"self":[{"href":"https:\/\/dlx-media.com\/pl\/wp-json\/wp\/v2\/pages\/4636","targetHints":{"allow":["GET"]}}],"collection":[{"href":"https:\/\/dlx-media.com\/pl\/wp-json\/wp\/v2\/pages"}],"about":[{"href":"https:\/\/dlx-media.com\/pl\/wp-json\/wp\/v2\/types\/page"}],"author":[{"embeddable":true,"href":"https:\/\/dlx-media.com\/pl\/wp-json\/wp\/v2\/users\/2332"}],"replies":[{"embeddable":true,"href":"https:\/\/dlx-media.com\/pl\/wp-json\/wp\/v2\/comments?post=4636"}],"version-history":[{"count":2,"href":"https:\/\/dlx-media.com\/pl\/wp-json\/wp\/v2\/pages\/4636\/revisions"}],"predecessor-version":[{"id":5356,"href":"https:\/\/dlx-media.com\/pl\/wp-json\/wp\/v2\/pages\/4636\/revisions\/5356"}],"up":[{"embeddable":true,"href":"https:\/\/dlx-media.com\/pl\/wp-json\/wp\/v2\/pages\/4979"}],"wp:featuredmedia":[{"embeddable":true,"href":"https:\/\/dlx-media.com\/pl\/wp-json\/wp\/v2\/media\/4631"}],"wp:attachment":[{"href":"https:\/\/dlx-media.com\/pl\/wp-json\/wp\/v2\/media?parent=4636"}],"curies":[{"name":"wp","href":"https:\/\/api.w.org\/{rel}","templated":true}]}}