{"id":4571,"date":"2024-04-25T12:04:57","date_gmt":"2024-04-25T10:04:57","guid":{"rendered":"https:\/\/www.dlx-media.com\/slowniczek-marketingu-internetowego-i-seo\/wspolczynnik-odrzucen\/"},"modified":"2024-07-14T13:53:42","modified_gmt":"2024-07-14T11:53:42","slug":"wspolczynnik-odrzucen","status":"publish","type":"page","link":"https:\/\/dlx-media.com\/pl\/slowniczek\/wspolczynnik-odrzucen\/","title":{"rendered":"Wsp\u00f3\u0142czynnik odrzuce\u0144"},"content":{"rendered":"<div class=\"wp-block-image\">\n<figure data-spectra-id=\"spectra-92ce9c3e-0a88-4688-bfc5-b6b4910513d8\" class=\"aligncenter size-large\"><img loading=\"lazy\" decoding=\"async\" width=\"1024\" height=\"585\" src=\"https:\/\/dlx-media.com\/wp-content\/uploads\/Bounce-Rate-1024x585.jpeg\" alt=\"Wsp&#xF3;&#x142;czynnik odrzuce&#x144;\" class=\"wp-image-4562\" srcset=\"https:\/\/dlx-media.com\/wp-content\/uploads\/Bounce-Rate-1024x585.jpeg 1024w, https:\/\/dlx-media.com\/wp-content\/uploads\/Bounce-Rate-350x200.jpeg 350w, https:\/\/dlx-media.com\/wp-content\/uploads\/Bounce-Rate-768x439.jpeg 768w, https:\/\/dlx-media.com\/wp-content\/uploads\/Bounce-Rate-1536x878.jpeg 1536w, https:\/\/dlx-media.com\/wp-content\/uploads\/Bounce-Rate.jpeg 1792w\" sizes=\"auto, (max-width: 1024px) 100vw, 1024px\" \/><\/figure>\n<\/div>\n<h3 class=\"wp-block-heading\">Wsp\u00f3\u0142czynnik odrzuce\u0144: kluczowy barometr zaanga\u017cowania na stronie internetowej<\/h3>\n\n<p class=\"wp-block-paragraph\">Wsp\u00f3\u0142czynnik odrzuce\u0144 jest kluczowym wska\u017anikiem w \u015bwiecie analityki internetowej. Mierzy procent odwiedzaj\u0105cych witryn\u0119, kt\u00f3rzy opuszczaj\u0105 j\u0105 po zaledwie jednym wy\u015bwietleniu strony bez dokonywania dalszych interakcji. Ten wska\u017anik rzuca \u015bwiat\u0142o na to, jak skutecznie witryna anga\u017cuje odwiedzaj\u0105cych i mo\u017ce zapewni\u0107 wgl\u0105d w to, jak dobrze spe\u0142nia oczekiwania i potrzeby u\u017cytkownik\u00f3w.<\/p>\n\n<h4 class=\"wp-block-heading\">Znaczenie i interpretacja wsp\u00f3\u0142czynnika odrzuce\u0144<\/h4>\n\n<p class=\"wp-block-paragraph\">Wsp\u00f3\u0142czynnik odrzuce\u0144 jest czym\u015b wi\u0119cej ni\u017c tylko liczb\u0105; jest odzwierciedleniem do\u015bwiadczenia u\u017cytkownika. Wysoki wsp\u00f3\u0142czynnik odrzuce\u0144 mo\u017ce wskazywa\u0107, \u017ce co\u015b w witrynie nie podoba si\u0119 odwiedzaj\u0105cym lub nawet ich odpycha. Mo\u017cliwe przyczyny wysokiego odbicia mog\u0105 by\u0107 nast\u0119puj\u0105ce:<\/p>\n\n<ul class=\"wp-block-list\">\n<li><strong>Brak atrakcyjno\u015bci lub trafno\u015bci strony docelowej<\/strong>: Strona mo\u017ce nie spe\u0142nia\u0107 oczekiwa\u0144 odwiedzaj\u0105cych przekazanych przez tytu\u0142, meta opis lub marketing.<\/li>\n\n\n\n<li><strong>Trudno\u015bci z nawigacj\u0105<\/strong>: Z\u0142o\u017cone lub niejasne menu mo\u017ce frustrowa\u0107 odwiedzaj\u0105cych i powodowa\u0107, \u017ce opuszczaj\u0105 stron\u0119.<\/li>\n\n\n\n<li><strong>D\u0142ugi<\/strong> czas \u0142adowania: W \u015bwiecie, w kt\u00f3rym szybko\u015b\u0107 jest cz\u0119sto uto\u017csamiana z wydajno\u015bci\u0105, wolne czasy \u0142adowania mog\u0105 by\u0107 zab\u00f3jcze dla zaanga\u017cowania odwiedzaj\u0105cych.<\/li>\n\n\n\n<li><strong>Brak przyjazno\u015bci dla<\/strong> urz\u0105dze\u0144 mobilnych: Poniewa\u017c coraz wi\u0119ksza cz\u0119\u015b\u0107 ruchu internetowego pochodzi z urz\u0105dze\u0144 mobilnych, strona internetowa, kt\u00f3ra nie jest zoptymalizowana pod k\u0105tem urz\u0105dze\u0144 mobilnych, mo\u017ce dzia\u0142a\u0107 odstraszaj\u0105co.<\/li>\n<\/ul>\n\n<p class=\"wp-block-paragraph\">Jednak wysoki wsp\u00f3\u0142czynnik odrzuce\u0144 nie zawsze jest negatywnym sygna\u0142em. W niekt\u00f3rych przypadkach, takich jak strony informacyjne lub blogi, mo\u017ce to po prostu oznacza\u0107, \u017ce odwiedzaj\u0105cy szybko znale\u017ali to, czego szukali i nie widzieli potrzeby dalszej nawigacji. W takich przypadkach wysoki wsp\u00f3\u0142czynnik odrzuce\u0144 mo\u017ce faktycznie wskazywa\u0107 na skuteczn\u0105 realizacj\u0119 potrzeb u\u017cytkownik\u00f3w.<\/p>\n\n<h4 class=\"wp-block-heading\">Strategie zmniejszania wsp\u00f3\u0142czynnika odrzuce\u0144<\/h4>\n\n<p class=\"wp-block-paragraph\">Optymalizacja wsp\u00f3\u0142czynnika odrzuce\u0144 wymaga dog\u0142\u0119bnej analizy i ukierunkowanych dostosowa\u0144. Poni\u017csze \u015brodki mog\u0105 pom\u00f3c zmniejszy\u0107 wsp\u00f3\u0142czynnik odrzuce\u0144 i zwi\u0119kszy\u0107 zaanga\u017cowanie u\u017cytkownik\u00f3w:<\/p>\n\n<ol class=\"wp-block-list\">\n<li><strong>Ulepszony projekt strony internetowej<\/strong>: Przejrzysty, atrakcyjny projekt, kt\u00f3ry odzwierciedla to\u017csamo\u015b\u0107 marki, mo\u017ce zatrzyma\u0107 odwiedzaj\u0105cych na stronie na d\u0142u\u017cej.<\/li>\n\n\n\n<li>Przyspieszenie <strong>czasu \u0142adowania<\/strong>: Zoptymalizuj obrazy, u\u017cyj buforowania i zminimalizuj u\u017cycie przekierowa\u0144.<\/li>\n\n\n\n<li><strong>Intuicyjna nawigacja<\/strong>: \u0141atwa w u\u017cyciu, logicznie zorganizowana nawigacja pomaga odwiedzaj\u0105cym odnale\u017a\u0107 si\u0119 na stronie.<\/li>\n\n\n\n<li><strong>Wysokiej jako\u015bci tre\u015b\u0107<\/strong>: Tre\u015b\u0107 powinna by\u0107 nie tylko istotna i informacyjna, ale tak\u017ce dostosowana do potrzeb i zainteresowa\u0144 grupy docelowej.<\/li>\n\n\n\n<li><strong>Wezwania do dzia\u0142ania<\/strong>: Wyra\u017ane wezwania do dzia\u0142ania mog\u0105 zmotywowa\u0107 odwiedzaj\u0105cych do dalszego anga\u017cowania si\u0119 na stronie i odkrywania wi\u0119kszej ilo\u015bci tre\u015bci.<\/li>\n<\/ol>\n\n<h4 class=\"wp-block-heading\">Wnioski<\/h4>\n\n<p class=\"wp-block-paragraph\">Wsp\u00f3\u0142czynnik odrzuce\u0144 jest krytycznym wska\u017anikiem kondycji ka\u017cdej witryny. Zapewnia cenny wgl\u0105d w to, jak dobrze witryna jest w stanie przyci\u0105gn\u0105\u0107 i utrzyma\u0107 uwag\u0119 odwiedzaj\u0105cych. Rozumiej\u0105c przyczyny wysokiego lub niskiego wsp\u00f3\u0142czynnika odrzuce\u0144, operatorzy stron internetowych mog\u0105 wprowadzi\u0107 ukierunkowane ulepszenia, kt\u00f3re nie tylko poprawi\u0105 wsp\u00f3\u0142czynnik odrzuce\u0144, ale tak\u017ce zoptymalizuj\u0105 og\u00f3lne wra\u017cenia u\u017cytkownika na stronie i ostatecznie zwi\u0119ksz\u0105 wsp\u00f3\u0142czynniki konwersji. Dok\u0142adne zrozumienie i strategiczne dostosowanie strony internetowej w odniesieniu do tego wa\u017cnego wska\u017anika mo\u017ce mie\u0107 zatem bezpo\u015bredni wp\u0142yw na sukces obecno\u015bci cyfrowej.<\/p>\n","protected":false},"excerpt":{"rendered":"<p>Wsp\u00f3\u0142czynnik odrzuce\u0144: kluczowy barometr zaanga\u017cowania na stronie internetowej Wsp\u00f3\u0142czynnik odrzuce\u0144 jest kluczowym wska\u017anikiem w \u015bwiecie analityki internetowej. Mierzy procent odwiedzaj\u0105cych witryn\u0119, kt\u00f3rzy opuszczaj\u0105 j\u0105 po zaledwie jednym wy\u015bwietleniu strony bez dokonywania dalszych interakcji. Ten wska\u017anik rzuca \u015bwiat\u0142o na to, jak<\/p>\n","protected":false},"author":2332,"featured_media":4564,"parent":4979,"menu_order":0,"comment_status":"closed","ping_status":"closed","template":"","meta":{"_seopress_robots_primary_cat":"","_seopress_titles_title":"Analiza wsp\u00f3\u0142czynnika odrzuce\u0144: klucz do zaanga\u017cowania u\u017cytkownik\u00f3w %%sitetitle%%","_seopress_titles_desc":"Dowiedz si\u0119, jak dostosowany wsp\u00f3\u0142czynnik odrzuce\u0144 zwi\u0119ksza zaanga\u017cowanie odwiedzaj\u0105cych i optymalizuje wra\u017cenia u\u017cytkownika.","_seopress_robots_index":"","_crdt_document":"","_uag_custom_page_level_css":"","spectra_gs_classes":"","footnotes":""},"class_list":["post-4571","page","type-page","status-publish","has-post-thumbnail","hentry"],"spectra_custom_meta":{"_top_nav_excluded":[""],"_cms_nav_minihome":[""],"_thumbnail_id":["4564"],"_wpml_word_count":["{\"total\":447,\"to_translate\":{\"en\":447,\"de\":447}}"],"_last_translation_edit_mode":["translation-editor"],"_seopress_titles_title":["Analiza wsp\u00f3\u0142czynnika odrzuce\u0144: klucz do zaanga\u017cowania u\u017cytkownik\u00f3w %%sitetitle%%"],"_seopress_titles_desc":["Dowiedz si\u0119, jak dostosowany wsp\u00f3\u0142czynnik odrzuce\u0144 zwi\u0119ksza zaanga\u017cowanie odwiedzaj\u0105cych i optymalizuje wra\u017cenia u\u017cytkownika."],"_seopress_redirections_logged_status":["oba"],"_seopress_redirections_type":["301"],"_uagb_previous_block_counts":["a:90:{s:21:\"uagb\/advanced-heading\";i:0;s:15:\"uagb\/blockquote\";i:0;s:12:\"uagb\/buttons\";i:0;s:18:\"uagb\/buttons-child\";i:0;s:19:\"uagb\/call-to-action\";i:0;s:15:\"uagb\/cf7-styler\";i:0;s:11:\"uagb\/column\";i:0;s:12:\"uagb\/columns\";i:0;s:14:\"uagb\/container\";i:0;s:21:\"uagb\/content-timeline\";i:0;s:27:\"uagb\/content-timeline-child\";i:0;s:14:\"uagb\/countdown\";i:0;s:12:\"uagb\/counter\";i:0;s:8:\"uagb\/faq\";i:0;s:14:\"uagb\/faq-child\";i:0;s:10:\"uagb\/forms\";i:0;s:17:\"uagb\/forms-accept\";i:0;s:19:\"uagb\/forms-checkbox\";i:0;s:15:\"uagb\/forms-date\";i:0;s:16:\"uagb\/forms-email\";i:0;s:17:\"uagb\/forms-hidden\";i:0;s:15:\"uagb\/forms-name\";i:0;s:16:\"uagb\/forms-phone\";i:0;s:16:\"uagb\/forms-radio\";i:0;s:17:\"uagb\/forms-select\";i:0;s:19:\"uagb\/forms-textarea\";i:0;s:17:\"uagb\/forms-toggle\";i:0;s:14:\"uagb\/forms-url\";i:0;s:14:\"uagb\/gf-styler\";i:0;s:15:\"uagb\/google-map\";i:0;s:11:\"uagb\/how-to\";i:0;s:16:\"uagb\/how-to-step\";i:0;s:9:\"uagb\/icon\";i:0;s:14:\"uagb\/icon-list\";i:0;s:20:\"uagb\/icon-list-child\";i:0;s:10:\"uagb\/image\";i:0;s:18:\"uagb\/image-gallery\";i:0;s:13:\"uagb\/info-box\";i:0;s:18:\"uagb\/inline-notice\";i:0;s:11:\"uagb\/lottie\";i:0;s:21:\"uagb\/marketing-button\";i:0;s:10:\"uagb\/modal\";i:0;s:18:\"uagb\/popup-builder\";i:0;s:16:\"uagb\/post-button\";i:0;s:18:\"uagb\/post-carousel\";i:0;s:17:\"uagb\/post-excerpt\";i:0;s:14:\"uagb\/post-grid\";i:0;s:15:\"uagb\/post-image\";i:0;s:17:\"uagb\/post-masonry\";i:0;s:14:\"uagb\/post-meta\";i:0;s:18:\"uagb\/post-taxonomy\";i:0;s:18:\"uagb\/post-timeline\";i:0;s:15:\"uagb\/post-title\";i:0;s:20:\"uagb\/restaurant-menu\";i:0;s:26:\"uagb\/restaurant-menu-child\";i:0;s:11:\"uagb\/review\";i:0;s:12:\"uagb\/section\";i:0;s:14:\"uagb\/separator\";i:0;s:11:\"uagb\/slider\";i:0;s:17:\"uagb\/slider-child\";i:0;s:17:\"uagb\/social-share\";i:0;s:23:\"uagb\/social-share-child\";i:0;s:16:\"uagb\/star-rating\";i:0;s:23:\"uagb\/sure-cart-checkout\";i:0;s:22:\"uagb\/sure-cart-product\";i:0;s:15:\"uagb\/sure-forms\";i:0;s:22:\"uagb\/table-of-contents\";i:0;s:9:\"uagb\/tabs\";i:0;s:15:\"uagb\/tabs-child\";i:0;s:18:\"uagb\/taxonomy-list\";i:0;s:9:\"uagb\/team\";i:0;s:16:\"uagb\/testimonial\";i:0;s:14:\"uagb\/wp-search\";i:0;s:19:\"uagb\/instagram-feed\";i:0;s:10:\"uagb\/login\";i:0;s:17:\"uagb\/loop-builder\";i:0;s:18:\"uagb\/loop-category\";i:0;s:20:\"uagb\/loop-pagination\";i:0;s:15:\"uagb\/loop-reset\";i:0;s:16:\"uagb\/loop-search\";i:0;s:14:\"uagb\/loop-sort\";i:0;s:17:\"uagb\/loop-wrapper\";i:0;s:13:\"uagb\/register\";i:0;s:19:\"uagb\/register-email\";i:0;s:24:\"uagb\/register-first-name\";i:0;s:23:\"uagb\/register-last-name\";i:0;s:22:\"uagb\/register-password\";i:0;s:30:\"uagb\/register-reenter-password\";i:0;s:19:\"uagb\/register-terms\";i:0;s:22:\"uagb\/register-username\";i:0;}"],"_uag_page_assets":["a:9:{s:3:\"css\";s:263:\".uag-blocks-common-selector{z-index:var(--z-index-desktop) !important}@media (max-width: 976px){.uag-blocks-common-selector{z-index:var(--z-index-tablet) !important}}@media (max-width: 767px){.uag-blocks-common-selector{z-index:var(--z-index-mobile) !important}}\n\";s:2:\"js\";s:0:\"\";s:18:\"current_block_list\";a:5:{i:0;s:10:\"core\/image\";i:1;s:12:\"core\/heading\";i:2;s:14:\"core\/paragraph\";i:3;s:9:\"core\/list\";i:4;s:14:\"core\/list-item\";}s:8:\"uag_flag\";b:0;s:11:\"uag_version\";s:10:\"1775815218\";s:6:\"gfonts\";a:0:{}s:10:\"gfonts_url\";s:0:\"\";s:12:\"gfonts_files\";a:0:{}s:14:\"uag_faq_layout\";b:0;}"],"_uag_css_file_name":["uag-css-4571.css"]},"uagb_featured_image_src":{"full":["https:\/\/dlx-media.com\/wp-content\/uploads\/Bounce-Rate.jpeg",1792,1024,false],"thumbnail":["https:\/\/dlx-media.com\/wp-content\/uploads\/Bounce-Rate-250x250.jpeg",250,250,true],"medium":["https:\/\/dlx-media.com\/wp-content\/uploads\/Bounce-Rate-350x200.jpeg",350,200,true],"medium_large":["https:\/\/dlx-media.com\/wp-content\/uploads\/Bounce-Rate-768x439.jpeg",768,439,true],"large":["https:\/\/dlx-media.com\/wp-content\/uploads\/Bounce-Rate-1024x585.jpeg",1024,585,true],"1536x1536":["https:\/\/dlx-media.com\/wp-content\/uploads\/Bounce-Rate-1536x878.jpeg",1536,878,true],"2048x2048":["https:\/\/dlx-media.com\/wp-content\/uploads\/Bounce-Rate.jpeg",1792,1024,false],"suffice-thumbnail-grid":["https:\/\/dlx-media.com\/wp-content\/uploads\/Bounce-Rate-750x420.jpeg",750,420,true],"suffice-thumbnail-featured-one":["https:\/\/dlx-media.com\/wp-content\/uploads\/Bounce-Rate-295x525.jpeg",295,525,true],"suffice-thumbnail-featured-two":["https:\/\/dlx-media.com\/wp-content\/uploads\/Bounce-Rate-1140x504.jpeg",1140,504,true],"suffice-thumbnail-portfolio":["https:\/\/dlx-media.com\/wp-content\/uploads\/Bounce-Rate-572x552.jpeg",572,552,true],"suffice-thumbnail-portfolio-masonry":["https:\/\/dlx-media.com\/wp-content\/uploads\/Bounce-Rate-572x652.jpeg",572,652,true]},"uagb_author_info":{"display_name":"DLxMedia","author_link":"https:\/\/dlx-media.com\/pl"},"uagb_comment_info":0,"uagb_excerpt":"Wsp\u00f3\u0142czynnik odrzuce\u0144: kluczowy barometr zaanga\u017cowania na stronie internetowej Wsp\u00f3\u0142czynnik odrzuce\u0144 jest kluczowym wska\u017anikiem w \u015bwiecie analityki internetowej. Mierzy procent odwiedzaj\u0105cych witryn\u0119, kt\u00f3rzy opuszczaj\u0105 j\u0105 po zaledwie jednym wy\u015bwietleniu strony bez dokonywania dalszych interakcji. Ten wska\u017anik rzuca \u015bwiat\u0142o na to, jak","_links":{"self":[{"href":"https:\/\/dlx-media.com\/pl\/wp-json\/wp\/v2\/pages\/4571","targetHints":{"allow":["GET"]}}],"collection":[{"href":"https:\/\/dlx-media.com\/pl\/wp-json\/wp\/v2\/pages"}],"about":[{"href":"https:\/\/dlx-media.com\/pl\/wp-json\/wp\/v2\/types\/page"}],"author":[{"embeddable":true,"href":"https:\/\/dlx-media.com\/pl\/wp-json\/wp\/v2\/users\/2332"}],"replies":[{"embeddable":true,"href":"https:\/\/dlx-media.com\/pl\/wp-json\/wp\/v2\/comments?post=4571"}],"version-history":[{"count":2,"href":"https:\/\/dlx-media.com\/pl\/wp-json\/wp\/v2\/pages\/4571\/revisions"}],"predecessor-version":[{"id":5334,"href":"https:\/\/dlx-media.com\/pl\/wp-json\/wp\/v2\/pages\/4571\/revisions\/5334"}],"up":[{"embeddable":true,"href":"https:\/\/dlx-media.com\/pl\/wp-json\/wp\/v2\/pages\/4979"}],"wp:featuredmedia":[{"embeddable":true,"href":"https:\/\/dlx-media.com\/pl\/wp-json\/wp\/v2\/media\/4564"}],"wp:attachment":[{"href":"https:\/\/dlx-media.com\/pl\/wp-json\/wp\/v2\/media?parent=4571"}],"curies":[{"name":"wp","href":"https:\/\/api.w.org\/{rel}","templated":true}]}}