{"id":4554,"date":"2024-04-25T12:00:28","date_gmt":"2024-04-25T10:00:28","guid":{"rendered":"https:\/\/www.dlx-media.com\/slowniczek-marketingu-internetowego-i-seo\/black-hat-seo\/"},"modified":"2024-07-14T13:53:36","modified_gmt":"2024-07-14T11:53:36","slug":"black-hat-seo","status":"publish","type":"page","link":"https:\/\/dlx-media.com\/pl\/slowniczek\/black-hat-seo\/","title":{"rendered":"Black Hat SEO"},"content":{"rendered":"<div class=\"wp-block-image\">\n<figure data-spectra-id=\"spectra-37873811-325a-4bac-8b46-dfe83205e033\" class=\"aligncenter size-large\"><img loading=\"lazy\" decoding=\"async\" width=\"1024\" height=\"585\" src=\"https:\/\/dlx-media.com\/wp-content\/uploads\/Black-Hat-SEO-1024x585.jpeg\" alt=\"Black Hat SEO\" class=\"wp-image-4545\" srcset=\"https:\/\/dlx-media.com\/wp-content\/uploads\/Black-Hat-SEO-1024x585.jpeg 1024w, https:\/\/dlx-media.com\/wp-content\/uploads\/Black-Hat-SEO-350x200.jpeg 350w, https:\/\/dlx-media.com\/wp-content\/uploads\/Black-Hat-SEO-768x439.jpeg 768w, https:\/\/dlx-media.com\/wp-content\/uploads\/Black-Hat-SEO-1536x878.jpeg 1536w, https:\/\/dlx-media.com\/wp-content\/uploads\/Black-Hat-SEO.jpeg 1792w\" sizes=\"auto, (max-width: 1024px) 100vw, 1024px\" \/><\/figure>\n<\/div>\n<h3 class=\"wp-block-heading\">Black Hat SEO: Ryzykowna gra z zasadami wyszukiwarki<\/h3>\n\n<p class=\"wp-block-paragraph\">Black Hat SEO, nazwane na cze\u015b\u0107 typowych z\u0142oczy\u0144c\u00f3w w zachodnich filmach, kt\u00f3rzy tradycyjnie nosili czarne kapelusze, odnosi si\u0119 do technik i strategii w dziedzinie optymalizacji pod k\u0105tem wyszukiwarek (SEO), kt\u00f3re maj\u0105 na celu popraw\u0119 pozycji strony internetowej w wynikach wyszukiwania w nieuczciwy lub manipulacyjny spos\u00f3b. Chocia\u017c metody te mog\u0105 by\u0107 skuteczne w kr\u00f3tkim okresie, nios\u0105 ze sob\u0105 d\u0142ugoterminowe ryzyko, kt\u00f3re cz\u0119sto ma powa\u017cne konsekwencje dla obecno\u015bci witryny w wyszukiwarkach.<\/p>\n\n<h4 class=\"wp-block-heading\">Podejrzane techniki black hat SEO<\/h4>\n\n<p class=\"wp-block-paragraph\">Praktyki black hat SEO s\u0105 tak r\u00f3\u017cnorodne, jak innowacyjne i stale ewoluuj\u0105, cz\u0119sto w bezpo\u015bredniej odpowiedzi na ci\u0105g\u0142e dostosowania algorytm\u00f3w przez wyszukiwarki takie jak Google. Najbardziej znane i najcz\u0119\u015bciej stosowane techniki obejmuj\u0105<\/p>\n\n<ol class=\"wp-block-list\">\n<li><strong>Upychanie s\u0142\u00f3w kluczowych<\/strong>: Ta taktyka polega na nadmiernym umieszczaniu s\u0142\u00f3w kluczowych w tre\u015bci strony internetowej i metatagach, co cz\u0119sto skutkuje nienaturalnym i trudnym do odczytania tekstem. Celem jest przyci\u0105gni\u0119cie uwagi algorytm\u00f3w wyszukiwarek, ale odbywa si\u0119 to kosztem do\u015bwiadczenia u\u017cytkownika.<\/li>\n\n\n\n<li>Ukrywanie <strong>tekstu i link\u00f3w<\/strong>: Dzi\u0119ki tej metodzie teksty lub linki na stronie internetowej s\u0105 formatowane w taki spos\u00f3b, \u017ce s\u0105 niewidoczne dla u\u017cytkownika &#8211; na przyk\u0142ad poprzez u\u017cycie bia\u0142ego tekstu na bia\u0142ym tle &#8211; ale mog\u0105 by\u0107 rozpoznawane przez wyszukiwarki.<\/li>\n\n\n\n<li><strong>Cloaking<\/strong>: Technika ta polega na wy\u015bwietlaniu r\u00f3\u017cnych tre\u015bci lub adres\u00f3w URL wyszukiwarkom i u\u017cytkownikom. Celem jest sk\u0142onienie wyszukiwarek do pozycjonowania tre\u015bci wy\u017cej ni\u017c w przypadku poprawnej prezentacji.<\/li>\n\n\n\n<li><strong>Tworzenie stron przej\u015bciowych<\/strong>: Strony te, specjalnie zoptymalizowane pod k\u0105tem wyszukiwarek, s\u0142u\u017c\u0105 do oszukiwania algorytmu poprzez przekierowywanie odwiedzaj\u0105cych na inne, cz\u0119sto mniej istotne lub niskiej jako\u015bci strony.<\/li>\n\n\n\n<li><strong>Korzystanie z prywatnych sieci link\u00f3w<\/strong>: S\u0105 to grupy stron internetowych, kt\u00f3re s\u0105 ze sob\u0105 strategicznie powi\u0105zane w celu sztucznego zwi\u0119kszenia liczby link\u00f3w przychodz\u0105cych, a tym samym podniesienia rankingu danej strony.<\/li>\n<\/ol>\n\n<h4 class=\"wp-block-heading\">Ryzyko i konsekwencje black hat SEO<\/h4>\n\n<p class=\"wp-block-paragraph\">Stosowanie technik black hat SEO mo\u017ce prowadzi\u0107 do poprawy widoczno\u015bci w wynikach wyszukiwania w kr\u00f3tkim okresie, ale mo\u017ce mie\u0107 znacz\u0105ce negatywne skutki w d\u0142u\u017cszej perspektywie. Wyszukiwarki takie jak Google opracowa\u0142y swoje algorytmy specjalnie w celu rozpoznawania i karania takich taktyk manipulacyjnych. Kary mog\u0105 waha\u0107 si\u0119 od zwyk\u0142ej utraty rankingu do ca\u0142kowitego usuni\u0119cia z indeksu wyszukiwarki.<\/p>\n\n<h4 class=\"wp-block-heading\">Dlaczego white hat SEO jest lepszym wyborem<\/h4>\n\n<p class=\"wp-block-paragraph\">Bior\u0105c pod uwag\u0119 ryzyko zwi\u0105zane z black hat SEO, zaleca si\u0119 stosowanie etycznych praktyk SEO (white hat SEO), kt\u00f3re s\u0105 zgodne z wytycznymi wyszukiwarek. Techniki te koncentruj\u0105 si\u0119 na tworzeniu wysokiej jako\u015bci tre\u015bci, kt\u00f3re s\u0105 rzeczywi\u015bcie warto\u015bciowe dla u\u017cytkownik\u00f3w i budowaniu naturalnej struktury link\u00f3w. Takie praktyki nie tylko zapewniaj\u0105 trwa\u0142o\u015b\u0107 i stabilno\u015b\u0107 w wynikach wyszukiwania, ale tak\u017ce poprawiaj\u0105 komfort u\u017cytkowania i promuj\u0105 zaufanie odwiedzaj\u0105cych.<\/p>\n\n<h4 class=\"wp-block-heading\">Wnioski<\/h4>\n\n<p class=\"wp-block-paragraph\">Chocia\u017c kusz\u0105ce mo\u017ce by\u0107 osi\u0105ganie szybkich zwyci\u0119stw za pomoc\u0105 black hat SEO, ryzyko i potencjalne d\u0142ugoterminowe szkody pokazuj\u0105, \u017ce takie metody przynosz\u0105 wi\u0119cej szkody ni\u017c po\u017cytku. Przestrzeganie wytycznych wyszukiwarek i skupienie si\u0119 na etycznych praktykach SEO to najpewniejszy spos\u00f3b na zwi\u0119kszenie widoczno\u015bci witryny przy jednoczesnym tworzeniu pozytywnego i trwa\u0142ego dziedzictwa online.<\/p>\n","protected":false},"excerpt":{"rendered":"<p>Black Hat SEO: Ryzykowna gra z zasadami wyszukiwarki Black Hat SEO, nazwane na cze\u015b\u0107 typowych z\u0142oczy\u0144c\u00f3w w zachodnich filmach, kt\u00f3rzy tradycyjnie nosili czarne kapelusze, odnosi si\u0119 do technik i strategii w dziedzinie optymalizacji pod k\u0105tem wyszukiwarek (SEO), kt\u00f3re maj\u0105 na<\/p>\n","protected":false},"author":2332,"featured_media":4547,"parent":4979,"menu_order":0,"comment_status":"closed","ping_status":"closed","template":"","meta":{"_seopress_robots_primary_cat":"","_seopress_titles_title":"Black Hat SEO: Zagro\u017cenia i konsekwencje dla stron internetowych %%sitetitle%%","_seopress_titles_desc":"Dowiedz si\u0119, dlaczego black hat SEO jest ryzykowne i jak mo\u017ce zaszkodzi\u0107 obecno\u015bci witryny w d\u0142u\u017cszej perspektywie. Polegaj na zr\u00f3wnowa\u017conych technologiach.","_seopress_robots_index":"","_crdt_document":"","_uag_custom_page_level_css":"","spectra_gs_classes":"","footnotes":""},"class_list":["post-4554","page","type-page","status-publish","has-post-thumbnail","hentry"],"spectra_custom_meta":{"_top_nav_excluded":[""],"_cms_nav_minihome":[""],"_thumbnail_id":["4547"],"_wp_page_template":[""],"_wpml_word_count":["{\"total\":497,\"to_translate\":{\"en\":497,\"de\":497}}"],"_last_translation_edit_mode":["translation-editor"],"_seopress_titles_title":["Black Hat SEO: Zagro\u017cenia i konsekwencje dla stron internetowych %%sitetitle%%"],"_seopress_titles_desc":["Dowiedz si\u0119, dlaczego black hat SEO jest ryzykowne i jak mo\u017ce zaszkodzi\u0107 obecno\u015bci witryny w d\u0142u\u017cszej perspektywie. Polegaj na zr\u00f3wnowa\u017conych technologiach."],"_seopress_redirections_logged_status":["oba"],"_seopress_redirections_type":["301"],"_uagb_previous_block_counts":["a:90:{s:21:\"uagb\/advanced-heading\";i:0;s:15:\"uagb\/blockquote\";i:0;s:12:\"uagb\/buttons\";i:0;s:18:\"uagb\/buttons-child\";i:0;s:19:\"uagb\/call-to-action\";i:0;s:15:\"uagb\/cf7-styler\";i:0;s:11:\"uagb\/column\";i:0;s:12:\"uagb\/columns\";i:0;s:14:\"uagb\/container\";i:0;s:21:\"uagb\/content-timeline\";i:0;s:27:\"uagb\/content-timeline-child\";i:0;s:14:\"uagb\/countdown\";i:0;s:12:\"uagb\/counter\";i:0;s:8:\"uagb\/faq\";i:0;s:14:\"uagb\/faq-child\";i:0;s:10:\"uagb\/forms\";i:0;s:17:\"uagb\/forms-accept\";i:0;s:19:\"uagb\/forms-checkbox\";i:0;s:15:\"uagb\/forms-date\";i:0;s:16:\"uagb\/forms-email\";i:0;s:17:\"uagb\/forms-hidden\";i:0;s:15:\"uagb\/forms-name\";i:0;s:16:\"uagb\/forms-phone\";i:0;s:16:\"uagb\/forms-radio\";i:0;s:17:\"uagb\/forms-select\";i:0;s:19:\"uagb\/forms-textarea\";i:0;s:17:\"uagb\/forms-toggle\";i:0;s:14:\"uagb\/forms-url\";i:0;s:14:\"uagb\/gf-styler\";i:0;s:15:\"uagb\/google-map\";i:0;s:11:\"uagb\/how-to\";i:0;s:16:\"uagb\/how-to-step\";i:0;s:9:\"uagb\/icon\";i:0;s:14:\"uagb\/icon-list\";i:0;s:20:\"uagb\/icon-list-child\";i:0;s:10:\"uagb\/image\";i:0;s:18:\"uagb\/image-gallery\";i:0;s:13:\"uagb\/info-box\";i:0;s:18:\"uagb\/inline-notice\";i:0;s:11:\"uagb\/lottie\";i:0;s:21:\"uagb\/marketing-button\";i:0;s:10:\"uagb\/modal\";i:0;s:18:\"uagb\/popup-builder\";i:0;s:16:\"uagb\/post-button\";i:0;s:18:\"uagb\/post-carousel\";i:0;s:17:\"uagb\/post-excerpt\";i:0;s:14:\"uagb\/post-grid\";i:0;s:15:\"uagb\/post-image\";i:0;s:17:\"uagb\/post-masonry\";i:0;s:14:\"uagb\/post-meta\";i:0;s:18:\"uagb\/post-taxonomy\";i:0;s:18:\"uagb\/post-timeline\";i:0;s:15:\"uagb\/post-title\";i:0;s:20:\"uagb\/restaurant-menu\";i:0;s:26:\"uagb\/restaurant-menu-child\";i:0;s:11:\"uagb\/review\";i:0;s:12:\"uagb\/section\";i:0;s:14:\"uagb\/separator\";i:0;s:11:\"uagb\/slider\";i:0;s:17:\"uagb\/slider-child\";i:0;s:17:\"uagb\/social-share\";i:0;s:23:\"uagb\/social-share-child\";i:0;s:16:\"uagb\/star-rating\";i:0;s:23:\"uagb\/sure-cart-checkout\";i:0;s:22:\"uagb\/sure-cart-product\";i:0;s:15:\"uagb\/sure-forms\";i:0;s:22:\"uagb\/table-of-contents\";i:0;s:9:\"uagb\/tabs\";i:0;s:15:\"uagb\/tabs-child\";i:0;s:18:\"uagb\/taxonomy-list\";i:0;s:9:\"uagb\/team\";i:0;s:16:\"uagb\/testimonial\";i:0;s:14:\"uagb\/wp-search\";i:0;s:19:\"uagb\/instagram-feed\";i:0;s:10:\"uagb\/login\";i:0;s:17:\"uagb\/loop-builder\";i:0;s:18:\"uagb\/loop-category\";i:0;s:20:\"uagb\/loop-pagination\";i:0;s:15:\"uagb\/loop-reset\";i:0;s:16:\"uagb\/loop-search\";i:0;s:14:\"uagb\/loop-sort\";i:0;s:17:\"uagb\/loop-wrapper\";i:0;s:13:\"uagb\/register\";i:0;s:19:\"uagb\/register-email\";i:0;s:24:\"uagb\/register-first-name\";i:0;s:23:\"uagb\/register-last-name\";i:0;s:22:\"uagb\/register-password\";i:0;s:30:\"uagb\/register-reenter-password\";i:0;s:19:\"uagb\/register-terms\";i:0;s:22:\"uagb\/register-username\";i:0;}"],"_uag_page_assets":["a:9:{s:3:\"css\";s:263:\".uag-blocks-common-selector{z-index:var(--z-index-desktop) !important}@media (max-width: 976px){.uag-blocks-common-selector{z-index:var(--z-index-tablet) !important}}@media (max-width: 767px){.uag-blocks-common-selector{z-index:var(--z-index-mobile) !important}}\n\";s:2:\"js\";s:0:\"\";s:18:\"current_block_list\";a:5:{i:0;s:10:\"core\/image\";i:1;s:12:\"core\/heading\";i:2;s:14:\"core\/paragraph\";i:3;s:9:\"core\/list\";i:4;s:14:\"core\/list-item\";}s:8:\"uag_flag\";b:0;s:11:\"uag_version\";s:10:\"1775815218\";s:6:\"gfonts\";a:0:{}s:10:\"gfonts_url\";s:0:\"\";s:12:\"gfonts_files\";a:0:{}s:14:\"uag_faq_layout\";b:0;}"],"_uag_css_file_name":["uag-css-4554.css"]},"uagb_featured_image_src":{"full":["https:\/\/dlx-media.com\/wp-content\/uploads\/Black-Hat-SEO.jpeg",1792,1024,false],"thumbnail":["https:\/\/dlx-media.com\/wp-content\/uploads\/Black-Hat-SEO-250x250.jpeg",250,250,true],"medium":["https:\/\/dlx-media.com\/wp-content\/uploads\/Black-Hat-SEO-350x200.jpeg",350,200,true],"medium_large":["https:\/\/dlx-media.com\/wp-content\/uploads\/Black-Hat-SEO-768x439.jpeg",768,439,true],"large":["https:\/\/dlx-media.com\/wp-content\/uploads\/Black-Hat-SEO-1024x585.jpeg",1024,585,true],"1536x1536":["https:\/\/dlx-media.com\/wp-content\/uploads\/Black-Hat-SEO-1536x878.jpeg",1536,878,true],"2048x2048":["https:\/\/dlx-media.com\/wp-content\/uploads\/Black-Hat-SEO.jpeg",1792,1024,false],"suffice-thumbnail-grid":["https:\/\/dlx-media.com\/wp-content\/uploads\/Black-Hat-SEO-750x420.jpeg",750,420,true],"suffice-thumbnail-featured-one":["https:\/\/dlx-media.com\/wp-content\/uploads\/Black-Hat-SEO-295x525.jpeg",295,525,true],"suffice-thumbnail-featured-two":["https:\/\/dlx-media.com\/wp-content\/uploads\/Black-Hat-SEO-1140x504.jpeg",1140,504,true],"suffice-thumbnail-portfolio":["https:\/\/dlx-media.com\/wp-content\/uploads\/Black-Hat-SEO-572x552.jpeg",572,552,true],"suffice-thumbnail-portfolio-masonry":["https:\/\/dlx-media.com\/wp-content\/uploads\/Black-Hat-SEO-572x652.jpeg",572,652,true]},"uagb_author_info":{"display_name":"DLxMedia","author_link":"https:\/\/dlx-media.com\/pl"},"uagb_comment_info":0,"uagb_excerpt":"Black Hat SEO: Ryzykowna gra z zasadami wyszukiwarki Black Hat SEO, nazwane na cze\u015b\u0107 typowych z\u0142oczy\u0144c\u00f3w w zachodnich filmach, kt\u00f3rzy tradycyjnie nosili czarne kapelusze, odnosi si\u0119 do technik i strategii w dziedzinie optymalizacji pod k\u0105tem wyszukiwarek (SEO), kt\u00f3re maj\u0105 na","_links":{"self":[{"href":"https:\/\/dlx-media.com\/pl\/wp-json\/wp\/v2\/pages\/4554","targetHints":{"allow":["GET"]}}],"collection":[{"href":"https:\/\/dlx-media.com\/pl\/wp-json\/wp\/v2\/pages"}],"about":[{"href":"https:\/\/dlx-media.com\/pl\/wp-json\/wp\/v2\/types\/page"}],"author":[{"embeddable":true,"href":"https:\/\/dlx-media.com\/pl\/wp-json\/wp\/v2\/users\/2332"}],"replies":[{"embeddable":true,"href":"https:\/\/dlx-media.com\/pl\/wp-json\/wp\/v2\/comments?post=4554"}],"version-history":[{"count":2,"href":"https:\/\/dlx-media.com\/pl\/wp-json\/wp\/v2\/pages\/4554\/revisions"}],"predecessor-version":[{"id":5328,"href":"https:\/\/dlx-media.com\/pl\/wp-json\/wp\/v2\/pages\/4554\/revisions\/5328"}],"up":[{"embeddable":true,"href":"https:\/\/dlx-media.com\/pl\/wp-json\/wp\/v2\/pages\/4979"}],"wp:featuredmedia":[{"embeddable":true,"href":"https:\/\/dlx-media.com\/pl\/wp-json\/wp\/v2\/media\/4547"}],"wp:attachment":[{"href":"https:\/\/dlx-media.com\/pl\/wp-json\/wp\/v2\/media?parent=4554"}],"curies":[{"name":"wp","href":"https:\/\/api.w.org\/{rel}","templated":true}]}}