{"id":4551,"date":"2024-04-25T10:59:51","date_gmt":"2024-04-25T08:59:51","guid":{"rendered":"https:\/\/www.dlx-media.com\/slowniczek-marketingu-internetowego-i-seo\/linki-zwrotne\/"},"modified":"2024-07-14T13:53:36","modified_gmt":"2024-07-14T11:53:36","slug":"linki-zwrotne","status":"publish","type":"page","link":"https:\/\/dlx-media.com\/pl\/slowniczek\/linki-zwrotne\/","title":{"rendered":"Linki zwrotne"},"content":{"rendered":"<div class=\"wp-block-image\">\n<figure data-spectra-id=\"spectra-6be86ddb-62e2-4542-a7da-6a3b825f93f7\" class=\"aligncenter size-large\"><img loading=\"lazy\" decoding=\"async\" width=\"1024\" height=\"585\" src=\"https:\/\/dlx-media.com\/wp-content\/uploads\/SEO-Backlinks-1024x585.jpeg\" alt=\"Linki zwrotne\" class=\"wp-image-4537\" srcset=\"https:\/\/dlx-media.com\/wp-content\/uploads\/SEO-Backlinks-1024x585.jpeg 1024w, https:\/\/dlx-media.com\/wp-content\/uploads\/SEO-Backlinks-350x200.jpeg 350w, https:\/\/dlx-media.com\/wp-content\/uploads\/SEO-Backlinks-768x439.jpeg 768w, https:\/\/dlx-media.com\/wp-content\/uploads\/SEO-Backlinks-1536x878.jpeg 1536w, https:\/\/dlx-media.com\/wp-content\/uploads\/SEO-Backlinks.jpeg 1792w\" sizes=\"auto, (max-width: 1024px) 100vw, 1024px\" \/><\/figure>\n<\/div>\n<h3 class=\"wp-block-heading\">Linki zwrotne: Kamie\u0144 w\u0119gielny optymalizacji pod k\u0105tem wyszukiwarek<\/h3>\n\n<p class=\"wp-block-paragraph\">Linki zwrotne, te kluczowe elementy optymalizacji pod k\u0105tem wyszukiwarek (SEO), to znacznie wi\u0119cej ni\u017c zwyk\u0142e hiper\u0142\u0105cza z jednej witryny do drugiej. S\u0105 one podstaw\u0105 wiarygodno\u015bci cyfrowej, s\u0142u\u017c\u0105 jako wska\u017aniki jako\u015bci witryny i odgrywaj\u0105 kluczow\u0105 rol\u0119 w okre\u015blaniu autorytetu i rankingu witryny w wynikach wyszukiwania.<\/p>\n\n<h4 class=\"wp-block-heading\">Pochodzenie i ewolucja backlink\u00f3w<\/h4>\n\n<p class=\"wp-block-paragraph\">We wczesnych dniach Internetu, kiedy sie\u0107 World Wide Web by\u0142a jeszcze w powijakach i sk\u0142ada\u0142a si\u0119 g\u0142\u00f3wnie z po\u0142\u0105czonych dokument\u00f3w, ukuto termin &#8222;backlink&#8221;. Pocz\u0105tkowo odnosi\u0142o si\u0119 to do link\u00f3w, kt\u00f3re prowadzi\u0142y u\u017cytkownik\u00f3w z powrotem do poprzednio odwiedzanej strony. Wraz z up\u0142ywem czasu i rozwojem Internetu jako globalnego \u017ar\u00f3d\u0142a informacji, linki zwrotne sta\u0142y si\u0119 istotnym elementem nawigacji i autorytetu w sieci.<\/p>\n\n<p class=\"wp-block-paragraph\">Obecnie linki zwrotne maj\u0105 kluczowe znaczenie w kontek\u015bcie SEO, gdzie s\u0105 postrzegane jako rekomendacje lub referencje, kt\u00f3re sygnalizuj\u0105 jako\u015b\u0107 i trafno\u015b\u0107 linkowanych tre\u015bci. Wyszukiwarki takie jak Google oceniaj\u0105 te linki, aby oceni\u0107 popularno\u015b\u0107 i znaczenie witryny, co mo\u017ce znacznie poprawi\u0107 jej widoczno\u015b\u0107 w wynikach wyszukiwania.<\/p>\n\n<h4 class=\"wp-block-heading\">Rola link\u00f3w zwrotnych w nowoczesnym SEO<\/h4>\n\n<p class=\"wp-block-paragraph\">Linki zwrotne sta\u0142y si\u0119 jednym z najwa\u017cniejszych czynnik\u00f3w w algorytmie wyszukiwarek, poniewa\u017c s\u0142u\u017c\u0105 jako oznaka wiarygodno\u015bci i reputacji strony internetowej. Strona internetowa, do kt\u00f3rej prowadz\u0105 linki z wielu innych \u017ar\u00f3de\u0142 wysokiej jako\u015bci, jest zwykle uwa\u017cana za informacyjn\u0105 i godn\u0105 zaufania, a zatem cz\u0119sto osi\u0105ga lepsze pozycje w wynikach wyszukiwania.<\/p>\n\n<h5 class=\"wp-block-heading\">Jako\u015b\u0107 ponad ilo\u015b\u0107<\/h5>\n\n<p class=\"wp-block-paragraph\">Warto\u015b\u0107 linku zwrotnego zale\u017cy nie tylko od liczby link\u00f3w, ale tak\u017ce od ich jako\u015bci. Wysokiej jako\u015bci link zwrotny pochodzi z witryny, kt\u00f3ra sama ma wysoki autorytet. Takie linki cz\u0119sto pochodz\u0105 ze znanych serwis\u00f3w informacyjnych, oficjalnych instytucji lub wiod\u0105cych publikacji specjalistycznych. Na jako\u015b\u0107 wp\u0142ywa r\u00f3wnie\u017c kontekst linku i anchor text &#8211; widoczny, klikalny tekst w hiper\u0142\u0105czu, kt\u00f3ry jest cz\u0119sto uwa\u017cany za decyduj\u0105cy dla rankingu.<\/p>\n\n<h4 class=\"wp-block-heading\">Strategie pozyskiwania link\u00f3w zwrotnych<\/h4>\n\n<p class=\"wp-block-paragraph\">Skuteczne linkowanie zwrotne wymaga strategicznego podej\u015bcia i przestrzegania wytycznych etycznych, aby unikn\u0105\u0107 kar dla wyszukiwarek. Oto kilka wypr\u00f3bowanych i przetestowanych metod generowania link\u00f3w zwrotnych:<\/p>\n\n<ul class=\"wp-block-list\">\n<li><strong>Marketing tre\u015bci<\/strong>: Tw\u00f3rz wysokiej jako\u015bci, informacyjne i unikalne tre\u015bci, kt\u00f3re w naturalny spos\u00f3b zach\u0119caj\u0105 do udost\u0119pniania i linkowania.<\/li>\n\n\n\n<li><strong>Blogowanie go\u015bcinne<\/strong>: Pisz artyku\u0142y dla renomowanych blog\u00f3w lub stron internetowych w swojej bran\u017cy, aby zyska\u0107 zar\u00f3wno widoczno\u015b\u0107, jak i cenne linki zwrotne.<\/li>\n\n\n\n<li><strong>Public relations<\/strong>: Korzystaj z informacji prasowych i buduj relacje z dziennikarzami i influencerami, aby Twoje tre\u015bci by\u0142y wspominane i linkowane.<\/li>\n\n\n\n<li><strong>Marketing w mediach spo\u0142eczno\u015bciowych<\/strong>: Chocia\u017c linki z medi\u00f3w spo\u0142eczno\u015bciowych s\u0105 technicznie cz\u0119sto &#8222;nofollow&#8221; i nie oferuj\u0105 bezpo\u015bredniego wzrostu rankingu, mog\u0105 przyczyni\u0107 si\u0119 do widoczno\u015bci i promowa\u0107 linki organiczne.<\/li>\n<\/ul>\n\n<h4 class=\"wp-block-heading\">Etyka i najlepsze praktyki w budowaniu link\u00f3w<\/h4>\n\n<p class=\"wp-block-paragraph\">Chocia\u017c generowanie link\u00f3w zwrotnych ma kluczowe znaczenie, Google ostrzega przed manipulacyjnymi praktykami budowania link\u00f3w. Zgodno\u015b\u0107 z wytycznymi Google dla webmaster\u00f3w jest niezb\u0119dna, aby unikn\u0105\u0107 kar. Naturalny wzrost, trafno\u015b\u0107 i zgodno\u015b\u0107 ze standardami etycznymi s\u0105 kluczem do skutecznej i zr\u00f3wnowa\u017conej strategii link\u00f3w zwrotnych.<\/p>\n\n<h4 class=\"wp-block-heading\">Wnioski<\/h4>\n\n<p class=\"wp-block-paragraph\">Linki zwrotne pozostaj\u0105 kluczowym elementem ka\u017cdej strategii SEO. S\u0105 one nie tylko niezb\u0119dne do poprawy widoczno\u015bci i rankingu strony internetowej, ale tak\u017ce miar\u0105 jako\u015bci i wiarygodno\u015bci w przestrzeni cyfrowej. Je\u015bli linki zwrotne s\u0105 u\u017cywane prawid\u0142owo i zgodnie z wytycznymi etycznymi, mog\u0105 pom\u00f3c witrynie osi\u0105gn\u0105\u0107 szczyt wynik\u00f3w wyszukiwania.<\/p>\n","protected":false},"excerpt":{"rendered":"<p>Linki zwrotne: Kamie\u0144 w\u0119gielny optymalizacji pod k\u0105tem wyszukiwarek Linki zwrotne, te kluczowe elementy optymalizacji pod k\u0105tem wyszukiwarek (SEO), to znacznie wi\u0119cej ni\u017c zwyk\u0142e hiper\u0142\u0105cza z jednej witryny do drugiej. S\u0105 one podstaw\u0105 wiarygodno\u015bci cyfrowej, s\u0142u\u017c\u0105 jako wska\u017aniki jako\u015bci witryny i<\/p>\n","protected":false},"author":2332,"featured_media":4539,"parent":4979,"menu_order":0,"comment_status":"closed","ping_status":"closed","template":"","meta":{"_seopress_robots_primary_cat":"","_seopress_titles_title":"Linki zwrotne: Klucz do najwy\u017cszych pozycji w rankingach SEO %%sitetitle%%","_seopress_titles_desc":"Dowiedz si\u0119, w jaki spos\u00f3b linki zwrotne jako podstawa SEO mog\u0105 zwi\u0119kszy\u0107 autorytet i ranking Twojej witryny.","_seopress_robots_index":"","_crdt_document":"","_uag_custom_page_level_css":"","spectra_gs_classes":"","footnotes":""},"class_list":["post-4551","page","type-page","status-publish","has-post-thumbnail","hentry"],"spectra_custom_meta":{"_top_nav_excluded":[""],"_cms_nav_minihome":[""],"_thumbnail_id":["4539"],"_wp_page_template":[""],"_wpml_word_count":["{\"total\":527,\"to_translate\":{\"en\":527,\"de\":527}}"],"_last_translation_edit_mode":["translation-editor"],"_seopress_titles_title":["Linki zwrotne: Klucz do najwy\u017cszych pozycji w rankingach SEO %%sitetitle%%"],"_seopress_titles_desc":["Dowiedz si\u0119, w jaki spos\u00f3b linki zwrotne jako podstawa SEO mog\u0105 zwi\u0119kszy\u0107 autorytet i ranking Twojej witryny."],"_seopress_redirections_logged_status":["oba"],"_seopress_redirections_type":["301"],"_uagb_previous_block_counts":["a:90:{s:21:\"uagb\/advanced-heading\";i:0;s:15:\"uagb\/blockquote\";i:0;s:12:\"uagb\/buttons\";i:0;s:18:\"uagb\/buttons-child\";i:0;s:19:\"uagb\/call-to-action\";i:0;s:15:\"uagb\/cf7-styler\";i:0;s:11:\"uagb\/column\";i:0;s:12:\"uagb\/columns\";i:0;s:14:\"uagb\/container\";i:0;s:21:\"uagb\/content-timeline\";i:0;s:27:\"uagb\/content-timeline-child\";i:0;s:14:\"uagb\/countdown\";i:0;s:12:\"uagb\/counter\";i:0;s:8:\"uagb\/faq\";i:0;s:14:\"uagb\/faq-child\";i:0;s:10:\"uagb\/forms\";i:0;s:17:\"uagb\/forms-accept\";i:0;s:19:\"uagb\/forms-checkbox\";i:0;s:15:\"uagb\/forms-date\";i:0;s:16:\"uagb\/forms-email\";i:0;s:17:\"uagb\/forms-hidden\";i:0;s:15:\"uagb\/forms-name\";i:0;s:16:\"uagb\/forms-phone\";i:0;s:16:\"uagb\/forms-radio\";i:0;s:17:\"uagb\/forms-select\";i:0;s:19:\"uagb\/forms-textarea\";i:0;s:17:\"uagb\/forms-toggle\";i:0;s:14:\"uagb\/forms-url\";i:0;s:14:\"uagb\/gf-styler\";i:0;s:15:\"uagb\/google-map\";i:0;s:11:\"uagb\/how-to\";i:0;s:16:\"uagb\/how-to-step\";i:0;s:9:\"uagb\/icon\";i:0;s:14:\"uagb\/icon-list\";i:0;s:20:\"uagb\/icon-list-child\";i:0;s:10:\"uagb\/image\";i:0;s:18:\"uagb\/image-gallery\";i:0;s:13:\"uagb\/info-box\";i:0;s:18:\"uagb\/inline-notice\";i:0;s:11:\"uagb\/lottie\";i:0;s:21:\"uagb\/marketing-button\";i:0;s:10:\"uagb\/modal\";i:0;s:18:\"uagb\/popup-builder\";i:0;s:16:\"uagb\/post-button\";i:0;s:18:\"uagb\/post-carousel\";i:0;s:17:\"uagb\/post-excerpt\";i:0;s:14:\"uagb\/post-grid\";i:0;s:15:\"uagb\/post-image\";i:0;s:17:\"uagb\/post-masonry\";i:0;s:14:\"uagb\/post-meta\";i:0;s:18:\"uagb\/post-taxonomy\";i:0;s:18:\"uagb\/post-timeline\";i:0;s:15:\"uagb\/post-title\";i:0;s:20:\"uagb\/restaurant-menu\";i:0;s:26:\"uagb\/restaurant-menu-child\";i:0;s:11:\"uagb\/review\";i:0;s:12:\"uagb\/section\";i:0;s:14:\"uagb\/separator\";i:0;s:11:\"uagb\/slider\";i:0;s:17:\"uagb\/slider-child\";i:0;s:17:\"uagb\/social-share\";i:0;s:23:\"uagb\/social-share-child\";i:0;s:16:\"uagb\/star-rating\";i:0;s:23:\"uagb\/sure-cart-checkout\";i:0;s:22:\"uagb\/sure-cart-product\";i:0;s:15:\"uagb\/sure-forms\";i:0;s:22:\"uagb\/table-of-contents\";i:0;s:9:\"uagb\/tabs\";i:0;s:15:\"uagb\/tabs-child\";i:0;s:18:\"uagb\/taxonomy-list\";i:0;s:9:\"uagb\/team\";i:0;s:16:\"uagb\/testimonial\";i:0;s:14:\"uagb\/wp-search\";i:0;s:19:\"uagb\/instagram-feed\";i:0;s:10:\"uagb\/login\";i:0;s:17:\"uagb\/loop-builder\";i:0;s:18:\"uagb\/loop-category\";i:0;s:20:\"uagb\/loop-pagination\";i:0;s:15:\"uagb\/loop-reset\";i:0;s:16:\"uagb\/loop-search\";i:0;s:14:\"uagb\/loop-sort\";i:0;s:17:\"uagb\/loop-wrapper\";i:0;s:13:\"uagb\/register\";i:0;s:19:\"uagb\/register-email\";i:0;s:24:\"uagb\/register-first-name\";i:0;s:23:\"uagb\/register-last-name\";i:0;s:22:\"uagb\/register-password\";i:0;s:30:\"uagb\/register-reenter-password\";i:0;s:19:\"uagb\/register-terms\";i:0;s:22:\"uagb\/register-username\";i:0;}"],"_uag_page_assets":["a:9:{s:3:\"css\";s:263:\".uag-blocks-common-selector{z-index:var(--z-index-desktop) !important}@media (max-width: 976px){.uag-blocks-common-selector{z-index:var(--z-index-tablet) !important}}@media (max-width: 767px){.uag-blocks-common-selector{z-index:var(--z-index-mobile) !important}}\n\";s:2:\"js\";s:0:\"\";s:18:\"current_block_list\";a:5:{i:0;s:10:\"core\/image\";i:1;s:12:\"core\/heading\";i:2;s:14:\"core\/paragraph\";i:3;s:9:\"core\/list\";i:4;s:14:\"core\/list-item\";}s:8:\"uag_flag\";b:0;s:11:\"uag_version\";s:10:\"1775815218\";s:6:\"gfonts\";a:0:{}s:10:\"gfonts_url\";s:0:\"\";s:12:\"gfonts_files\";a:0:{}s:14:\"uag_faq_layout\";b:0;}"],"_uag_css_file_name":["uag-css-4551.css"]},"uagb_featured_image_src":{"full":["https:\/\/dlx-media.com\/wp-content\/uploads\/SEO-Backlinks.jpeg",1792,1024,false],"thumbnail":["https:\/\/dlx-media.com\/wp-content\/uploads\/SEO-Backlinks-250x250.jpeg",250,250,true],"medium":["https:\/\/dlx-media.com\/wp-content\/uploads\/SEO-Backlinks-350x200.jpeg",350,200,true],"medium_large":["https:\/\/dlx-media.com\/wp-content\/uploads\/SEO-Backlinks-768x439.jpeg",768,439,true],"large":["https:\/\/dlx-media.com\/wp-content\/uploads\/SEO-Backlinks-1024x585.jpeg",1024,585,true],"1536x1536":["https:\/\/dlx-media.com\/wp-content\/uploads\/SEO-Backlinks-1536x878.jpeg",1536,878,true],"2048x2048":["https:\/\/dlx-media.com\/wp-content\/uploads\/SEO-Backlinks.jpeg",1792,1024,false],"suffice-thumbnail-grid":["https:\/\/dlx-media.com\/wp-content\/uploads\/SEO-Backlinks-750x420.jpeg",750,420,true],"suffice-thumbnail-featured-one":["https:\/\/dlx-media.com\/wp-content\/uploads\/SEO-Backlinks-295x525.jpeg",295,525,true],"suffice-thumbnail-featured-two":["https:\/\/dlx-media.com\/wp-content\/uploads\/SEO-Backlinks-1140x504.jpeg",1140,504,true],"suffice-thumbnail-portfolio":["https:\/\/dlx-media.com\/wp-content\/uploads\/SEO-Backlinks-572x552.jpeg",572,552,true],"suffice-thumbnail-portfolio-masonry":["https:\/\/dlx-media.com\/wp-content\/uploads\/SEO-Backlinks-572x652.jpeg",572,652,true]},"uagb_author_info":{"display_name":"DLxMedia","author_link":"https:\/\/dlx-media.com\/pl"},"uagb_comment_info":0,"uagb_excerpt":"Linki zwrotne: Kamie\u0144 w\u0119gielny optymalizacji pod k\u0105tem wyszukiwarek Linki zwrotne, te kluczowe elementy optymalizacji pod k\u0105tem wyszukiwarek (SEO), to znacznie wi\u0119cej ni\u017c zwyk\u0142e hiper\u0142\u0105cza z jednej witryny do drugiej. S\u0105 one podstaw\u0105 wiarygodno\u015bci cyfrowej, s\u0142u\u017c\u0105 jako wska\u017aniki jako\u015bci witryny i","_links":{"self":[{"href":"https:\/\/dlx-media.com\/pl\/wp-json\/wp\/v2\/pages\/4551","targetHints":{"allow":["GET"]}}],"collection":[{"href":"https:\/\/dlx-media.com\/pl\/wp-json\/wp\/v2\/pages"}],"about":[{"href":"https:\/\/dlx-media.com\/pl\/wp-json\/wp\/v2\/types\/page"}],"author":[{"embeddable":true,"href":"https:\/\/dlx-media.com\/pl\/wp-json\/wp\/v2\/users\/2332"}],"replies":[{"embeddable":true,"href":"https:\/\/dlx-media.com\/pl\/wp-json\/wp\/v2\/comments?post=4551"}],"version-history":[{"count":2,"href":"https:\/\/dlx-media.com\/pl\/wp-json\/wp\/v2\/pages\/4551\/revisions"}],"predecessor-version":[{"id":5324,"href":"https:\/\/dlx-media.com\/pl\/wp-json\/wp\/v2\/pages\/4551\/revisions\/5324"}],"up":[{"embeddable":true,"href":"https:\/\/dlx-media.com\/pl\/wp-json\/wp\/v2\/pages\/4979"}],"wp:featuredmedia":[{"embeddable":true,"href":"https:\/\/dlx-media.com\/pl\/wp-json\/wp\/v2\/media\/4539"}],"wp:attachment":[{"href":"https:\/\/dlx-media.com\/pl\/wp-json\/wp\/v2\/media?parent=4551"}],"curies":[{"name":"wp","href":"https:\/\/api.w.org\/{rel}","templated":true}]}}