{"id":4531,"date":"2024-04-25T09:09:15","date_gmt":"2024-04-25T07:09:15","guid":{"rendered":"https:\/\/www.dlx-media.com\/slowniczek-marketingu-internetowego-i-seo\/tekst-kotwicy\/"},"modified":"2024-07-14T13:53:36","modified_gmt":"2024-07-14T11:53:36","slug":"tekst-kotwicy","status":"publish","type":"page","link":"https:\/\/dlx-media.com\/pl\/slowniczek\/tekst-kotwicy\/","title":{"rendered":"Tekst kotwicy"},"content":{"rendered":"<div class=\"wp-block-image\">\n<figure data-spectra-id=\"spectra-724d774f-dff6-4266-821b-e7759e853c53\" class=\"aligncenter size-large\"><img loading=\"lazy\" decoding=\"async\" width=\"1024\" height=\"585\" src=\"https:\/\/dlx-media.com\/wp-content\/uploads\/Anchor-Text-1024x585.jpeg\" alt=\"Tekst kotwicy\" class=\"wp-image-4525\" srcset=\"https:\/\/dlx-media.com\/wp-content\/uploads\/Anchor-Text-1024x585.jpeg 1024w, https:\/\/dlx-media.com\/wp-content\/uploads\/Anchor-Text-350x200.jpeg 350w, https:\/\/dlx-media.com\/wp-content\/uploads\/Anchor-Text-768x439.jpeg 768w, https:\/\/dlx-media.com\/wp-content\/uploads\/Anchor-Text-1536x878.jpeg 1536w, https:\/\/dlx-media.com\/wp-content\/uploads\/Anchor-Text.jpeg 1792w\" sizes=\"auto, (max-width: 1024px) 100vw, 1024px\" \/><\/figure>\n<\/div>\n<h3 class=\"wp-block-heading\"><br\/>Anchor Text: Instrument nawigacyjny<\/h3>\n\n<p class=\"wp-block-paragraph\">Tekst kotwicy jest decyduj\u0105cym i nie do przecenienia elementem optymalizacji pod k\u0105tem wyszukiwarek (SEO). Stanowi on widoczn\u0105 i interaktywn\u0105 cz\u0119\u015b\u0107 hiper\u0142\u0105cza i odgrywa kluczow\u0105 rol\u0119 w nawigacji cyfrowej. U\u017cywaj\u0105c precyzyjnie dobranych s\u0142\u00f3w, prowadzi u\u017cytkownik\u00f3w i algorytmy wyszukiwarek przez nieko\u0144cz\u0105ce si\u0119 morze informacji w Internecie.<\/p>\n\n<h4 class=\"wp-block-heading\">Rola tekstu zakotwiczenia w komunikacji cyfrowej<\/h4>\n\n<p class=\"wp-block-paragraph\">Anchor text to co\u015b wi\u0119cej ni\u017c tylko fragment tekstu; jest to krytyczne urz\u0105dzenie sygnalizuj\u0105ce w \u015bwiecie projektowania stron internetowych i SEO. Tradycyjnie wy\u015bwietlany na niebiesko i podkre\u015blony, wyr\u00f3\u017cnia si\u0119 wizualnie od reszty tekstu i sygnalizuje u\u017cytkownikowi, \u017ce mo\u017ce zag\u0142\u0119bi\u0107 si\u0119 w temat, klikaj\u0105c go. Ta prosta funkcja ma g\u0142\u0119bokie znaczenie strategiczne, poniewa\u017c bezpo\u015brednio wp\u0142ywa na spos\u00f3b, w jaki informacje s\u0105 \u0142\u0105czone i oceniane w sieci.<\/p>\n\n<h5 class=\"wp-block-heading\">Okre\u015blenie tre\u015bci i kontekstu<\/h5>\n\n<p class=\"wp-block-paragraph\">G\u0142\u00f3wnym celem anchor text jest precyzyjne i dok\u0142adne opisanie zawarto\u015bci strony docelowej. Wyszukiwarki takie jak Google u\u017cywaj\u0105 tego tekstu, aby zrozumie\u0107 kontekst linkowanej strony i oceni\u0107 trafno\u015b\u0107 linku. Starannie dobrany tekst kotwicy, kt\u00f3ry dok\u0142adnie opisuje stron\u0119 docelow\u0105, mo\u017ce znacznie poprawi\u0107 optymalizacj\u0119 witryny pod k\u0105tem wyszukiwarek.<\/p>\n\n<h5 class=\"wp-block-heading\">Przyk\u0142ady skutecznych anchor text\u00f3w<\/h5>\n\n<p class=\"wp-block-paragraph\">Gdy witryna zawiera linki do zasob\u00f3w na temat zdrowego od\u017cywiania, nale\u017cy u\u017cy\u0107 tekstu kotwicy, takiego jak &#8222;porady dotycz\u0105ce zdrowego od\u017cywiania&#8221; lub &#8222;kompleksowy przewodnik po \u017cywieniu&#8221;, aby wyja\u015bni\u0107, czego odwiedzaj\u0105cy mog\u0105 oczekiwa\u0107 na stronie docelowej. Takie opisowe frazy pomagaj\u0105 wyszukiwarkom i u\u017cytkownikom szybko rozpozna\u0107 trafno\u015b\u0107 link\u00f3w.<\/p>\n\n<h4 class=\"wp-block-heading\">Sztuka w\u0142a\u015bciwej r\u00f3wnowagi<\/h4>\n\n<p class=\"wp-block-paragraph\">Chocia\u017c prawid\u0142owe wykorzystanie anchor tekst\u00f3w mo\u017ce poprawi\u0107 widoczno\u015b\u0107 witryny, nale\u017cy zachowa\u0107 ostro\u017cno\u015b\u0107, aby nie wpa\u015b\u0107 w pu\u0142apk\u0119 nadmiernej optymalizacji. Nadmierne stosowanie tekst\u00f3w kotwicy bogatych w s\u0142owa kluczowe mo\u017ce zosta\u0107 zaklasyfikowane przez wyszukiwarki jako zachowanie manipulacyjne, co mo\u017ce prowadzi\u0107 do kar. Naturalny przep\u0142yw i zr\u00f3\u017cnicowane wykorzystanie anchor tekst\u00f3w s\u0105 zatem niezb\u0119dne.<\/p>\n\n<h5 class=\"wp-block-heading\">Strategie dla r\u00f3\u017cnorodnych tekst\u00f3w zakotwiczonych<\/h5>\n\n<ul class=\"wp-block-list\">\n<li><strong>U\u017cywaj synonim\u00f3w<\/strong>: Zmieniaj u\u017cywane terminy, aby stworzy\u0107 naturaln\u0105 struktur\u0119 link\u00f3w.<\/li>\n\n\n\n<li><strong>Zintegruj nazwy<\/strong> marek: Je\u015bli jest to w\u0142a\u015bciwe, nazwy marek mog\u0105 r\u00f3wnie\u017c s\u0142u\u017cy\u0107 jako teksty zakotwiczenia, co wzmacnia \u015bwiadomo\u015b\u0107 marki.<\/li>\n\n\n\n<li><strong>U\u017cywaj kr\u00f3tkich opis\u00f3w<\/strong>: Czasami kr\u00f3tkie zwroty lub zach\u0119ty, takie jak &#8222;Kliknij tutaj, aby uzyska\u0107 wi\u0119cej informacji&#8221;, mog\u0105 by\u0107 r\u00f3wnie\u017c skuteczne, szczeg\u00f3lnie w mniej formalnym kontek\u015bcie.<\/li>\n<\/ul>\n\n<h4 class=\"wp-block-heading\">Przemy\u015blenia ko\u0144cowe<\/h4>\n\n<p class=\"wp-block-paragraph\">Teksty zakotwiczenia s\u0105 pot\u0119\u017cnymi narz\u0119dziami w arsenale SEO witryny. Ich zdolno\u015b\u0107 do wp\u0142ywania na widoczno\u015b\u0107 i ranking czyni je niezb\u0119dnym elementem strategii optymalizacji ka\u017cdej strony internetowej. Dzi\u0119ki sprytnemu wykorzystaniu anchor tekst\u00f3w, webmasterzy i eksperci SEO mog\u0105 nie tylko poprawi\u0107 wra\u017cenia u\u017cytkownik\u00f3w, ale tak\u017ce zapewni\u0107, \u017ce ich tre\u015bci mo\u017cna znale\u017a\u0107 w ogromnej przestrzeni Internetu. Zachowuj\u0105c naturalne i zr\u00f3\u017cnicowane wykorzystanie tych tekst\u00f3w, zachowuje si\u0119 integralno\u015b\u0107 strony internetowej, jednocze\u015bnie optymalizuj\u0105c j\u0105 pod k\u0105tem odpowiednich zapyta\u0144 wyszukiwania.<\/p>\n","protected":false},"excerpt":{"rendered":"<p>Anchor Text: Instrument nawigacyjny Tekst kotwicy jest decyduj\u0105cym i nie do przecenienia elementem optymalizacji pod k\u0105tem wyszukiwarek (SEO). Stanowi on widoczn\u0105 i interaktywn\u0105 cz\u0119\u015b\u0107 hiper\u0142\u0105cza i odgrywa kluczow\u0105 rol\u0119 w nawigacji cyfrowej. U\u017cywaj\u0105c precyzyjnie dobranych s\u0142\u00f3w, prowadzi u\u017cytkownik\u00f3w i algorytmy<\/p>\n","protected":false},"author":2332,"featured_media":4527,"parent":4979,"menu_order":0,"comment_status":"closed","ping_status":"closed","template":"","meta":{"_seopress_robots_primary_cat":"","_seopress_titles_title":"Tekst zakotwiczenia: Narz\u0119dzie nawigacji dla stron internetowych %%sitetitle%%","_seopress_titles_desc":"Dowiedz si\u0119, w jaki spos\u00f3b precyzyjne teksty zakotwiczenia mog\u0105 poprawi\u0107 pozycj\u0119 Twojej witryny w wyszukiwarkach i usprawni\u0107 nawigacj\u0119 cyfrow\u0105.","_seopress_robots_index":"","_crdt_document":"","_uag_custom_page_level_css":"","spectra_gs_classes":"","footnotes":""},"class_list":["post-4531","page","type-page","status-publish","has-post-thumbnail","hentry"],"spectra_custom_meta":{"_top_nav_excluded":[""],"_cms_nav_minihome":[""],"_thumbnail_id":["4527"],"_wpml_word_count":["{\"total\":437,\"to_translate\":{\"en\":437,\"de\":437}}"],"_last_translation_edit_mode":["translation-editor"],"_seopress_titles_title":["Tekst zakotwiczenia: Narz\u0119dzie nawigacji dla stron internetowych %%sitetitle%%"],"_seopress_titles_desc":["Dowiedz si\u0119, w jaki spos\u00f3b precyzyjne teksty zakotwiczenia mog\u0105 poprawi\u0107 pozycj\u0119 Twojej witryny w wyszukiwarkach i usprawni\u0107 nawigacj\u0119 cyfrow\u0105."],"_seopress_redirections_logged_status":["oba"],"_seopress_redirections_type":["301"],"_uagb_previous_block_counts":["a:90:{s:21:\"uagb\/advanced-heading\";i:0;s:15:\"uagb\/blockquote\";i:0;s:12:\"uagb\/buttons\";i:0;s:18:\"uagb\/buttons-child\";i:0;s:19:\"uagb\/call-to-action\";i:0;s:15:\"uagb\/cf7-styler\";i:0;s:11:\"uagb\/column\";i:0;s:12:\"uagb\/columns\";i:0;s:14:\"uagb\/container\";i:0;s:21:\"uagb\/content-timeline\";i:0;s:27:\"uagb\/content-timeline-child\";i:0;s:14:\"uagb\/countdown\";i:0;s:12:\"uagb\/counter\";i:0;s:8:\"uagb\/faq\";i:0;s:14:\"uagb\/faq-child\";i:0;s:10:\"uagb\/forms\";i:0;s:17:\"uagb\/forms-accept\";i:0;s:19:\"uagb\/forms-checkbox\";i:0;s:15:\"uagb\/forms-date\";i:0;s:16:\"uagb\/forms-email\";i:0;s:17:\"uagb\/forms-hidden\";i:0;s:15:\"uagb\/forms-name\";i:0;s:16:\"uagb\/forms-phone\";i:0;s:16:\"uagb\/forms-radio\";i:0;s:17:\"uagb\/forms-select\";i:0;s:19:\"uagb\/forms-textarea\";i:0;s:17:\"uagb\/forms-toggle\";i:0;s:14:\"uagb\/forms-url\";i:0;s:14:\"uagb\/gf-styler\";i:0;s:15:\"uagb\/google-map\";i:0;s:11:\"uagb\/how-to\";i:0;s:16:\"uagb\/how-to-step\";i:0;s:9:\"uagb\/icon\";i:0;s:14:\"uagb\/icon-list\";i:0;s:20:\"uagb\/icon-list-child\";i:0;s:10:\"uagb\/image\";i:0;s:18:\"uagb\/image-gallery\";i:0;s:13:\"uagb\/info-box\";i:0;s:18:\"uagb\/inline-notice\";i:0;s:11:\"uagb\/lottie\";i:0;s:21:\"uagb\/marketing-button\";i:0;s:10:\"uagb\/modal\";i:0;s:18:\"uagb\/popup-builder\";i:0;s:16:\"uagb\/post-button\";i:0;s:18:\"uagb\/post-carousel\";i:0;s:17:\"uagb\/post-excerpt\";i:0;s:14:\"uagb\/post-grid\";i:0;s:15:\"uagb\/post-image\";i:0;s:17:\"uagb\/post-masonry\";i:0;s:14:\"uagb\/post-meta\";i:0;s:18:\"uagb\/post-taxonomy\";i:0;s:18:\"uagb\/post-timeline\";i:0;s:15:\"uagb\/post-title\";i:0;s:20:\"uagb\/restaurant-menu\";i:0;s:26:\"uagb\/restaurant-menu-child\";i:0;s:11:\"uagb\/review\";i:0;s:12:\"uagb\/section\";i:0;s:14:\"uagb\/separator\";i:0;s:11:\"uagb\/slider\";i:0;s:17:\"uagb\/slider-child\";i:0;s:17:\"uagb\/social-share\";i:0;s:23:\"uagb\/social-share-child\";i:0;s:16:\"uagb\/star-rating\";i:0;s:23:\"uagb\/sure-cart-checkout\";i:0;s:22:\"uagb\/sure-cart-product\";i:0;s:15:\"uagb\/sure-forms\";i:0;s:22:\"uagb\/table-of-contents\";i:0;s:9:\"uagb\/tabs\";i:0;s:15:\"uagb\/tabs-child\";i:0;s:18:\"uagb\/taxonomy-list\";i:0;s:9:\"uagb\/team\";i:0;s:16:\"uagb\/testimonial\";i:0;s:14:\"uagb\/wp-search\";i:0;s:19:\"uagb\/instagram-feed\";i:0;s:10:\"uagb\/login\";i:0;s:17:\"uagb\/loop-builder\";i:0;s:18:\"uagb\/loop-category\";i:0;s:20:\"uagb\/loop-pagination\";i:0;s:15:\"uagb\/loop-reset\";i:0;s:16:\"uagb\/loop-search\";i:0;s:14:\"uagb\/loop-sort\";i:0;s:17:\"uagb\/loop-wrapper\";i:0;s:13:\"uagb\/register\";i:0;s:19:\"uagb\/register-email\";i:0;s:24:\"uagb\/register-first-name\";i:0;s:23:\"uagb\/register-last-name\";i:0;s:22:\"uagb\/register-password\";i:0;s:30:\"uagb\/register-reenter-password\";i:0;s:19:\"uagb\/register-terms\";i:0;s:22:\"uagb\/register-username\";i:0;}"],"_uag_page_assets":["a:9:{s:3:\"css\";s:263:\".uag-blocks-common-selector{z-index:var(--z-index-desktop) !important}@media (max-width: 976px){.uag-blocks-common-selector{z-index:var(--z-index-tablet) !important}}@media (max-width: 767px){.uag-blocks-common-selector{z-index:var(--z-index-mobile) !important}}\n\";s:2:\"js\";s:0:\"\";s:18:\"current_block_list\";a:5:{i:0;s:10:\"core\/image\";i:1;s:12:\"core\/heading\";i:2;s:14:\"core\/paragraph\";i:3;s:9:\"core\/list\";i:4;s:14:\"core\/list-item\";}s:8:\"uag_flag\";b:0;s:11:\"uag_version\";s:10:\"1775815218\";s:6:\"gfonts\";a:0:{}s:10:\"gfonts_url\";s:0:\"\";s:12:\"gfonts_files\";a:0:{}s:14:\"uag_faq_layout\";b:0;}"],"_uag_css_file_name":["uag-css-4531.css"]},"uagb_featured_image_src":{"full":["https:\/\/dlx-media.com\/wp-content\/uploads\/Anchor-Text.jpeg",1792,1024,false],"thumbnail":["https:\/\/dlx-media.com\/wp-content\/uploads\/Anchor-Text-250x250.jpeg",250,250,true],"medium":["https:\/\/dlx-media.com\/wp-content\/uploads\/Anchor-Text-350x200.jpeg",350,200,true],"medium_large":["https:\/\/dlx-media.com\/wp-content\/uploads\/Anchor-Text-768x439.jpeg",768,439,true],"large":["https:\/\/dlx-media.com\/wp-content\/uploads\/Anchor-Text-1024x585.jpeg",1024,585,true],"1536x1536":["https:\/\/dlx-media.com\/wp-content\/uploads\/Anchor-Text-1536x878.jpeg",1536,878,true],"2048x2048":["https:\/\/dlx-media.com\/wp-content\/uploads\/Anchor-Text.jpeg",1792,1024,false],"suffice-thumbnail-grid":["https:\/\/dlx-media.com\/wp-content\/uploads\/Anchor-Text-750x420.jpeg",750,420,true],"suffice-thumbnail-featured-one":["https:\/\/dlx-media.com\/wp-content\/uploads\/Anchor-Text-295x525.jpeg",295,525,true],"suffice-thumbnail-featured-two":["https:\/\/dlx-media.com\/wp-content\/uploads\/Anchor-Text-1140x504.jpeg",1140,504,true],"suffice-thumbnail-portfolio":["https:\/\/dlx-media.com\/wp-content\/uploads\/Anchor-Text-572x552.jpeg",572,552,true],"suffice-thumbnail-portfolio-masonry":["https:\/\/dlx-media.com\/wp-content\/uploads\/Anchor-Text-572x652.jpeg",572,652,true]},"uagb_author_info":{"display_name":"DLxMedia","author_link":"https:\/\/dlx-media.com\/pl"},"uagb_comment_info":0,"uagb_excerpt":"Anchor Text: Instrument nawigacyjny Tekst kotwicy jest decyduj\u0105cym i nie do przecenienia elementem optymalizacji pod k\u0105tem wyszukiwarek (SEO). Stanowi on widoczn\u0105 i interaktywn\u0105 cz\u0119\u015b\u0107 hiper\u0142\u0105cza i odgrywa kluczow\u0105 rol\u0119 w nawigacji cyfrowej. U\u017cywaj\u0105c precyzyjnie dobranych s\u0142\u00f3w, prowadzi u\u017cytkownik\u00f3w i algorytmy","_links":{"self":[{"href":"https:\/\/dlx-media.com\/pl\/wp-json\/wp\/v2\/pages\/4531","targetHints":{"allow":["GET"]}}],"collection":[{"href":"https:\/\/dlx-media.com\/pl\/wp-json\/wp\/v2\/pages"}],"about":[{"href":"https:\/\/dlx-media.com\/pl\/wp-json\/wp\/v2\/types\/page"}],"author":[{"embeddable":true,"href":"https:\/\/dlx-media.com\/pl\/wp-json\/wp\/v2\/users\/2332"}],"replies":[{"embeddable":true,"href":"https:\/\/dlx-media.com\/pl\/wp-json\/wp\/v2\/comments?post=4531"}],"version-history":[{"count":2,"href":"https:\/\/dlx-media.com\/pl\/wp-json\/wp\/v2\/pages\/4531\/revisions"}],"predecessor-version":[{"id":5331,"href":"https:\/\/dlx-media.com\/pl\/wp-json\/wp\/v2\/pages\/4531\/revisions\/5331"}],"up":[{"embeddable":true,"href":"https:\/\/dlx-media.com\/pl\/wp-json\/wp\/v2\/pages\/4979"}],"wp:featuredmedia":[{"embeddable":true,"href":"https:\/\/dlx-media.com\/pl\/wp-json\/wp\/v2\/media\/4527"}],"wp:attachment":[{"href":"https:\/\/dlx-media.com\/pl\/wp-json\/wp\/v2\/media?parent=4531"}],"curies":[{"name":"wp","href":"https:\/\/api.w.org\/{rel}","templated":true}]}}