{"id":4519,"date":"2024-04-24T20:52:52","date_gmt":"2024-04-24T18:52:52","guid":{"rendered":"https:\/\/www.dlx-media.com\/slowniczek-marketingu-internetowego-i-seo\/alt-tag-i-tag-tytulowy\/"},"modified":"2024-07-14T13:53:36","modified_gmt":"2024-07-14T11:53:36","slug":"alt-tag-i-tag-tytulowy","status":"publish","type":"page","link":"https:\/\/dlx-media.com\/pl\/slowniczek\/alt-tag-i-tag-tytulowy\/","title":{"rendered":"Alt tag i tag tytu\u0142owy"},"content":{"rendered":"<div class=\"wp-block-image\">\n<figure data-spectra-id=\"spectra-d1460e6f-d22c-4a77-9a1a-b2d0f1df973a\" class=\"aligncenter size-full\"><img loading=\"lazy\" decoding=\"async\" width=\"1792\" height=\"1024\" src=\"https:\/\/dlx-media.com\/file\/Alt-Tag-Title-Tag.jpeg\" alt=\"Alt tag i tag tytu&#x142;owy\" class=\"wp-image-4513\" srcset=\"https:\/\/dlx-media.com\/wp-content\/uploads\/Alt-Tag-Title-Tag.jpeg 1792w, https:\/\/dlx-media.com\/wp-content\/uploads\/Alt-Tag-Title-Tag-350x200.jpeg 350w, https:\/\/dlx-media.com\/wp-content\/uploads\/Alt-Tag-Title-Tag-1024x585.jpeg 1024w, https:\/\/dlx-media.com\/wp-content\/uploads\/Alt-Tag-Title-Tag-768x439.jpeg 768w, https:\/\/dlx-media.com\/wp-content\/uploads\/Alt-Tag-Title-Tag-1536x878.jpeg 1536w\" sizes=\"auto, (max-width: 1792px) 100vw, 1792px\" \/><\/figure>\n<\/div>\n<h3 class=\"wp-block-heading\">Tagi Alt i tagi tytu\u0142owe: niezb\u0119dne dla SEO i lepszej dost\u0119pno\u015bci<\/h3>\n\n<p class=\"wp-block-paragraph\">W wyrafinowanej sztuce optymalizacji pod k\u0105tem wyszukiwarek (SEO) znaczniki alt i title odgrywaj\u0105 kluczow\u0105 rol\u0119, pomagaj\u0105c poprawi\u0107 zar\u00f3wno widoczno\u015b\u0107, jak i dost\u0119pno\u015b\u0107 strony internetowej. Atrybuty te s\u0105 nie tylko niezb\u0119dne do indeksowania i rankingu na stronach wynik\u00f3w wyszukiwania (SERP), ale s\u0105 r\u00f3wnie\u017c nieocenione dla dost\u0119pno\u015bci, poniewa\u017c sprawiaj\u0105, \u017ce zawarto\u015b\u0107 obraz\u00f3w i link\u00f3w jest dost\u0119pna dla u\u017cytkownik\u00f3w niedowidz\u0105cych za pomoc\u0105 czytnik\u00f3w ekranu.<\/p>\n\n<h4 class=\"wp-block-heading\">Znaczenie tag\u00f3w alt<\/h4>\n\n<p class=\"wp-block-paragraph\">Znaczniki Alt, formalnie znane jako &#8222;atrybuty alt&#8221;, maj\u0105 kluczowe znaczenie dla optymalizacji obrazu. Zapewniaj\u0105 one tekstowy opis zawarto\u015bci obrazu na stronach internetowych i dlatego maj\u0105 kluczowe znaczenie dla wyszukiwania obraz\u00f3w w wyszukiwarkach. Precyzyjnie sformu\u0142owany tag alt opisuje tre\u015b\u0107 i kontekst obrazu, co nie tylko zwi\u0119ksza trafno\u015b\u0107 strony dla okre\u015blonych zapyta\u0144 wyszukiwania, ale tak\u017ce poprawia wra\u017cenia u\u017cytkownika dla os\u00f3b z wadami wzroku.<\/p>\n\n<h5 class=\"wp-block-heading\">Jak skutecznie u\u017cywa\u0107 tag\u00f3w alt:<\/h5>\n\n<ul class=\"wp-block-list\">\n<li><strong>Dok\u0142adno\u015b\u0107<\/strong>: Opis w tagu alt powinien dok\u0142adnie odzwierciedla\u0107 zawarto\u015b\u0107 i funkcj\u0119 obrazu na stronie internetowej.<\/li>\n\n\n\n<li><strong>Trafno\u015b\u0107<\/strong>: Zintegruj s\u0142owa kluczowe, kt\u00f3re s\u0105 istotne dla obrazu i kontekstu strony, ale bez popadania w &#8222;upychanie s\u0142\u00f3w kluczowych&#8221;.<\/li>\n\n\n\n<li><strong>Przejrzysto\u015b\u0107<\/strong>: Unikaj niejasnych opis\u00f3w i upewnij si\u0119, \u017ce tekst alternatywny jest jasny i zrozumia\u0142y.<\/li>\n<\/ul>\n\n<h4 class=\"wp-block-heading\">Rola tag\u00f3w tytu\u0142owych<\/h4>\n\n<p class=\"wp-block-paragraph\">Tagi tytu\u0142u, czasami nazywane po prostu &#8222;atrybutami tytu\u0142u&#8221;, dostarczaj\u0105 dodatkowych informacji o linkach i obrazach. Pojawiaj\u0105 si\u0119 one jako ma\u0142e podpowiedzi, gdy u\u017cytkownik przesunie kursor myszy nad dany element. Tagi te s\u0105 szczeg\u00f3lnie przydatne, aby da\u0107 u\u017cytkownikom wi\u0119cej kontekstu na temat linku lub obrazu, co poprawia wra\u017cenia u\u017cytkownika i mo\u017ce zwi\u0119kszy\u0107 wsp\u00f3\u0142czynnik interakcji.<\/p>\n\n<h5 class=\"wp-block-heading\">Najlepsze praktyki dotycz\u0105ce tag\u00f3w tytu\u0142owych:<\/h5>\n\n<ul class=\"wp-block-list\">\n<li><strong>Kontekstowo\u015b\u0107<\/strong>: dostarczanie dodatkowych informacji, kt\u00f3re pomagaj\u0105 u\u017cytkownikowi zrozumie\u0107, czego mo\u017ce si\u0119 spodziewa\u0107 po klikni\u0119ciu \u0142\u0105cza lub co przedstawia obraz.<\/li>\n\n\n\n<li><strong>Zwi\u0119z\u0142o\u015b\u0107<\/strong>: informacje powinny by\u0107 kr\u00f3tkie i na temat, aby unikn\u0105\u0107 prze\u0142adowania i zwi\u0119kszy\u0107 czytelno\u015b\u0107.<\/li>\n\n\n\n<li><strong>Dodatkowa warto\u015b\u0107<\/strong>: U\u017cyj tag\u00f3w tytu\u0142u, aby zapewni\u0107 dodatkow\u0105 warto\u015b\u0107 poza tym, co jest ju\u017c zawarte w tagu alt lub widocznym tek\u015bcie.<\/li>\n<\/ul>\n\n<h4 class=\"wp-block-heading\">Wp\u0142yw na SEO i wra\u017cenia u\u017cytkownika<\/h4>\n\n<p class=\"wp-block-paragraph\">Prawid\u0142owe u\u017cycie znacznik\u00f3w alt i title ma bezpo\u015bredni wp\u0142yw na optymalizacj\u0119 witryny pod k\u0105tem wyszukiwarek. Wyszukiwarki takie jak Google u\u017cywaj\u0105 tych tag\u00f3w, aby lepiej zrozumie\u0107 zawarto\u015b\u0107 strony i oceni\u0107 jej trafno\u015b\u0107 dla okre\u015blonych zapyta\u0144. Poprawiaj\u0105c opisy obraz\u00f3w i link\u00f3w, strony internetowe mog\u0105 osi\u0105gn\u0105\u0107 wy\u017csze pozycje w SERP-ach.<\/p>\n\n<p class=\"wp-block-paragraph\">Znaczniki te odgrywaj\u0105 r\u00f3wnie\u017c kluczow\u0105 rol\u0119 w dost\u0119pno\u015bci. Opisuj\u0105c tre\u015bci wizualne w tek\u015bcie, umo\u017cliwiaj\u0105 czytnikom ekranu udost\u0119pnianie tych tre\u015bci u\u017cytkownikom niedowidz\u0105cym, co nie tylko podkre\u015bla etyczn\u0105 odpowiedzialno\u015b\u0107 tw\u00f3rc\u00f3w stron internetowych, ale tak\u017ce spe\u0142nia wymogi prawne, kt\u00f3re coraz cz\u0119\u015bciej wymagaj\u0105 dost\u0119pno\u015bci cyfrowej.<\/p>\n\n<h4 class=\"wp-block-heading\">Wnioski<\/h4>\n\n<p class=\"wp-block-paragraph\">Skuteczne wykorzystanie tag\u00f3w alt i title jest istotn\u0105 cz\u0119\u015bci\u0105 kompleksowej strategii SEO. Pomaga to nie tylko poprawi\u0107 widoczno\u015b\u0107 i ranking strony internetowej, ale tak\u017ce promuje integracyjne do\u015bwiadczenie u\u017cytkownika, kt\u00f3re jest sprawiedliwe dla wszystkich u\u017cytkownik\u00f3w. U\u017cywane w spos\u00f3b strategiczny i przemy\u015blany, tagi te mog\u0105 przekszta\u0142ci\u0107 stron\u0119 internetow\u0105 &#8211; nie tylko poprawiaj\u0105c rankingi wyszukiwarek, ale tak\u017ce czyni\u0105c internet bardziej dost\u0119pnym miejscem dla wszystkich.<\/p>\n","protected":false},"excerpt":{"rendered":"<p>Tagi Alt i tagi tytu\u0142owe: niezb\u0119dne dla SEO i lepszej dost\u0119pno\u015bci W wyrafinowanej sztuce optymalizacji pod k\u0105tem wyszukiwarek (SEO) znaczniki alt i title odgrywaj\u0105 kluczow\u0105 rol\u0119, pomagaj\u0105c poprawi\u0107 zar\u00f3wno widoczno\u015b\u0107, jak i dost\u0119pno\u015b\u0107 strony internetowej. Atrybuty te s\u0105 nie tylko<\/p>\n","protected":false},"author":2332,"featured_media":4515,"parent":4979,"menu_order":0,"comment_status":"closed","ping_status":"closed","template":"","meta":{"_seopress_robots_primary_cat":"","_seopress_titles_title":"Znaczniki Alt i tagi tytu\u0142owe: poprawa SEO i dost\u0119pno\u015b\u0107 %%sitetitle%%","_seopress_titles_desc":"Dowiedz si\u0119, jak znaczniki alt i title zwi\u0119kszaj\u0105 widoczno\u015b\u0107 i dost\u0119pno\u015b\u0107 Twojej witryny oraz poprawiaj\u0105 SEO.","_seopress_robots_index":"","_crdt_document":"","_uag_custom_page_level_css":"","spectra_gs_classes":"","footnotes":""},"class_list":["post-4519","page","type-page","status-publish","has-post-thumbnail","hentry"],"spectra_custom_meta":{"_top_nav_excluded":[""],"_cms_nav_minihome":[""],"_thumbnail_id":["4515"],"_wp_page_template":[""],"_wpml_word_count":["{\"total\":504,\"to_translate\":{\"en\":504,\"de\":504}}"],"_last_translation_edit_mode":["translation-editor"],"_seopress_titles_title":["Znaczniki Alt i tagi tytu\u0142owe: poprawa SEO i dost\u0119pno\u015b\u0107 %%sitetitle%%"],"_seopress_titles_desc":["Dowiedz si\u0119, jak znaczniki alt i title zwi\u0119kszaj\u0105 widoczno\u015b\u0107 i dost\u0119pno\u015b\u0107 Twojej witryny oraz poprawiaj\u0105 SEO."],"_seopress_redirections_logged_status":["oba"],"_seopress_redirections_type":["301"],"_uagb_previous_block_counts":["a:90:{s:21:\"uagb\/advanced-heading\";i:0;s:15:\"uagb\/blockquote\";i:0;s:12:\"uagb\/buttons\";i:0;s:18:\"uagb\/buttons-child\";i:0;s:19:\"uagb\/call-to-action\";i:0;s:15:\"uagb\/cf7-styler\";i:0;s:11:\"uagb\/column\";i:0;s:12:\"uagb\/columns\";i:0;s:14:\"uagb\/container\";i:0;s:21:\"uagb\/content-timeline\";i:0;s:27:\"uagb\/content-timeline-child\";i:0;s:14:\"uagb\/countdown\";i:0;s:12:\"uagb\/counter\";i:0;s:8:\"uagb\/faq\";i:0;s:14:\"uagb\/faq-child\";i:0;s:10:\"uagb\/forms\";i:0;s:17:\"uagb\/forms-accept\";i:0;s:19:\"uagb\/forms-checkbox\";i:0;s:15:\"uagb\/forms-date\";i:0;s:16:\"uagb\/forms-email\";i:0;s:17:\"uagb\/forms-hidden\";i:0;s:15:\"uagb\/forms-name\";i:0;s:16:\"uagb\/forms-phone\";i:0;s:16:\"uagb\/forms-radio\";i:0;s:17:\"uagb\/forms-select\";i:0;s:19:\"uagb\/forms-textarea\";i:0;s:17:\"uagb\/forms-toggle\";i:0;s:14:\"uagb\/forms-url\";i:0;s:14:\"uagb\/gf-styler\";i:0;s:15:\"uagb\/google-map\";i:0;s:11:\"uagb\/how-to\";i:0;s:16:\"uagb\/how-to-step\";i:0;s:9:\"uagb\/icon\";i:0;s:14:\"uagb\/icon-list\";i:0;s:20:\"uagb\/icon-list-child\";i:0;s:10:\"uagb\/image\";i:0;s:18:\"uagb\/image-gallery\";i:0;s:13:\"uagb\/info-box\";i:0;s:18:\"uagb\/inline-notice\";i:0;s:11:\"uagb\/lottie\";i:0;s:21:\"uagb\/marketing-button\";i:0;s:10:\"uagb\/modal\";i:0;s:18:\"uagb\/popup-builder\";i:0;s:16:\"uagb\/post-button\";i:0;s:18:\"uagb\/post-carousel\";i:0;s:17:\"uagb\/post-excerpt\";i:0;s:14:\"uagb\/post-grid\";i:0;s:15:\"uagb\/post-image\";i:0;s:17:\"uagb\/post-masonry\";i:0;s:14:\"uagb\/post-meta\";i:0;s:18:\"uagb\/post-taxonomy\";i:0;s:18:\"uagb\/post-timeline\";i:0;s:15:\"uagb\/post-title\";i:0;s:20:\"uagb\/restaurant-menu\";i:0;s:26:\"uagb\/restaurant-menu-child\";i:0;s:11:\"uagb\/review\";i:0;s:12:\"uagb\/section\";i:0;s:14:\"uagb\/separator\";i:0;s:11:\"uagb\/slider\";i:0;s:17:\"uagb\/slider-child\";i:0;s:17:\"uagb\/social-share\";i:0;s:23:\"uagb\/social-share-child\";i:0;s:16:\"uagb\/star-rating\";i:0;s:23:\"uagb\/sure-cart-checkout\";i:0;s:22:\"uagb\/sure-cart-product\";i:0;s:15:\"uagb\/sure-forms\";i:0;s:22:\"uagb\/table-of-contents\";i:0;s:9:\"uagb\/tabs\";i:0;s:15:\"uagb\/tabs-child\";i:0;s:18:\"uagb\/taxonomy-list\";i:0;s:9:\"uagb\/team\";i:0;s:16:\"uagb\/testimonial\";i:0;s:14:\"uagb\/wp-search\";i:0;s:19:\"uagb\/instagram-feed\";i:0;s:10:\"uagb\/login\";i:0;s:17:\"uagb\/loop-builder\";i:0;s:18:\"uagb\/loop-category\";i:0;s:20:\"uagb\/loop-pagination\";i:0;s:15:\"uagb\/loop-reset\";i:0;s:16:\"uagb\/loop-search\";i:0;s:14:\"uagb\/loop-sort\";i:0;s:17:\"uagb\/loop-wrapper\";i:0;s:13:\"uagb\/register\";i:0;s:19:\"uagb\/register-email\";i:0;s:24:\"uagb\/register-first-name\";i:0;s:23:\"uagb\/register-last-name\";i:0;s:22:\"uagb\/register-password\";i:0;s:30:\"uagb\/register-reenter-password\";i:0;s:19:\"uagb\/register-terms\";i:0;s:22:\"uagb\/register-username\";i:0;}"],"_uag_page_assets":["a:9:{s:3:\"css\";s:263:\".uag-blocks-common-selector{z-index:var(--z-index-desktop) !important}@media (max-width: 976px){.uag-blocks-common-selector{z-index:var(--z-index-tablet) !important}}@media (max-width: 767px){.uag-blocks-common-selector{z-index:var(--z-index-mobile) !important}}\n\";s:2:\"js\";s:0:\"\";s:18:\"current_block_list\";a:5:{i:0;s:10:\"core\/image\";i:1;s:12:\"core\/heading\";i:2;s:14:\"core\/paragraph\";i:3;s:9:\"core\/list\";i:4;s:14:\"core\/list-item\";}s:8:\"uag_flag\";b:0;s:11:\"uag_version\";s:10:\"1776768691\";s:6:\"gfonts\";a:0:{}s:10:\"gfonts_url\";s:0:\"\";s:12:\"gfonts_files\";a:0:{}s:14:\"uag_faq_layout\";b:0;}"],"_uag_css_file_name":["uag-css-4519.css"]},"uagb_featured_image_src":{"full":["https:\/\/dlx-media.com\/wp-content\/uploads\/Alt-Tag-Title-Tag.jpeg",1792,1024,false],"thumbnail":["https:\/\/dlx-media.com\/wp-content\/uploads\/Alt-Tag-Title-Tag-250x250.jpeg",250,250,true],"medium":["https:\/\/dlx-media.com\/wp-content\/uploads\/Alt-Tag-Title-Tag-350x200.jpeg",350,200,true],"medium_large":["https:\/\/dlx-media.com\/wp-content\/uploads\/Alt-Tag-Title-Tag-768x439.jpeg",768,439,true],"large":["https:\/\/dlx-media.com\/wp-content\/uploads\/Alt-Tag-Title-Tag-1024x585.jpeg",1024,585,true],"1536x1536":["https:\/\/dlx-media.com\/wp-content\/uploads\/Alt-Tag-Title-Tag-1536x878.jpeg",1536,878,true],"2048x2048":["https:\/\/dlx-media.com\/wp-content\/uploads\/Alt-Tag-Title-Tag.jpeg",1792,1024,false],"suffice-thumbnail-grid":["https:\/\/dlx-media.com\/wp-content\/uploads\/Alt-Tag-Title-Tag-750x420.jpeg",750,420,true],"suffice-thumbnail-featured-one":["https:\/\/dlx-media.com\/wp-content\/uploads\/Alt-Tag-Title-Tag-295x525.jpeg",295,525,true],"suffice-thumbnail-featured-two":["https:\/\/dlx-media.com\/wp-content\/uploads\/Alt-Tag-Title-Tag-1140x504.jpeg",1140,504,true],"suffice-thumbnail-portfolio":["https:\/\/dlx-media.com\/wp-content\/uploads\/Alt-Tag-Title-Tag-572x552.jpeg",572,552,true],"suffice-thumbnail-portfolio-masonry":["https:\/\/dlx-media.com\/wp-content\/uploads\/Alt-Tag-Title-Tag-572x652.jpeg",572,652,true]},"uagb_author_info":{"display_name":"DLxMedia","author_link":"https:\/\/dlx-media.com\/pl"},"uagb_comment_info":0,"uagb_excerpt":"Tagi Alt i tagi tytu\u0142owe: niezb\u0119dne dla SEO i lepszej dost\u0119pno\u015bci W wyrafinowanej sztuce optymalizacji pod k\u0105tem wyszukiwarek (SEO) znaczniki alt i title odgrywaj\u0105 kluczow\u0105 rol\u0119, pomagaj\u0105c poprawi\u0107 zar\u00f3wno widoczno\u015b\u0107, jak i dost\u0119pno\u015b\u0107 strony internetowej. Atrybuty te s\u0105 nie tylko","_links":{"self":[{"href":"https:\/\/dlx-media.com\/pl\/wp-json\/wp\/v2\/pages\/4519","targetHints":{"allow":["GET"]}}],"collection":[{"href":"https:\/\/dlx-media.com\/pl\/wp-json\/wp\/v2\/pages"}],"about":[{"href":"https:\/\/dlx-media.com\/pl\/wp-json\/wp\/v2\/types\/page"}],"author":[{"embeddable":true,"href":"https:\/\/dlx-media.com\/pl\/wp-json\/wp\/v2\/users\/2332"}],"replies":[{"embeddable":true,"href":"https:\/\/dlx-media.com\/pl\/wp-json\/wp\/v2\/comments?post=4519"}],"version-history":[{"count":3,"href":"https:\/\/dlx-media.com\/pl\/wp-json\/wp\/v2\/pages\/4519\/revisions"}],"predecessor-version":[{"id":5327,"href":"https:\/\/dlx-media.com\/pl\/wp-json\/wp\/v2\/pages\/4519\/revisions\/5327"}],"up":[{"embeddable":true,"href":"https:\/\/dlx-media.com\/pl\/wp-json\/wp\/v2\/pages\/4979"}],"wp:featuredmedia":[{"embeddable":true,"href":"https:\/\/dlx-media.com\/pl\/wp-json\/wp\/v2\/media\/4515"}],"wp:attachment":[{"href":"https:\/\/dlx-media.com\/pl\/wp-json\/wp\/v2\/media?parent=4519"}],"curies":[{"name":"wp","href":"https:\/\/api.w.org\/{rel}","templated":true}]}}