{"id":4508,"date":"2024-04-24T20:14:11","date_gmt":"2024-04-24T18:14:11","guid":{"rendered":"https:\/\/www.dlx-media.com\/slowniczek-marketingu-internetowego-i-seo\/marketing-afiliacyjny\/"},"modified":"2024-07-14T13:53:36","modified_gmt":"2024-07-14T11:53:36","slug":"marketing-afiliacyjny","status":"publish","type":"page","link":"https:\/\/dlx-media.com\/pl\/slowniczek\/marketing-afiliacyjny\/","title":{"rendered":"Marketing afiliacyjny"},"content":{"rendered":"<div class=\"wp-block-image\">\n<figure data-spectra-id=\"spectra-30264f65-239f-491d-9e8f-ae6b50719cdc\" class=\"aligncenter size-full\"><img loading=\"lazy\" decoding=\"async\" width=\"1792\" height=\"1024\" src=\"https:\/\/dlx-media.com\/file\/Affiliate-Marketing.jpeg\" alt=\"Marketing afiliacyjny\" class=\"wp-image-4497\" srcset=\"https:\/\/dlx-media.com\/wp-content\/uploads\/Affiliate-Marketing.jpeg 1792w, https:\/\/dlx-media.com\/wp-content\/uploads\/Affiliate-Marketing-350x200.jpeg 350w, https:\/\/dlx-media.com\/wp-content\/uploads\/Affiliate-Marketing-1024x585.jpeg 1024w, https:\/\/dlx-media.com\/wp-content\/uploads\/Affiliate-Marketing-768x439.jpeg 768w, https:\/\/dlx-media.com\/wp-content\/uploads\/Affiliate-Marketing-1536x878.jpeg 1536w\" sizes=\"auto, (max-width: 1792px) 100vw, 1792px\" \/><\/figure>\n<\/div>\n<h3 class=\"wp-block-heading\">Marketing afiliacyjny: dynamiczny ekosystem cyfrowych zysk\u00f3w<\/h3>\n\n<p class=\"wp-block-paragraph\">Marketing afiliacyjny to nie tylko metoda marketingu online; to wieloaspektowa strategia, kt\u00f3ra tworzy symbiotyczn\u0105 relacj\u0119 mi\u0119dzy firm\u0105 (sprzedawc\u0105 lub reklamodawc\u0105) a jej partnerami (afiliantami lub wydawcami). Partnerstwo to pozwala firmom zwi\u0119kszy\u0107 zasi\u0119g i skutecznie promowa\u0107 swoje produkty lub us\u0142ugi za po\u015brednictwem sieci afiliacyjnej. W zamian partnerzy otrzymuj\u0105 mo\u017cliwo\u015b\u0107 generowania dochodu za po\u015brednictwem swoich platform cyfrowych poprzez kierowanie kwalifikowanego ruchu lub sprzeda\u017cy do sprzedawcy.<\/p>\n\n<h4 class=\"wp-block-heading\">Mechanika marketingu afiliacyjnego<\/h4>\n\n<p class=\"wp-block-paragraph\">Podstaw\u0105 marketingu afiliacyjnego jest wynagrodzenie oparte na wynikach: partnerzy s\u0105 wynagradzani na podstawie generowanych przez nich dzia\u0142a\u0144. Model ten obejmuje r\u00f3\u017cne struktury wynagrodze\u0144:<\/p>\n\n<ul class=\"wp-block-list\">\n<li><strong>P\u0142atno\u015b\u0107 za klikni\u0119cie (PPC)<\/strong>: Tutaj partnerzy zarabiaj\u0105 pieni\u0105dze na podstawie liczby klikni\u0119\u0107, kt\u00f3re wysy\u0142aj\u0105 do sprzedawcy.<\/li>\n\n\n\n<li><strong>P\u0142a\u0107 za sprzeda\u017c (PPS)<\/strong>: Ten model wynagradza partner\u00f3w prowizj\u0105, je\u015bli polecony ruch prowadzi do faktycznego zakupu.<\/li>\n\n\n\n<li><strong>Pay per lead (PPL)<\/strong>: Partnerzy otrzymuj\u0105 p\u0142atno\u015b\u0107 za ka\u017cdego leada, kt\u00f3ry wykona okre\u015blone dzia\u0142ania, takie jak wype\u0142nienie formularza lub zarejestrowanie si\u0119 w us\u0142udze.<\/li>\n<\/ul>\n\n<h4 class=\"wp-block-heading\">Skuteczne \u015bledzenie: klucz do sukcesu<\/h4>\n\n<p class=\"wp-block-paragraph\">Jednym z najwa\u017cniejszych aspekt\u00f3w marketingu afiliacyjnego jest precyzyjne \u015bledzenie dzia\u0142a\u0144 generowanych przez afiliant\u00f3w. Nowoczesne technologie, takie jak specjalistyczne oprogramowanie i us\u0142ugi, wykorzystuj\u0105 pliki cookie i inne metody \u015bledzenia w celu okre\u015blenia pochodzenia klikni\u0119\u0107, potencjalnych klient\u00f3w i zakup\u00f3w. \u015aledzenie to ma kluczowe znaczenie, poniewa\u017c stanowi podstaw\u0119 sprawiedliwego podzia\u0142u prowizji i zapewnia, \u017ce partnerzy s\u0105 odpowiednio wynagradzani za swoje wysi\u0142ki.<\/p>\n\n<h4 class=\"wp-block-heading\">Zalety marketingu afiliacyjnego<\/h4>\n\n<p class=\"wp-block-paragraph\"><strong>Dla sprzedawc\u00f3w:<\/strong><\/p>\n\n<ul class=\"wp-block-list\">\n<li><strong>Efektywno\u015b\u0107 kosztowa<\/strong>: Sprzedawcy p\u0142ac\u0105 tylko za wymierne wyniki, co czyni ten model jedn\u0105 z najbardziej op\u0142acalnych strategii marketingowych.<\/li>\n\n\n\n<li><strong>Rozszerzony zasi\u0119g<\/strong>: Podmioty stowarzyszone umo\u017cliwiaj\u0105 produktom i us\u0142ugom dotarcie do nowych rynk\u00f3w i nowych segment\u00f3w klient\u00f3w.<\/li>\n\n\n\n<li><strong>Zwi\u0119kszenie \u015bwiadomo\u015bci marki<\/strong>: Ka\u017cdy partner przyczynia si\u0119 do zwi\u0119kszenia widoczno\u015bci i wizerunku marki.<\/li>\n<\/ul>\n\n<p class=\"wp-block-paragraph\"><strong>Dla podmiot\u00f3w stowarzyszonych:<\/strong><\/p>\n\n<ul class=\"wp-block-list\">\n<li><strong>Generowanie dochodu bez w\u0142asnych produkt\u00f3w<\/strong>: Partnerzy mog\u0105 generowa\u0107 doch\u00f3d, umieszczaj\u0105c materia\u0142y reklamowe na swoich stronach internetowych i wykorzystuj\u0105c swoj\u0105 cyfrow\u0105 obecno\u015b\u0107.<\/li>\n\n\n\n<li><strong>Elastyczno\u015b\u0107<\/strong>: Partnerzy maj\u0105 swobod\u0119 wyboru produkt\u00f3w i kampanii, kt\u00f3re najlepiej pasuj\u0105 do ich tre\u015bci i grupy docelowej.<\/li>\n\n\n\n<li><strong>Nie wymaga magazynowania ani obs\u0142ugi klienta<\/strong>: ca\u0142a logistyka i obs\u0142uga klienta pozostaj\u0105 w r\u0119kach sprzedawcy.<\/li>\n<\/ul>\n\n<h4 class=\"wp-block-heading\">SEO i marketing afiliacyjny: strategiczny sojusz<\/h4>\n\n<p class=\"wp-block-paragraph\">Marketing afiliacyjny i optymalizacja pod k\u0105tem wyszukiwarek (SEO) cz\u0119sto id\u0105 w parze. Wielu afiliant\u00f3w korzysta z technik SEO, aby zmaksymalizowa\u0107 ruch na swoich stronach, kt\u00f3ry jest nast\u0119pnie przekierowywany na strony sprzedawc\u00f3w. Praktyki te nie tylko zwi\u0119kszaj\u0105 widoczno\u015b\u0107 link\u00f3w afiliacyjnych, ale tak\u017ce promuj\u0105 wy\u017csze pozycje w wyszukiwarkach, co prowadzi do wi\u0119kszej liczby klikni\u0119\u0107 i ostatecznie wy\u017cszych przychod\u00f3w.<\/p>\n\n<h4 class=\"wp-block-heading\">Etyka w marketingu afiliacyjnym<\/h4>\n\n<p class=\"wp-block-paragraph\">Przejrzysto\u015b\u0107 powinna zawsze znajdowa\u0107 si\u0119 w centrum marketingu afiliacyjnego. Partnerzy s\u0105 etycznie zobowi\u0105zani do ujawniania swoich relacji z handlowcami. Obejmuje to informacje, \u017ce zarabiaj\u0105 prowizje za klikni\u0119cia lub zakupy. Uczciwo\u015b\u0107 w reklamie i autentyczna prezentacja produkt\u00f3w i us\u0142ug buduj\u0105 zaufanie i promuj\u0105 d\u0142ugoterminowe relacje z u\u017cytkownikami.<\/p>\n\n<h3 class=\"wp-block-heading\">Wnioski<\/h3>\n\n<p class=\"wp-block-paragraph\">Marketing afiliacyjny to pot\u0119\u017cna, dynamiczna i interaktywna strategia marketingowa, kt\u00f3ra umo\u017cliwia firmom i indywidualnym wydawcom wsp\u00f3\u0142prac\u0119 i wsp\u00f3lny rozw\u00f3j na scenie cyfrowej. \u0141\u0105cz\u0105c innowacyjn\u0105 technologi\u0119, planowanie strategiczne i etyczne praktyki, marketing afiliacyjny mo\u017ce stworzy\u0107 sytuacj\u0119 korzystn\u0105 zar\u00f3wno dla sprzedawc\u00f3w, jak i partner\u00f3w, kt\u00f3ra nie tylko zwi\u0119ksza sprzeda\u017c, ale tak\u017ce wzbogaca krajobraz marketingu cyfrowego.<\/p>\n","protected":false},"excerpt":{"rendered":"<p>Marketing afiliacyjny: dynamiczny ekosystem cyfrowych zysk\u00f3w Marketing afiliacyjny to nie tylko metoda marketingu online; to wieloaspektowa strategia, kt\u00f3ra tworzy symbiotyczn\u0105 relacj\u0119 mi\u0119dzy firm\u0105 (sprzedawc\u0105 lub reklamodawc\u0105) a jej partnerami (afiliantami lub wydawcami). Partnerstwo to pozwala firmom zwi\u0119kszy\u0107 zasi\u0119g i skutecznie<\/p>\n","protected":false},"author":2332,"featured_media":4499,"parent":4979,"menu_order":0,"comment_status":"closed","ping_status":"closed","template":"","meta":{"_seopress_robots_primary_cat":"","_seopress_titles_title":"Marketing afiliacyjny: Strategie osi\u0105gania cyfrowych zysk\u00f3w %%sitetitle%%","_seopress_titles_desc":"Zwi\u0119ksz swoje cyfrowe przychody dzi\u0119ki marketingowi afiliacyjnemu, op\u0142acalnej strategii o ogromnym zasi\u0119gu i elastyczno\u015bci.","_seopress_robots_index":"","_crdt_document":"","_uag_custom_page_level_css":"","spectra_gs_classes":"","footnotes":""},"class_list":["post-4508","page","type-page","status-publish","has-post-thumbnail","hentry"],"spectra_custom_meta":{"_top_nav_excluded":[""],"_cms_nav_minihome":[""],"_thumbnail_id":["4499"],"_wp_page_template":[""],"_wpml_word_count":["{\"total\":520,\"to_translate\":{\"en\":520,\"de\":520}}"],"_last_translation_edit_mode":["translation-editor"],"_seopress_titles_title":["Marketing afiliacyjny: Strategie osi\u0105gania cyfrowych zysk\u00f3w %%sitetitle%%"],"_seopress_titles_desc":["Zwi\u0119ksz swoje cyfrowe przychody dzi\u0119ki marketingowi afiliacyjnemu, op\u0142acalnej strategii o ogromnym zasi\u0119gu i elastyczno\u015bci."],"_seopress_redirections_logged_status":["oba"],"_seopress_redirections_type":["301"],"_uagb_previous_block_counts":["a:90:{s:21:\"uagb\/advanced-heading\";i:0;s:15:\"uagb\/blockquote\";i:0;s:12:\"uagb\/buttons\";i:0;s:18:\"uagb\/buttons-child\";i:0;s:19:\"uagb\/call-to-action\";i:0;s:15:\"uagb\/cf7-styler\";i:0;s:11:\"uagb\/column\";i:0;s:12:\"uagb\/columns\";i:0;s:14:\"uagb\/container\";i:0;s:21:\"uagb\/content-timeline\";i:0;s:27:\"uagb\/content-timeline-child\";i:0;s:14:\"uagb\/countdown\";i:0;s:12:\"uagb\/counter\";i:0;s:8:\"uagb\/faq\";i:0;s:14:\"uagb\/faq-child\";i:0;s:10:\"uagb\/forms\";i:0;s:17:\"uagb\/forms-accept\";i:0;s:19:\"uagb\/forms-checkbox\";i:0;s:15:\"uagb\/forms-date\";i:0;s:16:\"uagb\/forms-email\";i:0;s:17:\"uagb\/forms-hidden\";i:0;s:15:\"uagb\/forms-name\";i:0;s:16:\"uagb\/forms-phone\";i:0;s:16:\"uagb\/forms-radio\";i:0;s:17:\"uagb\/forms-select\";i:0;s:19:\"uagb\/forms-textarea\";i:0;s:17:\"uagb\/forms-toggle\";i:0;s:14:\"uagb\/forms-url\";i:0;s:14:\"uagb\/gf-styler\";i:0;s:15:\"uagb\/google-map\";i:0;s:11:\"uagb\/how-to\";i:0;s:16:\"uagb\/how-to-step\";i:0;s:9:\"uagb\/icon\";i:0;s:14:\"uagb\/icon-list\";i:0;s:20:\"uagb\/icon-list-child\";i:0;s:10:\"uagb\/image\";i:0;s:18:\"uagb\/image-gallery\";i:0;s:13:\"uagb\/info-box\";i:0;s:18:\"uagb\/inline-notice\";i:0;s:11:\"uagb\/lottie\";i:0;s:21:\"uagb\/marketing-button\";i:0;s:10:\"uagb\/modal\";i:0;s:18:\"uagb\/popup-builder\";i:0;s:16:\"uagb\/post-button\";i:0;s:18:\"uagb\/post-carousel\";i:0;s:17:\"uagb\/post-excerpt\";i:0;s:14:\"uagb\/post-grid\";i:0;s:15:\"uagb\/post-image\";i:0;s:17:\"uagb\/post-masonry\";i:0;s:14:\"uagb\/post-meta\";i:0;s:18:\"uagb\/post-taxonomy\";i:0;s:18:\"uagb\/post-timeline\";i:0;s:15:\"uagb\/post-title\";i:0;s:20:\"uagb\/restaurant-menu\";i:0;s:26:\"uagb\/restaurant-menu-child\";i:0;s:11:\"uagb\/review\";i:0;s:12:\"uagb\/section\";i:0;s:14:\"uagb\/separator\";i:0;s:11:\"uagb\/slider\";i:0;s:17:\"uagb\/slider-child\";i:0;s:17:\"uagb\/social-share\";i:0;s:23:\"uagb\/social-share-child\";i:0;s:16:\"uagb\/star-rating\";i:0;s:23:\"uagb\/sure-cart-checkout\";i:0;s:22:\"uagb\/sure-cart-product\";i:0;s:15:\"uagb\/sure-forms\";i:0;s:22:\"uagb\/table-of-contents\";i:0;s:9:\"uagb\/tabs\";i:0;s:15:\"uagb\/tabs-child\";i:0;s:18:\"uagb\/taxonomy-list\";i:0;s:9:\"uagb\/team\";i:0;s:16:\"uagb\/testimonial\";i:0;s:14:\"uagb\/wp-search\";i:0;s:19:\"uagb\/instagram-feed\";i:0;s:10:\"uagb\/login\";i:0;s:17:\"uagb\/loop-builder\";i:0;s:18:\"uagb\/loop-category\";i:0;s:20:\"uagb\/loop-pagination\";i:0;s:15:\"uagb\/loop-reset\";i:0;s:16:\"uagb\/loop-search\";i:0;s:14:\"uagb\/loop-sort\";i:0;s:17:\"uagb\/loop-wrapper\";i:0;s:13:\"uagb\/register\";i:0;s:19:\"uagb\/register-email\";i:0;s:24:\"uagb\/register-first-name\";i:0;s:23:\"uagb\/register-last-name\";i:0;s:22:\"uagb\/register-password\";i:0;s:30:\"uagb\/register-reenter-password\";i:0;s:19:\"uagb\/register-terms\";i:0;s:22:\"uagb\/register-username\";i:0;}"],"_uag_page_assets":["a:9:{s:3:\"css\";s:263:\".uag-blocks-common-selector{z-index:var(--z-index-desktop) !important}@media (max-width: 976px){.uag-blocks-common-selector{z-index:var(--z-index-tablet) !important}}@media (max-width: 767px){.uag-blocks-common-selector{z-index:var(--z-index-mobile) !important}}\n\";s:2:\"js\";s:0:\"\";s:18:\"current_block_list\";a:5:{i:0;s:10:\"core\/image\";i:1;s:12:\"core\/heading\";i:2;s:14:\"core\/paragraph\";i:3;s:9:\"core\/list\";i:4;s:14:\"core\/list-item\";}s:8:\"uag_flag\";b:0;s:11:\"uag_version\";s:10:\"1775815218\";s:6:\"gfonts\";a:0:{}s:10:\"gfonts_url\";s:0:\"\";s:12:\"gfonts_files\";a:0:{}s:14:\"uag_faq_layout\";b:0;}"],"_uag_css_file_name":["uag-css-4508.css"]},"uagb_featured_image_src":{"full":["https:\/\/dlx-media.com\/wp-content\/uploads\/Affiliate-Marketing.jpeg",1792,1024,false],"thumbnail":["https:\/\/dlx-media.com\/wp-content\/uploads\/Affiliate-Marketing-250x250.jpeg",250,250,true],"medium":["https:\/\/dlx-media.com\/wp-content\/uploads\/Affiliate-Marketing-350x200.jpeg",350,200,true],"medium_large":["https:\/\/dlx-media.com\/wp-content\/uploads\/Affiliate-Marketing-768x439.jpeg",768,439,true],"large":["https:\/\/dlx-media.com\/wp-content\/uploads\/Affiliate-Marketing-1024x585.jpeg",1024,585,true],"1536x1536":["https:\/\/dlx-media.com\/wp-content\/uploads\/Affiliate-Marketing-1536x878.jpeg",1536,878,true],"2048x2048":["https:\/\/dlx-media.com\/wp-content\/uploads\/Affiliate-Marketing.jpeg",1792,1024,false],"suffice-thumbnail-grid":["https:\/\/dlx-media.com\/wp-content\/uploads\/Affiliate-Marketing-750x420.jpeg",750,420,true],"suffice-thumbnail-featured-one":["https:\/\/dlx-media.com\/wp-content\/uploads\/Affiliate-Marketing-295x525.jpeg",295,525,true],"suffice-thumbnail-featured-two":["https:\/\/dlx-media.com\/wp-content\/uploads\/Affiliate-Marketing-1140x504.jpeg",1140,504,true],"suffice-thumbnail-portfolio":["https:\/\/dlx-media.com\/wp-content\/uploads\/Affiliate-Marketing-572x552.jpeg",572,552,true],"suffice-thumbnail-portfolio-masonry":["https:\/\/dlx-media.com\/wp-content\/uploads\/Affiliate-Marketing-572x652.jpeg",572,652,true]},"uagb_author_info":{"display_name":"DLxMedia","author_link":"https:\/\/dlx-media.com\/pl"},"uagb_comment_info":0,"uagb_excerpt":"Marketing afiliacyjny: dynamiczny ekosystem cyfrowych zysk\u00f3w Marketing afiliacyjny to nie tylko metoda marketingu online; to wieloaspektowa strategia, kt\u00f3ra tworzy symbiotyczn\u0105 relacj\u0119 mi\u0119dzy firm\u0105 (sprzedawc\u0105 lub reklamodawc\u0105) a jej partnerami (afiliantami lub wydawcami). Partnerstwo to pozwala firmom zwi\u0119kszy\u0107 zasi\u0119g i skutecznie","_links":{"self":[{"href":"https:\/\/dlx-media.com\/pl\/wp-json\/wp\/v2\/pages\/4508","targetHints":{"allow":["GET"]}}],"collection":[{"href":"https:\/\/dlx-media.com\/pl\/wp-json\/wp\/v2\/pages"}],"about":[{"href":"https:\/\/dlx-media.com\/pl\/wp-json\/wp\/v2\/types\/page"}],"author":[{"embeddable":true,"href":"https:\/\/dlx-media.com\/pl\/wp-json\/wp\/v2\/users\/2332"}],"replies":[{"embeddable":true,"href":"https:\/\/dlx-media.com\/pl\/wp-json\/wp\/v2\/comments?post=4508"}],"version-history":[{"count":2,"href":"https:\/\/dlx-media.com\/pl\/wp-json\/wp\/v2\/pages\/4508\/revisions"}],"predecessor-version":[{"id":5323,"href":"https:\/\/dlx-media.com\/pl\/wp-json\/wp\/v2\/pages\/4508\/revisions\/5323"}],"up":[{"embeddable":true,"href":"https:\/\/dlx-media.com\/pl\/wp-json\/wp\/v2\/pages\/4979"}],"wp:featuredmedia":[{"embeddable":true,"href":"https:\/\/dlx-media.com\/pl\/wp-json\/wp\/v2\/media\/4499"}],"wp:attachment":[{"href":"https:\/\/dlx-media.com\/pl\/wp-json\/wp\/v2\/media?parent=4508"}],"curies":[{"name":"wp","href":"https:\/\/api.w.org\/{rel}","templated":true}]}}