{"id":4491,"date":"2024-04-24T20:07:06","date_gmt":"2024-04-24T18:07:06","guid":{"rendered":"https:\/\/www.dlx-media.com\/testy-a-b\/"},"modified":"2024-07-14T13:53:28","modified_gmt":"2024-07-14T11:53:28","slug":"testy-a-b","status":"publish","type":"page","link":"https:\/\/dlx-media.com\/pl\/slowniczek\/testy-a-b\/","title":{"rendered":"Testy A\/B"},"content":{"rendered":"<div class=\"wp-block-image\">\n<figure data-spectra-id=\"spectra-2b950b25-f077-46e7-b1bf-b823af4c4a73\" class=\"aligncenter size-full\"><img loading=\"lazy\" decoding=\"async\" width=\"1792\" height=\"1024\" src=\"https:\/\/dlx-media.com\/file\/A_B-Testing.jpeg\" alt=\"Testy A\/B na stronie internetowej\" class=\"wp-image-4485\" srcset=\"https:\/\/dlx-media.com\/wp-content\/uploads\/A_B-Testing.jpeg 1792w, https:\/\/dlx-media.com\/wp-content\/uploads\/A_B-Testing-350x200.jpeg 350w, https:\/\/dlx-media.com\/wp-content\/uploads\/A_B-Testing-1024x585.jpeg 1024w, https:\/\/dlx-media.com\/wp-content\/uploads\/A_B-Testing-768x439.jpeg 768w, https:\/\/dlx-media.com\/wp-content\/uploads\/A_B-Testing-1536x878.jpeg 1536w\" sizes=\"auto, (max-width: 1792px) 100vw, 1792px\" \/><\/figure>\n<\/div>\n<h3 class=\"wp-block-heading\">Klucz do zoptymalizowanej strony internetowej<\/h3>\n\n<p class=\"wp-block-paragraph\">Testy A\/B, znane r\u00f3wnie\u017c jako split testy, to rewolucyjna metoda naukowa, kt\u00f3ra stanowi podstaw\u0119 dzisiejszych strategii marketingu cyfrowego. Metoda ta nie tylko pozwala firmom testowa\u0107 subtelne zmiany w ich ofercie online, ale tak\u017ce otwiera drzwi do dog\u0142\u0119bnego wgl\u0105du w to, jak najmniejsze zmiany mog\u0105 wp\u0142ywa\u0107 na interakcj\u0119 u\u017cytkownika.<\/p>\n\n<h4 class=\"wp-block-heading\">Istota test\u00f3w A\/B<\/h4>\n\n<p class=\"wp-block-paragraph\">Zasada test\u00f3w A\/B jest prosta, ale ich efekty s\u0105 ogromne. Sercem tego procesu jest eksperymentalne podej\u015bcie, w kt\u00f3rym por\u00f3wnywane s\u0105 dwie wersje strony internetowej lub innego zasobu cyfrowego &#8211; wersja A i wersja B. S\u0105 one prezentowane losowo wybranej, ale statystycznie odpowiedniej grupie docelowej. Po\u0142owa grupy docelowej otrzymuje dost\u0119p do wersji A, a druga po\u0142owa do wersji B. Najnowocze\u015bniejsze narz\u0119dzia \u015bledz\u0105ce i oprogramowanie analityczne s\u0105 nast\u0119pnie wykorzystywane do pomiaru reakcji r\u00f3\u017cnych grup na poszczeg\u00f3lne wersje.<\/p>\n\n<h4 class=\"wp-block-heading\">Co mo\u017cna przetestowa\u0107?<\/h4>\n\n<p class=\"wp-block-paragraph\">Praktycznie ka\u017cdy element strony internetowej lub aplikacji mo\u017ce by\u0107 analizowany za pomoc\u0105 test\u00f3w A\/B. Obejmuj\u0105 one:<\/p>\n\n<ul class=\"wp-block-list\">\n<li><strong>Nag\u0142\u00f3wki i podtytu\u0142y<\/strong>: Zmiany w sformu\u0142owaniach mog\u0105 znacz\u0105co wp\u0142yn\u0105\u0107 na uwag\u0119 i zainteresowanie u\u017cytkownik\u00f3w.<\/li>\n\n\n\n<li><strong>Grafika i obrazy<\/strong>: Elementy wizualne odgrywaj\u0105 decyduj\u0105c\u0105 rol\u0119 w prowadzeniu u\u017cytkownika i mog\u0105 znacznie zwi\u0119kszy\u0107 zaanga\u017cowanie.<\/li>\n\n\n\n<li><strong>Przyciski wezwania do dzia\u0142ania<\/strong>: R\u00f3\u017cnice w kolorze, kszta\u0142cie lub tek\u015bcie tych przycisk\u00f3w mog\u0105 skutkowa\u0107 r\u00f3\u017cnymi wsp\u00f3\u0142czynnikami konwersji.<\/li>\n\n\n\n<li><strong>Uk\u0142ad i struktura strony<\/strong> internetowej: R\u00f3\u017cne uk\u0142ady i projekty mog\u0105 znacznie zmieni\u0107 \u0142atwo\u015b\u0107 obs\u0142ugi, a tym samym zadowolenie u\u017cytkownik\u00f3w.<\/li>\n<\/ul>\n\n<h4 class=\"wp-block-heading\">Dlaczego testy A\/B s\u0105 tak wa\u017cne?<\/h4>\n\n<p class=\"wp-block-paragraph\">Testy A\/B przekszta\u0142caj\u0105 subiektywne decyzje w obiektywne strategie oparte na danych. Umo\u017cliwia to marketerom i projektantom dzia\u0142anie w oparciu o solidne dane, a nie domys\u0142y. Udany test A\/B mo\u017ce zapewni\u0107 wgl\u0105d w to, kt\u00f3re elementy s\u0105 najskuteczniejsze we wspieraniu cel\u00f3w strony internetowej, niezale\u017cnie od tego, czy chodzi o popraw\u0119 wsp\u00f3\u0142czynnik\u00f3w konwersji, zwi\u0119kszenie interakcji u\u017cytkownik\u00f3w czy zwi\u0119kszenie sprzeda\u017cy.<\/p>\n\n<h4 class=\"wp-block-heading\">Wdro\u017cenie testu A\/B<\/h4>\n\n<p class=\"wp-block-paragraph\">Przeprowadzenie skutecznego testu A\/B wymaga precyzyjnego zaplanowania i wdro\u017cenia. Oto kilka krok\u00f3w, kt\u00f3re pomog\u0105 zoptymalizowa\u0107 ten proces:<\/p>\n\n<ol class=\"wp-block-list\">\n<li><strong>Cel<\/strong>: Jasno okre\u015bl, jaki jest cel testu A\/B. Chcesz poprawi\u0107 wsp\u00f3\u0142czynnik konwersji, zmniejszy\u0107 wsp\u00f3\u0142czynnik odrzuce\u0144 lub wyd\u0142u\u017cy\u0107 \u015bredni czas sp\u0119dzony na stronie?<\/li>\n\n\n\n<li><strong>Stawianie hipotez<\/strong>: Opracowanie hipotezy na temat tego, co mo\u017cna zmieni\u0107 i jak mo\u017ce to wp\u0142yn\u0105\u0107 na interakcj\u0119 u\u017cytkownika.<\/li>\n\n\n\n<li><strong>Tworzenie wariant\u00f3w<\/strong>: Utw\u00f3rz dwie lub wi\u0119cej wersji testowanego elementu.<\/li>\n\n\n\n<li><strong>Wdro\u017cenie testu<\/strong>: Wdro\u017cenie testu z wystarczaj\u0105c\u0105 liczb\u0105 u\u017cytkownik\u00f3w, aby zapewni\u0107 statystycznie istotne wyniki.<\/li>\n\n\n\n<li><strong>Analiza<\/strong> danych: Dok\u0142adnie przeanalizuj dane, aby sprawdzi\u0107, kt\u00f3ra wersja dzia\u0142a lepiej.<\/li>\n\n\n\n<li><strong>Wdro\u017cenie i optymalizacja<\/strong>: Wdro\u017cenie lepszej wersji i zaplanowanie dalszych test\u00f3w w celu osi\u0105gni\u0119cia dalszych ulepsze\u0144.<\/li>\n<\/ol>\n\n<h4 class=\"wp-block-heading\">Podsumowanie: Niezb\u0119dne narz\u0119dzie cyfrowego sukcesu<\/h4>\n\n<p class=\"wp-block-paragraph\">Testy A\/B to co\u015b wi\u0119cej ni\u017c tylko narz\u0119dzie; to filozofia, kt\u00f3rej celem jest nauka i rozw\u00f3j poprzez ci\u0105g\u0142e doskonalenie i innowacje. Dla marketer\u00f3w cyfrowych i projektant\u00f3w UX testy A\/B oferuj\u0105 niezr\u00f3wnan\u0105 mo\u017cliwo\u015b\u0107 udoskonalenia ich pracy i maksymalizacji interakcji na ich platformach. Dzi\u0119ki starannemu planowaniu i precyzyjnej realizacji, testy A\/B mog\u0105 stanowi\u0107 r\u00f3\u017cnic\u0119 mi\u0119dzy dobr\u0105 obecno\u015bci\u0105 cyfrow\u0105 a \u015bwietn\u0105, zapewniaj\u0105c, \u017ce ka\u017cda decyzja opiera si\u0119 na solidnych, opartych na danych fundamentach.<\/p>\n","protected":false},"excerpt":{"rendered":"<p>Klucz do zoptymalizowanej strony internetowej Testy A\/B, znane r\u00f3wnie\u017c jako split testy, to rewolucyjna metoda naukowa, kt\u00f3ra stanowi podstaw\u0119 dzisiejszych strategii marketingu cyfrowego. Metoda ta nie tylko pozwala firmom testowa\u0107 subtelne zmiany w ich ofercie online, ale tak\u017ce otwiera drzwi<\/p>\n","protected":false},"author":2332,"featured_media":4487,"parent":4979,"menu_order":0,"comment_status":"closed","ping_status":"closed","template":"","meta":{"_seopress_robots_primary_cat":"","_seopress_titles_title":"Testy A\/B: klucz do zoptymalizowanej strony internetowej %%sitetitle%%","_seopress_titles_desc":"Dowiedz si\u0119, jak testy A\/B mog\u0105 zrewolucjonizowa\u0107 Twoje strategie cyfrowe i prowadzi\u0107 do wniosk\u00f3w opartych na danych. Optymalizuj teraz!","_seopress_robots_index":"","_crdt_document":"","_uag_custom_page_level_css":"","spectra_gs_classes":"","footnotes":""},"class_list":["post-4491","page","type-page","status-publish","has-post-thumbnail","hentry"],"spectra_custom_meta":{"_top_nav_excluded":[""],"_cms_nav_minihome":[""],"_thumbnail_id":["4487"],"_wp_page_template":[""],"_wpml_word_count":["{\"total\":511,\"to_translate\":{\"en\":511,\"de\":511}}"],"_last_translation_edit_mode":["translation-editor"],"_seopress_titles_title":["Testy A\/B: klucz do zoptymalizowanej strony internetowej %%sitetitle%%"],"_seopress_titles_desc":["Dowiedz si\u0119, jak testy A\/B mog\u0105 zrewolucjonizowa\u0107 Twoje strategie cyfrowe i prowadzi\u0107 do wniosk\u00f3w opartych na danych. Optymalizuj teraz!"],"_seopress_redirections_logged_status":["oba"],"_seopress_redirections_type":["301"],"_uagb_previous_block_counts":["a:90:{s:21:\"uagb\/advanced-heading\";i:0;s:15:\"uagb\/blockquote\";i:0;s:12:\"uagb\/buttons\";i:0;s:18:\"uagb\/buttons-child\";i:0;s:19:\"uagb\/call-to-action\";i:0;s:15:\"uagb\/cf7-styler\";i:0;s:11:\"uagb\/column\";i:0;s:12:\"uagb\/columns\";i:0;s:14:\"uagb\/container\";i:0;s:21:\"uagb\/content-timeline\";i:0;s:27:\"uagb\/content-timeline-child\";i:0;s:14:\"uagb\/countdown\";i:0;s:12:\"uagb\/counter\";i:0;s:8:\"uagb\/faq\";i:0;s:14:\"uagb\/faq-child\";i:0;s:10:\"uagb\/forms\";i:0;s:17:\"uagb\/forms-accept\";i:0;s:19:\"uagb\/forms-checkbox\";i:0;s:15:\"uagb\/forms-date\";i:0;s:16:\"uagb\/forms-email\";i:0;s:17:\"uagb\/forms-hidden\";i:0;s:15:\"uagb\/forms-name\";i:0;s:16:\"uagb\/forms-phone\";i:0;s:16:\"uagb\/forms-radio\";i:0;s:17:\"uagb\/forms-select\";i:0;s:19:\"uagb\/forms-textarea\";i:0;s:17:\"uagb\/forms-toggle\";i:0;s:14:\"uagb\/forms-url\";i:0;s:14:\"uagb\/gf-styler\";i:0;s:15:\"uagb\/google-map\";i:0;s:11:\"uagb\/how-to\";i:0;s:16:\"uagb\/how-to-step\";i:0;s:9:\"uagb\/icon\";i:0;s:14:\"uagb\/icon-list\";i:0;s:20:\"uagb\/icon-list-child\";i:0;s:10:\"uagb\/image\";i:0;s:18:\"uagb\/image-gallery\";i:0;s:13:\"uagb\/info-box\";i:0;s:18:\"uagb\/inline-notice\";i:0;s:11:\"uagb\/lottie\";i:0;s:21:\"uagb\/marketing-button\";i:0;s:10:\"uagb\/modal\";i:0;s:18:\"uagb\/popup-builder\";i:0;s:16:\"uagb\/post-button\";i:0;s:18:\"uagb\/post-carousel\";i:0;s:17:\"uagb\/post-excerpt\";i:0;s:14:\"uagb\/post-grid\";i:0;s:15:\"uagb\/post-image\";i:0;s:17:\"uagb\/post-masonry\";i:0;s:14:\"uagb\/post-meta\";i:0;s:18:\"uagb\/post-taxonomy\";i:0;s:18:\"uagb\/post-timeline\";i:0;s:15:\"uagb\/post-title\";i:0;s:20:\"uagb\/restaurant-menu\";i:0;s:26:\"uagb\/restaurant-menu-child\";i:0;s:11:\"uagb\/review\";i:0;s:12:\"uagb\/section\";i:0;s:14:\"uagb\/separator\";i:0;s:11:\"uagb\/slider\";i:0;s:17:\"uagb\/slider-child\";i:0;s:17:\"uagb\/social-share\";i:0;s:23:\"uagb\/social-share-child\";i:0;s:16:\"uagb\/star-rating\";i:0;s:23:\"uagb\/sure-cart-checkout\";i:0;s:22:\"uagb\/sure-cart-product\";i:0;s:15:\"uagb\/sure-forms\";i:0;s:22:\"uagb\/table-of-contents\";i:0;s:9:\"uagb\/tabs\";i:0;s:15:\"uagb\/tabs-child\";i:0;s:18:\"uagb\/taxonomy-list\";i:0;s:9:\"uagb\/team\";i:0;s:16:\"uagb\/testimonial\";i:0;s:14:\"uagb\/wp-search\";i:0;s:19:\"uagb\/instagram-feed\";i:0;s:10:\"uagb\/login\";i:0;s:17:\"uagb\/loop-builder\";i:0;s:18:\"uagb\/loop-category\";i:0;s:20:\"uagb\/loop-pagination\";i:0;s:15:\"uagb\/loop-reset\";i:0;s:16:\"uagb\/loop-search\";i:0;s:14:\"uagb\/loop-sort\";i:0;s:17:\"uagb\/loop-wrapper\";i:0;s:13:\"uagb\/register\";i:0;s:19:\"uagb\/register-email\";i:0;s:24:\"uagb\/register-first-name\";i:0;s:23:\"uagb\/register-last-name\";i:0;s:22:\"uagb\/register-password\";i:0;s:30:\"uagb\/register-reenter-password\";i:0;s:19:\"uagb\/register-terms\";i:0;s:22:\"uagb\/register-username\";i:0;}"],"_uag_page_assets":["a:9:{s:3:\"css\";s:263:\".uag-blocks-common-selector{z-index:var(--z-index-desktop) !important}@media (max-width: 976px){.uag-blocks-common-selector{z-index:var(--z-index-tablet) !important}}@media (max-width: 767px){.uag-blocks-common-selector{z-index:var(--z-index-mobile) !important}}\n\";s:2:\"js\";s:0:\"\";s:18:\"current_block_list\";a:5:{i:0;s:10:\"core\/image\";i:1;s:12:\"core\/heading\";i:2;s:14:\"core\/paragraph\";i:3;s:9:\"core\/list\";i:4;s:14:\"core\/list-item\";}s:8:\"uag_flag\";b:0;s:11:\"uag_version\";s:10:\"1775815218\";s:6:\"gfonts\";a:0:{}s:10:\"gfonts_url\";s:0:\"\";s:12:\"gfonts_files\";a:0:{}s:14:\"uag_faq_layout\";b:0;}"],"_uag_css_file_name":["uag-css-4491.css"]},"uagb_featured_image_src":{"full":["https:\/\/dlx-media.com\/wp-content\/uploads\/A_B-Testing.jpeg",1792,1024,false],"thumbnail":["https:\/\/dlx-media.com\/wp-content\/uploads\/A_B-Testing-250x250.jpeg",250,250,true],"medium":["https:\/\/dlx-media.com\/wp-content\/uploads\/A_B-Testing-350x200.jpeg",350,200,true],"medium_large":["https:\/\/dlx-media.com\/wp-content\/uploads\/A_B-Testing-768x439.jpeg",768,439,true],"large":["https:\/\/dlx-media.com\/wp-content\/uploads\/A_B-Testing-1024x585.jpeg",1024,585,true],"1536x1536":["https:\/\/dlx-media.com\/wp-content\/uploads\/A_B-Testing-1536x878.jpeg",1536,878,true],"2048x2048":["https:\/\/dlx-media.com\/wp-content\/uploads\/A_B-Testing.jpeg",1792,1024,false],"suffice-thumbnail-grid":["https:\/\/dlx-media.com\/wp-content\/uploads\/A_B-Testing-750x420.jpeg",750,420,true],"suffice-thumbnail-featured-one":["https:\/\/dlx-media.com\/wp-content\/uploads\/A_B-Testing-295x525.jpeg",295,525,true],"suffice-thumbnail-featured-two":["https:\/\/dlx-media.com\/wp-content\/uploads\/A_B-Testing-1140x504.jpeg",1140,504,true],"suffice-thumbnail-portfolio":["https:\/\/dlx-media.com\/wp-content\/uploads\/A_B-Testing-572x552.jpeg",572,552,true],"suffice-thumbnail-portfolio-masonry":["https:\/\/dlx-media.com\/wp-content\/uploads\/A_B-Testing-572x652.jpeg",572,652,true]},"uagb_author_info":{"display_name":"DLxMedia","author_link":"https:\/\/dlx-media.com\/pl"},"uagb_comment_info":0,"uagb_excerpt":"Klucz do zoptymalizowanej strony internetowej Testy A\/B, znane r\u00f3wnie\u017c jako split testy, to rewolucyjna metoda naukowa, kt\u00f3ra stanowi podstaw\u0119 dzisiejszych strategii marketingu cyfrowego. Metoda ta nie tylko pozwala firmom testowa\u0107 subtelne zmiany w ich ofercie online, ale tak\u017ce otwiera drzwi","_links":{"self":[{"href":"https:\/\/dlx-media.com\/pl\/wp-json\/wp\/v2\/pages\/4491","targetHints":{"allow":["GET"]}}],"collection":[{"href":"https:\/\/dlx-media.com\/pl\/wp-json\/wp\/v2\/pages"}],"about":[{"href":"https:\/\/dlx-media.com\/pl\/wp-json\/wp\/v2\/types\/page"}],"author":[{"embeddable":true,"href":"https:\/\/dlx-media.com\/pl\/wp-json\/wp\/v2\/users\/2332"}],"replies":[{"embeddable":true,"href":"https:\/\/dlx-media.com\/pl\/wp-json\/wp\/v2\/comments?post=4491"}],"version-history":[{"count":3,"href":"https:\/\/dlx-media.com\/pl\/wp-json\/wp\/v2\/pages\/4491\/revisions"}],"predecessor-version":[{"id":5319,"href":"https:\/\/dlx-media.com\/pl\/wp-json\/wp\/v2\/pages\/4491\/revisions\/5319"}],"up":[{"embeddable":true,"href":"https:\/\/dlx-media.com\/pl\/wp-json\/wp\/v2\/pages\/4979"}],"wp:featuredmedia":[{"embeddable":true,"href":"https:\/\/dlx-media.com\/pl\/wp-json\/wp\/v2\/media\/4487"}],"wp:attachment":[{"href":"https:\/\/dlx-media.com\/pl\/wp-json\/wp\/v2\/media?parent=4491"}],"curies":[{"name":"wp","href":"https:\/\/api.w.org\/{rel}","templated":true}]}}