{"id":4464,"date":"2024-04-24T19:53:12","date_gmt":"2024-04-24T17:53:12","guid":{"rendered":"https:\/\/www.dlx-media.com\/blad-404\/"},"modified":"2024-07-14T13:53:28","modified_gmt":"2024-07-14T11:53:28","slug":"blad-404","status":"publish","type":"page","link":"https:\/\/dlx-media.com\/pl\/slowniczek\/blad-404\/","title":{"rendered":"B\u0142\u0105d 404"},"content":{"rendered":"<div class=\"wp-block-image\">\n<figure data-spectra-id=\"spectra-a8ba9eb3-1d8b-4b81-a662-b34c7de8a8cd\" class=\"aligncenter size-full\"><img loading=\"lazy\" decoding=\"async\" width=\"1792\" height=\"1024\" src=\"https:\/\/dlx-media.com\/file\/404-Not-Found.jpeg\" alt=\"Strona b&#x142;&#x119;du 404\" class=\"wp-image-4454\" srcset=\"https:\/\/dlx-media.com\/wp-content\/uploads\/404-Not-Found.jpeg 1792w, https:\/\/dlx-media.com\/wp-content\/uploads\/404-Not-Found-350x200.jpeg 350w, https:\/\/dlx-media.com\/wp-content\/uploads\/404-Not-Found-1024x585.jpeg 1024w, https:\/\/dlx-media.com\/wp-content\/uploads\/404-Not-Found-768x439.jpeg 768w, https:\/\/dlx-media.com\/wp-content\/uploads\/404-Not-Found-1536x878.jpeg 1536w\" sizes=\"auto, (max-width: 1792px) 100vw, 1792px\" \/><\/figure>\n<\/div>\n<h3 class=\"wp-block-heading\">Kompleksowe zrozumienie i strategie naprawcze<\/h3>\n\n<p class=\"wp-block-paragraph\">B\u0142\u0105d 404 to powszechny, ale cz\u0119sto \u017ale rozumiany kod statusu HTTP, kt\u00f3ry jest kluczowym elementem interakcji mi\u0119dzy przegl\u0105darkami internetowymi a serwerami. Ten b\u0142\u0105d, oficjalnie znany jako &#8222;HTTP 404 Not Found&#8221;, odgrywa kluczow\u0105 rol\u0119 w komunikacji online i ma bezpo\u015bredni wp\u0142yw zar\u00f3wno na wra\u017cenia u\u017cytkownika, jak i optymalizacj\u0119 witryny pod k\u0105tem wyszukiwarek (SEO).<\/p>\n\n<p class=\"wp-block-paragraph\">B\u0142\u0105d 404 to znacznie wi\u0119cej ni\u017c zwyk\u0142a irytacja u\u017cytkownik\u00f3w Internetu &#8211; to kluczowy sygna\u0142 w \u015bwiecie sieci, wskazuj\u0105cy, \u017ce co\u015b jest nie na miejscu w nawigacji cyfrowej. Rozumiany jako b\u0142\u0105d &#8222;nie znaleziono&#8221; w j\u0119zyku Hypertext Transfer Protocol (HTTP), kod statusu 404 jest uniwersalnym komunikatem wysy\u0142anym przez serwery internetowe w celu wyja\u015bnienia, \u017ce \u017c\u0105dany zas\u00f3b cyfrowy nie mo\u017ce zosta\u0107 znaleziony.<\/p>\n\n<h4 class=\"wp-block-heading\">Czym dok\u0142adnie jest b\u0142\u0105d 404?<\/h4>\n\n<p class=\"wp-block-paragraph\">W czelu\u015bciach Internetu, gdzie miliardy stron internetowych konkuruj\u0105 o uwag\u0119 u\u017cytkownik\u00f3w, b\u0142\u0105d 404 s\u0142u\u017cy jako krytyczny drogowskaz wskazuj\u0105cy, \u017ce dana \u015bcie\u017cka nie prowadzi do prawid\u0142owego adresu. Zwykle dzieje si\u0119 tak, gdy u\u017cytkownik wprowadza adres URL do przegl\u0105darki lub klika link, kt\u00f3ry ma prowadzi\u0107 do strony, kt\u00f3ra zosta\u0142a przeniesiona, zmieniona lub usuni\u0119ta bez odpowiedniej aktualizacji adresu URL.<\/p>\n\n<h4 class=\"wp-block-heading\">Przyczyny b\u0142\u0119du 404<\/h4>\n\n<p class=\"wp-block-paragraph\">Przyczyny wyst\u0105pienia b\u0142\u0119du 404 s\u0105 zr\u00f3\u017cnicowane i odkrywcze, odzwierciedlaj\u0105c dynamiczny charakter tre\u015bci internetowych:<\/p>\n\n<ol class=\"wp-block-list\">\n<li><strong>Nieaktualne linki<\/strong>: Gdy strony internetowe s\u0105 aktualizowane lub zmienia si\u0119 ich struktura, stare adresy URL cz\u0119sto nie s\u0105 ju\u017c u\u017cywane. Bez odpowiedniego przekierowania prowadz\u0105 one donik\u0105d.<\/li>\n\n\n\n<li><strong>B\u0142\u0105d literowy w adresie URL<\/strong>: Prosty b\u0142\u0105d w linii adresu przegl\u0105darki mo\u017ce spowodowa\u0107, \u017ce serwer nie b\u0119dzie w stanie znale\u017a\u0107 \u017c\u0105danej strony.<\/li>\n\n\n\n<li><strong>Usuni\u0119ta zawarto\u015b\u0107<\/strong>: W niekt\u00f3rych przypadkach zas\u00f3b jest celowo usuwany przez webmastera, czy to z powodu nieaktualnych informacji, czy z powod\u00f3w prawnych.<\/li>\n<\/ol>\n\n<h4 class=\"wp-block-heading\">Wi\u0119cej ni\u017c tylko b\u0142\u0105d: szanse na b\u0142\u0105d 404<\/h4>\n\n<p class=\"wp-block-paragraph\">B\u0142\u0105d 404 zapewnia r\u00f3wnie\u017c wyj\u0105tkow\u0105 okazj\u0119 do optymalizacji do\u015bwiadczenia u\u017cytkownika na stronie internetowej. Zamiast rozczarowywa\u0107 odwiedzaj\u0105cych standardowym komunikatem o b\u0142\u0119dzie, wielu kreatywnych projektant\u00f3w stron internetowych i mened\u017cer\u00f3w tre\u015bci wykorzystuje ten b\u0142\u0105d jako okazj\u0119:<\/p>\n\n<ul class=\"wp-block-list\">\n<li><strong>Lepsze wskaz\u00f3wki dla u\u017cytkownik\u00f3w<\/strong>: Dobrze zaprojektowana strona 404 mo\u017ce przywr\u00f3ci\u0107 u\u017cytkownik\u00f3w na w\u0142a\u015bciwe tory dzi\u0119ki humorystycznym wiadomo\u015bciom, pomocnym linkom do innych cz\u0119\u015bci witryny lub paskowi wyszukiwania.<\/li>\n\n\n\n<li><strong>Wzmocnienie lojalno\u015bci wobec marki<\/strong>: Oryginalny i atrakcyjny wygl\u0105d strony 404 mo\u017ce mie\u0107 pozytywny wp\u0142yw na postrzeganie marki i pokazuje, \u017ce firma zwraca uwag\u0119 na do\u015bwiadczenie u\u017cytkownika nawet w sytuacjach b\u0142\u0119d\u00f3w.<\/li>\n\n\n\n<li><strong>Analiza i optymalizacja<\/strong>: monitoruj\u0105c, kt\u00f3re b\u0142\u0119dy 404 wyst\u0119puj\u0105 najcz\u0119\u015bciej, webmasterzy mog\u0105 zrozumie\u0107, gdzie u\u017cytkownicy maj\u0105 najwi\u0119cej problem\u00f3w i wprowadzi\u0107 ukierunkowane ulepszenia.<\/li>\n<\/ul>\n\n<h4 class=\"wp-block-heading\">Podsumowanie: Transformacyjna moc b\u0142\u0119du 404<\/h4>\n\n<p class=\"wp-block-paragraph\">B\u0142\u0105d 404, cho\u0107 cz\u0119sto postrzegany jako koniec wyszukiwania, w rzeczywisto\u015bci oznacza pocz\u0105tek mo\u017cliwo\u015bci optymalizacji i innowacji w cyfrowym krajobrazie. Jest to nie tylko wska\u017anik problem\u00f3w, ale tak\u017ce trampolina do ulepsze\u0144 w strukturze i strategii stron internetowych. Dzi\u0119ki efektywnemu wykorzystaniu stron 404 webmasterzy i tw\u00f3rcy tre\u015bci mog\u0105 stworzy\u0107 bardziej solidn\u0105, przyjazn\u0105 dla u\u017cytkownika i anga\u017cuj\u0105c\u0105 obecno\u015b\u0107 w sieci. Prawid\u0142owa obs\u0142uga i kreatywna implementacja 404 mo\u017ce zatem paradoksalnie przyczyni\u0107 si\u0119 do mniej frustruj\u0105cego Internetu i wzbogaci\u0107 cyfrow\u0105 podr\u00f3\u017c dla wszystkich u\u017cytkownik\u00f3w Internetu.<\/p>\n","protected":false},"excerpt":{"rendered":"<p>Kompleksowe zrozumienie i strategie naprawcze B\u0142\u0105d 404 to powszechny, ale cz\u0119sto \u017ale rozumiany kod statusu HTTP, kt\u00f3ry jest kluczowym elementem interakcji mi\u0119dzy przegl\u0105darkami internetowymi a serwerami. Ten b\u0142\u0105d, oficjalnie znany jako &#8222;HTTP 404 Not Found&#8221;, odgrywa kluczow\u0105 rol\u0119 w komunikacji<\/p>\n","protected":false},"author":2332,"featured_media":4456,"parent":4979,"menu_order":0,"comment_status":"closed","ping_status":"closed","template":"","meta":{"_seopress_robots_primary_cat":"","_seopress_titles_title":"404 Not Found - zawsze z\u0142e dla SEO? %%sep%% %%sitetitle%%","_seopress_titles_desc":"Odkryj znaczenie b\u0142\u0119du 404 i dowiedz si\u0119, jak mo\u017ce on poprawi\u0107 wra\u017cenia u\u017cytkownika i SEO. Optymalne strategie dla webmaster\u00f3w.","_seopress_robots_index":"","_crdt_document":"","_uag_custom_page_level_css":"","spectra_gs_classes":"","footnotes":""},"class_list":["post-4464","page","type-page","status-publish","has-post-thumbnail","hentry"],"spectra_custom_meta":{"_top_nav_excluded":[""],"_cms_nav_minihome":[""],"_thumbnail_id":["4456"],"_wp_page_template":[""],"_wpml_word_count":["{\"total\":498,\"to_translate\":{\"en\":498,\"de\":498}}"],"_last_translation_edit_mode":["translation-editor"],"_seopress_titles_title":["404 Not Found - zawsze z\u0142e dla SEO? %%sep%% %%sitetitle%%"],"_seopress_titles_desc":["Odkryj znaczenie b\u0142\u0119du 404 i dowiedz si\u0119, jak mo\u017ce on poprawi\u0107 wra\u017cenia u\u017cytkownika i SEO. Optymalne strategie dla webmaster\u00f3w."],"_seopress_redirections_logged_status":["oba"],"_seopress_redirections_type":["301"],"_uagb_previous_block_counts":["a:90:{s:21:\"uagb\/advanced-heading\";i:0;s:15:\"uagb\/blockquote\";i:0;s:12:\"uagb\/buttons\";i:0;s:18:\"uagb\/buttons-child\";i:0;s:19:\"uagb\/call-to-action\";i:0;s:15:\"uagb\/cf7-styler\";i:0;s:11:\"uagb\/column\";i:0;s:12:\"uagb\/columns\";i:0;s:14:\"uagb\/container\";i:0;s:21:\"uagb\/content-timeline\";i:0;s:27:\"uagb\/content-timeline-child\";i:0;s:14:\"uagb\/countdown\";i:0;s:12:\"uagb\/counter\";i:0;s:8:\"uagb\/faq\";i:0;s:14:\"uagb\/faq-child\";i:0;s:10:\"uagb\/forms\";i:0;s:17:\"uagb\/forms-accept\";i:0;s:19:\"uagb\/forms-checkbox\";i:0;s:15:\"uagb\/forms-date\";i:0;s:16:\"uagb\/forms-email\";i:0;s:17:\"uagb\/forms-hidden\";i:0;s:15:\"uagb\/forms-name\";i:0;s:16:\"uagb\/forms-phone\";i:0;s:16:\"uagb\/forms-radio\";i:0;s:17:\"uagb\/forms-select\";i:0;s:19:\"uagb\/forms-textarea\";i:0;s:17:\"uagb\/forms-toggle\";i:0;s:14:\"uagb\/forms-url\";i:0;s:14:\"uagb\/gf-styler\";i:0;s:15:\"uagb\/google-map\";i:0;s:11:\"uagb\/how-to\";i:0;s:16:\"uagb\/how-to-step\";i:0;s:9:\"uagb\/icon\";i:0;s:14:\"uagb\/icon-list\";i:0;s:20:\"uagb\/icon-list-child\";i:0;s:10:\"uagb\/image\";i:0;s:18:\"uagb\/image-gallery\";i:0;s:13:\"uagb\/info-box\";i:0;s:18:\"uagb\/inline-notice\";i:0;s:11:\"uagb\/lottie\";i:0;s:21:\"uagb\/marketing-button\";i:0;s:10:\"uagb\/modal\";i:0;s:18:\"uagb\/popup-builder\";i:0;s:16:\"uagb\/post-button\";i:0;s:18:\"uagb\/post-carousel\";i:0;s:17:\"uagb\/post-excerpt\";i:0;s:14:\"uagb\/post-grid\";i:0;s:15:\"uagb\/post-image\";i:0;s:17:\"uagb\/post-masonry\";i:0;s:14:\"uagb\/post-meta\";i:0;s:18:\"uagb\/post-taxonomy\";i:0;s:18:\"uagb\/post-timeline\";i:0;s:15:\"uagb\/post-title\";i:0;s:20:\"uagb\/restaurant-menu\";i:0;s:26:\"uagb\/restaurant-menu-child\";i:0;s:11:\"uagb\/review\";i:0;s:12:\"uagb\/section\";i:0;s:14:\"uagb\/separator\";i:0;s:11:\"uagb\/slider\";i:0;s:17:\"uagb\/slider-child\";i:0;s:17:\"uagb\/social-share\";i:0;s:23:\"uagb\/social-share-child\";i:0;s:16:\"uagb\/star-rating\";i:0;s:23:\"uagb\/sure-cart-checkout\";i:0;s:22:\"uagb\/sure-cart-product\";i:0;s:15:\"uagb\/sure-forms\";i:0;s:22:\"uagb\/table-of-contents\";i:0;s:9:\"uagb\/tabs\";i:0;s:15:\"uagb\/tabs-child\";i:0;s:18:\"uagb\/taxonomy-list\";i:0;s:9:\"uagb\/team\";i:0;s:16:\"uagb\/testimonial\";i:0;s:14:\"uagb\/wp-search\";i:0;s:19:\"uagb\/instagram-feed\";i:0;s:10:\"uagb\/login\";i:0;s:17:\"uagb\/loop-builder\";i:0;s:18:\"uagb\/loop-category\";i:0;s:20:\"uagb\/loop-pagination\";i:0;s:15:\"uagb\/loop-reset\";i:0;s:16:\"uagb\/loop-search\";i:0;s:14:\"uagb\/loop-sort\";i:0;s:17:\"uagb\/loop-wrapper\";i:0;s:13:\"uagb\/register\";i:0;s:19:\"uagb\/register-email\";i:0;s:24:\"uagb\/register-first-name\";i:0;s:23:\"uagb\/register-last-name\";i:0;s:22:\"uagb\/register-password\";i:0;s:30:\"uagb\/register-reenter-password\";i:0;s:19:\"uagb\/register-terms\";i:0;s:22:\"uagb\/register-username\";i:0;}"],"_uag_page_assets":["a:9:{s:3:\"css\";s:263:\".uag-blocks-common-selector{z-index:var(--z-index-desktop) !important}@media (max-width: 976px){.uag-blocks-common-selector{z-index:var(--z-index-tablet) !important}}@media (max-width: 767px){.uag-blocks-common-selector{z-index:var(--z-index-mobile) !important}}\n\";s:2:\"js\";s:0:\"\";s:18:\"current_block_list\";a:5:{i:0;s:10:\"core\/image\";i:1;s:12:\"core\/heading\";i:2;s:14:\"core\/paragraph\";i:3;s:9:\"core\/list\";i:4;s:14:\"core\/list-item\";}s:8:\"uag_flag\";b:0;s:11:\"uag_version\";s:10:\"1776768691\";s:6:\"gfonts\";a:0:{}s:10:\"gfonts_url\";s:0:\"\";s:12:\"gfonts_files\";a:0:{}s:14:\"uag_faq_layout\";b:0;}"],"_uag_css_file_name":["uag-css-4464.css"]},"uagb_featured_image_src":{"full":["https:\/\/dlx-media.com\/wp-content\/uploads\/404-Not-Found.jpeg",1792,1024,false],"thumbnail":["https:\/\/dlx-media.com\/wp-content\/uploads\/404-Not-Found-250x250.jpeg",250,250,true],"medium":["https:\/\/dlx-media.com\/wp-content\/uploads\/404-Not-Found-350x200.jpeg",350,200,true],"medium_large":["https:\/\/dlx-media.com\/wp-content\/uploads\/404-Not-Found-768x439.jpeg",768,439,true],"large":["https:\/\/dlx-media.com\/wp-content\/uploads\/404-Not-Found-1024x585.jpeg",1024,585,true],"1536x1536":["https:\/\/dlx-media.com\/wp-content\/uploads\/404-Not-Found-1536x878.jpeg",1536,878,true],"2048x2048":["https:\/\/dlx-media.com\/wp-content\/uploads\/404-Not-Found.jpeg",1792,1024,false],"suffice-thumbnail-grid":["https:\/\/dlx-media.com\/wp-content\/uploads\/404-Not-Found-750x420.jpeg",750,420,true],"suffice-thumbnail-featured-one":["https:\/\/dlx-media.com\/wp-content\/uploads\/404-Not-Found-295x525.jpeg",295,525,true],"suffice-thumbnail-featured-two":["https:\/\/dlx-media.com\/wp-content\/uploads\/404-Not-Found-1140x504.jpeg",1140,504,true],"suffice-thumbnail-portfolio":["https:\/\/dlx-media.com\/wp-content\/uploads\/404-Not-Found-572x552.jpeg",572,552,true],"suffice-thumbnail-portfolio-masonry":["https:\/\/dlx-media.com\/wp-content\/uploads\/404-Not-Found-572x652.jpeg",572,652,true]},"uagb_author_info":{"display_name":"DLxMedia","author_link":"https:\/\/dlx-media.com\/pl"},"uagb_comment_info":0,"uagb_excerpt":"Kompleksowe zrozumienie i strategie naprawcze B\u0142\u0105d 404 to powszechny, ale cz\u0119sto \u017ale rozumiany kod statusu HTTP, kt\u00f3ry jest kluczowym elementem interakcji mi\u0119dzy przegl\u0105darkami internetowymi a serwerami. Ten b\u0142\u0105d, oficjalnie znany jako &#8222;HTTP 404 Not Found&#8221;, odgrywa kluczow\u0105 rol\u0119 w komunikacji","_links":{"self":[{"href":"https:\/\/dlx-media.com\/pl\/wp-json\/wp\/v2\/pages\/4464","targetHints":{"allow":["GET"]}}],"collection":[{"href":"https:\/\/dlx-media.com\/pl\/wp-json\/wp\/v2\/pages"}],"about":[{"href":"https:\/\/dlx-media.com\/pl\/wp-json\/wp\/v2\/types\/page"}],"author":[{"embeddable":true,"href":"https:\/\/dlx-media.com\/pl\/wp-json\/wp\/v2\/users\/2332"}],"replies":[{"embeddable":true,"href":"https:\/\/dlx-media.com\/pl\/wp-json\/wp\/v2\/comments?post=4464"}],"version-history":[{"count":4,"href":"https:\/\/dlx-media.com\/pl\/wp-json\/wp\/v2\/pages\/4464\/revisions"}],"predecessor-version":[{"id":5315,"href":"https:\/\/dlx-media.com\/pl\/wp-json\/wp\/v2\/pages\/4464\/revisions\/5315"}],"up":[{"embeddable":true,"href":"https:\/\/dlx-media.com\/pl\/wp-json\/wp\/v2\/pages\/4979"}],"wp:featuredmedia":[{"embeddable":true,"href":"https:\/\/dlx-media.com\/pl\/wp-json\/wp\/v2\/media\/4456"}],"wp:attachment":[{"href":"https:\/\/dlx-media.com\/pl\/wp-json\/wp\/v2\/media?parent=4464"}],"curies":[{"name":"wp","href":"https:\/\/api.w.org\/{rel}","templated":true}]}}