{"id":4460,"date":"2024-04-24T19:37:00","date_gmt":"2024-04-24T17:37:00","guid":{"rendered":"https:\/\/www.dlx-media.com\/przekierowanie-301\/"},"modified":"2024-07-14T13:53:28","modified_gmt":"2024-07-14T11:53:28","slug":"przekierowanie-301","status":"publish","type":"page","link":"https:\/\/dlx-media.com\/pl\/slowniczek\/przekierowanie-301\/","title":{"rendered":"Przekierowanie 301"},"content":{"rendered":"<div class=\"wp-block-image\">\n<figure data-spectra-id=\"spectra-bc414a00-c2db-4dd6-9f79-ab83ed5d08a0\" class=\"aligncenter size-full\"><img loading=\"lazy\" decoding=\"async\" width=\"1792\" height=\"1024\" src=\"https:\/\/dlx-media.com\/file\/301-Redirect.jpeg\" alt=\"Kod statusu serwera 301 Przekierowanie\" class=\"wp-image-4447\" srcset=\"https:\/\/dlx-media.com\/wp-content\/uploads\/301-Redirect.jpeg 1792w, https:\/\/dlx-media.com\/wp-content\/uploads\/301-Redirect-350x200.jpeg 350w, https:\/\/dlx-media.com\/wp-content\/uploads\/301-Redirect-1024x585.jpeg 1024w, https:\/\/dlx-media.com\/wp-content\/uploads\/301-Redirect-768x439.jpeg 768w, https:\/\/dlx-media.com\/wp-content\/uploads\/301-Redirect-1536x878.jpeg 1536w\" sizes=\"auto, (max-width: 1792px) 100vw, 1792px\" \/><\/figure>\n<\/div>\n<h3 class=\"wp-block-heading\">Przekierowanie 301: niezb\u0119dne narz\u0119dzie w strategiach SEO<\/h3>\n\n<p class=\"wp-block-paragraph\">301 to przede wszystkim techniczny kod statusu serwera WWW, kt\u00f3ry dostarcza informacji o zachowaniu \u017c\u0105danej strony. W dynamicznym \u015bwiecie optymalizacji pod k\u0105tem wyszukiwarek (SEO) przekierowanie 301 jest niezb\u0119dnym narz\u0119dziem w sercu skutecznych strategii zarz\u0105dzania witryn\u0105. Ta techniczna praktyka SEO, cz\u0119sto pomijana, jest w rzeczywisto\u015bci jednym z najpot\u0119\u017cniejszych sposob\u00f3w na zapewnienie, \u017ce witryna nie tylko utrzyma, ale faktycznie zwi\u0119kszy swoj\u0105 si\u0142\u0119 w wyszukiwarkach i zaanga\u017cowanie u\u017cytkownik\u00f3w w trakcie restrukturyzacji i zmian tre\u015bci.<\/p>\n\n<h4 class=\"wp-block-heading\">Co to jest przekierowanie 301?<\/h4>\n\n<p class=\"wp-block-paragraph\">Przekierowanie 301 to metoda trwa\u0142ego przekierowania ruchu ze starego adresu URL na nowy. Jest to szczeg\u00f3lnie przydatne, gdy zawarto\u015b\u0107 witryny musi zosta\u0107 przeniesiona z r\u00f3\u017cnych powod\u00f3w &#8211; czy to z powodu przeprojektowania witryny, zmiany struktury adresu URL lub po\u0142\u0105czenia dw\u00f3ch witryn. Informuje wyszukiwarki, \u017ce strona zosta\u0142a trwale przeniesiona, a ca\u0142y &#8222;autorytet link\u00f3w&#8221; i &#8222;potencja\u0142 rankingowy&#8221; powinny zosta\u0107 przeniesione na now\u0105 stron\u0119.<\/p>\n\n<h4 class=\"wp-block-heading\">Strategiczne znaczenie przekierowania 301<\/h4>\n\n<p class=\"wp-block-paragraph\">Prawid\u0142owe u\u017cycie przekierowania 301 ma kluczowe znaczenie dla utrzymania i poprawy widoczno\u015bci witryny w wyszukiwarkach. Oto kilka kluczowych korzy\u015bci:<\/p>\n\n<ol class=\"wp-block-list\">\n<li><strong>Zachowanie warto\u015bci SEO<\/strong>: Przekazuj\u0105c &#8222;link juice&#8221; lub &#8222;link equity&#8221; starego adresu URL na nowy, zapobiegasz utracie cennych punkt\u00f3w PageRank. Ma to kluczowe znaczenie dla utrzymania ci\u0119\u017cko wypracowanej widoczno\u015bci w wynikach wyszukiwania.<\/li>\n\n\n\n<li><strong>Unikanie powielania tre\u015bci<\/strong>: W wielu przypadkach, zw\u0142aszcza podczas restrukturyzacji stron internetowych, tre\u015bci mog\u0105 by\u0107 dystrybuowane na kilku adresach URL. Przekierowanie 301 pomaga skonsolidowa\u0107 tre\u015b\u0107 i unikn\u0105\u0107 duplikacji, co z kolei korzystnie wp\u0142ywa na rankingi.<\/li>\n\n\n\n<li><strong>Poprawa do\u015bwiadczenia u\u017cytkownika<\/strong>: Przekierowanie nieaktualnych link\u00f3w do odpowiednich nowych tre\u015bci gwarantuje, \u017ce u\u017cytkownicy nie trafi\u0105 na strony b\u0142\u0119d\u00f3w. P\u0142ynne do\u015bwiadczenie u\u017cytkownika wzmacnia lojalno\u015b\u0107 wobec marki i zatrzymuje u\u017cytkownik\u00f3w.<\/li>\n<\/ol>\n\n<h4 class=\"wp-block-heading\">Najlepsze praktyki dotycz\u0105ce wdra\u017cania przekierowa\u0144 301<\/h4>\n\n<p class=\"wp-block-paragraph\">Wprowadzenie przekierowania 301 wymaga ostro\u017cno\u015bci i precyzji. Nieprawid\u0142owa implementacja mo\u017ce nie tylko wp\u0142yn\u0105\u0107 na warto\u015b\u0107 SEO witryny, ale tak\u017ce prowadzi\u0107 do frustracji u\u017cytkownik\u00f3w. Oto kilka zalece\u0144:<\/p>\n\n<ul class=\"wp-block-list\">\n<li><strong>Planowanie<\/strong>: Przed wdro\u017ceniem przekierowania 301 nale\u017cy stworzy\u0107 szczeg\u00f3\u0142owy plan zmian adresu URL i wzi\u0105\u0107 pod uwag\u0119 wszystkie aspekty SEO.<\/li>\n\n\n\n<li><strong>Testowanie<\/strong>: Sprawd\u017a dok\u0142adnie ka\u017cde przekierowanie, aby upewni\u0107 si\u0119, \u017ce dzia\u0142a poprawnie i wywo\u0142uje \u017c\u0105dane strony.<\/li>\n\n\n\n<li><strong>Monitorowanie<\/strong>: Po wdro\u017ceniu przekierowa\u0144 nale\u017cy uwa\u017cnie obserwowa\u0107 wyniki SEO i ruch na stronie, aby m\u00f3c szybko rozwi\u0105za\u0107 wszelkie problemy.<\/li>\n<\/ul>\n\n<h4 class=\"wp-block-heading\">Podsumowanie: Niezmierzona moc przekierowania 301<\/h4>\n\n<p class=\"wp-block-paragraph\">Przekierowanie 301 to znacznie wi\u0119cej ni\u017c tylko techniczna konieczno\u015b\u0107; to centralny element ka\u017cdej zaawansowanej strategii SEO. Je\u015bli jeste\u015b w stanie skutecznie wykorzysta\u0107 to pot\u0119\u017cne narz\u0119dzie, mo\u017cesz nie tylko poprawi\u0107 swoj\u0105 pozycj\u0119 SEO, ale tak\u017ce stworzy\u0107 solidne podstawy dla przysz\u0142ego rozwoju i sukcesu swojej obecno\u015bci w Internecie. Dog\u0142\u0119bne zrozumienie i przemy\u015blane zastosowanie przekierowania 301 mo\u017ce stanowi\u0107 r\u00f3\u017cnic\u0119 mi\u0119dzy stagnacj\u0105 a dobrze prosperuj\u0105cym \u015brodowiskiem cyfrowym.<\/p>\n","protected":false},"excerpt":{"rendered":"<p>Przekierowanie 301: niezb\u0119dne narz\u0119dzie w strategiach SEO 301 to przede wszystkim techniczny kod statusu serwera WWW, kt\u00f3ry dostarcza informacji o zachowaniu \u017c\u0105danej strony. W dynamicznym \u015bwiecie optymalizacji pod k\u0105tem wyszukiwarek (SEO) przekierowanie 301 jest niezb\u0119dnym narz\u0119dziem w sercu skutecznych strategii<\/p>\n","protected":false},"author":2332,"featured_media":4449,"parent":4979,"menu_order":0,"comment_status":"closed","ping_status":"closed","template":"","meta":{"_seopress_robots_primary_cat":"","_seopress_titles_title":"Przekierowanie 301: Kod statusu serwera %%sitetitle%%","_seopress_titles_desc":"Dowiedz si\u0119, jak przekierowanie 301 poprawia SEO witryny i zapewnia jej trwa\u0142\u0105 widoczno\u015b\u0107. Kluczowy element ka\u017cdej koncepcji SEO.","_seopress_robots_index":"","_crdt_document":"","_uag_custom_page_level_css":"","spectra_gs_classes":"","footnotes":""},"class_list":["post-4460","page","type-page","status-publish","has-post-thumbnail","hentry"],"spectra_custom_meta":{"_top_nav_excluded":[""],"_cms_nav_minihome":[""],"_thumbnail_id":["4449"],"_wp_page_template":[""],"_wpml_word_count":["{\"total\":442,\"to_translate\":{\"en\":442,\"de\":442}}"],"_last_translation_edit_mode":["translation-editor"],"_seopress_titles_title":["Przekierowanie 301: Kod statusu serwera %%sitetitle%%"],"_seopress_titles_desc":["Dowiedz si\u0119, jak przekierowanie 301 poprawia SEO witryny i zapewnia jej trwa\u0142\u0105 widoczno\u015b\u0107. Kluczowy element ka\u017cdej koncepcji SEO."],"_seopress_redirections_logged_status":["oba"],"_seopress_redirections_type":["301"],"_uagb_previous_block_counts":["a:90:{s:21:\"uagb\/advanced-heading\";i:0;s:15:\"uagb\/blockquote\";i:0;s:12:\"uagb\/buttons\";i:0;s:18:\"uagb\/buttons-child\";i:0;s:19:\"uagb\/call-to-action\";i:0;s:15:\"uagb\/cf7-styler\";i:0;s:11:\"uagb\/column\";i:0;s:12:\"uagb\/columns\";i:0;s:14:\"uagb\/container\";i:0;s:21:\"uagb\/content-timeline\";i:0;s:27:\"uagb\/content-timeline-child\";i:0;s:14:\"uagb\/countdown\";i:0;s:12:\"uagb\/counter\";i:0;s:8:\"uagb\/faq\";i:0;s:14:\"uagb\/faq-child\";i:0;s:10:\"uagb\/forms\";i:0;s:17:\"uagb\/forms-accept\";i:0;s:19:\"uagb\/forms-checkbox\";i:0;s:15:\"uagb\/forms-date\";i:0;s:16:\"uagb\/forms-email\";i:0;s:17:\"uagb\/forms-hidden\";i:0;s:15:\"uagb\/forms-name\";i:0;s:16:\"uagb\/forms-phone\";i:0;s:16:\"uagb\/forms-radio\";i:0;s:17:\"uagb\/forms-select\";i:0;s:19:\"uagb\/forms-textarea\";i:0;s:17:\"uagb\/forms-toggle\";i:0;s:14:\"uagb\/forms-url\";i:0;s:14:\"uagb\/gf-styler\";i:0;s:15:\"uagb\/google-map\";i:0;s:11:\"uagb\/how-to\";i:0;s:16:\"uagb\/how-to-step\";i:0;s:9:\"uagb\/icon\";i:0;s:14:\"uagb\/icon-list\";i:0;s:20:\"uagb\/icon-list-child\";i:0;s:10:\"uagb\/image\";i:0;s:18:\"uagb\/image-gallery\";i:0;s:13:\"uagb\/info-box\";i:0;s:18:\"uagb\/inline-notice\";i:0;s:11:\"uagb\/lottie\";i:0;s:21:\"uagb\/marketing-button\";i:0;s:10:\"uagb\/modal\";i:0;s:18:\"uagb\/popup-builder\";i:0;s:16:\"uagb\/post-button\";i:0;s:18:\"uagb\/post-carousel\";i:0;s:17:\"uagb\/post-excerpt\";i:0;s:14:\"uagb\/post-grid\";i:0;s:15:\"uagb\/post-image\";i:0;s:17:\"uagb\/post-masonry\";i:0;s:14:\"uagb\/post-meta\";i:0;s:18:\"uagb\/post-taxonomy\";i:0;s:18:\"uagb\/post-timeline\";i:0;s:15:\"uagb\/post-title\";i:0;s:20:\"uagb\/restaurant-menu\";i:0;s:26:\"uagb\/restaurant-menu-child\";i:0;s:11:\"uagb\/review\";i:0;s:12:\"uagb\/section\";i:0;s:14:\"uagb\/separator\";i:0;s:11:\"uagb\/slider\";i:0;s:17:\"uagb\/slider-child\";i:0;s:17:\"uagb\/social-share\";i:0;s:23:\"uagb\/social-share-child\";i:0;s:16:\"uagb\/star-rating\";i:0;s:23:\"uagb\/sure-cart-checkout\";i:0;s:22:\"uagb\/sure-cart-product\";i:0;s:15:\"uagb\/sure-forms\";i:0;s:22:\"uagb\/table-of-contents\";i:0;s:9:\"uagb\/tabs\";i:0;s:15:\"uagb\/tabs-child\";i:0;s:18:\"uagb\/taxonomy-list\";i:0;s:9:\"uagb\/team\";i:0;s:16:\"uagb\/testimonial\";i:0;s:14:\"uagb\/wp-search\";i:0;s:19:\"uagb\/instagram-feed\";i:0;s:10:\"uagb\/login\";i:0;s:17:\"uagb\/loop-builder\";i:0;s:18:\"uagb\/loop-category\";i:0;s:20:\"uagb\/loop-pagination\";i:0;s:15:\"uagb\/loop-reset\";i:0;s:16:\"uagb\/loop-search\";i:0;s:14:\"uagb\/loop-sort\";i:0;s:17:\"uagb\/loop-wrapper\";i:0;s:13:\"uagb\/register\";i:0;s:19:\"uagb\/register-email\";i:0;s:24:\"uagb\/register-first-name\";i:0;s:23:\"uagb\/register-last-name\";i:0;s:22:\"uagb\/register-password\";i:0;s:30:\"uagb\/register-reenter-password\";i:0;s:19:\"uagb\/register-terms\";i:0;s:22:\"uagb\/register-username\";i:0;}"],"_uag_page_assets":["a:9:{s:3:\"css\";s:263:\".uag-blocks-common-selector{z-index:var(--z-index-desktop) !important}@media (max-width: 976px){.uag-blocks-common-selector{z-index:var(--z-index-tablet) !important}}@media (max-width: 767px){.uag-blocks-common-selector{z-index:var(--z-index-mobile) !important}}\n\";s:2:\"js\";s:0:\"\";s:18:\"current_block_list\";a:5:{i:0;s:10:\"core\/image\";i:1;s:12:\"core\/heading\";i:2;s:14:\"core\/paragraph\";i:3;s:9:\"core\/list\";i:4;s:14:\"core\/list-item\";}s:8:\"uag_flag\";b:0;s:11:\"uag_version\";s:10:\"1775666600\";s:6:\"gfonts\";a:0:{}s:10:\"gfonts_url\";s:0:\"\";s:12:\"gfonts_files\";a:0:{}s:14:\"uag_faq_layout\";b:0;}"],"_uag_css_file_name":["uag-css-4460.css"]},"uagb_featured_image_src":{"full":["https:\/\/dlx-media.com\/wp-content\/uploads\/301-Redirect.jpeg",1792,1024,false],"thumbnail":["https:\/\/dlx-media.com\/wp-content\/uploads\/301-Redirect-250x250.jpeg",250,250,true],"medium":["https:\/\/dlx-media.com\/wp-content\/uploads\/301-Redirect-350x200.jpeg",350,200,true],"medium_large":["https:\/\/dlx-media.com\/wp-content\/uploads\/301-Redirect-768x439.jpeg",768,439,true],"large":["https:\/\/dlx-media.com\/wp-content\/uploads\/301-Redirect-1024x585.jpeg",1024,585,true],"1536x1536":["https:\/\/dlx-media.com\/wp-content\/uploads\/301-Redirect-1536x878.jpeg",1536,878,true],"2048x2048":["https:\/\/dlx-media.com\/wp-content\/uploads\/301-Redirect.jpeg",1792,1024,false],"suffice-thumbnail-grid":["https:\/\/dlx-media.com\/wp-content\/uploads\/301-Redirect-750x420.jpeg",750,420,true],"suffice-thumbnail-featured-one":["https:\/\/dlx-media.com\/wp-content\/uploads\/301-Redirect-295x525.jpeg",295,525,true],"suffice-thumbnail-featured-two":["https:\/\/dlx-media.com\/wp-content\/uploads\/301-Redirect-1140x504.jpeg",1140,504,true],"suffice-thumbnail-portfolio":["https:\/\/dlx-media.com\/wp-content\/uploads\/301-Redirect-572x552.jpeg",572,552,true],"suffice-thumbnail-portfolio-masonry":["https:\/\/dlx-media.com\/wp-content\/uploads\/301-Redirect-572x652.jpeg",572,652,true]},"uagb_author_info":{"display_name":"DLxMedia","author_link":"https:\/\/dlx-media.com\/pl"},"uagb_comment_info":0,"uagb_excerpt":"Przekierowanie 301: niezb\u0119dne narz\u0119dzie w strategiach SEO 301 to przede wszystkim techniczny kod statusu serwera WWW, kt\u00f3ry dostarcza informacji o zachowaniu \u017c\u0105danej strony. W dynamicznym \u015bwiecie optymalizacji pod k\u0105tem wyszukiwarek (SEO) przekierowanie 301 jest niezb\u0119dnym narz\u0119dziem w sercu skutecznych strategii","_links":{"self":[{"href":"https:\/\/dlx-media.com\/pl\/wp-json\/wp\/v2\/pages\/4460","targetHints":{"allow":["GET"]}}],"collection":[{"href":"https:\/\/dlx-media.com\/pl\/wp-json\/wp\/v2\/pages"}],"about":[{"href":"https:\/\/dlx-media.com\/pl\/wp-json\/wp\/v2\/types\/page"}],"author":[{"embeddable":true,"href":"https:\/\/dlx-media.com\/pl\/wp-json\/wp\/v2\/users\/2332"}],"replies":[{"embeddable":true,"href":"https:\/\/dlx-media.com\/pl\/wp-json\/wp\/v2\/comments?post=4460"}],"version-history":[{"count":5,"href":"https:\/\/dlx-media.com\/pl\/wp-json\/wp\/v2\/pages\/4460\/revisions"}],"predecessor-version":[{"id":5320,"href":"https:\/\/dlx-media.com\/pl\/wp-json\/wp\/v2\/pages\/4460\/revisions\/5320"}],"up":[{"embeddable":true,"href":"https:\/\/dlx-media.com\/pl\/wp-json\/wp\/v2\/pages\/4979"}],"wp:featuredmedia":[{"embeddable":true,"href":"https:\/\/dlx-media.com\/pl\/wp-json\/wp\/v2\/media\/4449"}],"wp:attachment":[{"href":"https:\/\/dlx-media.com\/pl\/wp-json\/wp\/v2\/media?parent=4460"}],"curies":[{"name":"wp","href":"https:\/\/api.w.org\/{rel}","templated":true}]}}