{"id":4425,"date":"2024-03-14T12:30:17","date_gmt":"2024-03-14T10:30:17","guid":{"rendered":"https:\/\/www.dlx-media.com\/tworzenie-tresci-seo\/"},"modified":"2024-07-14T13:53:28","modified_gmt":"2024-07-14T11:53:28","slug":"tworzenie-tresci-seo","status":"publish","type":"page","link":"https:\/\/dlx-media.com\/pl\/tworzenie-tresci-seo\/","title":{"rendered":"Tworzenie tre\u015bci SEO"},"content":{"rendered":"\n<h2 class=\"wp-block-heading\">Tre\u015bci SEO dla u\u017cytkownik\u00f3w i wyszukiwarek<\/h2>\n\n<p class=\"wp-block-paragraph\">Sercem ka\u017cdej udanej obecno\u015bci w Internecie jest optymalizacja pod k\u0105tem wyszukiwarek (SEO), proces, kt\u00f3ry znacznie poprawia widoczno\u015b\u0107 i ranking tre\u015bci w wyszukiwarkach takich jak Google. W DLx-Media.com zawsze upewniamy si\u0119, \u017ce tworzenie tre\u015bci SEO jest zr\u00f3wnowa\u017conym dzia\u0142aniem mi\u0119dzy optymalizacj\u0105 pod k\u0105tem wyszukiwarek a dostarczaniem warto\u015bciowych tre\u015bci dla u\u017cytkownik\u00f3w. Naszym celem jest tworzenie tre\u015bci, kt\u00f3re nie tylko dobrze plasuj\u0105 si\u0119 w wynikach wyszukiwania Google, Bing i innych wyszukiwarek, ale tak\u017ce oferuj\u0105 prawdziw\u0105 warto\u015b\u0107 dodan\u0105 dla grupy docelowej.<\/p>\n<div class=\"wp-block-image\">\n<figure data-spectra-id=\"spectra-b71aa976-aafb-4806-bea2-144da29d5a4d\" class=\"aligncenter size-large\"><img loading=\"lazy\" decoding=\"async\" width=\"1024\" height=\"585\" src=\"https:\/\/dlx-media.com\/file\/SEO-Content-Erstellung-1024x585.jpeg\" alt=\"Tworzenie tre&#x15B;ci SEO\" class=\"wp-image-4413\" srcset=\"https:\/\/dlx-media.com\/wp-content\/uploads\/SEO-Content-Erstellung-1024x585.jpeg 1024w, https:\/\/dlx-media.com\/wp-content\/uploads\/SEO-Content-Erstellung-350x200.jpeg 350w, https:\/\/dlx-media.com\/wp-content\/uploads\/SEO-Content-Erstellung-768x439.jpeg 768w, https:\/\/dlx-media.com\/wp-content\/uploads\/SEO-Content-Erstellung-1536x878.jpeg 1536w, https:\/\/dlx-media.com\/wp-content\/uploads\/SEO-Content-Erstellung.jpeg 1792w\" sizes=\"auto, (max-width: 1024px) 100vw, 1024px\" \/><\/figure>\n<\/div>\n<p class=\"wp-block-paragraph\">W DLx-Media.com korzystamy z zaawansowanych narz\u0119dzi i metod analizy, takich jak WDF*p*IDF i TF*p*IDF, wspieranych przez profesjonalne narz\u0119dzie do optymalizacji tre\u015bci TermLabs.io, aby zapewni\u0107, \u017ce Twoje tre\u015bci s\u0105 nie tylko znajdowane, ale tak\u017ce cenione. Te specjalistyczne narz\u0119dzia pomagaj\u0105 nam precyzyjnie analizowa\u0107 i optymalizowa\u0107 g\u0119sto\u015b\u0107 i trafno\u015b\u0107 s\u0142\u00f3w kluczowych w tekstach, aby uzyska\u0107 jak najlepsze dopasowanie do zapyta\u0144 grupy docelowej.<\/p>\n\n<p class=\"wp-block-paragraph\">Tre\u015bci SEO s\u0105 specjalnie zaprojektowane w celu poprawy widoczno\u015bci witryny w wynikach wyszukiwania poprzez integracj\u0119 odpowiednich s\u0142\u00f3w kluczowych, przy jednoczesnym zachowaniu informacji, czytelno\u015bci i zorientowania na u\u017cytkownika. Podczas tworzenia takich tre\u015bci kluczowe jest znalezienie r\u00f3wnowagi mi\u0119dzy wymaganiami wyszukiwarek a potrzebami czytelnik\u00f3w. U\u017cytkownik jest zawsze w centrum naszych wysi\u0142k\u00f3w, poniewa\u017c ostatecznie celem jest zaoferowanie odwiedzaj\u0105cym witryn\u0119 rzeczywistych korzy\u015bci.<\/p>\n\n<p class=\"wp-block-paragraph\">Formu\u0142a WDF*IDF (Within Document Frequency * Inverse Document Frequency) pomaga nam okre\u015bli\u0107 trafno\u015b\u0107 tre\u015bci w por\u00f3wnaniu z innymi dokumentami na ten sam temat i zapewni\u0107, \u017ce wszystkie istotne terminy zostan\u0105 odpowiednio uwzgl\u0119dnione. Metoda ta pozwala nam zoptymalizowa\u0107 jako\u015b\u0107 i kompletno\u015b\u0107 tematyczn\u0105 tre\u015bci, aby spe\u0142ni\u0107 zar\u00f3wno wymagania wyszukiwarek, jak i oczekiwania u\u017cytkownik\u00f3w.<\/p>\n\n<p class=\"wp-block-paragraph\"><strong>SEO i tworzenie tre\u015bci: synergia dla sukcesu<\/strong><\/p>\n\n<p class=\"wp-block-paragraph\">Tworzenie tre\u015bci zoptymalizowanych pod k\u0105tem SEO rozpoczyna si\u0119 od dog\u0142\u0119bnych bada\u0144 i analizy s\u0142\u00f3w kluczowych u\u017cywanych przez grup\u0119 docelow\u0105 w zapytaniach wyszukiwania. Termlabs.io to niezast\u0105pione narz\u0119dzie, kt\u00f3re pozwala nam nie tylko zidentyfikowa\u0107 odpowiednie terminy, ale tak\u017ce uzyska\u0107 wgl\u0105d w liczb\u0119 wyszukiwa\u0144 i intencje wyszukiwania stoj\u0105ce za zapytaniami. To zrozumienie ma kluczowe znaczenie dla tworzenia tre\u015bci, kt\u00f3rych u\u017cytkownicy naprawd\u0119 chc\u0105 i potrzebuj\u0105.<\/p>\n\n<p class=\"wp-block-paragraph\"><strong>Rola WDF-IDF i TF-IDF w tworzeniu tekst\u00f3w SEO<\/strong><\/p>\n\n<p class=\"wp-block-paragraph\">WDF-IDF i TF-IDF to koncepcje, kt\u00f3re pomagaj\u0105 nam poprawi\u0107 jako\u015b\u0107 tre\u015bci, oceniaj\u0105c jej s\u0142owa w kontek\u015bcie ca\u0142ej witryny i w por\u00f3wnaniu z innymi witrynami w Internecie. Metody te pozwalaj\u0105 nam unikn\u0105\u0107 nadmiaru s\u0142\u00f3w kluczowych i zamiast tego u\u017cywa\u0107 bogatego, zr\u00f3\u017cnicowanego s\u0142ownictwa, kt\u00f3re zwi\u0119ksza trafno\u015b\u0107 i warto\u015b\u0107 dodan\u0105 tre\u015bci dla czytelnika. Optymalizuj\u0105c nag\u0142\u00f3wki, d\u0142ugo\u015b\u0107 tekstu i struktur\u0119 tre\u015bci, zapewniamy, \u017ce ka\u017cdy artyku\u0142, wpis na blogu lub strona w witrynie osi\u0105ga najwy\u017csz\u0105 mo\u017cliw\u0105 widoczno\u015b\u0107 w wynikach wyszukiwania.<\/p>\n\n<p class=\"wp-block-paragraph\"><strong>Tre\u015b\u0107 wykraczaj\u0105ca poza s\u0142owa kluczowe: skupienie si\u0119 na do\u015bwiadczeniu u\u017cytkownika<\/strong><\/p>\n\n<p class=\"wp-block-paragraph\">W DLx-Media.com tre\u015bci SEO to nie tylko s\u0142owa kluczowe i tekst. Bierzemy pod uwag\u0119 wszystkie aspekty, kt\u00f3re przyczyniaj\u0105 si\u0119 do do\u015bwiadczenia u\u017cytkownika, w tym wykorzystanie obraz\u00f3w, infografik i wewn\u0119trznych link\u00f3w, aby tekst by\u0142 atrakcyjny wizualnie i \u0142atwy w nawigacji. Jako\u015b\u0107 i trafno\u015b\u0107 tre\u015bci zawsze znajduj\u0105 si\u0119 w centrum uwagi, poniewa\u017c ostatecznie celem jest tworzenie tre\u015bci, kt\u00f3re oferuj\u0105 warto\u015b\u0107 dodan\u0105, anga\u017cuj\u0105 czytelnik\u00f3w i zach\u0119caj\u0105 do interakcji.<\/p>\n\n<p class=\"wp-block-paragraph\"><strong>Strategia i wdro\u017cenie: podej\u015bcie holistyczne<\/strong><\/p>\n\n<p class=\"wp-block-paragraph\">Nasza strategia SEO obejmuje nie tylko optymalizacj\u0119 poszczeg\u00f3lnych fragment\u00f3w tre\u015bci, ale tak\u017ce opracowanie skutecznego planu redakcyjnego, kt\u00f3ry zapewni, \u017ce tre\u015bci b\u0119d\u0105 regularnie aktualizowane i dostosowane do najnowszych trend\u00f3w i potrzeb docelowych odbiorc\u00f3w. Analizuj\u0105c linki zwrotne i optymalizuj\u0105c wydajno\u015b\u0107 strony, staramy si\u0119 stale poprawia\u0107 ranking witryny i trwale zwi\u0119ksza\u0107 jej widoczno\u015b\u0107 w Internecie.<\/p>\n\n<p class=\"wp-block-paragraph\">Pomagamy pisa\u0107 tre\u015bci SEO lepiej i zgodnie z grup\u0105 docelow\u0105, omawiaj\u0105c z Tob\u0105 wa\u017cne punkty dla ka\u017cdego fragmentu tre\u015bci, a tym samym zapewniaj\u0105c, \u017ce u\u017cytkownicy i Google nie tylko znajd\u0105 \u0142adne zdania, ale tak\u017ce odpowiednie s\u0142owa kluczowe, kt\u00f3re zwi\u0119kszaj\u0105 jako\u015b\u0107, wa\u017cno\u015b\u0107 i trafno\u015b\u0107. Zawsze wa\u017cne jest, aby teksty firmowe mia\u0142y r\u00f3wnie\u017c odpowiedni nacisk na termin, odpowiedni\u0105 cz\u0119stotliwo\u015b\u0107 i rozs\u0105dn\u0105 warto\u015b\u0107 dodan\u0105. Teksty zoptymalizowane pod k\u0105tem wyszukiwarek wykraczaj\u0105 daleko poza badanie s\u0142\u00f3w kluczowych i zag\u0119szczenie s\u0142\u00f3w kluczowych, a tak\u017ce musz\u0105 zawiera\u0107 wa\u017cne informacje i odpowiada\u0107 na pytania klient\u00f3w, zanim jeszcze b\u0119d\u0105 musieli je zada\u0107. Tak wi\u0119c tre\u015bci SEO dla stron internetowych i stron docelowych s\u0105 cz\u0119sto niedocenianym aspektem. Dzi\u0119ki wykorzystaniu TermLabs.io mo\u017cemy pom\u00f3c ci przej\u015b\u0107 na wy\u017cszy poziom i udzieli\u0107 ci wskaz\u00f3wek.<\/p>\n\n<p class=\"wp-block-paragraph\">W DLx-Media.com rozumiemy, \u017ce tworzenie tre\u015bci SEO jest ci\u0105g\u0142ym zobowi\u0105zaniem, kt\u00f3re wymaga specjalistycznej wiedzy i strategicznego podej\u015bcia. Nasi eksperci \u015bci\u015ble z Tob\u0105 wsp\u00f3\u0142pracuj\u0105, aby opracowa\u0107 niestandardowe rozwi\u0105zania, kt\u00f3re wspieraj\u0105 Twoje cele marketingowe online i nap\u0119dzaj\u0105 sukces Twojej firmy w przestrzeni cyfrowej. Pracujmy razem, aby zmaksymalizowa\u0107 widoczno\u015b\u0107 i dotrze\u0107 do odbiorc\u00f3w dzi\u0119ki wysokiej jako\u015bci tre\u015bciom zoptymalizowanym pod k\u0105tem SEO.<\/p>\n\n<p class=\"wp-block-paragraph\">Pracujmy razem, aby tworzy\u0107 tre\u015bci, kt\u00f3re s\u0105 nie tylko znajdowane, ale tak\u017ce czytane, doceniane i udost\u0119pniane. Dzi\u0119ki DLx-Media.com mo\u017cesz mie\u0107 pewno\u015b\u0107, \u017ce Twoje tre\u015bci SEO dotr\u0105 do grupy docelowej, a jednocze\u015bnie zwi\u0119ksz\u0105 Twoj\u0105 widoczno\u015b\u0107 i sukces w Internecie.<\/p>\n","protected":false},"excerpt":{"rendered":"<p>Tre\u015bci SEO dla u\u017cytkownik\u00f3w i wyszukiwarek Sercem ka\u017cdej udanej obecno\u015bci w Internecie jest optymalizacja pod k\u0105tem wyszukiwarek (SEO), proces, kt\u00f3ry znacznie poprawia widoczno\u015b\u0107 i ranking tre\u015bci w wyszukiwarkach takich jak Google. W DLx-Media.com zawsze upewniamy si\u0119, \u017ce tworzenie tre\u015bci SEO<\/p>\n","protected":false},"author":2332,"featured_media":4415,"parent":0,"menu_order":0,"comment_status":"closed","ping_status":"closed","template":"","meta":{"_seopress_robots_primary_cat":"","_seopress_titles_title":"%%post_title%% %%sep%% %%sitetitle%%","_seopress_titles_desc":"Popraw swoj\u0105 widoczno\u015b\u0107 online dzi\u0119ki DLx-Media.com. Tworzymy tre\u015bci SEO, kt\u00f3re s\u0105 zar\u00f3wno zoptymalizowane pod k\u0105tem wyszukiwarek, jak i oferuj\u0105 prawdziw\u0105 warto\u015b\u0107 dodan\u0105 dla u\u017cytkownik\u00f3w.","_seopress_robots_index":"","_crdt_document":"","_uag_custom_page_level_css":"","spectra_gs_classes":"","footnotes":""},"class_list":["post-4425","page","type-page","status-publish","has-post-thumbnail","hentry"],"spectra_custom_meta":{"_top_nav_excluded":[""],"_cms_nav_minihome":[""],"_thumbnail_id":["4415"],"_wp_page_template":[""],"_wpml_word_count":["{\"total\":804,\"to_translate\":{\"en\":804,\"de\":804}}"],"_last_translation_edit_mode":["translation-editor"],"_seopress_titles_title":["%%post_title%% %%sep%% %%sitetitle%%"],"_seopress_titles_desc":["Popraw swoj\u0105 widoczno\u015b\u0107 online dzi\u0119ki DLx-Media.com. Tworzymy tre\u015bci SEO, kt\u00f3re s\u0105 zar\u00f3wno zoptymalizowane pod k\u0105tem wyszukiwarek, jak i oferuj\u0105 prawdziw\u0105 warto\u015b\u0107 dodan\u0105 dla u\u017cytkownik\u00f3w."],"_seopress_redirections_logged_status":["oba"],"_seopress_redirections_type":["301"],"_uagb_previous_block_counts":["a:90:{s:21:\"uagb\/advanced-heading\";i:0;s:15:\"uagb\/blockquote\";i:0;s:12:\"uagb\/buttons\";i:0;s:18:\"uagb\/buttons-child\";i:0;s:19:\"uagb\/call-to-action\";i:0;s:15:\"uagb\/cf7-styler\";i:0;s:11:\"uagb\/column\";i:0;s:12:\"uagb\/columns\";i:0;s:14:\"uagb\/container\";i:0;s:21:\"uagb\/content-timeline\";i:0;s:27:\"uagb\/content-timeline-child\";i:0;s:14:\"uagb\/countdown\";i:0;s:12:\"uagb\/counter\";i:0;s:8:\"uagb\/faq\";i:0;s:14:\"uagb\/faq-child\";i:0;s:10:\"uagb\/forms\";i:0;s:17:\"uagb\/forms-accept\";i:0;s:19:\"uagb\/forms-checkbox\";i:0;s:15:\"uagb\/forms-date\";i:0;s:16:\"uagb\/forms-email\";i:0;s:17:\"uagb\/forms-hidden\";i:0;s:15:\"uagb\/forms-name\";i:0;s:16:\"uagb\/forms-phone\";i:0;s:16:\"uagb\/forms-radio\";i:0;s:17:\"uagb\/forms-select\";i:0;s:19:\"uagb\/forms-textarea\";i:0;s:17:\"uagb\/forms-toggle\";i:0;s:14:\"uagb\/forms-url\";i:0;s:14:\"uagb\/gf-styler\";i:0;s:15:\"uagb\/google-map\";i:0;s:11:\"uagb\/how-to\";i:0;s:16:\"uagb\/how-to-step\";i:0;s:9:\"uagb\/icon\";i:0;s:14:\"uagb\/icon-list\";i:0;s:20:\"uagb\/icon-list-child\";i:0;s:10:\"uagb\/image\";i:0;s:18:\"uagb\/image-gallery\";i:0;s:13:\"uagb\/info-box\";i:0;s:18:\"uagb\/inline-notice\";i:0;s:11:\"uagb\/lottie\";i:0;s:21:\"uagb\/marketing-button\";i:0;s:10:\"uagb\/modal\";i:0;s:18:\"uagb\/popup-builder\";i:0;s:16:\"uagb\/post-button\";i:0;s:18:\"uagb\/post-carousel\";i:0;s:17:\"uagb\/post-excerpt\";i:0;s:14:\"uagb\/post-grid\";i:0;s:15:\"uagb\/post-image\";i:0;s:17:\"uagb\/post-masonry\";i:0;s:14:\"uagb\/post-meta\";i:0;s:18:\"uagb\/post-taxonomy\";i:0;s:18:\"uagb\/post-timeline\";i:0;s:15:\"uagb\/post-title\";i:0;s:20:\"uagb\/restaurant-menu\";i:0;s:26:\"uagb\/restaurant-menu-child\";i:0;s:11:\"uagb\/review\";i:0;s:12:\"uagb\/section\";i:0;s:14:\"uagb\/separator\";i:0;s:11:\"uagb\/slider\";i:0;s:17:\"uagb\/slider-child\";i:0;s:17:\"uagb\/social-share\";i:0;s:23:\"uagb\/social-share-child\";i:0;s:16:\"uagb\/star-rating\";i:0;s:23:\"uagb\/sure-cart-checkout\";i:0;s:22:\"uagb\/sure-cart-product\";i:0;s:15:\"uagb\/sure-forms\";i:0;s:22:\"uagb\/table-of-contents\";i:0;s:9:\"uagb\/tabs\";i:0;s:15:\"uagb\/tabs-child\";i:0;s:18:\"uagb\/taxonomy-list\";i:0;s:9:\"uagb\/team\";i:0;s:16:\"uagb\/testimonial\";i:0;s:14:\"uagb\/wp-search\";i:0;s:19:\"uagb\/instagram-feed\";i:0;s:10:\"uagb\/login\";i:0;s:17:\"uagb\/loop-builder\";i:0;s:18:\"uagb\/loop-category\";i:0;s:20:\"uagb\/loop-pagination\";i:0;s:15:\"uagb\/loop-reset\";i:0;s:16:\"uagb\/loop-search\";i:0;s:14:\"uagb\/loop-sort\";i:0;s:17:\"uagb\/loop-wrapper\";i:0;s:13:\"uagb\/register\";i:0;s:19:\"uagb\/register-email\";i:0;s:24:\"uagb\/register-first-name\";i:0;s:23:\"uagb\/register-last-name\";i:0;s:22:\"uagb\/register-password\";i:0;s:30:\"uagb\/register-reenter-password\";i:0;s:19:\"uagb\/register-terms\";i:0;s:22:\"uagb\/register-username\";i:0;}"],"_uag_page_assets":["a:9:{s:3:\"css\";s:263:\".uag-blocks-common-selector{z-index:var(--z-index-desktop) !important}@media (max-width: 976px){.uag-blocks-common-selector{z-index:var(--z-index-tablet) !important}}@media (max-width: 767px){.uag-blocks-common-selector{z-index:var(--z-index-mobile) !important}}\n\";s:2:\"js\";s:0:\"\";s:18:\"current_block_list\";a:3:{i:0;s:12:\"core\/heading\";i:1;s:14:\"core\/paragraph\";i:2;s:10:\"core\/image\";}s:8:\"uag_flag\";b:0;s:11:\"uag_version\";s:10:\"1776768691\";s:6:\"gfonts\";a:0:{}s:10:\"gfonts_url\";s:0:\"\";s:12:\"gfonts_files\";a:0:{}s:14:\"uag_faq_layout\";b:0;}"],"_uag_css_file_name":["uag-css-4425.css"]},"uagb_featured_image_src":{"full":["https:\/\/dlx-media.com\/wp-content\/uploads\/SEO-Content-Erstellung.jpeg",1792,1024,false],"thumbnail":["https:\/\/dlx-media.com\/wp-content\/uploads\/SEO-Content-Erstellung-250x250.jpeg",250,250,true],"medium":["https:\/\/dlx-media.com\/wp-content\/uploads\/SEO-Content-Erstellung-350x200.jpeg",350,200,true],"medium_large":["https:\/\/dlx-media.com\/wp-content\/uploads\/SEO-Content-Erstellung-768x439.jpeg",768,439,true],"large":["https:\/\/dlx-media.com\/wp-content\/uploads\/SEO-Content-Erstellung-1024x585.jpeg",1024,585,true],"1536x1536":["https:\/\/dlx-media.com\/wp-content\/uploads\/SEO-Content-Erstellung-1536x878.jpeg",1536,878,true],"2048x2048":["https:\/\/dlx-media.com\/wp-content\/uploads\/SEO-Content-Erstellung.jpeg",1792,1024,false],"suffice-thumbnail-grid":["https:\/\/dlx-media.com\/wp-content\/uploads\/SEO-Content-Erstellung-750x420.jpeg",750,420,true],"suffice-thumbnail-featured-one":["https:\/\/dlx-media.com\/wp-content\/uploads\/SEO-Content-Erstellung-295x525.jpeg",295,525,true],"suffice-thumbnail-featured-two":["https:\/\/dlx-media.com\/wp-content\/uploads\/SEO-Content-Erstellung-1140x504.jpeg",1140,504,true],"suffice-thumbnail-portfolio":["https:\/\/dlx-media.com\/wp-content\/uploads\/SEO-Content-Erstellung-572x552.jpeg",572,552,true],"suffice-thumbnail-portfolio-masonry":["https:\/\/dlx-media.com\/wp-content\/uploads\/SEO-Content-Erstellung-572x652.jpeg",572,652,true]},"uagb_author_info":{"display_name":"DLxMedia","author_link":"https:\/\/dlx-media.com\/pl"},"uagb_comment_info":0,"uagb_excerpt":"Tre\u015bci SEO dla u\u017cytkownik\u00f3w i wyszukiwarek Sercem ka\u017cdej udanej obecno\u015bci w Internecie jest optymalizacja pod k\u0105tem wyszukiwarek (SEO), proces, kt\u00f3ry znacznie poprawia widoczno\u015b\u0107 i ranking tre\u015bci w wyszukiwarkach takich jak Google. W DLx-Media.com zawsze upewniamy si\u0119, \u017ce tworzenie tre\u015bci SEO","_links":{"self":[{"href":"https:\/\/dlx-media.com\/pl\/wp-json\/wp\/v2\/pages\/4425","targetHints":{"allow":["GET"]}}],"collection":[{"href":"https:\/\/dlx-media.com\/pl\/wp-json\/wp\/v2\/pages"}],"about":[{"href":"https:\/\/dlx-media.com\/pl\/wp-json\/wp\/v2\/types\/page"}],"author":[{"embeddable":true,"href":"https:\/\/dlx-media.com\/pl\/wp-json\/wp\/v2\/users\/2332"}],"replies":[{"embeddable":true,"href":"https:\/\/dlx-media.com\/pl\/wp-json\/wp\/v2\/comments?post=4425"}],"version-history":[{"count":2,"href":"https:\/\/dlx-media.com\/pl\/wp-json\/wp\/v2\/pages\/4425\/revisions"}],"predecessor-version":[{"id":5313,"href":"https:\/\/dlx-media.com\/pl\/wp-json\/wp\/v2\/pages\/4425\/revisions\/5313"}],"wp:featuredmedia":[{"embeddable":true,"href":"https:\/\/dlx-media.com\/pl\/wp-json\/wp\/v2\/media\/4415"}],"wp:attachment":[{"href":"https:\/\/dlx-media.com\/pl\/wp-json\/wp\/v2\/media?parent=4425"}],"curies":[{"name":"wp","href":"https:\/\/api.w.org\/{rel}","templated":true}]}}