{"id":4389,"date":"2024-02-26T22:02:10","date_gmt":"2024-02-26T20:02:10","guid":{"rendered":"https:\/\/www.dlx-media.com\/public-relations-online\/"},"modified":"2024-07-14T13:53:19","modified_gmt":"2024-07-14T11:53:19","slug":"public-relations-online","status":"publish","type":"page","link":"https:\/\/dlx-media.com\/pl\/public-relations-online\/","title":{"rendered":"Public relations online"},"content":{"rendered":"\n<h2 class=\"wp-block-heading\">Opowiedz swoj\u0105 histori\u0119, podziel si\u0119 swoj\u0105 wizj\u0105<\/h2>\n\n<p class=\"wp-block-paragraph\">Public relations online (PR online) to kluczowy aspekt marketingu cyfrowego, kt\u00f3ry umo\u017cliwia firmom skuteczn\u0105 komunikacj\u0119 i wzmacnianie marki w Internecie. W przeciwie\u0144stwie do tradycyjnego PR, kt\u00f3ry koncentruje si\u0119 na mediach drukowanych, telewizji i radiu, PR online wykorzystuje Internet do bezpo\u015bredniej interakcji z grup\u0105 docelow\u0105, dziennikarzami i opini\u0105 publiczn\u0105. DLx-Media.com rozumie znaczenie i potencja\u0142 internetowego PR dla firm ka\u017cdej wielko\u015bci.<\/p>\n<div class=\"wp-block-image\">\n<figure data-spectra-id=\"spectra-570d7068-2ffe-42d7-a259-3c221e281287\" class=\"aligncenter size-large\"><img loading=\"lazy\" decoding=\"async\" width=\"1024\" height=\"585\" src=\"https:\/\/dlx-media.com\/file\/Online-Public-Relations-1024x585.jpeg\" alt=\"Public relations online\" class=\"wp-image-4384\" srcset=\"https:\/\/dlx-media.com\/wp-content\/uploads\/Online-Public-Relations-1024x585.jpeg 1024w, https:\/\/dlx-media.com\/wp-content\/uploads\/Online-Public-Relations-350x200.jpeg 350w, https:\/\/dlx-media.com\/wp-content\/uploads\/Online-Public-Relations-768x439.jpeg 768w, https:\/\/dlx-media.com\/wp-content\/uploads\/Online-Public-Relations-1536x878.jpeg 1536w, https:\/\/dlx-media.com\/wp-content\/uploads\/Online-Public-Relations.jpeg 1792w\" sizes=\"auto, (max-width: 1024px) 100vw, 1024px\" \/><\/figure>\n<\/div>\n<p class=\"wp-block-paragraph\">Po\u0142\u0105czenie public relations z optymalizacj\u0105 pod k\u0105tem wyszukiwarek (SEO) oferuje firmom wyj\u0105tkow\u0105 mo\u017cliwo\u015b\u0107 strategicznego zwi\u0119kszenia ich widoczno\u015bci w Internecie. Public relations, centralna cz\u0119\u015b\u0107 komunikacji korporacyjnej, wykorzystuje r\u00f3\u017cne kana\u0142y komunikacji do prezentowania produkt\u00f3w i us\u0142ug, podczas gdy SEO uzupe\u0142nia te wysi\u0142ki, poprawiaj\u0105c rankingi wyszukiwarek. Ta synergia daje t\u0119 korzy\u015b\u0107, \u017ce publikacje i wzmianki nie tylko generuj\u0105 uwag\u0119, ale tak\u017ce zwi\u0119kszaj\u0105 mo\u017cliwo\u015b\u0107 znalezienia tre\u015bci w Internecie. Dzi\u0119ki ukierunkowanym kampaniom z udzia\u0142em influencer\u00f3w i bloger\u00f3w firmy mog\u0105 skutecznie komunikowa\u0107 swoje korzy\u015bci i warto\u015b\u0107 dodan\u0105, co przyci\u0105ga uwag\u0119 potencjalnych potencjalnych klient\u00f3w.<\/p>\n\n<p class=\"wp-block-paragraph\">Innym wa\u017cnym aspektem jest wykorzystanie sieci i rozw\u00f3j silnej sekcji prasowej na stronie internetowej firmy. Wsp\u00f3\u0142praca z blogerami i influencerami mo\u017ce znacznie zwi\u0119kszy\u0107 zasi\u0119g post\u00f3w, a jednocze\u015bnie promowa\u0107 wiarygodno\u015b\u0107 i zaufanie do marki. Integruj\u0105c praktyki SEO z public relations, firmy zwi\u0119kszaj\u0105 prawdopodobie\u0144stwo, \u017ce ich komunikaty zostan\u0105 rozpoznane przez grup\u0119 docelow\u0105. DLx-Media.com wspiera Ci\u0119 w skutecznym \u0142\u0105czeniu tych strategii, aby trwale poprawi\u0107 zar\u00f3wno widoczno\u015b\u0107, jak i reputacj\u0119 Twojej firmy w przestrzeni cyfrowej.<\/p>\n\n<p class=\"wp-block-paragraph\"><strong>PR online a marketing tre\u015bci i SEO<\/strong><\/p>\n\n<p class=\"wp-block-paragraph\">PR online, content marketing i SEO to \u015bci\u015ble powi\u0105zane ze sob\u0105 dyscypliny, kt\u00f3re wzajemnie si\u0119 uzupe\u0142niaj\u0105, ale maj\u0105 r\u00f3\u017cne cele. Podczas gdy content marketing ma na celu tworzenie i rozpowszechnianie warto\u015bciowych, istotnych i sp\u00f3jnych tre\u015bci w celu przyci\u0105gni\u0119cia jasno okre\u015blonej grupy docelowej, SEO koncentruje si\u0119 na optymalizacji tych tre\u015bci i strony internetowej w celu \u0142atwiejszego znalezienia ich w wyszukiwarkach. PR online koncentruje si\u0119 na tworzeniu i utrzymywaniu relacji z opini\u0105 publiczn\u0105 i multiplikatorami za po\u015brednictwem Internetu w celu zwi\u0119kszenia widoczno\u015bci i pozytywnego wizerunku marki lub organizacji.<\/p>\n\n<p class=\"wp-block-paragraph\"><strong>Cele internetowego public relations<\/strong><\/p>\n\n<p class=\"wp-block-paragraph\">G\u0142\u00f3wne cele internetowego public relations obejmuj\u0105 budowanie i utrzymywanie reputacji, zwi\u0119kszanie widoczno\u015bci w mediach internetowych i wyszukiwarkach oraz promowanie dialogu i zaanga\u017cowania z docelowymi odbiorcami. Dzi\u0119ki ukierunkowanym dzia\u0142aniom, takim jak komunikaty prasowe, korzystanie z portali prasowych i aktywna komunikacja za po\u015brednictwem medi\u00f3w spo\u0142eczno\u015bciowych i innych kana\u0142\u00f3w online, PR online mo\u017ce znacznie zwi\u0119kszy\u0107 zasi\u0119g i wp\u0142yw firmy.<\/p>\n\n<p class=\"wp-block-paragraph\"><strong>Wp\u0142yw medi\u00f3w spo\u0142eczno\u015bciowych na PR<\/strong><\/p>\n\n<p class=\"wp-block-paragraph\">Media spo\u0142eczno\u015bciowe trwale zmieni\u0142y krajobraz PR, umo\u017cliwiaj\u0105c firmom komunikacj\u0119 z grup\u0105 docelow\u0105 w czasie rzeczywistym i reagowanie na wydarzenia. Ta bezpo\u015brednia linia komunikacji promuje autentyczny dialog i oferuje mo\u017cliwo\u015b\u0107 proaktywnego kszta\u0142towania i kontrolowania publicznego postrzegania.<\/p>\n\n<p class=\"wp-block-paragraph\"><strong>PR online bez relacji prasowych<\/strong><\/p>\n\n<p class=\"wp-block-paragraph\">PR online mo\u017ce by\u0107 przydatny nawet bez tradycyjnej pracy prasowej, poniewa\u017c oferuje wiele mo\u017cliwo\u015bci bezpo\u015bredniej dystrybucji tre\u015bci i interakcji z grup\u0105 docelow\u0105. Korzystanie z blog\u00f3w, for\u00f3w, medi\u00f3w spo\u0142eczno\u015bciowych i innych platform internetowych umo\u017cliwia firmom przekazywanie wiadomo\u015bci bez tradycyjnego filtra prasowego.<\/p>\n\n<p class=\"wp-block-paragraph\"><strong>Us\u0142ugi agencji PR<\/strong><\/p>\n\n<p class=\"wp-block-paragraph\">Agencja PR, taka jak DLx-Media.com, oferuje szeroki zakres us\u0142ug maj\u0105cych na celu wzmocnienie obecno\u015bci firmy w Internecie. Obejmuje to opracowywanie i wdra\u017canie strategii PR, pisanie i dystrybucj\u0119 komunikat\u00f3w prasowych, monitorowanie i analizowanie reakcji medi\u00f3w, utrzymywanie relacji z dziennikarzami i multiplikatorami, a tak\u017ce udzielanie porad i wsparcia w komunikacji kryzysowej. Wspieramy r\u00f3wnie\u017c firmy w wykorzystywaniu medi\u00f3w spo\u0142eczno\u015bciowych jako skutecznego narz\u0119dzia PR online w celu zwi\u0119kszenia zasi\u0119gu, podniesienia \u015bwiadomo\u015bci marki i pog\u0142\u0119bienia relacji z grup\u0105 docelow\u0105.<\/p>\n\n<p class=\"wp-block-paragraph\">DLx-Media.com rozumie dynamik\u0119 i wyzwania zwi\u0105zane z komunikacj\u0105 cyfrow\u0105. Dzi\u0119ki naszemu do\u015bwiadczeniu w zakresie PR online pomo\u017cemy Twojej firmie osi\u0105gn\u0105\u0107 jej cele, chroni\u0107 jej reputacj\u0119 i w pe\u0142ni wykorzysta\u0107 jej potencja\u0142 w Internecie.<\/p>\n","protected":false},"excerpt":{"rendered":"<p>Opowiedz swoj\u0105 histori\u0119, podziel si\u0119 swoj\u0105 wizj\u0105 Public relations online (PR online) to kluczowy aspekt marketingu cyfrowego, kt\u00f3ry umo\u017cliwia firmom skuteczn\u0105 komunikacj\u0119 i wzmacnianie marki w Internecie. W przeciwie\u0144stwie do tradycyjnego PR, kt\u00f3ry koncentruje si\u0119 na mediach drukowanych, telewizji i<\/p>\n","protected":false},"author":2332,"featured_media":4386,"parent":0,"menu_order":0,"comment_status":"closed","ping_status":"closed","template":"","meta":{"_seopress_robots_primary_cat":"","_seopress_titles_title":"Public relations online i SEO %%sitetitle%%","_seopress_titles_desc":"Zwi\u0119ksz swoj\u0105 widoczno\u015b\u0107 w Internecie i skutecznie wzmocnij swoj\u0105 mark\u0119 dzi\u0119ki PR online i SEO z DLx-Media.com.","_seopress_robots_index":"","_crdt_document":"","_uag_custom_page_level_css":"","spectra_gs_classes":"","footnotes":""},"class_list":["post-4389","page","type-page","status-publish","has-post-thumbnail","hentry"],"spectra_custom_meta":{"_top_nav_excluded":[""],"_cms_nav_minihome":[""],"_thumbnail_id":["4386"],"_wp_page_template":[""],"_wpml_word_count":["{\"total\":613,\"to_translate\":{\"en\":613,\"de\":613}}"],"_last_translation_edit_mode":["translation-editor"],"_seopress_titles_title":["Public relations online i SEO %%sitetitle%%"],"_seopress_titles_desc":["Zwi\u0119ksz swoj\u0105 widoczno\u015b\u0107 w Internecie i skutecznie wzmocnij swoj\u0105 mark\u0119 dzi\u0119ki PR online i SEO z DLx-Media.com."],"_seopress_redirections_logged_status":["oba"],"_seopress_redirections_type":["301"],"_uagb_previous_block_counts":["a:90:{s:21:\"uagb\/advanced-heading\";i:0;s:15:\"uagb\/blockquote\";i:0;s:12:\"uagb\/buttons\";i:0;s:18:\"uagb\/buttons-child\";i:0;s:19:\"uagb\/call-to-action\";i:0;s:15:\"uagb\/cf7-styler\";i:0;s:11:\"uagb\/column\";i:0;s:12:\"uagb\/columns\";i:0;s:14:\"uagb\/container\";i:0;s:21:\"uagb\/content-timeline\";i:0;s:27:\"uagb\/content-timeline-child\";i:0;s:14:\"uagb\/countdown\";i:0;s:12:\"uagb\/counter\";i:0;s:8:\"uagb\/faq\";i:0;s:14:\"uagb\/faq-child\";i:0;s:10:\"uagb\/forms\";i:0;s:17:\"uagb\/forms-accept\";i:0;s:19:\"uagb\/forms-checkbox\";i:0;s:15:\"uagb\/forms-date\";i:0;s:16:\"uagb\/forms-email\";i:0;s:17:\"uagb\/forms-hidden\";i:0;s:15:\"uagb\/forms-name\";i:0;s:16:\"uagb\/forms-phone\";i:0;s:16:\"uagb\/forms-radio\";i:0;s:17:\"uagb\/forms-select\";i:0;s:19:\"uagb\/forms-textarea\";i:0;s:17:\"uagb\/forms-toggle\";i:0;s:14:\"uagb\/forms-url\";i:0;s:14:\"uagb\/gf-styler\";i:0;s:15:\"uagb\/google-map\";i:0;s:11:\"uagb\/how-to\";i:0;s:16:\"uagb\/how-to-step\";i:0;s:9:\"uagb\/icon\";i:0;s:14:\"uagb\/icon-list\";i:0;s:20:\"uagb\/icon-list-child\";i:0;s:10:\"uagb\/image\";i:0;s:18:\"uagb\/image-gallery\";i:0;s:13:\"uagb\/info-box\";i:0;s:18:\"uagb\/inline-notice\";i:0;s:11:\"uagb\/lottie\";i:0;s:21:\"uagb\/marketing-button\";i:0;s:10:\"uagb\/modal\";i:0;s:18:\"uagb\/popup-builder\";i:0;s:16:\"uagb\/post-button\";i:0;s:18:\"uagb\/post-carousel\";i:0;s:17:\"uagb\/post-excerpt\";i:0;s:14:\"uagb\/post-grid\";i:0;s:15:\"uagb\/post-image\";i:0;s:17:\"uagb\/post-masonry\";i:0;s:14:\"uagb\/post-meta\";i:0;s:18:\"uagb\/post-taxonomy\";i:0;s:18:\"uagb\/post-timeline\";i:0;s:15:\"uagb\/post-title\";i:0;s:20:\"uagb\/restaurant-menu\";i:0;s:26:\"uagb\/restaurant-menu-child\";i:0;s:11:\"uagb\/review\";i:0;s:12:\"uagb\/section\";i:0;s:14:\"uagb\/separator\";i:0;s:11:\"uagb\/slider\";i:0;s:17:\"uagb\/slider-child\";i:0;s:17:\"uagb\/social-share\";i:0;s:23:\"uagb\/social-share-child\";i:0;s:16:\"uagb\/star-rating\";i:0;s:23:\"uagb\/sure-cart-checkout\";i:0;s:22:\"uagb\/sure-cart-product\";i:0;s:15:\"uagb\/sure-forms\";i:0;s:22:\"uagb\/table-of-contents\";i:0;s:9:\"uagb\/tabs\";i:0;s:15:\"uagb\/tabs-child\";i:0;s:18:\"uagb\/taxonomy-list\";i:0;s:9:\"uagb\/team\";i:0;s:16:\"uagb\/testimonial\";i:0;s:14:\"uagb\/wp-search\";i:0;s:19:\"uagb\/instagram-feed\";i:0;s:10:\"uagb\/login\";i:0;s:17:\"uagb\/loop-builder\";i:0;s:18:\"uagb\/loop-category\";i:0;s:20:\"uagb\/loop-pagination\";i:0;s:15:\"uagb\/loop-reset\";i:0;s:16:\"uagb\/loop-search\";i:0;s:14:\"uagb\/loop-sort\";i:0;s:17:\"uagb\/loop-wrapper\";i:0;s:13:\"uagb\/register\";i:0;s:19:\"uagb\/register-email\";i:0;s:24:\"uagb\/register-first-name\";i:0;s:23:\"uagb\/register-last-name\";i:0;s:22:\"uagb\/register-password\";i:0;s:30:\"uagb\/register-reenter-password\";i:0;s:19:\"uagb\/register-terms\";i:0;s:22:\"uagb\/register-username\";i:0;}"],"_uag_page_assets":["a:9:{s:3:\"css\";s:263:\".uag-blocks-common-selector{z-index:var(--z-index-desktop) !important}@media (max-width: 976px){.uag-blocks-common-selector{z-index:var(--z-index-tablet) !important}}@media (max-width: 767px){.uag-blocks-common-selector{z-index:var(--z-index-mobile) !important}}\n\";s:2:\"js\";s:0:\"\";s:18:\"current_block_list\";a:3:{i:0;s:12:\"core\/heading\";i:1;s:14:\"core\/paragraph\";i:2;s:10:\"core\/image\";}s:8:\"uag_flag\";b:0;s:11:\"uag_version\";s:10:\"1774890645\";s:6:\"gfonts\";a:0:{}s:10:\"gfonts_url\";s:0:\"\";s:12:\"gfonts_files\";a:0:{}s:14:\"uag_faq_layout\";b:0;}"],"_uag_css_file_name":["uag-css-4389.css"]},"uagb_featured_image_src":{"full":["https:\/\/dlx-media.com\/wp-content\/uploads\/Online-Public-Relations.jpeg",1792,1024,false],"thumbnail":["https:\/\/dlx-media.com\/wp-content\/uploads\/Online-Public-Relations-250x250.jpeg",250,250,true],"medium":["https:\/\/dlx-media.com\/wp-content\/uploads\/Online-Public-Relations-350x200.jpeg",350,200,true],"medium_large":["https:\/\/dlx-media.com\/wp-content\/uploads\/Online-Public-Relations-768x439.jpeg",768,439,true],"large":["https:\/\/dlx-media.com\/wp-content\/uploads\/Online-Public-Relations-1024x585.jpeg",1024,585,true],"1536x1536":["https:\/\/dlx-media.com\/wp-content\/uploads\/Online-Public-Relations-1536x878.jpeg",1536,878,true],"2048x2048":["https:\/\/dlx-media.com\/wp-content\/uploads\/Online-Public-Relations.jpeg",1792,1024,false],"suffice-thumbnail-grid":["https:\/\/dlx-media.com\/wp-content\/uploads\/Online-Public-Relations-750x420.jpeg",750,420,true],"suffice-thumbnail-featured-one":["https:\/\/dlx-media.com\/wp-content\/uploads\/Online-Public-Relations-295x525.jpeg",295,525,true],"suffice-thumbnail-featured-two":["https:\/\/dlx-media.com\/wp-content\/uploads\/Online-Public-Relations-1140x504.jpeg",1140,504,true],"suffice-thumbnail-portfolio":["https:\/\/dlx-media.com\/wp-content\/uploads\/Online-Public-Relations-572x552.jpeg",572,552,true],"suffice-thumbnail-portfolio-masonry":["https:\/\/dlx-media.com\/wp-content\/uploads\/Online-Public-Relations-572x652.jpeg",572,652,true]},"uagb_author_info":{"display_name":"DLxMedia","author_link":"https:\/\/dlx-media.com\/pl"},"uagb_comment_info":0,"uagb_excerpt":"Opowiedz swoj\u0105 histori\u0119, podziel si\u0119 swoj\u0105 wizj\u0105 Public relations online (PR online) to kluczowy aspekt marketingu cyfrowego, kt\u00f3ry umo\u017cliwia firmom skuteczn\u0105 komunikacj\u0119 i wzmacnianie marki w Internecie. W przeciwie\u0144stwie do tradycyjnego PR, kt\u00f3ry koncentruje si\u0119 na mediach drukowanych, telewizji i","_links":{"self":[{"href":"https:\/\/dlx-media.com\/pl\/wp-json\/wp\/v2\/pages\/4389","targetHints":{"allow":["GET"]}}],"collection":[{"href":"https:\/\/dlx-media.com\/pl\/wp-json\/wp\/v2\/pages"}],"about":[{"href":"https:\/\/dlx-media.com\/pl\/wp-json\/wp\/v2\/types\/page"}],"author":[{"embeddable":true,"href":"https:\/\/dlx-media.com\/pl\/wp-json\/wp\/v2\/users\/2332"}],"replies":[{"embeddable":true,"href":"https:\/\/dlx-media.com\/pl\/wp-json\/wp\/v2\/comments?post=4389"}],"version-history":[{"count":2,"href":"https:\/\/dlx-media.com\/pl\/wp-json\/wp\/v2\/pages\/4389\/revisions"}],"predecessor-version":[{"id":5308,"href":"https:\/\/dlx-media.com\/pl\/wp-json\/wp\/v2\/pages\/4389\/revisions\/5308"}],"wp:featuredmedia":[{"embeddable":true,"href":"https:\/\/dlx-media.com\/pl\/wp-json\/wp\/v2\/media\/4386"}],"wp:attachment":[{"href":"https:\/\/dlx-media.com\/pl\/wp-json\/wp\/v2\/media?parent=4389"}],"curies":[{"name":"wp","href":"https:\/\/api.w.org\/{rel}","templated":true}]}}