{"id":4378,"date":"2024-02-26T21:33:47","date_gmt":"2024-02-26T19:33:47","guid":{"rendered":"https:\/\/www.dlx-media.com\/zarzadzanie-mediami-spolecznosciowymi\/"},"modified":"2024-07-14T13:53:19","modified_gmt":"2024-07-14T11:53:19","slug":"zarzadzanie-mediami-spolecznosciowymi","status":"publish","type":"page","link":"https:\/\/dlx-media.com\/pl\/zarzadzanie-mediami-spolecznosciowymi\/","title":{"rendered":"Zarz\u0105dzanie mediami spo\u0142eczno\u015bciowymi"},"content":{"rendered":"\n<h2 class=\"wp-block-heading\">Tw\u00f3j g\u0142os w sieciach spo\u0142eczno\u015bciowych<\/h2>\n\n<p class=\"wp-block-paragraph\">Zarz\u0105dzanie mediami spo\u0142eczno\u015bciowymi (SMM) to kluczowy obszar marketingu cyfrowego, kt\u00f3ry oferuje firmom ka\u017cdej wielko\u015bci i z r\u00f3\u017cnych bran\u017c mo\u017cliwo\u015b\u0107 wzmocnienia swojej marki, komunikacji z docelowymi odbiorcami i zwi\u0119kszenia zasi\u0119gu. W \u015bwiecie, w kt\u00f3rym sieci spo\u0142eczno\u015bciowe takie jak Instagram, Facebook i TikTok \u0142\u0105cz\u0105 miliony u\u017cytkownik\u00f3w ka\u017cdego dnia, skuteczna obecno\u015b\u0107 na tych platformach jest niezb\u0119dna. DLx-Media.com rozumie znaczenie i dynamik\u0119 zarz\u0105dzania mediami spo\u0142eczno\u015bciowymi i oferuje niestandardowe rozwi\u0105zania w celu optymalizacji obecno\u015bci w Internecie.<\/p>\n<div class=\"wp-block-image\">\n<figure data-spectra-id=\"spectra-7506384d-f7f7-40f3-9a24-b11cbf21a596\" class=\"aligncenter size-large\"><img loading=\"lazy\" decoding=\"async\" width=\"1024\" height=\"585\" src=\"https:\/\/dlx-media.com\/file\/Social-Media-Management-1024x585.jpeg\" alt=\"Zarz&#x105;dzanie mediami spo&#x142;eczno&#x15B;ciowymi\" class=\"wp-image-4370\" srcset=\"https:\/\/dlx-media.com\/wp-content\/uploads\/Social-Media-Management-1024x585.jpeg 1024w, https:\/\/dlx-media.com\/wp-content\/uploads\/Social-Media-Management-350x200.jpeg 350w, https:\/\/dlx-media.com\/wp-content\/uploads\/Social-Media-Management-768x439.jpeg 768w, https:\/\/dlx-media.com\/wp-content\/uploads\/Social-Media-Management-1536x878.jpeg 1536w, https:\/\/dlx-media.com\/wp-content\/uploads\/Social-Media-Management.jpeg 1792w\" sizes=\"auto, (max-width: 1024px) 100vw, 1024px\" \/><\/figure>\n<\/div>\n<p class=\"wp-block-paragraph\">Skuteczne zarz\u0105dzanie mediami spo\u0142eczno\u015bciowymi wymaga dog\u0142\u0119bnego zrozumienia r\u00f3\u017cnorodno\u015bci i dynamiki medi\u00f3w spo\u0142eczno\u015bciowych. Mened\u017cer ds. medi\u00f3w spo\u0142eczno\u015bciowych odgrywa kluczow\u0105 rol\u0119 w planowaniu, realizacji i monitorowaniu strategii medi\u00f3w spo\u0142eczno\u015bciowych firmy. Zadania mened\u017cera ds. medi\u00f3w spo\u0142eczno\u015bciowych s\u0105 zr\u00f3\u017cnicowane i obejmuj\u0105 opracowywanie strategii dotycz\u0105cych tre\u015bci, tworzenie i planowanie post\u00f3w, anga\u017cowanie spo\u0142eczno\u015bci i monitorowanie wydajno\u015bci. DLx-Media.com zapewnia profesjonaln\u0105 obs\u0142ug\u0119 tych zada\u0144, aby zaprezentowa\u0107 Twoj\u0105 mark\u0119 w najlepszy mo\u017cliwy spos\u00f3b w sieciach spo\u0142eczno\u015bciowych.<\/p>\n\n<p class=\"wp-block-paragraph\">Regularne publikowanie post\u00f3w ma kluczowe znaczenie dla zwi\u0119kszenia widoczno\u015bci i zaanga\u017cowania na platformach medi\u00f3w spo\u0142eczno\u015bciowych. Nasi mened\u017cerowie tworz\u0105 szczeg\u00f3\u0142owy plan redakcyjny, aby zapewni\u0107, \u017ce tre\u015bci s\u0105 publikowane konsekwentnie i w optymalnym czasie. Plan ten jest stale dostosowywany do aktualnych trend\u00f3w i potrzeb grupy docelowej. Jedn\u0105 ze wskaz\u00f3wek dotycz\u0105cych skutecznego zarz\u0105dzania mediami spo\u0142eczno\u015bciowymi jest integracja wk\u0142adu pracownik\u00f3w, co mo\u017ce podkre\u015bli\u0107 autentyczno\u015b\u0107 i osobowo\u015b\u0107 marki. Pracownicy mog\u0105 dzia\u0142a\u0107 jako ambasadorzy marki i zwi\u0119ksza\u0107 zasi\u0119g i zaanga\u017cowanie poprzez sw\u00f3j wk\u0142ad.<\/p>\n\n<p class=\"wp-block-paragraph\">Analiza i raportowanie to kolejne wa\u017cne zadania w obszarze zarz\u0105dzania mediami spo\u0142eczno\u015bciowymi. DLx-Media.com korzysta z zaawansowanych narz\u0119dzi analitycznych do monitorowania wydajno\u015bci dzia\u0142a\u0144 w mediach spo\u0142eczno\u015bciowych. Analiza ta pozwala nam uzyska\u0107 cenny wgl\u0105d w zachowanie u\u017cytkownik\u00f3w i skuteczno\u015b\u0107 kampanii. Wyniki s\u0105 analizowane regularnie, na przyk\u0142ad co miesi\u0105c, w celu zmierzenia sukcesu i odpowiedniego dostosowania strategii.<\/p>\n\n<p class=\"wp-block-paragraph\">Zarz\u0105dzanie mediami spo\u0142eczno\u015bciowymi to ci\u0105g\u0142y proces, kt\u00f3ry wymaga elastyczno\u015bci, kreatywno\u015bci i strategicznego my\u015blenia. DLx-Media.com oferuje specjalistyczn\u0105 wiedz\u0119 i wsparcie, aby sprosta\u0107 tym wyzwaniom. Od opracowania indywidualnej strategii medi\u00f3w spo\u0142eczno\u015bciowych po tworzenie anga\u017cuj\u0105cych tre\u015bci i zarz\u0105dzanie spo\u0142eczno\u015bci\u0105, \u015bci\u015ble wsp\u00f3\u0142pracujemy z Tob\u0105, aby osi\u0105gn\u0105\u0107 Twoje cele i zmaksymalizowa\u0107 sukces w mediach spo\u0142eczno\u015bciowych.<\/p>\n\n<p class=\"wp-block-paragraph\"><strong>Dlaczego zarz\u0105dzanie mediami spo\u0142eczno\u015bciowymi jest niezb\u0119dne<\/strong><\/p>\n\n<p class=\"wp-block-paragraph\">Zarz\u0105dzanie mediami spo\u0142eczno\u015bciowymi jest wa\u017cne dla firm, poniewa\u017c nie tylko zwi\u0119ksza widoczno\u015b\u0107 i \u015bwiadomo\u015b\u0107 marki, ale tak\u017ce zapewnia bezpo\u015bredni\u0105 lini\u0119 komunikacji z klientami i potencjalnymi klientami. Umo\u017cliwia to firmom rozpowszechnianie przes\u0142ania marki, zapewnienie obs\u0142ugi klienta w czasie rzeczywistym oraz uzyskanie cennych informacji na temat potrzeb i preferencji grupy docelowej. Integracja tre\u015bci AI i autentyczno\u015bci w zarz\u0105dzaniu mediami spo\u0142eczno\u015bciowymi jest mo\u017cliwa i mo\u017ce zwi\u0119kszy\u0107 wydajno\u015b\u0107, o ile odzwierciedla osobowo\u015b\u0107 marki i przekazuje prawdziwe warto\u015bci.<\/p>\n\n<p class=\"wp-block-paragraph\"><strong>Nasze us\u0142ugi<\/strong><\/p>\n\n<p class=\"wp-block-paragraph\">Jako agencja zarz\u0105dzaj\u0105ca mediami spo\u0142eczno\u015bciowymi, DLx-Media.com mo\u017ce zapewni\u0107 pe\u0142en zakres us\u0142ug, od tworzenia spersonalizowanego planu redakcyjnego po prowadzenie ukierunkowanych kampanii. Wykorzystujemy zaawansowane narz\u0119dzia i strategie do tworzenia tre\u015bci, kt\u00f3re rezonuj\u0105, nap\u0119dzaj\u0105 komunikacj\u0119 i osi\u0105gaj\u0105 cele Twojej marki. Nasz zesp\u00f3\u0142 b\u0119dzie planowa\u0107, monitorowa\u0107 i analizowa\u0107 dzia\u0142ania w mediach spo\u0142eczno\u015bciowych, aby zapewni\u0107 maksymalne wyniki inwestycji.<\/p>\n\n<p class=\"wp-block-paragraph\"><strong>Koszty us\u0142ug zarz\u0105dzania mediami spo\u0142eczno\u015bciowymi<\/strong><\/p>\n\n<p class=\"wp-block-paragraph\">Koszty us\u0142ug zarz\u0105dzania mediami spo\u0142eczno\u015bciowymi r\u00f3\u017cni\u0105 si\u0119 w zale\u017cno\u015bci od zakresu wymaganych us\u0142ug, liczby zarz\u0105dzanych kana\u0142\u00f3w i z\u0142o\u017cono\u015bci strategii. DLx-Media.com oferuje elastyczne pakiety dostosowane do konkretnych potrzeb i bud\u017cetu organizacji. Szczeg\u00f3\u0142owa analiza obecnej obecno\u015bci i cel\u00f3w w mediach spo\u0142eczno\u015bciowych pozwala nam stworzy\u0107 spersonalizowan\u0105 ofert\u0119, kt\u00f3ra spe\u0142ni Twoje wymagania.<\/p>\n\n<p class=\"wp-block-paragraph\"><strong>Outsourcing a insourcing zarz\u0105dzania mediami spo\u0142eczno\u015bciowymi<\/strong><\/p>\n\n<p class=\"wp-block-paragraph\">Decyzja mi\u0119dzy outsourcingiem a insourcingiem zarz\u0105dzania mediami spo\u0142eczno\u015bciowymi zale\u017cy od r\u00f3\u017cnych czynnik\u00f3w, w tym zasob\u00f3w wewn\u0119trznych, wiedzy specjalistycznej i bud\u017cetu. Outsourcing do wyspecjalizowanej agencji, takiej jak DLx-Media.com, oferuje korzy\u015bci w postaci bran\u017cowego know-how, dost\u0119pu do zaawansowanych narz\u0119dzi i technologii oraz mo\u017cliwo\u015b\u0107 korzystania z najnowszych trend\u00f3w i najlepszych praktyk w mediach spo\u0142eczno\u015bciowych.<\/p>\n\n<p class=\"wp-block-paragraph\"><strong>Nasze podej\u015bcie<\/strong><\/p>\n\n<p class=\"wp-block-paragraph\">Sercem zarz\u0105dzania mediami spo\u0142eczno\u015bciowymi jest opracowanie sp\u00f3jnej strategii, kt\u00f3ra jest dostosowana do cel\u00f3w biznesowych, grupy docelowej i to\u017csamo\u015bci marki. \u015aci\u015ble wsp\u00f3\u0142pracujemy z Tob\u0105, aby tworzy\u0107 tre\u015bci, kt\u00f3re s\u0105 autentyczne, anga\u017cuj\u0105ce i warto\u015bciowe, wykorzystuj\u0105c influencer\u00f3w i aktualne trendy, aby wzmocni\u0107 Tw\u00f3j przekaz. Nasza ci\u0105g\u0142a analiza i monitorowanie kana\u0142\u00f3w medi\u00f3w spo\u0142eczno\u015bciowych pozwala nam zoptymalizowa\u0107 wydajno\u015b\u0107 i zapewni\u0107, \u017ce dzia\u0142ania w mediach spo\u0142eczno\u015bciowych przyczyniaj\u0105 si\u0119 do sukcesu firmy.<\/p>\n\n<p class=\"wp-block-paragraph\">DLx-Media.com jest Twoim partnerem w skutecznym zarz\u0105dzaniu mediami spo\u0142eczno\u015bciowymi. Pracujmy razem, aby wzmocni\u0107 Twoj\u0105 obecno\u015b\u0107 w Internecie, poszerzy\u0107 grup\u0119 docelow\u0105 i zapewni\u0107 sukces Twojej marki w cyfrowym \u015bwiecie. Pozw\u00f3l nam wykorzysta\u0107 pe\u0142en potencja\u0142 sieci spo\u0142eczno\u015bciowych, aby wzmocni\u0107 Twoj\u0105 mark\u0119, poszerzy\u0107 grup\u0119 docelow\u0105 i osi\u0105gn\u0105\u0107 wymierne wyniki dzi\u0119ki skutecznemu zarz\u0105dzaniu mediami spo\u0142eczno\u015bciowymi.<\/p>\n","protected":false},"excerpt":{"rendered":"<p>Tw\u00f3j g\u0142os w sieciach spo\u0142eczno\u015bciowych Zarz\u0105dzanie mediami spo\u0142eczno\u015bciowymi (SMM) to kluczowy obszar marketingu cyfrowego, kt\u00f3ry oferuje firmom ka\u017cdej wielko\u015bci i z r\u00f3\u017cnych bran\u017c mo\u017cliwo\u015b\u0107 wzmocnienia swojej marki, komunikacji z docelowymi odbiorcami i zwi\u0119kszenia zasi\u0119gu. W \u015bwiecie, w kt\u00f3rym sieci spo\u0142eczno\u015bciowe<\/p>\n","protected":false},"author":2332,"featured_media":4372,"parent":0,"menu_order":0,"comment_status":"closed","ping_status":"closed","template":"","meta":{"_seopress_robots_primary_cat":"","_seopress_titles_title":"%%post_title%% %%sep%% %%sitetitle%%","_seopress_titles_desc":"Zwi\u0119ksz sw\u00f3j zasi\u0119g, wzmocnij swoj\u0105 mark\u0119 i komunikuj si\u0119 z grup\u0105 docelow\u0105 dzi\u0119ki dostosowanemu zarz\u0105dzaniu mediami spo\u0142eczno\u015bciowymi z DLx-Media.com.","_seopress_robots_index":"","_crdt_document":"","_uag_custom_page_level_css":"","spectra_gs_classes":"","footnotes":""},"class_list":["post-4378","page","type-page","status-publish","has-post-thumbnail","hentry"],"spectra_custom_meta":{"_top_nav_excluded":[""],"_cms_nav_minihome":[""],"_thumbnail_id":["4372"],"_wp_page_template":[""],"_wpml_word_count":["{\"total\":736,\"to_translate\":{\"en\":736,\"de\":736}}"],"_last_translation_edit_mode":["translation-editor"],"_seopress_titles_title":["%%post_title%% %%sep%% %%sitetitle%%"],"_seopress_titles_desc":["Zwi\u0119ksz sw\u00f3j zasi\u0119g, wzmocnij swoj\u0105 mark\u0119 i komunikuj si\u0119 z grup\u0105 docelow\u0105 dzi\u0119ki dostosowanemu zarz\u0105dzaniu mediami spo\u0142eczno\u015bciowymi z DLx-Media.com."],"_seopress_redirections_logged_status":["oba"],"_seopress_redirections_type":["301"],"_uagb_previous_block_counts":["a:90:{s:21:\"uagb\/advanced-heading\";i:0;s:15:\"uagb\/blockquote\";i:0;s:12:\"uagb\/buttons\";i:0;s:18:\"uagb\/buttons-child\";i:0;s:19:\"uagb\/call-to-action\";i:0;s:15:\"uagb\/cf7-styler\";i:0;s:11:\"uagb\/column\";i:0;s:12:\"uagb\/columns\";i:0;s:14:\"uagb\/container\";i:0;s:21:\"uagb\/content-timeline\";i:0;s:27:\"uagb\/content-timeline-child\";i:0;s:14:\"uagb\/countdown\";i:0;s:12:\"uagb\/counter\";i:0;s:8:\"uagb\/faq\";i:0;s:14:\"uagb\/faq-child\";i:0;s:10:\"uagb\/forms\";i:0;s:17:\"uagb\/forms-accept\";i:0;s:19:\"uagb\/forms-checkbox\";i:0;s:15:\"uagb\/forms-date\";i:0;s:16:\"uagb\/forms-email\";i:0;s:17:\"uagb\/forms-hidden\";i:0;s:15:\"uagb\/forms-name\";i:0;s:16:\"uagb\/forms-phone\";i:0;s:16:\"uagb\/forms-radio\";i:0;s:17:\"uagb\/forms-select\";i:0;s:19:\"uagb\/forms-textarea\";i:0;s:17:\"uagb\/forms-toggle\";i:0;s:14:\"uagb\/forms-url\";i:0;s:14:\"uagb\/gf-styler\";i:0;s:15:\"uagb\/google-map\";i:0;s:11:\"uagb\/how-to\";i:0;s:16:\"uagb\/how-to-step\";i:0;s:9:\"uagb\/icon\";i:0;s:14:\"uagb\/icon-list\";i:0;s:20:\"uagb\/icon-list-child\";i:0;s:10:\"uagb\/image\";i:0;s:18:\"uagb\/image-gallery\";i:0;s:13:\"uagb\/info-box\";i:0;s:18:\"uagb\/inline-notice\";i:0;s:11:\"uagb\/lottie\";i:0;s:21:\"uagb\/marketing-button\";i:0;s:10:\"uagb\/modal\";i:0;s:18:\"uagb\/popup-builder\";i:0;s:16:\"uagb\/post-button\";i:0;s:18:\"uagb\/post-carousel\";i:0;s:17:\"uagb\/post-excerpt\";i:0;s:14:\"uagb\/post-grid\";i:0;s:15:\"uagb\/post-image\";i:0;s:17:\"uagb\/post-masonry\";i:0;s:14:\"uagb\/post-meta\";i:0;s:18:\"uagb\/post-taxonomy\";i:0;s:18:\"uagb\/post-timeline\";i:0;s:15:\"uagb\/post-title\";i:0;s:20:\"uagb\/restaurant-menu\";i:0;s:26:\"uagb\/restaurant-menu-child\";i:0;s:11:\"uagb\/review\";i:0;s:12:\"uagb\/section\";i:0;s:14:\"uagb\/separator\";i:0;s:11:\"uagb\/slider\";i:0;s:17:\"uagb\/slider-child\";i:0;s:17:\"uagb\/social-share\";i:0;s:23:\"uagb\/social-share-child\";i:0;s:16:\"uagb\/star-rating\";i:0;s:23:\"uagb\/sure-cart-checkout\";i:0;s:22:\"uagb\/sure-cart-product\";i:0;s:15:\"uagb\/sure-forms\";i:0;s:22:\"uagb\/table-of-contents\";i:0;s:9:\"uagb\/tabs\";i:0;s:15:\"uagb\/tabs-child\";i:0;s:18:\"uagb\/taxonomy-list\";i:0;s:9:\"uagb\/team\";i:0;s:16:\"uagb\/testimonial\";i:0;s:14:\"uagb\/wp-search\";i:0;s:19:\"uagb\/instagram-feed\";i:0;s:10:\"uagb\/login\";i:0;s:17:\"uagb\/loop-builder\";i:0;s:18:\"uagb\/loop-category\";i:0;s:20:\"uagb\/loop-pagination\";i:0;s:15:\"uagb\/loop-reset\";i:0;s:16:\"uagb\/loop-search\";i:0;s:14:\"uagb\/loop-sort\";i:0;s:17:\"uagb\/loop-wrapper\";i:0;s:13:\"uagb\/register\";i:0;s:19:\"uagb\/register-email\";i:0;s:24:\"uagb\/register-first-name\";i:0;s:23:\"uagb\/register-last-name\";i:0;s:22:\"uagb\/register-password\";i:0;s:30:\"uagb\/register-reenter-password\";i:0;s:19:\"uagb\/register-terms\";i:0;s:22:\"uagb\/register-username\";i:0;}"],"_uag_page_assets":["a:9:{s:3:\"css\";s:263:\".uag-blocks-common-selector{z-index:var(--z-index-desktop) !important}@media (max-width: 976px){.uag-blocks-common-selector{z-index:var(--z-index-tablet) !important}}@media (max-width: 767px){.uag-blocks-common-selector{z-index:var(--z-index-mobile) !important}}\n\";s:2:\"js\";s:0:\"\";s:18:\"current_block_list\";a:3:{i:0;s:12:\"core\/heading\";i:1;s:14:\"core\/paragraph\";i:2;s:10:\"core\/image\";}s:8:\"uag_flag\";b:0;s:11:\"uag_version\";s:10:\"1775666600\";s:6:\"gfonts\";a:0:{}s:10:\"gfonts_url\";s:0:\"\";s:12:\"gfonts_files\";a:0:{}s:14:\"uag_faq_layout\";b:0;}"],"_uag_css_file_name":["uag-css-4378.css"]},"uagb_featured_image_src":{"full":["https:\/\/dlx-media.com\/wp-content\/uploads\/Social-Media-Management.jpeg",1792,1024,false],"thumbnail":["https:\/\/dlx-media.com\/wp-content\/uploads\/Social-Media-Management-250x250.jpeg",250,250,true],"medium":["https:\/\/dlx-media.com\/wp-content\/uploads\/Social-Media-Management-350x200.jpeg",350,200,true],"medium_large":["https:\/\/dlx-media.com\/wp-content\/uploads\/Social-Media-Management-768x439.jpeg",768,439,true],"large":["https:\/\/dlx-media.com\/wp-content\/uploads\/Social-Media-Management-1024x585.jpeg",1024,585,true],"1536x1536":["https:\/\/dlx-media.com\/wp-content\/uploads\/Social-Media-Management-1536x878.jpeg",1536,878,true],"2048x2048":["https:\/\/dlx-media.com\/wp-content\/uploads\/Social-Media-Management.jpeg",1792,1024,false],"suffice-thumbnail-grid":["https:\/\/dlx-media.com\/wp-content\/uploads\/Social-Media-Management-750x420.jpeg",750,420,true],"suffice-thumbnail-featured-one":["https:\/\/dlx-media.com\/wp-content\/uploads\/Social-Media-Management-295x525.jpeg",295,525,true],"suffice-thumbnail-featured-two":["https:\/\/dlx-media.com\/wp-content\/uploads\/Social-Media-Management-1140x504.jpeg",1140,504,true],"suffice-thumbnail-portfolio":["https:\/\/dlx-media.com\/wp-content\/uploads\/Social-Media-Management-572x552.jpeg",572,552,true],"suffice-thumbnail-portfolio-masonry":["https:\/\/dlx-media.com\/wp-content\/uploads\/Social-Media-Management-572x652.jpeg",572,652,true]},"uagb_author_info":{"display_name":"DLxMedia","author_link":"https:\/\/dlx-media.com\/pl"},"uagb_comment_info":0,"uagb_excerpt":"Tw\u00f3j g\u0142os w sieciach spo\u0142eczno\u015bciowych Zarz\u0105dzanie mediami spo\u0142eczno\u015bciowymi (SMM) to kluczowy obszar marketingu cyfrowego, kt\u00f3ry oferuje firmom ka\u017cdej wielko\u015bci i z r\u00f3\u017cnych bran\u017c mo\u017cliwo\u015b\u0107 wzmocnienia swojej marki, komunikacji z docelowymi odbiorcami i zwi\u0119kszenia zasi\u0119gu. W \u015bwiecie, w kt\u00f3rym sieci spo\u0142eczno\u015bciowe","_links":{"self":[{"href":"https:\/\/dlx-media.com\/pl\/wp-json\/wp\/v2\/pages\/4378","targetHints":{"allow":["GET"]}}],"collection":[{"href":"https:\/\/dlx-media.com\/pl\/wp-json\/wp\/v2\/pages"}],"about":[{"href":"https:\/\/dlx-media.com\/pl\/wp-json\/wp\/v2\/types\/page"}],"author":[{"embeddable":true,"href":"https:\/\/dlx-media.com\/pl\/wp-json\/wp\/v2\/users\/2332"}],"replies":[{"embeddable":true,"href":"https:\/\/dlx-media.com\/pl\/wp-json\/wp\/v2\/comments?post=4378"}],"version-history":[{"count":2,"href":"https:\/\/dlx-media.com\/pl\/wp-json\/wp\/v2\/pages\/4378\/revisions"}],"predecessor-version":[{"id":5303,"href":"https:\/\/dlx-media.com\/pl\/wp-json\/wp\/v2\/pages\/4378\/revisions\/5303"}],"wp:featuredmedia":[{"embeddable":true,"href":"https:\/\/dlx-media.com\/pl\/wp-json\/wp\/v2\/media\/4372"}],"wp:attachment":[{"href":"https:\/\/dlx-media.com\/pl\/wp-json\/wp\/v2\/media?parent=4378"}],"curies":[{"name":"wp","href":"https:\/\/api.w.org\/{rel}","templated":true}]}}