{"id":4368,"date":"2024-02-26T19:49:30","date_gmt":"2024-02-26T17:49:30","guid":{"rendered":"https:\/\/www.dlx-media.com\/reklama-w-wyszukiwarkach\/"},"modified":"2024-07-14T13:53:20","modified_gmt":"2024-07-14T11:53:20","slug":"reklama-w-wyszukiwarkach","status":"publish","type":"page","link":"https:\/\/dlx-media.com\/pl\/reklama-w-wyszukiwarkach\/","title":{"rendered":"Reklama w wyszukiwarkach"},"content":{"rendered":"\n<h2 class=\"wp-block-heading\">Maksymalny zasi\u0119g, minimalne straty.<\/h2>\n\n<p class=\"wp-block-paragraph\">Reklama w wyszukiwarkach, znana pod akronimem SEA (Search Engine Advertising), jest istotnym elementem marketingu cyfrowego, kt\u00f3ry umo\u017cliwia firmom zwi\u0119kszenie ich widoczno\u015bci w wynikach wyszukiwania w ukierunkowany spos\u00f3b. Umieszczaj\u0105c reklamy na platformach takich jak Google i Bing, firmy mog\u0105 prezentowa\u0107 swoje produkty i us\u0142ugi bezpo\u015brednio u\u017cytkownikom, kt\u00f3rzy aktywnie poszukuj\u0105 odpowiednich rozwi\u0105za\u0144. DLx-Media.com oferuje kompleksowe us\u0142ugi SEA, aby zmaksymalizowa\u0107 obecno\u015b\u0107 w Internecie i osi\u0105gn\u0105\u0107 cele marketingowe.<\/p>\n<div class=\"wp-block-image\">\n<figure data-spectra-id=\"spectra-e265b165-0ae3-4907-a259-f76d4a31961e\" class=\"aligncenter size-large\"><img loading=\"lazy\" decoding=\"async\" width=\"1024\" height=\"585\" src=\"https:\/\/dlx-media.com\/file\/Suchmaschinenwerbung-1024x585.jpeg\" alt=\"Reklamy online SEA\" class=\"wp-image-4362\" srcset=\"https:\/\/dlx-media.com\/wp-content\/uploads\/Suchmaschinenwerbung-1024x585.jpeg 1024w, https:\/\/dlx-media.com\/wp-content\/uploads\/Suchmaschinenwerbung-350x200.jpeg 350w, https:\/\/dlx-media.com\/wp-content\/uploads\/Suchmaschinenwerbung-768x439.jpeg 768w, https:\/\/dlx-media.com\/wp-content\/uploads\/Suchmaschinenwerbung-1536x878.jpeg 1536w, https:\/\/dlx-media.com\/wp-content\/uploads\/Suchmaschinenwerbung.jpeg 1792w\" sizes=\"auto, (max-width: 1024px) 100vw, 1024px\" \/><\/figure>\n<\/div>\n<p class=\"wp-block-paragraph\">Reklama w wyszukiwarkach (SEA) to dynamiczna dziedzina marketingu internetowego, kt\u00f3ra stale ewoluuje. Platformy takie jak Google Ads, Bing, Yahoo, Yandex i Baidu oferuj\u0105 firmom mo\u017cliwo\u015b\u0107 obecno\u015bci bezpo\u015brednio na stronach wynik\u00f3w wyszukiwania (SERP) poprzez ukierunkowane umieszczanie reklam. Podstaw\u0105 SEA jest model PPC (pay-per-click), w kt\u00f3rym reklamodawcy p\u0142ac\u0105 za ka\u017cde klikni\u0119cie ich reklamy. Model ten umo\u017cliwia bezpo\u015brednie powi\u0105zanie koszt\u00f3w reklamy z osi\u0105ganymi wynikami, takimi jak odwiedziny strony internetowej lub konwersje.<\/p>\n\n<p class=\"wp-block-paragraph\">Aukcja za ka\u017cdym umieszczeniem reklamy na tych platformach okre\u015bla cen\u0119 klikni\u0119cia i umiejscowienie reklam w oparciu o takie czynniki, jak oferta reklamodawcy, trafno\u015b\u0107 tekstu reklamy i jako\u015b\u0107 powi\u0105zanej strony docelowej. Staranna optymalizacja tych element\u00f3w ma kluczowe znaczenie dla maksymalizacji skuteczno\u015bci kampanii i osi\u0105gni\u0119cia wysokiego wsp\u00f3\u0142czynnika klikalno\u015bci (CTR). Optymalizacja ta obejmuje wyb\u00f3r odpowiednich wyszukiwanych hase\u0142, pisanie anga\u017cuj\u0105cych tekst\u00f3w reklam i projektowanie stron docelowych, kt\u00f3re s\u0105 specjalnie zaprojektowane, aby prowadzi\u0107 odwiedzaj\u0105cych do po\u017c\u0105danych dzia\u0142a\u0144.<\/p>\n\n<p class=\"wp-block-paragraph\">Ponadto udzia\u0142 w rynku poszczeg\u00f3lnych wyszukiwarek odgrywa wa\u017cn\u0105 rol\u0119 w planowaniu i kierowaniu kampanii SEA. Podczas gdy Google ma najwi\u0119kszy udzia\u0142 w globalnym rynku, platformy takie jak Bing, Yahoo, Yandex i Baidu mog\u0105 by\u0107 bardziej odpowiednie w niekt\u00f3rych regionach lub grupach docelowych. Dostosowanie strategii SEA do specyfiki i u\u017cytkownik\u00f3w tych wyszukiwarek mo\u017ce pom\u00f3c firmom wykorzysta\u0107 niewykorzystany potencja\u0142 i skutecznie zwi\u0119kszy\u0107 ich widoczno\u015b\u0107 w SERPach.<\/p>\n\n<p class=\"wp-block-paragraph\"><strong>Przed rozpocz\u0119ciem kampanii SEA<\/strong><\/p>\n\n<p class=\"wp-block-paragraph\">Przed rozpocz\u0119ciem kampanii Google SEA wa\u017cne jest, aby okre\u015bli\u0107 jasne cele i zidentyfikowa\u0107 w\u0142a\u015bciwe s\u0142owa kluczowe, kt\u00f3rych grupa docelowa u\u017cywa do zapyta\u0144. Zadaj sobie pytanie: Jakich wynik\u00f3w oczekuj\u0119 od kampanii? Jak zdefiniowa\u0107 sukces? Zrozum swoich docelowych odbiorc\u00f3w i ich intencje wyszukiwania, aby zmaksymalizowa\u0107 trafno\u015b\u0107 i skuteczno\u015b\u0107 swoich kampanii.<\/p>\n\n<p class=\"wp-block-paragraph\"><strong>Znaczenie SEA i SEO<\/strong><\/p>\n\n<p class=\"wp-block-paragraph\">Po\u0142\u0105czona strategia SEA i SEO (optymalizacja pod k\u0105tem wyszukiwarek) jest szczeg\u00f3lnie skuteczna dla firm, poniewa\u017c wzmacnia zar\u00f3wno organiczn\u0105, jak i p\u0142atn\u0105 widoczno\u015b\u0107 w wyszukiwarkach. Podczas gdy SEO ma na celu popraw\u0119 pozycji w naturalnych wynikach wyszukiwania, SEA oferuje mo\u017cliwo\u015b\u0107 natychmiastowej widoczno\u015bci dzi\u0119ki p\u0142atnym reklamom tekstowym. Obie strategie wzajemnie si\u0119 uzupe\u0142niaj\u0105 i przyczyniaj\u0105 si\u0119 do kompleksowego marketingu w wyszukiwarkach.<\/p>\n\n<p class=\"wp-block-paragraph\"><strong>Cele SEA z Google Ads<\/strong><\/p>\n\n<p class=\"wp-block-paragraph\">G\u0142\u00f3wne cele marketingu SEA z Google Ads obejmuj\u0105 zwi\u0119kszenie \u015bwiadomo\u015bci marki, generowanie kwalifikowanego ruchu na stronie internetowej i przekszta\u0142canie potencjalnych klient\u00f3w w klient\u00f3w. SEA mo\u017ce pom\u00f3c zminimalizowa\u0107 marnotrawstwo i efektywnie wykorzysta\u0107 wydatki na reklam\u0119 poprzez ukierunkowane reklamy, kt\u00f3re s\u0105 ukierunkowane na okre\u015blone s\u0142owa kluczowe i intencje u\u017cytkownik\u00f3w.<\/p>\n\n<p class=\"wp-block-paragraph\"><strong>Jak dzia\u0142a reklama w wyszukiwarkach<\/strong><\/p>\n\n<p class=\"wp-block-paragraph\">Reklama w wyszukiwarkach dzia\u0142a w oparciu o proces aukcyjny, w kt\u00f3rym reklamodawcy licytuj\u0105 umieszczenie swoich reklam dla okre\u015blonych s\u0142\u00f3w kluczowych. Wsp\u00f3\u0142czynnik jako\u015bci i CPC (koszt za klikni\u0119cie) s\u0105 decyduj\u0105cymi czynnikami, kt\u00f3re okre\u015blaj\u0105, jak widoczna jest reklama. Wy\u017csza trafno\u015b\u0107 i jako\u015b\u0107 reklam prowadzi do lepszego wsp\u00f3\u0142czynnika jako\u015bci, co z kolei skutkuje ni\u017cszymi kosztami za klikni\u0119cie i lepsz\u0105 pozycj\u0105 reklamy.<\/p>\n\n<p class=\"wp-block-paragraph\"><strong>Zalety SEA<\/strong><\/p>\n\n<p class=\"wp-block-paragraph\">SEA oferuje liczne korzy\u015bci, w tym natychmiastow\u0105 widoczno\u015b\u0107, targetowanie, pe\u0142n\u0105 kontrol\u0119 nad bud\u017cetem oraz mo\u017cliwo\u015b\u0107 pomiaru i optymalizacji wynik\u00f3w w czasie rzeczywistym. Dzi\u0119ki Google Ads i innym platformom reklamowym firmy mog\u0105 precyzyjnie dostosowywa\u0107 swoje komunikaty reklamowe do potrzeb i zapyta\u0144 u\u017cytkownik\u00f3w, aby osi\u0105gn\u0105\u0107 maksymaln\u0105 skuteczno\u015b\u0107.<\/p>\n\n<p class=\"wp-block-paragraph\">DLx-Media.com wykorzystuje zaawansowane strategie i \u015brodki SEA, aby Twoje kampanie odnios\u0142y sukces i osi\u0105gn\u0119\u0142y najlepsze mo\u017cliwe wyniki. Nasi eksperci \u015bci\u015ble z Tob\u0105 wsp\u00f3\u0142pracuj\u0105, aby opracowa\u0107 spersonalizowane kampanie, kt\u00f3re s\u0105 dostosowane do Twoich konkretnych cel\u00f3w biznesowych i potrzeb docelowych odbiorc\u00f3w. Dzi\u0119ki DLx-Media.com mo\u017cesz mie\u0107 pewno\u015b\u0107, \u017ce reklama w wyszukiwarkach doprowadzi Twoj\u0105 firm\u0119 do sukcesu. Mamy bogate do\u015bwiadczenie w opracowywaniu i wdra\u017caniu skutecznych kampanii SEA na r\u00f3\u017cnych platformach i rynkach. Naszym celem jest zmaksymalizowanie widoczno\u015bci Twojej marki, kierowanie wykwalifikowanego ruchu do Twojej witryny i ostatecznie zwi\u0119kszenie konwersji. Dzi\u0119ki dog\u0142\u0119bnemu zrozumieniu mechanizm\u00f3w reklamy w wyszukiwarkach i ci\u0105g\u0142ej optymalizacji Twoich kampanii, zapewniamy, \u017ce Twoje inwestycje reklamowe osi\u0105gaj\u0105 najlepsze mo\u017cliwe wyniki.<\/p>\n","protected":false},"excerpt":{"rendered":"<p>Maksymalny zasi\u0119g, minimalne straty. Reklama w wyszukiwarkach, znana pod akronimem SEA (Search Engine Advertising), jest istotnym elementem marketingu cyfrowego, kt\u00f3ry umo\u017cliwia firmom zwi\u0119kszenie ich widoczno\u015bci w wynikach wyszukiwania w ukierunkowany spos\u00f3b. Umieszczaj\u0105c reklamy na platformach takich jak Google i Bing,<\/p>\n","protected":false},"author":2332,"featured_media":4364,"parent":0,"menu_order":0,"comment_status":"closed","ping_status":"closed","template":"","meta":{"_seopress_robots_primary_cat":"","_seopress_titles_title":"Skuteczne strategie SEA zapewniaj\u0105ce najwy\u017csz\u0105 widoczno\u015b\u0107 %%sitetitle%%","_seopress_titles_desc":"Zwi\u0119ksz widoczno\u015b\u0107 i skuteczno\u015b\u0107 swoich reklam dzi\u0119ki ukierunkowanej SEA. Wi\u0119cej informacji mo\u017cna znale\u017a\u0107 na stronie DLx-Media.com.","_seopress_robots_index":"","_crdt_document":"","_uag_custom_page_level_css":"","spectra_gs_classes":"","footnotes":""},"class_list":["post-4368","page","type-page","status-publish","has-post-thumbnail","hentry"],"spectra_custom_meta":{"_top_nav_excluded":[""],"_cms_nav_minihome":[""],"_thumbnail_id":["4364"],"_wp_page_template":[""],"_wpml_word_count":["{\"total\":695,\"to_translate\":{\"en\":695,\"de\":695}}"],"_last_translation_edit_mode":["translation-editor"],"_seopress_titles_title":["Skuteczne strategie SEA zapewniaj\u0105ce najwy\u017csz\u0105 widoczno\u015b\u0107 %%sitetitle%%"],"_seopress_titles_desc":["Zwi\u0119ksz widoczno\u015b\u0107 i skuteczno\u015b\u0107 swoich reklam dzi\u0119ki ukierunkowanej SEA. Wi\u0119cej informacji mo\u017cna znale\u017a\u0107 na stronie DLx-Media.com."],"_seopress_redirections_logged_status":["oba"],"_seopress_redirections_type":["301"],"_uagb_previous_block_counts":["a:90:{s:21:\"uagb\/advanced-heading\";i:0;s:15:\"uagb\/blockquote\";i:0;s:12:\"uagb\/buttons\";i:0;s:18:\"uagb\/buttons-child\";i:0;s:19:\"uagb\/call-to-action\";i:0;s:15:\"uagb\/cf7-styler\";i:0;s:11:\"uagb\/column\";i:0;s:12:\"uagb\/columns\";i:0;s:14:\"uagb\/container\";i:0;s:21:\"uagb\/content-timeline\";i:0;s:27:\"uagb\/content-timeline-child\";i:0;s:14:\"uagb\/countdown\";i:0;s:12:\"uagb\/counter\";i:0;s:8:\"uagb\/faq\";i:0;s:14:\"uagb\/faq-child\";i:0;s:10:\"uagb\/forms\";i:0;s:17:\"uagb\/forms-accept\";i:0;s:19:\"uagb\/forms-checkbox\";i:0;s:15:\"uagb\/forms-date\";i:0;s:16:\"uagb\/forms-email\";i:0;s:17:\"uagb\/forms-hidden\";i:0;s:15:\"uagb\/forms-name\";i:0;s:16:\"uagb\/forms-phone\";i:0;s:16:\"uagb\/forms-radio\";i:0;s:17:\"uagb\/forms-select\";i:0;s:19:\"uagb\/forms-textarea\";i:0;s:17:\"uagb\/forms-toggle\";i:0;s:14:\"uagb\/forms-url\";i:0;s:14:\"uagb\/gf-styler\";i:0;s:15:\"uagb\/google-map\";i:0;s:11:\"uagb\/how-to\";i:0;s:16:\"uagb\/how-to-step\";i:0;s:9:\"uagb\/icon\";i:0;s:14:\"uagb\/icon-list\";i:0;s:20:\"uagb\/icon-list-child\";i:0;s:10:\"uagb\/image\";i:0;s:18:\"uagb\/image-gallery\";i:0;s:13:\"uagb\/info-box\";i:0;s:18:\"uagb\/inline-notice\";i:0;s:11:\"uagb\/lottie\";i:0;s:21:\"uagb\/marketing-button\";i:0;s:10:\"uagb\/modal\";i:0;s:18:\"uagb\/popup-builder\";i:0;s:16:\"uagb\/post-button\";i:0;s:18:\"uagb\/post-carousel\";i:0;s:17:\"uagb\/post-excerpt\";i:0;s:14:\"uagb\/post-grid\";i:0;s:15:\"uagb\/post-image\";i:0;s:17:\"uagb\/post-masonry\";i:0;s:14:\"uagb\/post-meta\";i:0;s:18:\"uagb\/post-taxonomy\";i:0;s:18:\"uagb\/post-timeline\";i:0;s:15:\"uagb\/post-title\";i:0;s:20:\"uagb\/restaurant-menu\";i:0;s:26:\"uagb\/restaurant-menu-child\";i:0;s:11:\"uagb\/review\";i:0;s:12:\"uagb\/section\";i:0;s:14:\"uagb\/separator\";i:0;s:11:\"uagb\/slider\";i:0;s:17:\"uagb\/slider-child\";i:0;s:17:\"uagb\/social-share\";i:0;s:23:\"uagb\/social-share-child\";i:0;s:16:\"uagb\/star-rating\";i:0;s:23:\"uagb\/sure-cart-checkout\";i:0;s:22:\"uagb\/sure-cart-product\";i:0;s:15:\"uagb\/sure-forms\";i:0;s:22:\"uagb\/table-of-contents\";i:0;s:9:\"uagb\/tabs\";i:0;s:15:\"uagb\/tabs-child\";i:0;s:18:\"uagb\/taxonomy-list\";i:0;s:9:\"uagb\/team\";i:0;s:16:\"uagb\/testimonial\";i:0;s:14:\"uagb\/wp-search\";i:0;s:19:\"uagb\/instagram-feed\";i:0;s:10:\"uagb\/login\";i:0;s:17:\"uagb\/loop-builder\";i:0;s:18:\"uagb\/loop-category\";i:0;s:20:\"uagb\/loop-pagination\";i:0;s:15:\"uagb\/loop-reset\";i:0;s:16:\"uagb\/loop-search\";i:0;s:14:\"uagb\/loop-sort\";i:0;s:17:\"uagb\/loop-wrapper\";i:0;s:13:\"uagb\/register\";i:0;s:19:\"uagb\/register-email\";i:0;s:24:\"uagb\/register-first-name\";i:0;s:23:\"uagb\/register-last-name\";i:0;s:22:\"uagb\/register-password\";i:0;s:30:\"uagb\/register-reenter-password\";i:0;s:19:\"uagb\/register-terms\";i:0;s:22:\"uagb\/register-username\";i:0;}"],"_uag_page_assets":["a:9:{s:3:\"css\";s:263:\".uag-blocks-common-selector{z-index:var(--z-index-desktop) !important}@media (max-width: 976px){.uag-blocks-common-selector{z-index:var(--z-index-tablet) !important}}@media (max-width: 767px){.uag-blocks-common-selector{z-index:var(--z-index-mobile) !important}}\n\";s:2:\"js\";s:0:\"\";s:18:\"current_block_list\";a:3:{i:0;s:12:\"core\/heading\";i:1;s:14:\"core\/paragraph\";i:2;s:10:\"core\/image\";}s:8:\"uag_flag\";b:0;s:11:\"uag_version\";s:10:\"1774890645\";s:6:\"gfonts\";a:0:{}s:10:\"gfonts_url\";s:0:\"\";s:12:\"gfonts_files\";a:0:{}s:14:\"uag_faq_layout\";b:0;}"],"_uag_css_file_name":["uag-css-4368.css"]},"uagb_featured_image_src":{"full":["https:\/\/dlx-media.com\/wp-content\/uploads\/Suchmaschinenwerbung.jpeg",1792,1024,false],"thumbnail":["https:\/\/dlx-media.com\/wp-content\/uploads\/Suchmaschinenwerbung-250x250.jpeg",250,250,true],"medium":["https:\/\/dlx-media.com\/wp-content\/uploads\/Suchmaschinenwerbung-350x200.jpeg",350,200,true],"medium_large":["https:\/\/dlx-media.com\/wp-content\/uploads\/Suchmaschinenwerbung-768x439.jpeg",768,439,true],"large":["https:\/\/dlx-media.com\/wp-content\/uploads\/Suchmaschinenwerbung-1024x585.jpeg",1024,585,true],"1536x1536":["https:\/\/dlx-media.com\/wp-content\/uploads\/Suchmaschinenwerbung-1536x878.jpeg",1536,878,true],"2048x2048":["https:\/\/dlx-media.com\/wp-content\/uploads\/Suchmaschinenwerbung.jpeg",1792,1024,false],"suffice-thumbnail-grid":["https:\/\/dlx-media.com\/wp-content\/uploads\/Suchmaschinenwerbung-750x420.jpeg",750,420,true],"suffice-thumbnail-featured-one":["https:\/\/dlx-media.com\/wp-content\/uploads\/Suchmaschinenwerbung-295x525.jpeg",295,525,true],"suffice-thumbnail-featured-two":["https:\/\/dlx-media.com\/wp-content\/uploads\/Suchmaschinenwerbung-1140x504.jpeg",1140,504,true],"suffice-thumbnail-portfolio":["https:\/\/dlx-media.com\/wp-content\/uploads\/Suchmaschinenwerbung-572x552.jpeg",572,552,true],"suffice-thumbnail-portfolio-masonry":["https:\/\/dlx-media.com\/wp-content\/uploads\/Suchmaschinenwerbung-572x652.jpeg",572,652,true]},"uagb_author_info":{"display_name":"DLxMedia","author_link":"https:\/\/dlx-media.com\/pl"},"uagb_comment_info":0,"uagb_excerpt":"Maksymalny zasi\u0119g, minimalne straty. Reklama w wyszukiwarkach, znana pod akronimem SEA (Search Engine Advertising), jest istotnym elementem marketingu cyfrowego, kt\u00f3ry umo\u017cliwia firmom zwi\u0119kszenie ich widoczno\u015bci w wynikach wyszukiwania w ukierunkowany spos\u00f3b. Umieszczaj\u0105c reklamy na platformach takich jak Google i Bing,","_links":{"self":[{"href":"https:\/\/dlx-media.com\/pl\/wp-json\/wp\/v2\/pages\/4368","targetHints":{"allow":["GET"]}}],"collection":[{"href":"https:\/\/dlx-media.com\/pl\/wp-json\/wp\/v2\/pages"}],"about":[{"href":"https:\/\/dlx-media.com\/pl\/wp-json\/wp\/v2\/types\/page"}],"author":[{"embeddable":true,"href":"https:\/\/dlx-media.com\/pl\/wp-json\/wp\/v2\/users\/2332"}],"replies":[{"embeddable":true,"href":"https:\/\/dlx-media.com\/pl\/wp-json\/wp\/v2\/comments?post=4368"}],"version-history":[{"count":2,"href":"https:\/\/dlx-media.com\/pl\/wp-json\/wp\/v2\/pages\/4368\/revisions"}],"predecessor-version":[{"id":5311,"href":"https:\/\/dlx-media.com\/pl\/wp-json\/wp\/v2\/pages\/4368\/revisions\/5311"}],"wp:featuredmedia":[{"embeddable":true,"href":"https:\/\/dlx-media.com\/pl\/wp-json\/wp\/v2\/media\/4364"}],"wp:attachment":[{"href":"https:\/\/dlx-media.com\/pl\/wp-json\/wp\/v2\/media?parent=4368"}],"curies":[{"name":"wp","href":"https:\/\/api.w.org\/{rel}","templated":true}]}}